{"id":71910,"date":"2025-11-12T00:37:18","date_gmt":"2025-11-11T21:37:18","guid":{"rendered":"https:\/\/enderg.com\/?post_type=product&#038;p=71910"},"modified":"2026-02-22T16:43:42","modified_gmt":"2026-02-22T13:43:42","slug":"chat-gpt-plus","status":"publish","type":"product","link":"https:\/\/enderg.com\/pt\/product\/chat-gpt-plus\/","title":{"rendered":"Chat GPT Plus"},"content":{"rendered":"<div data-elementor-type=\"wp-post\" data-elementor-id=\"71910\" class=\"elementor elementor-71910\" data-elementor-post-type=\"product\">\n\t\t\t\t\t\t<section class=\"elementor-section elementor-top-section elementor-element elementor-element-ffe5f81 elementor-section-boxed elementor-section-height-default elementor-section-height-default\" data-id=\"ffe5f81\" data-element_type=\"section\" data-e-type=\"section\">\n\t\t\t\t\t\t<div class=\"elementor-container elementor-column-gap-default\">\n\t\t\t\t\t<div class=\"elementor-column elementor-col-100 elementor-top-column elementor-element elementor-element-0410111\" data-id=\"0410111\" data-element_type=\"column\" data-e-type=\"column\">\n\t\t\t<div class=\"elementor-widget-wrap elementor-element-populated\">\n\t\t\t\t\t\t<div class=\"elementor-element elementor-element-9da9009 elementor-widget elementor-widget-text-editor\" data-id=\"9da9009\" data-element_type=\"widget\" data-e-type=\"widget\" data-widget_type=\"text-editor.default\">\n\t\t\t\t<div class=\"elementor-widget-container\">\n\t\t\t\t\t\t\t\t\t<h3 data-start=\"188\" data-end=\"232\">Chat GPT Plus\u00a0<\/h3><p data-start=\"234\" data-end=\"515\"><strong data-start=\"234\" data-end=\"322\">Experimente todo o poder da IA com o Chat GPT Plus \u2014 desenvolvido com o modelo GPT-5 da OpenAI.<\/strong><\/p><p data-start=\"234\" data-end=\"515\">Este plano Chat GPT Plus oferece tempos de resposta mais r\u00e1pidos, acesso priorit\u00e1rio em hor\u00e1rios de pico e maior precis\u00e3o em todos os t\u00f3picos \u2014 perfeito para estudantes, profissionais, criadores e empresas.<\/p>\t\t\t\t\t\t\t\t<\/div>\n\t\t\t\t<\/div>\n\t\t\t\t\t<\/div>\n\t\t<\/div>\n\t\t\t\t\t<\/div>\n\t\t<\/section>\n\t\t\t\t<section class=\"elementor-section elementor-top-section elementor-element elementor-element-4d10f3b2 elementor-section-boxed elementor-section-height-default elementor-section-height-default\" data-id=\"4d10f3b2\" data-element_type=\"section\" data-e-type=\"section\">\n\t\t\t\t\t\t<div class=\"elementor-container elementor-column-gap-default\">\n\t\t\t\t\t<div class=\"elementor-column elementor-col-100 elementor-top-column elementor-element elementor-element-38abf62a\" data-id=\"38abf62a\" data-element_type=\"column\" data-e-type=\"column\">\n\t\t\t<div class=\"elementor-widget-wrap elementor-element-populated\">\n\t\t\t\t\t\t<div class=\"elementor-element elementor-element-41a6e8f elementor-widget elementor-widget-accordion\" data-id=\"41a6e8f\" data-element_type=\"widget\" data-e-type=\"widget\" data-widget_type=\"accordion.default\">\n\t\t\t\t<div class=\"elementor-widget-container\">\n\t\t\t\t\t\t\t<div class=\"elementor-accordion\">\n\t\t\t\t\t\t\t<div class=\"elementor-accordion-item\">\n\t\t\t\t\t<h4 id=\"elementor-tab-title-6881\" class=\"elementor-tab-title\" data-tab=\"1\" role=\"button\" aria-controls=\"elementor-tab-content-6881\" aria-expanded=\"false\">\n\t\t\t\t\t\t\t\t\t\t\t\t\t<span class=\"elementor-accordion-icon elementor-accordion-icon-left\" aria-hidden=\"true\">\n\t\t\t\t\t\t\t\t\t\t\t\t\t\t\t<span class=\"elementor-accordion-icon-closed\"><i class=\"fas fa-clipboard-list\"><\/i><\/span>\n\t\t\t\t\t\t\t\t<span class=\"elementor-accordion-icon-opened\"><i class=\"fas fa-clipboard-check\"><\/i><\/span>\n\t\t\t\t\t\t\t\t\t\t\t\t\t\t<\/span>\n\t\t\t\t\t\t\t\t\t\t\t\t<a class=\"elementor-accordion-title\" tabindex=\"0\">Instru\u00e7\u00f5es<\/a>\n\t\t\t\t\t<\/h4>\n\t\t\t\t\t<div id=\"elementor-tab-content-6881\" class=\"elementor-tab-content elementor-clearfix\" data-tab=\"1\" role=\"region\" aria-labelledby=\"elementor-tab-title-6881\"><p>Basta fazer seu pedido com o endere\u00e7o de e-mail ao qual deseja adicionar a assinatura.<\/p><p>Usaremos o endere\u00e7o de e-mail que voc\u00ea informou durante a finaliza\u00e7\u00e3o da compra para adicionar a assinatura.<\/p><\/div>\n\t\t\t\t<\/div>\n\t\t\t\t\t\t\t\t<\/div>\n\t\t\t\t\t\t<\/div>\n\t\t\t\t<\/div>\n\t\t\t\t\t<\/div>\n\t\t<\/div>\n\t\t\t\t\t<\/div>\n\t\t<\/section>\n\t\t\t\t<section class=\"elementor-section elementor-top-section elementor-element elementor-element-2a5487b elementor-section-boxed elementor-section-height-default elementor-section-height-default\" data-id=\"2a5487b\" data-element_type=\"section\" data-e-type=\"section\">\n\t\t\t\t\t\t<div class=\"elementor-container elementor-column-gap-default\">\n\t\t\t\t\t<div class=\"elementor-column elementor-col-100 elementor-top-column elementor-element elementor-element-b61c2a5\" data-id=\"b61c2a5\" data-element_type=\"column\" data-e-type=\"column\">\n\t\t\t<div class=\"elementor-widget-wrap elementor-element-populated\">\n\t\t\t\t\t\t<div class=\"elementor-element elementor-element-a9a4b6c elementor-widget elementor-widget-text-editor\" data-id=\"a9a4b6c\" data-element_type=\"widget\" data-e-type=\"widget\" data-widget_type=\"text-editor.default\">\n\t\t\t\t<div class=\"elementor-widget-container\">\n\t\t\t\t\t\t\t\t\t<h4 data-start=\"517\" data-end=\"534\">\ud83d\udd39 Caracter\u00edsticas:<\/h4><ul data-start=\"535\" data-end=\"793\"><li data-start=\"535\" data-end=\"596\"><p data-start=\"537\" data-end=\"596\">Acesso a <strong data-start=\"547\" data-end=\"556\">GPT-5<\/strong>, a vers\u00e3o mais avan\u00e7ada do ChatGPT<\/p><\/li><li data-start=\"597\" data-end=\"658\"><p data-start=\"599\" data-end=\"658\"><strong data-start=\"599\" data-end=\"625\">Acesso priorit\u00e1rio ao servidor<\/strong> mesmo durante os hor\u00e1rios de pico<\/p><\/li><li data-start=\"659\" data-end=\"731\"><p data-start=\"661\" data-end=\"731\"><strong data-start=\"661\" data-end=\"703\">Desempenho mais r\u00e1pido e consistente<\/strong> em compara\u00e7\u00e3o com o n\u00edvel gratuito<\/p><\/li><\/ul><h4 data-start=\"795\" data-end=\"813\">\ud83d\udcbc Ideal para:<\/h4><p data-start=\"814\" data-end=\"965\">Escritores, profissionais de marketing, desenvolvedores, estudantes, investidores e qualquer pessoa que deseje respostas de alta qualidade, ajuda com programa\u00e7\u00e3o, cria\u00e7\u00e3o de conte\u00fado e assist\u00eancia em pesquisa.<\/p>\t\t\t\t\t\t\t\t<\/div>\n\t\t\t\t<\/div>\n\t\t\t\t\t<\/div>\n\t\t<\/div>\n\t\t\t\t\t<\/div>\n\t\t<\/section>\n\t\t\t\t<\/div>","protected":false},"excerpt":{"rendered":"<div aria-hidden=\"true\"><img decoding=\"async\" class=\"alignleft wp-image-7325 lazyload\" data-src=\"https:\/\/enderg.com\/wp-content\/uploads\/2023\/04\/tick-wd-300x300.png\" alt=\"\" width=\"25\" height=\"25\" data-srcset=\"https:\/\/i0.wp.com\/enderg.com\/wp-content\/uploads\/2023\/04\/tick-wd.png?resize=300%2C300&amp;ssl=1 300w, https:\/\/i0.wp.com\/enderg.com\/wp-content\/uploads\/2023\/04\/tick-wd.png?resize=150%2C150&amp;ssl=1 150w, https:\/\/i0.wp.com\/enderg.com\/wp-content\/uploads\/2023\/04\/tick-wd.png?resize=12%2C12&amp;ssl=1 12w, https:\/\/i0.wp.com\/enderg.com\/wp-content\/uploads\/2023\/04\/tick-wd.png?resize=400%2C400&amp;ssl=1 400w, https:\/\/i0.wp.com\/enderg.com\/wp-content\/uploads\/2023\/04\/tick-wd.png?resize=200%2C200&amp;ssl=1 200w, https:\/\/i0.wp.com\/enderg.com\/wp-content\/uploads\/2023\/04\/tick-wd.png?resize=416%2C416&amp;ssl=1 416w, https:\/\/i0.wp.com\/enderg.com\/wp-content\/uploads\/2023\/04\/tick-wd.png?resize=100%2C100&amp;ssl=1 100w, https:\/\/i0.wp.com\/enderg.com\/wp-content\/uploads\/2023\/04\/tick-wd.png?resize=50%2C50&amp;ssl=1 50w, https:\/\/i0.wp.com\/enderg.com\/wp-content\/uploads\/2023\/04\/tick-wd.png?w=512&amp;ssl=1 512w\" data-sizes=\"(max-width: 25px) 100vw, 25px\" src=\"data:image\/svg+xml;base64,PHN2ZyB3aWR0aD0iMSIgaGVpZ2h0PSIxIiB4bWxucz0iaHR0cDovL3d3dy53My5vcmcvMjAwMC9zdmciPjwvc3ZnPg==\" style=\"--smush-placeholder-width: 25px; --smush-placeholder-aspect-ratio: 25\/25;\" \/><\/div>\n<div aria-hidden=\"true\">\n<div class=\"sc-iqAclL gFwbga\" aria-hidden=\"true\">Funciona globalmente, sem restri\u00e7\u00f5es a nenhum pa\u00eds ou regi\u00e3o do mundo!<\/div>\n<\/div>\n<div aria-hidden=\"true\"><\/div>\n<div aria-hidden=\"true\">\n<div class=\"sc-iqAclL gFwbga\" aria-hidden=\"true\"><img decoding=\"async\" class=\"alignleft wp-image-7325 lazyload\" data-src=\"https:\/\/enderg.com\/wp-content\/uploads\/2023\/04\/tick-wd-300x300.png\" alt=\"\" width=\"25\" height=\"25\" data-srcset=\"https:\/\/i0.wp.com\/enderg.com\/wp-content\/uploads\/2023\/04\/tick-wd.png?resize=300%2C300&amp;ssl=1 300w, https:\/\/i0.wp.com\/enderg.com\/wp-content\/uploads\/2023\/04\/tick-wd.png?resize=150%2C150&amp;ssl=1 150w, https:\/\/i0.wp.com\/enderg.com\/wp-content\/uploads\/2023\/04\/tick-wd.png?resize=12%2C12&amp;ssl=1 12w, https:\/\/i0.wp.com\/enderg.com\/wp-content\/uploads\/2023\/04\/tick-wd.png?resize=400%2C400&amp;ssl=1 400w, https:\/\/i0.wp.com\/enderg.com\/wp-content\/uploads\/2023\/04\/tick-wd.png?resize=200%2C200&amp;ssl=1 200w, https:\/\/i0.wp.com\/enderg.com\/wp-content\/uploads\/2023\/04\/tick-wd.png?resize=416%2C416&amp;ssl=1 416w, https:\/\/i0.wp.com\/enderg.com\/wp-content\/uploads\/2023\/04\/tick-wd.png?resize=100%2C100&amp;ssl=1 100w, https:\/\/i0.wp.com\/enderg.com\/wp-content\/uploads\/2023\/04\/tick-wd.png?resize=50%2C50&amp;ssl=1 50w, https:\/\/i0.wp.com\/enderg.com\/wp-content\/uploads\/2023\/04\/tick-wd.png?w=512&amp;ssl=1 512w\" data-sizes=\"(max-width: 25px) 100vw, 25px\" src=\"data:image\/svg+xml;base64,PHN2ZyB3aWR0aD0iMSIgaGVpZ2h0PSIxIiB4bWxucz0iaHR0cDovL3d3dy53My5vcmcvMjAwMC9zdmciPjwvc3ZnPg==\" style=\"--smush-placeholder-width: 25px; --smush-placeholder-aspect-ratio: 25\/25;\" \/><\/div>\n<div class=\"sc-iqAclL gFwbga\" aria-hidden=\"true\">Vai ser &#039;\u2018<strong>Adicionado<\/strong>&#039; para o seu &#039;<strong>Pessoal<\/strong>\u2018&#039; conta.<\/div>\n<\/div>","protected":false},"featured_media":71915,"comment_status":"closed","ping_status":"closed","template":"","meta":{"_crdt_document":"","jetpack_post_was_ever_published":true,"jetpack_publicize_message":"","jetpack_publicize_feature_enabled":true,"jetpack_social_post_already_shared":true,"jetpack_social_options":{"image_generator_settings":{"template":"highway","default_image_id":0,"font":"","enabled":false},"version":2},"_wpas_customize_per_network":false},"product_brand":[],"product_cat":[],"product_tag":[],"class_list":{"0":"post-71910","1":"product","2":"type-product","3":"status-publish","4":"has-post-thumbnail","7":"first","8":"instock","9":"sale","10":"taxable","11":"shipping-taxable","12":"purchasable","13":"product-type-variable","14":"has-default-attributes"},"yoast_head":"<!-- This site is optimized with the Yoast SEO Premium plugin v27.3 (Yoast SEO v27.3) - https:\/\/yoast.com\/product\/yoast-seo-premium-wordpress\/ -->\n<title>Chat GPT Plus - EnderG<\/title>\n<meta name=\"robots\" content=\"index, follow, max-snippet:-1, max-image-preview:large, max-video-preview:-1\" \/>\n<link rel=\"canonical\" href=\"https:\/\/enderg.com\/pt\/product\/chat-gpt-plus\/\" \/>\n<meta property=\"og:locale\" content=\"pt_PT\" \/>\n<meta property=\"og:type\" content=\"article\" \/>\n<meta property=\"og:title\" content=\"Chat GPT Plus\" \/>\n<meta property=\"og:description\" content=\"Works Globally, with no restrictions to any country or region in the world!     Will be &#039;Added&#039; to your &#039;Personal&#039; account.\" \/>\n<meta property=\"og:url\" content=\"https:\/\/enderg.com\/pt\/product\/chat-gpt-plus\/\" \/>\n<meta property=\"og:site_name\" content=\"EnderG\" \/>\n<meta property=\"article:publisher\" content=\"https:\/\/www.facebook.com\/Endergg1\/\" \/>\n<meta property=\"article:modified_time\" content=\"2026-02-22T13:43:42+00:00\" \/>\n<meta property=\"og:image\" content=\"https:\/\/enderg.com\/wp-content\/uploads\/2025\/11\/Buy-chat-gpt-plus-1.webp\" \/>\n\t<meta property=\"og:image:width\" content=\"500\" \/>\n\t<meta property=\"og:image:height\" content=\"500\" \/>\n\t<meta property=\"og:image:type\" content=\"image\/webp\" \/>\n<meta name=\"twitter:card\" content=\"summary_large_image\" \/>\n<meta name=\"twitter:label1\" content=\"Tempo estimado de leitura\" \/>\n\t<meta name=\"twitter:data1\" content=\"1 minuto\" \/>\n<script type=\"application\/ld+json\" class=\"yoast-schema-graph\">{\"@context\":\"https:\\\/\\\/schema.org\",\"@graph\":[{\"@type\":\"WebPage\",\"@id\":\"https:\\\/\\\/enderg.com\\\/product\\\/chat-gpt-plus\\\/\",\"url\":\"https:\\\/\\\/enderg.com\\\/product\\\/chat-gpt-plus\\\/\",\"name\":\"Chat GPT Plus - EnderG\",\"isPartOf\":{\"@id\":\"https:\\\/\\\/enderg.com\\\/#website\"},\"primaryImageOfPage\":{\"@id\":\"https:\\\/\\\/enderg.com\\\/product\\\/chat-gpt-plus\\\/#primaryimage\"},\"image\":{\"@id\":\"https:\\\/\\\/enderg.com\\\/product\\\/chat-gpt-plus\\\/#primaryimage\"},\"thumbnailUrl\":\"https:\\\/\\\/i0.wp.com\\\/enderg.com\\\/wp-content\\\/uploads\\\/2025\\\/11\\\/Buy-chat-gpt-plus-1.webp?fit=500%2C500&ssl=1\",\"datePublished\":\"2025-11-11T21:37:18+00:00\",\"dateModified\":\"2026-02-22T13:43:42+00:00\",\"breadcrumb\":{\"@id\":\"https:\\\/\\\/enderg.com\\\/product\\\/chat-gpt-plus\\\/#breadcrumb\"},\"inLanguage\":\"pt-PT\",\"potentialAction\":[{\"@type\":\"ReadAction\",\"target\":[\"https:\\\/\\\/enderg.com\\\/product\\\/chat-gpt-plus\\\/\"]}]},{\"@type\":\"ImageObject\",\"inLanguage\":\"pt-PT\",\"@id\":\"https:\\\/\\\/enderg.com\\\/product\\\/chat-gpt-plus\\\/#primaryimage\",\"url\":\"https:\\\/\\\/i0.wp.com\\\/enderg.com\\\/wp-content\\\/uploads\\\/2025\\\/11\\\/Buy-chat-gpt-plus-1.webp?fit=500%2C500&ssl=1\",\"contentUrl\":\"https:\\\/\\\/i0.wp.com\\\/enderg.com\\\/wp-content\\\/uploads\\\/2025\\\/11\\\/Buy-chat-gpt-plus-1.webp?fit=500%2C500&ssl=1\",\"width\":500,\"height\":500,\"caption\":\"Buy chat gpt plus cheap\"},{\"@type\":\"BreadcrumbList\",\"@id\":\"https:\\\/\\\/enderg.com\\\/product\\\/chat-gpt-plus\\\/#breadcrumb\",\"itemListElement\":[{\"@type\":\"ListItem\",\"position\":1,\"name\":\"Home\",\"item\":\"https:\\\/\\\/enderg.com\\\/\"},{\"@type\":\"ListItem\",\"position\":2,\"name\":\"Shop\",\"item\":\"https:\\\/\\\/enderg.com\\\/shop\\\/\"},{\"@type\":\"ListItem\",\"position\":3,\"name\":\"Chat GPT Plus\"}]},{\"@type\":\"WebSite\",\"@id\":\"https:\\\/\\\/enderg.com\\\/#website\",\"url\":\"https:\\\/\\\/enderg.com\\\/\",\"name\":\"EnderG\",\"description\":\"Cheaper Is What We Do!\",\"publisher\":{\"@id\":\"https:\\\/\\\/enderg.com\\\/#organization\"},\"potentialAction\":[{\"@type\":\"SearchAction\",\"target\":{\"@type\":\"EntryPoint\",\"urlTemplate\":\"https:\\\/\\\/enderg.com\\\/?s={search_term_string}\"},\"query-input\":{\"@type\":\"PropertyValueSpecification\",\"valueRequired\":true,\"valueName\":\"search_term_string\"}}],\"inLanguage\":\"pt-PT\"},{\"@type\":\"Organization\",\"@id\":\"https:\\\/\\\/enderg.com\\\/#organization\",\"name\":\"EnderG\",\"url\":\"https:\\\/\\\/enderg.com\\\/\",\"logo\":{\"@type\":\"ImageObject\",\"inLanguage\":\"pt-PT\",\"@id\":\"https:\\\/\\\/enderg.com\\\/#\\\/schema\\\/logo\\\/image\\\/\",\"url\":\"https:\\\/\\\/enderg.com\\\/wp-content\\\/uploads\\\/2023\\\/03\\\/222222222221.png\",\"contentUrl\":\"https:\\\/\\\/enderg.com\\\/wp-content\\\/uploads\\\/2023\\\/03\\\/222222222221.png\",\"width\":512,\"height\":512,\"caption\":\"EnderG\"},\"image\":{\"@id\":\"https:\\\/\\\/enderg.com\\\/#\\\/schema\\\/logo\\\/image\\\/\"},\"sameAs\":[\"https:\\\/\\\/www.facebook.com\\\/Endergg1\\\/\",\"https:\\\/\\\/www.instagram.com\\\/enderg01\",\"https:\\\/\\\/www.youtube.com\\\/@enderg-com\"],\"description\":\"Cheaper Gaming is what we do!\",\"legalName\":\"Vandar Limited\",\"foundingDate\":\"2022-06-21\"}]}<\/script>\n<!-- \/ Yoast SEO Premium plugin. -->","yoast_head_json":{"title":"Chat GPT Plus - EnderG","robots":{"index":"index","follow":"follow","max-snippet":"max-snippet:-1","max-image-preview":"max-image-preview:large","max-video-preview":"max-video-preview:-1"},"canonical":"https:\/\/enderg.com\/pt\/product\/chat-gpt-plus\/","og_locale":"pt_PT","og_type":"article","og_title":"Chat GPT Plus","og_description":"Works Globally, with no restrictions to any country or region in the world!     Will be 'Added' to your 'Personal' account.","og_url":"https:\/\/enderg.com\/pt\/product\/chat-gpt-plus\/","og_site_name":"EnderG","article_publisher":"https:\/\/www.facebook.com\/Endergg1\/","article_modified_time":"2026-02-22T13:43:42+00:00","og_image":[{"width":500,"height":500,"url":"https:\/\/enderg.com\/wp-content\/uploads\/2025\/11\/Buy-chat-gpt-plus-1.webp","type":"image\/webp"}],"twitter_card":"summary_large_image","twitter_misc":{"Tempo estimado de leitura":"1 minuto"},"schema":{"@context":"https:\/\/schema.org","@graph":[{"@type":"WebPage","@id":"https:\/\/enderg.com\/product\/chat-gpt-plus\/","url":"https:\/\/enderg.com\/product\/chat-gpt-plus\/","name":"Chat GPT Plus - EnderG","isPartOf":{"@id":"https:\/\/enderg.com\/#website"},"primaryImageOfPage":{"@id":"https:\/\/enderg.com\/product\/chat-gpt-plus\/#primaryimage"},"image":{"@id":"https:\/\/enderg.com\/product\/chat-gpt-plus\/#primaryimage"},"thumbnailUrl":"https:\/\/i0.wp.com\/enderg.com\/wp-content\/uploads\/2025\/11\/Buy-chat-gpt-plus-1.webp?fit=500%2C500&ssl=1","datePublished":"2025-11-11T21:37:18+00:00","dateModified":"2026-02-22T13:43:42+00:00","breadcrumb":{"@id":"https:\/\/enderg.com\/product\/chat-gpt-plus\/#breadcrumb"},"inLanguage":"pt-PT","potentialAction":[{"@type":"ReadAction","target":["https:\/\/enderg.com\/product\/chat-gpt-plus\/"]}]},{"@type":"ImageObject","inLanguage":"pt-PT","@id":"https:\/\/enderg.com\/product\/chat-gpt-plus\/#primaryimage","url":"https:\/\/i0.wp.com\/enderg.com\/wp-content\/uploads\/2025\/11\/Buy-chat-gpt-plus-1.webp?fit=500%2C500&ssl=1","contentUrl":"https:\/\/i0.wp.com\/enderg.com\/wp-content\/uploads\/2025\/11\/Buy-chat-gpt-plus-1.webp?fit=500%2C500&ssl=1","width":500,"height":500,"caption":"Buy chat gpt plus cheap"},{"@type":"BreadcrumbList","@id":"https:\/\/enderg.com\/product\/chat-gpt-plus\/#breadcrumb","itemListElement":[{"@type":"ListItem","position":1,"name":"Home","item":"https:\/\/enderg.com\/"},{"@type":"ListItem","position":2,"name":"Shop","item":"https:\/\/enderg.com\/shop\/"},{"@type":"ListItem","position":3,"name":"Chat GPT Plus"}]},{"@type":"WebSite","@id":"https:\/\/enderg.com\/#website","url":"https:\/\/enderg.com\/","name":"EnderG","description":"Mais barato \u00e9 o que fazemos!","publisher":{"@id":"https:\/\/enderg.com\/#organization"},"potentialAction":[{"@type":"SearchAction","target":{"@type":"EntryPoint","urlTemplate":"https:\/\/enderg.com\/?s={search_term_string}"},"query-input":{"@type":"PropertyValueSpecification","valueRequired":true,"valueName":"search_term_string"}}],"inLanguage":"pt-PT"},{"@type":"Organization","@id":"https:\/\/enderg.com\/#organization","name":"EnderG","url":"https:\/\/enderg.com\/","logo":{"@type":"ImageObject","inLanguage":"pt-PT","@id":"https:\/\/enderg.com\/#\/schema\/logo\/image\/","url":"https:\/\/enderg.com\/wp-content\/uploads\/2023\/03\/222222222221.png","contentUrl":"https:\/\/enderg.com\/wp-content\/uploads\/2023\/03\/222222222221.png","width":512,"height":512,"caption":"EnderG"},"image":{"@id":"https:\/\/enderg.com\/#\/schema\/logo\/image\/"},"sameAs":["https:\/\/www.facebook.com\/Endergg1\/","https:\/\/www.instagram.com\/enderg01","https:\/\/www.youtube.com\/@enderg-com"],"description":"Jogos mais baratos \u00e9 o que fazemos!","legalName":"Vandar Limited","foundingDate":"2022-06-21"}]}},"jetpack_publicize_connections":[],"jetpack_likes_enabled":true,"jetpack_sharing_enabled":true,"jetpack-related-posts":[{"id":7427,"url":"https:\/\/enderg.com\/pt\/product\/god-of-war-ragnarok\/","url_meta":{"origin":71910,"position":0},"title":"God of War Ragnar\u00f6k","author":"nazhad722","date":"09\/04\/2023","format":false,"excerpt":"Fast Delivery Delivery can take 5 to 20 minutes, according to your place in our queue Your Order will be \u2018Auto Refunded\u2019 in case it does not get delivered after 12 hours!","rel":"","context":"With 1 comment","block_context":{"text":"With 1 comment","link":"https:\/\/enderg.com\/pt\/product\/god-of-war-ragnarok\/#comments"},"img":{"alt_text":"","src":"https:\/\/i0.wp.com\/enderg.com\/wp-content\/uploads\/2023\/04\/4xJ8XB3bi888QTLZYdl7Oi0s.jpg?fit=1024%2C1024&ssl=1&resize=350%2C200","width":350,"height":200,"srcset":"https:\/\/i0.wp.com\/enderg.com\/wp-content\/uploads\/2023\/04\/4xJ8XB3bi888QTLZYdl7Oi0s.jpg?fit=1024%2C1024&ssl=1&resize=350%2C200 1x, https:\/\/i0.wp.com\/enderg.com\/wp-content\/uploads\/2023\/04\/4xJ8XB3bi888QTLZYdl7Oi0s.jpg?fit=1024%2C1024&ssl=1&resize=525%2C300 1.5x, https:\/\/i0.wp.com\/enderg.com\/wp-content\/uploads\/2023\/04\/4xJ8XB3bi888QTLZYdl7Oi0s.jpg?fit=1024%2C1024&ssl=1&resize=700%2C400 2x"},"classes":[]}],"_links":{"self":[{"href":"https:\/\/enderg.com\/pt\/wp-json\/wp\/v2\/product\/71910","targetHints":{"allow":["GET"]}}],"collection":[{"href":"https:\/\/enderg.com\/pt\/wp-json\/wp\/v2\/product"}],"about":[{"href":"https:\/\/enderg.com\/pt\/wp-json\/wp\/v2\/types\/product"}],"replies":[{"embeddable":true,"href":"https:\/\/enderg.com\/pt\/wp-json\/wp\/v2\/comments?post=71910"}],"version-history":[{"count":18,"href":"https:\/\/enderg.com\/pt\/wp-json\/wp\/v2\/product\/71910\/revisions"}],"predecessor-version":[{"id":71935,"href":"https:\/\/enderg.com\/pt\/wp-json\/wp\/v2\/product\/71910\/revisions\/71935"}],"wp:featuredmedia":[{"embeddable":true,"href":"https:\/\/enderg.com\/pt\/wp-json\/wp\/v2\/media\/71915"}],"wp:attachment":[{"href":"https:\/\/enderg.com\/pt\/wp-json\/wp\/v2\/media?parent=71910"}],"wp:term":[{"taxonomy":"product_brand","embeddable":true,"href":"https:\/\/enderg.com\/pt\/wp-json\/wp\/v2\/product_brand?post=71910"},{"taxonomy":"product_cat","embeddable":true,"href":"https:\/\/enderg.com\/pt\/wp-json\/wp\/v2\/product_cat?post=71910"},{"taxonomy":"product_tag","embeddable":true,"href":"https:\/\/enderg.com\/pt\/wp-json\/wp\/v2\/product_tag?post=71910"}],"curies":[{"name":"wp","href":"https:\/\/api.w.org\/{rel}","templated":true}]}}