{"id":670,"date":"2023-09-08T17:08:53","date_gmt":"2023-09-08T14:08:53","guid":{"rendered":"https:\/\/enderg.com\/product\/starship-troopers-terran-command\/"},"modified":"2024-06-26T01:32:38","modified_gmt":"2024-06-25T22:32:38","slug":"starship-troopers-terran-command","status":"publish","type":"product","link":"https:\/\/enderg.com\/pt\/product\/starship-troopers-terran-command\/","title":{"rendered":"Tropas Estelares: Comando Terrano"},"content":{"rendered":"<div class=\"game_page_autocollapse_ctn expanded\">\n<div id=\"aboutThisGame\" class=\"game_page_autocollapse\" data-panel=\"{&quot;type&quot;:&quot;PanelGroup&quot;}\">\n<div id=\"game_area_description\" class=\"game_area_description\">\n<p><strong>Tropas Estelares: Comando Terrano<\/strong>\u00a0\u00e9 um emocionante jogo de estrat\u00e9gia em tempo real ambientado no universo dos filmes Starship Troopers. Assuma o comando da Infantaria M\u00f3vel e fa\u00e7a a sua parte na guerra contra a amea\u00e7a dos Aracn\u00eddeos. Construa, desenvolva e controle seus ex\u00e9rcitos para encontrar um equil\u00edbrio eficaz entre superioridade t\u00e1tica e for\u00e7a num\u00e9rica. Garanta que a civiliza\u00e7\u00e3o humana, e n\u00e3o os insetos, domine a gal\u00e1xia agora e sempre!<\/p>\n<h2 class=\"bb_tag\">Campanha de hist\u00f3ria<\/h2>\n<p>A popula\u00e7\u00e3o do severo planeta des\u00e9rtico Kwalasha precisa da nossa ajuda. A sua vida quotidiana de trabalho \u00e1rduo nas ind\u00fastrias mineiras tem sido perturbada por um novo perigo que n\u00e3o conseguem enfrentar sozinhos: o Aracn\u00eddeo. A Infantaria M\u00f3vel avan\u00e7ar\u00e1 rapidamente, retomar\u00e1 o controle do planeta e destruir\u00e1 tudo que tiver mais de duas pernas. Participe desta emocionante campanha militar, conhe\u00e7a personagens \u00fanicos, veja locais incr\u00edveis e experimente a guerra her\u00f3ica contra o Bug.<\/p>\n<h2 class=\"bb_tag\">T\u00e1ticas e N\u00fameros<\/h2>\n<p>Embora os Aracn\u00eddeos possam contar com n\u00fameros virtualmente ilimitados, a Infantaria M\u00f3vel deve desenvolver t\u00e1ticas eficazes para superar este desequil\u00edbrio. Posicione suas unidades em locais estrat\u00e9gicos para cobrir pontos de estrangulamento vitais e obter poder de fogo superior por meio do uso t\u00e1tico de n\u00edveis de eleva\u00e7\u00e3o. Tenha cuidado, no entanto, pois mec\u00e2nicas de batalha como True Line of Sight e True Line of Fire tamb\u00e9m permitem que Bugs fa\u00e7am emboscadas em cada esquina, j\u00e1 que s\u00e3o bem conhecidos por usarem ataques surpresa e engano.<\/p>\n<h2 class=\"bb_tag\">Unidades e Habilidades<\/h2>\n<p>Uma vasta gama de unidades \u00fanicas est\u00e1 \u00e0 sua disposi\u00e7\u00e3o, cada uma com os seus pr\u00f3prios pontos fortes, fracos e habilidades de elite desbloque\u00e1veis. Esquadr\u00f5es de soldados de rifle, por exemplo, formam o esteio de suas for\u00e7as e podem utilizar \u201csupress\u00e3o de espingarda\u201d ou \u201cpacotes de lan\u00e7a\u201d quando atingem o n\u00edvel de experi\u00eancia de elite. Os Rocket Troopers, por outro lado, s\u00e3o especialistas que entregam v\u00e1rios tipos de muni\u00e7\u00f5es mortais, desde ogivas perfurantes e altamente explosivas at\u00e9 cargas incendi\u00e1rias e de canister.<br \/>\n\u00c0 medida que a campanha avan\u00e7a, novos edif\u00edcios tecnol\u00f3gicos podem ser implantados para desbloquear o verdadeiro potencial do arsenal da Federa\u00e7\u00e3o com rifles E-Pulse, ataques a\u00e9reos TAC Fighter, ve\u00edculos b\u00edpedes Marauder fortemente armados e muitos outros desenvolvimentos otimizados para pulverizar Bug ichor em todo o campo de batalha.<\/p>\n<h2 class=\"bb_tag\">Caracter\u00edsticas principais<\/h2>\n<ul class=\"bb_ul\">\n<li>Uma campanha de enredo envolvente com miss\u00f5es, personagens \u00fanicos e muito sabor de Starship Troopers.<\/li>\n<li>Dezenas de tipos de unidades \u00fanicos, cada um com suas pr\u00f3prias habilidades especiais.<\/li>\n<li>Eleva\u00e7\u00e3o do terreno, True Line of Sight e True Line of Fire proporcionam uma jogabilidade t\u00e1tica profunda.<\/li>\n<li>Capture e mantenha esta\u00e7\u00f5es de r\u00e1dio vitais, construa defesas de base para repelir ataques de aracn\u00eddeos e implante edif\u00edcios tecnol\u00f3gicos para desbloquear novas armas.<\/li>\n<li>Hero\u00edsmo, explos\u00f5es, sangue e insetos. Muitos insetos.<\/li>\n<\/ul>\n<\/div>\n<\/div>\n<\/div>\n<div class=\"game_page_autocollapse_ctn\">\n<div class=\"game_page_autocollapse sys_req\">\n<h2><iframe title=\"Reprodutor de v\u00eddeo do YouTube\" data-src=\"https:\/\/www.youtube.com\/embed\/sNCAZJw1AC0\" width=\"560\" height=\"315\" frameborder=\"0\" allowfullscreen=\"allowfullscreen\" src=\"data:image\/svg+xml;base64,PHN2ZyB3aWR0aD0iMSIgaGVpZ2h0PSIxIiB4bWxucz0iaHR0cDovL3d3dy53My5vcmcvMjAwMC9zdmciPjwvc3ZnPg==\" class=\"lazyload\" data-load-mode=\"1\"><\/iframe><\/h2>\n<h2>REQUISITOS DE SISTEMA<\/h2>\n<div class=\"sysreq_contents\">\n<div class=\"game_area_sys_req sysreq_content active\" data-os=\"win\">\n<div class=\"game_area_sys_req_leftCol\"><strong>M\u00cdNIMO:<\/strong><\/p>\n<ul>\n<li style=\"list-style-type: none;\">\n<ul class=\"bb_ul\">\n<li><strong>SO:<\/strong>\u00a0Windows 8\/10 de 64 bits (o jogo roda no Windows 7, mas nenhum suporte ser\u00e1 fornecido)<\/li>\n<li><strong>Processador:<\/strong>\u00a0Intel Core i5 ou equivalente<\/li>\n<li><strong>Mem\u00f3ria:<\/strong>\u00a08 GB de RAM<\/li>\n<li><strong>Gr\u00e1ficos:<\/strong>\u00a0GeForce GTX 1050\/Radeon RX 560<\/li>\n<li><strong>DirectX:<\/strong>\u00a0Vers\u00e3o 9.0<\/li>\n<li><strong>Armazenar:<\/strong>\u00a010 GB de espa\u00e7o dispon\u00edvel<\/li>\n<\/ul>\n<\/li>\n<\/ul>\n<\/div>\n<div class=\"game_area_sys_req_rightCol\"><strong>RECOMENDADO:<\/strong><\/p>\n<ul>\n<li style=\"list-style-type: none;\">\n<ul class=\"bb_ul\">\n<li><strong>SO:<\/strong>\u00a0janelas 10, janelas 11<\/li>\n<li><strong>Processador:<\/strong>\u00a0Intel Core i7 ou equivalente<\/li>\n<li><strong>Mem\u00f3ria:<\/strong>\u00a016 GB de RAM<\/li>\n<li><strong>Gr\u00e1ficos:<\/strong>\u00a0Geforce GTX 1070 ou equivalente<\/li>\n<li><strong>DirectX:<\/strong>\u00a0Vers\u00e3o 9.0<\/li>\n<li><strong>Armazenar:<\/strong>\u00a010 GB de espa\u00e7o dispon\u00edvel<\/li>\n<\/ul>\n<\/li>\n<\/ul>\n<\/div>\n<\/div>\n<\/div>\n<\/div>\n<\/div>","protected":false},"excerpt":{"rendered":"<p>Starship Troopers: Terran Command\u00a0is a thrilling real-time strategy game set in the Starship Troopers movies universe. Take command of the Mobile Infantry and do your part in the war against the Arachnid threat. Build, develop and control your armies to strike an effective balance between tactical superiority and strength in numbers. Ensure that human civilization, [&hellip;]<\/p>\n","protected":false},"featured_media":1343,"comment_status":"closed","ping_status":"closed","template":"","meta":{"_crdt_document":"","jetpack_publicize_message":"","jetpack_publicize_feature_enabled":true,"jetpack_social_post_already_shared":false,"jetpack_social_options":{"image_generator_settings":{"template":"highway","default_image_id":0,"font":"","enabled":false},"version":2},"_wpas_customize_per_network":false},"product_brand":[],"product_cat":[1375],"product_tag":[],"class_list":{"0":"post-670","1":"product","2":"type-product","3":"status-publish","4":"has-post-thumbnail","6":"product_cat-pc","8":"first","9":"outofstock","10":"sale","11":"taxable","12":"shipping-taxable","13":"purchasable","14":"product-type-variable","15":"has-default-attributes"},"yoast_head":"<!-- This site is optimized with the Yoast SEO Premium plugin v27.6 (Yoast SEO v27.6) - https:\/\/yoast.com\/product\/yoast-seo-premium-wordpress\/ -->\n<title>Starship Troopers: Terran Command - EnderG<\/title>\n<meta name=\"robots\" content=\"index, follow, max-snippet:-1, max-image-preview:large, max-video-preview:-1\" \/>\n<link rel=\"canonical\" href=\"https:\/\/enderg.com\/pt\/product\/starship-troopers-terran-command\/\" \/>\n<meta property=\"og:locale\" content=\"pt_PT\" \/>\n<meta property=\"og:type\" content=\"article\" \/>\n<meta property=\"og:title\" content=\"Starship Troopers: Terran Command\" \/>\n<meta property=\"og:description\" content=\"Starship Troopers: Terran Command\u00a0is a thrilling real-time strategy game set in the Starship Troopers movies universe. Take command of the Mobile Infantry and do your part in the war against the Arachnid threat. Build, develop and control your armies to strike an effective balance between tactical superiority and strength in numbers. Ensure that human civilization, [&hellip;]\" \/>\n<meta property=\"og:url\" content=\"https:\/\/enderg.com\/pt\/product\/starship-troopers-terran-command\/\" \/>\n<meta property=\"og:site_name\" content=\"EnderG\" \/>\n<meta property=\"article:publisher\" content=\"https:\/\/www.facebook.com\/Endergg1\/\" \/>\n<meta property=\"article:modified_time\" content=\"2024-06-25T22:32:38+00:00\" \/>\n<meta property=\"og:image\" content=\"https:\/\/enderg.com\/wp-content\/uploads\/2022\/08\/Starship-Troopers-Terran-Command.jpg\" \/>\n\t<meta property=\"og:image:width\" content=\"1000\" \/>\n\t<meta property=\"og:image:height\" content=\"1000\" \/>\n\t<meta property=\"og:image:type\" content=\"image\/jpeg\" \/>\n<meta name=\"twitter:card\" content=\"summary_large_image\" \/>\n<meta name=\"twitter:label1\" content=\"Tempo estimado de leitura\" \/>\n\t<meta name=\"twitter:data1\" content=\"2 minutos\" \/>\n<script type=\"application\/ld+json\" class=\"yoast-schema-graph\">{\"@context\":\"https:\\\/\\\/schema.org\",\"@graph\":[{\"@type\":\"WebPage\",\"@id\":\"https:\\\/\\\/enderg.com\\\/product\\\/starship-troopers-terran-command\\\/\",\"url\":\"https:\\\/\\\/enderg.com\\\/product\\\/starship-troopers-terran-command\\\/\",\"name\":\"Starship Troopers: Terran Command - EnderG\",\"isPartOf\":{\"@id\":\"https:\\\/\\\/enderg.com\\\/#website\"},\"primaryImageOfPage\":{\"@id\":\"https:\\\/\\\/enderg.com\\\/product\\\/starship-troopers-terran-command\\\/#primaryimage\"},\"image\":{\"@id\":\"https:\\\/\\\/enderg.com\\\/product\\\/starship-troopers-terran-command\\\/#primaryimage\"},\"thumbnailUrl\":\"https:\\\/\\\/i0.wp.com\\\/enderg.com\\\/wp-content\\\/uploads\\\/2022\\\/08\\\/Starship-Troopers-Terran-Command.jpg?fit=1000%2C1000&ssl=1\",\"datePublished\":\"2023-09-08T14:08:53+00:00\",\"dateModified\":\"2024-06-25T22:32:38+00:00\",\"breadcrumb\":{\"@id\":\"https:\\\/\\\/enderg.com\\\/product\\\/starship-troopers-terran-command\\\/#breadcrumb\"},\"inLanguage\":\"pt-PT\",\"potentialAction\":[{\"@type\":\"ReadAction\",\"target\":[\"https:\\\/\\\/enderg.com\\\/product\\\/starship-troopers-terran-command\\\/\"]}]},{\"@type\":\"ImageObject\",\"inLanguage\":\"pt-PT\",\"@id\":\"https:\\\/\\\/enderg.com\\\/product\\\/starship-troopers-terran-command\\\/#primaryimage\",\"url\":\"https:\\\/\\\/i0.wp.com\\\/enderg.com\\\/wp-content\\\/uploads\\\/2022\\\/08\\\/Starship-Troopers-Terran-Command.jpg?fit=1000%2C1000&ssl=1\",\"contentUrl\":\"https:\\\/\\\/i0.wp.com\\\/enderg.com\\\/wp-content\\\/uploads\\\/2022\\\/08\\\/Starship-Troopers-Terran-Command.jpg?fit=1000%2C1000&ssl=1\",\"width\":1000,\"height\":1000},{\"@type\":\"BreadcrumbList\",\"@id\":\"https:\\\/\\\/enderg.com\\\/product\\\/starship-troopers-terran-command\\\/#breadcrumb\",\"itemListElement\":[{\"@type\":\"ListItem\",\"position\":1,\"name\":\"Home\",\"item\":\"https:\\\/\\\/enderg.com\\\/\"},{\"@type\":\"ListItem\",\"position\":2,\"name\":\"Shop\",\"item\":\"https:\\\/\\\/enderg.com\\\/shop\\\/\"},{\"@type\":\"ListItem\",\"position\":3,\"name\":\"Starship Troopers: Terran Command\"}]},{\"@type\":\"WebSite\",\"@id\":\"https:\\\/\\\/enderg.com\\\/#website\",\"url\":\"https:\\\/\\\/enderg.com\\\/\",\"name\":\"EnderG\",\"description\":\"Cheaper Is What We Do!\",\"publisher\":{\"@id\":\"https:\\\/\\\/enderg.com\\\/#organization\"},\"potentialAction\":[{\"@type\":\"SearchAction\",\"target\":{\"@type\":\"EntryPoint\",\"urlTemplate\":\"https:\\\/\\\/enderg.com\\\/?s={search_term_string}\"},\"query-input\":{\"@type\":\"PropertyValueSpecification\",\"valueRequired\":true,\"valueName\":\"search_term_string\"}}],\"inLanguage\":\"pt-PT\"},{\"@type\":\"Organization\",\"@id\":\"https:\\\/\\\/enderg.com\\\/#organization\",\"name\":\"EnderG\",\"url\":\"https:\\\/\\\/enderg.com\\\/\",\"logo\":{\"@type\":\"ImageObject\",\"inLanguage\":\"pt-PT\",\"@id\":\"https:\\\/\\\/enderg.com\\\/#\\\/schema\\\/logo\\\/image\\\/\",\"url\":\"https:\\\/\\\/enderg.com\\\/wp-content\\\/uploads\\\/2023\\\/03\\\/222222222221.png\",\"contentUrl\":\"https:\\\/\\\/enderg.com\\\/wp-content\\\/uploads\\\/2023\\\/03\\\/222222222221.png\",\"width\":512,\"height\":512,\"caption\":\"EnderG\"},\"image\":{\"@id\":\"https:\\\/\\\/enderg.com\\\/#\\\/schema\\\/logo\\\/image\\\/\"},\"sameAs\":[\"https:\\\/\\\/www.facebook.com\\\/Endergg1\\\/\",\"https:\\\/\\\/www.instagram.com\\\/enderg01\",\"https:\\\/\\\/www.youtube.com\\\/@enderg-com\"],\"description\":\"Cheaper Gaming is what we do!\",\"legalName\":\"Vandar Limited\",\"foundingDate\":\"2022-06-21\"}]}<\/script>\n<!-- \/ Yoast SEO Premium plugin. -->","yoast_head_json":{"title":"Starship Troopers: Terran Command - EnderG","robots":{"index":"index","follow":"follow","max-snippet":"max-snippet:-1","max-image-preview":"max-image-preview:large","max-video-preview":"max-video-preview:-1"},"canonical":"https:\/\/enderg.com\/pt\/product\/starship-troopers-terran-command\/","og_locale":"pt_PT","og_type":"article","og_title":"Starship Troopers: Terran Command","og_description":"Starship Troopers: Terran Command\u00a0is a thrilling real-time strategy game set in the Starship Troopers movies universe. Take command of the Mobile Infantry and do your part in the war against the Arachnid threat. Build, develop and control your armies to strike an effective balance between tactical superiority and strength in numbers. Ensure that human civilization, [&hellip;]","og_url":"https:\/\/enderg.com\/pt\/product\/starship-troopers-terran-command\/","og_site_name":"EnderG","article_publisher":"https:\/\/www.facebook.com\/Endergg1\/","article_modified_time":"2024-06-25T22:32:38+00:00","og_image":[{"width":1000,"height":1000,"url":"https:\/\/enderg.com\/wp-content\/uploads\/2022\/08\/Starship-Troopers-Terran-Command.jpg","type":"image\/jpeg"}],"twitter_card":"summary_large_image","twitter_misc":{"Tempo estimado de leitura":"2 minutos"},"schema":{"@context":"https:\/\/schema.org","@graph":[{"@type":"WebPage","@id":"https:\/\/enderg.com\/product\/starship-troopers-terran-command\/","url":"https:\/\/enderg.com\/product\/starship-troopers-terran-command\/","name":"Starship Troopers: Terran Command - EnderG","isPartOf":{"@id":"https:\/\/enderg.com\/#website"},"primaryImageOfPage":{"@id":"https:\/\/enderg.com\/product\/starship-troopers-terran-command\/#primaryimage"},"image":{"@id":"https:\/\/enderg.com\/product\/starship-troopers-terran-command\/#primaryimage"},"thumbnailUrl":"https:\/\/i0.wp.com\/enderg.com\/wp-content\/uploads\/2022\/08\/Starship-Troopers-Terran-Command.jpg?fit=1000%2C1000&ssl=1","datePublished":"2023-09-08T14:08:53+00:00","dateModified":"2024-06-25T22:32:38+00:00","breadcrumb":{"@id":"https:\/\/enderg.com\/product\/starship-troopers-terran-command\/#breadcrumb"},"inLanguage":"pt-PT","potentialAction":[{"@type":"ReadAction","target":["https:\/\/enderg.com\/product\/starship-troopers-terran-command\/"]}]},{"@type":"ImageObject","inLanguage":"pt-PT","@id":"https:\/\/enderg.com\/product\/starship-troopers-terran-command\/#primaryimage","url":"https:\/\/i0.wp.com\/enderg.com\/wp-content\/uploads\/2022\/08\/Starship-Troopers-Terran-Command.jpg?fit=1000%2C1000&ssl=1","contentUrl":"https:\/\/i0.wp.com\/enderg.com\/wp-content\/uploads\/2022\/08\/Starship-Troopers-Terran-Command.jpg?fit=1000%2C1000&ssl=1","width":1000,"height":1000},{"@type":"BreadcrumbList","@id":"https:\/\/enderg.com\/product\/starship-troopers-terran-command\/#breadcrumb","itemListElement":[{"@type":"ListItem","position":1,"name":"Home","item":"https:\/\/enderg.com\/"},{"@type":"ListItem","position":2,"name":"Shop","item":"https:\/\/enderg.com\/shop\/"},{"@type":"ListItem","position":3,"name":"Starship Troopers: Terran Command"}]},{"@type":"WebSite","@id":"https:\/\/enderg.com\/#website","url":"https:\/\/enderg.com\/","name":"EnderG","description":"Mais barato \u00e9 o que fazemos!","publisher":{"@id":"https:\/\/enderg.com\/#organization"},"potentialAction":[{"@type":"SearchAction","target":{"@type":"EntryPoint","urlTemplate":"https:\/\/enderg.com\/?s={search_term_string}"},"query-input":{"@type":"PropertyValueSpecification","valueRequired":true,"valueName":"search_term_string"}}],"inLanguage":"pt-PT"},{"@type":"Organization","@id":"https:\/\/enderg.com\/#organization","name":"EnderG","url":"https:\/\/enderg.com\/","logo":{"@type":"ImageObject","inLanguage":"pt-PT","@id":"https:\/\/enderg.com\/#\/schema\/logo\/image\/","url":"https:\/\/enderg.com\/wp-content\/uploads\/2023\/03\/222222222221.png","contentUrl":"https:\/\/enderg.com\/wp-content\/uploads\/2023\/03\/222222222221.png","width":512,"height":512,"caption":"EnderG"},"image":{"@id":"https:\/\/enderg.com\/#\/schema\/logo\/image\/"},"sameAs":["https:\/\/www.facebook.com\/Endergg1\/","https:\/\/www.instagram.com\/enderg01","https:\/\/www.youtube.com\/@enderg-com"],"description":"Jogos mais baratos \u00e9 o que fazemos!","legalName":"Vandar Limited","foundingDate":"2022-06-21"}]}},"jetpack_publicize_connections":[],"jetpack_likes_enabled":true,"jetpack_sharing_enabled":true,"jetpack-related-posts":[{"id":71481,"url":"https:\/\/enderg.com\/pt\/product\/call-of-duty-black-ops-7\/","url_meta":{"origin":670,"position":0},"title":"Call of Duty Black Ops 7","author":"nazhad722","date":"04\/11\/2025","format":false,"excerpt":"Get Call of Duty Black Ops 7 at the Best and Cheapest Price on the market right now. How To Activate Upon Delivery you will receive the \u2018Subscription\u2019 or \u2018Game\u2019 you ordered, but needs to be activated by adding an account to your console\/PC and then play from your personal\u2026","rel":"","context":"Similar post","block_context":{"text":"Similar post","link":""},"img":{"alt_text":"Buy Call of Duty Black Ops 7 at Best Price","src":"https:\/\/enderg.com\/wp-content\/uploads\/2025\/11\/Buy-Call-of-Duty-Black-Ops-7-Cheapest-best-price.avif","width":350,"height":200,"srcset":"https:\/\/enderg.com\/wp-content\/uploads\/2025\/11\/Buy-Call-of-Duty-Black-Ops-7-Cheapest-best-price.avif 1x, https:\/\/enderg.com\/wp-content\/uploads\/2025\/11\/Buy-Call-of-Duty-Black-Ops-7-Cheapest-best-price.avif 1.5x, https:\/\/enderg.com\/wp-content\/uploads\/2025\/11\/Buy-Call-of-Duty-Black-Ops-7-Cheapest-best-price.avif 2x"},"classes":[]},{"id":71458,"url":"https:\/\/enderg.com\/pt\/product\/battlefield-6\/","url_meta":{"origin":670,"position":1},"title":"Battlefield 6","author":"nazhad722","date":"04\/11\/2025","format":false,"excerpt":"Get Battlefield 6 at the Best and Cheapest Price on the market right now. How To Activate Upon Delivery you will receive the \u2018Subscription\u2019 or \u2018Game\u2019 you ordered, but needs to be activated by adding an account to your console\/PC and then play from your personal account or any other\u2026","rel":"","context":"Similar post","block_context":{"text":"Similar post","link":""},"img":{"alt_text":"Battlefield 6","src":"https:\/\/i0.wp.com\/enderg.com\/wp-content\/uploads\/2025\/11\/Buy-Battlefield-6-Best-price.webp?fit=666%2C1000&ssl=1&resize=350%2C200","width":350,"height":200,"srcset":"https:\/\/i0.wp.com\/enderg.com\/wp-content\/uploads\/2025\/11\/Buy-Battlefield-6-Best-price.webp?fit=666%2C1000&ssl=1&resize=350%2C200 1x, https:\/\/i0.wp.com\/enderg.com\/wp-content\/uploads\/2025\/11\/Buy-Battlefield-6-Best-price.webp?fit=666%2C1000&ssl=1&resize=525%2C300 1.5x"},"classes":[]},{"id":71471,"url":"https:\/\/enderg.com\/pt\/product\/arc-raiders\/","url_meta":{"origin":670,"position":2},"title":"ARC Raiders","author":"nazhad722","date":"04\/11\/2025","format":false,"excerpt":"Get ARC Raiders at the Best and Cheapest Price on the market right now. How To Activate Upon Delivery you will receive the \u2018Subscription\u2019 or \u2018Game\u2019 you ordered, but needs to be activated by adding an account to your console\/PC and then play from your personal account or any other\u2026","rel":"","context":"Similar post","block_context":{"text":"Similar post","link":""},"img":{"alt_text":"Buy ARC Raiders Best Price","src":"https:\/\/i0.wp.com\/enderg.com\/wp-content\/uploads\/2025\/11\/Buy-ARC-Raiders-Best-cheapest-price.webp?fit=496%2C700&ssl=1&resize=350%2C200","width":350,"height":200},"classes":[]},{"id":94727,"url":"https:\/\/enderg.com\/pt\/product\/crimson-desert\/","url_meta":{"origin":670,"position":3},"title":"Crimson Desert","author":"p72247h","date":"22\/03\/2026","format":false,"excerpt":"Crimson Desert is an open-world action-adventure set in the world of Pywel. Follow Kliff on a brutal journey through war, exploration, and fast-paced combat. Buy Crimson Desert for your preferred platform with secure checkout and fast delivery.","rel":"","context":"Similar post","block_context":{"text":"Similar post","link":""},"img":{"alt_text":"buy crimson desert cheap","src":"https:\/\/i0.wp.com\/enderg.com\/wp-content\/uploads\/2026\/03\/buy-crimson-desert.jpg?fit=528%2C704&ssl=1&resize=350%2C200","width":350,"height":200,"srcset":"https:\/\/i0.wp.com\/enderg.com\/wp-content\/uploads\/2026\/03\/buy-crimson-desert.jpg?fit=528%2C704&ssl=1&resize=350%2C200 1x, https:\/\/i0.wp.com\/enderg.com\/wp-content\/uploads\/2026\/03\/buy-crimson-desert.jpg?fit=528%2C704&ssl=1&resize=525%2C300 1.5x"},"classes":[]},{"id":91361,"url":"https:\/\/enderg.com\/pt\/product\/resident-evil-requiem\/","url_meta":{"origin":670,"position":4},"title":"Resident Evil Requiem","author":"p72247h","date":"24\/02\/2026","format":false,"excerpt":"Get Resident Evil Requiem at the Best and Cheapest Price on the market right now. Xbox Works on your personal account globally without any restrictions.You do not redeem any traditional code on your personal account, instead it works through primary activation of a new profile Steam For Steam this game\u2026","rel":"","context":"Similar post","block_context":{"text":"Similar post","link":""},"img":{"alt_text":"","src":"https:\/\/i0.wp.com\/enderg.com\/wp-content\/uploads\/2026\/02\/buy-cheap-resident-evil-requiem.jpg?fit=300%2C450&ssl=1&resize=350%2C200","width":350,"height":200},"classes":[]},{"id":40925,"url":"https:\/\/enderg.com\/pt\/product\/playstation-plus-premium\/","url_meta":{"origin":670,"position":5},"title":"PlayStation Plus Premium\/Deluxe (Global)","author":"nazhad722","date":"16\/12\/2024","format":false,"excerpt":"Play games online on your personal account using your email address, and all other accounts on your console! (1 PS4 or 1 PS5 or both when you choose PS4 + PS5) Play full games from the PlayStation Plus Catalog on your personal account using your email address, and all other\u2026","rel":"","context":"With 150 comments","block_context":{"text":"With 150 comments","link":"https:\/\/enderg.com\/pt\/product\/playstation-plus-premium\/#comments"},"img":{"alt_text":"Buy Cheap Playstation Plus","src":"https:\/\/i0.wp.com\/enderg.com\/wp-content\/uploads\/2023\/03\/premium.png?fit=1024%2C1024&ssl=1&resize=350%2C200","width":350,"height":200,"srcset":"https:\/\/i0.wp.com\/enderg.com\/wp-content\/uploads\/2023\/03\/premium.png?fit=1024%2C1024&ssl=1&resize=350%2C200 1x, https:\/\/i0.wp.com\/enderg.com\/wp-content\/uploads\/2023\/03\/premium.png?fit=1024%2C1024&ssl=1&resize=525%2C300 1.5x, https:\/\/i0.wp.com\/enderg.com\/wp-content\/uploads\/2023\/03\/premium.png?fit=1024%2C1024&ssl=1&resize=700%2C400 2x"},"classes":[]}],"_links":{"self":[{"href":"https:\/\/enderg.com\/pt\/wp-json\/wp\/v2\/product\/670","targetHints":{"allow":["GET"]}}],"collection":[{"href":"https:\/\/enderg.com\/pt\/wp-json\/wp\/v2\/product"}],"about":[{"href":"https:\/\/enderg.com\/pt\/wp-json\/wp\/v2\/types\/product"}],"replies":[{"embeddable":true,"href":"https:\/\/enderg.com\/pt\/wp-json\/wp\/v2\/comments?post=670"}],"version-history":[{"count":3,"href":"https:\/\/enderg.com\/pt\/wp-json\/wp\/v2\/product\/670\/revisions"}],"predecessor-version":[{"id":1621,"href":"https:\/\/enderg.com\/pt\/wp-json\/wp\/v2\/product\/670\/revisions\/1621"}],"wp:featuredmedia":[{"embeddable":true,"href":"https:\/\/enderg.com\/pt\/wp-json\/wp\/v2\/media\/1343"}],"wp:attachment":[{"href":"https:\/\/enderg.com\/pt\/wp-json\/wp\/v2\/media?parent=670"}],"wp:term":[{"taxonomy":"product_brand","embeddable":true,"href":"https:\/\/enderg.com\/pt\/wp-json\/wp\/v2\/product_brand?post=670"},{"taxonomy":"product_cat","embeddable":true,"href":"https:\/\/enderg.com\/pt\/wp-json\/wp\/v2\/product_cat?post=670"},{"taxonomy":"product_tag","embeddable":true,"href":"https:\/\/enderg.com\/pt\/wp-json\/wp\/v2\/product_tag?post=670"}],"curies":[{"name":"wp","href":"https:\/\/api.w.org\/{rel}","templated":true}]}}