{"id":665,"date":"2022-08-07T01:01:45","date_gmt":"2022-08-06T22:01:45","guid":{"rendered":"https:\/\/enderg.com\/?post_type=product&#038;p=665"},"modified":"2024-06-26T01:45:59","modified_gmt":"2024-06-25T22:45:59","slug":"vale-do-orvalho","status":"publish","type":"product","link":"https:\/\/enderg.com\/pt\/product\/stardew-valley\/","title":{"rendered":"Vale das Estrelas"},"content":{"rendered":"<div data-elementor-type=\"wp-post\" data-elementor-id=\"665\" class=\"elementor elementor-665\" data-elementor-post-type=\"product\">\n\t\t\t\t\t\t<section class=\"elementor-section elementor-top-section elementor-element elementor-element-51a736a7 elementor-section-boxed elementor-section-height-default elementor-section-height-default\" data-id=\"51a736a7\" data-element_type=\"section\" data-e-type=\"section\">\n\t\t\t\t\t\t<div class=\"elementor-container elementor-column-gap-default\">\n\t\t\t\t\t<div class=\"elementor-column elementor-col-100 elementor-top-column elementor-element elementor-element-417279ad\" data-id=\"417279ad\" data-element_type=\"column\" data-e-type=\"column\">\n\t\t\t<div class=\"elementor-widget-wrap elementor-element-populated\">\n\t\t\t\t\t\t<div class=\"elementor-element elementor-element-b17c529 elementor-widget elementor-widget-accordion\" data-id=\"b17c529\" data-element_type=\"widget\" data-e-type=\"widget\" data-widget_type=\"accordion.default\">\n\t\t\t\t<div class=\"elementor-widget-container\">\n\t\t\t\t\t\t\t<div class=\"elementor-accordion\">\n\t\t\t\t\t\t\t<div class=\"elementor-accordion-item\">\n\t\t\t\t\t<h4 id=\"elementor-tab-title-1861\" class=\"elementor-tab-title\" data-tab=\"1\" role=\"button\" aria-controls=\"elementor-tab-content-1861\" aria-expanded=\"false\">\n\t\t\t\t\t\t\t\t\t\t\t\t\t<span class=\"elementor-accordion-icon elementor-accordion-icon-left\" aria-hidden=\"true\">\n\t\t\t\t\t\t\t\t\t\t\t\t\t\t\t<span class=\"elementor-accordion-icon-closed\"><i class=\"fas fa-truck\"><\/i><\/span>\n\t\t\t\t\t\t\t\t<span class=\"elementor-accordion-icon-opened\"><i class=\"fas fa-truck\"><\/i><\/span>\n\t\t\t\t\t\t\t\t\t\t\t\t\t\t<\/span>\n\t\t\t\t\t\t\t\t\t\t\t\t<a class=\"elementor-accordion-title\" tabindex=\"0\">Entrega r\u00e1pida<\/a>\n\t\t\t\t\t<\/h4>\n\t\t\t\t\t<div id=\"elementor-tab-content-1861\" class=\"elementor-tab-content elementor-clearfix\" data-tab=\"1\" role=\"region\" aria-labelledby=\"elementor-tab-title-1861\"><p>A entrega pode levar de 5 a 20 minutos, de acordo com o seu lugar na nossa fila<\/p><p>Seu pedido ser\u00e1 &#039;reembolsado automaticamente&#039; caso n\u00e3o seja entregue ap\u00f3s 12 horas!<\/p><\/div>\n\t\t\t\t<\/div>\n\t\t\t\t\t\t\t\t<\/div>\n\t\t\t\t\t\t<\/div>\n\t\t\t\t<\/div>\n\t\t\t\t<div class=\"elementor-element elementor-element-b187327 elementor-widget elementor-widget-accordion\" data-id=\"b187327\" data-element_type=\"widget\" data-e-type=\"widget\" data-widget_type=\"accordion.default\">\n\t\t\t\t<div class=\"elementor-widget-container\">\n\t\t\t\t\t\t\t<div class=\"elementor-accordion\">\n\t\t\t\t\t\t\t<div class=\"elementor-accordion-item\">\n\t\t\t\t\t<h4 id=\"elementor-tab-title-1861\" class=\"elementor-tab-title\" data-tab=\"1\" role=\"button\" aria-controls=\"elementor-tab-content-1861\" aria-expanded=\"false\">\n\t\t\t\t\t\t\t\t\t\t\t\t\t<span class=\"elementor-accordion-icon elementor-accordion-icon-left\" aria-hidden=\"true\">\n\t\t\t\t\t\t\t\t\t\t\t\t\t\t\t<span class=\"elementor-accordion-icon-closed\"><i class=\"fab fa-xbox\"><\/i><\/span>\n\t\t\t\t\t\t\t\t<span class=\"elementor-accordion-icon-opened\"><i class=\"fab fa-xbox\"><\/i><\/span>\n\t\t\t\t\t\t\t\t\t\t\t\t\t\t<\/span>\n\t\t\t\t\t\t\t\t\t\t\t\t<a class=\"elementor-accordion-title\" tabindex=\"0\">Como Ativar<\/a>\n\t\t\t\t\t<\/h4>\n\t\t\t\t\t<div id=\"elementor-tab-content-1861\" class=\"elementor-tab-content elementor-clearfix\" data-tab=\"1\" role=\"region\" aria-labelledby=\"elementor-tab-title-1861\"><p>1- Abra uma VPN e conecte-se ao servidor especificado em seu e-mail ap\u00f3s fazer seu pedido.<\/p><p>2- Clique aqui\u00a0<a title=\"https:\/\/account.microsoft.com\/billing\/redeem?refd=login.live.com\" href=\"https:\/\/account.microsoft.com\/billing\/redeem?refd=login.live.com\"><strong>Link<\/strong><\/a>\u00a0&amp; Fa\u00e7a login na sua conta e resgate a chave que voc\u00ea recebeu!<\/p><p>3- Aproveite!<\/p><\/div>\n\t\t\t\t<\/div>\n\t\t\t\t\t\t\t\t<\/div>\n\t\t\t\t\t\t<\/div>\n\t\t\t\t<\/div>\n\t\t\t\t\t<\/div>\n\t\t<\/div>\n\t\t\t\t\t<\/div>\n\t\t<\/section>\n\t\t\t\t<section class=\"elementor-section elementor-top-section elementor-element elementor-element-18bedf9 elementor-section-boxed elementor-section-height-default elementor-section-height-default\" data-id=\"18bedf9\" data-element_type=\"section\" data-e-type=\"section\">\n\t\t\t\t\t\t<div class=\"elementor-container elementor-column-gap-default\">\n\t\t\t\t\t<div class=\"elementor-column elementor-col-100 elementor-top-column elementor-element elementor-element-1e2eb034\" data-id=\"1e2eb034\" data-element_type=\"column\" data-e-type=\"column\">\n\t\t\t<div class=\"elementor-widget-wrap elementor-element-populated\">\n\t\t\t\t\t\t<div class=\"elementor-element elementor-element-b033253 elementor-widget elementor-widget-text-editor\" data-id=\"b033253\" data-element_type=\"widget\" data-e-type=\"widget\" data-widget_type=\"text-editor.default\">\n\t\t\t\t<div class=\"elementor-widget-container\">\n\t\t\t\t\t\t\t\t\t<div class=\"game_page_autocollapse_ctn expanded\"><div id=\"aboutThisGame\" class=\"game_page_autocollapse\" data-panel=\"{&quot;type&quot;:&quot;PanelGroup&quot;}\"><div id=\"game_area_description\" class=\"game_area_description\"><h4 style=\"text-align: center;\"><strong style=\"font-size: 1.41575em;\">SOBRE ESTE JOGO<\/strong><\/h4><p>Stardew Valley \u00e9 um RPG de mundo aberto ambientado na vida rural!<\/p><p><img decoding=\"async\" data-recalc-dims=\"1\" data-src=\"https:\/\/i0.wp.com\/cdn.cloudflare.steamstatic.com\/steam\/apps\/413150\/extras\/animalStrip2.png?w=980&#038;ssl=1\" src=\"data:image\/svg+xml;base64,PHN2ZyB3aWR0aD0iMSIgaGVpZ2h0PSIxIiB4bWxucz0iaHR0cDovL3d3dy53My5vcmcvMjAwMC9zdmciPjwvc3ZnPg==\" class=\"lazyload\" \/><\/p><p>Voc\u00ea herdou a antiga fazenda do seu av\u00f4 em Stardew Valley. Munido de ferramentas herdadas e algumas moedas, voc\u00ea parte para come\u00e7ar sua nova vida. Ser\u00e1 que voc\u00ea conseguir\u00e1 aprender a viver da terra e transformar esses campos abandonados em um lar pr\u00f3spero? N\u00e3o ser\u00e1 f\u00e1cil. Desde que a Corpora\u00e7\u00e3o Joja chegou \u00e0 cidade, os antigos costumes praticamente desapareceram. O centro comunit\u00e1rio, que antes era o cora\u00e7\u00e3o pulsante da cidade, agora est\u00e1 em ru\u00ednas. Mas o vale parece cheio de oportunidades. Com um pouco de dedica\u00e7\u00e3o, voc\u00ea pode ser a pessoa que restaurar\u00e1 a grandeza de Stardew Valley!<\/p><p><strong>Caracter\u00edsticas<\/strong><\/p><ul class=\"bb_ul\"><li><strong>Transforme seu terreno abandonado em uma fazenda vibrante!\u00a0<\/strong>Crie animais, cultive planta\u00e7\u00f5es, plante um pomar, fabrique m\u00e1quinas \u00fateis e muito mais! Voc\u00ea ter\u00e1 bastante espa\u00e7o para criar a fazenda dos seus sonhos.<\/li><li><strong>Agricultura para 4 jogadores!<\/strong>\u00a0Convide de 1 a 3 jogadores para se juntarem a voc\u00ea no vale online! Os jogadores podem trabalhar juntos para construir uma fazenda pr\u00f3spera, compartilhar recursos e melhorar a comunidade local. Como mais m\u00e3os s\u00e3o melhores do que uma, os jogadores t\u00eam a op\u00e7\u00e3o de ajustar a margem de lucro sobre os produtos vendidos para uma experi\u00eancia mais desafiadora.<\/li><li><strong>Aprimore suas habilidades com o tempo.\u00a0<\/strong>Ao trilhar seu caminho de um novato batalhador a um mestre agricultor, voc\u00ea subir\u00e1 de n\u00edvel em 5 \u00e1reas diferentes: agricultura, minera\u00e7\u00e3o, combate, pesca e coleta. Conforme progride, voc\u00ea aprender\u00e1 novas receitas de culin\u00e1ria e artesanato, desbloquear\u00e1 novas \u00e1reas para explorar e personalizar\u00e1 suas habilidades escolhendo entre diversas profiss\u00f5es.<\/li><li><strong>Integre-se \u00e0 comunidade local.\u00a0<\/strong>Com mais de 30 personagens \u00fanicos vivendo em Stardew Valley, voc\u00ea n\u00e3o ter\u00e1 problemas para fazer novos amigos! Cada pessoa tem sua pr\u00f3pria rotina di\u00e1ria, anivers\u00e1rio, mini-cenas exclusivas e novas falas ao longo da semana e do ano. Conforme voc\u00ea se torna amigo deles, eles se abrir\u00e3o para voc\u00ea, pedir\u00e3o sua ajuda com seus problemas pessoais ou contar\u00e3o seus segredos! Participe de festivais sazonais como o luau, o labirinto assombrado e a festa da estrela de inverno.<\/li><li><strong>Explore uma vasta e misteriosa caverna.\u00a0<\/strong>Ao se aventurar mais fundo no subterr\u00e2neo, voc\u00ea encontrar\u00e1 monstros novos e perigosos, armas poderosas, novos ambientes, pedras preciosas valiosas, mat\u00e9rias-primas para fabricar e aprimorar ferramentas, e mist\u00e9rios a serem desvendados.<\/li><li><strong>D\u00ea nova vida ao vale.<\/strong>\u00a0Desde a inaugura\u00e7\u00e3o do JojaMart, o antigo estilo de vida em Stardew Valley mudou. Grande parte da infraestrutura da cidade est\u00e1 em ru\u00ednas. Ajude a restaurar Stardew Valley \u00e0 sua antiga gl\u00f3ria, reparando o antigo centro comunit\u00e1rio, ou siga o caminho alternativo e junte-se \u00e0 Corpora\u00e7\u00e3o Joja.<\/li><li><strong>Namore e case-se com um parceiro para compartilhar a vida na fazenda.\u00a0<\/strong>H\u00e1 12 solteiros e solteiras dispon\u00edveis para conquistar, cada um com cenas de desenvolvimento de personagem \u00fanicas. Depois de casar, seu parceiro(a) viver\u00e1 na fazenda com voc\u00ea. Quem sabe, talvez voc\u00eas tenham filhos e formem uma fam\u00edlia?<\/li><li><strong>Passe uma tarde relaxante em um dos locais de pesca da regi\u00e3o.\u00a0<\/strong>As \u00e1guas est\u00e3o repletas de variedades sazonais de peixes deliciosos. Prepare iscas, b\u00f3ias e armadilhas para caranguejos para ajud\u00e1-lo em sua jornada para fisgar todos os peixes e se tornar uma lenda local!<\/li><li><strong>Doe artefatos e minerais ao museu local.<\/strong><\/li><li><strong>Prepare refei\u00e7\u00f5es deliciosas e crie itens \u00fateis para te ajudar.\u00a0<\/strong>Com mais de 100 receitas de culin\u00e1ria e artesanato, voc\u00ea ter\u00e1 uma grande variedade de itens para criar. Alguns pratos que voc\u00ea cozinhar lhe dar\u00e3o melhorias tempor\u00e1rias em habilidades, velocidade de corrida ou proeza em combate. Crie objetos \u00fateis como espantalhos, m\u00e1quinas de \u00f3leo, fornos ou at\u00e9 mesmo o raro e caro cristal\u00e1rio.<\/li><li><strong>Personalize a apar\u00eancia do seu personagem e da sua casa.\u00a0<\/strong>Com centenas de itens decorativos \u00e0 sua escolha, voc\u00ea n\u00e3o ter\u00e1 dificuldade em criar a casa dos seus sonhos!<\/li><li><strong>Compat\u00edvel com controle do Xbox (com vibra\u00e7\u00e3o)! (Teclado ainda necess\u00e1rio para entrada de texto)<\/strong><\/li><li><strong>Mais de duas horas de m\u00fasica original.<\/strong><\/li><\/ul><\/div><\/div><\/div><div class=\"game_page_autocollapse_ctn\"><div class=\"game_page_autocollapse sys_req\"><h2><iframe title=\"Reprodutor de v\u00eddeo do YouTube\" data-src=\"https:\/\/www.youtube.com\/embed\/ot7uXNQskhs\" width=\"560\" height=\"315\" frameborder=\"0\" allowfullscreen=\"allowfullscreen\" src=\"data:image\/svg+xml;base64,PHN2ZyB3aWR0aD0iMSIgaGVpZ2h0PSIxIiB4bWxucz0iaHR0cDovL3d3dy53My5vcmcvMjAwMC9zdmciPjwvc3ZnPg==\" class=\"lazyload\" data-load-mode=\"1\"><\/iframe><\/h2><h2>REQUISITOS DE SISTEMA<\/h2><div class=\"sysreq_contents\"><div class=\"game_area_sys_req sysreq_content active\" data-os=\"win\"><div class=\"game_area_sys_req_full\"><p><strong>M\u00cdNIMO:<\/strong><\/p><ul><li style=\"list-style-type: none;\"><ul class=\"bb_ul\"><li><strong>SO:<\/strong>\u00a0Windows Vista ou superior<\/li><li><strong>Processador:<\/strong>\u00a02 GHz<\/li><li><strong>Mem\u00f3ria:<\/strong>\u00a02 GB de RAM<\/li><li><strong>Gr\u00e1ficos:<\/strong>\u00a0256 MB de mem\u00f3ria de v\u00eddeo, modelo de shader 3.0+<\/li><li><strong>DirectX:<\/strong>\u00a0Vers\u00e3o 10<\/li><li><strong>Armazenar:<\/strong>\u00a0500 MB de espa\u00e7o dispon\u00edvel<\/li><\/ul><\/li><\/ul><\/div><\/div><\/div><\/div><\/div>\t\t\t\t\t\t\t\t<\/div>\n\t\t\t\t<\/div>\n\t\t\t\t\t<\/div>\n\t\t<\/div>\n\t\t\t\t\t<\/div>\n\t\t<\/section>\n\t\t\t\t<\/div>","protected":false},"excerpt":{"rendered":"<p>Fast Delivery Delivery can take 5 to 20 minutes, according to your place in our queue Your Order will be \u2018Auto Refunded\u2019 in case it does not get delivered after 12 hours! How To Activate 1- Open up a VPN and connect to the server specified in your email after placing your order. 2- Click [&hellip;]<\/p>\n","protected":false},"featured_media":1332,"comment_status":"closed","ping_status":"closed","template":"","meta":{"_crdt_document":"","jetpack_publicize_message":"","jetpack_publicize_feature_enabled":true,"jetpack_social_post_already_shared":true,"jetpack_social_options":{"image_generator_settings":{"template":"highway","default_image_id":0,"font":"","enabled":false},"version":2},"_wpas_customize_per_network":false},"product_brand":[],"product_cat":[1375,1374],"product_tag":[],"class_list":{"0":"post-665","1":"product","2":"type-product","3":"status-publish","4":"has-post-thumbnail","6":"product_cat-pc","7":"product_cat-xbox","9":"first","10":"outofstock","11":"sale","12":"taxable","13":"shipping-taxable","14":"purchasable","15":"product-type-variable","16":"has-default-attributes"},"yoast_head":"<!-- This site is optimized with the Yoast SEO Premium plugin v27.4 (Yoast SEO v27.4) - https:\/\/yoast.com\/product\/yoast-seo-premium-wordpress\/ -->\n<title>Stardew Valley - EnderG<\/title>\n<meta name=\"robots\" content=\"index, follow, max-snippet:-1, max-image-preview:large, max-video-preview:-1\" \/>\n<link rel=\"canonical\" href=\"https:\/\/enderg.com\/pt\/product\/vale-do-orvalho\/\" \/>\n<meta property=\"og:locale\" content=\"pt_PT\" \/>\n<meta property=\"og:type\" content=\"article\" \/>\n<meta property=\"og:title\" content=\"Stardew Valley\" \/>\n<meta property=\"og:description\" content=\"Fast Delivery Delivery can take 5 to 20 minutes, according to your place in our queue Your Order will be \u2018Auto Refunded\u2019 in case it does not get delivered after 12 hours! How To Activate 1- Open up a VPN and connect to the server specified in your email after placing your order. 2- Click [&hellip;]\" \/>\n<meta property=\"og:url\" content=\"https:\/\/enderg.com\/pt\/product\/vale-do-orvalho\/\" \/>\n<meta property=\"og:site_name\" content=\"EnderG\" \/>\n<meta property=\"article:publisher\" content=\"https:\/\/www.facebook.com\/Endergg1\/\" \/>\n<meta property=\"article:modified_time\" content=\"2024-06-25T22:45:59+00:00\" \/>\n<meta property=\"og:image\" content=\"https:\/\/enderg.com\/wp-content\/uploads\/2022\/08\/Stardew-Valley-promotional-image-Sourcewwwstardewvalleynet-Image-copyright-Eric-Barone_Q640.jpg\" \/>\n\t<meta property=\"og:image:width\" content=\"640\" \/>\n\t<meta property=\"og:image:height\" content=\"640\" \/>\n\t<meta property=\"og:image:type\" content=\"image\/jpeg\" \/>\n<meta name=\"twitter:card\" content=\"summary_large_image\" \/>\n<meta name=\"twitter:label1\" content=\"Tempo estimado de leitura\" \/>\n\t<meta name=\"twitter:data1\" content=\"4 minutos\" \/>\n<script type=\"application\/ld+json\" class=\"yoast-schema-graph\">{\"@context\":\"https:\\\/\\\/schema.org\",\"@graph\":[{\"@type\":\"WebPage\",\"@id\":\"https:\\\/\\\/enderg.com\\\/product\\\/stardew-valley\\\/\",\"url\":\"https:\\\/\\\/enderg.com\\\/product\\\/stardew-valley\\\/\",\"name\":\"Stardew Valley - EnderG\",\"isPartOf\":{\"@id\":\"https:\\\/\\\/enderg.com\\\/#website\"},\"primaryImageOfPage\":{\"@id\":\"https:\\\/\\\/enderg.com\\\/product\\\/stardew-valley\\\/#primaryimage\"},\"image\":{\"@id\":\"https:\\\/\\\/enderg.com\\\/product\\\/stardew-valley\\\/#primaryimage\"},\"thumbnailUrl\":\"https:\\\/\\\/i0.wp.com\\\/enderg.com\\\/wp-content\\\/uploads\\\/2022\\\/08\\\/Stardew-Valley-promotional-image-Sourcewwwstardewvalleynet-Image-copyright-Eric-Barone_Q640.jpg?fit=640%2C640&ssl=1\",\"datePublished\":\"2022-08-06T22:01:45+00:00\",\"dateModified\":\"2024-06-25T22:45:59+00:00\",\"breadcrumb\":{\"@id\":\"https:\\\/\\\/enderg.com\\\/product\\\/stardew-valley\\\/#breadcrumb\"},\"inLanguage\":\"pt-PT\",\"potentialAction\":[{\"@type\":\"ReadAction\",\"target\":[\"https:\\\/\\\/enderg.com\\\/product\\\/stardew-valley\\\/\"]}]},{\"@type\":\"ImageObject\",\"inLanguage\":\"pt-PT\",\"@id\":\"https:\\\/\\\/enderg.com\\\/product\\\/stardew-valley\\\/#primaryimage\",\"url\":\"https:\\\/\\\/i0.wp.com\\\/enderg.com\\\/wp-content\\\/uploads\\\/2022\\\/08\\\/Stardew-Valley-promotional-image-Sourcewwwstardewvalleynet-Image-copyright-Eric-Barone_Q640.jpg?fit=640%2C640&ssl=1\",\"contentUrl\":\"https:\\\/\\\/i0.wp.com\\\/enderg.com\\\/wp-content\\\/uploads\\\/2022\\\/08\\\/Stardew-Valley-promotional-image-Sourcewwwstardewvalleynet-Image-copyright-Eric-Barone_Q640.jpg?fit=640%2C640&ssl=1\",\"width\":640,\"height\":640},{\"@type\":\"BreadcrumbList\",\"@id\":\"https:\\\/\\\/enderg.com\\\/product\\\/stardew-valley\\\/#breadcrumb\",\"itemListElement\":[{\"@type\":\"ListItem\",\"position\":1,\"name\":\"Home\",\"item\":\"https:\\\/\\\/enderg.com\\\/\"},{\"@type\":\"ListItem\",\"position\":2,\"name\":\"Shop\",\"item\":\"https:\\\/\\\/enderg.com\\\/shop\\\/\"},{\"@type\":\"ListItem\",\"position\":3,\"name\":\"Stardew Valley\"}]},{\"@type\":\"WebSite\",\"@id\":\"https:\\\/\\\/enderg.com\\\/#website\",\"url\":\"https:\\\/\\\/enderg.com\\\/\",\"name\":\"EnderG\",\"description\":\"Cheaper Is What We Do!\",\"publisher\":{\"@id\":\"https:\\\/\\\/enderg.com\\\/#organization\"},\"potentialAction\":[{\"@type\":\"SearchAction\",\"target\":{\"@type\":\"EntryPoint\",\"urlTemplate\":\"https:\\\/\\\/enderg.com\\\/?s={search_term_string}\"},\"query-input\":{\"@type\":\"PropertyValueSpecification\",\"valueRequired\":true,\"valueName\":\"search_term_string\"}}],\"inLanguage\":\"pt-PT\"},{\"@type\":\"Organization\",\"@id\":\"https:\\\/\\\/enderg.com\\\/#organization\",\"name\":\"EnderG\",\"url\":\"https:\\\/\\\/enderg.com\\\/\",\"logo\":{\"@type\":\"ImageObject\",\"inLanguage\":\"pt-PT\",\"@id\":\"https:\\\/\\\/enderg.com\\\/#\\\/schema\\\/logo\\\/image\\\/\",\"url\":\"https:\\\/\\\/enderg.com\\\/wp-content\\\/uploads\\\/2023\\\/03\\\/222222222221.png\",\"contentUrl\":\"https:\\\/\\\/enderg.com\\\/wp-content\\\/uploads\\\/2023\\\/03\\\/222222222221.png\",\"width\":512,\"height\":512,\"caption\":\"EnderG\"},\"image\":{\"@id\":\"https:\\\/\\\/enderg.com\\\/#\\\/schema\\\/logo\\\/image\\\/\"},\"sameAs\":[\"https:\\\/\\\/www.facebook.com\\\/Endergg1\\\/\",\"https:\\\/\\\/www.instagram.com\\\/enderg01\",\"https:\\\/\\\/www.youtube.com\\\/@enderg-com\"],\"description\":\"Cheaper Gaming is what we do!\",\"legalName\":\"Vandar Limited\",\"foundingDate\":\"2022-06-21\"}]}<\/script>\n<!-- \/ Yoast SEO Premium plugin. -->","yoast_head_json":{"title":"Stardew Valley - EnderG","robots":{"index":"index","follow":"follow","max-snippet":"max-snippet:-1","max-image-preview":"max-image-preview:large","max-video-preview":"max-video-preview:-1"},"canonical":"https:\/\/enderg.com\/pt\/product\/vale-do-orvalho\/","og_locale":"pt_PT","og_type":"article","og_title":"Stardew Valley","og_description":"Fast Delivery Delivery can take 5 to 20 minutes, according to your place in our queue Your Order will be \u2018Auto Refunded\u2019 in case it does not get delivered after 12 hours! How To Activate 1- Open up a VPN and connect to the server specified in your email after placing your order. 2- Click [&hellip;]","og_url":"https:\/\/enderg.com\/pt\/product\/vale-do-orvalho\/","og_site_name":"EnderG","article_publisher":"https:\/\/www.facebook.com\/Endergg1\/","article_modified_time":"2024-06-25T22:45:59+00:00","og_image":[{"width":640,"height":640,"url":"https:\/\/enderg.com\/wp-content\/uploads\/2022\/08\/Stardew-Valley-promotional-image-Sourcewwwstardewvalleynet-Image-copyright-Eric-Barone_Q640.jpg","type":"image\/jpeg"}],"twitter_card":"summary_large_image","twitter_misc":{"Tempo estimado de leitura":"4 minutos"},"schema":{"@context":"https:\/\/schema.org","@graph":[{"@type":"WebPage","@id":"https:\/\/enderg.com\/product\/stardew-valley\/","url":"https:\/\/enderg.com\/product\/stardew-valley\/","name":"Stardew Valley - EnderG","isPartOf":{"@id":"https:\/\/enderg.com\/#website"},"primaryImageOfPage":{"@id":"https:\/\/enderg.com\/product\/stardew-valley\/#primaryimage"},"image":{"@id":"https:\/\/enderg.com\/product\/stardew-valley\/#primaryimage"},"thumbnailUrl":"https:\/\/i0.wp.com\/enderg.com\/wp-content\/uploads\/2022\/08\/Stardew-Valley-promotional-image-Sourcewwwstardewvalleynet-Image-copyright-Eric-Barone_Q640.jpg?fit=640%2C640&ssl=1","datePublished":"2022-08-06T22:01:45+00:00","dateModified":"2024-06-25T22:45:59+00:00","breadcrumb":{"@id":"https:\/\/enderg.com\/product\/stardew-valley\/#breadcrumb"},"inLanguage":"pt-PT","potentialAction":[{"@type":"ReadAction","target":["https:\/\/enderg.com\/product\/stardew-valley\/"]}]},{"@type":"ImageObject","inLanguage":"pt-PT","@id":"https:\/\/enderg.com\/product\/stardew-valley\/#primaryimage","url":"https:\/\/i0.wp.com\/enderg.com\/wp-content\/uploads\/2022\/08\/Stardew-Valley-promotional-image-Sourcewwwstardewvalleynet-Image-copyright-Eric-Barone_Q640.jpg?fit=640%2C640&ssl=1","contentUrl":"https:\/\/i0.wp.com\/enderg.com\/wp-content\/uploads\/2022\/08\/Stardew-Valley-promotional-image-Sourcewwwstardewvalleynet-Image-copyright-Eric-Barone_Q640.jpg?fit=640%2C640&ssl=1","width":640,"height":640},{"@type":"BreadcrumbList","@id":"https:\/\/enderg.com\/product\/stardew-valley\/#breadcrumb","itemListElement":[{"@type":"ListItem","position":1,"name":"Home","item":"https:\/\/enderg.com\/"},{"@type":"ListItem","position":2,"name":"Shop","item":"https:\/\/enderg.com\/shop\/"},{"@type":"ListItem","position":3,"name":"Stardew Valley"}]},{"@type":"WebSite","@id":"https:\/\/enderg.com\/#website","url":"https:\/\/enderg.com\/","name":"EnderG","description":"Mais barato \u00e9 o que fazemos!","publisher":{"@id":"https:\/\/enderg.com\/#organization"},"potentialAction":[{"@type":"SearchAction","target":{"@type":"EntryPoint","urlTemplate":"https:\/\/enderg.com\/?s={search_term_string}"},"query-input":{"@type":"PropertyValueSpecification","valueRequired":true,"valueName":"search_term_string"}}],"inLanguage":"pt-PT"},{"@type":"Organization","@id":"https:\/\/enderg.com\/#organization","name":"EnderG","url":"https:\/\/enderg.com\/","logo":{"@type":"ImageObject","inLanguage":"pt-PT","@id":"https:\/\/enderg.com\/#\/schema\/logo\/image\/","url":"https:\/\/enderg.com\/wp-content\/uploads\/2023\/03\/222222222221.png","contentUrl":"https:\/\/enderg.com\/wp-content\/uploads\/2023\/03\/222222222221.png","width":512,"height":512,"caption":"EnderG"},"image":{"@id":"https:\/\/enderg.com\/#\/schema\/logo\/image\/"},"sameAs":["https:\/\/www.facebook.com\/Endergg1\/","https:\/\/www.instagram.com\/enderg01","https:\/\/www.youtube.com\/@enderg-com"],"description":"Jogos mais baratos \u00e9 o que fazemos!","legalName":"Vandar Limited","foundingDate":"2022-06-21"}]}},"jetpack_publicize_connections":[],"jetpack_likes_enabled":true,"jetpack_sharing_enabled":true,"jetpack-related-posts":[],"_links":{"self":[{"href":"https:\/\/enderg.com\/pt\/wp-json\/wp\/v2\/product\/665","targetHints":{"allow":["GET"]}}],"collection":[{"href":"https:\/\/enderg.com\/pt\/wp-json\/wp\/v2\/product"}],"about":[{"href":"https:\/\/enderg.com\/pt\/wp-json\/wp\/v2\/types\/product"}],"replies":[{"embeddable":true,"href":"https:\/\/enderg.com\/pt\/wp-json\/wp\/v2\/comments?post=665"}],"version-history":[{"count":8,"href":"https:\/\/enderg.com\/pt\/wp-json\/wp\/v2\/product\/665\/revisions"}],"predecessor-version":[{"id":8776,"href":"https:\/\/enderg.com\/pt\/wp-json\/wp\/v2\/product\/665\/revisions\/8776"}],"wp:featuredmedia":[{"embeddable":true,"href":"https:\/\/enderg.com\/pt\/wp-json\/wp\/v2\/media\/1332"}],"wp:attachment":[{"href":"https:\/\/enderg.com\/pt\/wp-json\/wp\/v2\/media?parent=665"}],"wp:term":[{"taxonomy":"product_brand","embeddable":true,"href":"https:\/\/enderg.com\/pt\/wp-json\/wp\/v2\/product_brand?post=665"},{"taxonomy":"product_cat","embeddable":true,"href":"https:\/\/enderg.com\/pt\/wp-json\/wp\/v2\/product_cat?post=665"},{"taxonomy":"product_tag","embeddable":true,"href":"https:\/\/enderg.com\/pt\/wp-json\/wp\/v2\/product_tag?post=665"}],"curies":[{"name":"wp","href":"https:\/\/api.w.org\/{rel}","templated":true}]}}