{"id":633,"date":"2022-08-07T21:50:10","date_gmt":"2022-08-07T18:50:10","guid":{"rendered":"https:\/\/enderg.com\/?post_type=product&#038;p=633"},"modified":"2024-06-26T01:43:37","modified_gmt":"2024-06-25T22:43:37","slug":"revelacoes-de-resident-evil","status":"publish","type":"product","link":"https:\/\/enderg.com\/pt\/product\/resident-evil-revelations\/","title":{"rendered":"Revela\u00e7\u00f5es de Resident Evil"},"content":{"rendered":"<div data-elementor-type=\"wp-post\" data-elementor-id=\"633\" class=\"elementor elementor-633\" data-elementor-post-type=\"product\">\n\t\t\t\t\t\t<section class=\"elementor-section elementor-top-section elementor-element elementor-element-3680e285 elementor-section-boxed elementor-section-height-default elementor-section-height-default\" data-id=\"3680e285\" data-element_type=\"section\" data-e-type=\"section\">\n\t\t\t\t\t\t<div class=\"elementor-container elementor-column-gap-default\">\n\t\t\t\t\t<div class=\"elementor-column elementor-col-100 elementor-top-column elementor-element elementor-element-2c5e7718\" data-id=\"2c5e7718\" data-element_type=\"column\" data-e-type=\"column\">\n\t\t\t<div class=\"elementor-widget-wrap elementor-element-populated\">\n\t\t\t\t\t\t<div class=\"elementor-element elementor-element-7b4243c6 elementor-widget elementor-widget-accordion\" data-id=\"7b4243c6\" data-element_type=\"widget\" data-e-type=\"widget\" data-widget_type=\"accordion.default\">\n\t\t\t\t<div class=\"elementor-widget-container\">\n\t\t\t\t\t\t\t<div class=\"elementor-accordion\">\n\t\t\t\t\t\t\t<div class=\"elementor-accordion-item\">\n\t\t\t\t\t<h4 id=\"elementor-tab-title-2061\" class=\"elementor-tab-title\" data-tab=\"1\" role=\"button\" aria-controls=\"elementor-tab-content-2061\" aria-expanded=\"false\">\n\t\t\t\t\t\t\t\t\t\t\t\t\t<span class=\"elementor-accordion-icon elementor-accordion-icon-left\" aria-hidden=\"true\">\n\t\t\t\t\t\t\t\t\t\t\t\t\t\t\t<span class=\"elementor-accordion-icon-closed\"><i class=\"fas fa-truck\"><\/i><\/span>\n\t\t\t\t\t\t\t\t<span class=\"elementor-accordion-icon-opened\"><i class=\"fas fa-truck\"><\/i><\/span>\n\t\t\t\t\t\t\t\t\t\t\t\t\t\t<\/span>\n\t\t\t\t\t\t\t\t\t\t\t\t<a class=\"elementor-accordion-title\" tabindex=\"0\">Entrega r\u00e1pida<\/a>\n\t\t\t\t\t<\/h4>\n\t\t\t\t\t<div id=\"elementor-tab-content-2061\" class=\"elementor-tab-content elementor-clearfix\" data-tab=\"1\" role=\"region\" aria-labelledby=\"elementor-tab-title-2061\"><p>A entrega pode levar de 5 a 20 minutos, de acordo com o seu lugar na nossa fila<\/p><p>Seu pedido ser\u00e1 &#039;reembolsado automaticamente&#039; caso n\u00e3o seja entregue ap\u00f3s 12 horas!<\/p><\/div>\n\t\t\t\t<\/div>\n\t\t\t\t\t\t\t\t<\/div>\n\t\t\t\t\t\t<\/div>\n\t\t\t\t<\/div>\n\t\t\t\t<div class=\"elementor-element elementor-element-4e9a935f elementor-widget elementor-widget-accordion\" data-id=\"4e9a935f\" data-element_type=\"widget\" data-e-type=\"widget\" data-widget_type=\"accordion.default\">\n\t\t\t\t<div class=\"elementor-widget-container\">\n\t\t\t\t\t\t\t<div class=\"elementor-accordion\">\n\t\t\t\t\t\t\t<div class=\"elementor-accordion-item\">\n\t\t\t\t\t<h4 id=\"elementor-tab-title-1311\" class=\"elementor-tab-title\" data-tab=\"1\" role=\"button\" aria-controls=\"elementor-tab-content-1311\" aria-expanded=\"false\">\n\t\t\t\t\t\t\t\t\t\t\t\t\t<span class=\"elementor-accordion-icon elementor-accordion-icon-left\" aria-hidden=\"true\">\n\t\t\t\t\t\t\t\t\t\t\t\t\t\t\t<span class=\"elementor-accordion-icon-closed\"><i class=\"fab fa-xbox\"><\/i><\/span>\n\t\t\t\t\t\t\t\t<span class=\"elementor-accordion-icon-opened\"><i class=\"fab fa-xbox\"><\/i><\/span>\n\t\t\t\t\t\t\t\t\t\t\t\t\t\t<\/span>\n\t\t\t\t\t\t\t\t\t\t\t\t<a class=\"elementor-accordion-title\" tabindex=\"0\">Como Ativar<\/a>\n\t\t\t\t\t<\/h4>\n\t\t\t\t\t<div id=\"elementor-tab-content-1311\" class=\"elementor-tab-content elementor-clearfix\" data-tab=\"1\" role=\"region\" aria-labelledby=\"elementor-tab-title-1311\"><p>1- Abra uma VPN e conecte-se ao servidor especificado em seu e-mail ap\u00f3s fazer seu pedido.\u00a0<\/p><p>2- Clique aqui\u00a0<a title=\"https:\/\/account.microsoft.com\/billing\/redeem?refd=login.live.com\" href=\"https:\/\/account.microsoft.com\/billing\/redeem?refd=login.live.com\"><strong>Link<\/strong><\/a>\u00a0&amp; Fa\u00e7a login na sua conta e resgate a chave que voc\u00ea recebeu!<\/p><p>3- Aproveite!<\/p><\/div>\n\t\t\t\t<\/div>\n\t\t\t\t\t\t\t\t<\/div>\n\t\t\t\t\t\t<\/div>\n\t\t\t\t<\/div>\n\t\t\t\t\t<\/div>\n\t\t<\/div>\n\t\t\t\t\t<\/div>\n\t\t<\/section>\n\t\t\t\t<section class=\"elementor-section elementor-top-section elementor-element elementor-element-35e9a59e elementor-section-boxed elementor-section-height-default elementor-section-height-default\" data-id=\"35e9a59e\" data-element_type=\"section\" data-e-type=\"section\">\n\t\t\t\t\t\t<div class=\"elementor-container elementor-column-gap-default\">\n\t\t\t\t\t<div class=\"elementor-column elementor-col-100 elementor-top-column elementor-element elementor-element-40aca485\" data-id=\"40aca485\" data-element_type=\"column\" data-e-type=\"column\">\n\t\t\t<div class=\"elementor-widget-wrap elementor-element-populated\">\n\t\t\t\t\t\t<div class=\"elementor-element elementor-element-5fa92f18 elementor-widget elementor-widget-text-editor\" data-id=\"5fa92f18\" data-element_type=\"widget\" data-e-type=\"widget\" data-widget_type=\"text-editor.default\">\n\t\t\t\t<div class=\"elementor-widget-container\">\n\t\t\t\t\t\t\t\t\t<div class=\"game_page_autocollapse_ctn expanded\"><div id=\"aboutThisGame\" class=\"game_page_autocollapse\" data-panel=\"{&quot;type&quot;:&quot;PanelGroup&quot;}\"><div id=\"game_area_description\" class=\"game_area_description\"><h4 style=\"text-align: center;\"><strong style=\"font-size: 1.41575em;\">SOBRE ESTE JOGO<\/strong><\/h4><p>Resident Evil<sup>\u00ae<\/sup>\u00a0Resident Evil Revelations retorna repaginado para PC, com visuais em alta defini\u00e7\u00e3o, efeitos de ilumina\u00e7\u00e3o aprimorados e uma experi\u00eancia sonora imersiva. Esta vers\u00e3o mais recente de Resident Evil Revelations tamb\u00e9m oferece conte\u00fado adicional, incluindo um novo inimigo aterrorizante, um modo de dificuldade extra e integra\u00e7\u00e3o com outros jogos.\u00a0<a href=\"https:\/\/steamcommunity.com\/linkfilter\/?url=http:\/\/ResidentEvil.net\" target=\"_blank\" rel=\"noopener\">ResidentEvil.net<\/a>\u00a0e melhorias no Modo Raid. O Modo Raid, introduzido na s\u00e9rie no primeiro Resident Evil Revelations, permite que os jogadores joguem online em modo cooperativo ou sozinhos em modo para um jogador, enfrentando hordas de inimigos em diversas miss\u00f5es, enquanto evoluem seus personagens e obt\u00eam melhorias para suas armas. Novas armas, conjuntos de habilidades e personagens jog\u00e1veis, incluindo Hunk, elevam a experi\u00eancia do Modo Raid a um novo patamar.<\/p><p>O aclamado jogo de terror e sobreviv\u00eancia leva os jogadores de volta aos eventos que ocorreram entre Resident Evil.<sup>\u00ae<\/sup>\u00a04 e Resident Evil<sup>\u00ae<\/sup>\u00a0Resident Evil Revelations, o quinto jogo da s\u00e9rie, revela a verdade sobre o v\u00edrus T-Abyss. O jogo conta com os atores favoritos da franquia, Jill Valentine e Chris Redfield, al\u00e9m de seus respectivos parceiros da BSAA, Parker Luciani e Jessica Sherawat. A a\u00e7\u00e3o come\u00e7a a bordo de um navio de cruzeiro supostamente abandonado, o &quot;Queen Zenobia&quot;, onde horrores espreitam a cada esquina, antes dos jogadores seguirem para o continente e a devastada cidade de Terragrigia. Com muni\u00e7\u00e3o e armas limitadas, a corrida pela sobreviv\u00eancia em Resident Evil Revelations come\u00e7a.<\/p><h2 class=\"bb_tag\">Caracter\u00edsticas principais<\/h2><ul class=\"bb_ul\"><li><strong>Fidelidade visual e sonora aprimorada\u00a0<\/strong>\u2013 Resident Evil Revelations traz um terror arrepiante com visuais em alta defini\u00e7\u00e3o, efeitos de ilumina\u00e7\u00e3o aprimorados e uma experi\u00eancia sonora imersiva.<\/li><li><strong>A jogabilidade cl\u00e1ssica de terror e sobreviv\u00eancia est\u00e1 de volta.\u00a0<\/strong>\u2013 A experi\u00eancia para um jogador no modo campanha leva os jogadores a explorar uma variedade de locais diferentes, incluindo os espa\u00e7os escuros e confinados de um navio de cruzeiro e as trai\u00e7oeiras montanhas cobertas de neve. Com muni\u00e7\u00e3o e armas limitadas, lute contra inimigos infectados que espreitam em cada esquina.<\/li><li><strong>O inferno ficou ainda mais quente.\u00a0<\/strong>\u2013 O Modo Infernal, um novo n\u00edvel de dificuldade para a edi\u00e7\u00e3o HD remasterizada, n\u00e3o \u00e9 apenas mais desafiador que os modos F\u00e1cil e Normal, mas tamb\u00e9m reorganiza a disposi\u00e7\u00e3o de inimigos e itens, de modo que at\u00e9 mesmo aqueles familiarizados com o jogo descobrir\u00e3o novos terrores.<\/li><li><strong>Conhe\u00e7a a embalagem blister\u00a0<\/strong>\u2013 Um inimigo totalmente novo, o Wall Blister, \u00e9 uma criatura mutante surgida do v\u00edrus T-Abyss, que se espalha pela \u00e1gua, aumentando os horrores que espreitam em cada esquina.<\/li><li><strong><a href=\"https:\/\/steamcommunity.com\/linkfilter\/?url=http:\/\/Residentevil.net\" target=\"_blank\" rel=\"noopener\">Residentevil.net<\/a>\u00a0apoiar\u00a0<\/strong>\u2013 Resident Evil Revelations aproveitar\u00e1 ao m\u00e1ximo\u00a0<a href=\"https:\/\/steamcommunity.com\/linkfilter\/?url=http:\/\/Residentevil.net\" target=\"_blank\" rel=\"noopener\">Residentevil.net<\/a>\u00a0Com conte\u00fado dispon\u00edvel para os usu\u00e1rios assim que o jogo for lan\u00e7ado. Ganhe armas e pe\u00e7as personalizadas e use-as no jogo, colete figuras que podem ser usadas em dioramas e verifique suas estat\u00edsticas atrav\u00e9s do servi\u00e7o online.<\/li><li><strong>Modo Raid aprimorado\u00a0<\/strong>\u2013 Novas armas, conjuntos de habilidades, personagens jog\u00e1veis, incluindo Rachel e Hunk, e inimigos exclusivos deste modo foram adicionados nesta vers\u00e3o mais recente.<\/li><li><strong>Utilize seu equipamento\u00a0<\/strong>\u2013 Analise inimigos e investigue \u00e1reas com o scanner Genesis para revelar itens escondidos.<\/li><\/ul><\/div><\/div><\/div><div class=\"game_page_autocollapse_ctn\"><div class=\"game_page_autocollapse sys_req\"><h2><iframe title=\"Reprodutor de v\u00eddeo do YouTube\" data-src=\"https:\/\/www.youtube.com\/embed\/pgSF2aY9MtM\" width=\"560\" height=\"315\" frameborder=\"0\" allowfullscreen=\"allowfullscreen\" src=\"data:image\/svg+xml;base64,PHN2ZyB3aWR0aD0iMSIgaGVpZ2h0PSIxIiB4bWxucz0iaHR0cDovL3d3dy53My5vcmcvMjAwMC9zdmciPjwvc3ZnPg==\" class=\"lazyload\" data-load-mode=\"1\"><\/iframe><\/h2><h2>REQUISITOS DE SISTEMA<\/h2><div class=\"sysreq_contents\"><div class=\"game_area_sys_req sysreq_content active\" data-os=\"win\"><div class=\"game_area_sys_req_leftCol\"><p><strong>M\u00cdNIMO:<\/strong><\/p><ul><li style=\"list-style-type: none;\"><ul class=\"bb_ul\"><li><strong>SO:<\/strong>Windows\u00ae 8.1 \/ Windows\u00ae10<\/li><li><strong>Processador:<\/strong>Intel\u00ae Core\u2122 2 Duo 2.4Ghz ou superior, AMD Athlon\u2122 X2 2.8 Ghz ou superior<\/li><li><strong>Mem\u00f3ria:<\/strong>2 GB de RAM<\/li><li><strong>Gr\u00e1ficos:<\/strong>NVIDIA\u00ae GeForce\u00ae 8800GTS ou superior, ATI Radeon\u2122 HD3850 ou superior<\/li><li><strong>DirectX\u00ae:<\/strong>9,0c<\/li><li><strong>Disco r\u00edgido:<\/strong>8 GB de espa\u00e7o em disco r\u00edgido<\/li><li><strong>Som:<\/strong>Suporte a DirectSound com DirectX 9.0c ou superior.<\/li><li><strong>Outros requerimentos:<\/strong>Conex\u00e3o internet banda larga<\/li><\/ul><\/li><\/ul><\/div><div class=\"game_area_sys_req_rightCol\"><p><strong>RECOMENDADO:<\/strong><\/p><ul><li style=\"list-style-type: none;\"><ul class=\"bb_ul\"><li><strong>SO:<\/strong>Windows\u00ae 8.1 \/ Windows\u00ae10<\/li><li><strong>Processador:<\/strong>Intel\u00ae Core\u2122 2 Quad 2,7 Ghz ou superior, AMD Phenom\u2122 II X4 3 Ghz ou superior<\/li><li><strong>Mem\u00f3ria:<\/strong>4 GB de RAM<\/li><li><strong>Gr\u00e1ficos:<\/strong>NVIDIA\u00ae GeForce\u00ae GTX 560 ou superior, ATI Radeon\u2122 HD6950 ou superior<\/li><li><strong>DirectX\u00ae:<\/strong>9,0c<\/li><li><strong>Disco r\u00edgido:<\/strong>8 GB de espa\u00e7o em disco r\u00edgido<\/li><li><strong>Som:<\/strong>Suporte a DirectSound com DirectX 9.0c ou superior.<\/li><li><strong>Outros requerimentos:<\/strong>Conex\u00e3o internet banda larga<\/li><\/ul><\/li><\/ul><\/div><div>\u00a0<\/div><\/div><\/div><\/div><\/div><div class=\"game_page_autocollapse_ctn\"><div class=\"game_page_autocollapse\"><div id=\"game_area_legal\">\u00a0<\/div><\/div><\/div>\t\t\t\t\t\t\t\t<\/div>\n\t\t\t\t<\/div>\n\t\t\t\t\t<\/div>\n\t\t<\/div>\n\t\t\t\t\t<\/div>\n\t\t<\/section>\n\t\t\t\t<\/div>","protected":false},"excerpt":{"rendered":"<p>Fast Delivery Delivery can take 5 to 20 minutes, according to your place in our queue Your Order will be \u2018Auto Refunded\u2019 in case it does not get delivered after 12 hours! How To Activate 1- Open up a VPN and connect to the server specified in your email after placing your order.\u00a0 2- Click [&hellip;]<\/p>\n","protected":false},"featured_media":1240,"comment_status":"open","ping_status":"closed","template":"","meta":{"_crdt_document":"","jetpack_publicize_message":"","jetpack_publicize_feature_enabled":true,"jetpack_social_post_already_shared":true,"jetpack_social_options":{"image_generator_settings":{"template":"highway","default_image_id":0,"font":"","enabled":false},"version":2},"_wpas_customize_per_network":false},"product_brand":[],"product_cat":[1375,1374],"product_tag":[],"class_list":{"0":"post-633","1":"product","2":"type-product","3":"status-publish","4":"has-post-thumbnail","6":"product_cat-pc","7":"product_cat-xbox","9":"first","10":"outofstock","11":"sale","12":"taxable","13":"shipping-taxable","14":"purchasable","15":"product-type-variable","16":"has-default-attributes"},"yoast_head":"<!-- This site is optimized with the Yoast SEO Premium plugin v27.3 (Yoast SEO v27.3) - https:\/\/yoast.com\/product\/yoast-seo-premium-wordpress\/ -->\n<title>Resident Evil Revelations - EnderG<\/title>\n<meta name=\"robots\" content=\"index, follow, max-snippet:-1, max-image-preview:large, max-video-preview:-1\" \/>\n<link rel=\"canonical\" href=\"https:\/\/enderg.com\/pt\/product\/revelacoes-de-resident-evil\/\" \/>\n<meta property=\"og:locale\" content=\"pt_PT\" \/>\n<meta property=\"og:type\" content=\"article\" \/>\n<meta property=\"og:title\" content=\"Resident Evil Revelations\" \/>\n<meta property=\"og:description\" content=\"Fast Delivery Delivery can take 5 to 20 minutes, according to your place in our queue Your Order will be \u2018Auto Refunded\u2019 in case it does not get delivered after 12 hours! How To Activate 1- Open up a VPN and connect to the server specified in your email after placing your order.\u00a0 2- Click [&hellip;]\" \/>\n<meta property=\"og:url\" content=\"https:\/\/enderg.com\/pt\/product\/revelacoes-de-resident-evil\/\" \/>\n<meta property=\"og:site_name\" content=\"EnderG\" \/>\n<meta property=\"article:publisher\" content=\"https:\/\/www.facebook.com\/Endergg1\/\" \/>\n<meta property=\"article:modified_time\" content=\"2024-06-25T22:43:37+00:00\" \/>\n<meta property=\"og:image\" content=\"https:\/\/enderg.com\/wp-content\/uploads\/2022\/08\/LX4fV6Y1lFhvdEyf1V3npgFtlRx4NfSf.jpg\" \/>\n\t<meta property=\"og:image:width\" content=\"1024\" \/>\n\t<meta property=\"og:image:height\" content=\"1024\" \/>\n\t<meta property=\"og:image:type\" content=\"image\/jpeg\" \/>\n<meta name=\"twitter:card\" content=\"summary_large_image\" \/>\n<meta name=\"twitter:label1\" content=\"Tempo estimado de leitura\" \/>\n\t<meta name=\"twitter:data1\" content=\"4 minutos\" \/>\n<script type=\"application\/ld+json\" class=\"yoast-schema-graph\">{\"@context\":\"https:\\\/\\\/schema.org\",\"@graph\":[{\"@type\":\"WebPage\",\"@id\":\"https:\\\/\\\/enderg.com\\\/product\\\/resident-evil-revelations\\\/\",\"url\":\"https:\\\/\\\/enderg.com\\\/product\\\/resident-evil-revelations\\\/\",\"name\":\"Resident Evil Revelations - EnderG\",\"isPartOf\":{\"@id\":\"https:\\\/\\\/enderg.com\\\/#website\"},\"primaryImageOfPage\":{\"@id\":\"https:\\\/\\\/enderg.com\\\/product\\\/resident-evil-revelations\\\/#primaryimage\"},\"image\":{\"@id\":\"https:\\\/\\\/enderg.com\\\/product\\\/resident-evil-revelations\\\/#primaryimage\"},\"thumbnailUrl\":\"https:\\\/\\\/i0.wp.com\\\/enderg.com\\\/wp-content\\\/uploads\\\/2022\\\/08\\\/LX4fV6Y1lFhvdEyf1V3npgFtlRx4NfSf.jpg?fit=1024%2C1024&ssl=1\",\"datePublished\":\"2022-08-07T18:50:10+00:00\",\"dateModified\":\"2024-06-25T22:43:37+00:00\",\"breadcrumb\":{\"@id\":\"https:\\\/\\\/enderg.com\\\/product\\\/resident-evil-revelations\\\/#breadcrumb\"},\"inLanguage\":\"pt-PT\",\"potentialAction\":[{\"@type\":\"ReadAction\",\"target\":[\"https:\\\/\\\/enderg.com\\\/product\\\/resident-evil-revelations\\\/\"]}]},{\"@type\":\"ImageObject\",\"inLanguage\":\"pt-PT\",\"@id\":\"https:\\\/\\\/enderg.com\\\/product\\\/resident-evil-revelations\\\/#primaryimage\",\"url\":\"https:\\\/\\\/i0.wp.com\\\/enderg.com\\\/wp-content\\\/uploads\\\/2022\\\/08\\\/LX4fV6Y1lFhvdEyf1V3npgFtlRx4NfSf.jpg?fit=1024%2C1024&ssl=1\",\"contentUrl\":\"https:\\\/\\\/i0.wp.com\\\/enderg.com\\\/wp-content\\\/uploads\\\/2022\\\/08\\\/LX4fV6Y1lFhvdEyf1V3npgFtlRx4NfSf.jpg?fit=1024%2C1024&ssl=1\",\"width\":1024,\"height\":1024},{\"@type\":\"BreadcrumbList\",\"@id\":\"https:\\\/\\\/enderg.com\\\/product\\\/resident-evil-revelations\\\/#breadcrumb\",\"itemListElement\":[{\"@type\":\"ListItem\",\"position\":1,\"name\":\"Home\",\"item\":\"https:\\\/\\\/enderg.com\\\/\"},{\"@type\":\"ListItem\",\"position\":2,\"name\":\"Shop\",\"item\":\"https:\\\/\\\/enderg.com\\\/shop\\\/\"},{\"@type\":\"ListItem\",\"position\":3,\"name\":\"Resident Evil Revelations\"}]},{\"@type\":\"WebSite\",\"@id\":\"https:\\\/\\\/enderg.com\\\/#website\",\"url\":\"https:\\\/\\\/enderg.com\\\/\",\"name\":\"EnderG\",\"description\":\"Cheaper Is What We Do!\",\"publisher\":{\"@id\":\"https:\\\/\\\/enderg.com\\\/#organization\"},\"potentialAction\":[{\"@type\":\"SearchAction\",\"target\":{\"@type\":\"EntryPoint\",\"urlTemplate\":\"https:\\\/\\\/enderg.com\\\/?s={search_term_string}\"},\"query-input\":{\"@type\":\"PropertyValueSpecification\",\"valueRequired\":true,\"valueName\":\"search_term_string\"}}],\"inLanguage\":\"pt-PT\"},{\"@type\":\"Organization\",\"@id\":\"https:\\\/\\\/enderg.com\\\/#organization\",\"name\":\"EnderG\",\"url\":\"https:\\\/\\\/enderg.com\\\/\",\"logo\":{\"@type\":\"ImageObject\",\"inLanguage\":\"pt-PT\",\"@id\":\"https:\\\/\\\/enderg.com\\\/#\\\/schema\\\/logo\\\/image\\\/\",\"url\":\"https:\\\/\\\/enderg.com\\\/wp-content\\\/uploads\\\/2023\\\/03\\\/222222222221.png\",\"contentUrl\":\"https:\\\/\\\/enderg.com\\\/wp-content\\\/uploads\\\/2023\\\/03\\\/222222222221.png\",\"width\":512,\"height\":512,\"caption\":\"EnderG\"},\"image\":{\"@id\":\"https:\\\/\\\/enderg.com\\\/#\\\/schema\\\/logo\\\/image\\\/\"},\"sameAs\":[\"https:\\\/\\\/www.facebook.com\\\/Endergg1\\\/\",\"https:\\\/\\\/www.instagram.com\\\/enderg01\",\"https:\\\/\\\/www.youtube.com\\\/@enderg-com\"],\"description\":\"Cheaper Gaming is what we do!\",\"legalName\":\"Vandar Limited\",\"foundingDate\":\"2022-06-21\"}]}<\/script>\n<!-- \/ Yoast SEO Premium plugin. -->","yoast_head_json":{"title":"Resident Evil Revela\u00e7\u00f5es - EnderG","robots":{"index":"index","follow":"follow","max-snippet":"max-snippet:-1","max-image-preview":"max-image-preview:large","max-video-preview":"max-video-preview:-1"},"canonical":"https:\/\/enderg.com\/pt\/product\/revelacoes-de-resident-evil\/","og_locale":"pt_PT","og_type":"article","og_title":"Resident Evil Revelations","og_description":"Fast Delivery Delivery can take 5 to 20 minutes, according to your place in our queue Your Order will be \u2018Auto Refunded\u2019 in case it does not get delivered after 12 hours! How To Activate 1- Open up a VPN and connect to the server specified in your email after placing your order.\u00a0 2- Click [&hellip;]","og_url":"https:\/\/enderg.com\/pt\/product\/revelacoes-de-resident-evil\/","og_site_name":"EnderG","article_publisher":"https:\/\/www.facebook.com\/Endergg1\/","article_modified_time":"2024-06-25T22:43:37+00:00","og_image":[{"width":1024,"height":1024,"url":"https:\/\/enderg.com\/wp-content\/uploads\/2022\/08\/LX4fV6Y1lFhvdEyf1V3npgFtlRx4NfSf.jpg","type":"image\/jpeg"}],"twitter_card":"summary_large_image","twitter_misc":{"Tempo estimado de leitura":"4 minutos"},"schema":{"@context":"https:\/\/schema.org","@graph":[{"@type":"WebPage","@id":"https:\/\/enderg.com\/product\/resident-evil-revelations\/","url":"https:\/\/enderg.com\/product\/resident-evil-revelations\/","name":"Resident Evil Revela\u00e7\u00f5es - EnderG","isPartOf":{"@id":"https:\/\/enderg.com\/#website"},"primaryImageOfPage":{"@id":"https:\/\/enderg.com\/product\/resident-evil-revelations\/#primaryimage"},"image":{"@id":"https:\/\/enderg.com\/product\/resident-evil-revelations\/#primaryimage"},"thumbnailUrl":"https:\/\/i0.wp.com\/enderg.com\/wp-content\/uploads\/2022\/08\/LX4fV6Y1lFhvdEyf1V3npgFtlRx4NfSf.jpg?fit=1024%2C1024&ssl=1","datePublished":"2022-08-07T18:50:10+00:00","dateModified":"2024-06-25T22:43:37+00:00","breadcrumb":{"@id":"https:\/\/enderg.com\/product\/resident-evil-revelations\/#breadcrumb"},"inLanguage":"pt-PT","potentialAction":[{"@type":"ReadAction","target":["https:\/\/enderg.com\/product\/resident-evil-revelations\/"]}]},{"@type":"ImageObject","inLanguage":"pt-PT","@id":"https:\/\/enderg.com\/product\/resident-evil-revelations\/#primaryimage","url":"https:\/\/i0.wp.com\/enderg.com\/wp-content\/uploads\/2022\/08\/LX4fV6Y1lFhvdEyf1V3npgFtlRx4NfSf.jpg?fit=1024%2C1024&ssl=1","contentUrl":"https:\/\/i0.wp.com\/enderg.com\/wp-content\/uploads\/2022\/08\/LX4fV6Y1lFhvdEyf1V3npgFtlRx4NfSf.jpg?fit=1024%2C1024&ssl=1","width":1024,"height":1024},{"@type":"BreadcrumbList","@id":"https:\/\/enderg.com\/product\/resident-evil-revelations\/#breadcrumb","itemListElement":[{"@type":"ListItem","position":1,"name":"Home","item":"https:\/\/enderg.com\/"},{"@type":"ListItem","position":2,"name":"Shop","item":"https:\/\/enderg.com\/shop\/"},{"@type":"ListItem","position":3,"name":"Resident Evil Revelations"}]},{"@type":"WebSite","@id":"https:\/\/enderg.com\/#website","url":"https:\/\/enderg.com\/","name":"EnderG","description":"Mais barato \u00e9 o que fazemos!","publisher":{"@id":"https:\/\/enderg.com\/#organization"},"potentialAction":[{"@type":"SearchAction","target":{"@type":"EntryPoint","urlTemplate":"https:\/\/enderg.com\/?s={search_term_string}"},"query-input":{"@type":"PropertyValueSpecification","valueRequired":true,"valueName":"search_term_string"}}],"inLanguage":"pt-PT"},{"@type":"Organization","@id":"https:\/\/enderg.com\/#organization","name":"EnderG","url":"https:\/\/enderg.com\/","logo":{"@type":"ImageObject","inLanguage":"pt-PT","@id":"https:\/\/enderg.com\/#\/schema\/logo\/image\/","url":"https:\/\/enderg.com\/wp-content\/uploads\/2023\/03\/222222222221.png","contentUrl":"https:\/\/enderg.com\/wp-content\/uploads\/2023\/03\/222222222221.png","width":512,"height":512,"caption":"EnderG"},"image":{"@id":"https:\/\/enderg.com\/#\/schema\/logo\/image\/"},"sameAs":["https:\/\/www.facebook.com\/Endergg1\/","https:\/\/www.instagram.com\/enderg01","https:\/\/www.youtube.com\/@enderg-com"],"description":"Jogos mais baratos \u00e9 o que fazemos!","legalName":"Vandar Limited","foundingDate":"2022-06-21"}]}},"jetpack_publicize_connections":[],"jetpack_likes_enabled":true,"jetpack_sharing_enabled":true,"jetpack-related-posts":[],"_links":{"self":[{"href":"https:\/\/enderg.com\/pt\/wp-json\/wp\/v2\/product\/633","targetHints":{"allow":["GET"]}}],"collection":[{"href":"https:\/\/enderg.com\/pt\/wp-json\/wp\/v2\/product"}],"about":[{"href":"https:\/\/enderg.com\/pt\/wp-json\/wp\/v2\/types\/product"}],"replies":[{"embeddable":true,"href":"https:\/\/enderg.com\/pt\/wp-json\/wp\/v2\/comments?post=633"}],"version-history":[{"count":18,"href":"https:\/\/enderg.com\/pt\/wp-json\/wp\/v2\/product\/633\/revisions"}],"predecessor-version":[{"id":8712,"href":"https:\/\/enderg.com\/pt\/wp-json\/wp\/v2\/product\/633\/revisions\/8712"}],"wp:featuredmedia":[{"embeddable":true,"href":"https:\/\/enderg.com\/pt\/wp-json\/wp\/v2\/media\/1240"}],"wp:attachment":[{"href":"https:\/\/enderg.com\/pt\/wp-json\/wp\/v2\/media?parent=633"}],"wp:term":[{"taxonomy":"product_brand","embeddable":true,"href":"https:\/\/enderg.com\/pt\/wp-json\/wp\/v2\/product_brand?post=633"},{"taxonomy":"product_cat","embeddable":true,"href":"https:\/\/enderg.com\/pt\/wp-json\/wp\/v2\/product_cat?post=633"},{"taxonomy":"product_tag","embeddable":true,"href":"https:\/\/enderg.com\/pt\/wp-json\/wp\/v2\/product_tag?post=633"}],"curies":[{"name":"wp","href":"https:\/\/api.w.org\/{rel}","templated":true}]}}