{"id":484,"date":"2022-08-07T21:17:07","date_gmt":"2022-08-07T18:17:07","guid":{"rendered":"https:\/\/enderg.com\/?post_type=product&#038;p=484"},"modified":"2024-06-26T01:45:02","modified_gmt":"2024-06-25T22:45:02","slug":"fifa-22","status":"publish","type":"product","link":"https:\/\/enderg.com\/pt\/product\/fifa-22\/","title":{"rendered":"FIFA 22"},"content":{"rendered":"<div data-elementor-type=\"wp-post\" data-elementor-id=\"484\" class=\"elementor elementor-484\" data-elementor-post-type=\"product\">\n\t\t\t\t\t\t<section class=\"elementor-section elementor-top-section elementor-element elementor-element-2602b42c elementor-section-boxed elementor-section-height-default elementor-section-height-default\" data-id=\"2602b42c\" data-element_type=\"section\" data-e-type=\"section\">\n\t\t\t\t\t\t<div class=\"elementor-container elementor-column-gap-default\">\n\t\t\t\t\t<div class=\"elementor-column elementor-col-100 elementor-top-column elementor-element elementor-element-720be4ec\" data-id=\"720be4ec\" data-element_type=\"column\" data-e-type=\"column\">\n\t\t\t<div class=\"elementor-widget-wrap elementor-element-populated\">\n\t\t\t\t\t\t<div class=\"elementor-element elementor-element-4466e826 elementor-widget elementor-widget-accordion\" data-id=\"4466e826\" data-element_type=\"widget\" data-e-type=\"widget\" data-widget_type=\"accordion.default\">\n\t\t\t\t<div class=\"elementor-widget-container\">\n\t\t\t\t\t\t\t<div class=\"elementor-accordion\">\n\t\t\t\t\t\t\t<div class=\"elementor-accordion-item\">\n\t\t\t\t\t<h4 id=\"elementor-tab-title-1141\" class=\"elementor-tab-title\" data-tab=\"1\" role=\"button\" aria-controls=\"elementor-tab-content-1141\" aria-expanded=\"false\">\n\t\t\t\t\t\t\t\t\t\t\t\t\t<span class=\"elementor-accordion-icon elementor-accordion-icon-left\" aria-hidden=\"true\">\n\t\t\t\t\t\t\t\t\t\t\t\t\t\t\t<span class=\"elementor-accordion-icon-closed\"><i class=\"fas fa-truck\"><\/i><\/span>\n\t\t\t\t\t\t\t\t<span class=\"elementor-accordion-icon-opened\"><i class=\"fas fa-truck\"><\/i><\/span>\n\t\t\t\t\t\t\t\t\t\t\t\t\t\t<\/span>\n\t\t\t\t\t\t\t\t\t\t\t\t<a class=\"elementor-accordion-title\" tabindex=\"0\">Entrega r\u00e1pida<\/a>\n\t\t\t\t\t<\/h4>\n\t\t\t\t\t<div id=\"elementor-tab-content-1141\" class=\"elementor-tab-content elementor-clearfix\" data-tab=\"1\" role=\"region\" aria-labelledby=\"elementor-tab-title-1141\"><p>A entrega pode levar de 5 a 20 minutos, de acordo com o seu lugar na nossa fila<\/p><p>Seu pedido ser\u00e1 &#039;reembolsado automaticamente&#039; caso n\u00e3o seja entregue ap\u00f3s 12 horas!<\/p><\/div>\n\t\t\t\t<\/div>\n\t\t\t\t\t\t\t\t<\/div>\n\t\t\t\t\t\t<\/div>\n\t\t\t\t<\/div>\n\t\t\t\t<div class=\"elementor-element elementor-element-14f7dc2d elementor-widget elementor-widget-accordion\" data-id=\"14f7dc2d\" data-element_type=\"widget\" data-e-type=\"widget\" data-widget_type=\"accordion.default\">\n\t\t\t\t<div class=\"elementor-widget-container\">\n\t\t\t\t\t\t\t<div class=\"elementor-accordion\">\n\t\t\t\t\t\t\t<div class=\"elementor-accordion-item\">\n\t\t\t\t\t<h4 id=\"elementor-tab-title-3511\" class=\"elementor-tab-title\" data-tab=\"1\" role=\"button\" aria-controls=\"elementor-tab-content-3511\" aria-expanded=\"false\">\n\t\t\t\t\t\t\t\t\t\t\t\t\t<span class=\"elementor-accordion-icon elementor-accordion-icon-left\" aria-hidden=\"true\">\n\t\t\t\t\t\t\t\t\t\t\t\t\t\t\t<span class=\"elementor-accordion-icon-closed\"><i class=\"fab fa-xbox\"><\/i><\/span>\n\t\t\t\t\t\t\t\t<span class=\"elementor-accordion-icon-opened\"><i class=\"fab fa-xbox\"><\/i><\/span>\n\t\t\t\t\t\t\t\t\t\t\t\t\t\t<\/span>\n\t\t\t\t\t\t\t\t\t\t\t\t<a class=\"elementor-accordion-title\" tabindex=\"0\">Como Ativar<\/a>\n\t\t\t\t\t<\/h4>\n\t\t\t\t\t<div id=\"elementor-tab-content-3511\" class=\"elementor-tab-content elementor-clearfix\" data-tab=\"1\" role=\"region\" aria-labelledby=\"elementor-tab-title-3511\"><p>1- Abra uma VPN e conecte-se ao servidor especificado em seu e-mail ap\u00f3s fazer seu pedido.<\/p><p>2- Clique aqui\u00a0<a title=\"https:\/\/account.microsoft.com\/billing\/redeem?refd=login.live.com\" href=\"https:\/\/account.microsoft.com\/billing\/redeem?refd=login.live.com\"><strong>Link<\/strong><\/a>\u00a0&amp; Fa\u00e7a login na sua conta e resgate a chave que voc\u00ea recebeu!<\/p><p>3- Aproveite!<\/p><\/div>\n\t\t\t\t<\/div>\n\t\t\t\t\t\t\t\t<\/div>\n\t\t\t\t\t\t<\/div>\n\t\t\t\t<\/div>\n\t\t\t\t\t<\/div>\n\t\t<\/div>\n\t\t\t\t\t<\/div>\n\t\t<\/section>\n\t\t\t\t<section class=\"elementor-section elementor-top-section elementor-element elementor-element-4266cde6 elementor-section-boxed elementor-section-height-default elementor-section-height-default\" data-id=\"4266cde6\" data-element_type=\"section\" data-e-type=\"section\">\n\t\t\t\t\t\t<div class=\"elementor-container elementor-column-gap-default\">\n\t\t\t\t\t<div class=\"elementor-column elementor-col-100 elementor-top-column elementor-element elementor-element-5a5eae55\" data-id=\"5a5eae55\" data-element_type=\"column\" data-e-type=\"column\">\n\t\t\t<div class=\"elementor-widget-wrap elementor-element-populated\">\n\t\t\t\t\t\t<div class=\"elementor-element elementor-element-1e336260 elementor-widget elementor-widget-text-editor\" data-id=\"1e336260\" data-element_type=\"widget\" data-e-type=\"widget\" data-widget_type=\"text-editor.default\">\n\t\t\t\t<div class=\"elementor-widget-container\">\n\t\t\t\t\t\t\t\t\t<div class=\"game_page_autocollapse_ctn expanded\"><div id=\"aboutThisGame\" class=\"game_page_autocollapse\" data-panel=\"{&quot;type&quot;:&quot;PanelGroup&quot;}\"><div id=\"game_area_description\" class=\"game_area_description\"><h4 style=\"text-align: center;\"><strong style=\"font-size: 1.41575em;\">SOBRE ESTE JOGO<\/strong><\/h4><p>Powered by Football\u2122, EA SPORTS\u2122 FIFA 22 aproxima o jogo ainda mais da realidade com avan\u00e7os fundamentais na jogabilidade e uma nova temporada de inova\u00e7\u00e3o em todos os modos.<\/p><p><strong>O que \u00e9 a FIFA?<\/strong><\/p><p>Jogue o jogo do mundo com mais de 17.000 jogadores, mais de 700 times em mais de 90 est\u00e1dios e mais de 30 ligas de todo o mundo.<\/p><p><strong>MODOS DE JOGO<\/strong><\/p><ul class=\"bb_ul\"><li><strong>Modo Carreira<\/strong>\u00a0\u2013 Viva seus sonhos como t\u00e9cnico e jogador no FIFA 22. Crie o mais novo clube do FIFA, projete seus uniformes, estilize seu est\u00e1dio e escolha se quer competir com a elite ou subir nas divis\u00f5es inferiores enquanto gerencia seu clube \u00e0 gl\u00f3ria. Ou teste suas habilidades como jogador, com um modo Player Career mais envolvente que oferece mais maneiras de progredir, alcan\u00e7ar e mergulhar na jornada do seu Pro atrav\u00e9s do jogo.<\/li><li><strong>FUTEBOL VOLTA<\/strong>\u00a0\u2013 Leve de volta \u00e0s ruas com o FUTEBOL VOLTA. Construa um jogador, escolha seu equipamento e expresse seu estilo nas ruas sozinho ou com seu time em playgrounds de futebol ao redor do mundo. Seja recompensado por sua habilidade com a bola com uma jogabilidade renovada e jogue eventos \u00fanicos em locais especiais a cada temporada enquanto desbloqueia novos equipamentos por meio de um novo sistema de progress\u00e3o sazonal que permite ganhar XP para todas as recompensas oferecidas no VOLTA FOOTBALL, qualquer que seja o modo voc\u00ea joga.<\/li><li><strong>Equipe final da FIFA<\/strong>\u00a0\u2013 Envolva-se com o modo mais popular do FIFA, FIFA Ultimate Team. Construa o time dos seus sonhos com milhares de jogadores de todo o mundo do futebol, personalize seu clube dentro e fora do campo com kits personalizados, emblemas e um Est\u00e1dio FUT completo para deixar sua marca e leve seu time para partidas contra o IA ou outros jogadores da Comunidade FUT. Al\u00e9m disso, receba de volta alguns dos jogadores mais memor\u00e1veis do jogo como novos Her\u00f3is do FUT, enquanto alguns dos jogadores mais memor\u00e1veis do futebol retornam aos campos.<\/li><li><strong>Autenticidade incompar\u00e1vel<\/strong>\u00a0\u2013 Jogue com os maiores jogadores do mundo nas maiores competi\u00e7\u00f5es do mundo, incluindo a ic\u00f4nica UEFA Champions League, UEFA Europa League, a nova UEFA Europa Conference League, CONMEBOL Libertadores, CONMEBOL Sudamericana, Premier League, Bundesliga, LaLiga Santander e muito mais!<p>Ao jogar FIFA 22 no Steam, voc\u00ea pode usar os controles DUALSHOCK 4 e Xbox para jogar do seu jeito.<br \/><img decoding=\"async\" data-recalc-dims=\"1\" data-src=\"https:\/\/i0.wp.com\/cdn.cloudflare.steamstatic.com\/steam\/apps\/1506830\/extras\/gamepad2_610_english.png?w=980&#038;ssl=1\" src=\"data:image\/svg+xml;base64,PHN2ZyB3aWR0aD0iMSIgaGVpZ2h0PSIxIiB4bWxucz0iaHR0cDovL3d3dy53My5vcmcvMjAwMC9zdmciPjwvc3ZnPg==\" class=\"lazyload\" \/><\/p><p>Este jogo inclui compras opcionais de moeda virtual no jogo que podem ser usadas para adquirir itens virtuais no jogo, incluindo uma sele\u00e7\u00e3o aleat\u00f3ria de itens virtuais no jogo.<\/p><\/li><\/ul><\/div><\/div><\/div><div class=\"game_page_autocollapse_ctn\"><div class=\"game_page_autocollapse sys_req\"><h2><iframe title=\"Reprodutor de v\u00eddeo do YouTube\" data-src=\"https:\/\/www.youtube.com\/embed\/SYsi5QuOJNE\" width=\"560\" height=\"315\" frameborder=\"0\" allowfullscreen=\"allowfullscreen\" src=\"data:image\/svg+xml;base64,PHN2ZyB3aWR0aD0iMSIgaGVpZ2h0PSIxIiB4bWxucz0iaHR0cDovL3d3dy53My5vcmcvMjAwMC9zdmciPjwvc3ZnPg==\" class=\"lazyload\" data-load-mode=\"1\"><\/iframe><\/h2><h2>REQUISITOS DE SISTEMA<\/h2><div class=\"sysreq_contents\"><div class=\"game_area_sys_req sysreq_content active\" data-os=\"win\"><div class=\"game_area_sys_req_leftCol\"><p><strong>M\u00cdNIMO:<\/strong><\/p><ul><li style=\"list-style-type: none;\"><ul class=\"bb_ul\"><li>Requer um processador e sistema operacional de 64 bits<\/li><li><strong>SO:<\/strong>\u00a0Windows 10 \u2013 64 bits<\/li><li><strong>Processador:<\/strong>\u00a0Intel Core i3-6100 a 3,7 GHz ou AMD Athlon X4 880K a 4 GHz<\/li><li><strong>Mem\u00f3ria:<\/strong>\u00a08 GB de RAM<\/li><li><strong>Gr\u00e1ficos:<\/strong>\u00a0NVIDIA GTX 660 2 GB ou AMD Radeon HD 7850 2 GB<\/li><li><strong>Armazenar:<\/strong>\u00a050 GB de espa\u00e7o dispon\u00edvel<\/li><\/ul><\/li><\/ul><\/div><div class=\"game_area_sys_req_rightCol\"><p><strong>RECOMENDADO:<\/strong><\/p><ul><li style=\"list-style-type: none;\"><ul class=\"bb_ul\"><li>Requer um processador e sistema operacional de 64 bits<\/li><li><strong>SO:<\/strong>\u00a0Windows 10 \u2013 64 bits<\/li><li><strong>Processador:<\/strong>\u00a0Intel i5-3550 a 3,40 GHz ou AMD FX 8150 a 3,6 GHz<\/li><li><strong>Mem\u00f3ria:<\/strong>\u00a08 GB de RAM<\/li><li><strong>Gr\u00e1ficos:<\/strong>\u00a0NVIDIA GeForce GTX 670 ou AMD Radeon R9 270X<\/li><li><strong>Rede:<\/strong>\u00a0Conex\u00e3o internet banda larga<\/li><li><strong>Armazenar:<\/strong>\u00a050 GB de espa\u00e7o dispon\u00edvel<\/li><\/ul><\/li><\/ul><\/div><\/div><\/div><\/div><\/div>\t\t\t\t\t\t\t\t<\/div>\n\t\t\t\t<\/div>\n\t\t\t\t\t<\/div>\n\t\t<\/div>\n\t\t\t\t\t<\/div>\n\t\t<\/section>\n\t\t\t\t<\/div>","protected":false},"excerpt":{"rendered":"<p>Fast Delivery Delivery can take 5 to 20 minutes, according to your place in our queue Your Order will be \u2018Auto Refunded\u2019 in case it does not get delivered after 12 hours! How To Activate 1- Open up a VPN and connect to the server specified in your email after placing your order. 2- Click [&hellip;]<\/p>\n","protected":false},"featured_media":968,"comment_status":"open","ping_status":"closed","template":"","meta":{"_crdt_document":"","jetpack_post_was_ever_published":false,"jetpack_publicize_message":"","jetpack_publicize_feature_enabled":true,"jetpack_social_post_already_shared":true,"jetpack_social_options":{"image_generator_settings":{"template":"highway","default_image_id":0,"font":"","enabled":false},"version":2},"_wpas_customize_per_network":false},"product_brand":[],"product_cat":[1375,1374],"product_tag":[],"class_list":{"0":"post-484","1":"product","2":"type-product","3":"status-publish","4":"has-post-thumbnail","6":"product_cat-pc","7":"product_cat-xbox","9":"first","10":"outofstock","11":"sale","12":"taxable","13":"shipping-taxable","14":"purchasable","15":"product-type-variable","16":"has-default-attributes"},"yoast_head":"<!-- This site is optimized with the Yoast SEO Premium plugin v27.3 (Yoast SEO v27.3) - https:\/\/yoast.com\/product\/yoast-seo-premium-wordpress\/ -->\n<title>FIFA 22 - EnderG<\/title>\n<meta name=\"robots\" content=\"index, follow, max-snippet:-1, max-image-preview:large, max-video-preview:-1\" \/>\n<link rel=\"canonical\" href=\"https:\/\/enderg.com\/pt\/product\/fifa-22\/\" \/>\n<meta property=\"og:locale\" content=\"pt_PT\" \/>\n<meta property=\"og:type\" content=\"article\" \/>\n<meta property=\"og:title\" content=\"FIFA 22\" \/>\n<meta property=\"og:description\" content=\"Fast Delivery Delivery can take 5 to 20 minutes, according to your place in our queue Your Order will be \u2018Auto Refunded\u2019 in case it does not get delivered after 12 hours! How To Activate 1- Open up a VPN and connect to the server specified in your email after placing your order. 2- Click [&hellip;]\" \/>\n<meta property=\"og:url\" content=\"https:\/\/enderg.com\/pt\/product\/fifa-22\/\" \/>\n<meta property=\"og:site_name\" content=\"EnderG\" \/>\n<meta property=\"article:publisher\" content=\"https:\/\/www.facebook.com\/Endergg1\/\" \/>\n<meta property=\"article:modified_time\" content=\"2024-06-25T22:45:02+00:00\" \/>\n<meta property=\"og:image\" content=\"https:\/\/enderg.com\/wp-content\/uploads\/2022\/08\/fifa-22-23.png\" \/>\n\t<meta property=\"og:image:width\" content=\"476\" \/>\n\t<meta property=\"og:image:height\" content=\"477\" \/>\n\t<meta property=\"og:image:type\" content=\"image\/png\" \/>\n<meta name=\"twitter:card\" content=\"summary_large_image\" \/>\n<meta name=\"twitter:label1\" content=\"Tempo estimado de leitura\" \/>\n\t<meta name=\"twitter:data1\" content=\"4 minutos\" \/>\n<script type=\"application\/ld+json\" class=\"yoast-schema-graph\">{\"@context\":\"https:\\\/\\\/schema.org\",\"@graph\":[{\"@type\":\"WebPage\",\"@id\":\"https:\\\/\\\/enderg.com\\\/product\\\/fifa-22\\\/\",\"url\":\"https:\\\/\\\/enderg.com\\\/product\\\/fifa-22\\\/\",\"name\":\"FIFA 22 - EnderG\",\"isPartOf\":{\"@id\":\"https:\\\/\\\/enderg.com\\\/#website\"},\"primaryImageOfPage\":{\"@id\":\"https:\\\/\\\/enderg.com\\\/product\\\/fifa-22\\\/#primaryimage\"},\"image\":{\"@id\":\"https:\\\/\\\/enderg.com\\\/product\\\/fifa-22\\\/#primaryimage\"},\"thumbnailUrl\":\"https:\\\/\\\/i0.wp.com\\\/enderg.com\\\/wp-content\\\/uploads\\\/2022\\\/08\\\/fifa-22-23.png?fit=476%2C477&ssl=1\",\"datePublished\":\"2022-08-07T18:17:07+00:00\",\"dateModified\":\"2024-06-25T22:45:02+00:00\",\"breadcrumb\":{\"@id\":\"https:\\\/\\\/enderg.com\\\/product\\\/fifa-22\\\/#breadcrumb\"},\"inLanguage\":\"pt-PT\",\"potentialAction\":[{\"@type\":\"ReadAction\",\"target\":[\"https:\\\/\\\/enderg.com\\\/product\\\/fifa-22\\\/\"]}]},{\"@type\":\"ImageObject\",\"inLanguage\":\"pt-PT\",\"@id\":\"https:\\\/\\\/enderg.com\\\/product\\\/fifa-22\\\/#primaryimage\",\"url\":\"https:\\\/\\\/i0.wp.com\\\/enderg.com\\\/wp-content\\\/uploads\\\/2022\\\/08\\\/fifa-22-23.png?fit=476%2C477&ssl=1\",\"contentUrl\":\"https:\\\/\\\/i0.wp.com\\\/enderg.com\\\/wp-content\\\/uploads\\\/2022\\\/08\\\/fifa-22-23.png?fit=476%2C477&ssl=1\",\"width\":476,\"height\":477},{\"@type\":\"BreadcrumbList\",\"@id\":\"https:\\\/\\\/enderg.com\\\/product\\\/fifa-22\\\/#breadcrumb\",\"itemListElement\":[{\"@type\":\"ListItem\",\"position\":1,\"name\":\"Home\",\"item\":\"https:\\\/\\\/enderg.com\\\/\"},{\"@type\":\"ListItem\",\"position\":2,\"name\":\"Shop\",\"item\":\"https:\\\/\\\/enderg.com\\\/shop\\\/\"},{\"@type\":\"ListItem\",\"position\":3,\"name\":\"FIFA 22\"}]},{\"@type\":\"WebSite\",\"@id\":\"https:\\\/\\\/enderg.com\\\/#website\",\"url\":\"https:\\\/\\\/enderg.com\\\/\",\"name\":\"EnderG\",\"description\":\"Cheaper Is What We Do!\",\"publisher\":{\"@id\":\"https:\\\/\\\/enderg.com\\\/#organization\"},\"potentialAction\":[{\"@type\":\"SearchAction\",\"target\":{\"@type\":\"EntryPoint\",\"urlTemplate\":\"https:\\\/\\\/enderg.com\\\/?s={search_term_string}\"},\"query-input\":{\"@type\":\"PropertyValueSpecification\",\"valueRequired\":true,\"valueName\":\"search_term_string\"}}],\"inLanguage\":\"pt-PT\"},{\"@type\":\"Organization\",\"@id\":\"https:\\\/\\\/enderg.com\\\/#organization\",\"name\":\"EnderG\",\"url\":\"https:\\\/\\\/enderg.com\\\/\",\"logo\":{\"@type\":\"ImageObject\",\"inLanguage\":\"pt-PT\",\"@id\":\"https:\\\/\\\/enderg.com\\\/#\\\/schema\\\/logo\\\/image\\\/\",\"url\":\"https:\\\/\\\/enderg.com\\\/wp-content\\\/uploads\\\/2023\\\/03\\\/222222222221.png\",\"contentUrl\":\"https:\\\/\\\/enderg.com\\\/wp-content\\\/uploads\\\/2023\\\/03\\\/222222222221.png\",\"width\":512,\"height\":512,\"caption\":\"EnderG\"},\"image\":{\"@id\":\"https:\\\/\\\/enderg.com\\\/#\\\/schema\\\/logo\\\/image\\\/\"},\"sameAs\":[\"https:\\\/\\\/www.facebook.com\\\/Endergg1\\\/\",\"https:\\\/\\\/www.instagram.com\\\/enderg01\",\"https:\\\/\\\/www.youtube.com\\\/@enderg-com\"],\"description\":\"Cheaper Gaming is what we do!\",\"legalName\":\"Vandar Limited\",\"foundingDate\":\"2022-06-21\"}]}<\/script>\n<!-- \/ Yoast SEO Premium plugin. -->","yoast_head_json":{"title":"FIFA 22 - EnderG","robots":{"index":"index","follow":"follow","max-snippet":"max-snippet:-1","max-image-preview":"max-image-preview:large","max-video-preview":"max-video-preview:-1"},"canonical":"https:\/\/enderg.com\/pt\/product\/fifa-22\/","og_locale":"pt_PT","og_type":"article","og_title":"FIFA 22","og_description":"Fast Delivery Delivery can take 5 to 20 minutes, according to your place in our queue Your Order will be \u2018Auto Refunded\u2019 in case it does not get delivered after 12 hours! How To Activate 1- Open up a VPN and connect to the server specified in your email after placing your order. 2- Click [&hellip;]","og_url":"https:\/\/enderg.com\/pt\/product\/fifa-22\/","og_site_name":"EnderG","article_publisher":"https:\/\/www.facebook.com\/Endergg1\/","article_modified_time":"2024-06-25T22:45:02+00:00","og_image":[{"width":476,"height":477,"url":"https:\/\/enderg.com\/wp-content\/uploads\/2022\/08\/fifa-22-23.png","type":"image\/png"}],"twitter_card":"summary_large_image","twitter_misc":{"Tempo estimado de leitura":"4 minutos"},"schema":{"@context":"https:\/\/schema.org","@graph":[{"@type":"WebPage","@id":"https:\/\/enderg.com\/product\/fifa-22\/","url":"https:\/\/enderg.com\/product\/fifa-22\/","name":"FIFA 22 - EnderG","isPartOf":{"@id":"https:\/\/enderg.com\/#website"},"primaryImageOfPage":{"@id":"https:\/\/enderg.com\/product\/fifa-22\/#primaryimage"},"image":{"@id":"https:\/\/enderg.com\/product\/fifa-22\/#primaryimage"},"thumbnailUrl":"https:\/\/i0.wp.com\/enderg.com\/wp-content\/uploads\/2022\/08\/fifa-22-23.png?fit=476%2C477&ssl=1","datePublished":"2022-08-07T18:17:07+00:00","dateModified":"2024-06-25T22:45:02+00:00","breadcrumb":{"@id":"https:\/\/enderg.com\/product\/fifa-22\/#breadcrumb"},"inLanguage":"pt-PT","potentialAction":[{"@type":"ReadAction","target":["https:\/\/enderg.com\/product\/fifa-22\/"]}]},{"@type":"ImageObject","inLanguage":"pt-PT","@id":"https:\/\/enderg.com\/product\/fifa-22\/#primaryimage","url":"https:\/\/i0.wp.com\/enderg.com\/wp-content\/uploads\/2022\/08\/fifa-22-23.png?fit=476%2C477&ssl=1","contentUrl":"https:\/\/i0.wp.com\/enderg.com\/wp-content\/uploads\/2022\/08\/fifa-22-23.png?fit=476%2C477&ssl=1","width":476,"height":477},{"@type":"BreadcrumbList","@id":"https:\/\/enderg.com\/product\/fifa-22\/#breadcrumb","itemListElement":[{"@type":"ListItem","position":1,"name":"Home","item":"https:\/\/enderg.com\/"},{"@type":"ListItem","position":2,"name":"Shop","item":"https:\/\/enderg.com\/shop\/"},{"@type":"ListItem","position":3,"name":"FIFA 22"}]},{"@type":"WebSite","@id":"https:\/\/enderg.com\/#website","url":"https:\/\/enderg.com\/","name":"EnderG","description":"Mais barato \u00e9 o que fazemos!","publisher":{"@id":"https:\/\/enderg.com\/#organization"},"potentialAction":[{"@type":"SearchAction","target":{"@type":"EntryPoint","urlTemplate":"https:\/\/enderg.com\/?s={search_term_string}"},"query-input":{"@type":"PropertyValueSpecification","valueRequired":true,"valueName":"search_term_string"}}],"inLanguage":"pt-PT"},{"@type":"Organization","@id":"https:\/\/enderg.com\/#organization","name":"EnderG","url":"https:\/\/enderg.com\/","logo":{"@type":"ImageObject","inLanguage":"pt-PT","@id":"https:\/\/enderg.com\/#\/schema\/logo\/image\/","url":"https:\/\/enderg.com\/wp-content\/uploads\/2023\/03\/222222222221.png","contentUrl":"https:\/\/enderg.com\/wp-content\/uploads\/2023\/03\/222222222221.png","width":512,"height":512,"caption":"EnderG"},"image":{"@id":"https:\/\/enderg.com\/#\/schema\/logo\/image\/"},"sameAs":["https:\/\/www.facebook.com\/Endergg1\/","https:\/\/www.instagram.com\/enderg01","https:\/\/www.youtube.com\/@enderg-com"],"description":"Jogos mais baratos \u00e9 o que fazemos!","legalName":"Vandar Limited","foundingDate":"2022-06-21"}]}},"jetpack_publicize_connections":[],"jetpack_likes_enabled":true,"jetpack_sharing_enabled":true,"jetpack-related-posts":[],"_links":{"self":[{"href":"https:\/\/enderg.com\/pt\/wp-json\/wp\/v2\/product\/484","targetHints":{"allow":["GET"]}}],"collection":[{"href":"https:\/\/enderg.com\/pt\/wp-json\/wp\/v2\/product"}],"about":[{"href":"https:\/\/enderg.com\/pt\/wp-json\/wp\/v2\/types\/product"}],"replies":[{"embeddable":true,"href":"https:\/\/enderg.com\/pt\/wp-json\/wp\/v2\/comments?post=484"}],"version-history":[{"count":8,"href":"https:\/\/enderg.com\/pt\/wp-json\/wp\/v2\/product\/484\/revisions"}],"predecessor-version":[{"id":8761,"href":"https:\/\/enderg.com\/pt\/wp-json\/wp\/v2\/product\/484\/revisions\/8761"}],"wp:featuredmedia":[{"embeddable":true,"href":"https:\/\/enderg.com\/pt\/wp-json\/wp\/v2\/media\/968"}],"wp:attachment":[{"href":"https:\/\/enderg.com\/pt\/wp-json\/wp\/v2\/media?parent=484"}],"wp:term":[{"taxonomy":"product_brand","embeddable":true,"href":"https:\/\/enderg.com\/pt\/wp-json\/wp\/v2\/product_brand?post=484"},{"taxonomy":"product_cat","embeddable":true,"href":"https:\/\/enderg.com\/pt\/wp-json\/wp\/v2\/product_cat?post=484"},{"taxonomy":"product_tag","embeddable":true,"href":"https:\/\/enderg.com\/pt\/wp-json\/wp\/v2\/product_tag?post=484"}],"curies":[{"name":"wp","href":"https:\/\/api.w.org\/{rel}","templated":true}]}}