{"id":2150,"date":"2023-09-08T17:09:33","date_gmt":"2023-09-08T14:09:33","guid":{"rendered":"https:\/\/enderg.com\/product\/marvels-spider-man-remastered\/"},"modified":"2024-06-26T01:32:38","modified_gmt":"2024-06-25T22:32:38","slug":"marvels-spider-man-remastered","status":"publish","type":"product","link":"https:\/\/enderg.com\/pt\/product\/marvels-spider-man-remastered\/","title":{"rendered":"Homem-Aranha da Marvel remasterizado"},"content":{"rendered":"<div data-elementor-type=\"wp-post\" data-elementor-id=\"2150\" class=\"elementor elementor-2150\" data-elementor-post-type=\"product\">\n\t\t\t\t\t\t<section class=\"elementor-section elementor-top-section elementor-element elementor-element-465add70 elementor-section-boxed elementor-section-height-default elementor-section-height-default\" data-id=\"465add70\" data-element_type=\"section\" data-e-type=\"section\">\n\t\t\t\t\t\t<div class=\"elementor-container elementor-column-gap-default\">\n\t\t\t\t\t<div class=\"elementor-column elementor-col-100 elementor-top-column elementor-element elementor-element-469ff021\" data-id=\"469ff021\" data-element_type=\"column\" data-e-type=\"column\">\n\t\t\t<div class=\"elementor-widget-wrap elementor-element-populated\">\n\t\t\t\t\t\t<div class=\"elementor-element elementor-element-d46a148 elementor-widget elementor-widget-accordion\" data-id=\"d46a148\" data-element_type=\"widget\" data-e-type=\"widget\" data-widget_type=\"accordion.default\">\n\t\t\t\t<div class=\"elementor-widget-container\">\n\t\t\t\t\t\t\t<div class=\"elementor-accordion\">\n\t\t\t\t\t\t\t<div class=\"elementor-accordion-item\">\n\t\t\t\t\t<h4 id=\"elementor-tab-title-2221\" class=\"elementor-tab-title\" data-tab=\"1\" role=\"button\" aria-controls=\"elementor-tab-content-2221\" aria-expanded=\"false\">\n\t\t\t\t\t\t\t\t\t\t\t\t\t<span class=\"elementor-accordion-icon elementor-accordion-icon-left\" aria-hidden=\"true\">\n\t\t\t\t\t\t\t\t\t\t\t\t\t\t\t<span class=\"elementor-accordion-icon-closed\"><i class=\"fas fa-truck\"><\/i><\/span>\n\t\t\t\t\t\t\t\t<span class=\"elementor-accordion-icon-opened\"><i class=\"fas fa-truck\"><\/i><\/span>\n\t\t\t\t\t\t\t\t\t\t\t\t\t\t<\/span>\n\t\t\t\t\t\t\t\t\t\t\t\t<a class=\"elementor-accordion-title\" tabindex=\"0\">Entrega r\u00e1pida<\/a>\n\t\t\t\t\t<\/h4>\n\t\t\t\t\t<div id=\"elementor-tab-content-2221\" class=\"elementor-tab-content elementor-clearfix\" data-tab=\"1\" role=\"region\" aria-labelledby=\"elementor-tab-title-2221\"><p>5 a 10 minutos ap\u00f3s a conclus\u00e3o do seu pedido, voc\u00ea receber\u00e1 um e-mail contendo as informa\u00e7\u00f5es da conta e as instru\u00e7\u00f5es necess\u00e1rias para jogar!<\/p><\/div>\n\t\t\t\t<\/div>\n\t\t\t\t\t\t\t\t<\/div>\n\t\t\t\t\t\t<\/div>\n\t\t\t\t<\/div>\n\t\t\t\t<div class=\"elementor-element elementor-element-23041952 elementor-widget elementor-widget-accordion\" data-id=\"23041952\" data-element_type=\"widget\" data-e-type=\"widget\" data-widget_type=\"accordion.default\">\n\t\t\t\t<div class=\"elementor-widget-container\">\n\t\t\t\t\t\t\t<div class=\"elementor-accordion\">\n\t\t\t\t\t\t\t<div class=\"elementor-accordion-item\">\n\t\t\t\t\t<h4 id=\"elementor-tab-title-5871\" class=\"elementor-tab-title\" data-tab=\"1\" role=\"button\" aria-controls=\"elementor-tab-content-5871\" aria-expanded=\"false\">\n\t\t\t\t\t\t\t\t\t\t\t\t\t<span class=\"elementor-accordion-icon elementor-accordion-icon-left\" aria-hidden=\"true\">\n\t\t\t\t\t\t\t\t\t\t\t\t\t\t\t<span class=\"elementor-accordion-icon-closed\"><i class=\"fab fa-steam\"><\/i><\/span>\n\t\t\t\t\t\t\t\t<span class=\"elementor-accordion-icon-opened\"><i class=\"fab fa-steam\"><\/i><\/span>\n\t\t\t\t\t\t\t\t\t\t\t\t\t\t<\/span>\n\t\t\t\t\t\t\t\t\t\t\t\t<a class=\"elementor-accordion-title\" tabindex=\"0\">Como Ativar<\/a>\n\t\t\t\t\t<\/h4>\n\t\t\t\t\t<div id=\"elementor-tab-content-5871\" class=\"elementor-tab-content elementor-clearfix\" data-tab=\"1\" role=\"region\" aria-labelledby=\"elementor-tab-title-5871\"><p>1- Saia da sua conta Steam.<\/p>\n<p>2- Fa\u00e7a login na conta que lhe foi enviada por e-mail.<\/p>\n<p>3- Clique em Jogar no jogo que voc\u00ea comprou e Divirta-se!<\/p>\n<p>Voc\u00ea \u00e9 totalmente livre para alterar a &#039;Senha&#039; da conta ou compartilhar a Biblioteca com sua pr\u00f3pria conta Steam, a fim de progredir no jogo em sua pr\u00f3pria conta Steam e desbloquear as Conquistas!<\/p>\n<p><a title=\"https:\/\/help.steampowered.com\/en\/faqs\/view\/57A7-503C-991F-E9A8\" href=\"https:\/\/help.steampowered.com\/en\/faqs\/view\/57A7-503C-991F-E9A8\" target=\"_blank\" rel=\"noopener\"><b>Saiba como obter acesso \u00e0 biblioteca de uma conta para jogar seus jogos em sua pr\u00f3pria conta.<\/b><\/a><\/p><\/div>\n\t\t\t\t<\/div>\n\t\t\t\t\t\t\t\t<\/div>\n\t\t\t\t\t\t<\/div>\n\t\t\t\t<\/div>\n\t\t\t\t<div class=\"elementor-element elementor-element-7a9b06b1 elementor-widget elementor-widget-text-editor\" data-id=\"7a9b06b1\" data-element_type=\"widget\" data-e-type=\"widget\" data-widget_type=\"text-editor.default\">\n\t\t\t\t<div class=\"elementor-widget-container\">\n\t\t\t\t\t\t\t\t\t<h3 style=\"text-align: center;\"><strong>Sobre este jogo<\/strong><\/h3>\t\t\t\t\t\t\t\t<\/div>\n\t\t\t\t<\/div>\n\t\t\t\t\t<\/div>\n\t\t<\/div>\n\t\t\t\t\t<\/div>\n\t\t<\/section>\n\t\t\t\t<section class=\"elementor-section elementor-top-section elementor-element elementor-element-52bb8915 elementor-section-boxed elementor-section-height-default elementor-section-height-default\" data-id=\"52bb8915\" data-element_type=\"section\" data-e-type=\"section\">\n\t\t\t\t\t\t<div class=\"elementor-container elementor-column-gap-default\">\n\t\t\t\t\t<div class=\"elementor-column elementor-col-100 elementor-top-column elementor-element elementor-element-52ca34f9\" data-id=\"52ca34f9\" data-element_type=\"column\" data-e-type=\"column\">\n\t\t\t<div class=\"elementor-widget-wrap elementor-element-populated\">\n\t\t\t\t\t\t<div class=\"elementor-element elementor-element-4944d8b1 elementor-widget elementor-widget-text-editor\" data-id=\"4944d8b1\" data-element_type=\"widget\" data-e-type=\"widget\" data-widget_type=\"text-editor.default\">\n\t\t\t\t<div class=\"elementor-widget-container\">\n\t\t\t\t\t\t\t\t\t<div class=\"game_page_autocollapse_ctn expanded\"><div id=\"aboutThisGame\" class=\"game_page_autocollapse\" data-panel=\"{&quot;type&quot;:&quot;PanelGroup&quot;}\"><div id=\"game_area_description\" class=\"game_area_description\"><h4 style=\"text-align: center;\"><strong style=\"font-size: 1.41575em;\">SOBRE ESTE JOGO<\/strong><\/h4><p>Desenvolvido pela Insomniac Games em colabora\u00e7\u00e3o com a Marvel e otimizado para PC pela Nixxes Software, Marvel&#039;s Spider-Man Remastered para PC apresenta um Peter Parker experiente que est\u00e1 lutando contra grandes crimes e vil\u00f5es ic\u00f4nicos na Nova York da Marvel. Ao mesmo tempo, ele est\u00e1 lutando para equilibrar sua ca\u00f3tica vida pessoal e carreira, enquanto o destino da Nova York da Marvel est\u00e1 sobre seus ombros.<\/p><h2 class=\"bb_tag\">Caracter\u00edsticas principais<\/h2><p><strong>Seja maior<\/strong><br \/>Quando vil\u00f5es ic\u00f4nicos da Marvel amea\u00e7am a Nova York da Marvel, os mundos de Peter Parker e do Homem-Aranha colidem. Para salvar a cidade e aqueles que ama, ele deve se erguer e ser maior.<\/p><p><strong>Sinta-se como o Homem-Aranha<\/strong><br \/>Depois de oito anos atr\u00e1s da m\u00e1scara, Peter Parker \u00e9 um mestre no combate ao crime. Sinta todo o poder de um Homem-Aranha mais experiente com combate improvisado, acrobacias din\u00e2micas, travessia urbana fluida e intera\u00e7\u00f5es ambientais.<\/p><p><strong>Mundos colidem<\/strong><br \/>Os mundos de Peter Parker e do Homem-Aranha colidem em uma hist\u00f3ria original e cheia de a\u00e7\u00e3o. Neste novo universo do Homem-Aranha, personagens ic\u00f4nicos da vida de Peter e do Homem-Aranha foram reimaginados, colocando personagens familiares em pap\u00e9is \u00fanicos.<\/p><p><strong>A Nova York da Marvel \u00e9 o seu playground<\/strong><br \/>A Big Apple ganha vida no Homem-Aranha da Marvel. Passeie por bairros vibrantes e contemple vistas deslumbrantes dos marcos ic\u00f4nicos da Marvel e de Manhattan. Use o ambiente para derrotar vil\u00f5es com quedas \u00e9picas em uma verdadeira a\u00e7\u00e3o de grande sucesso.<\/p><p><strong>Aproveite o conte\u00fado completo de A Cidade Que Nunca Dorme<\/strong><br \/>Seguindo os acontecimentos da hist\u00f3ria principal de Marvel&#039;s Spider-Man Remastered, experimente a continua\u00e7\u00e3o da jornada de Peter Parker em Marvel&#039;s Spider-Man: The City That Never Sleeps, tr\u00eas cap\u00edtulos de hist\u00f3ria com miss\u00f5es e desafios adicionais para descobrir.<\/p><h2 class=\"bb_tag\">Recursos do PC<\/h2><p><strong>Gr\u00e1ficos otimizados para PC<\/strong><br \/>Aproveite uma variedade de op\u00e7\u00f5es de qualidade gr\u00e1fica para se adaptar a uma ampla variedade de dispositivos, taxas de quadros desbloqueadas e suporte para outras tecnologias, incluindo NVIDIA DLSS de aumento de desempenho e NVIDIA DLAA de melhoria de qualidade de imagem.<\/p><p><strong>Reflexos com Ray Tracing e sombras melhoradas*<\/strong><br \/>Veja a cidade ganhar vida com sombras aprimoradas e op\u00e7\u00f5es impressionantes de reflexo com tra\u00e7ado de raio com uma variedade de modos de qualidade para voc\u00ea escolher.<\/p><p><strong>Suporte para monitor ultra-amplo**<\/strong><br \/>Aproveite as paisagens cinematogr\u00e1ficas da Nova York da Marvel com suporte para uma variedade de configura\u00e7\u00f5es de tela, incluindo resolu\u00e7\u00f5es 16:9, 16:10, 21:9, 32:9 e 48:9.<\/p><p><strong>Controles e Personaliza\u00e7\u00e3o<\/strong><br \/>Sinta como \u00e9 jogar como o Homem-Aranha atrav\u00e9s de feedback t\u00e1til envolvente e efeitos de gatilho din\u00e2micos usando um controlador PlayStation DualSense\u2122 em uma conex\u00e3o USB com fio. Aproveite suporte completo para mouse e teclado com v\u00e1rias op\u00e7\u00f5es de controle personaliz\u00e1veis.<\/p><p><i>*\u00c9 necess\u00e1rio um PC e dispositivo de exibi\u00e7\u00e3o compat\u00edveis.<br \/>**\u00c9 necess\u00e1rio um PC compat\u00edvel.<\/i><\/p><\/div><\/div><\/div><div class=\"game_page_autocollapse_ctn\"><div class=\"game_page_autocollapse sys_req\"><h2>\u00a0<\/h2><\/div><\/div><p><iframe title=\"Marvel&#039;s Spider-Man Remastered - Trailer de recursos para PC I Jogos para PC\" data-src=\"https:\/\/www.youtube.com\/embed\/1E051WtpyWg\" width=\"400\" height=\"320\" frameborder=\"0\" allowfullscreen=\"allowfullscreen\" src=\"data:image\/svg+xml;base64,PHN2ZyB3aWR0aD0iMSIgaGVpZ2h0PSIxIiB4bWxucz0iaHR0cDovL3d3dy53My5vcmcvMjAwMC9zdmciPjwvc3ZnPg==\" class=\"lazyload\" data-load-mode=\"1\"><\/iframe><\/p><h2>REQUISITOS DE SISTEMA<\/h2><div class=\"sysreq_contents\"><div class=\"game_area_sys_req sysreq_content active\" data-os=\"win\"><div class=\"game_area_sys_req_leftCol\"><p><strong>M\u00cdNIMO:<\/strong><\/p><ul><li style=\"list-style-type: none;\"><ul class=\"bb_ul\"><li>Requer um processador e sistema operacional de 64 bits<\/li><li><strong>SO:<\/strong>\u00a0Windows 10 de 64 bits<\/li><li><strong>Processador:<\/strong>\u00a0Intel Core i3-4160, 3,6 GHz ou equivalente AMD<\/li><li><strong>Mem\u00f3ria:<\/strong>\u00a08 GB de RAM<\/li><li><strong>Gr\u00e1ficos:<\/strong>\u00a0NVIDIA GTX 950 ou AMD Radeon RX 470<\/li><li><strong>DirectX:<\/strong>\u00a0Vers\u00e3o 12<\/li><li><strong>Armazenar:<\/strong>\u00a075 GB de espa\u00e7o dispon\u00edvel<\/li><\/ul><\/li><\/ul><\/div><div class=\"game_area_sys_req_rightCol\"><p><strong>RECOMENDADO:<\/strong><\/p><ul><li style=\"list-style-type: none;\"><ul class=\"bb_ul\"><li>Requer um processador e sistema operacional de 64 bits<\/li><li><strong>SO:<\/strong>\u00a0Windows 10 de 64 bits<\/li><li><strong>Processador:<\/strong>\u00a0Intel Core i5-4670, 3,4 GHz ou AMD Ryzen5 1600, 3,2 GHz<\/li><li><strong>Mem\u00f3ria:<\/strong>\u00a016 GB de RAM<\/li><li><strong>Gr\u00e1ficos:<\/strong>\u00a0NVIDIA GTX 1060 6 GB ou AMD Radeon RX 580 8 GB<\/li><li><strong>DirectX:<\/strong>\u00a0Vers\u00e3o 12<\/li><li><strong>Armazenar:<\/strong>\u00a075 GB de espa\u00e7o dispon\u00edvel<\/li><\/ul><\/li><\/ul><\/div><\/div><\/div>\t\t\t\t\t\t\t\t<\/div>\n\t\t\t\t<\/div>\n\t\t\t\t\t<\/div>\n\t\t<\/div>\n\t\t\t\t\t<\/div>\n\t\t<\/section>\n\t\t\t\t<\/div>","protected":false},"excerpt":{"rendered":"<p>Fast Delivery 5-10 minutes after your order goes through, you will receive an email containing the account info &amp; instructions you need to play! How To Activate 1- Log out of your Steam account. 2- Log in to the account you were sent by E-mail. 3- Click Play on the game you purchased and Enjoy! [&hellip;]<\/p>\n","protected":false},"featured_media":2712,"comment_status":"closed","ping_status":"closed","template":"","meta":{"_crdt_document":"","jetpack_publicize_message":"","jetpack_publicize_feature_enabled":true,"jetpack_social_post_already_shared":true,"jetpack_social_options":{"image_generator_settings":{"template":"highway","default_image_id":0,"font":"","enabled":false},"version":2},"_wpas_customize_per_network":false},"product_brand":[],"product_cat":[1375],"product_tag":[1401,1400],"class_list":{"0":"post-2150","1":"product","2":"type-product","3":"status-publish","4":"has-post-thumbnail","6":"product_cat-pc","7":"product_tag-fr","8":"product_tag-steam","10":"first","11":"outofstock","12":"sale","13":"taxable","14":"shipping-taxable","15":"purchasable","16":"product-type-variable","17":"has-default-attributes"},"yoast_head":"<!-- This site is optimized with the Yoast SEO Premium plugin v27.5 (Yoast SEO v27.5) - https:\/\/yoast.com\/product\/yoast-seo-premium-wordpress\/ -->\n<title>Marvel\u2019s Spider-Man Remastered - EnderG<\/title>\n<meta name=\"robots\" content=\"index, follow, max-snippet:-1, max-image-preview:large, max-video-preview:-1\" \/>\n<link rel=\"canonical\" href=\"https:\/\/enderg.com\/pt\/product\/marvels-spider-man-remastered\/\" \/>\n<meta property=\"og:locale\" content=\"pt_PT\" \/>\n<meta property=\"og:type\" content=\"article\" \/>\n<meta property=\"og:title\" content=\"Marvel\u2019s Spider-Man Remastered\" \/>\n<meta property=\"og:description\" content=\"Fast Delivery 5-10 minutes after your order goes through, you will receive an email containing the account info &amp; instructions you need to play! How To Activate 1- Log out of your Steam account. 2- Log in to the account you were sent by E-mail. 3- Click Play on the game you purchased and Enjoy! [&hellip;]\" \/>\n<meta property=\"og:url\" content=\"https:\/\/enderg.com\/pt\/product\/marvels-spider-man-remastered\/\" \/>\n<meta property=\"og:site_name\" content=\"EnderG\" \/>\n<meta property=\"article:publisher\" content=\"https:\/\/www.facebook.com\/Endergg1\/\" \/>\n<meta property=\"article:modified_time\" content=\"2024-06-25T22:32:38+00:00\" \/>\n<meta property=\"og:image\" content=\"https:\/\/enderg.com\/wp-content\/uploads\/2022\/08\/EGS_MarvelsSpiderManRemastered_InsomniacGamesNixxesSoftware_S2_1200x1600-76424286902489f4d9639ac9b735c2b2.jpg\" \/>\n\t<meta property=\"og:image:width\" content=\"1200\" \/>\n\t<meta property=\"og:image:height\" content=\"1600\" \/>\n\t<meta property=\"og:image:type\" content=\"image\/jpeg\" \/>\n<meta name=\"twitter:card\" content=\"summary_large_image\" \/>\n<meta name=\"twitter:label1\" content=\"Tempo estimado de leitura\" \/>\n\t<meta name=\"twitter:data1\" content=\"3 minutos\" \/>\n<script type=\"application\/ld+json\" class=\"yoast-schema-graph\">{\"@context\":\"https:\\\/\\\/schema.org\",\"@graph\":[{\"@type\":\"WebPage\",\"@id\":\"https:\\\/\\\/enderg.com\\\/product\\\/marvels-spider-man-remastered\\\/\",\"url\":\"https:\\\/\\\/enderg.com\\\/product\\\/marvels-spider-man-remastered\\\/\",\"name\":\"Marvel\u2019s Spider-Man Remastered - EnderG\",\"isPartOf\":{\"@id\":\"https:\\\/\\\/enderg.com\\\/#website\"},\"primaryImageOfPage\":{\"@id\":\"https:\\\/\\\/enderg.com\\\/product\\\/marvels-spider-man-remastered\\\/#primaryimage\"},\"image\":{\"@id\":\"https:\\\/\\\/enderg.com\\\/product\\\/marvels-spider-man-remastered\\\/#primaryimage\"},\"thumbnailUrl\":\"https:\\\/\\\/i0.wp.com\\\/enderg.com\\\/wp-content\\\/uploads\\\/2022\\\/08\\\/EGS_MarvelsSpiderManRemastered_InsomniacGamesNixxesSoftware_S2_1200x1600-76424286902489f4d9639ac9b735c2b2.jpg?fit=1200%2C1600&ssl=1\",\"datePublished\":\"2023-09-08T14:09:33+00:00\",\"dateModified\":\"2024-06-25T22:32:38+00:00\",\"breadcrumb\":{\"@id\":\"https:\\\/\\\/enderg.com\\\/product\\\/marvels-spider-man-remastered\\\/#breadcrumb\"},\"inLanguage\":\"pt-PT\",\"potentialAction\":[{\"@type\":\"ReadAction\",\"target\":[\"https:\\\/\\\/enderg.com\\\/product\\\/marvels-spider-man-remastered\\\/\"]}]},{\"@type\":\"ImageObject\",\"inLanguage\":\"pt-PT\",\"@id\":\"https:\\\/\\\/enderg.com\\\/product\\\/marvels-spider-man-remastered\\\/#primaryimage\",\"url\":\"https:\\\/\\\/i0.wp.com\\\/enderg.com\\\/wp-content\\\/uploads\\\/2022\\\/08\\\/EGS_MarvelsSpiderManRemastered_InsomniacGamesNixxesSoftware_S2_1200x1600-76424286902489f4d9639ac9b735c2b2.jpg?fit=1200%2C1600&ssl=1\",\"contentUrl\":\"https:\\\/\\\/i0.wp.com\\\/enderg.com\\\/wp-content\\\/uploads\\\/2022\\\/08\\\/EGS_MarvelsSpiderManRemastered_InsomniacGamesNixxesSoftware_S2_1200x1600-76424286902489f4d9639ac9b735c2b2.jpg?fit=1200%2C1600&ssl=1\",\"width\":1200,\"height\":1600},{\"@type\":\"BreadcrumbList\",\"@id\":\"https:\\\/\\\/enderg.com\\\/product\\\/marvels-spider-man-remastered\\\/#breadcrumb\",\"itemListElement\":[{\"@type\":\"ListItem\",\"position\":1,\"name\":\"Home\",\"item\":\"https:\\\/\\\/enderg.com\\\/\"},{\"@type\":\"ListItem\",\"position\":2,\"name\":\"Shop\",\"item\":\"https:\\\/\\\/enderg.com\\\/shop\\\/\"},{\"@type\":\"ListItem\",\"position\":3,\"name\":\"Marvel\u2019s Spider-Man Remastered\"}]},{\"@type\":\"WebSite\",\"@id\":\"https:\\\/\\\/enderg.com\\\/#website\",\"url\":\"https:\\\/\\\/enderg.com\\\/\",\"name\":\"EnderG\",\"description\":\"Cheaper Is What We Do!\",\"publisher\":{\"@id\":\"https:\\\/\\\/enderg.com\\\/#organization\"},\"potentialAction\":[{\"@type\":\"SearchAction\",\"target\":{\"@type\":\"EntryPoint\",\"urlTemplate\":\"https:\\\/\\\/enderg.com\\\/?s={search_term_string}\"},\"query-input\":{\"@type\":\"PropertyValueSpecification\",\"valueRequired\":true,\"valueName\":\"search_term_string\"}}],\"inLanguage\":\"pt-PT\"},{\"@type\":\"Organization\",\"@id\":\"https:\\\/\\\/enderg.com\\\/#organization\",\"name\":\"EnderG\",\"url\":\"https:\\\/\\\/enderg.com\\\/\",\"logo\":{\"@type\":\"ImageObject\",\"inLanguage\":\"pt-PT\",\"@id\":\"https:\\\/\\\/enderg.com\\\/#\\\/schema\\\/logo\\\/image\\\/\",\"url\":\"https:\\\/\\\/enderg.com\\\/wp-content\\\/uploads\\\/2023\\\/03\\\/222222222221.png\",\"contentUrl\":\"https:\\\/\\\/enderg.com\\\/wp-content\\\/uploads\\\/2023\\\/03\\\/222222222221.png\",\"width\":512,\"height\":512,\"caption\":\"EnderG\"},\"image\":{\"@id\":\"https:\\\/\\\/enderg.com\\\/#\\\/schema\\\/logo\\\/image\\\/\"},\"sameAs\":[\"https:\\\/\\\/www.facebook.com\\\/Endergg1\\\/\",\"https:\\\/\\\/www.instagram.com\\\/enderg01\",\"https:\\\/\\\/www.youtube.com\\\/@enderg-com\"],\"description\":\"Cheaper Gaming is what we do!\",\"legalName\":\"Vandar Limited\",\"foundingDate\":\"2022-06-21\"}]}<\/script>\n<!-- \/ Yoast SEO Premium plugin. -->","yoast_head_json":{"title":"Marvel\u2019s Spider-Man Remastered - EnderG","robots":{"index":"index","follow":"follow","max-snippet":"max-snippet:-1","max-image-preview":"max-image-preview:large","max-video-preview":"max-video-preview:-1"},"canonical":"https:\/\/enderg.com\/pt\/product\/marvels-spider-man-remastered\/","og_locale":"pt_PT","og_type":"article","og_title":"Marvel\u2019s Spider-Man Remastered","og_description":"Fast Delivery 5-10 minutes after your order goes through, you will receive an email containing the account info &amp; instructions you need to play! How To Activate 1- Log out of your Steam account. 2- Log in to the account you were sent by E-mail. 3- Click Play on the game you purchased and Enjoy! [&hellip;]","og_url":"https:\/\/enderg.com\/pt\/product\/marvels-spider-man-remastered\/","og_site_name":"EnderG","article_publisher":"https:\/\/www.facebook.com\/Endergg1\/","article_modified_time":"2024-06-25T22:32:38+00:00","og_image":[{"width":1200,"height":1600,"url":"https:\/\/enderg.com\/wp-content\/uploads\/2022\/08\/EGS_MarvelsSpiderManRemastered_InsomniacGamesNixxesSoftware_S2_1200x1600-76424286902489f4d9639ac9b735c2b2.jpg","type":"image\/jpeg"}],"twitter_card":"summary_large_image","twitter_misc":{"Tempo estimado de leitura":"3 minutos"},"schema":{"@context":"https:\/\/schema.org","@graph":[{"@type":"WebPage","@id":"https:\/\/enderg.com\/product\/marvels-spider-man-remastered\/","url":"https:\/\/enderg.com\/product\/marvels-spider-man-remastered\/","name":"Marvel\u2019s Spider-Man Remastered - EnderG","isPartOf":{"@id":"https:\/\/enderg.com\/#website"},"primaryImageOfPage":{"@id":"https:\/\/enderg.com\/product\/marvels-spider-man-remastered\/#primaryimage"},"image":{"@id":"https:\/\/enderg.com\/product\/marvels-spider-man-remastered\/#primaryimage"},"thumbnailUrl":"https:\/\/i0.wp.com\/enderg.com\/wp-content\/uploads\/2022\/08\/EGS_MarvelsSpiderManRemastered_InsomniacGamesNixxesSoftware_S2_1200x1600-76424286902489f4d9639ac9b735c2b2.jpg?fit=1200%2C1600&ssl=1","datePublished":"2023-09-08T14:09:33+00:00","dateModified":"2024-06-25T22:32:38+00:00","breadcrumb":{"@id":"https:\/\/enderg.com\/product\/marvels-spider-man-remastered\/#breadcrumb"},"inLanguage":"pt-PT","potentialAction":[{"@type":"ReadAction","target":["https:\/\/enderg.com\/product\/marvels-spider-man-remastered\/"]}]},{"@type":"ImageObject","inLanguage":"pt-PT","@id":"https:\/\/enderg.com\/product\/marvels-spider-man-remastered\/#primaryimage","url":"https:\/\/i0.wp.com\/enderg.com\/wp-content\/uploads\/2022\/08\/EGS_MarvelsSpiderManRemastered_InsomniacGamesNixxesSoftware_S2_1200x1600-76424286902489f4d9639ac9b735c2b2.jpg?fit=1200%2C1600&ssl=1","contentUrl":"https:\/\/i0.wp.com\/enderg.com\/wp-content\/uploads\/2022\/08\/EGS_MarvelsSpiderManRemastered_InsomniacGamesNixxesSoftware_S2_1200x1600-76424286902489f4d9639ac9b735c2b2.jpg?fit=1200%2C1600&ssl=1","width":1200,"height":1600},{"@type":"BreadcrumbList","@id":"https:\/\/enderg.com\/product\/marvels-spider-man-remastered\/#breadcrumb","itemListElement":[{"@type":"ListItem","position":1,"name":"Home","item":"https:\/\/enderg.com\/"},{"@type":"ListItem","position":2,"name":"Shop","item":"https:\/\/enderg.com\/shop\/"},{"@type":"ListItem","position":3,"name":"Marvel\u2019s Spider-Man Remastered"}]},{"@type":"WebSite","@id":"https:\/\/enderg.com\/#website","url":"https:\/\/enderg.com\/","name":"EnderG","description":"Mais barato \u00e9 o que fazemos!","publisher":{"@id":"https:\/\/enderg.com\/#organization"},"potentialAction":[{"@type":"SearchAction","target":{"@type":"EntryPoint","urlTemplate":"https:\/\/enderg.com\/?s={search_term_string}"},"query-input":{"@type":"PropertyValueSpecification","valueRequired":true,"valueName":"search_term_string"}}],"inLanguage":"pt-PT"},{"@type":"Organization","@id":"https:\/\/enderg.com\/#organization","name":"EnderG","url":"https:\/\/enderg.com\/","logo":{"@type":"ImageObject","inLanguage":"pt-PT","@id":"https:\/\/enderg.com\/#\/schema\/logo\/image\/","url":"https:\/\/enderg.com\/wp-content\/uploads\/2023\/03\/222222222221.png","contentUrl":"https:\/\/enderg.com\/wp-content\/uploads\/2023\/03\/222222222221.png","width":512,"height":512,"caption":"EnderG"},"image":{"@id":"https:\/\/enderg.com\/#\/schema\/logo\/image\/"},"sameAs":["https:\/\/www.facebook.com\/Endergg1\/","https:\/\/www.instagram.com\/enderg01","https:\/\/www.youtube.com\/@enderg-com"],"description":"Jogos mais baratos \u00e9 o que fazemos!","legalName":"Vandar Limited","foundingDate":"2022-06-21"}]}},"jetpack_publicize_connections":[],"jetpack_likes_enabled":true,"jetpack_sharing_enabled":true,"jetpack-related-posts":[],"_links":{"self":[{"href":"https:\/\/enderg.com\/pt\/wp-json\/wp\/v2\/product\/2150","targetHints":{"allow":["GET"]}}],"collection":[{"href":"https:\/\/enderg.com\/pt\/wp-json\/wp\/v2\/product"}],"about":[{"href":"https:\/\/enderg.com\/pt\/wp-json\/wp\/v2\/types\/product"}],"replies":[{"embeddable":true,"href":"https:\/\/enderg.com\/pt\/wp-json\/wp\/v2\/comments?post=2150"}],"version-history":[{"count":6,"href":"https:\/\/enderg.com\/pt\/wp-json\/wp\/v2\/product\/2150\/revisions"}],"predecessor-version":[{"id":11981,"href":"https:\/\/enderg.com\/pt\/wp-json\/wp\/v2\/product\/2150\/revisions\/11981"}],"wp:featuredmedia":[{"embeddable":true,"href":"https:\/\/enderg.com\/pt\/wp-json\/wp\/v2\/media\/2712"}],"wp:attachment":[{"href":"https:\/\/enderg.com\/pt\/wp-json\/wp\/v2\/media?parent=2150"}],"wp:term":[{"taxonomy":"product_brand","embeddable":true,"href":"https:\/\/enderg.com\/pt\/wp-json\/wp\/v2\/product_brand?post=2150"},{"taxonomy":"product_cat","embeddable":true,"href":"https:\/\/enderg.com\/pt\/wp-json\/wp\/v2\/product_cat?post=2150"},{"taxonomy":"product_tag","embeddable":true,"href":"https:\/\/enderg.com\/pt\/wp-json\/wp\/v2\/product_tag?post=2150"}],"curies":[{"name":"wp","href":"https:\/\/api.w.org\/{rel}","templated":true}]}}