{"id":1937,"date":"2022-08-08T21:02:10","date_gmt":"2022-08-08T18:02:10","guid":{"rendered":"https:\/\/enderg.com\/product\/call-of-duty-wwii-gold-edition\/"},"modified":"2024-06-26T01:43:36","modified_gmt":"2024-06-25T22:43:36","slug":"call-of-duty-wwii-gold-edition","status":"publish","type":"product","link":"https:\/\/enderg.com\/pt\/product\/call-of-duty-wwii-gold-edition\/","title":{"rendered":"Call of Duty\u00ae: Segunda Guerra Mundial \u2013 Edi\u00e7\u00e3o Ouro"},"content":{"rendered":"<p><span data-mce-fragment=\"1\">O Call of Duty\u00ae: WWII Gold Edition inclui o Pacote DLC 1 \u2013 The Resistance mais conte\u00fado b\u00f4nus da edi\u00e7\u00e3o digital: 1.100 Call of Duty\u00ae: WWII Points.*<\/span><\/p>\n<p>Call of Duty\u00ae retorna \u00e0s suas ra\u00edzes com Call of Duty\u00ae: WWII \u2013 uma experi\u00eancia de tirar o f\u00f4lego que redefine a Segunda Guerra Mundial para uma nova gera\u00e7\u00e3o de jogos. Desembarque na Normandia no Dia D e lute pela Europa em locais ic\u00f4nicos na guerra mais monumental da hist\u00f3ria. Experimente o combate cl\u00e1ssico do Call of Duty, os la\u00e7os de camaradagem e a natureza implac\u00e1vel da guerra contra uma pot\u00eancia global que joga o mundo na tirania.<\/p>\n<p>Call of Duty\u00ae: WWII cria a experi\u00eancia definitiva da pr\u00f3xima gera\u00e7\u00e3o da Segunda Guerra Mundial em tr\u00eas modos de jogo diferentes: Campanha, Multijogador e Cooperativo. Apresentando visuais impressionantes, a Campanha transporta os jogadores para o teatro europeu enquanto eles se envolvem em uma hist\u00f3ria totalmente nova de Call of Duty\u00ae ambientada em batalhas ic\u00f4nicas da Segunda Guerra Mundial. O modo multijogador marca o retorno \u00e0 jogabilidade original do Call of Duty. Armas aut\u00eanticas e a\u00e7\u00e3o tradicional de correr e atirar envolvem voc\u00ea em uma vasta gama de locais tem\u00e1ticos da Segunda Guerra Mundial. O modo Cooperativo desencadeia uma hist\u00f3ria nova e original em uma experi\u00eancia de jogo aut\u00f4noma cheia de momentos inesperados e cheios de adrenalina.<\/p>\n<p>Continue a escala \u00e9pica da guerra com o DLC Pack 1 para Call of Duty\u00ae: WWII \u2013 The Resistance. Lute em locais ic\u00f4nicos centrados em levantes de resist\u00eancia hist\u00f3ricos em tr\u00eas novos mapas multijogador, bem como em uma nova miss\u00e3o do modo Guerra baseada em objetivos, &#039;Operation Intercept&#039;. Al\u00e9m disso, experimente o cap\u00edtulo Nazi Zombies, &#039;The Darkest Shore&#039;.<\/p>","protected":false},"excerpt":{"rendered":"<p>The Call of Duty\u00ae: WWII Gold Edition includes DLC Pack 1 &#8211; The Resistance plus Digital Edition Bonus Content: 1,100 Call of Duty\u00ae: WWII Points.* Call of Duty\u00ae returns to its roots with Call of Duty\u00ae: WWII &#8211; a breathtaking experience that redefines World War II for a new gaming generation. Land in Normandy on [&hellip;]<\/p>\n","protected":false},"featured_media":2340,"comment_status":"closed","ping_status":"closed","template":"","meta":{"_crdt_document":"","jetpack_publicize_message":"","jetpack_publicize_feature_enabled":true,"jetpack_social_post_already_shared":true,"jetpack_social_options":{"image_generator_settings":{"template":"highway","default_image_id":0,"font":"","enabled":false},"version":2},"_wpas_customize_per_network":false},"product_brand":[],"product_cat":[1374],"product_tag":[1399],"class_list":{"0":"post-1937","1":"product","2":"type-product","3":"status-publish","4":"has-post-thumbnail","6":"product_cat-xbox","7":"product_tag-xbox","9":"first","10":"outofstock","11":"sale","12":"taxable","13":"shipping-taxable","14":"purchasable","15":"product-type-variable","16":"has-default-attributes"},"yoast_head":"<!-- This site is optimized with the Yoast SEO Premium plugin v27.4 (Yoast SEO v27.4) - https:\/\/yoast.com\/product\/yoast-seo-premium-wordpress\/ -->\n<title>Call of Duty\u00ae: WWII - Gold Edition - EnderG<\/title>\n<meta name=\"robots\" content=\"index, follow, max-snippet:-1, max-image-preview:large, max-video-preview:-1\" \/>\n<link rel=\"canonical\" href=\"https:\/\/enderg.com\/pt\/product\/call-of-duty-wwii-gold-edition\/\" \/>\n<meta property=\"og:locale\" content=\"pt_PT\" \/>\n<meta property=\"og:type\" content=\"article\" \/>\n<meta property=\"og:title\" content=\"Call of Duty\u00ae: WWII - Gold Edition\" \/>\n<meta property=\"og:description\" content=\"The Call of Duty\u00ae: WWII Gold Edition includes DLC Pack 1 &#8211; The Resistance plus Digital Edition Bonus Content: 1,100 Call of Duty\u00ae: WWII Points.* Call of Duty\u00ae returns to its roots with Call of Duty\u00ae: WWII &#8211; a breathtaking experience that redefines World War II for a new gaming generation. Land in Normandy on [&hellip;]\" \/>\n<meta property=\"og:url\" content=\"https:\/\/enderg.com\/pt\/product\/call-of-duty-wwii-gold-edition\/\" \/>\n<meta property=\"og:site_name\" content=\"EnderG\" \/>\n<meta property=\"article:publisher\" content=\"https:\/\/www.facebook.com\/Endergg1\/\" \/>\n<meta property=\"article:modified_time\" content=\"2024-06-25T22:43:36+00:00\" \/>\n<meta property=\"og:image\" content=\"https:\/\/enderg.com\/wp-content\/uploads\/2022\/08\/3248477-codww2.jpg\" \/>\n\t<meta property=\"og:image:width\" content=\"960\" \/>\n\t<meta property=\"og:image:height\" content=\"960\" \/>\n\t<meta property=\"og:image:type\" content=\"image\/jpeg\" \/>\n<meta name=\"twitter:card\" content=\"summary_large_image\" \/>\n<meta name=\"twitter:label1\" content=\"Tempo estimado de leitura\" \/>\n\t<meta name=\"twitter:data1\" content=\"2 minutos\" \/>\n<script type=\"application\/ld+json\" class=\"yoast-schema-graph\">{\"@context\":\"https:\\\/\\\/schema.org\",\"@graph\":[{\"@type\":\"WebPage\",\"@id\":\"https:\\\/\\\/enderg.com\\\/product\\\/call-of-duty-wwii-gold-edition\\\/\",\"url\":\"https:\\\/\\\/enderg.com\\\/product\\\/call-of-duty-wwii-gold-edition\\\/\",\"name\":\"Call of Duty\u00ae: WWII - Gold Edition - EnderG\",\"isPartOf\":{\"@id\":\"https:\\\/\\\/enderg.com\\\/#website\"},\"primaryImageOfPage\":{\"@id\":\"https:\\\/\\\/enderg.com\\\/product\\\/call-of-duty-wwii-gold-edition\\\/#primaryimage\"},\"image\":{\"@id\":\"https:\\\/\\\/enderg.com\\\/product\\\/call-of-duty-wwii-gold-edition\\\/#primaryimage\"},\"thumbnailUrl\":\"https:\\\/\\\/i0.wp.com\\\/enderg.com\\\/wp-content\\\/uploads\\\/2022\\\/08\\\/3248477-codww2.jpg?fit=960%2C960&ssl=1\",\"datePublished\":\"2022-08-08T18:02:10+00:00\",\"dateModified\":\"2024-06-25T22:43:36+00:00\",\"breadcrumb\":{\"@id\":\"https:\\\/\\\/enderg.com\\\/product\\\/call-of-duty-wwii-gold-edition\\\/#breadcrumb\"},\"inLanguage\":\"pt-PT\",\"potentialAction\":[{\"@type\":\"ReadAction\",\"target\":[\"https:\\\/\\\/enderg.com\\\/product\\\/call-of-duty-wwii-gold-edition\\\/\"]}]},{\"@type\":\"ImageObject\",\"inLanguage\":\"pt-PT\",\"@id\":\"https:\\\/\\\/enderg.com\\\/product\\\/call-of-duty-wwii-gold-edition\\\/#primaryimage\",\"url\":\"https:\\\/\\\/i0.wp.com\\\/enderg.com\\\/wp-content\\\/uploads\\\/2022\\\/08\\\/3248477-codww2.jpg?fit=960%2C960&ssl=1\",\"contentUrl\":\"https:\\\/\\\/i0.wp.com\\\/enderg.com\\\/wp-content\\\/uploads\\\/2022\\\/08\\\/3248477-codww2.jpg?fit=960%2C960&ssl=1\",\"width\":960,\"height\":960},{\"@type\":\"BreadcrumbList\",\"@id\":\"https:\\\/\\\/enderg.com\\\/product\\\/call-of-duty-wwii-gold-edition\\\/#breadcrumb\",\"itemListElement\":[{\"@type\":\"ListItem\",\"position\":1,\"name\":\"Home\",\"item\":\"https:\\\/\\\/enderg.com\\\/\"},{\"@type\":\"ListItem\",\"position\":2,\"name\":\"Shop\",\"item\":\"https:\\\/\\\/enderg.com\\\/shop\\\/\"},{\"@type\":\"ListItem\",\"position\":3,\"name\":\"Call of Duty\u00ae: WWII &#8211; Gold Edition\"}]},{\"@type\":\"WebSite\",\"@id\":\"https:\\\/\\\/enderg.com\\\/#website\",\"url\":\"https:\\\/\\\/enderg.com\\\/\",\"name\":\"EnderG\",\"description\":\"Cheaper Is What We Do!\",\"publisher\":{\"@id\":\"https:\\\/\\\/enderg.com\\\/#organization\"},\"potentialAction\":[{\"@type\":\"SearchAction\",\"target\":{\"@type\":\"EntryPoint\",\"urlTemplate\":\"https:\\\/\\\/enderg.com\\\/?s={search_term_string}\"},\"query-input\":{\"@type\":\"PropertyValueSpecification\",\"valueRequired\":true,\"valueName\":\"search_term_string\"}}],\"inLanguage\":\"pt-PT\"},{\"@type\":\"Organization\",\"@id\":\"https:\\\/\\\/enderg.com\\\/#organization\",\"name\":\"EnderG\",\"url\":\"https:\\\/\\\/enderg.com\\\/\",\"logo\":{\"@type\":\"ImageObject\",\"inLanguage\":\"pt-PT\",\"@id\":\"https:\\\/\\\/enderg.com\\\/#\\\/schema\\\/logo\\\/image\\\/\",\"url\":\"https:\\\/\\\/enderg.com\\\/wp-content\\\/uploads\\\/2023\\\/03\\\/222222222221.png\",\"contentUrl\":\"https:\\\/\\\/enderg.com\\\/wp-content\\\/uploads\\\/2023\\\/03\\\/222222222221.png\",\"width\":512,\"height\":512,\"caption\":\"EnderG\"},\"image\":{\"@id\":\"https:\\\/\\\/enderg.com\\\/#\\\/schema\\\/logo\\\/image\\\/\"},\"sameAs\":[\"https:\\\/\\\/www.facebook.com\\\/Endergg1\\\/\",\"https:\\\/\\\/www.instagram.com\\\/enderg01\",\"https:\\\/\\\/www.youtube.com\\\/@enderg-com\"],\"description\":\"Cheaper Gaming is what we do!\",\"legalName\":\"Vandar Limited\",\"foundingDate\":\"2022-06-21\"}]}<\/script>\n<!-- \/ Yoast SEO Premium plugin. -->","yoast_head_json":{"title":"Call of Duty\u00ae: WWII - Gold Edition - EnderG","robots":{"index":"index","follow":"follow","max-snippet":"max-snippet:-1","max-image-preview":"max-image-preview:large","max-video-preview":"max-video-preview:-1"},"canonical":"https:\/\/enderg.com\/pt\/product\/call-of-duty-wwii-gold-edition\/","og_locale":"pt_PT","og_type":"article","og_title":"Call of Duty\u00ae: WWII - Gold Edition","og_description":"The Call of Duty\u00ae: WWII Gold Edition includes DLC Pack 1 &#8211; The Resistance plus Digital Edition Bonus Content: 1,100 Call of Duty\u00ae: WWII Points.* Call of Duty\u00ae returns to its roots with Call of Duty\u00ae: WWII &#8211; a breathtaking experience that redefines World War II for a new gaming generation. Land in Normandy on [&hellip;]","og_url":"https:\/\/enderg.com\/pt\/product\/call-of-duty-wwii-gold-edition\/","og_site_name":"EnderG","article_publisher":"https:\/\/www.facebook.com\/Endergg1\/","article_modified_time":"2024-06-25T22:43:36+00:00","og_image":[{"width":960,"height":960,"url":"https:\/\/enderg.com\/wp-content\/uploads\/2022\/08\/3248477-codww2.jpg","type":"image\/jpeg"}],"twitter_card":"summary_large_image","twitter_misc":{"Tempo estimado de leitura":"2 minutos"},"schema":{"@context":"https:\/\/schema.org","@graph":[{"@type":"WebPage","@id":"https:\/\/enderg.com\/product\/call-of-duty-wwii-gold-edition\/","url":"https:\/\/enderg.com\/product\/call-of-duty-wwii-gold-edition\/","name":"Call of Duty\u00ae: WWII - Gold Edition - EnderG","isPartOf":{"@id":"https:\/\/enderg.com\/#website"},"primaryImageOfPage":{"@id":"https:\/\/enderg.com\/product\/call-of-duty-wwii-gold-edition\/#primaryimage"},"image":{"@id":"https:\/\/enderg.com\/product\/call-of-duty-wwii-gold-edition\/#primaryimage"},"thumbnailUrl":"https:\/\/i0.wp.com\/enderg.com\/wp-content\/uploads\/2022\/08\/3248477-codww2.jpg?fit=960%2C960&ssl=1","datePublished":"2022-08-08T18:02:10+00:00","dateModified":"2024-06-25T22:43:36+00:00","breadcrumb":{"@id":"https:\/\/enderg.com\/product\/call-of-duty-wwii-gold-edition\/#breadcrumb"},"inLanguage":"pt-PT","potentialAction":[{"@type":"ReadAction","target":["https:\/\/enderg.com\/product\/call-of-duty-wwii-gold-edition\/"]}]},{"@type":"ImageObject","inLanguage":"pt-PT","@id":"https:\/\/enderg.com\/product\/call-of-duty-wwii-gold-edition\/#primaryimage","url":"https:\/\/i0.wp.com\/enderg.com\/wp-content\/uploads\/2022\/08\/3248477-codww2.jpg?fit=960%2C960&ssl=1","contentUrl":"https:\/\/i0.wp.com\/enderg.com\/wp-content\/uploads\/2022\/08\/3248477-codww2.jpg?fit=960%2C960&ssl=1","width":960,"height":960},{"@type":"BreadcrumbList","@id":"https:\/\/enderg.com\/product\/call-of-duty-wwii-gold-edition\/#breadcrumb","itemListElement":[{"@type":"ListItem","position":1,"name":"Home","item":"https:\/\/enderg.com\/"},{"@type":"ListItem","position":2,"name":"Shop","item":"https:\/\/enderg.com\/shop\/"},{"@type":"ListItem","position":3,"name":"Call of Duty\u00ae: WWII &#8211; Gold Edition"}]},{"@type":"WebSite","@id":"https:\/\/enderg.com\/#website","url":"https:\/\/enderg.com\/","name":"EnderG","description":"Mais barato \u00e9 o que fazemos!","publisher":{"@id":"https:\/\/enderg.com\/#organization"},"potentialAction":[{"@type":"SearchAction","target":{"@type":"EntryPoint","urlTemplate":"https:\/\/enderg.com\/?s={search_term_string}"},"query-input":{"@type":"PropertyValueSpecification","valueRequired":true,"valueName":"search_term_string"}}],"inLanguage":"pt-PT"},{"@type":"Organization","@id":"https:\/\/enderg.com\/#organization","name":"EnderG","url":"https:\/\/enderg.com\/","logo":{"@type":"ImageObject","inLanguage":"pt-PT","@id":"https:\/\/enderg.com\/#\/schema\/logo\/image\/","url":"https:\/\/enderg.com\/wp-content\/uploads\/2023\/03\/222222222221.png","contentUrl":"https:\/\/enderg.com\/wp-content\/uploads\/2023\/03\/222222222221.png","width":512,"height":512,"caption":"EnderG"},"image":{"@id":"https:\/\/enderg.com\/#\/schema\/logo\/image\/"},"sameAs":["https:\/\/www.facebook.com\/Endergg1\/","https:\/\/www.instagram.com\/enderg01","https:\/\/www.youtube.com\/@enderg-com"],"description":"Jogos mais baratos \u00e9 o que fazemos!","legalName":"Vandar Limited","foundingDate":"2022-06-21"}]}},"jetpack_publicize_connections":[],"jetpack_likes_enabled":true,"jetpack_sharing_enabled":true,"jetpack-related-posts":[{"id":333,"url":"https:\/\/enderg.com\/pt\/product\/call-of-duty-2\/","url_meta":{"origin":1937,"position":0},"title":"Call of Duty\u00ae 2","author":"H722","date":"08\/09\/2023","format":false,"excerpt":"Fast Delivery 5-10 minutes after your order goes through, you will receive an email containing the Account info & instructions you need to play! How To Activate After placing Your order You will receive login credentials to a new xbox account with the game purchased.Learn how to share your games\u2026","rel":"","context":"Similar post","block_context":{"text":"Similar post","link":""},"img":{"alt_text":"","src":"https:\/\/i0.wp.com\/enderg.com\/wp-content\/uploads\/2022\/08\/cqQXM.png?fit=417%2C593&ssl=1&resize=350%2C200","width":350,"height":200},"classes":[]},{"id":1931,"url":"https:\/\/enderg.com\/pt\/product\/call-of-duty-vanguard\/","url_meta":{"origin":1937,"position":1},"title":"Call of Duty\u00ae: Vanguarda","author":"H722","date":"08\/08\/2022","format":false,"excerpt":"Fast Delivery Delivery can take 5 to 20 minutes, according to your place in our queueYour Order will be \u2018Auto Refunded\u2019 in case it does not get delivered after 12 hours! How To Activate 1- Open up a VPN and connect to the server specified in your email after placing\u2026","rel":"","context":"Similar post","block_context":{"text":"Similar post","link":""},"img":{"alt_text":"","src":"https:\/\/i0.wp.com\/enderg.com\/wp-content\/uploads\/2022\/08\/oF6TNQk3TtFPLkQSA2LmhRyw.jpg?fit=1200%2C900&ssl=1&resize=350%2C200","width":350,"height":200,"srcset":"https:\/\/i0.wp.com\/enderg.com\/wp-content\/uploads\/2022\/08\/oF6TNQk3TtFPLkQSA2LmhRyw.jpg?fit=1200%2C900&ssl=1&resize=350%2C200 1x, https:\/\/i0.wp.com\/enderg.com\/wp-content\/uploads\/2022\/08\/oF6TNQk3TtFPLkQSA2LmhRyw.jpg?fit=1200%2C900&ssl=1&resize=525%2C300 1.5x, https:\/\/i0.wp.com\/enderg.com\/wp-content\/uploads\/2022\/08\/oF6TNQk3TtFPLkQSA2LmhRyw.jpg?fit=1200%2C900&ssl=1&resize=700%2C400 2x, https:\/\/i0.wp.com\/enderg.com\/wp-content\/uploads\/2022\/08\/oF6TNQk3TtFPLkQSA2LmhRyw.jpg?fit=1200%2C900&ssl=1&resize=1050%2C600 3x"},"classes":[]},{"id":339,"url":"https:\/\/enderg.com\/pt\/product\/call-of-duty-advanced-warfare-gold-edition\/","url_meta":{"origin":1937,"position":2},"title":"Call of Duty\u00ae: Advanced Warfare Edi\u00e7\u00e3o Ouro","author":"H722","date":"07\/08\/2022","format":false,"excerpt":"Fast Delivery Delivery can take 5 to 20 minutes, according to your place in our queueYour Order will be \u2018Auto Refunded\u2019 in case it does not get delivered after 12 hours! How To Activate 1- Open up a VPN and connect to the server specified in your email after placing\u2026","rel":"","context":"Similar post","block_context":{"text":"Similar post","link":""},"img":{"alt_text":"","src":"https:\/\/i0.wp.com\/enderg.com\/wp-content\/uploads\/2022\/08\/O2zlvZFoqt0Bb1N4VTmCMZEX3IkAzxC3.jpg?fit=1024%2C1024&ssl=1&resize=350%2C200","width":350,"height":200,"srcset":"https:\/\/i0.wp.com\/enderg.com\/wp-content\/uploads\/2022\/08\/O2zlvZFoqt0Bb1N4VTmCMZEX3IkAzxC3.jpg?fit=1024%2C1024&ssl=1&resize=350%2C200 1x, https:\/\/i0.wp.com\/enderg.com\/wp-content\/uploads\/2022\/08\/O2zlvZFoqt0Bb1N4VTmCMZEX3IkAzxC3.jpg?fit=1024%2C1024&ssl=1&resize=525%2C300 1.5x, https:\/\/i0.wp.com\/enderg.com\/wp-content\/uploads\/2022\/08\/O2zlvZFoqt0Bb1N4VTmCMZEX3IkAzxC3.jpg?fit=1024%2C1024&ssl=1&resize=700%2C400 2x"},"classes":[]},{"id":1915,"url":"https:\/\/enderg.com\/pt\/product\/call-of-duty-modern-warfare-ii\/","url_meta":{"origin":1937,"position":3},"title":"Call of Duty\u00ae: Modern Warfare\u00ae II","author":"H722","date":"08\/08\/2022","format":false,"excerpt":"Fast Delivery Delivery can take 5 to 20 minutes, according to your place in our queueYour Order will be \u2018Auto Refunded\u2019 in case it does not get delivered after 12 hours! How To Activate 1- Open up a VPN and connect to the server specified in your email after placing\u2026","rel":"","context":"Similar post","block_context":{"text":"Similar post","link":""},"img":{"alt_text":"","src":"https:\/\/i0.wp.com\/enderg.com\/wp-content\/uploads\/2022\/08\/imageedit_8_5559072963_dee69f2a-59fe-4a7b-b2f9-065141502de0-1.jpg?fit=720%2C900&ssl=1&resize=350%2C200","width":350,"height":200,"srcset":"https:\/\/i0.wp.com\/enderg.com\/wp-content\/uploads\/2022\/08\/imageedit_8_5559072963_dee69f2a-59fe-4a7b-b2f9-065141502de0-1.jpg?fit=720%2C900&ssl=1&resize=350%2C200 1x, https:\/\/i0.wp.com\/enderg.com\/wp-content\/uploads\/2022\/08\/imageedit_8_5559072963_dee69f2a-59fe-4a7b-b2f9-065141502de0-1.jpg?fit=720%2C900&ssl=1&resize=525%2C300 1.5x, https:\/\/i0.wp.com\/enderg.com\/wp-content\/uploads\/2022\/08\/imageedit_8_5559072963_dee69f2a-59fe-4a7b-b2f9-065141502de0-1.jpg?fit=720%2C900&ssl=1&resize=700%2C400 2x"},"classes":[]},{"id":357,"url":"https:\/\/enderg.com\/pt\/product\/call-of-duty-black-ops-iii\/","url_meta":{"origin":1937,"position":4},"title":"Call of Duty\u00ae: Black Ops III","author":"H722","date":"07\/08\/2022","format":false,"excerpt":"Fast Delivery Delivery can take 5 to 20 minutes, according to your place in our queueYour Order will be \u2018Auto Refunded\u2019 in case it does not get delivered after 12 hours! How To Activate 1- Open up a VPN and connect to the server specified in your email after placing\u2026","rel":"","context":"Similar post","block_context":{"text":"Similar post","link":""},"img":{"alt_text":"","src":"https:\/\/i0.wp.com\/enderg.com\/wp-content\/uploads\/2022\/08\/Game_cover_art_BOIII.jpg?fit=500%2C713&ssl=1&resize=350%2C200","width":350,"height":200},"classes":[]},{"id":1878,"url":"https:\/\/enderg.com\/pt\/product\/call-of-duty-black-ops-cold-war\/","url_meta":{"origin":1937,"position":5},"title":"Call of Duty\u00ae: Black Ops Guerra Fria","author":"H722","date":"08\/08\/2022","format":false,"excerpt":"Fast Delivery 5-10 minutes after your order goes through, you will receive an email containing the Game Key & instructions you need to Activate! How To Activate 1- Open up a VPN and connect to the server specified in your email after placing your order. 2- Click on this\u00a0Link\u00a0& Login\u2026","rel":"","context":"Similar post","block_context":{"text":"Similar post","link":""},"img":{"alt_text":"","src":"https:\/\/i0.wp.com\/enderg.com\/wp-content\/uploads\/2022\/08\/Keyart_Promo_BOCW.jpg?fit=958%2C1200&ssl=1&resize=350%2C200","width":350,"height":200,"srcset":"https:\/\/i0.wp.com\/enderg.com\/wp-content\/uploads\/2022\/08\/Keyart_Promo_BOCW.jpg?fit=958%2C1200&ssl=1&resize=350%2C200 1x, https:\/\/i0.wp.com\/enderg.com\/wp-content\/uploads\/2022\/08\/Keyart_Promo_BOCW.jpg?fit=958%2C1200&ssl=1&resize=525%2C300 1.5x, https:\/\/i0.wp.com\/enderg.com\/wp-content\/uploads\/2022\/08\/Keyart_Promo_BOCW.jpg?fit=958%2C1200&ssl=1&resize=700%2C400 2x"},"classes":[]}],"_links":{"self":[{"href":"https:\/\/enderg.com\/pt\/wp-json\/wp\/v2\/product\/1937","targetHints":{"allow":["GET"]}}],"collection":[{"href":"https:\/\/enderg.com\/pt\/wp-json\/wp\/v2\/product"}],"about":[{"href":"https:\/\/enderg.com\/pt\/wp-json\/wp\/v2\/types\/product"}],"replies":[{"embeddable":true,"href":"https:\/\/enderg.com\/pt\/wp-json\/wp\/v2\/comments?post=1937"}],"version-history":[{"count":1,"href":"https:\/\/enderg.com\/pt\/wp-json\/wp\/v2\/product\/1937\/revisions"}],"predecessor-version":[{"id":3197,"href":"https:\/\/enderg.com\/pt\/wp-json\/wp\/v2\/product\/1937\/revisions\/3197"}],"wp:featuredmedia":[{"embeddable":true,"href":"https:\/\/enderg.com\/pt\/wp-json\/wp\/v2\/media\/2340"}],"wp:attachment":[{"href":"https:\/\/enderg.com\/pt\/wp-json\/wp\/v2\/media?parent=1937"}],"wp:term":[{"taxonomy":"product_brand","embeddable":true,"href":"https:\/\/enderg.com\/pt\/wp-json\/wp\/v2\/product_brand?post=1937"},{"taxonomy":"product_cat","embeddable":true,"href":"https:\/\/enderg.com\/pt\/wp-json\/wp\/v2\/product_cat?post=1937"},{"taxonomy":"product_tag","embeddable":true,"href":"https:\/\/enderg.com\/pt\/wp-json\/wp\/v2\/product_tag?post=1937"}],"curies":[{"name":"wp","href":"https:\/\/api.w.org\/{rel}","templated":true}]}}