{"id":1927,"date":"2022-08-08T21:02:09","date_gmt":"2022-08-08T18:02:09","guid":{"rendered":"https:\/\/enderg.com\/product\/call-of-duty-modern-warfare-remastered-2\/"},"modified":"2024-06-26T01:43:37","modified_gmt":"2024-06-25T22:43:37","slug":"call-of-duty-modern-warfare-remastered-2","status":"publish","type":"product","link":"https:\/\/enderg.com\/pt\/product\/call-of-duty-modern-warfare-remastered-2\/","title":{"rendered":"Call of Duty\u00ae: Modern Warfare\u00ae Remasterizado"},"content":{"rendered":"<div data-elementor-type=\"wp-post\" data-elementor-id=\"1927\" class=\"elementor elementor-1927\" data-elementor-post-type=\"product\">\n\t\t\t\t\t\t<section class=\"elementor-section elementor-top-section elementor-element elementor-element-3bf5dda6 elementor-section-boxed elementor-section-height-default elementor-section-height-default\" data-id=\"3bf5dda6\" data-element_type=\"section\" data-e-type=\"section\">\n\t\t\t\t\t\t<div class=\"elementor-container elementor-column-gap-default\">\n\t\t\t\t\t<div class=\"elementor-column elementor-col-100 elementor-top-column elementor-element elementor-element-1fd91cd5\" data-id=\"1fd91cd5\" data-element_type=\"column\" data-e-type=\"column\">\n\t\t\t<div class=\"elementor-widget-wrap elementor-element-populated\">\n\t\t\t\t\t\t<div class=\"elementor-element elementor-element-1a76faa9 elementor-widget elementor-widget-accordion\" data-id=\"1a76faa9\" data-element_type=\"widget\" data-e-type=\"widget\" data-widget_type=\"accordion.default\">\n\t\t\t\t<div class=\"elementor-widget-container\">\n\t\t\t\t\t\t\t<div class=\"elementor-accordion\">\n\t\t\t\t\t\t\t<div class=\"elementor-accordion-item\">\n\t\t\t\t\t<h4 id=\"elementor-tab-title-4441\" class=\"elementor-tab-title\" data-tab=\"1\" role=\"button\" aria-controls=\"elementor-tab-content-4441\" aria-expanded=\"false\">\n\t\t\t\t\t\t\t\t\t\t\t\t\t<span class=\"elementor-accordion-icon elementor-accordion-icon-left\" aria-hidden=\"true\">\n\t\t\t\t\t\t\t\t\t\t\t\t\t\t\t<span class=\"elementor-accordion-icon-closed\"><i class=\"fas fa-truck\"><\/i><\/span>\n\t\t\t\t\t\t\t\t<span class=\"elementor-accordion-icon-opened\"><i class=\"fas fa-truck\"><\/i><\/span>\n\t\t\t\t\t\t\t\t\t\t\t\t\t\t<\/span>\n\t\t\t\t\t\t\t\t\t\t\t\t<a class=\"elementor-accordion-title\" tabindex=\"0\">Entrega r\u00e1pida<\/a>\n\t\t\t\t\t<\/h4>\n\t\t\t\t\t<div id=\"elementor-tab-content-4441\" class=\"elementor-tab-content elementor-clearfix\" data-tab=\"1\" role=\"region\" aria-labelledby=\"elementor-tab-title-4441\"><p>A entrega pode levar de 5 a 20 minutos, de acordo com o seu lugar na nossa fila<\/p><p>Seu pedido ser\u00e1 &#039;reembolsado automaticamente&#039; caso n\u00e3o seja entregue ap\u00f3s 12 horas!<\/p><\/div>\n\t\t\t\t<\/div>\n\t\t\t\t\t\t\t\t<\/div>\n\t\t\t\t\t\t<\/div>\n\t\t\t\t<\/div>\n\t\t\t\t<div class=\"elementor-element elementor-element-3f5293f elementor-widget elementor-widget-accordion\" data-id=\"3f5293f\" data-element_type=\"widget\" data-e-type=\"widget\" data-widget_type=\"accordion.default\">\n\t\t\t\t<div class=\"elementor-widget-container\">\n\t\t\t\t\t\t\t<div class=\"elementor-accordion\">\n\t\t\t\t\t\t\t<div class=\"elementor-accordion-item\">\n\t\t\t\t\t<h4 id=\"elementor-tab-title-6631\" class=\"elementor-tab-title\" data-tab=\"1\" role=\"button\" aria-controls=\"elementor-tab-content-6631\" aria-expanded=\"false\">\n\t\t\t\t\t\t\t\t\t\t\t\t\t<span class=\"elementor-accordion-icon elementor-accordion-icon-left\" aria-hidden=\"true\">\n\t\t\t\t\t\t\t\t\t\t\t\t\t\t\t<span class=\"elementor-accordion-icon-closed\"><i class=\"fab fa-xbox\"><\/i><\/span>\n\t\t\t\t\t\t\t\t<span class=\"elementor-accordion-icon-opened\"><i class=\"fab fa-xbox\"><\/i><\/span>\n\t\t\t\t\t\t\t\t\t\t\t\t\t\t<\/span>\n\t\t\t\t\t\t\t\t\t\t\t\t<a class=\"elementor-accordion-title\" tabindex=\"0\">Como Ativar<\/a>\n\t\t\t\t\t<\/h4>\n\t\t\t\t\t<div id=\"elementor-tab-content-6631\" class=\"elementor-tab-content elementor-clearfix\" data-tab=\"1\" role=\"region\" aria-labelledby=\"elementor-tab-title-6631\"><p>1- Abra uma VPN e conecte-se ao servidor especificado em seu e-mail ap\u00f3s fazer seu pedido.<\/p>\n<p>2- Clique aqui&nbsp;<a title=\"https:\/\/account.microsoft.com\/billing\/redeem?refd=login.live.com\" href=\"https:\/\/account.microsoft.com\/billing\/redeem?refd=login.live.com\"><strong>Link<\/strong><\/a>&nbsp;&amp; Fa\u00e7a login na sua conta e resgate a chave que voc\u00ea recebeu!<\/p>\n<p>3- Aproveite!<\/p><\/div>\n\t\t\t\t<\/div>\n\t\t\t\t\t\t\t\t<\/div>\n\t\t\t\t\t\t<\/div>\n\t\t\t\t<\/div>\n\t\t\t\t\t<\/div>\n\t\t<\/div>\n\t\t\t\t\t<\/div>\n\t\t<\/section>\n\t\t\t\t<section class=\"elementor-section elementor-top-section elementor-element elementor-element-29fc7cbb elementor-section-boxed elementor-section-height-default elementor-section-height-default\" data-id=\"29fc7cbb\" data-element_type=\"section\" data-e-type=\"section\">\n\t\t\t\t\t\t<div class=\"elementor-container elementor-column-gap-default\">\n\t\t\t\t\t<div class=\"elementor-column elementor-col-100 elementor-top-column elementor-element elementor-element-3b4f8a49\" data-id=\"3b4f8a49\" data-element_type=\"column\" data-e-type=\"column\">\n\t\t\t<div class=\"elementor-widget-wrap elementor-element-populated\">\n\t\t\t\t\t\t<div class=\"elementor-element elementor-element-36ad89b1 elementor-widget elementor-widget-text-editor\" data-id=\"36ad89b1\" data-element_type=\"widget\" data-e-type=\"widget\" data-widget_type=\"text-editor.default\">\n\t\t\t\t<div class=\"elementor-widget-container\">\n\t\t\t\t\t\t\t\t\t<div class=\"game_page_autocollapse_ctn\">\r\n<div id=\"aboutThisGame\" class=\"game_page_autocollapse\" data-panel=\"{&quot;type&quot;:&quot;PanelGroup&quot;}\">\r\n<div id=\"game_area_description\" class=\"game_area_description\">\r\n\r\nOne of the most critically-acclaimed games in history, Call of Duty: Modern Warfare is back, remastered in true high-definition, featuring improved textures, physically based rendering, high-dynamic range lighting and much more. Developed by Infinity Ward, the award-winning Call of Duty\u00ae 4: Modern Warfare\u00ae set a new standard upon its release for intense, cinematic action, while receiving universal praise as one of the most influential video games of all-time. Winner of numerous Game of the Year honors, Call of Duty 4: Modern Warfare became an instant classic and global phenomenon that set the bar for first-person shooters, and now it returns for a new generation of fans.\r\n\r\nRelive one of the most iconic campaigns in history, as you are transported around the globe, including fan favorite missions &#8220;All Ghillied Up,&#8221; &#8220;Mile High Club,&#8221; and &#8220;Crew Expendable.&#8221; You\u2019ll suit up as unforgettable characters Sgt. John &#8220;Soap&#8221; MacTavish, Capt. John Price and more, as you battle a rogue enemy group across global hotspots from Eastern Europe and rural Russia, all the way to the Middle East. Through an engaging narrative full of twists and turns, call on sophisticated technology and superior firepower as you coordinate land and air strikes on a battlefield where speed and accuracy are essential to victory.\r\n\r\nAdditionally, team up with your friends in the online mode that redefined Call of Duty by introducing killstreaks, XP, Prestige and more in customizable, classic multiplayer modes.\r\n\r\n<\/div>\r\n<\/div>\r\n<\/div>\r\n<div class=\"game_page_autocollapse_ctn\">\r\n<div class=\"game_page_autocollapse sys_req\">\r\n<h2><iframe title=\"Official Call of Duty\u00ae: Modern Warfare\u00ae Remastered \u2013 Launch Trailer\" data-src=\"https:\/\/www.youtube.com\/embed\/l-eMi1xJ2dM\" width=\"1280\" height=\"720\" frameborder=\"0\" allowfullscreen=\"allowfullscreen\" src=\"data:image\/svg+xml;base64,PHN2ZyB3aWR0aD0iMSIgaGVpZ2h0PSIxIiB4bWxucz0iaHR0cDovL3d3dy53My5vcmcvMjAwMC9zdmciPjwvc3ZnPg==\" class=\"lazyload\" data-load-mode=\"1\"><\/iframe><\/h2>\r\n<h2>REQUISITOS DE SISTEMA<\/h2>\r\n<div class=\"sysreq_contents\">\r\n<div class=\"game_area_sys_req sysreq_content active\" data-os=\"win\">\r\n<div class=\"game_area_sys_req_leftCol\"><strong>M\u00cdNIMO:<\/strong>\r\n<ul>\r\n \t<li style=\"list-style-type: none;\">\r\n<ul class=\"bb_ul\">\r\n \t<li>Requer um processador e sistema operacional de 64 bits<\/li>\r\n \t<li><strong>SO:<\/strong>\u00a0Windows 7 64-Bit or later<\/li>\r\n \t<li><strong>Processador:<\/strong>\u00a0Intel Core i3-3225 @ 3.30GHz or equivalent<\/li>\r\n \t<li><strong>Mem\u00f3ria:<\/strong>\u00a08 GB de RAM<\/li>\r\n \t<li><strong>Gr\u00e1ficos:<\/strong>\u00a0NVIDIA GeForce GTX 660 2GB \/ AMD Radeon HD 7850 2GB<\/li>\r\n \t<li><strong>DirectX:<\/strong>\u00a0Vers\u00e3o 11<\/li>\r\n \t<li><strong>Rede:<\/strong>\u00a0Conex\u00e3o internet banda larga<\/li>\r\n \t<li><strong>Placa de som:<\/strong>\u00a0DirectX 11 Compatible<\/li>\r\n \t<li><strong>Notas Adicionais:<\/strong>\u00a0Disk space requirement may change over time.<\/li>\r\n<\/ul>\r\n<\/li>\r\n<\/ul>\r\n<\/div>\r\n<div class=\"game_area_sys_req_rightCol\"><strong>RECOMENDADO:<\/strong>\r\n<ul>\r\n \t<li style=\"list-style-type: none;\">\r\n<ul class=\"bb_ul\">\r\n \t<li>Requer um processador e sistema operacional de 64 bits<\/li>\r\n<\/ul>\r\n<\/li>\r\n<\/ul>\r\n<\/div>\r\n<div><\/div>\r\n<\/div>\r\n<\/div>\r\n<\/div>\r\n<\/div>\r\n<div class=\"game_page_autocollapse_ctn\">\r\n<div class=\"game_page_autocollapse\">\r\n<div id=\"game_area_legal\"><\/div>\r\n<\/div>\r\n<\/div>\t\t\t\t\t\t\t\t<\/div>\n\t\t\t\t<\/div>\n\t\t\t\t\t<\/div>\n\t\t<\/div>\n\t\t\t\t\t<\/div>\n\t\t<\/section>\n\t\t\t\t<\/div>","protected":false},"excerpt":{"rendered":"<p>Fast Delivery Delivery can take 5 to 20 minutes, according to your place in our queue Your Order will be \u2018Auto Refunded\u2019 in case it does not get delivered after 12 hours! How To Activate 1- Open up a VPN and connect to the server specified in your email after placing your order. 2- Click [&hellip;]<\/p>\n","protected":false},"featured_media":2322,"comment_status":"closed","ping_status":"closed","template":"","meta":{"_crdt_document":"","jetpack_publicize_message":"","jetpack_publicize_feature_enabled":true,"jetpack_social_post_already_shared":true,"jetpack_social_options":{"image_generator_settings":{"template":"highway","default_image_id":0,"font":"","enabled":false},"version":2},"_wpas_customize_per_network":false},"product_brand":[],"product_cat":[1374],"product_tag":[1400,1399],"class_list":{"0":"post-1927","1":"product","2":"type-product","3":"status-publish","4":"has-post-thumbnail","6":"product_cat-xbox","7":"product_tag-steam","8":"product_tag-xbox","10":"first","11":"outofstock","12":"sale","13":"taxable","14":"shipping-taxable","15":"purchasable","16":"product-type-variable","17":"has-default-attributes"},"yoast_head":"<!-- This site is optimized with the Yoast SEO Premium plugin v27.4 (Yoast SEO v27.4) - https:\/\/yoast.com\/product\/yoast-seo-premium-wordpress\/ -->\n<title>Call of Duty\u00ae: Modern Warfare\u00ae Remastered - EnderG<\/title>\n<meta name=\"robots\" content=\"index, follow, max-snippet:-1, max-image-preview:large, max-video-preview:-1\" \/>\n<link rel=\"canonical\" href=\"https:\/\/enderg.com\/pt\/product\/call-of-duty-modern-warfare-remastered-2\/\" \/>\n<meta property=\"og:locale\" content=\"pt_PT\" \/>\n<meta property=\"og:type\" content=\"article\" \/>\n<meta property=\"og:title\" content=\"Call of Duty\u00ae: Modern Warfare\u00ae Remastered\" \/>\n<meta property=\"og:description\" content=\"Fast Delivery Delivery can take 5 to 20 minutes, according to your place in our queue Your Order will be \u2018Auto Refunded\u2019 in case it does not get delivered after 12 hours! How To Activate 1- Open up a VPN and connect to the server specified in your email after placing your order. 2- Click [&hellip;]\" \/>\n<meta property=\"og:url\" content=\"https:\/\/enderg.com\/pt\/product\/call-of-duty-modern-warfare-remastered-2\/\" \/>\n<meta property=\"og:site_name\" content=\"EnderG\" \/>\n<meta property=\"article:publisher\" content=\"https:\/\/www.facebook.com\/Endergg1\/\" \/>\n<meta property=\"article:modified_time\" content=\"2024-06-25T22:43:37+00:00\" \/>\n<meta property=\"og:image\" content=\"https:\/\/enderg.com\/wp-content\/uploads\/2022\/08\/2iR9UJ4nCRHgmy43kgACqSx3I0tMZrHlguvGWvDeJjkGq5UJXw1ibERIe0lzt4s3-1.jpg\" \/>\n\t<meta property=\"og:image:width\" content=\"1024\" \/>\n\t<meta property=\"og:image:height\" content=\"1024\" \/>\n\t<meta property=\"og:image:type\" content=\"image\/jpeg\" \/>\n<meta name=\"twitter:card\" content=\"summary_large_image\" \/>\n<meta name=\"twitter:label1\" content=\"Tempo estimado de leitura\" \/>\n\t<meta name=\"twitter:data1\" content=\"2 minutos\" \/>\n<script type=\"application\/ld+json\" class=\"yoast-schema-graph\">{\"@context\":\"https:\\\/\\\/schema.org\",\"@graph\":[{\"@type\":\"WebPage\",\"@id\":\"https:\\\/\\\/enderg.com\\\/product\\\/call-of-duty-modern-warfare-remastered-2\\\/\",\"url\":\"https:\\\/\\\/enderg.com\\\/product\\\/call-of-duty-modern-warfare-remastered-2\\\/\",\"name\":\"Call of Duty\u00ae: Modern Warfare\u00ae Remastered - EnderG\",\"isPartOf\":{\"@id\":\"https:\\\/\\\/enderg.com\\\/#website\"},\"primaryImageOfPage\":{\"@id\":\"https:\\\/\\\/enderg.com\\\/product\\\/call-of-duty-modern-warfare-remastered-2\\\/#primaryimage\"},\"image\":{\"@id\":\"https:\\\/\\\/enderg.com\\\/product\\\/call-of-duty-modern-warfare-remastered-2\\\/#primaryimage\"},\"thumbnailUrl\":\"https:\\\/\\\/i0.wp.com\\\/enderg.com\\\/wp-content\\\/uploads\\\/2022\\\/08\\\/2iR9UJ4nCRHgmy43kgACqSx3I0tMZrHlguvGWvDeJjkGq5UJXw1ibERIe0lzt4s3-1.jpg?fit=1024%2C1024&ssl=1\",\"datePublished\":\"2022-08-08T18:02:09+00:00\",\"dateModified\":\"2024-06-25T22:43:37+00:00\",\"breadcrumb\":{\"@id\":\"https:\\\/\\\/enderg.com\\\/product\\\/call-of-duty-modern-warfare-remastered-2\\\/#breadcrumb\"},\"inLanguage\":\"pt-PT\",\"potentialAction\":[{\"@type\":\"ReadAction\",\"target\":[\"https:\\\/\\\/enderg.com\\\/product\\\/call-of-duty-modern-warfare-remastered-2\\\/\"]}]},{\"@type\":\"ImageObject\",\"inLanguage\":\"pt-PT\",\"@id\":\"https:\\\/\\\/enderg.com\\\/product\\\/call-of-duty-modern-warfare-remastered-2\\\/#primaryimage\",\"url\":\"https:\\\/\\\/i0.wp.com\\\/enderg.com\\\/wp-content\\\/uploads\\\/2022\\\/08\\\/2iR9UJ4nCRHgmy43kgACqSx3I0tMZrHlguvGWvDeJjkGq5UJXw1ibERIe0lzt4s3-1.jpg?fit=1024%2C1024&ssl=1\",\"contentUrl\":\"https:\\\/\\\/i0.wp.com\\\/enderg.com\\\/wp-content\\\/uploads\\\/2022\\\/08\\\/2iR9UJ4nCRHgmy43kgACqSx3I0tMZrHlguvGWvDeJjkGq5UJXw1ibERIe0lzt4s3-1.jpg?fit=1024%2C1024&ssl=1\",\"width\":1024,\"height\":1024},{\"@type\":\"BreadcrumbList\",\"@id\":\"https:\\\/\\\/enderg.com\\\/product\\\/call-of-duty-modern-warfare-remastered-2\\\/#breadcrumb\",\"itemListElement\":[{\"@type\":\"ListItem\",\"position\":1,\"name\":\"Home\",\"item\":\"https:\\\/\\\/enderg.com\\\/\"},{\"@type\":\"ListItem\",\"position\":2,\"name\":\"Shop\",\"item\":\"https:\\\/\\\/enderg.com\\\/shop\\\/\"},{\"@type\":\"ListItem\",\"position\":3,\"name\":\"Call of Duty\u00ae: Modern Warfare\u00ae Remastered\"}]},{\"@type\":\"WebSite\",\"@id\":\"https:\\\/\\\/enderg.com\\\/#website\",\"url\":\"https:\\\/\\\/enderg.com\\\/\",\"name\":\"EnderG\",\"description\":\"Cheaper Is What We Do!\",\"publisher\":{\"@id\":\"https:\\\/\\\/enderg.com\\\/#organization\"},\"potentialAction\":[{\"@type\":\"SearchAction\",\"target\":{\"@type\":\"EntryPoint\",\"urlTemplate\":\"https:\\\/\\\/enderg.com\\\/?s={search_term_string}\"},\"query-input\":{\"@type\":\"PropertyValueSpecification\",\"valueRequired\":true,\"valueName\":\"search_term_string\"}}],\"inLanguage\":\"pt-PT\"},{\"@type\":\"Organization\",\"@id\":\"https:\\\/\\\/enderg.com\\\/#organization\",\"name\":\"EnderG\",\"url\":\"https:\\\/\\\/enderg.com\\\/\",\"logo\":{\"@type\":\"ImageObject\",\"inLanguage\":\"pt-PT\",\"@id\":\"https:\\\/\\\/enderg.com\\\/#\\\/schema\\\/logo\\\/image\\\/\",\"url\":\"https:\\\/\\\/enderg.com\\\/wp-content\\\/uploads\\\/2023\\\/03\\\/222222222221.png\",\"contentUrl\":\"https:\\\/\\\/enderg.com\\\/wp-content\\\/uploads\\\/2023\\\/03\\\/222222222221.png\",\"width\":512,\"height\":512,\"caption\":\"EnderG\"},\"image\":{\"@id\":\"https:\\\/\\\/enderg.com\\\/#\\\/schema\\\/logo\\\/image\\\/\"},\"sameAs\":[\"https:\\\/\\\/www.facebook.com\\\/Endergg1\\\/\",\"https:\\\/\\\/www.instagram.com\\\/enderg01\",\"https:\\\/\\\/www.youtube.com\\\/@enderg-com\"],\"description\":\"Cheaper Gaming is what we do!\",\"legalName\":\"Vandar Limited\",\"foundingDate\":\"2022-06-21\"}]}<\/script>\n<!-- \/ Yoast SEO Premium plugin. -->","yoast_head_json":{"title":"Call of Duty\u00ae: Modern Warfare\u00ae Remastered - EnderG","robots":{"index":"index","follow":"follow","max-snippet":"max-snippet:-1","max-image-preview":"max-image-preview:large","max-video-preview":"max-video-preview:-1"},"canonical":"https:\/\/enderg.com\/pt\/product\/call-of-duty-modern-warfare-remastered-2\/","og_locale":"pt_PT","og_type":"article","og_title":"Call of Duty\u00ae: Modern Warfare\u00ae Remastered","og_description":"Fast Delivery Delivery can take 5 to 20 minutes, according to your place in our queue Your Order will be \u2018Auto Refunded\u2019 in case it does not get delivered after 12 hours! How To Activate 1- Open up a VPN and connect to the server specified in your email after placing your order. 2- Click [&hellip;]","og_url":"https:\/\/enderg.com\/pt\/product\/call-of-duty-modern-warfare-remastered-2\/","og_site_name":"EnderG","article_publisher":"https:\/\/www.facebook.com\/Endergg1\/","article_modified_time":"2024-06-25T22:43:37+00:00","og_image":[{"width":1024,"height":1024,"url":"https:\/\/enderg.com\/wp-content\/uploads\/2022\/08\/2iR9UJ4nCRHgmy43kgACqSx3I0tMZrHlguvGWvDeJjkGq5UJXw1ibERIe0lzt4s3-1.jpg","type":"image\/jpeg"}],"twitter_card":"summary_large_image","twitter_misc":{"Tempo estimado de leitura":"2 minutos"},"schema":{"@context":"https:\/\/schema.org","@graph":[{"@type":"WebPage","@id":"https:\/\/enderg.com\/product\/call-of-duty-modern-warfare-remastered-2\/","url":"https:\/\/enderg.com\/product\/call-of-duty-modern-warfare-remastered-2\/","name":"Call of Duty\u00ae: Modern Warfare\u00ae Remastered - EnderG","isPartOf":{"@id":"https:\/\/enderg.com\/#website"},"primaryImageOfPage":{"@id":"https:\/\/enderg.com\/product\/call-of-duty-modern-warfare-remastered-2\/#primaryimage"},"image":{"@id":"https:\/\/enderg.com\/product\/call-of-duty-modern-warfare-remastered-2\/#primaryimage"},"thumbnailUrl":"https:\/\/i0.wp.com\/enderg.com\/wp-content\/uploads\/2022\/08\/2iR9UJ4nCRHgmy43kgACqSx3I0tMZrHlguvGWvDeJjkGq5UJXw1ibERIe0lzt4s3-1.jpg?fit=1024%2C1024&ssl=1","datePublished":"2022-08-08T18:02:09+00:00","dateModified":"2024-06-25T22:43:37+00:00","breadcrumb":{"@id":"https:\/\/enderg.com\/product\/call-of-duty-modern-warfare-remastered-2\/#breadcrumb"},"inLanguage":"pt-PT","potentialAction":[{"@type":"ReadAction","target":["https:\/\/enderg.com\/product\/call-of-duty-modern-warfare-remastered-2\/"]}]},{"@type":"ImageObject","inLanguage":"pt-PT","@id":"https:\/\/enderg.com\/product\/call-of-duty-modern-warfare-remastered-2\/#primaryimage","url":"https:\/\/i0.wp.com\/enderg.com\/wp-content\/uploads\/2022\/08\/2iR9UJ4nCRHgmy43kgACqSx3I0tMZrHlguvGWvDeJjkGq5UJXw1ibERIe0lzt4s3-1.jpg?fit=1024%2C1024&ssl=1","contentUrl":"https:\/\/i0.wp.com\/enderg.com\/wp-content\/uploads\/2022\/08\/2iR9UJ4nCRHgmy43kgACqSx3I0tMZrHlguvGWvDeJjkGq5UJXw1ibERIe0lzt4s3-1.jpg?fit=1024%2C1024&ssl=1","width":1024,"height":1024},{"@type":"BreadcrumbList","@id":"https:\/\/enderg.com\/product\/call-of-duty-modern-warfare-remastered-2\/#breadcrumb","itemListElement":[{"@type":"ListItem","position":1,"name":"Home","item":"https:\/\/enderg.com\/"},{"@type":"ListItem","position":2,"name":"Shop","item":"https:\/\/enderg.com\/shop\/"},{"@type":"ListItem","position":3,"name":"Call of Duty\u00ae: Modern Warfare\u00ae Remastered"}]},{"@type":"WebSite","@id":"https:\/\/enderg.com\/#website","url":"https:\/\/enderg.com\/","name":"EnderG","description":"Mais barato \u00e9 o que fazemos!","publisher":{"@id":"https:\/\/enderg.com\/#organization"},"potentialAction":[{"@type":"SearchAction","target":{"@type":"EntryPoint","urlTemplate":"https:\/\/enderg.com\/?s={search_term_string}"},"query-input":{"@type":"PropertyValueSpecification","valueRequired":true,"valueName":"search_term_string"}}],"inLanguage":"pt-PT"},{"@type":"Organization","@id":"https:\/\/enderg.com\/#organization","name":"EnderG","url":"https:\/\/enderg.com\/","logo":{"@type":"ImageObject","inLanguage":"pt-PT","@id":"https:\/\/enderg.com\/#\/schema\/logo\/image\/","url":"https:\/\/enderg.com\/wp-content\/uploads\/2023\/03\/222222222221.png","contentUrl":"https:\/\/enderg.com\/wp-content\/uploads\/2023\/03\/222222222221.png","width":512,"height":512,"caption":"EnderG"},"image":{"@id":"https:\/\/enderg.com\/#\/schema\/logo\/image\/"},"sameAs":["https:\/\/www.facebook.com\/Endergg1\/","https:\/\/www.instagram.com\/enderg01","https:\/\/www.youtube.com\/@enderg-com"],"description":"Jogos mais baratos \u00e9 o que fazemos!","legalName":"Vandar Limited","foundingDate":"2022-06-21"}]}},"jetpack_publicize_connections":[],"jetpack_likes_enabled":true,"jetpack_sharing_enabled":true,"jetpack-related-posts":[],"_links":{"self":[{"href":"https:\/\/enderg.com\/pt\/wp-json\/wp\/v2\/product\/1927","targetHints":{"allow":["GET"]}}],"collection":[{"href":"https:\/\/enderg.com\/pt\/wp-json\/wp\/v2\/product"}],"about":[{"href":"https:\/\/enderg.com\/pt\/wp-json\/wp\/v2\/types\/product"}],"replies":[{"embeddable":true,"href":"https:\/\/enderg.com\/pt\/wp-json\/wp\/v2\/comments?post=1927"}],"version-history":[{"count":10,"href":"https:\/\/enderg.com\/pt\/wp-json\/wp\/v2\/product\/1927\/revisions"}],"predecessor-version":[{"id":8835,"href":"https:\/\/enderg.com\/pt\/wp-json\/wp\/v2\/product\/1927\/revisions\/8835"}],"wp:featuredmedia":[{"embeddable":true,"href":"https:\/\/enderg.com\/pt\/wp-json\/wp\/v2\/media\/2322"}],"wp:attachment":[{"href":"https:\/\/enderg.com\/pt\/wp-json\/wp\/v2\/media?parent=1927"}],"wp:term":[{"taxonomy":"product_brand","embeddable":true,"href":"https:\/\/enderg.com\/pt\/wp-json\/wp\/v2\/product_brand?post=1927"},{"taxonomy":"product_cat","embeddable":true,"href":"https:\/\/enderg.com\/pt\/wp-json\/wp\/v2\/product_cat?post=1927"},{"taxonomy":"product_tag","embeddable":true,"href":"https:\/\/enderg.com\/pt\/wp-json\/wp\/v2\/product_tag?post=1927"}],"curies":[{"name":"wp","href":"https:\/\/api.w.org\/{rel}","templated":true}]}}