{"id":3334,"date":"2022-08-09T00:48:19","date_gmt":"2022-08-08T21:48:19","guid":{"rendered":"https:\/\/enderg.com\/?page_id=3334"},"modified":"2025-01-06T21:09:28","modified_gmt":"2025-01-06T18:09:28","slug":"contact","status":"publish","type":"page","link":"https:\/\/enderg.com\/pt\/contact\/","title":{"rendered":"Contato"},"content":{"rendered":"<p><div class=\"forminator-ui forminator-custom-form forminator-custom-form-14853 forminator-design--material  forminator_ajax\" data-forminator-render=\"0\" data-form=\"forminator-module-14853\" data-uid=\"69fb606158830\"><br\/><\/div><form\n\t\t\t\tid=\"forminator-module-14853\"\n\t\t\t\tclass=\"forminator-ui forminator-custom-form forminator-custom-form-14853 forminator-design--material  forminator_ajax\"\n\t\t\t\tmethod=\"post\"\n\t\t\t\tdata-forminator-render=\"0\"\n\t\t\t\tdata-form-id=\"14853\"\n\t\t\t\t data-color-option=\"default\" data-design=\"material\" data-grid=\"open\" style=\"display: none;\"\n\t\t\t\tdata-uid=\"69fb606158830\" action=\"\"\n\t\t\t><div role=\"alert\" aria-live=\"polite\" class=\"forminator-response-message forminator-error\" aria-hidden=\"true\"><\/div><div class=\"forminator-row\"><div id=\"name-1\" class=\"forminator-field-name forminator-col forminator-col-12\"><div class=\"forminator-field\"><label for=\"forminator-field-name-1_69fb606158830\" id=\"forminator-field-name-1_69fb606158830-label\" class=\"forminator-label\">Nome <span class=\"forminator-required\">*<\/span><\/label><input type=\"text\" name=\"name-1\" value=\"\" placeholder=\"\" id=\"forminator-field-name-1_69fb606158830\" class=\"forminator-input forminator-name--field\" aria-required=\"true\" autocomplete=\"name\" \/><\/div><\/div><\/div><div class=\"forminator-row\"><div id=\"email-1\" class=\"forminator-field-email forminator-col forminator-col-12\"><div class=\"forminator-field\"><label for=\"forminator-field-email-1_69fb606158830\" id=\"forminator-field-email-1_69fb606158830-label\" class=\"forminator-label\">Endere\u00e7o de email <span class=\"forminator-required\">*<\/span><\/label><input type=\"email\" name=\"email-1\" value=\"\" placeholder=\"Por exemplo, john@doe.com\" id=\"forminator-field-email-1_69fb606158830\" class=\"forminator-input forminator-email--field\" data-required=\"1\" aria-required=\"true\" autocomplete=\"email\" \/><\/div><\/div><\/div><div class=\"forminator-row\"><div id=\"radio-4\" class=\"forminator-field-radio forminator-col forminator-col-12\"><div role=\"radiogroup\" class=\"forminator-field\" aria-labelledby=\"forminator-radiogroup-radio-4-69fb606158830-label\"><span id=\"forminator-radiogroup-radio-4-69fb606158830-label\" class=\"forminator-label\">Voc\u00ea tem um n\u00famero de pedido? <span class=\"forminator-required\">*<\/span><\/span><label id=\"forminator-field-radio-4-label-1\" for=\"forminator-field-radio-4-1-69fb606158830\" class=\"forminator-radio\" title=\"Sim\"><input type=\"radio\" name=\"radio-4\" value=\"one\" id=\"forminator-field-radio-4-1-69fb606158830\" aria-labelledby=\"forminator-field-radio-4-label-1\" data-calculation=\"0\"   data-hidden-behavior=\"zero\"\/><span class=\"forminator-radio-bullet\" aria-hidden=\"true\"><\/span><span class=\"forminator-radio-label\">Sim<\/span><\/label><label id=\"forminator-field-radio-4-label-2\" for=\"forminator-field-radio-4-2-69fb606158830\" class=\"forminator-radio\" title=\"N\u00e3o\"><input type=\"radio\" name=\"radio-4\" value=\"two\" id=\"forminator-field-radio-4-2-69fb606158830\" aria-labelledby=\"forminator-field-radio-4-label-2\" data-calculation=\"0\"   data-hidden-behavior=\"zero\"\/><span class=\"forminator-radio-bullet\" aria-hidden=\"true\"><\/span><span class=\"forminator-radio-label\">N\u00e3o<\/span><\/label><\/div><\/div><\/div><div class=\"forminator-row\"><div id=\"number-1\" class=\"forminator-field-number forminator-col forminator-col-12\"><div class=\"forminator-field\"><label for=\"forminator-field-number-1_69fb606158830\" id=\"forminator-field-number-1_69fb606158830-label\" class=\"forminator-label\">Por favor insira o n\u00famero do seu pedido <span class=\"forminator-required\">*<\/span><\/label><input name=\"number-1\" value=\"\" placeholder=\"Por exemplo, 142069\" id=\"forminator-field-number-1_69fb606158830\" class=\"forminator-input forminator-number--field\" inputmode=\"decimal\" data-required=\"1\" data-decimals=\"0\" aria-required=\"true\" data-inputmask=\"&#039;groupSeparator&#039;: &#039;&#039;, &#039;radixPoint&#039;: &#039;&#039;, &#039;digits&#039;: &#039;0&#039;\" data-hidden-behavior=\"zero\" type=\"number\" step=\"any\" min=\"1000\" max=\"99999\" \/><\/div><\/div><\/div><div class=\"forminator-row\"><div id=\"radio-1\" class=\"forminator-field-radio forminator-col forminator-col-12\"><div role=\"radiogroup\" class=\"forminator-field\" aria-labelledby=\"forminator-radiogroup-radio-1-69fb606158830-label\"><span id=\"forminator-radiogroup-radio-1-69fb606158830-label\" class=\"forminator-label\">Escolha o console que voc\u00ea usa <span class=\"forminator-required\">*<\/span><\/span><label id=\"forminator-field-radio-1-label-1\" for=\"forminator-field-radio-1-1-69fb606158830\" class=\"forminator-radio forminator-radio-inline\" title=\"Playstation 4\"><input type=\"radio\" name=\"radio-1\" value=\"one\" id=\"forminator-field-radio-1-1-69fb606158830\" aria-labelledby=\"forminator-field-radio-1-label-1\" data-calculation=\"0\"   data-hidden-behavior=\"zero\"\/><span class=\"forminator-radio-bullet\" aria-hidden=\"true\"><\/span><span class=\"forminator-radio-label\">Playstation 4<\/span><\/label><label id=\"forminator-field-radio-1-label-2\" for=\"forminator-field-radio-1-2-69fb606158830\" class=\"forminator-radio forminator-radio-inline\" title=\"PlayStation 5\"><input type=\"radio\" name=\"radio-1\" value=\"two\" id=\"forminator-field-radio-1-2-69fb606158830\" aria-labelledby=\"forminator-field-radio-1-label-2\" data-calculation=\"0\"   data-hidden-behavior=\"zero\"\/><span class=\"forminator-radio-bullet\" aria-hidden=\"true\"><\/span><span class=\"forminator-radio-label\">PlayStation 5<\/span><\/label><label id=\"forminator-field-radio-1-label-3\" for=\"forminator-field-radio-1-3-69fb606158830\" class=\"forminator-radio forminator-radio-inline\" title=\"xbox\"><input type=\"radio\" name=\"radio-1\" value=\"Xbox-Consoles\" id=\"forminator-field-radio-1-3-69fb606158830\" aria-labelledby=\"forminator-field-radio-1-label-3\" data-calculation=\"0\"   data-hidden-behavior=\"zero\"\/><span class=\"forminator-radio-bullet\" aria-hidden=\"true\"><\/span><span class=\"forminator-radio-label\">xbox<\/span><\/label><label id=\"forminator-field-radio-1-label-4\" for=\"forminator-field-radio-1-4-69fb606158830\" class=\"forminator-radio forminator-radio-inline\" title=\"PC\"><input type=\"radio\" name=\"radio-1\" value=\"PC\" id=\"forminator-field-radio-1-4-69fb606158830\" aria-labelledby=\"forminator-field-radio-1-label-4\" data-calculation=\"0\"   data-hidden-behavior=\"zero\"\/><span class=\"forminator-radio-bullet\" aria-hidden=\"true\"><\/span><span class=\"forminator-radio-label\">PC<\/span><\/label><\/div><\/div><\/div><div class=\"forminator-row\"><div id=\"radio-2\" class=\"forminator-field-radio forminator-col forminator-col-12\"><div role=\"radiogroup\" class=\"forminator-field\" aria-labelledby=\"forminator-radiogroup-radio-2-69fb606158830-label\"><span id=\"forminator-radiogroup-radio-2-69fb606158830-label\" class=\"forminator-label\">Voc\u00ea est\u00e1 nos contatando sobre um c\u00f3digo de verifica\u00e7\u00e3o? <span class=\"forminator-required\">*<\/span><\/span><label id=\"forminator-field-radio-2-label-1\" for=\"forminator-field-radio-2-1-69fb606158830\" class=\"forminator-radio\" title=\"N\u00e3o\"><input type=\"radio\" name=\"radio-2\" value=\"two\" id=\"forminator-field-radio-2-1-69fb606158830\" aria-labelledby=\"forminator-field-radio-2-label-1\" data-calculation=\"0\"   data-hidden-behavior=\"zero\"\/><span class=\"forminator-radio-bullet\" aria-hidden=\"true\"><\/span><span class=\"forminator-radio-label\">N\u00e3o<\/span><\/label><label id=\"forminator-field-radio-2-label-2\" for=\"forminator-field-radio-2-2-69fb606158830\" class=\"forminator-radio\" title=\"Sim\"><input type=\"radio\" name=\"radio-2\" value=\"one\" id=\"forminator-field-radio-2-2-69fb606158830\" aria-labelledby=\"forminator-field-radio-2-label-2\" data-calculation=\"0\"   data-hidden-behavior=\"zero\"\/><span class=\"forminator-radio-bullet\" aria-hidden=\"true\"><\/span><span class=\"forminator-radio-label\">Sim<\/span><\/label><\/div><\/div><\/div><div class=\"forminator-row\"><div id=\"radio-5\" class=\"forminator-field-radio forminator-col forminator-col-12\"><div role=\"radiogroup\" class=\"forminator-field\" aria-labelledby=\"forminator-radiogroup-radio-5-69fb606158830-label\"><span id=\"forminator-radiogroup-radio-5-69fb606158830-label\" class=\"forminator-label\">Est\u00e1 a contactar-nos devido a um 'e-mail ou palavra-passe' incorretos ao tentar fazer login? <span class=\"forminator-required\">*<\/span><\/span><label id=\"forminator-field-radio-5-label-1\" for=\"forminator-field-radio-5-1-69fb606158830\" class=\"forminator-radio\" title=\"N\u00e3o\"><input type=\"radio\" name=\"radio-5\" value=\"No\" id=\"forminator-field-radio-5-1-69fb606158830\" aria-labelledby=\"forminator-field-radio-5-label-1\" data-calculation=\"0\"   data-hidden-behavior=\"zero\"\/><span class=\"forminator-radio-bullet\" aria-hidden=\"true\"><\/span><span class=\"forminator-radio-label\">N\u00e3o<\/span><\/label><label id=\"forminator-field-radio-5-label-2\" for=\"forminator-field-radio-5-2-69fb606158830\" class=\"forminator-radio\" title=\"Sim\"><input type=\"radio\" name=\"radio-5\" value=\"one\" id=\"forminator-field-radio-5-2-69fb606158830\" aria-labelledby=\"forminator-field-radio-5-label-2\" data-calculation=\"0\"   data-hidden-behavior=\"zero\"\/><span class=\"forminator-radio-bullet\" aria-hidden=\"true\"><\/span><span class=\"forminator-radio-label\">Sim<\/span><\/label><\/div><\/div><\/div><div class=\"forminator-row\"><div id=\"textarea-1\" class=\"forminator-field-textarea forminator-col forminator-col-12\"><div class=\"forminator-field\"><label for=\"forminator-field-textarea-1_69fb606158830\" id=\"forminator-field-textarea-1_69fb606158830-label\" class=\"forminator-label\">Please Enter Your Message&#8230; <span class=\"forminator-required\">*<\/span><\/label><textarea name=\"textarea-1\" placeholder=\"Digite sua mensagem...\" id=\"forminator-field-textarea-1_69fb606158830\" class=\"forminator-textarea\" rows=\"6\" style=\"--forminator-textarea-min-height:140px;\" maxlength=\"400\" ><\/textarea><span id=\"forminator-field-textarea-1_69fb606158830-description\" class=\"forminator-description\"><span data-limit=\"400\" data-type=\"characters\" data-editor=\"\">0 \/ 400<\/span><\/span><\/div><\/div><\/div><div class=\"forminator-row\"><div id=\"section-1\" class=\"forminator-field-section forminator-col forminator-col-12\"><div class=\"forminator-field\"><h2 class=\"forminator-title\">Por favor, envie-nos uma mensagem no Facebook ou Instagram para resolvermos o seu problema o mais rapidamente poss\u00edvel: <a href=\"https:\/\/www.facebook.com\/Endergg1\" rel=\"nofollow\">https:\/\/www.facebook.com\/Endergg1<\/a> <a href=\"https:\/\/www.instagram.com\/enderg01\/\" rel=\"nofollow\">https:\/\/www.instagram.com\/enderg01\/<\/a> <a href=\"https:\/\/wa.me\/447520623898\" rel=\"nofollow\">https:\/\/wa.me\/447520623898<\/a><\/h2><\/div><\/div><\/div><input type=\"hidden\" name=\"referer_url\" value=\"\" \/><div class=\"forminator-row forminator-row-last\"><div class=\"forminator-col\"><div class=\"forminator-field\"><button class=\"forminator-button forminator-button-submit\"><span>Enviar mensagem<\/span><span aria-hidden=\"true\"><\/span><\/button><\/div><\/div><\/div><input type=\"hidden\" id=\"forminator_nonce\" name=\"forminator_nonce\" value=\"96af809279\" \/><input type=\"hidden\" name=\"_wp_http_referer\" value=\"\/pt\/wp-json\/wp\/v2\/pages\/3334\" \/><input type=\"hidden\" name=\"form_id\" value=\"14853\"><input type=\"hidden\" name=\"page_id\" value=\"3334\"><input type=\"hidden\" name=\"form_type\" value=\"default\"><input type=\"hidden\" name=\"current_url\" value=\"https:\/\/enderg.com\/pt\/contact\/\"><input type=\"hidden\" name=\"render_id\" value=\"0\"><input type=\"hidden\" name=\"action\" value=\"forminator_submit_form_custom-forms\"><label for=\"input_9\" class=\"forminator-hidden\" aria-hidden=\"true\">Por favor, n\u00e3o preencha este campo. <input id=\"input_9\" type=\"text\" name=\"input_9\" value=\"\" autocomplete=\"off\"><\/label><input type=\"hidden\" name=\"trp-form-language\" value=\"pt\"\/><\/form><\/p>","protected":false},"excerpt":{"rendered":"","protected":false},"author":215024817,"featured_media":0,"parent":0,"menu_order":0,"comment_status":"closed","ping_status":"closed","template":"","meta":{"_crdt_document":"","footnotes":""},"class_list":["post-3334","page","type-page","status-publish","hentry"],"yoast_head":"<!-- This site is optimized with the Yoast SEO Premium plugin v27.5 (Yoast SEO v27.5) - https:\/\/yoast.com\/product\/yoast-seo-premium-wordpress\/ -->\n<title>Contact - EnderG<\/title>\n<meta name=\"robots\" content=\"index, follow, max-snippet:-1, max-image-preview:large, max-video-preview:-1\" \/>\n<link rel=\"canonical\" href=\"http:\/\/enderg.com\/pt\/contact\/\" \/>\n<meta property=\"og:locale\" content=\"pt_PT\" \/>\n<meta property=\"og:type\" content=\"article\" \/>\n<meta property=\"og:title\" content=\"Contact\" \/>\n<meta property=\"og:url\" content=\"http:\/\/enderg.com\/pt\/contact\/\" \/>\n<meta property=\"og:site_name\" content=\"EnderG\" \/>\n<meta property=\"article:publisher\" content=\"https:\/\/www.facebook.com\/Endergg1\/\" \/>\n<meta property=\"article:modified_time\" content=\"2025-01-06T18:09:28+00:00\" \/>\n<meta property=\"og:image\" content=\"https:\/\/i0.wp.com\/enderg.com\/wp-content\/uploads\/2023\/01\/cropped-1111111-1.png?fit=470%2C110&ssl=1\" \/>\n\t<meta property=\"og:image:width\" content=\"470\" \/>\n\t<meta property=\"og:image:height\" content=\"110\" \/>\n\t<meta property=\"og:image:type\" content=\"image\/png\" \/>\n<meta name=\"twitter:card\" content=\"summary_large_image\" \/>\n<script type=\"application\/ld+json\" class=\"yoast-schema-graph\">{\"@context\":\"https:\\\/\\\/schema.org\",\"@graph\":[{\"@type\":\"WebPage\",\"@id\":\"http:\\\/\\\/enderg.com\\\/contact\\\/\",\"url\":\"http:\\\/\\\/enderg.com\\\/contact\\\/\",\"name\":\"Contact - EnderG\",\"isPartOf\":{\"@id\":\"https:\\\/\\\/enderg.com\\\/#website\"},\"datePublished\":\"2022-08-08T21:48:19+00:00\",\"dateModified\":\"2025-01-06T18:09:28+00:00\",\"breadcrumb\":{\"@id\":\"http:\\\/\\\/enderg.com\\\/contact\\\/#breadcrumb\"},\"inLanguage\":\"pt-PT\",\"potentialAction\":[{\"@type\":\"ReadAction\",\"target\":[\"http:\\\/\\\/enderg.com\\\/contact\\\/\"]}]},{\"@type\":\"BreadcrumbList\",\"@id\":\"http:\\\/\\\/enderg.com\\\/contact\\\/#breadcrumb\",\"itemListElement\":[{\"@type\":\"ListItem\",\"position\":1,\"name\":\"Home\",\"item\":\"https:\\\/\\\/enderg.com\\\/\"},{\"@type\":\"ListItem\",\"position\":2,\"name\":\"Contact\"}]},{\"@type\":\"WebSite\",\"@id\":\"https:\\\/\\\/enderg.com\\\/#website\",\"url\":\"https:\\\/\\\/enderg.com\\\/\",\"name\":\"EnderG\",\"description\":\"Cheaper Is What We Do!\",\"publisher\":{\"@id\":\"https:\\\/\\\/enderg.com\\\/#organization\"},\"potentialAction\":[{\"@type\":\"SearchAction\",\"target\":{\"@type\":\"EntryPoint\",\"urlTemplate\":\"https:\\\/\\\/enderg.com\\\/?s={search_term_string}\"},\"query-input\":{\"@type\":\"PropertyValueSpecification\",\"valueRequired\":true,\"valueName\":\"search_term_string\"}}],\"inLanguage\":\"pt-PT\"},{\"@type\":\"Organization\",\"@id\":\"https:\\\/\\\/enderg.com\\\/#organization\",\"name\":\"EnderG\",\"url\":\"https:\\\/\\\/enderg.com\\\/\",\"logo\":{\"@type\":\"ImageObject\",\"inLanguage\":\"pt-PT\",\"@id\":\"https:\\\/\\\/enderg.com\\\/#\\\/schema\\\/logo\\\/image\\\/\",\"url\":\"https:\\\/\\\/enderg.com\\\/wp-content\\\/uploads\\\/2023\\\/03\\\/222222222221.png\",\"contentUrl\":\"https:\\\/\\\/enderg.com\\\/wp-content\\\/uploads\\\/2023\\\/03\\\/222222222221.png\",\"width\":512,\"height\":512,\"caption\":\"EnderG\"},\"image\":{\"@id\":\"https:\\\/\\\/enderg.com\\\/#\\\/schema\\\/logo\\\/image\\\/\"},\"sameAs\":[\"https:\\\/\\\/www.facebook.com\\\/Endergg1\\\/\",\"https:\\\/\\\/www.instagram.com\\\/enderg01\",\"https:\\\/\\\/www.youtube.com\\\/@enderg-com\"],\"description\":\"Cheaper Gaming is what we do!\",\"legalName\":\"Vandar Limited\",\"foundingDate\":\"2022-06-21\"}]}<\/script>\n<!-- \/ Yoast SEO Premium plugin. -->","yoast_head_json":{"title":"Contato - EnderG","robots":{"index":"index","follow":"follow","max-snippet":"max-snippet:-1","max-image-preview":"max-image-preview:large","max-video-preview":"max-video-preview:-1"},"canonical":"http:\/\/enderg.com\/pt\/contact\/","og_locale":"pt_PT","og_type":"article","og_title":"Contact","og_url":"http:\/\/enderg.com\/pt\/contact\/","og_site_name":"EnderG","article_publisher":"https:\/\/www.facebook.com\/Endergg1\/","article_modified_time":"2025-01-06T18:09:28+00:00","og_image":[{"width":470,"height":110,"url":"https:\/\/i0.wp.com\/enderg.com\/wp-content\/uploads\/2023\/01\/cropped-1111111-1.png?fit=470%2C110&ssl=1","type":"image\/png"}],"twitter_card":"summary_large_image","schema":{"@context":"https:\/\/schema.org","@graph":[{"@type":"WebPage","@id":"http:\/\/enderg.com\/contact\/","url":"http:\/\/enderg.com\/contact\/","name":"Contato - EnderG","isPartOf":{"@id":"https:\/\/enderg.com\/#website"},"datePublished":"2022-08-08T21:48:19+00:00","dateModified":"2025-01-06T18:09:28+00:00","breadcrumb":{"@id":"http:\/\/enderg.com\/contact\/#breadcrumb"},"inLanguage":"pt-PT","potentialAction":[{"@type":"ReadAction","target":["http:\/\/enderg.com\/contact\/"]}]},{"@type":"BreadcrumbList","@id":"http:\/\/enderg.com\/contact\/#breadcrumb","itemListElement":[{"@type":"ListItem","position":1,"name":"Home","item":"https:\/\/enderg.com\/"},{"@type":"ListItem","position":2,"name":"Contact"}]},{"@type":"WebSite","@id":"https:\/\/enderg.com\/#website","url":"https:\/\/enderg.com\/","name":"EnderG","description":"Mais barato \u00e9 o que fazemos!","publisher":{"@id":"https:\/\/enderg.com\/#organization"},"potentialAction":[{"@type":"SearchAction","target":{"@type":"EntryPoint","urlTemplate":"https:\/\/enderg.com\/?s={search_term_string}"},"query-input":{"@type":"PropertyValueSpecification","valueRequired":true,"valueName":"search_term_string"}}],"inLanguage":"pt-PT"},{"@type":"Organization","@id":"https:\/\/enderg.com\/#organization","name":"EnderG","url":"https:\/\/enderg.com\/","logo":{"@type":"ImageObject","inLanguage":"pt-PT","@id":"https:\/\/enderg.com\/#\/schema\/logo\/image\/","url":"https:\/\/enderg.com\/wp-content\/uploads\/2023\/03\/222222222221.png","contentUrl":"https:\/\/enderg.com\/wp-content\/uploads\/2023\/03\/222222222221.png","width":512,"height":512,"caption":"EnderG"},"image":{"@id":"https:\/\/enderg.com\/#\/schema\/logo\/image\/"},"sameAs":["https:\/\/www.facebook.com\/Endergg1\/","https:\/\/www.instagram.com\/enderg01","https:\/\/www.youtube.com\/@enderg-com"],"description":"Jogos mais baratos \u00e9 o que fazemos!","legalName":"Vandar Limited","foundingDate":"2022-06-21"}]}},"jetpack_likes_enabled":true,"jetpack_sharing_enabled":true,"jetpack_shortlink":"https:\/\/wp.me\/PeaPXO-RM","jetpack-related-posts":[{"id":41986,"url":"https:\/\/enderg.com\/pt\/contact-2\/","url_meta":{"origin":3334,"position":0},"title":"Contact 2","author":"nazhad722","date":"26\/12\/2024","format":false,"excerpt":"E-Mail: Help@enderg.com Facebook:\u00a0https:\/\/www.facebook.com\/Endergg1\u00a0 Instagram:\u00a0https:\/\/www.instagram.com\/enderg01\u00a0","rel":"","context":"Similar post","block_context":{"text":"Similar post","link":""},"img":{"alt_text":"","src":"","width":0,"height":0},"classes":[]}],"_links":{"self":[{"href":"https:\/\/enderg.com\/pt\/wp-json\/wp\/v2\/pages\/3334","targetHints":{"allow":["GET"]}}],"collection":[{"href":"https:\/\/enderg.com\/pt\/wp-json\/wp\/v2\/pages"}],"about":[{"href":"https:\/\/enderg.com\/pt\/wp-json\/wp\/v2\/types\/page"}],"author":[{"embeddable":true,"href":"https:\/\/enderg.com\/pt\/wp-json\/wp\/v2\/users\/215024817"}],"replies":[{"embeddable":true,"href":"https:\/\/enderg.com\/pt\/wp-json\/wp\/v2\/comments?post=3334"}],"version-history":[{"count":41,"href":"https:\/\/enderg.com\/pt\/wp-json\/wp\/v2\/pages\/3334\/revisions"}],"predecessor-version":[{"id":42973,"href":"https:\/\/enderg.com\/pt\/wp-json\/wp\/v2\/pages\/3334\/revisions\/42973"}],"wp:attachment":[{"href":"https:\/\/enderg.com\/pt\/wp-json\/wp\/v2\/media?parent=3334"}],"curies":[{"name":"wp","href":"https:\/\/api.w.org\/{rel}","templated":true}]}}