{"id":600,"date":"2022-08-07T21:44:27","date_gmt":"2022-08-07T18:44:27","guid":{"rendered":"https:\/\/enderg.com\/?post_type=product&#038;p=600"},"modified":"2024-06-26T01:45:02","modified_gmt":"2024-06-25T22:45:02","slug":"resident-evil-2","status":"publish","type":"product","link":"https:\/\/enderg.com\/lv\/product\/resident-evil-2\/","title":{"rendered":"Resident Evil 2"},"content":{"rendered":"<div data-elementor-type=\"wp-post\" data-elementor-id=\"600\" class=\"elementor elementor-600\" data-elementor-post-type=\"product\">\n\t\t\t\t\t\t<section class=\"elementor-section elementor-top-section elementor-element elementor-element-92eec4a elementor-section-boxed elementor-section-height-default elementor-section-height-default\" data-id=\"92eec4a\" data-element_type=\"section\" data-e-type=\"section\">\n\t\t\t\t\t\t<div class=\"elementor-container elementor-column-gap-default\">\n\t\t\t\t\t<div class=\"elementor-column elementor-col-100 elementor-top-column elementor-element elementor-element-6faafa8a\" data-id=\"6faafa8a\" data-element_type=\"column\" data-e-type=\"column\">\n\t\t\t<div class=\"elementor-widget-wrap elementor-element-populated\">\n\t\t\t\t\t\t<div class=\"elementor-element elementor-element-4fdd1b1a elementor-widget elementor-widget-accordion\" data-id=\"4fdd1b1a\" data-element_type=\"widget\" data-e-type=\"widget\" data-widget_type=\"accordion.default\">\n\t\t\t\t<div class=\"elementor-widget-container\">\n\t\t\t\t\t\t\t<div class=\"elementor-accordion\">\n\t\t\t\t\t\t\t<div class=\"elementor-accordion-item\">\n\t\t\t\t\t<h4 id=\"elementor-tab-title-1331\" class=\"elementor-tab-title\" data-tab=\"1\" role=\"button\" aria-controls=\"elementor-tab-content-1331\" aria-expanded=\"false\">\n\t\t\t\t\t\t\t\t\t\t\t\t\t<span class=\"elementor-accordion-icon elementor-accordion-icon-left\" aria-hidden=\"true\">\n\t\t\t\t\t\t\t\t\t\t\t\t\t\t\t<span class=\"elementor-accordion-icon-closed\"><i class=\"fas fa-truck\"><\/i><\/span>\n\t\t\t\t\t\t\t\t<span class=\"elementor-accordion-icon-opened\"><i class=\"fas fa-truck\"><\/i><\/span>\n\t\t\t\t\t\t\t\t\t\t\t\t\t\t<\/span>\n\t\t\t\t\t\t\t\t\t\t\t\t<a class=\"elementor-accordion-title\" tabindex=\"0\">\u0100tra pieg\u0101de<\/a>\n\t\t\t\t\t<\/h4>\n\t\t\t\t\t<div id=\"elementor-tab-content-1331\" class=\"elementor-tab-content elementor-clearfix\" data-tab=\"1\" role=\"region\" aria-labelledby=\"elementor-tab-title-1331\"><p>Pieg\u0101de var ilgt no 5 l\u012bdz 20 min\u016bt\u0113m atkar\u012bb\u0101 no j\u016bsu vietas rind\u0101<\/p><p>J\u016bsu pas\u016bt\u012bjums tiks autom\u0101tiski atmaks\u0101ts, ja tas netiks pieg\u0101d\u0101ts 12 stundu laik\u0101!<\/p><\/div>\n\t\t\t\t<\/div>\n\t\t\t\t\t\t\t\t<\/div>\n\t\t\t\t\t\t<\/div>\n\t\t\t\t<\/div>\n\t\t\t\t<div class=\"elementor-element elementor-element-2096dbd4 elementor-widget elementor-widget-accordion\" data-id=\"2096dbd4\" data-element_type=\"widget\" data-e-type=\"widget\" data-widget_type=\"accordion.default\">\n\t\t\t\t<div class=\"elementor-widget-container\">\n\t\t\t\t\t\t\t<div class=\"elementor-accordion\">\n\t\t\t\t\t\t\t<div class=\"elementor-accordion-item\">\n\t\t\t\t\t<h4 id=\"elementor-tab-title-5461\" class=\"elementor-tab-title\" data-tab=\"1\" role=\"button\" aria-controls=\"elementor-tab-content-5461\" aria-expanded=\"false\">\n\t\t\t\t\t\t\t\t\t\t\t\t\t<span class=\"elementor-accordion-icon elementor-accordion-icon-left\" aria-hidden=\"true\">\n\t\t\t\t\t\t\t\t\t\t\t\t\t\t\t<span class=\"elementor-accordion-icon-closed\"><i class=\"fab fa-xbox\"><\/i><\/span>\n\t\t\t\t\t\t\t\t<span class=\"elementor-accordion-icon-opened\"><i class=\"fab fa-xbox\"><\/i><\/span>\n\t\t\t\t\t\t\t\t\t\t\t\t\t\t<\/span>\n\t\t\t\t\t\t\t\t\t\t\t\t<a class=\"elementor-accordion-title\" tabindex=\"0\">K\u0101 aktiviz\u0113t<\/a>\n\t\t\t\t\t<\/h4>\n\t\t\t\t\t<div id=\"elementor-tab-content-5461\" class=\"elementor-tab-content elementor-clearfix\" data-tab=\"1\" role=\"region\" aria-labelledby=\"elementor-tab-title-5461\"><p>1. P\u0113c pas\u016bt\u012bjuma veik\u0161anas atveriet VPN un izveidojiet savienojumu ar serveri, kas nor\u0101d\u012bts j\u016bsu e-past\u0101.<\/p><p>2. Noklik\u0161\u0137iniet uz \u0161\u012b\u00a0<a title=\"https:\/\/account.microsoft.com\/billing\/redeem?refd=login.live.com\" href=\"https:\/\/account.microsoft.com\/billing\/redeem?refd=login.live.com\"><strong>Saite<\/strong><\/a>\u00a0&amp; Piesakieties sav\u0101 kont\u0101 un p\u0113c tam aktiviz\u0113jiet sa\u0146emto atsl\u0113gu!<\/p><p>3. Izbaudiet!<\/p><\/div>\n\t\t\t\t<\/div>\n\t\t\t\t\t\t\t\t<\/div>\n\t\t\t\t\t\t<\/div>\n\t\t\t\t<\/div>\n\t\t\t\t\t<\/div>\n\t\t<\/div>\n\t\t\t\t\t<\/div>\n\t\t<\/section>\n\t\t\t\t<section class=\"elementor-section elementor-top-section elementor-element elementor-element-49df15f elementor-section-boxed elementor-section-height-default elementor-section-height-default\" data-id=\"49df15f\" data-element_type=\"section\" data-e-type=\"section\">\n\t\t\t\t\t\t<div class=\"elementor-container elementor-column-gap-default\">\n\t\t\t\t\t<div class=\"elementor-column elementor-col-100 elementor-top-column elementor-element elementor-element-4f40e1dd\" data-id=\"4f40e1dd\" data-element_type=\"column\" data-e-type=\"column\">\n\t\t\t<div class=\"elementor-widget-wrap elementor-element-populated\">\n\t\t\t\t\t\t<div class=\"elementor-element elementor-element-1084a0fe elementor-widget elementor-widget-text-editor\" data-id=\"1084a0fe\" data-element_type=\"widget\" data-e-type=\"widget\" data-widget_type=\"text-editor.default\">\n\t\t\t\t<div class=\"elementor-widget-container\">\n\t\t\t\t\t\t\t\t\t<div class=\"game_page_autocollapse_ctn\"><div id=\"aboutThisGame\" class=\"game_page_autocollapse\" data-panel=\"{&quot;type&quot;:&quot;PanelGroup&quot;}\"><div id=\"game_area_description\" class=\"game_area_description\"><h4 style=\"text-align: center;\"><strong style=\"font-size: 1.41575em;\">PAR \u0160O SP\u0112LI<\/strong><\/h4><p>\u017danru defin\u0113jo\u0161ais \u0161edevrs Resident Evil 2 atgrie\u017eas, piln\u012bb\u0101 p\u0101rveidots no nulles, lai sniegtu dzi\u013c\u0101ku narat\u012bvu. Izmantojot Capcom patent\u0113to RE Engine, Resident Evil 2 pied\u0101v\u0101 svaigu skat\u012bjumu uz klasisko izdz\u012bvo\u0161anas \u0161ausmu s\u0101gu ar elpu aizraujo\u0161i re\u0101listisku vizu\u0101lo noform\u0113jumu, sirdi ploso\u0161u ieskaujo\u0161u audio, jaunu p\u0101r plecu novietojamu kameru un moderniz\u0113t\u0101m vad\u012bbas ier\u012bc\u0113m papildus ori\u0123in\u0101l\u0101s sp\u0113les sp\u0113les re\u017e\u012bmiem.<\/p><p>Sp\u0113l\u0113 Resident Evil 2 atgrie\u017eas klasisk\u0101 darb\u012bba, saspringta izp\u0113te un m\u012bklu risin\u0101\u0161anas sp\u0113le, kas raksturoja Resident Evil s\u0113riju. Sp\u0113l\u0113t\u0101ji pievienojas ies\u0101c\u0113jam policistam Leonam Kenedijam un koled\u017eas studentei Kl\u0113rai Redf\u012bldai, kurus kop\u0101 saved posto\u0161s uzliesmojums Raccoon City, kas p\u0101rv\u0113rta t\u0101s iedz\u012bvot\u0101jus par n\u0101v\u0113jo\u0161iem zombijiem. Gan Leonam, gan Kl\u0113rai ir savas atsevi\u0161\u0137as sp\u0113l\u0113jamas kampa\u0146as, kas \u013cauj sp\u0113l\u0113t\u0101jiem redz\u0113t st\u0101stu no abu varo\u0146u perspekt\u012bvas. \u0160o divu fanu iecien\u012bto varo\u0146u liktenis ir sp\u0113l\u0113t\u0101ju rok\u0101s, vi\u0146iem str\u0101d\u0101jot kop\u0101, lai izdz\u012bvotu un noskaidrotu, kas sl\u0113pjas aiz \u0161ausmino\u0161\u0101 uzbrukuma pils\u0113tai. Vai vi\u0146iem izdosies izdz\u012bvot?<\/p><ul class=\"bb_ul\"><li><strong>\u0160ausmino\u0161a \u0161ausmu klasikas interpret\u0101cija<\/strong>\u00a0\u2013 Balstoties uz ori\u0123in\u0101lo 1998. gada izlaidumu, jaun\u0101 sp\u0113le ir piln\u012bb\u0101 p\u0101rb\u016bv\u0113ta no nulles, lai sniegtu dzi\u013c\u0101ku narat\u012bvu.<\/li><li><strong>Piln\u012bgi jauna perspekt\u012bva<\/strong>\u00a0\u2013 Jauns kameras re\u017e\u012bms, kas paredz\u0113ts film\u0113\u0161anai p\u0101ri plecam, un moderniz\u0113ta vad\u012bbas sh\u0113ma rada modern\u0101ku skat\u012bjumu uz izdz\u012bvo\u0161anas \u0161ausmu pieredzi un pied\u0101v\u0101 sp\u0113l\u0113t\u0101jiem ce\u013cojumu atmi\u0146u josl\u0101 ar ori\u0123in\u0101lajiem sp\u0113les re\u017e\u012bmiem no 1998. gada izlaiduma.<\/li><li><strong>\u0160ausmino\u0161i re\u0101listiski vizu\u0101lie efekti<\/strong>\u00a0\u2014 Resident Evil 2, kas veidota, izmantojot Capcom patent\u0113to RE Engine, nodro\u0161ina elpu aizraujo\u0161i fotore\u0101listiskus vizu\u0101los att\u0113lus, savuk\u0101rt satrieco\u0161s apgaismojums rada tuvpl\u0101na, intens\u012bvu un atmosf\u0113risku pieredzi, sp\u0113l\u0113t\u0101jiem klejojot pa Raccoon City policijas departamenta (RPD) gaite\u0146iem.<\/li><li><strong>Saskarieties ar groteskaj\u0101m ord\u0101m<\/strong>\u00a0\u2013 Zombiji tiek atdz\u012bvin\u0101ti ar \u0161ausmino\u0161i re\u0101listisku slapju asi\u0146u efektu, jo tie rea\u0123\u0113 re\u0101llaik\u0101, g\u016bstot t\u016bl\u012bt\u0113jus redzamus boj\u0101jumus, liekot katrai lodei skait\u012bties.<\/li><li><strong>Ikonisk\u0101 s\u0113rija, kas raksturo sp\u0113les gaitu<\/strong>\u00a0\u2013 Iesaistieties nepr\u0101t\u012bg\u0101 c\u012b\u0146\u0101 ar ienaidniekiem, izp\u0113tiet tum\u0161us, draud\u012bgus koridorus, risiniet m\u012bklas, lai piek\u013c\u016btu zon\u0101m, un v\u0101ciet un izmantojiet apk\u0101rt\u0113j\u0101 vid\u0113 atrastos priek\u0161metus \u0161ausmino\u0161\u0101, nep\u0101rtraukt\u0101 c\u012b\u0146\u0101 par izdz\u012bvo\u0161anu.<\/li><li><strong>Redziet iecien\u012bt\u0101kos varo\u0146us piln\u012bgi jaun\u0101 gaism\u0101<\/strong>\u00a0\u2013 Pievienojieties ies\u0101c\u0113jam policistam Leonam S. Kenedijam vi\u0146a pirmaj\u0101 darba dien\u0101 un koled\u017eas studentei Kl\u0113rai Redf\u012bldai, kura mekl\u0113 savu br\u0101li \u0161ausmino\u0161as zombiju epid\u0113mijas laik\u0101.<\/li><li><strong>Iej\u016bties abu varo\u0146u ies\u0101c\u0113ju \u0101d\u0101<\/strong>\u00a0\u2013 Izbaudiet atsevi\u0161\u0137i sp\u0113l\u0113jamas kampa\u0146as gan Leonam, gan Kl\u0113rai, \u013caujot sp\u0113l\u0113t\u0101jiem redz\u0113t st\u0101stu no abu varo\u0146u perspekt\u012bvas.<\/li><\/ul><\/div><\/div><\/div><div class=\"game_page_autocollapse_ctn\"><div class=\"game_page_autocollapse\"><div id=\"game_area_content_descriptors\" class=\"game_area_description\"><h2>PIEM\u0112ROTS ... SATURS APRAKSTS<\/h2><p>Izstr\u0101d\u0101t\u0101ji apraksta saturu \u0161\u0101di:<\/p><p><i>\u0160aj\u0101 sp\u0113l\u0113 var b\u016bt saturs, kas nav piem\u0113rots vis\u0101m vecuma grup\u0101m vai var neb\u016bt piem\u0113rots skat\u012b\u0161anai darb\u0101: Bie\u017ea vardarb\u012bba vai asi\u0146ain\u012bba, Visp\u0101r\u012bgs saturs pieaugu\u0161ajiem<\/i><\/p><\/div><\/div><\/div><div class=\"game_page_autocollapse_ctn expanded\"><div class=\"game_page_autocollapse sys_req\"><h2><iframe title=\"YouTube video atska\u0146ot\u0101js\" data-src=\"https:\/\/www.youtube.com\/embed\/u3wS-Q2KBpk\" width=\"560\" height=\"315\" frameborder=\"0\" allowfullscreen=\"allowfullscreen\" src=\"data:image\/svg+xml;base64,PHN2ZyB3aWR0aD0iMSIgaGVpZ2h0PSIxIiB4bWxucz0iaHR0cDovL3d3dy53My5vcmcvMjAwMC9zdmciPjwvc3ZnPg==\" class=\"lazyload\" data-load-mode=\"1\"><\/iframe><\/h2><h2>SIST\u0112MAS PRAS\u012aBAS<\/h2><div class=\"sysreq_contents\"><div class=\"game_area_sys_req sysreq_content active\" data-os=\"win\"><div class=\"game_area_sys_req_leftCol\"><p><strong>MINIM\u0100LAIS:<\/strong><\/p><ul><li style=\"list-style-type: none;\"><ul class=\"bb_ul\"><li>Nepiecie\u0161ams 64 bitu procesors un oper\u0113t\u0101jsist\u0113ma<\/li><li><strong>Oper\u0113t\u0101jsist\u0113ma:<\/strong>\u00a0WINDOWS\u00ae 10 (nepiecie\u0161ama 64 bitu versija)<\/li><li><strong>Procesors:<\/strong>\u00a0Intel\u00ae Core\u2122 i5-4460 vai AMD FX\u2122-6300 vai lab\u0101ks<\/li><li><strong>Atmi\u0146a:<\/strong>\u00a08 GB operat\u012bv\u0101 atmi\u0146a<\/li><li><strong>Grafika:<\/strong>\u00a0NVIDIA\u00ae GeForce\u00ae GTX 960 vai AMD Radeon\u2122 RX 460<\/li><li><strong>DirectX:<\/strong>\u00a012. versija<\/li><li><strong>Uzglab\u0101\u0161ana:<\/strong>\u00a026 GB pieejam\u0101s vietas<\/li><li><strong>Papildu piez\u012bmes:<\/strong>\u00a0Paredzams, ka \u0161\u012b sp\u0113le darbosies ar 1080p\/30 FPS. Ja jums nav pietiekami daudz grafikas atmi\u0146as, lai palaistu sp\u0113li ar izv\u0113l\u0113to tekst\u016bras kvalit\u0101ti, jums j\u0101atver Opcijas &gt; Grafika un j\u0101samazina tekst\u016bras vai \u0113nu kvalit\u0101te vai j\u0101samazina iz\u0161\u0137irtsp\u0113ja. Produkta aktiviz\u0113\u0161anai ir nepiecie\u0161ams interneta savienojums. (T\u012bkla savienojums izmanto Steam\u00ae, ko izstr\u0101d\u0101jusi Valve\u00ae Corporation.)<\/li><\/ul><\/li><\/ul><\/div><div class=\"game_area_sys_req_rightCol\"><p><strong>IETEICAMS:<\/strong><\/p><ul><li style=\"list-style-type: none;\"><ul class=\"bb_ul\"><li>Nepiecie\u0161ams 64 bitu procesors un oper\u0113t\u0101jsist\u0113ma<\/li><li><strong>Oper\u0113t\u0101jsist\u0113ma:<\/strong>\u00a0WINDOWS\u00ae 10 (nepiecie\u0161ama 64 bitu versija)<\/li><li><strong>Procesors:<\/strong>\u00a0Intel\u00ae Core\u2122 i7-3770 vai AMD FX\u2122-9590 vai lab\u0101ks<\/li><li><strong>Atmi\u0146a:<\/strong>\u00a08 GB operat\u012bv\u0101 atmi\u0146a<\/li><li><strong>Grafika:<\/strong>\u00a0NVIDIA\u00ae GeForce\u00ae GTX 1060 vai AMD Radeon\u2122 RX 480 ar 3 GB videoatmi\u0146u<\/li><li><strong>DirectX:<\/strong>\u00a012. versija<\/li><li><strong>Uzglab\u0101\u0161ana:<\/strong>\u00a026 GB pieejam\u0101s vietas<\/li><li><strong>Papildu piez\u012bmes:<\/strong>\u00a0Paredzams, ka \u0161\u012b sp\u0113le darbosies ar 1080p\/60 FPS. Produkta aktiviz\u0113\u0161anai nepiecie\u0161ams interneta savienojums. (T\u012bkla savienojums izmanto Steam\u00ae, ko izstr\u0101d\u0101jusi Valve\u00ae Corporation.)<\/li><\/ul><\/li><\/ul><\/div><\/div><\/div><\/div><\/div>\t\t\t\t\t\t\t\t<\/div>\n\t\t\t\t<\/div>\n\t\t\t\t\t<\/div>\n\t\t<\/div>\n\t\t\t\t\t<\/div>\n\t\t<\/section>\n\t\t\t\t<\/div>","protected":false},"excerpt":{"rendered":"<p>Fast Delivery Delivery can take 5 to 20 minutes, according to your place in our queue Your Order will be \u2018Auto Refunded\u2019 in case it does not get delivered after 12 hours! How To Activate 1- Open up a VPN and connect to the server specified in your email after placing your order. 2- Click [&hellip;]<\/p>\n","protected":false},"featured_media":1163,"comment_status":"closed","ping_status":"closed","template":"","meta":{"_crdt_document":"","jetpack_publicize_message":"","jetpack_publicize_feature_enabled":true,"jetpack_social_post_already_shared":true,"jetpack_social_options":{"image_generator_settings":{"template":"highway","default_image_id":0,"font":"","enabled":false},"version":2},"_wpas_customize_per_network":false},"product_brand":[],"product_cat":[1375,1374],"product_tag":[],"class_list":{"0":"post-600","1":"product","2":"type-product","3":"status-publish","4":"has-post-thumbnail","6":"product_cat-pc","7":"product_cat-xbox","9":"first","10":"outofstock","11":"sale","12":"taxable","13":"shipping-taxable","14":"purchasable","15":"product-type-variable","16":"has-default-attributes"},"yoast_head":"<!-- This site is optimized with the Yoast SEO Premium plugin v27.3 (Yoast SEO v27.3) - https:\/\/yoast.com\/product\/yoast-seo-premium-wordpress\/ -->\n<title>Resident Evil 2 - EnderG<\/title>\n<meta name=\"robots\" content=\"index, follow, max-snippet:-1, max-image-preview:large, max-video-preview:-1\" \/>\n<link rel=\"canonical\" href=\"https:\/\/enderg.com\/lv\/product\/resident-evil-2\/\" \/>\n<meta property=\"og:locale\" content=\"lv_LV\" \/>\n<meta property=\"og:type\" content=\"article\" \/>\n<meta property=\"og:title\" content=\"Resident Evil 2\" \/>\n<meta property=\"og:description\" content=\"Fast Delivery Delivery can take 5 to 20 minutes, according to your place in our queue Your Order will be \u2018Auto Refunded\u2019 in case it does not get delivered after 12 hours! How To Activate 1- Open up a VPN and connect to the server specified in your email after placing your order. 2- Click [&hellip;]\" \/>\n<meta property=\"og:url\" content=\"https:\/\/enderg.com\/lv\/product\/resident-evil-2\/\" \/>\n<meta property=\"og:site_name\" content=\"EnderG\" \/>\n<meta property=\"article:publisher\" content=\"https:\/\/www.facebook.com\/Endergg1\/\" \/>\n<meta property=\"article:modified_time\" content=\"2024-06-25T22:45:02+00:00\" \/>\n<meta property=\"og:image\" content=\"https:\/\/enderg.com\/wp-content\/uploads\/2022\/08\/uDFoGvnMTTCLVmTwjj0njGWC.jpg\" \/>\n\t<meta property=\"og:image:width\" content=\"1024\" \/>\n\t<meta property=\"og:image:height\" content=\"1024\" \/>\n\t<meta property=\"og:image:type\" content=\"image\/jpeg\" \/>\n<meta name=\"twitter:card\" content=\"summary_large_image\" \/>\n<meta name=\"twitter:label1\" content=\"Est. reading time\" \/>\n\t<meta name=\"twitter:data1\" content=\"4 min\u016btes\" \/>\n<script type=\"application\/ld+json\" class=\"yoast-schema-graph\">{\"@context\":\"https:\\\/\\\/schema.org\",\"@graph\":[{\"@type\":\"WebPage\",\"@id\":\"https:\\\/\\\/enderg.com\\\/product\\\/resident-evil-2\\\/\",\"url\":\"https:\\\/\\\/enderg.com\\\/product\\\/resident-evil-2\\\/\",\"name\":\"Resident Evil 2 - EnderG\",\"isPartOf\":{\"@id\":\"https:\\\/\\\/enderg.com\\\/#website\"},\"primaryImageOfPage\":{\"@id\":\"https:\\\/\\\/enderg.com\\\/product\\\/resident-evil-2\\\/#primaryimage\"},\"image\":{\"@id\":\"https:\\\/\\\/enderg.com\\\/product\\\/resident-evil-2\\\/#primaryimage\"},\"thumbnailUrl\":\"https:\\\/\\\/i0.wp.com\\\/enderg.com\\\/wp-content\\\/uploads\\\/2022\\\/08\\\/uDFoGvnMTTCLVmTwjj0njGWC.jpg?fit=1024%2C1024&ssl=1\",\"datePublished\":\"2022-08-07T18:44:27+00:00\",\"dateModified\":\"2024-06-25T22:45:02+00:00\",\"breadcrumb\":{\"@id\":\"https:\\\/\\\/enderg.com\\\/product\\\/resident-evil-2\\\/#breadcrumb\"},\"inLanguage\":\"lv-LV\",\"potentialAction\":[{\"@type\":\"ReadAction\",\"target\":[\"https:\\\/\\\/enderg.com\\\/product\\\/resident-evil-2\\\/\"]}]},{\"@type\":\"ImageObject\",\"inLanguage\":\"lv-LV\",\"@id\":\"https:\\\/\\\/enderg.com\\\/product\\\/resident-evil-2\\\/#primaryimage\",\"url\":\"https:\\\/\\\/i0.wp.com\\\/enderg.com\\\/wp-content\\\/uploads\\\/2022\\\/08\\\/uDFoGvnMTTCLVmTwjj0njGWC.jpg?fit=1024%2C1024&ssl=1\",\"contentUrl\":\"https:\\\/\\\/i0.wp.com\\\/enderg.com\\\/wp-content\\\/uploads\\\/2022\\\/08\\\/uDFoGvnMTTCLVmTwjj0njGWC.jpg?fit=1024%2C1024&ssl=1\",\"width\":1024,\"height\":1024},{\"@type\":\"BreadcrumbList\",\"@id\":\"https:\\\/\\\/enderg.com\\\/product\\\/resident-evil-2\\\/#breadcrumb\",\"itemListElement\":[{\"@type\":\"ListItem\",\"position\":1,\"name\":\"Home\",\"item\":\"https:\\\/\\\/enderg.com\\\/\"},{\"@type\":\"ListItem\",\"position\":2,\"name\":\"Shop\",\"item\":\"https:\\\/\\\/enderg.com\\\/shop\\\/\"},{\"@type\":\"ListItem\",\"position\":3,\"name\":\"Resident Evil 2\"}]},{\"@type\":\"WebSite\",\"@id\":\"https:\\\/\\\/enderg.com\\\/#website\",\"url\":\"https:\\\/\\\/enderg.com\\\/\",\"name\":\"EnderG\",\"description\":\"Cheaper Is What We Do!\",\"publisher\":{\"@id\":\"https:\\\/\\\/enderg.com\\\/#organization\"},\"potentialAction\":[{\"@type\":\"SearchAction\",\"target\":{\"@type\":\"EntryPoint\",\"urlTemplate\":\"https:\\\/\\\/enderg.com\\\/?s={search_term_string}\"},\"query-input\":{\"@type\":\"PropertyValueSpecification\",\"valueRequired\":true,\"valueName\":\"search_term_string\"}}],\"inLanguage\":\"lv-LV\"},{\"@type\":\"Organization\",\"@id\":\"https:\\\/\\\/enderg.com\\\/#organization\",\"name\":\"EnderG\",\"url\":\"https:\\\/\\\/enderg.com\\\/\",\"logo\":{\"@type\":\"ImageObject\",\"inLanguage\":\"lv-LV\",\"@id\":\"https:\\\/\\\/enderg.com\\\/#\\\/schema\\\/logo\\\/image\\\/\",\"url\":\"https:\\\/\\\/enderg.com\\\/wp-content\\\/uploads\\\/2023\\\/03\\\/222222222221.png\",\"contentUrl\":\"https:\\\/\\\/enderg.com\\\/wp-content\\\/uploads\\\/2023\\\/03\\\/222222222221.png\",\"width\":512,\"height\":512,\"caption\":\"EnderG\"},\"image\":{\"@id\":\"https:\\\/\\\/enderg.com\\\/#\\\/schema\\\/logo\\\/image\\\/\"},\"sameAs\":[\"https:\\\/\\\/www.facebook.com\\\/Endergg1\\\/\",\"https:\\\/\\\/www.instagram.com\\\/enderg01\",\"https:\\\/\\\/www.youtube.com\\\/@enderg-com\"],\"description\":\"Cheaper Gaming is what we do!\",\"legalName\":\"Vandar Limited\",\"foundingDate\":\"2022-06-21\"}]}<\/script>\n<!-- \/ Yoast SEO Premium plugin. -->","yoast_head_json":{"title":"Resident Evil 2 - EnderG","robots":{"index":"index","follow":"follow","max-snippet":"max-snippet:-1","max-image-preview":"max-image-preview:large","max-video-preview":"max-video-preview:-1"},"canonical":"https:\/\/enderg.com\/lv\/product\/resident-evil-2\/","og_locale":"lv_LV","og_type":"article","og_title":"Resident Evil 2","og_description":"Fast Delivery Delivery can take 5 to 20 minutes, according to your place in our queue Your Order will be \u2018Auto Refunded\u2019 in case it does not get delivered after 12 hours! How To Activate 1- Open up a VPN and connect to the server specified in your email after placing your order. 2- Click [&hellip;]","og_url":"https:\/\/enderg.com\/lv\/product\/resident-evil-2\/","og_site_name":"EnderG","article_publisher":"https:\/\/www.facebook.com\/Endergg1\/","article_modified_time":"2024-06-25T22:45:02+00:00","og_image":[{"width":1024,"height":1024,"url":"https:\/\/enderg.com\/wp-content\/uploads\/2022\/08\/uDFoGvnMTTCLVmTwjj0njGWC.jpg","type":"image\/jpeg"}],"twitter_card":"summary_large_image","twitter_misc":{"Est. reading time":"4 min\u016btes"},"schema":{"@context":"https:\/\/schema.org","@graph":[{"@type":"WebPage","@id":"https:\/\/enderg.com\/product\/resident-evil-2\/","url":"https:\/\/enderg.com\/product\/resident-evil-2\/","name":"Resident Evil 2 - EnderG","isPartOf":{"@id":"https:\/\/enderg.com\/#website"},"primaryImageOfPage":{"@id":"https:\/\/enderg.com\/product\/resident-evil-2\/#primaryimage"},"image":{"@id":"https:\/\/enderg.com\/product\/resident-evil-2\/#primaryimage"},"thumbnailUrl":"https:\/\/i0.wp.com\/enderg.com\/wp-content\/uploads\/2022\/08\/uDFoGvnMTTCLVmTwjj0njGWC.jpg?fit=1024%2C1024&ssl=1","datePublished":"2022-08-07T18:44:27+00:00","dateModified":"2024-06-25T22:45:02+00:00","breadcrumb":{"@id":"https:\/\/enderg.com\/product\/resident-evil-2\/#breadcrumb"},"inLanguage":"lv-LV","potentialAction":[{"@type":"ReadAction","target":["https:\/\/enderg.com\/product\/resident-evil-2\/"]}]},{"@type":"ImageObject","inLanguage":"lv-LV","@id":"https:\/\/enderg.com\/product\/resident-evil-2\/#primaryimage","url":"https:\/\/i0.wp.com\/enderg.com\/wp-content\/uploads\/2022\/08\/uDFoGvnMTTCLVmTwjj0njGWC.jpg?fit=1024%2C1024&ssl=1","contentUrl":"https:\/\/i0.wp.com\/enderg.com\/wp-content\/uploads\/2022\/08\/uDFoGvnMTTCLVmTwjj0njGWC.jpg?fit=1024%2C1024&ssl=1","width":1024,"height":1024},{"@type":"BreadcrumbList","@id":"https:\/\/enderg.com\/product\/resident-evil-2\/#breadcrumb","itemListElement":[{"@type":"ListItem","position":1,"name":"Home","item":"https:\/\/enderg.com\/"},{"@type":"ListItem","position":2,"name":"Shop","item":"https:\/\/enderg.com\/shop\/"},{"@type":"ListItem","position":3,"name":"Resident Evil 2"}]},{"@type":"WebSite","@id":"https:\/\/enderg.com\/#website","url":"https:\/\/enderg.com\/","name":"EnderG","description":"L\u0113t\u0101k ir tas, ko m\u0113s dar\u0101m!","publisher":{"@id":"https:\/\/enderg.com\/#organization"},"potentialAction":[{"@type":"SearchAction","target":{"@type":"EntryPoint","urlTemplate":"https:\/\/enderg.com\/?s={search_term_string}"},"query-input":{"@type":"PropertyValueSpecification","valueRequired":true,"valueName":"search_term_string"}}],"inLanguage":"lv-LV"},{"@type":"Organization","@id":"https:\/\/enderg.com\/#organization","name":"EnderG","url":"https:\/\/enderg.com\/","logo":{"@type":"ImageObject","inLanguage":"lv-LV","@id":"https:\/\/enderg.com\/#\/schema\/logo\/image\/","url":"https:\/\/enderg.com\/wp-content\/uploads\/2023\/03\/222222222221.png","contentUrl":"https:\/\/enderg.com\/wp-content\/uploads\/2023\/03\/222222222221.png","width":512,"height":512,"caption":"EnderG"},"image":{"@id":"https:\/\/enderg.com\/#\/schema\/logo\/image\/"},"sameAs":["https:\/\/www.facebook.com\/Endergg1\/","https:\/\/www.instagram.com\/enderg01","https:\/\/www.youtube.com\/@enderg-com"],"description":"L\u0113t\u0101ka sp\u0113l\u0113\u0161ana ir tas, ko m\u0113s dar\u0101m!","legalName":"Vandar Limited","foundingDate":"2022-06-21"}]}},"jetpack_publicize_connections":[],"jetpack_likes_enabled":true,"jetpack_sharing_enabled":true,"jetpack-related-posts":[],"_links":{"self":[{"href":"https:\/\/enderg.com\/lv\/wp-json\/wp\/v2\/product\/600","targetHints":{"allow":["GET"]}}],"collection":[{"href":"https:\/\/enderg.com\/lv\/wp-json\/wp\/v2\/product"}],"about":[{"href":"https:\/\/enderg.com\/lv\/wp-json\/wp\/v2\/types\/product"}],"replies":[{"embeddable":true,"href":"https:\/\/enderg.com\/lv\/wp-json\/wp\/v2\/comments?post=600"}],"version-history":[{"count":7,"href":"https:\/\/enderg.com\/lv\/wp-json\/wp\/v2\/product\/600\/revisions"}],"predecessor-version":[{"id":8733,"href":"https:\/\/enderg.com\/lv\/wp-json\/wp\/v2\/product\/600\/revisions\/8733"}],"wp:featuredmedia":[{"embeddable":true,"href":"https:\/\/enderg.com\/lv\/wp-json\/wp\/v2\/media\/1163"}],"wp:attachment":[{"href":"https:\/\/enderg.com\/lv\/wp-json\/wp\/v2\/media?parent=600"}],"wp:term":[{"taxonomy":"product_brand","embeddable":true,"href":"https:\/\/enderg.com\/lv\/wp-json\/wp\/v2\/product_brand?post=600"},{"taxonomy":"product_cat","embeddable":true,"href":"https:\/\/enderg.com\/lv\/wp-json\/wp\/v2\/product_cat?post=600"},{"taxonomy":"product_tag","embeddable":true,"href":"https:\/\/enderg.com\/lv\/wp-json\/wp\/v2\/product_tag?post=600"}],"curies":[{"name":"wp","href":"https:\/\/api.w.org\/{rel}","templated":true}]}}