{"id":5338,"date":"2023-03-08T04:01:18","date_gmt":"2023-03-08T01:01:18","guid":{"rendered":"https:\/\/enderg.com\/?post_type=product&#038;p=5338"},"modified":"2024-06-26T01:35:10","modified_gmt":"2024-06-25T22:35:10","slug":"hogwarts-legacy-xbox","status":"publish","type":"product","link":"https:\/\/enderg.com\/lv\/product\/hogwarts-legacy-xbox\/","title":{"rendered":"C\u016bkk\u0101rpas mantojums"},"content":{"rendered":"<div data-elementor-type=\"wp-post\" data-elementor-id=\"5338\" class=\"elementor elementor-5338\" data-elementor-post-type=\"product\">\n\t\t\t\t\t\t<section class=\"elementor-section elementor-top-section elementor-element elementor-element-654f308b elementor-section-boxed elementor-section-height-default elementor-section-height-default\" data-id=\"654f308b\" data-element_type=\"section\" data-e-type=\"section\">\n\t\t\t\t\t\t<div class=\"elementor-container elementor-column-gap-default\">\n\t\t\t\t\t<div class=\"elementor-column elementor-col-100 elementor-top-column elementor-element elementor-element-7ea38bd\" data-id=\"7ea38bd\" data-element_type=\"column\" data-e-type=\"column\">\n\t\t\t<div class=\"elementor-widget-wrap elementor-element-populated\">\n\t\t\t\t\t\t<div class=\"elementor-element elementor-element-5a93ae45 elementor-widget elementor-widget-accordion\" data-id=\"5a93ae45\" data-element_type=\"widget\" data-e-type=\"widget\" data-widget_type=\"accordion.default\">\n\t\t\t\t<div class=\"elementor-widget-container\">\n\t\t\t\t\t\t\t<div class=\"elementor-accordion\">\n\t\t\t\t\t\t\t<div class=\"elementor-accordion-item\">\n\t\t\t\t\t<h4 id=\"elementor-tab-title-1511\" class=\"elementor-tab-title\" data-tab=\"1\" role=\"button\" aria-controls=\"elementor-tab-content-1511\" aria-expanded=\"false\">\n\t\t\t\t\t\t\t\t\t\t\t\t\t<span class=\"elementor-accordion-icon elementor-accordion-icon-left\" aria-hidden=\"true\">\n\t\t\t\t\t\t\t\t\t\t\t\t\t\t\t<span class=\"elementor-accordion-icon-closed\"><i class=\"fas fa-truck\"><\/i><\/span>\n\t\t\t\t\t\t\t\t<span class=\"elementor-accordion-icon-opened\"><i class=\"fas fa-truck\"><\/i><\/span>\n\t\t\t\t\t\t\t\t\t\t\t\t\t\t<\/span>\n\t\t\t\t\t\t\t\t\t\t\t\t<a class=\"elementor-accordion-title\" tabindex=\"0\">\u0100tra pieg\u0101de<\/a>\n\t\t\t\t\t<\/h4>\n\t\t\t\t\t<div id=\"elementor-tab-content-1511\" class=\"elementor-tab-content elementor-clearfix\" data-tab=\"1\" role=\"region\" aria-labelledby=\"elementor-tab-title-1511\"><p>5-10 minutes after your order goes through, you will receive an email containing the account info &amp; instructions you need to play!<\/p><\/div>\n\t\t\t\t<\/div>\n\t\t\t\t\t\t\t\t<\/div>\n\t\t\t\t\t\t<\/div>\n\t\t\t\t<\/div>\n\t\t\t\t<div class=\"elementor-element elementor-element-9791e97 elementor-widget elementor-widget-accordion\" data-id=\"9791e97\" data-element_type=\"widget\" data-e-type=\"widget\" data-widget_type=\"accordion.default\">\n\t\t\t\t<div class=\"elementor-widget-container\">\n\t\t\t\t\t\t\t<div class=\"elementor-accordion\">\n\t\t\t\t\t\t\t<div class=\"elementor-accordion-item\">\n\t\t\t\t\t<h4 id=\"elementor-tab-title-1581\" class=\"elementor-tab-title\" data-tab=\"1\" role=\"button\" aria-controls=\"elementor-tab-content-1581\" aria-expanded=\"false\">\n\t\t\t\t\t\t\t\t\t\t\t\t\t<span class=\"elementor-accordion-icon elementor-accordion-icon-left\" aria-hidden=\"true\">\n\t\t\t\t\t\t\t\t\t\t\t\t\t\t\t<span class=\"elementor-accordion-icon-closed\"><i class=\"fab fa-steam\"><\/i><\/span>\n\t\t\t\t\t\t\t\t<span class=\"elementor-accordion-icon-opened\"><i class=\"fab fa-steam\"><\/i><\/span>\n\t\t\t\t\t\t\t\t\t\t\t\t\t\t<\/span>\n\t\t\t\t\t\t\t\t\t\t\t\t<a class=\"elementor-accordion-title\" tabindex=\"0\">K\u0101 aktiviz\u0113t<\/a>\n\t\t\t\t\t<\/h4>\n\t\t\t\t\t<div id=\"elementor-tab-content-1581\" class=\"elementor-tab-content elementor-clearfix\" data-tab=\"1\" role=\"region\" aria-labelledby=\"elementor-tab-title-1581\"><p>1. Izrakstieties no sava Steam konta.<\/p>\n<p>2. Piesakieties kont\u0101, kas jums tika nos\u016bt\u012bts pa e-pastu.<\/p>\n<p>3. Noklik\u0161\u0137iniet uz Sp\u0113l\u0113t uz ieg\u0101d\u0101t\u0101s sp\u0113les un Izbaudiet!<\/p>\n<p>J\u016bs varat piln\u012bgi br\u012bvi main\u012bt konta paroli vai koplietot bibliot\u0113ku ar savu Steam kontu, lai virz\u012btos uz priek\u0161u sp\u0113l\u0113 sav\u0101 Steam kont\u0101 un atblo\u0137\u0113tu sasniegumus!<\/p>\n<p><a title=\"https:\/\/help.steampowered.com\/en\/faqs\/view\/57A7-503C-991F-E9A8\" href=\"https:\/\/help.steampowered.com\/en\/faqs\/view\/57A7-503C-991F-E9A8\" target=\"_blank\" rel=\"noopener\"><b>Uzziniet, k\u0101 ieg\u016bt piek\u013cuvi konta bibliot\u0113kai, lai sp\u0113l\u0113tu t\u0101 sp\u0113les sav\u0101 kont\u0101.<\/b><\/a><\/p><\/div>\n\t\t\t\t<\/div>\n\t\t\t\t\t\t\t\t<\/div>\n\t\t\t\t\t\t<\/div>\n\t\t\t\t<\/div>\n\t\t\t\t<div class=\"elementor-element elementor-element-24544d8a elementor-widget elementor-widget-text-editor\" data-id=\"24544d8a\" data-element_type=\"widget\" data-e-type=\"widget\" data-widget_type=\"text-editor.default\">\n\t\t\t\t<div class=\"elementor-widget-container\">\n\t\t\t\t\t\t\t\t\t<h3 style=\"text-align: center;\"><strong>Par \u0161o sp\u0113li<\/strong><\/h3>\t\t\t\t\t\t\t\t<\/div>\n\t\t\t\t<\/div>\n\t\t\t\t\t<\/div>\n\t\t<\/div>\n\t\t\t\t\t<\/div>\n\t\t<\/section>\n\t\t\t\t<section class=\"elementor-section elementor-top-section elementor-element elementor-element-4485ff75 elementor-section-boxed elementor-section-height-default elementor-section-height-default\" data-id=\"4485ff75\" data-element_type=\"section\" data-e-type=\"section\">\n\t\t\t\t\t\t<div class=\"elementor-container elementor-column-gap-default\">\n\t\t\t\t\t<div class=\"elementor-column elementor-col-100 elementor-top-column elementor-element elementor-element-10cad20b\" data-id=\"10cad20b\" data-element_type=\"column\" data-e-type=\"column\">\n\t\t\t<div class=\"elementor-widget-wrap elementor-element-populated\">\n\t\t\t\t\t\t<div class=\"elementor-element elementor-element-1ce8beab elementor-widget elementor-widget-text-editor\" data-id=\"1ce8beab\" data-element_type=\"widget\" data-e-type=\"widget\" data-widget_type=\"text-editor.default\">\n\t\t\t\t<div class=\"elementor-widget-container\">\n\t\t\t\t\t\t\t\t\t<div class=\"game_page_autocollapse_ctn expanded\"><div class=\"game_page_autocollapse\"><div class=\"game_area_description\"><section class=\"elementor-section elementor-top-section elementor-element elementor-element-4485ff75 elementor-section-boxed elementor-section-height-default elementor-section-height-default\" data-id=\"4485ff75\" data-element_type=\"section\"><div class=\"elementor-container elementor-column-gap-default\"><div class=\"elementor-column elementor-col-100 elementor-top-column elementor-element elementor-element-10cad20b\" data-id=\"10cad20b\" data-element_type=\"column\"><div class=\"elementor-widget-wrap elementor-element-populated\"><div class=\"elementor-element elementor-element-1ce8beab elementor-widget elementor-widget-text-editor\" data-id=\"1ce8beab\" data-element_type=\"widget\" data-widget_type=\"text-editor.default\"><div class=\"elementor-widget-container\"><div class=\"game_page_autocollapse_ctn expanded\"><div class=\"game_page_autocollapse\"><div class=\"game_area_description\"><div class=\"game_page_autocollapse_ctn\"><div id=\"aboutThisGame\" class=\"game_page_autocollapse\" data-panel=\"{&quot;type&quot;:&quot;PanelGroup&quot;}\"><div id=\"game_area_description\" class=\"game_area_description\"><h3>PAR \u0160O SP\u0112LI<\/h3><p>Hogwarts Legacy is an open-world action RPG set in the world first introduced in the Harry Potter books. Embark on a journey through familiar and new locations as you explore and discover magical beasts, customize your character and craft potions, master spell casting, upgrade talents and become the wizard you want to be.<\/p><p><img decoding=\"async\" data-recalc-dims=\"1\" class=\"jetpack-lazy-image jetpack-lazy-image--handled\" src=\"https:\/\/i0.wp.com\/cdn.akamai.steamstatic.com\/steam\/apps\/990080\/extras\/HWL_Featured_Animation.png?w=980&#038;ssl=1\" data-lazy-loaded=\"1\" \/><\/p><p>Experience Hogwarts in the 1800s. Your character is a student who holds the key to an ancient secret that threatens to tear the wizarding world apart. Make allies, battle Dark wizards, and ultimately decide the fate of the wizarding world. Your legacy is what you make of it. Live the Unwritten.<\/p><p><img decoding=\"async\" data-recalc-dims=\"1\" class=\"jetpack-lazy-image jetpack-lazy-image--handled\" src=\"https:\/\/i0.wp.com\/cdn.akamai.steamstatic.com\/steam\/apps\/990080\/extras\/HWL_Features_600_Transparency.png?w=980&#038;ssl=1\" data-lazy-loaded=\"1\" \/><\/p><p><img decoding=\"async\" data-recalc-dims=\"1\" class=\"jetpack-lazy-image jetpack-lazy-image--handled\" src=\"https:\/\/i0.wp.com\/cdn.akamai.steamstatic.com\/steam\/apps\/990080\/extras\/HWL_Pub_Dev_Logo.png?w=980&#038;ssl=1\" data-lazy-loaded=\"1\" \/><\/p><\/div><\/div><\/div><div class=\"game_page_autocollapse_ctn\"><div class=\"game_page_autocollapse sys_req\"><div class=\"sysreq_contents\"><div class=\"game_area_sys_req sysreq_content active\" data-os=\"win\"><div class=\"game_area_sys_req_leftCol\"><p><strong>MINIM\u0100LAIS:<\/strong><\/p><ul><li><ul class=\"bb_ul\"><li>Nepiecie\u0161ams 64 bitu procesors un oper\u0113t\u0101jsist\u0113ma<\/li><li><strong>Oper\u0113t\u0101jsist\u0113ma:<\/strong>\u00a064-bit Windows 10<\/li><li><strong>Procesors:<\/strong>\u00a0Intel Core i5-6600 (3.3Ghz) or AMD Ryzen 5 1400 (3.2Ghz)<\/li><li><strong>Atmi\u0146a:<\/strong>\u00a016 GB operat\u012bv\u0101 atmi\u0146a<\/li><li><strong>Grafika:<\/strong>\u00a0NVIDIA GeForce GTX 960 4GB or AMD Radeon RX 470 4GB<\/li><li><strong>DirectX:<\/strong>\u00a012. versija<\/li><li><strong>Uzglab\u0101\u0161ana:<\/strong>\u00a085 GB available space<\/li><li><strong>Papildu piez\u012bmes:<\/strong>\u00a0SSD (Preferred), HDD (Supported), 720p\/30 fps, Low Quality Settings<\/li><\/ul><\/li><\/ul><\/div><div class=\"game_area_sys_req_rightCol\"><p><strong>IETEICAMS:<\/strong><\/p><ul><li><ul class=\"bb_ul\"><li>Nepiecie\u0161ams 64 bitu procesors un oper\u0113t\u0101jsist\u0113ma<\/li><li><strong>Oper\u0113t\u0101jsist\u0113ma:<\/strong>\u00a064-bit Windows 10<\/li><li><strong>Procesors:<\/strong>\u00a0Intel Core i7-8700 (3.2Ghz) or AMD Ryzen 5 3600 (3.6 Ghz)<\/li><li><strong>Atmi\u0146a:<\/strong>\u00a016 GB operat\u012bv\u0101 atmi\u0146a<\/li><li><strong>Grafika:<\/strong>\u00a0NVIDIA GeForce 1080 Ti or AMD Radeon RX 5700 XT or INTEL Arc A770<\/li><li><strong>DirectX:<\/strong>\u00a012. versija<\/li><li><strong>Uzglab\u0101\u0161ana:<\/strong>\u00a085 GB available space<\/li><li><strong>Papildu piez\u012bmes:<\/strong>\u00a0SSD, 1080p\/60 fps, High Quality Settings<\/li><\/ul><\/li><\/ul><p>\u00a0<\/p><\/div><\/div><\/div><\/div><\/div><\/div><\/div><\/div><\/div><\/div><\/div><\/div><\/div><\/section><section class=\"elementor-section elementor-top-section elementor-element elementor-element-e64af01 elementor-section-boxed elementor-section-height-default elementor-section-height-default\" data-id=\"e64af01\" data-element_type=\"section\"><div class=\"elementor-container elementor-column-gap-default\"><div class=\"elementor-column elementor-col-100 elementor-top-column elementor-element elementor-element-20bb272\" data-id=\"20bb272\" data-element_type=\"column\"><div class=\"elementor-widget-wrap elementor-element-populated\"><div class=\"elementor-element elementor-element-12a9b14 elementor-widget elementor-widget-video\" data-id=\"12a9b14\" data-element_type=\"widget\" data-settings=\"{&quot;youtube_url&quot;:&quot;https:\\\/\\\/www.youtube.com\\\/watch?v=1O6Qstncpnc&quot;,&quot;mute&quot;:&quot;yes&quot;,&quot;video_type&quot;:&quot;youtube&quot;,&quot;controls&quot;:&quot;yes&quot;}\" data-widget_type=\"video.default\"><div class=\"elementor-widget-container\"><div class=\"elementor-wrapper elementor-open-inline\"><iframe id=\"widget2\" class=\"elementor-video lazyload\" title=\"Hogwarts Legacy - Official Reveal Trailer | PS5\" data-src=\"https:\/\/www.youtube.com\/embed\/1O6Qstncpnc?controls=1&amp;rel=0&amp;playsinline=0&amp;modestbranding=0&amp;autoplay=0&amp;enablejsapi=1&amp;origin=https%3A%2F%2Fenderg.com&amp;widgetid=1\" width=\"640\" height=\"360\" frameborder=\"0\" allowfullscreen=\"allowfullscreen\" data-mce-fragment=\"1\" src=\"data:image\/svg+xml;base64,PHN2ZyB3aWR0aD0iMSIgaGVpZ2h0PSIxIiB4bWxucz0iaHR0cDovL3d3dy53My5vcmcvMjAwMC9zdmciPjwvc3ZnPg==\" data-load-mode=\"1\"><\/iframe><\/div><\/div><\/div><\/div><\/div><\/div><\/section><\/div><\/div><\/div>\t\t\t\t\t\t\t\t<\/div>\n\t\t\t\t<\/div>\n\t\t\t\t\t<\/div>\n\t\t<\/div>\n\t\t\t\t\t<\/div>\n\t\t<\/section>\n\t\t\t\t<\/div>","protected":false},"excerpt":{"rendered":"<p>Fast Delivery 5-10 minutes after your order goes through, you will receive an email containing the account info &amp; instructions you need to play! How To Activate 1- Log out of your Steam account. 2- Log in to the account you were sent by E-mail. 3- Click Play on the game you purchased and Enjoy! [&hellip;]<\/p>\n","protected":false},"featured_media":5341,"comment_status":"closed","ping_status":"closed","template":"elementor_theme","meta":{"_crdt_document":"","jetpack_post_was_ever_published":false,"jetpack_publicize_message":"","jetpack_publicize_feature_enabled":true,"jetpack_social_post_already_shared":true,"jetpack_social_options":{"image_generator_settings":{"template":"highway","default_image_id":0,"font":"","enabled":false},"version":2},"_wpas_customize_per_network":false},"product_brand":[],"product_cat":[1374],"product_tag":[1399],"class_list":{"0":"post-5338","1":"product","2":"type-product","3":"status-publish","4":"has-post-thumbnail","6":"product_cat-xbox","7":"product_tag-xbox","9":"first","10":"outofstock","11":"sale","12":"taxable","13":"shipping-taxable","14":"purchasable","15":"product-type-variable"},"yoast_head":"<!-- This site is optimized with the Yoast SEO Premium plugin v27.3 (Yoast SEO v27.3) - https:\/\/yoast.com\/product\/yoast-seo-premium-wordpress\/ -->\n<title>Hogwarts Legacy - EnderG<\/title>\n<meta name=\"robots\" content=\"index, follow, max-snippet:-1, max-image-preview:large, max-video-preview:-1\" \/>\n<link rel=\"canonical\" href=\"https:\/\/enderg.com\/lv\/product\/hogwarts-legacy-xbox\/\" \/>\n<meta property=\"og:locale\" content=\"lv_LV\" \/>\n<meta property=\"og:type\" content=\"article\" \/>\n<meta property=\"og:title\" content=\"Hogwarts Legacy\" \/>\n<meta property=\"og:description\" content=\"Fast Delivery 5-10 minutes after your order goes through, you will receive an email containing the account info &amp; instructions you need to play! How To Activate 1- Log out of your Steam account. 2- Log in to the account you were sent by E-mail. 3- Click Play on the game you purchased and Enjoy! [&hellip;]\" \/>\n<meta property=\"og:url\" content=\"https:\/\/enderg.com\/lv\/product\/hogwarts-legacy-xbox\/\" \/>\n<meta property=\"og:site_name\" content=\"EnderG\" \/>\n<meta property=\"article:publisher\" content=\"https:\/\/www.facebook.com\/Endergg1\/\" \/>\n<meta property=\"article:modified_time\" content=\"2024-06-25T22:35:10+00:00\" \/>\n<meta property=\"og:image\" content=\"https:\/\/i0.wp.com\/enderg.com\/wp-content\/uploads\/2023\/03\/EGS_HogwartsLegacy_AvalancheSoftware_S1_2560x1440-2baf3188eb3c1aa248bcc1af6a927b7e.jpeg?fit=2560%2C1440&ssl=1\" \/>\n\t<meta property=\"og:image:width\" content=\"2560\" \/>\n\t<meta property=\"og:image:height\" content=\"1440\" \/>\n\t<meta property=\"og:image:type\" content=\"image\/jpeg\" \/>\n<meta name=\"twitter:card\" content=\"summary_large_image\" \/>\n<meta name=\"twitter:label1\" content=\"Est. reading time\" \/>\n\t<meta name=\"twitter:data1\" content=\"4 min\u016btes\" \/>\n<script type=\"application\/ld+json\" class=\"yoast-schema-graph\">{\"@context\":\"https:\\\/\\\/schema.org\",\"@graph\":[{\"@type\":\"WebPage\",\"@id\":\"https:\\\/\\\/enderg.com\\\/product\\\/hogwarts-legacy-xbox\\\/\",\"url\":\"https:\\\/\\\/enderg.com\\\/product\\\/hogwarts-legacy-xbox\\\/\",\"name\":\"Hogwarts Legacy - EnderG\",\"isPartOf\":{\"@id\":\"https:\\\/\\\/enderg.com\\\/#website\"},\"primaryImageOfPage\":{\"@id\":\"https:\\\/\\\/enderg.com\\\/product\\\/hogwarts-legacy-xbox\\\/#primaryimage\"},\"image\":{\"@id\":\"https:\\\/\\\/enderg.com\\\/product\\\/hogwarts-legacy-xbox\\\/#primaryimage\"},\"thumbnailUrl\":\"https:\\\/\\\/i0.wp.com\\\/enderg.com\\\/wp-content\\\/uploads\\\/2023\\\/03\\\/EGS_HogwartsLegacy_AvalancheSoftware_S1_2560x1440-2baf3188eb3c1aa248bcc1af6a927b7e.jpeg?fit=2560%2C1440&ssl=1\",\"datePublished\":\"2023-03-08T01:01:18+00:00\",\"dateModified\":\"2024-06-25T22:35:10+00:00\",\"breadcrumb\":{\"@id\":\"https:\\\/\\\/enderg.com\\\/product\\\/hogwarts-legacy-xbox\\\/#breadcrumb\"},\"inLanguage\":\"lv-LV\",\"potentialAction\":[{\"@type\":\"ReadAction\",\"target\":[\"https:\\\/\\\/enderg.com\\\/product\\\/hogwarts-legacy-xbox\\\/\"]}]},{\"@type\":\"ImageObject\",\"inLanguage\":\"lv-LV\",\"@id\":\"https:\\\/\\\/enderg.com\\\/product\\\/hogwarts-legacy-xbox\\\/#primaryimage\",\"url\":\"https:\\\/\\\/i0.wp.com\\\/enderg.com\\\/wp-content\\\/uploads\\\/2023\\\/03\\\/EGS_HogwartsLegacy_AvalancheSoftware_S1_2560x1440-2baf3188eb3c1aa248bcc1af6a927b7e.jpeg?fit=2560%2C1440&ssl=1\",\"contentUrl\":\"https:\\\/\\\/i0.wp.com\\\/enderg.com\\\/wp-content\\\/uploads\\\/2023\\\/03\\\/EGS_HogwartsLegacy_AvalancheSoftware_S1_2560x1440-2baf3188eb3c1aa248bcc1af6a927b7e.jpeg?fit=2560%2C1440&ssl=1\",\"width\":2560,\"height\":1440},{\"@type\":\"BreadcrumbList\",\"@id\":\"https:\\\/\\\/enderg.com\\\/product\\\/hogwarts-legacy-xbox\\\/#breadcrumb\",\"itemListElement\":[{\"@type\":\"ListItem\",\"position\":1,\"name\":\"Home\",\"item\":\"https:\\\/\\\/enderg.com\\\/\"},{\"@type\":\"ListItem\",\"position\":2,\"name\":\"Shop\",\"item\":\"https:\\\/\\\/enderg.com\\\/shop\\\/\"},{\"@type\":\"ListItem\",\"position\":3,\"name\":\"Hogwarts Legacy\"}]},{\"@type\":\"WebSite\",\"@id\":\"https:\\\/\\\/enderg.com\\\/#website\",\"url\":\"https:\\\/\\\/enderg.com\\\/\",\"name\":\"EnderG\",\"description\":\"Cheaper Is What We Do!\",\"publisher\":{\"@id\":\"https:\\\/\\\/enderg.com\\\/#organization\"},\"potentialAction\":[{\"@type\":\"SearchAction\",\"target\":{\"@type\":\"EntryPoint\",\"urlTemplate\":\"https:\\\/\\\/enderg.com\\\/?s={search_term_string}\"},\"query-input\":{\"@type\":\"PropertyValueSpecification\",\"valueRequired\":true,\"valueName\":\"search_term_string\"}}],\"inLanguage\":\"lv-LV\"},{\"@type\":\"Organization\",\"@id\":\"https:\\\/\\\/enderg.com\\\/#organization\",\"name\":\"EnderG\",\"url\":\"https:\\\/\\\/enderg.com\\\/\",\"logo\":{\"@type\":\"ImageObject\",\"inLanguage\":\"lv-LV\",\"@id\":\"https:\\\/\\\/enderg.com\\\/#\\\/schema\\\/logo\\\/image\\\/\",\"url\":\"https:\\\/\\\/enderg.com\\\/wp-content\\\/uploads\\\/2023\\\/03\\\/222222222221.png\",\"contentUrl\":\"https:\\\/\\\/enderg.com\\\/wp-content\\\/uploads\\\/2023\\\/03\\\/222222222221.png\",\"width\":512,\"height\":512,\"caption\":\"EnderG\"},\"image\":{\"@id\":\"https:\\\/\\\/enderg.com\\\/#\\\/schema\\\/logo\\\/image\\\/\"},\"sameAs\":[\"https:\\\/\\\/www.facebook.com\\\/Endergg1\\\/\",\"https:\\\/\\\/www.instagram.com\\\/enderg01\",\"https:\\\/\\\/www.youtube.com\\\/@enderg-com\"],\"description\":\"Cheaper Gaming is what we do!\",\"legalName\":\"Vandar Limited\",\"foundingDate\":\"2022-06-21\"}]}<\/script>\n<!-- \/ Yoast SEO Premium plugin. -->","yoast_head_json":{"title":"Hogwarts Legacy - EnderG","robots":{"index":"index","follow":"follow","max-snippet":"max-snippet:-1","max-image-preview":"max-image-preview:large","max-video-preview":"max-video-preview:-1"},"canonical":"https:\/\/enderg.com\/lv\/product\/hogwarts-legacy-xbox\/","og_locale":"lv_LV","og_type":"article","og_title":"Hogwarts Legacy","og_description":"Fast Delivery 5-10 minutes after your order goes through, you will receive an email containing the account info &amp; instructions you need to play! How To Activate 1- Log out of your Steam account. 2- Log in to the account you were sent by E-mail. 3- Click Play on the game you purchased and Enjoy! [&hellip;]","og_url":"https:\/\/enderg.com\/lv\/product\/hogwarts-legacy-xbox\/","og_site_name":"EnderG","article_publisher":"https:\/\/www.facebook.com\/Endergg1\/","article_modified_time":"2024-06-25T22:35:10+00:00","og_image":[{"width":2560,"height":1440,"url":"https:\/\/i0.wp.com\/enderg.com\/wp-content\/uploads\/2023\/03\/EGS_HogwartsLegacy_AvalancheSoftware_S1_2560x1440-2baf3188eb3c1aa248bcc1af6a927b7e.jpeg?fit=2560%2C1440&ssl=1","type":"image\/jpeg"}],"twitter_card":"summary_large_image","twitter_misc":{"Est. reading time":"4 min\u016btes"},"schema":{"@context":"https:\/\/schema.org","@graph":[{"@type":"WebPage","@id":"https:\/\/enderg.com\/product\/hogwarts-legacy-xbox\/","url":"https:\/\/enderg.com\/product\/hogwarts-legacy-xbox\/","name":"Hogwarts Legacy - EnderG","isPartOf":{"@id":"https:\/\/enderg.com\/#website"},"primaryImageOfPage":{"@id":"https:\/\/enderg.com\/product\/hogwarts-legacy-xbox\/#primaryimage"},"image":{"@id":"https:\/\/enderg.com\/product\/hogwarts-legacy-xbox\/#primaryimage"},"thumbnailUrl":"https:\/\/i0.wp.com\/enderg.com\/wp-content\/uploads\/2023\/03\/EGS_HogwartsLegacy_AvalancheSoftware_S1_2560x1440-2baf3188eb3c1aa248bcc1af6a927b7e.jpeg?fit=2560%2C1440&ssl=1","datePublished":"2023-03-08T01:01:18+00:00","dateModified":"2024-06-25T22:35:10+00:00","breadcrumb":{"@id":"https:\/\/enderg.com\/product\/hogwarts-legacy-xbox\/#breadcrumb"},"inLanguage":"lv-LV","potentialAction":[{"@type":"ReadAction","target":["https:\/\/enderg.com\/product\/hogwarts-legacy-xbox\/"]}]},{"@type":"ImageObject","inLanguage":"lv-LV","@id":"https:\/\/enderg.com\/product\/hogwarts-legacy-xbox\/#primaryimage","url":"https:\/\/i0.wp.com\/enderg.com\/wp-content\/uploads\/2023\/03\/EGS_HogwartsLegacy_AvalancheSoftware_S1_2560x1440-2baf3188eb3c1aa248bcc1af6a927b7e.jpeg?fit=2560%2C1440&ssl=1","contentUrl":"https:\/\/i0.wp.com\/enderg.com\/wp-content\/uploads\/2023\/03\/EGS_HogwartsLegacy_AvalancheSoftware_S1_2560x1440-2baf3188eb3c1aa248bcc1af6a927b7e.jpeg?fit=2560%2C1440&ssl=1","width":2560,"height":1440},{"@type":"BreadcrumbList","@id":"https:\/\/enderg.com\/product\/hogwarts-legacy-xbox\/#breadcrumb","itemListElement":[{"@type":"ListItem","position":1,"name":"Home","item":"https:\/\/enderg.com\/"},{"@type":"ListItem","position":2,"name":"Shop","item":"https:\/\/enderg.com\/shop\/"},{"@type":"ListItem","position":3,"name":"Hogwarts Legacy"}]},{"@type":"WebSite","@id":"https:\/\/enderg.com\/#website","url":"https:\/\/enderg.com\/","name":"EnderG","description":"L\u0113t\u0101k ir tas, ko m\u0113s dar\u0101m!","publisher":{"@id":"https:\/\/enderg.com\/#organization"},"potentialAction":[{"@type":"SearchAction","target":{"@type":"EntryPoint","urlTemplate":"https:\/\/enderg.com\/?s={search_term_string}"},"query-input":{"@type":"PropertyValueSpecification","valueRequired":true,"valueName":"search_term_string"}}],"inLanguage":"lv-LV"},{"@type":"Organization","@id":"https:\/\/enderg.com\/#organization","name":"EnderG","url":"https:\/\/enderg.com\/","logo":{"@type":"ImageObject","inLanguage":"lv-LV","@id":"https:\/\/enderg.com\/#\/schema\/logo\/image\/","url":"https:\/\/enderg.com\/wp-content\/uploads\/2023\/03\/222222222221.png","contentUrl":"https:\/\/enderg.com\/wp-content\/uploads\/2023\/03\/222222222221.png","width":512,"height":512,"caption":"EnderG"},"image":{"@id":"https:\/\/enderg.com\/#\/schema\/logo\/image\/"},"sameAs":["https:\/\/www.facebook.com\/Endergg1\/","https:\/\/www.instagram.com\/enderg01","https:\/\/www.youtube.com\/@enderg-com"],"description":"L\u0113t\u0101ka sp\u0113l\u0113\u0161ana ir tas, ko m\u0113s dar\u0101m!","legalName":"Vandar Limited","foundingDate":"2022-06-21"}]}},"jetpack_publicize_connections":[],"jetpack_likes_enabled":true,"jetpack_sharing_enabled":true,"jetpack-related-posts":[],"_links":{"self":[{"href":"https:\/\/enderg.com\/lv\/wp-json\/wp\/v2\/product\/5338","targetHints":{"allow":["GET"]}}],"collection":[{"href":"https:\/\/enderg.com\/lv\/wp-json\/wp\/v2\/product"}],"about":[{"href":"https:\/\/enderg.com\/lv\/wp-json\/wp\/v2\/types\/product"}],"replies":[{"embeddable":true,"href":"https:\/\/enderg.com\/lv\/wp-json\/wp\/v2\/comments?post=5338"}],"version-history":[{"count":8,"href":"https:\/\/enderg.com\/lv\/wp-json\/wp\/v2\/product\/5338\/revisions"}],"predecessor-version":[{"id":5863,"href":"https:\/\/enderg.com\/lv\/wp-json\/wp\/v2\/product\/5338\/revisions\/5863"}],"wp:featuredmedia":[{"embeddable":true,"href":"https:\/\/enderg.com\/lv\/wp-json\/wp\/v2\/media\/5341"}],"wp:attachment":[{"href":"https:\/\/enderg.com\/lv\/wp-json\/wp\/v2\/media?parent=5338"}],"wp:term":[{"taxonomy":"product_brand","embeddable":true,"href":"https:\/\/enderg.com\/lv\/wp-json\/wp\/v2\/product_brand?post=5338"},{"taxonomy":"product_cat","embeddable":true,"href":"https:\/\/enderg.com\/lv\/wp-json\/wp\/v2\/product_cat?post=5338"},{"taxonomy":"product_tag","embeddable":true,"href":"https:\/\/enderg.com\/lv\/wp-json\/wp\/v2\/product_tag?post=5338"}],"curies":[{"name":"wp","href":"https:\/\/api.w.org\/{rel}","templated":true}]}}