{"id":525,"date":"2022-08-07T21:30:44","date_gmt":"2022-08-07T18:30:44","guid":{"rendered":"https:\/\/enderg.com\/?post_type=product&#038;p=525"},"modified":"2024-06-26T01:45:02","modified_gmt":"2024-06-25T22:45:02","slug":"minecraft","status":"publish","type":"product","link":"https:\/\/enderg.com\/lv\/product\/minecraft\/","title":{"rendered":"Minecraft"},"content":{"rendered":"<div data-elementor-type=\"wp-post\" data-elementor-id=\"525\" class=\"elementor elementor-525\" data-elementor-post-type=\"product\">\n\t\t\t\t\t\t<section class=\"elementor-section elementor-top-section elementor-element elementor-element-720ae3ab elementor-section-boxed elementor-section-height-default elementor-section-height-default\" data-id=\"720ae3ab\" data-element_type=\"section\" data-e-type=\"section\">\n\t\t\t\t\t\t<div class=\"elementor-container elementor-column-gap-default\">\n\t\t\t\t\t<div class=\"elementor-column elementor-col-100 elementor-top-column elementor-element elementor-element-275d16a2\" data-id=\"275d16a2\" data-element_type=\"column\" data-e-type=\"column\">\n\t\t\t<div class=\"elementor-widget-wrap elementor-element-populated\">\n\t\t\t\t\t\t<div class=\"elementor-element elementor-element-16737ccb elementor-widget elementor-widget-accordion\" data-id=\"16737ccb\" data-element_type=\"widget\" data-e-type=\"widget\" data-widget_type=\"accordion.default\">\n\t\t\t\t<div class=\"elementor-widget-container\">\n\t\t\t\t\t\t\t<div class=\"elementor-accordion\">\n\t\t\t\t\t\t\t<div class=\"elementor-accordion-item\">\n\t\t\t\t\t<h4 id=\"elementor-tab-title-3761\" class=\"elementor-tab-title\" data-tab=\"1\" role=\"button\" aria-controls=\"elementor-tab-content-3761\" aria-expanded=\"false\">\n\t\t\t\t\t\t\t\t\t\t\t\t\t<span class=\"elementor-accordion-icon elementor-accordion-icon-left\" aria-hidden=\"true\">\n\t\t\t\t\t\t\t\t\t\t\t\t\t\t\t<span class=\"elementor-accordion-icon-closed\"><i class=\"fas fa-truck\"><\/i><\/span>\n\t\t\t\t\t\t\t\t<span class=\"elementor-accordion-icon-opened\"><i class=\"fas fa-truck\"><\/i><\/span>\n\t\t\t\t\t\t\t\t\t\t\t\t\t\t<\/span>\n\t\t\t\t\t\t\t\t\t\t\t\t<a class=\"elementor-accordion-title\" tabindex=\"0\">\u0100tra pieg\u0101de<\/a>\n\t\t\t\t\t<\/h4>\n\t\t\t\t\t<div id=\"elementor-tab-content-3761\" class=\"elementor-tab-content elementor-clearfix\" data-tab=\"1\" role=\"region\" aria-labelledby=\"elementor-tab-title-3761\"><p>Pieg\u0101de var ilgt no 5 l\u012bdz 20 min\u016bt\u0113m atkar\u012bb\u0101 no j\u016bsu vietas rind\u0101<\/p><p>J\u016bsu pas\u016bt\u012bjums tiks autom\u0101tiski atmaks\u0101ts, ja tas netiks pieg\u0101d\u0101ts 12 stundu laik\u0101!<\/p><\/div>\n\t\t\t\t<\/div>\n\t\t\t\t\t\t\t\t<\/div>\n\t\t\t\t\t\t<\/div>\n\t\t\t\t<\/div>\n\t\t\t\t<div class=\"elementor-element elementor-element-6c420825 elementor-widget elementor-widget-accordion\" data-id=\"6c420825\" data-element_type=\"widget\" data-e-type=\"widget\" data-widget_type=\"accordion.default\">\n\t\t\t\t<div class=\"elementor-widget-container\">\n\t\t\t\t\t\t\t<div class=\"elementor-accordion\">\n\t\t\t\t\t\t\t<div class=\"elementor-accordion-item\">\n\t\t\t\t\t<h4 id=\"elementor-tab-title-1811\" class=\"elementor-tab-title\" data-tab=\"1\" role=\"button\" aria-controls=\"elementor-tab-content-1811\" aria-expanded=\"false\">\n\t\t\t\t\t\t\t\t\t\t\t\t\t<span class=\"elementor-accordion-icon elementor-accordion-icon-left\" aria-hidden=\"true\">\n\t\t\t\t\t\t\t\t\t\t\t\t\t\t\t<span class=\"elementor-accordion-icon-closed\"><i class=\"fab fa-xbox\"><\/i><\/span>\n\t\t\t\t\t\t\t\t<span class=\"elementor-accordion-icon-opened\"><i class=\"fab fa-xbox\"><\/i><\/span>\n\t\t\t\t\t\t\t\t\t\t\t\t\t\t<\/span>\n\t\t\t\t\t\t\t\t\t\t\t\t<a class=\"elementor-accordion-title\" tabindex=\"0\">K\u0101 aktiviz\u0113t<\/a>\n\t\t\t\t\t<\/h4>\n\t\t\t\t\t<div id=\"elementor-tab-content-1811\" class=\"elementor-tab-content elementor-clearfix\" data-tab=\"1\" role=\"region\" aria-labelledby=\"elementor-tab-title-1811\"><p>1. P\u0113c pas\u016bt\u012bjuma veik\u0161anas atveriet VPN un izveidojiet savienojumu ar serveri, kas nor\u0101d\u012bts j\u016bsu e-past\u0101.<\/p><p>2. Noklik\u0161\u0137iniet uz \u0161\u012b\u00a0<a title=\"https:\/\/account.microsoft.com\/billing\/redeem?refd=login.live.com\" href=\"https:\/\/account.microsoft.com\/billing\/redeem?refd=login.live.com\"><strong>Saite<\/strong><\/a>\u00a0&amp; Piesakieties sav\u0101 kont\u0101 un p\u0113c tam aktiviz\u0113jiet sa\u0146emto atsl\u0113gu!<\/p><p>3. Izbaudiet!<\/p><\/div>\n\t\t\t\t<\/div>\n\t\t\t\t\t\t\t\t<\/div>\n\t\t\t\t\t\t<\/div>\n\t\t\t\t<\/div>\n\t\t\t\t\t<\/div>\n\t\t<\/div>\n\t\t\t\t\t<\/div>\n\t\t<\/section>\n\t\t\t\t<section class=\"elementor-section elementor-top-section elementor-element elementor-element-1ef724e6 elementor-section-boxed elementor-section-height-default elementor-section-height-default\" data-id=\"1ef724e6\" data-element_type=\"section\" data-e-type=\"section\">\n\t\t\t\t\t\t<div class=\"elementor-container elementor-column-gap-default\">\n\t\t\t\t\t<div class=\"elementor-column elementor-col-100 elementor-top-column elementor-element elementor-element-47a3caa9\" data-id=\"47a3caa9\" data-element_type=\"column\" data-e-type=\"column\">\n\t\t\t<div class=\"elementor-widget-wrap elementor-element-populated\">\n\t\t\t\t\t\t<div class=\"elementor-element elementor-element-300440db elementor-widget elementor-widget-text-editor\" data-id=\"300440db\" data-element_type=\"widget\" data-e-type=\"widget\" data-widget_type=\"text-editor.default\">\n\t\t\t\t<div class=\"elementor-widget-container\">\n\t\t\t\t\t\t\t\t\t<h4 style=\"text-align: center;\"><strong style=\"font-size: 1.41575em;\">PAR \u0160O SP\u0112LI<\/strong><\/h4><p>Explore randomly generated worlds and build amazing things from the simplest of homes to the grandest of castles. Play in creative mode with unlimited resources or mine deep into the world in survival mode, crafting weapons and armor to fend off the dangerous mobs. Scale craggy mountains, unearth elaborate caves and mine large ore veins. Discover lush cave and dripstone cave biomes. Light up your world with candles to show what a savvy spelunker and master mountaineer you are!<\/p><p>FEATURES: If you can dream it, you can build it. Put your imagination and limitless resources to work with Creative Mode. Battle mobs, construct shelters and explore the landscape \u2013 it\u2019s all in a day\u2019s work when you try to survive and thrive in Survival Mode. New tools, locations and spaces are yours to explore, thanks to our regular updates. Cross-platform play for up to eight players across Windows, PlayStation, Nintendo, Xbox and mobile devices. Discover skin, texture and mash-up packs from the community! Find out more at minecraft.net\/marketplace.<\/p><p>REALMS PLUS: Play with up to 10 friends cross-platform in worlds that exist any time, anywhere \u2013 and get access to over 150 pieces of Marketplace content. Try a free 30-day trial in-app and learn more at minecraft.net\/realms\/bedrock.<\/p><div class=\"ModuleRow-module__row___mgra6\"><div class=\"ModuleColumn-module__col___WMOVN\"><div class=\"Description-module__descriptionContainer___3gH-q\"><p id=\"1fbfbde8-9acc-4db0-a430-b6db04eb5b1e\" class=\"Description-module__description___1ddri typography-module__xdsBody2___1XDyq ExpandableText-module__container___21-cS\">You can also play Minecraft with Xbox Game Pass \u2013 check it out at xbox.com\/gamepass.<\/p><\/div><\/div><\/div>\t\t\t\t\t\t\t\t<\/div>\n\t\t\t\t<\/div>\n\t\t\t\t\t<\/div>\n\t\t<\/div>\n\t\t\t\t\t<\/div>\n\t\t<\/section>\n\t\t\t\t<\/div>","protected":false},"excerpt":{"rendered":"<p>Fast Delivery Delivery can take 5 to 20 minutes, according to your place in our queue Your Order will be \u2018Auto Refunded\u2019 in case it does not get delivered after 12 hours! How To Activate 1- Open up a VPN and connect to the server specified in your email after placing your order. 2- Click [&hellip;]<\/p>\n","protected":false},"featured_media":1055,"comment_status":"closed","ping_status":"closed","template":"","meta":{"_crdt_document":"","jetpack_post_was_ever_published":false,"jetpack_publicize_message":"","jetpack_publicize_feature_enabled":true,"jetpack_social_post_already_shared":true,"jetpack_social_options":{"image_generator_settings":{"template":"highway","default_image_id":0,"font":"","enabled":false},"version":2},"_wpas_customize_per_network":false},"product_brand":[],"product_cat":[1374],"product_tag":[],"class_list":{"0":"post-525","1":"product","2":"type-product","3":"status-publish","4":"has-post-thumbnail","6":"product_cat-xbox","8":"first","9":"outofstock","10":"sale","11":"taxable","12":"shipping-taxable","13":"purchasable","14":"product-type-variable","15":"has-default-attributes"},"yoast_head":"<!-- This site is optimized with the Yoast SEO Premium plugin v27.3 (Yoast SEO v27.3) - https:\/\/yoast.com\/product\/yoast-seo-premium-wordpress\/ -->\n<title>Minecraft - EnderG<\/title>\n<meta name=\"robots\" content=\"index, follow, max-snippet:-1, max-image-preview:large, max-video-preview:-1\" \/>\n<link rel=\"canonical\" href=\"https:\/\/enderg.com\/lv\/product\/minecraft\/\" \/>\n<meta property=\"og:locale\" content=\"lv_LV\" \/>\n<meta property=\"og:type\" content=\"article\" \/>\n<meta property=\"og:title\" content=\"Minecraft\" \/>\n<meta property=\"og:description\" content=\"Fast Delivery Delivery can take 5 to 20 minutes, according to your place in our queue Your Order will be \u2018Auto Refunded\u2019 in case it does not get delivered after 12 hours! How To Activate 1- Open up a VPN and connect to the server specified in your email after placing your order. 2- Click [&hellip;]\" \/>\n<meta property=\"og:url\" content=\"https:\/\/enderg.com\/lv\/product\/minecraft\/\" \/>\n<meta property=\"og:site_name\" content=\"EnderG\" \/>\n<meta property=\"article:publisher\" content=\"https:\/\/www.facebook.com\/Endergg1\/\" \/>\n<meta property=\"article:modified_time\" content=\"2024-06-25T22:45:02+00:00\" \/>\n<meta property=\"og:image\" content=\"https:\/\/enderg.com\/wp-content\/uploads\/2022\/08\/11307x4B5WLoVoIUtdewG4uJ_YuDRTwBxQy0qP8ylgazLLc01PBxbsFG1pGOWmqhZsxnNkrU3GXbdXIowBAstzlrhtQ4LCI4.jpg\" \/>\n\t<meta property=\"og:image:width\" content=\"2048\" \/>\n\t<meta property=\"og:image:height\" content=\"2048\" \/>\n\t<meta property=\"og:image:type\" content=\"image\/jpeg\" \/>\n<meta name=\"twitter:card\" content=\"summary_large_image\" \/>\n<meta name=\"twitter:label1\" content=\"Est. reading time\" \/>\n\t<meta name=\"twitter:data1\" content=\"2 min\u016btes\" \/>\n<script type=\"application\/ld+json\" class=\"yoast-schema-graph\">{\"@context\":\"https:\\\/\\\/schema.org\",\"@graph\":[{\"@type\":\"WebPage\",\"@id\":\"https:\\\/\\\/enderg.com\\\/product\\\/minecraft\\\/\",\"url\":\"https:\\\/\\\/enderg.com\\\/product\\\/minecraft\\\/\",\"name\":\"Minecraft - EnderG\",\"isPartOf\":{\"@id\":\"https:\\\/\\\/enderg.com\\\/#website\"},\"primaryImageOfPage\":{\"@id\":\"https:\\\/\\\/enderg.com\\\/product\\\/minecraft\\\/#primaryimage\"},\"image\":{\"@id\":\"https:\\\/\\\/enderg.com\\\/product\\\/minecraft\\\/#primaryimage\"},\"thumbnailUrl\":\"https:\\\/\\\/i0.wp.com\\\/enderg.com\\\/wp-content\\\/uploads\\\/2022\\\/08\\\/11307x4B5WLoVoIUtdewG4uJ_YuDRTwBxQy0qP8ylgazLLc01PBxbsFG1pGOWmqhZsxnNkrU3GXbdXIowBAstzlrhtQ4LCI4.jpg?fit=2048%2C2048&ssl=1\",\"datePublished\":\"2022-08-07T18:30:44+00:00\",\"dateModified\":\"2024-06-25T22:45:02+00:00\",\"breadcrumb\":{\"@id\":\"https:\\\/\\\/enderg.com\\\/product\\\/minecraft\\\/#breadcrumb\"},\"inLanguage\":\"lv-LV\",\"potentialAction\":[{\"@type\":\"ReadAction\",\"target\":[\"https:\\\/\\\/enderg.com\\\/product\\\/minecraft\\\/\"]}]},{\"@type\":\"ImageObject\",\"inLanguage\":\"lv-LV\",\"@id\":\"https:\\\/\\\/enderg.com\\\/product\\\/minecraft\\\/#primaryimage\",\"url\":\"https:\\\/\\\/i0.wp.com\\\/enderg.com\\\/wp-content\\\/uploads\\\/2022\\\/08\\\/11307x4B5WLoVoIUtdewG4uJ_YuDRTwBxQy0qP8ylgazLLc01PBxbsFG1pGOWmqhZsxnNkrU3GXbdXIowBAstzlrhtQ4LCI4.jpg?fit=2048%2C2048&ssl=1\",\"contentUrl\":\"https:\\\/\\\/i0.wp.com\\\/enderg.com\\\/wp-content\\\/uploads\\\/2022\\\/08\\\/11307x4B5WLoVoIUtdewG4uJ_YuDRTwBxQy0qP8ylgazLLc01PBxbsFG1pGOWmqhZsxnNkrU3GXbdXIowBAstzlrhtQ4LCI4.jpg?fit=2048%2C2048&ssl=1\",\"width\":2048,\"height\":2048},{\"@type\":\"BreadcrumbList\",\"@id\":\"https:\\\/\\\/enderg.com\\\/product\\\/minecraft\\\/#breadcrumb\",\"itemListElement\":[{\"@type\":\"ListItem\",\"position\":1,\"name\":\"Home\",\"item\":\"https:\\\/\\\/enderg.com\\\/\"},{\"@type\":\"ListItem\",\"position\":2,\"name\":\"Shop\",\"item\":\"https:\\\/\\\/enderg.com\\\/shop\\\/\"},{\"@type\":\"ListItem\",\"position\":3,\"name\":\"Minecraft\"}]},{\"@type\":\"WebSite\",\"@id\":\"https:\\\/\\\/enderg.com\\\/#website\",\"url\":\"https:\\\/\\\/enderg.com\\\/\",\"name\":\"EnderG\",\"description\":\"Cheaper Is What We Do!\",\"publisher\":{\"@id\":\"https:\\\/\\\/enderg.com\\\/#organization\"},\"potentialAction\":[{\"@type\":\"SearchAction\",\"target\":{\"@type\":\"EntryPoint\",\"urlTemplate\":\"https:\\\/\\\/enderg.com\\\/?s={search_term_string}\"},\"query-input\":{\"@type\":\"PropertyValueSpecification\",\"valueRequired\":true,\"valueName\":\"search_term_string\"}}],\"inLanguage\":\"lv-LV\"},{\"@type\":\"Organization\",\"@id\":\"https:\\\/\\\/enderg.com\\\/#organization\",\"name\":\"EnderG\",\"url\":\"https:\\\/\\\/enderg.com\\\/\",\"logo\":{\"@type\":\"ImageObject\",\"inLanguage\":\"lv-LV\",\"@id\":\"https:\\\/\\\/enderg.com\\\/#\\\/schema\\\/logo\\\/image\\\/\",\"url\":\"https:\\\/\\\/enderg.com\\\/wp-content\\\/uploads\\\/2023\\\/03\\\/222222222221.png\",\"contentUrl\":\"https:\\\/\\\/enderg.com\\\/wp-content\\\/uploads\\\/2023\\\/03\\\/222222222221.png\",\"width\":512,\"height\":512,\"caption\":\"EnderG\"},\"image\":{\"@id\":\"https:\\\/\\\/enderg.com\\\/#\\\/schema\\\/logo\\\/image\\\/\"},\"sameAs\":[\"https:\\\/\\\/www.facebook.com\\\/Endergg1\\\/\",\"https:\\\/\\\/www.instagram.com\\\/enderg01\",\"https:\\\/\\\/www.youtube.com\\\/@enderg-com\"],\"description\":\"Cheaper Gaming is what we do!\",\"legalName\":\"Vandar Limited\",\"foundingDate\":\"2022-06-21\"}]}<\/script>\n<!-- \/ Yoast SEO Premium plugin. -->","yoast_head_json":{"title":"Minecraft - EnderG","robots":{"index":"index","follow":"follow","max-snippet":"max-snippet:-1","max-image-preview":"max-image-preview:large","max-video-preview":"max-video-preview:-1"},"canonical":"https:\/\/enderg.com\/lv\/product\/minecraft\/","og_locale":"lv_LV","og_type":"article","og_title":"Minecraft","og_description":"Fast Delivery Delivery can take 5 to 20 minutes, according to your place in our queue Your Order will be \u2018Auto Refunded\u2019 in case it does not get delivered after 12 hours! How To Activate 1- Open up a VPN and connect to the server specified in your email after placing your order. 2- Click [&hellip;]","og_url":"https:\/\/enderg.com\/lv\/product\/minecraft\/","og_site_name":"EnderG","article_publisher":"https:\/\/www.facebook.com\/Endergg1\/","article_modified_time":"2024-06-25T22:45:02+00:00","og_image":[{"width":2048,"height":2048,"url":"https:\/\/enderg.com\/wp-content\/uploads\/2022\/08\/11307x4B5WLoVoIUtdewG4uJ_YuDRTwBxQy0qP8ylgazLLc01PBxbsFG1pGOWmqhZsxnNkrU3GXbdXIowBAstzlrhtQ4LCI4.jpg","type":"image\/jpeg"}],"twitter_card":"summary_large_image","twitter_misc":{"Est. reading time":"2 min\u016btes"},"schema":{"@context":"https:\/\/schema.org","@graph":[{"@type":"WebPage","@id":"https:\/\/enderg.com\/product\/minecraft\/","url":"https:\/\/enderg.com\/product\/minecraft\/","name":"Minecraft - EnderG","isPartOf":{"@id":"https:\/\/enderg.com\/#website"},"primaryImageOfPage":{"@id":"https:\/\/enderg.com\/product\/minecraft\/#primaryimage"},"image":{"@id":"https:\/\/enderg.com\/product\/minecraft\/#primaryimage"},"thumbnailUrl":"https:\/\/i0.wp.com\/enderg.com\/wp-content\/uploads\/2022\/08\/11307x4B5WLoVoIUtdewG4uJ_YuDRTwBxQy0qP8ylgazLLc01PBxbsFG1pGOWmqhZsxnNkrU3GXbdXIowBAstzlrhtQ4LCI4.jpg?fit=2048%2C2048&ssl=1","datePublished":"2022-08-07T18:30:44+00:00","dateModified":"2024-06-25T22:45:02+00:00","breadcrumb":{"@id":"https:\/\/enderg.com\/product\/minecraft\/#breadcrumb"},"inLanguage":"lv-LV","potentialAction":[{"@type":"ReadAction","target":["https:\/\/enderg.com\/product\/minecraft\/"]}]},{"@type":"ImageObject","inLanguage":"lv-LV","@id":"https:\/\/enderg.com\/product\/minecraft\/#primaryimage","url":"https:\/\/i0.wp.com\/enderg.com\/wp-content\/uploads\/2022\/08\/11307x4B5WLoVoIUtdewG4uJ_YuDRTwBxQy0qP8ylgazLLc01PBxbsFG1pGOWmqhZsxnNkrU3GXbdXIowBAstzlrhtQ4LCI4.jpg?fit=2048%2C2048&ssl=1","contentUrl":"https:\/\/i0.wp.com\/enderg.com\/wp-content\/uploads\/2022\/08\/11307x4B5WLoVoIUtdewG4uJ_YuDRTwBxQy0qP8ylgazLLc01PBxbsFG1pGOWmqhZsxnNkrU3GXbdXIowBAstzlrhtQ4LCI4.jpg?fit=2048%2C2048&ssl=1","width":2048,"height":2048},{"@type":"BreadcrumbList","@id":"https:\/\/enderg.com\/product\/minecraft\/#breadcrumb","itemListElement":[{"@type":"ListItem","position":1,"name":"Home","item":"https:\/\/enderg.com\/"},{"@type":"ListItem","position":2,"name":"Shop","item":"https:\/\/enderg.com\/shop\/"},{"@type":"ListItem","position":3,"name":"Minecraft"}]},{"@type":"WebSite","@id":"https:\/\/enderg.com\/#website","url":"https:\/\/enderg.com\/","name":"EnderG","description":"L\u0113t\u0101k ir tas, ko m\u0113s dar\u0101m!","publisher":{"@id":"https:\/\/enderg.com\/#organization"},"potentialAction":[{"@type":"SearchAction","target":{"@type":"EntryPoint","urlTemplate":"https:\/\/enderg.com\/?s={search_term_string}"},"query-input":{"@type":"PropertyValueSpecification","valueRequired":true,"valueName":"search_term_string"}}],"inLanguage":"lv-LV"},{"@type":"Organization","@id":"https:\/\/enderg.com\/#organization","name":"EnderG","url":"https:\/\/enderg.com\/","logo":{"@type":"ImageObject","inLanguage":"lv-LV","@id":"https:\/\/enderg.com\/#\/schema\/logo\/image\/","url":"https:\/\/enderg.com\/wp-content\/uploads\/2023\/03\/222222222221.png","contentUrl":"https:\/\/enderg.com\/wp-content\/uploads\/2023\/03\/222222222221.png","width":512,"height":512,"caption":"EnderG"},"image":{"@id":"https:\/\/enderg.com\/#\/schema\/logo\/image\/"},"sameAs":["https:\/\/www.facebook.com\/Endergg1\/","https:\/\/www.instagram.com\/enderg01","https:\/\/www.youtube.com\/@enderg-com"],"description":"L\u0113t\u0101ka sp\u0113l\u0113\u0161ana ir tas, ko m\u0113s dar\u0101m!","legalName":"Vandar Limited","foundingDate":"2022-06-21"}]}},"jetpack_publicize_connections":[],"jetpack_likes_enabled":true,"jetpack_sharing_enabled":true,"jetpack-related-posts":[],"_links":{"self":[{"href":"https:\/\/enderg.com\/lv\/wp-json\/wp\/v2\/product\/525","targetHints":{"allow":["GET"]}}],"collection":[{"href":"https:\/\/enderg.com\/lv\/wp-json\/wp\/v2\/product"}],"about":[{"href":"https:\/\/enderg.com\/lv\/wp-json\/wp\/v2\/types\/product"}],"replies":[{"embeddable":true,"href":"https:\/\/enderg.com\/lv\/wp-json\/wp\/v2\/comments?post=525"}],"version-history":[{"count":7,"href":"https:\/\/enderg.com\/lv\/wp-json\/wp\/v2\/product\/525\/revisions"}],"predecessor-version":[{"id":8861,"href":"https:\/\/enderg.com\/lv\/wp-json\/wp\/v2\/product\/525\/revisions\/8861"}],"wp:featuredmedia":[{"embeddable":true,"href":"https:\/\/enderg.com\/lv\/wp-json\/wp\/v2\/media\/1055"}],"wp:attachment":[{"href":"https:\/\/enderg.com\/lv\/wp-json\/wp\/v2\/media?parent=525"}],"wp:term":[{"taxonomy":"product_brand","embeddable":true,"href":"https:\/\/enderg.com\/lv\/wp-json\/wp\/v2\/product_brand?post=525"},{"taxonomy":"product_cat","embeddable":true,"href":"https:\/\/enderg.com\/lv\/wp-json\/wp\/v2\/product_cat?post=525"},{"taxonomy":"product_tag","embeddable":true,"href":"https:\/\/enderg.com\/lv\/wp-json\/wp\/v2\/product_tag?post=525"}],"curies":[{"name":"wp","href":"https:\/\/api.w.org\/{rel}","templated":true}]}}