{"id":339,"date":"2022-08-07T01:13:08","date_gmt":"2022-08-06T22:13:08","guid":{"rendered":"https:\/\/enderg.com\/?post_type=product&#038;p=339"},"modified":"2025-12-11T05:59:01","modified_gmt":"2025-12-11T02:59:01","slug":"call-of-duty-advanced-warfare-gold-edition","status":"publish","type":"product","link":"https:\/\/enderg.com\/lv\/product\/call-of-duty-advanced-warfare-gold-edition\/","title":{"rendered":"Call of Duty\u00ae: Advanced Warfare zelta izdevums"},"content":{"rendered":"<div data-elementor-type=\"wp-post\" data-elementor-id=\"339\" class=\"elementor elementor-339\" data-elementor-post-type=\"product\">\n\t\t\t\t\t\t<section class=\"elementor-section elementor-top-section elementor-element elementor-element-40870da0 elementor-section-boxed elementor-section-height-default elementor-section-height-default\" data-id=\"40870da0\" data-element_type=\"section\" data-e-type=\"section\">\n\t\t\t\t\t\t<div class=\"elementor-container elementor-column-gap-default\">\n\t\t\t\t\t<div class=\"elementor-column elementor-col-100 elementor-top-column elementor-element elementor-element-5ae7a5b4\" data-id=\"5ae7a5b4\" data-element_type=\"column\" data-e-type=\"column\">\n\t\t\t<div class=\"elementor-widget-wrap elementor-element-populated\">\n\t\t\t\t\t\t<div class=\"elementor-element elementor-element-64c8c54a elementor-widget elementor-widget-accordion\" data-id=\"64c8c54a\" data-element_type=\"widget\" data-e-type=\"widget\" data-widget_type=\"accordion.default\">\n\t\t\t\t<div class=\"elementor-widget-container\">\n\t\t\t\t\t\t\t<div class=\"elementor-accordion\">\n\t\t\t\t\t\t\t<div class=\"elementor-accordion-item\">\n\t\t\t\t\t<h4 id=\"elementor-tab-title-1691\" class=\"elementor-tab-title\" data-tab=\"1\" role=\"button\" aria-controls=\"elementor-tab-content-1691\" aria-expanded=\"false\">\n\t\t\t\t\t\t\t\t\t\t\t\t\t<span class=\"elementor-accordion-icon elementor-accordion-icon-left\" aria-hidden=\"true\">\n\t\t\t\t\t\t\t\t\t\t\t\t\t\t\t<span class=\"elementor-accordion-icon-closed\"><i class=\"fas fa-truck\"><\/i><\/span>\n\t\t\t\t\t\t\t\t<span class=\"elementor-accordion-icon-opened\"><i class=\"fas fa-truck\"><\/i><\/span>\n\t\t\t\t\t\t\t\t\t\t\t\t\t\t<\/span>\n\t\t\t\t\t\t\t\t\t\t\t\t<a class=\"elementor-accordion-title\" tabindex=\"0\">\u0100tra pieg\u0101de<\/a>\n\t\t\t\t\t<\/h4>\n\t\t\t\t\t<div id=\"elementor-tab-content-1691\" class=\"elementor-tab-content elementor-clearfix\" data-tab=\"1\" role=\"region\" aria-labelledby=\"elementor-tab-title-1691\"><p>Pieg\u0101de var ilgt no 5 l\u012bdz 20 min\u016bt\u0113m atkar\u012bb\u0101 no j\u016bsu vietas rind\u0101<\/p><p>J\u016bsu pas\u016bt\u012bjums tiks autom\u0101tiski atmaks\u0101ts, ja tas netiks pieg\u0101d\u0101ts 12 stundu laik\u0101!<\/p><\/div>\n\t\t\t\t<\/div>\n\t\t\t\t\t\t\t\t<\/div>\n\t\t\t\t\t\t<\/div>\n\t\t\t\t<\/div>\n\t\t\t\t<div class=\"elementor-element elementor-element-141671bd elementor-widget elementor-widget-accordion\" data-id=\"141671bd\" data-element_type=\"widget\" data-e-type=\"widget\" data-widget_type=\"accordion.default\">\n\t\t\t\t<div class=\"elementor-widget-container\">\n\t\t\t\t\t\t\t<div class=\"elementor-accordion\">\n\t\t\t\t\t\t\t<div class=\"elementor-accordion-item\">\n\t\t\t\t\t<h4 id=\"elementor-tab-title-3371\" class=\"elementor-tab-title\" data-tab=\"1\" role=\"button\" aria-controls=\"elementor-tab-content-3371\" aria-expanded=\"false\">\n\t\t\t\t\t\t\t\t\t\t\t\t\t<span class=\"elementor-accordion-icon elementor-accordion-icon-left\" aria-hidden=\"true\">\n\t\t\t\t\t\t\t\t\t\t\t\t\t\t\t<span class=\"elementor-accordion-icon-closed\"><i class=\"fab fa-xbox\"><\/i><\/span>\n\t\t\t\t\t\t\t\t<span class=\"elementor-accordion-icon-opened\"><i class=\"fab fa-xbox\"><\/i><\/span>\n\t\t\t\t\t\t\t\t\t\t\t\t\t\t<\/span>\n\t\t\t\t\t\t\t\t\t\t\t\t<a class=\"elementor-accordion-title\" tabindex=\"0\">K\u0101 aktiviz\u0113t<\/a>\n\t\t\t\t\t<\/h4>\n\t\t\t\t\t<div id=\"elementor-tab-content-3371\" class=\"elementor-tab-content elementor-clearfix\" data-tab=\"1\" role=\"region\" aria-labelledby=\"elementor-tab-title-3371\"><p>1. P\u0113c pas\u016bt\u012bjuma veik\u0161anas atveriet VPN un izveidojiet savienojumu ar serveri, kas nor\u0101d\u012bts j\u016bsu e-past\u0101.<\/p><p>2. Noklik\u0161\u0137iniet uz \u0161\u012b\u00a0<a title=\"https:\/\/account.microsoft.com\/billing\/redeem?refd=login.live.com\" href=\"https:\/\/account.microsoft.com\/billing\/redeem?refd=login.live.com\"><strong>Saite<\/strong><\/a>\u00a0&amp; Piesakieties sav\u0101 kont\u0101 un p\u0113c tam aktiviz\u0113jiet sa\u0146emto atsl\u0113gu!<\/p><p>3. Izbaudiet!<\/p><\/div>\n\t\t\t\t<\/div>\n\t\t\t\t\t\t\t\t<\/div>\n\t\t\t\t\t\t<\/div>\n\t\t\t\t<\/div>\n\t\t\t\t\t<\/div>\n\t\t<\/div>\n\t\t\t\t\t<\/div>\n\t\t<\/section>\n\t\t\t\t<section class=\"elementor-section elementor-top-section elementor-element elementor-element-1afd8bbe elementor-section-boxed elementor-section-height-default elementor-section-height-default\" data-id=\"1afd8bbe\" data-element_type=\"section\" data-e-type=\"section\">\n\t\t\t\t\t\t<div class=\"elementor-container elementor-column-gap-default\">\n\t\t\t\t\t<div class=\"elementor-column elementor-col-100 elementor-top-column elementor-element elementor-element-5a09de28\" data-id=\"5a09de28\" data-element_type=\"column\" data-e-type=\"column\">\n\t\t\t<div class=\"elementor-widget-wrap elementor-element-populated\">\n\t\t\t\t\t\t<div class=\"elementor-element elementor-element-7ea7a1f5 elementor-widget elementor-widget-text-editor\" data-id=\"7ea7a1f5\" data-element_type=\"widget\" data-e-type=\"widget\" data-widget_type=\"text-editor.default\">\n\t\t\t\t<div class=\"elementor-widget-container\">\n\t\t\t\t\t\t\t\t\t<div class=\"game_page_autocollapse_ctn expanded\"><div id=\"aboutThisGame\" class=\"game_page_autocollapse\" data-panel=\"{&quot;type&quot;:&quot;PanelGroup&quot;}\"><div id=\"game_area_description\" class=\"game_area_description\"><h4 style=\"text-align: center;\"><strong>PAR \u0160O SP\u0112LI<\/strong><\/h4><p><i><strong>Call of Duty\u00ae: Advanced Warfare<\/strong><\/i>, developed by Sledgehammer Games (co-developers of Call of Duty\u00ae: Modern Warfare\u00ae 3), harnesses the first three-year, all next-gen development cycle in franchise history. Call of Duty\u00ae: Advanced Warfare envisions a powerful future, where both technology and tactics have evolved to usher in a new era of combat for the franchise. Delivering a stunning performance, Academy Award\u00ae winning actor Kevin Spacey stars as Jonathan Irons &#8211; one of the most powerful men in the world &#8211; shaping this chilling vision of the future of war.<\/p><p>Power Changes Everything.<\/p><h2 class=\"bb_tag\">An Advanced World<\/h2><ul class=\"bb_ul\"><li>Call of Duty: Advanced Warfare takes place in a plausible future in which technological progress and today\u2019s military practices have converged with powerful consequences.<\/li><li>In this carefully researched and crafted vision, Private Military Corporations (PMCs) have become the dominant armed forces for countless nations outsourcing their military needs, redrawing borders and rewriting the rules of war.<\/li><li>And Jonathan Irons, the founder and president of the world\u2019s largest PMC &#8211; Atlas Corporation &#8211; is at the center of it all.<\/li><\/ul><h2 class=\"bb_tag\">An Advanced Soldier<\/h2><ul class=\"bb_ul\"><li>Powerful exoskeletons evolve every aspect of a soldier\u2019s battle readiness, enabling combatants to deploy with an advanced lethality and eliminating the need for specialization.<\/li><li>The introduction of this gameplay mechanic delivers enhanced player movement and verticality through boost jumps and grappling, covert cloaking abilities, and biomechanics that provide unparalleled strength, awareness, endurance, and speed.<\/li><li>With the advent of the exoskeleton and newly advanced armor and weaponry, every soldier commands tactical freedom in any terrain unlike ever before, fundamentally changing the way gamers play Call of Duty across all modes.<\/li><\/ul><h2 class=\"bb_tag\">An Advanced Arsenal<\/h2><ul class=\"bb_ul\"><li>Harnessing the power of next-gen platforms, Call of Duty: Advanced Warfare introduces a new hi-tech, advanced arsenal and ability set, arming players with all-new equipment, technology, perks, and vehicles like hoverbikes and highly specialized drones.<\/li><li>Players can also choose between standard ammunition and an all-new class of directed-energy weaponry that enables totally new gameplay dynamics.<\/li><li>And with exoskeletons delivering a massive force multiplier and unprecedented tactical freedom, Call of Duty: Advanced Warfare evolves every firefight.<\/li><\/ul><\/div><\/div><\/div><div class=\"game_page_autocollapse_ctn\"><div class=\"game_page_autocollapse sys_req\"><h2><iframe title=\"Official Reveal Trailer | Call of Duty: Advanced Warfare\" data-src=\"https:\/\/www.youtube.com\/embed\/sFu5qXMuaJU\" width=\"1280\" height=\"720\" frameborder=\"0\" allowfullscreen=\"allowfullscreen\" src=\"data:image\/svg+xml;base64,PHN2ZyB3aWR0aD0iMSIgaGVpZ2h0PSIxIiB4bWxucz0iaHR0cDovL3d3dy53My5vcmcvMjAwMC9zdmciPjwvc3ZnPg==\" class=\"lazyload\" data-load-mode=\"1\"><\/iframe><\/h2><h2>SIST\u0112MAS PRAS\u012aBAS<\/h2><div class=\"sysreq_contents\"><div class=\"game_area_sys_req sysreq_content active\" data-os=\"win\"><div class=\"game_area_sys_req_leftCol\"><p><strong>MINIM\u0100LAIS:<\/strong><\/p><ul><li style=\"list-style-type: none;\"><ul class=\"bb_ul\"><li><strong>Oper\u0113t\u0101jsist\u0113ma:<\/strong>\u00a0Windows 7 64 bitu \/ Windows 8 64 bitu \/ Windows 8.1 64 bitu<\/li><li><strong>Procesors:<\/strong>\u00a0Intel\u00ae Core\u2122 i3-530 ar frekvenci 2,93 GHz \/ AMD Phenom\u2122 II X4 810 ar frekvenci 2,60 GHz<\/li><li><strong>Atmi\u0146a:<\/strong>\u00a06 GB operat\u012bv\u0101 atmi\u0146a<\/li><li><strong>Grafika:<\/strong>\u00a0NVIDIA\u00ae GeForce\u00ae GTS 450 @ 1GB \/ ATI\u00ae Radeon\u2122 HD 5870 @ 1GB<\/li><li><strong>DirectX:<\/strong>\u00a011. versija<\/li><li><strong>T\u012bkls:<\/strong>\u00a0Platjoslas interneta piesl\u0113gums<\/li><li><strong>Uzglab\u0101\u0161ana:<\/strong>\u00a055 GB available space<\/li><li><strong>Ska\u0146as karte:<\/strong>\u00a0Sader\u012bgs ar DirectX<\/li><li><strong>Papildu piez\u012bmes:<\/strong>\u00a0Field of View ranges from 65\u00b0-90\u00b0.<\/li><\/ul><\/li><\/ul><\/div><div class=\"game_area_sys_req_rightCol\"><p><strong>IETEICAMS:<\/strong><\/p><ul><li style=\"list-style-type: none;\"><ul class=\"bb_ul\"><li><strong>Oper\u0113t\u0101jsist\u0113ma:<\/strong>\u00a0Windows 7 64 bitu \/ Windows 8 64 bitu \/ Windows 8.1 64 bitu<\/li><li><strong>Procesors:<\/strong>\u00a0Intel Core i5-2500K @ 3.30GHz<\/li><li><strong>Atmi\u0146a:<\/strong>\u00a08 GB operat\u012bv\u0101 atmi\u0146a<\/li><li><strong>Grafika:<\/strong>\u00a0NVIDIA\u00ae GeForce\u00ae GTX 760 @ 4GB<\/li><li><strong>DirectX:<\/strong>\u00a011. versija<\/li><li><strong>T\u012bkls:<\/strong>\u00a0Platjoslas interneta piesl\u0113gums<\/li><li><strong>Uzglab\u0101\u0161ana:<\/strong>\u00a055 GB available space<\/li><li><strong>Ska\u0146as karte:<\/strong>\u00a0100% DirectX 9.0c Compatible 16-bit<\/li><li><strong>Papildu piez\u012bmes:<\/strong>\u00a0Field of View ranges from 65\u00b0-90\u00b0.<\/li><\/ul><\/li><\/ul><\/div><div>\u00a0<\/div><\/div><\/div><\/div><\/div><div class=\"game_page_autocollapse_ctn\"><div class=\"game_page_autocollapse\"><div id=\"game_area_legal\">\u00a0<\/div><\/div><\/div>\t\t\t\t\t\t\t\t<\/div>\n\t\t\t\t<\/div>\n\t\t\t\t\t<\/div>\n\t\t<\/div>\n\t\t\t\t\t<\/div>\n\t\t<\/section>\n\t\t\t\t<\/div>","protected":false},"excerpt":{"rendered":"<p>Fast Delivery Delivery can take 5 to 20 minutes, according to your place in our queue Your Order will be \u2018Auto Refunded\u2019 in case it does not get delivered after 12 hours! How To Activate 1- Open up a VPN and connect to the server specified in your email after placing your order. 2- Click [&hellip;]<\/p>\n","protected":false},"featured_media":546,"comment_status":"closed","ping_status":"closed","template":"","meta":{"_crdt_document":"","jetpack_publicize_message":"","jetpack_publicize_feature_enabled":true,"jetpack_social_post_already_shared":true,"jetpack_social_options":{"image_generator_settings":{"template":"highway","default_image_id":0,"font":"","enabled":false},"version":2},"_wpas_customize_per_network":false},"product_brand":[],"product_cat":[1375,1374],"product_tag":[],"class_list":{"0":"post-339","1":"product","2":"type-product","3":"status-publish","4":"has-post-thumbnail","6":"product_cat-pc","7":"product_cat-xbox","9":"first","10":"outofstock","11":"sale","12":"taxable","13":"shipping-taxable","14":"purchasable","15":"product-type-variable","16":"has-default-attributes"},"yoast_head":"<!-- This site is optimized with the Yoast SEO Premium plugin v27.5 (Yoast SEO v27.5) - https:\/\/yoast.com\/product\/yoast-seo-premium-wordpress\/ -->\n<title>Call of Duty\u00ae: Advanced Warfare Gold Edition - EnderG<\/title>\n<meta name=\"robots\" content=\"index, follow, max-snippet:-1, max-image-preview:large, max-video-preview:-1\" \/>\n<link rel=\"canonical\" href=\"https:\/\/enderg.com\/lv\/product\/call-of-duty-advanced-warfare-gold-edition\/\" \/>\n<meta property=\"og:locale\" content=\"lv_LV\" \/>\n<meta property=\"og:type\" content=\"article\" \/>\n<meta property=\"og:title\" content=\"Call of Duty\u00ae: Advanced Warfare Gold Edition\" \/>\n<meta property=\"og:description\" content=\"Fast Delivery Delivery can take 5 to 20 minutes, according to your place in our queue Your Order will be \u2018Auto Refunded\u2019 in case it does not get delivered after 12 hours! How To Activate 1- Open up a VPN and connect to the server specified in your email after placing your order. 2- Click [&hellip;]\" \/>\n<meta property=\"og:url\" content=\"https:\/\/enderg.com\/lv\/product\/call-of-duty-advanced-warfare-gold-edition\/\" \/>\n<meta property=\"og:site_name\" content=\"EnderG\" \/>\n<meta property=\"article:publisher\" content=\"https:\/\/www.facebook.com\/Endergg1\/\" \/>\n<meta property=\"article:modified_time\" content=\"2025-12-11T02:59:01+00:00\" \/>\n<meta property=\"og:image\" content=\"https:\/\/enderg.com\/wp-content\/uploads\/2022\/08\/O2zlvZFoqt0Bb1N4VTmCMZEX3IkAzxC3.jpg\" \/>\n\t<meta property=\"og:image:width\" content=\"1024\" \/>\n\t<meta property=\"og:image:height\" content=\"1024\" \/>\n\t<meta property=\"og:image:type\" content=\"image\/jpeg\" \/>\n<meta name=\"twitter:card\" content=\"summary_large_image\" \/>\n<meta name=\"twitter:label1\" content=\"Est. reading time\" \/>\n\t<meta name=\"twitter:data1\" content=\"3 min\u016btes\" \/>\n<script type=\"application\/ld+json\" class=\"yoast-schema-graph\">{\"@context\":\"https:\\\/\\\/schema.org\",\"@graph\":[{\"@type\":\"WebPage\",\"@id\":\"https:\\\/\\\/enderg.com\\\/product\\\/call-of-duty-advanced-warfare-gold-edition\\\/\",\"url\":\"https:\\\/\\\/enderg.com\\\/product\\\/call-of-duty-advanced-warfare-gold-edition\\\/\",\"name\":\"Call of Duty\u00ae: Advanced Warfare Gold Edition - EnderG\",\"isPartOf\":{\"@id\":\"https:\\\/\\\/enderg.com\\\/#website\"},\"primaryImageOfPage\":{\"@id\":\"https:\\\/\\\/enderg.com\\\/product\\\/call-of-duty-advanced-warfare-gold-edition\\\/#primaryimage\"},\"image\":{\"@id\":\"https:\\\/\\\/enderg.com\\\/product\\\/call-of-duty-advanced-warfare-gold-edition\\\/#primaryimage\"},\"thumbnailUrl\":\"https:\\\/\\\/i0.wp.com\\\/enderg.com\\\/wp-content\\\/uploads\\\/2022\\\/08\\\/O2zlvZFoqt0Bb1N4VTmCMZEX3IkAzxC3.jpg?fit=1024%2C1024&ssl=1\",\"datePublished\":\"2022-08-06T22:13:08+00:00\",\"dateModified\":\"2025-12-11T02:59:01+00:00\",\"breadcrumb\":{\"@id\":\"https:\\\/\\\/enderg.com\\\/product\\\/call-of-duty-advanced-warfare-gold-edition\\\/#breadcrumb\"},\"inLanguage\":\"lv-LV\",\"potentialAction\":[{\"@type\":\"ReadAction\",\"target\":[\"https:\\\/\\\/enderg.com\\\/product\\\/call-of-duty-advanced-warfare-gold-edition\\\/\"]}]},{\"@type\":\"ImageObject\",\"inLanguage\":\"lv-LV\",\"@id\":\"https:\\\/\\\/enderg.com\\\/product\\\/call-of-duty-advanced-warfare-gold-edition\\\/#primaryimage\",\"url\":\"https:\\\/\\\/i0.wp.com\\\/enderg.com\\\/wp-content\\\/uploads\\\/2022\\\/08\\\/O2zlvZFoqt0Bb1N4VTmCMZEX3IkAzxC3.jpg?fit=1024%2C1024&ssl=1\",\"contentUrl\":\"https:\\\/\\\/i0.wp.com\\\/enderg.com\\\/wp-content\\\/uploads\\\/2022\\\/08\\\/O2zlvZFoqt0Bb1N4VTmCMZEX3IkAzxC3.jpg?fit=1024%2C1024&ssl=1\",\"width\":1024,\"height\":1024},{\"@type\":\"BreadcrumbList\",\"@id\":\"https:\\\/\\\/enderg.com\\\/product\\\/call-of-duty-advanced-warfare-gold-edition\\\/#breadcrumb\",\"itemListElement\":[{\"@type\":\"ListItem\",\"position\":1,\"name\":\"Home\",\"item\":\"https:\\\/\\\/enderg.com\\\/\"},{\"@type\":\"ListItem\",\"position\":2,\"name\":\"Shop\",\"item\":\"https:\\\/\\\/enderg.com\\\/shop\\\/\"},{\"@type\":\"ListItem\",\"position\":3,\"name\":\"Call of Duty\u00ae: Advanced Warfare Gold Edition\"}]},{\"@type\":\"WebSite\",\"@id\":\"https:\\\/\\\/enderg.com\\\/#website\",\"url\":\"https:\\\/\\\/enderg.com\\\/\",\"name\":\"EnderG\",\"description\":\"Cheaper Is What We Do!\",\"publisher\":{\"@id\":\"https:\\\/\\\/enderg.com\\\/#organization\"},\"potentialAction\":[{\"@type\":\"SearchAction\",\"target\":{\"@type\":\"EntryPoint\",\"urlTemplate\":\"https:\\\/\\\/enderg.com\\\/?s={search_term_string}\"},\"query-input\":{\"@type\":\"PropertyValueSpecification\",\"valueRequired\":true,\"valueName\":\"search_term_string\"}}],\"inLanguage\":\"lv-LV\"},{\"@type\":\"Organization\",\"@id\":\"https:\\\/\\\/enderg.com\\\/#organization\",\"name\":\"EnderG\",\"url\":\"https:\\\/\\\/enderg.com\\\/\",\"logo\":{\"@type\":\"ImageObject\",\"inLanguage\":\"lv-LV\",\"@id\":\"https:\\\/\\\/enderg.com\\\/#\\\/schema\\\/logo\\\/image\\\/\",\"url\":\"https:\\\/\\\/enderg.com\\\/wp-content\\\/uploads\\\/2023\\\/03\\\/222222222221.png\",\"contentUrl\":\"https:\\\/\\\/enderg.com\\\/wp-content\\\/uploads\\\/2023\\\/03\\\/222222222221.png\",\"width\":512,\"height\":512,\"caption\":\"EnderG\"},\"image\":{\"@id\":\"https:\\\/\\\/enderg.com\\\/#\\\/schema\\\/logo\\\/image\\\/\"},\"sameAs\":[\"https:\\\/\\\/www.facebook.com\\\/Endergg1\\\/\",\"https:\\\/\\\/www.instagram.com\\\/enderg01\",\"https:\\\/\\\/www.youtube.com\\\/@enderg-com\"],\"description\":\"Cheaper Gaming is what we do!\",\"legalName\":\"Vandar Limited\",\"foundingDate\":\"2022-06-21\"}]}<\/script>\n<!-- \/ Yoast SEO Premium plugin. -->","yoast_head_json":{"title":"Call of Duty\u00ae: Advanced Warfare Gold Edition - EnderG","robots":{"index":"index","follow":"follow","max-snippet":"max-snippet:-1","max-image-preview":"max-image-preview:large","max-video-preview":"max-video-preview:-1"},"canonical":"https:\/\/enderg.com\/lv\/product\/call-of-duty-advanced-warfare-gold-edition\/","og_locale":"lv_LV","og_type":"article","og_title":"Call of Duty\u00ae: Advanced Warfare Gold Edition","og_description":"Fast Delivery Delivery can take 5 to 20 minutes, according to your place in our queue Your Order will be \u2018Auto Refunded\u2019 in case it does not get delivered after 12 hours! How To Activate 1- Open up a VPN and connect to the server specified in your email after placing your order. 2- Click [&hellip;]","og_url":"https:\/\/enderg.com\/lv\/product\/call-of-duty-advanced-warfare-gold-edition\/","og_site_name":"EnderG","article_publisher":"https:\/\/www.facebook.com\/Endergg1\/","article_modified_time":"2025-12-11T02:59:01+00:00","og_image":[{"width":1024,"height":1024,"url":"https:\/\/enderg.com\/wp-content\/uploads\/2022\/08\/O2zlvZFoqt0Bb1N4VTmCMZEX3IkAzxC3.jpg","type":"image\/jpeg"}],"twitter_card":"summary_large_image","twitter_misc":{"Est. reading time":"3 min\u016btes"},"schema":{"@context":"https:\/\/schema.org","@graph":[{"@type":"WebPage","@id":"https:\/\/enderg.com\/product\/call-of-duty-advanced-warfare-gold-edition\/","url":"https:\/\/enderg.com\/product\/call-of-duty-advanced-warfare-gold-edition\/","name":"Call of Duty\u00ae: Advanced Warfare Gold Edition - EnderG","isPartOf":{"@id":"https:\/\/enderg.com\/#website"},"primaryImageOfPage":{"@id":"https:\/\/enderg.com\/product\/call-of-duty-advanced-warfare-gold-edition\/#primaryimage"},"image":{"@id":"https:\/\/enderg.com\/product\/call-of-duty-advanced-warfare-gold-edition\/#primaryimage"},"thumbnailUrl":"https:\/\/i0.wp.com\/enderg.com\/wp-content\/uploads\/2022\/08\/O2zlvZFoqt0Bb1N4VTmCMZEX3IkAzxC3.jpg?fit=1024%2C1024&ssl=1","datePublished":"2022-08-06T22:13:08+00:00","dateModified":"2025-12-11T02:59:01+00:00","breadcrumb":{"@id":"https:\/\/enderg.com\/product\/call-of-duty-advanced-warfare-gold-edition\/#breadcrumb"},"inLanguage":"lv-LV","potentialAction":[{"@type":"ReadAction","target":["https:\/\/enderg.com\/product\/call-of-duty-advanced-warfare-gold-edition\/"]}]},{"@type":"ImageObject","inLanguage":"lv-LV","@id":"https:\/\/enderg.com\/product\/call-of-duty-advanced-warfare-gold-edition\/#primaryimage","url":"https:\/\/i0.wp.com\/enderg.com\/wp-content\/uploads\/2022\/08\/O2zlvZFoqt0Bb1N4VTmCMZEX3IkAzxC3.jpg?fit=1024%2C1024&ssl=1","contentUrl":"https:\/\/i0.wp.com\/enderg.com\/wp-content\/uploads\/2022\/08\/O2zlvZFoqt0Bb1N4VTmCMZEX3IkAzxC3.jpg?fit=1024%2C1024&ssl=1","width":1024,"height":1024},{"@type":"BreadcrumbList","@id":"https:\/\/enderg.com\/product\/call-of-duty-advanced-warfare-gold-edition\/#breadcrumb","itemListElement":[{"@type":"ListItem","position":1,"name":"Home","item":"https:\/\/enderg.com\/"},{"@type":"ListItem","position":2,"name":"Shop","item":"https:\/\/enderg.com\/shop\/"},{"@type":"ListItem","position":3,"name":"Call of Duty\u00ae: Advanced Warfare Gold Edition"}]},{"@type":"WebSite","@id":"https:\/\/enderg.com\/#website","url":"https:\/\/enderg.com\/","name":"EnderG","description":"L\u0113t\u0101k ir tas, ko m\u0113s dar\u0101m!","publisher":{"@id":"https:\/\/enderg.com\/#organization"},"potentialAction":[{"@type":"SearchAction","target":{"@type":"EntryPoint","urlTemplate":"https:\/\/enderg.com\/?s={search_term_string}"},"query-input":{"@type":"PropertyValueSpecification","valueRequired":true,"valueName":"search_term_string"}}],"inLanguage":"lv-LV"},{"@type":"Organization","@id":"https:\/\/enderg.com\/#organization","name":"EnderG","url":"https:\/\/enderg.com\/","logo":{"@type":"ImageObject","inLanguage":"lv-LV","@id":"https:\/\/enderg.com\/#\/schema\/logo\/image\/","url":"https:\/\/enderg.com\/wp-content\/uploads\/2023\/03\/222222222221.png","contentUrl":"https:\/\/enderg.com\/wp-content\/uploads\/2023\/03\/222222222221.png","width":512,"height":512,"caption":"EnderG"},"image":{"@id":"https:\/\/enderg.com\/#\/schema\/logo\/image\/"},"sameAs":["https:\/\/www.facebook.com\/Endergg1\/","https:\/\/www.instagram.com\/enderg01","https:\/\/www.youtube.com\/@enderg-com"],"description":"L\u0113t\u0101ka sp\u0113l\u0113\u0161ana ir tas, ko m\u0113s dar\u0101m!","legalName":"Vandar Limited","foundingDate":"2022-06-21"}]}},"jetpack_publicize_connections":[],"jetpack_likes_enabled":true,"jetpack_sharing_enabled":true,"jetpack-related-posts":[],"_links":{"self":[{"href":"https:\/\/enderg.com\/lv\/wp-json\/wp\/v2\/product\/339","targetHints":{"allow":["GET"]}}],"collection":[{"href":"https:\/\/enderg.com\/lv\/wp-json\/wp\/v2\/product"}],"about":[{"href":"https:\/\/enderg.com\/lv\/wp-json\/wp\/v2\/types\/product"}],"replies":[{"embeddable":true,"href":"https:\/\/enderg.com\/lv\/wp-json\/wp\/v2\/comments?post=339"}],"version-history":[{"count":10,"href":"https:\/\/enderg.com\/lv\/wp-json\/wp\/v2\/product\/339\/revisions"}],"predecessor-version":[{"id":8782,"href":"https:\/\/enderg.com\/lv\/wp-json\/wp\/v2\/product\/339\/revisions\/8782"}],"wp:featuredmedia":[{"embeddable":true,"href":"https:\/\/enderg.com\/lv\/wp-json\/wp\/v2\/media\/546"}],"wp:attachment":[{"href":"https:\/\/enderg.com\/lv\/wp-json\/wp\/v2\/media?parent=339"}],"wp:term":[{"taxonomy":"product_brand","embeddable":true,"href":"https:\/\/enderg.com\/lv\/wp-json\/wp\/v2\/product_brand?post=339"},{"taxonomy":"product_cat","embeddable":true,"href":"https:\/\/enderg.com\/lv\/wp-json\/wp\/v2\/product_cat?post=339"},{"taxonomy":"product_tag","embeddable":true,"href":"https:\/\/enderg.com\/lv\/wp-json\/wp\/v2\/product_tag?post=339"}],"curies":[{"name":"wp","href":"https:\/\/api.w.org\/{rel}","templated":true}]}}