{"id":2369,"date":"2022-08-08T21:03:54","date_gmt":"2022-08-08T18:03:54","guid":{"rendered":"https:\/\/enderg.com\/product\/the-witcher-3-wild-hunt\/"},"modified":"2024-06-26T01:35:10","modified_gmt":"2024-06-25T22:35:10","slug":"the-witcher-3-wild-hunt","status":"publish","type":"product","link":"https:\/\/enderg.com\/lv\/product\/the-witcher-3-wild-hunt\/","title":{"rendered":"The Witcher 3: Savva\u013cas med\u012bbas"},"content":{"rendered":"<div data-elementor-type=\"wp-post\" data-elementor-id=\"2369\" class=\"elementor elementor-2369\" data-elementor-post-type=\"product\">\n\t\t\t\t\t\t<section class=\"elementor-section elementor-top-section elementor-element elementor-element-3cb5e1b0 elementor-section-boxed elementor-section-height-default elementor-section-height-default\" data-id=\"3cb5e1b0\" data-element_type=\"section\" data-e-type=\"section\">\n\t\t\t\t\t\t<div class=\"elementor-container elementor-column-gap-default\">\n\t\t\t\t\t<div class=\"elementor-column elementor-col-100 elementor-top-column elementor-element elementor-element-6b77a693\" data-id=\"6b77a693\" data-element_type=\"column\" data-e-type=\"column\">\n\t\t\t<div class=\"elementor-widget-wrap elementor-element-populated\">\n\t\t\t\t\t\t<div class=\"elementor-element elementor-element-7e81cc0f elementor-widget elementor-widget-accordion\" data-id=\"7e81cc0f\" data-element_type=\"widget\" data-e-type=\"widget\" data-widget_type=\"accordion.default\">\n\t\t\t\t<div class=\"elementor-widget-container\">\n\t\t\t\t\t\t\t<div class=\"elementor-accordion\">\n\t\t\t\t\t\t\t<div class=\"elementor-accordion-item\">\n\t\t\t\t\t<h4 id=\"elementor-tab-title-2121\" class=\"elementor-tab-title\" data-tab=\"1\" role=\"button\" aria-controls=\"elementor-tab-content-2121\" aria-expanded=\"false\">\n\t\t\t\t\t\t\t\t\t\t\t\t\t<span class=\"elementor-accordion-icon elementor-accordion-icon-left\" aria-hidden=\"true\">\n\t\t\t\t\t\t\t\t\t\t\t\t\t\t\t<span class=\"elementor-accordion-icon-closed\"><i class=\"fas fa-truck\"><\/i><\/span>\n\t\t\t\t\t\t\t\t<span class=\"elementor-accordion-icon-opened\"><i class=\"fas fa-truck\"><\/i><\/span>\n\t\t\t\t\t\t\t\t\t\t\t\t\t\t<\/span>\n\t\t\t\t\t\t\t\t\t\t\t\t<a class=\"elementor-accordion-title\" tabindex=\"0\">\u0100tra pieg\u0101de<\/a>\n\t\t\t\t\t<\/h4>\n\t\t\t\t\t<div id=\"elementor-tab-content-2121\" class=\"elementor-tab-content elementor-clearfix\" data-tab=\"1\" role=\"region\" aria-labelledby=\"elementor-tab-title-2121\"><p>Pieg\u0101de var ilgt no 5 l\u012bdz 20 min\u016bt\u0113m atkar\u012bb\u0101 no j\u016bsu vietas rind\u0101<\/p><p>J\u016bsu pas\u016bt\u012bjums tiks autom\u0101tiski atmaks\u0101ts, ja tas netiks pieg\u0101d\u0101ts 12 stundu laik\u0101!<\/p><\/div>\n\t\t\t\t<\/div>\n\t\t\t\t\t\t\t\t<\/div>\n\t\t\t\t\t\t<\/div>\n\t\t\t\t<\/div>\n\t\t\t\t<div class=\"elementor-element elementor-element-667c73cf elementor-widget elementor-widget-accordion\" data-id=\"667c73cf\" data-element_type=\"widget\" data-e-type=\"widget\" data-widget_type=\"accordion.default\">\n\t\t\t\t<div class=\"elementor-widget-container\">\n\t\t\t\t\t\t\t<div class=\"elementor-accordion\">\n\t\t\t\t\t\t\t<div class=\"elementor-accordion-item\">\n\t\t\t\t\t<h4 id=\"elementor-tab-title-1711\" class=\"elementor-tab-title\" data-tab=\"1\" role=\"button\" aria-controls=\"elementor-tab-content-1711\" aria-expanded=\"false\">\n\t\t\t\t\t\t\t\t\t\t\t\t\t<span class=\"elementor-accordion-icon elementor-accordion-icon-left\" aria-hidden=\"true\">\n\t\t\t\t\t\t\t\t\t\t\t\t\t\t\t<span class=\"elementor-accordion-icon-closed\"><i class=\"fab fa-xbox\"><\/i><\/span>\n\t\t\t\t\t\t\t\t<span class=\"elementor-accordion-icon-opened\"><i class=\"fab fa-xbox\"><\/i><\/span>\n\t\t\t\t\t\t\t\t\t\t\t\t\t\t<\/span>\n\t\t\t\t\t\t\t\t\t\t\t\t<a class=\"elementor-accordion-title\" tabindex=\"0\">K\u0101 aktiviz\u0113t<\/a>\n\t\t\t\t\t<\/h4>\n\t\t\t\t\t<div id=\"elementor-tab-content-1711\" class=\"elementor-tab-content elementor-clearfix\" data-tab=\"1\" role=\"region\" aria-labelledby=\"elementor-tab-title-1711\"><p>1. P\u0113c pas\u016bt\u012bjuma veik\u0161anas atveriet VPN un izveidojiet savienojumu ar serveri, kas nor\u0101d\u012bts j\u016bsu e-past\u0101.&nbsp;<\/p><p>2. Noklik\u0161\u0137iniet uz \u0161\u012b&nbsp;<a title=\"https:\/\/account.microsoft.com\/billing\/redeem?refd=login.live.com\" href=\"https:\/\/account.microsoft.com\/billing\/redeem?refd=login.live.com\"><span style=\"font-weight: 600;\">Saite<\/span><\/a>&nbsp;&amp; Piesakieties sav\u0101 kont\u0101 un p\u0113c tam aktiviz\u0113jiet sa\u0146emto atsl\u0113gu!<\/p><p>3. Izbaudiet!<\/p><\/div>\n\t\t\t\t<\/div>\n\t\t\t\t\t\t\t\t<\/div>\n\t\t\t\t\t\t<\/div>\n\t\t\t\t<\/div>\n\t\t\t\t<div class=\"elementor-element elementor-element-6ad5ade0 elementor-widget elementor-widget-text-editor\" data-id=\"6ad5ade0\" data-element_type=\"widget\" data-e-type=\"widget\" data-widget_type=\"text-editor.default\">\n\t\t\t\t<div class=\"elementor-widget-container\">\n\t\t\t\t\t\t\t\t\t<h3 style=\"text-align: center;\"><strong>Par \u0161o sp\u0113li<\/strong><\/h3>\t\t\t\t\t\t\t\t<\/div>\n\t\t\t\t<\/div>\n\t\t\t\t\t<\/div>\n\t\t<\/div>\n\t\t\t\t\t<\/div>\n\t\t<\/section>\n\t\t\t\t<section class=\"elementor-section elementor-top-section elementor-element elementor-element-6732ee7e elementor-section-boxed elementor-section-height-default elementor-section-height-default\" data-id=\"6732ee7e\" data-element_type=\"section\" data-e-type=\"section\">\n\t\t\t\t\t\t<div class=\"elementor-container elementor-column-gap-default\">\n\t\t\t\t\t<div class=\"elementor-column elementor-col-100 elementor-top-column elementor-element elementor-element-40f9a0f\" data-id=\"40f9a0f\" data-element_type=\"column\" data-e-type=\"column\">\n\t\t\t<div class=\"elementor-widget-wrap elementor-element-populated\">\n\t\t\t\t\t\t<div class=\"elementor-element elementor-element-79097843 elementor-widget elementor-widget-text-editor\" data-id=\"79097843\" data-element_type=\"widget\" data-e-type=\"widget\" data-widget_type=\"text-editor.default\">\n\t\t\t\t<div class=\"elementor-widget-container\">\n\t\t\t\t\t\t\t\t\t<div class=\"game_page_autocollapse_ctn expanded\"><div id=\"aboutThisGame\" class=\"game_page_autocollapse\" data-panel=\"{&quot;type&quot;:&quot;PanelGroup&quot;}\"><div id=\"game_area_description\" class=\"game_area_description\"><h4 style=\"text-align: center;\"><strong style=\"font-size: 1.41575em;\">PAR \u0160O SP\u0112LI<\/strong><\/h4><p><img decoding=\"async\" data-recalc-dims=\"1\" data-src=\"https:\/\/i0.wp.com\/cdn.cloudflare.steamstatic.com\/steam\/apps\/292030\/extras\/EN_600x400.png?w=980&#038;ssl=1\" src=\"data:image\/svg+xml;base64,PHN2ZyB3aWR0aD0iMSIgaGVpZ2h0PSIxIiB4bWxucz0iaHR0cDovL3d3dy53My5vcmcvMjAwMC9zdmciPjwvc3ZnPg==\" class=\"lazyload\" \/><br \/>The Witcher: Wild Hunt is a story-driven open world RPG set in a visually stunning fantasy universe full of meaningful choices and impactful consequences. In The Witcher, you play as professional monster hunter Geralt of Rivia tasked with finding a child of prophecy in a vast open world rich with merchant cities, pirate islands, dangerous mountain passes, and forgotten caverns to explore.<\/p><h2 class=\"bb_tag\">KEY FEATURES<\/h2><p><strong>PLAY AS A HIGHLY TRAINED MONSTER SLAYER FOR HIRE<\/strong><br \/>Trained from early childhood and mutated to gain superhuman skills, strength and reflexes, witchers are a counterbalance to the monster-infested world in which they live.<\/p><ul class=\"bb_ul\"><li>Gruesomely destroy foes as a professional monster hunter armed with a range of upgradeable weapons, mutating potions and combat magic.<\/li><li>Hunt down a wide range of exotic monsters \u2014 from savage beasts prowling the mountain passes, to cunning supernatural predators lurking in the shadows of densely populated towns.<\/li><li>Invest your rewards to upgrade your weaponry and buy custom armour, or spend them away in horse races, card games, fist fighting, and other pleasures the night brings.<\/li><\/ul><p><img decoding=\"async\" data-recalc-dims=\"1\" data-src=\"https:\/\/i0.wp.com\/cdn.cloudflare.steamstatic.com\/steam\/apps\/292030\/extras\/W3_1.gif?w=980&#038;ssl=1\" src=\"data:image\/svg+xml;base64,PHN2ZyB3aWR0aD0iMSIgaGVpZ2h0PSIxIiB4bWxucz0iaHR0cDovL3d3dy53My5vcmcvMjAwMC9zdmciPjwvc3ZnPg==\" class=\"lazyload\" \/><\/p><p><strong>EXPLORE A MORALLY INDIFFERENT FANTASY OPEN WORLD<\/strong><br \/>Built for endless adventure, the massive open world of The Witcher sets new standards in terms of size, depth and complexity.<\/p><ul class=\"bb_ul\"><li>Traverse a fantastical open world: explore forgotten ruins, caves and shipwrecks, trade with merchants and dwarven smiths in cities, and hunt across the open plains, mountains and seas.<\/li><li>Deal with treasonous generals, devious witches and corrupt royalty to provide dark and dangerous services.<\/li><li>Make choices that go beyond good &amp; evil, and face their far-reaching consequences.<\/li><\/ul><p><img decoding=\"async\" data-recalc-dims=\"1\" data-src=\"https:\/\/i0.wp.com\/cdn.cloudflare.steamstatic.com\/steam\/apps\/292030\/extras\/W3_3.gif?w=980&#038;ssl=1\" src=\"data:image\/svg+xml;base64,PHN2ZyB3aWR0aD0iMSIgaGVpZ2h0PSIxIiB4bWxucz0iaHR0cDovL3d3dy53My5vcmcvMjAwMC9zdmciPjwvc3ZnPg==\" class=\"lazyload\" \/><\/p><p><strong>CHASE DOWN THE CHILD OF PROPHECY<\/strong><br \/>Take on the most important contract to track down the child of prophecy, a key to save or destroy this world.<\/p><ul class=\"bb_ul\"><li>In times of war, chase down the child of prophecy, a living weapon foretold by ancient elven legends.<\/li><li>Struggle against ferocious rulers, spirits of the wilds and even a threat from beyond the veil \u2013 all hell-bent on controlling this world.<\/li><li>Define your destiny in a world that may not be worth saving.<\/li><\/ul><p><img decoding=\"async\" data-recalc-dims=\"1\" data-src=\"https:\/\/i0.wp.com\/cdn.cloudflare.steamstatic.com\/steam\/apps\/292030\/extras\/W3_2.gif?w=980&#038;ssl=1\" src=\"data:image\/svg+xml;base64,PHN2ZyB3aWR0aD0iMSIgaGVpZ2h0PSIxIiB4bWxucz0iaHR0cDovL3d3dy53My5vcmcvMjAwMC9zdmciPjwvc3ZnPg==\" class=\"lazyload\" \/><\/p><p><strong>FULLY REALIZED NEXT GENERATION<\/strong><\/p><ul class=\"bb_ul\"><li>Built exclusively for next generation hardware, the REDengine 3 renders the world of The Witcher visually nuanced and organic, a real true to life fantasy.<\/li><li>Dynamic weather systems and day\/night cycles affect how the citizens of the towns and the monsters of the wilds behave.<\/li><li>Rich with storyline choices in both main and subplots, this grand open world is influenced by the player unlike ever before.<\/li><\/ul><p><img decoding=\"async\" data-recalc-dims=\"1\" data-src=\"https:\/\/i0.wp.com\/cdn.cloudflare.steamstatic.com\/steam\/apps\/292030\/extras\/W3_4.gif?w=980&#038;ssl=1\" src=\"data:image\/svg+xml;base64,PHN2ZyB3aWR0aD0iMSIgaGVpZ2h0PSIxIiB4bWxucz0iaHR0cDovL3d3dy53My5vcmcvMjAwMC9zdmciPjwvc3ZnPg==\" class=\"lazyload\" \/><\/p><\/div><\/div><\/div><div class=\"game_page_autocollapse_ctn\"><div class=\"game_page_autocollapse\"><div id=\"game_area_content_descriptors\" class=\"game_area_description\"><h2>PIEM\u0112ROTS ... SATURS APRAKSTS<\/h2><p>Izstr\u0101d\u0101t\u0101ji apraksta saturu \u0161\u0101di:<\/p><p><i>This Game may contain content not appropriate for all ages, or may not be appropriate for viewing at work: Nudity or Sexual Content, General Mature Content<\/i><\/p><\/div><\/div><\/div><div class=\"game_page_autocollapse_ctn\"><div class=\"game_page_autocollapse sys_req\"><h2><iframe title=\"The Witcher 3: Wild Hunt - Killing Monsters Cinematic Trailer\" data-src=\"https:\/\/www.youtube.com\/embed\/c0i88t0Kacs\" width=\"1904\" height=\"768\" frameborder=\"0\" allowfullscreen=\"allowfullscreen\" src=\"data:image\/svg+xml;base64,PHN2ZyB3aWR0aD0iMSIgaGVpZ2h0PSIxIiB4bWxucz0iaHR0cDovL3d3dy53My5vcmcvMjAwMC9zdmciPjwvc3ZnPg==\" class=\"lazyload\" data-load-mode=\"1\"><\/iframe><\/h2><h2>SIST\u0112MAS PRAS\u012aBAS<\/h2><div class=\"sysreq_contents\"><div class=\"game_area_sys_req sysreq_content active\" data-os=\"win\"><div class=\"game_area_sys_req_leftCol\"><p><strong>MINIM\u0100LAIS:<\/strong><\/p><ul><li style=\"list-style-type: none;\"><ul class=\"bb_ul\"><li><strong>Oper\u0113t\u0101jsist\u0113ma:<\/strong>\u00a064-bit Windows 7, 64-bit Windows 8 (8.1) or 64-bit Windows 10<\/li><li><strong>Procesors:<\/strong>\u00a0Intel CPU Core i5-2500K 3.3GHz \/ AMD CPU Phenom II X4 940<\/li><li><strong>Atmi\u0146a:<\/strong>\u00a06 GB operat\u012bv\u0101 atmi\u0146a<\/li><li><strong>Grafika:<\/strong>\u00a0Nvidia GPU GeForce GTX 660 \/ AMD GPU Radeon HD 7870<\/li><li><strong>Uzglab\u0101\u0161ana:<\/strong>\u00a035 GB available space<\/li><\/ul><\/li><\/ul><\/div><div class=\"game_area_sys_req_rightCol\"><p><strong>IETEICAMS:<\/strong><\/p><ul><li style=\"list-style-type: none;\"><ul class=\"bb_ul\"><li><strong>Oper\u0113t\u0101jsist\u0113ma:<\/strong>\u00a064-bit Windows 7, 64-bit Windows 8 (8.1) or 64-bit Windows 10<\/li><li><strong>Procesors:<\/strong>\u00a0Intel CPU Core i7 3770 3.4 GHz \/ AMD CPU AMD FX-8350 4 GHz<\/li><li><strong>Atmi\u0146a:<\/strong>\u00a08 GB operat\u012bv\u0101 atmi\u0146a<\/li><li><strong>Grafika:<\/strong>\u00a0Nvidia GPU GeForce GTX 770 \/ AMD GPU Radeon R9 290<\/li><li><strong>Uzglab\u0101\u0161ana:<\/strong>\u00a035 GB available space<\/li><\/ul><\/li><\/ul><\/div><\/div><\/div><\/div><\/div>\t\t\t\t\t\t\t\t<\/div>\n\t\t\t\t<\/div>\n\t\t\t\t\t<\/div>\n\t\t<\/div>\n\t\t\t\t\t<\/div>\n\t\t<\/section>\n\t\t\t\t<\/div>","protected":false},"excerpt":{"rendered":"<p>Fast Delivery Delivery can take 5 to 20 minutes, according to your place in our queue Your Order will be \u2018Auto Refunded\u2019 in case it does not get delivered after 12 hours! How To Activate 1- Open up a VPN and connect to the server specified in your email after placing your order.&nbsp; 2- Click [&hellip;]<\/p>\n","protected":false},"featured_media":3078,"comment_status":"closed","ping_status":"closed","template":"","meta":{"_crdt_document":"","jetpack_post_was_ever_published":false,"jetpack_publicize_message":"","jetpack_publicize_feature_enabled":true,"jetpack_social_post_already_shared":true,"jetpack_social_options":{"image_generator_settings":{"template":"highway","default_image_id":0,"font":"","enabled":false},"version":2},"_wpas_customize_per_network":false},"product_brand":[],"product_cat":[1375,1374],"product_tag":[1400,1399],"class_list":{"0":"post-2369","1":"product","2":"type-product","3":"status-publish","4":"has-post-thumbnail","6":"product_cat-pc","7":"product_cat-xbox","8":"product_tag-steam","9":"product_tag-xbox","11":"first","12":"outofstock","13":"sale","14":"taxable","15":"shipping-taxable","16":"purchasable","17":"product-type-variable","18":"has-default-attributes"},"yoast_head":"<!-- This site is optimized with the Yoast SEO Premium plugin v27.3 (Yoast SEO v27.3) - https:\/\/yoast.com\/product\/yoast-seo-premium-wordpress\/ -->\n<title>The Witcher 3: Wild Hunt - EnderG<\/title>\n<meta name=\"robots\" content=\"index, follow, max-snippet:-1, max-image-preview:large, max-video-preview:-1\" \/>\n<link rel=\"canonical\" href=\"https:\/\/enderg.com\/lv\/product\/the-witcher-3-wild-hunt\/\" \/>\n<meta property=\"og:locale\" content=\"lv_LV\" \/>\n<meta property=\"og:type\" content=\"article\" \/>\n<meta property=\"og:title\" content=\"The Witcher 3: Wild Hunt\" \/>\n<meta property=\"og:description\" content=\"Fast Delivery Delivery can take 5 to 20 minutes, according to your place in our queue Your Order will be \u2018Auto Refunded\u2019 in case it does not get delivered after 12 hours! How To Activate 1- Open up a VPN and connect to the server specified in your email after placing your order.&nbsp; 2- Click [&hellip;]\" \/>\n<meta property=\"og:url\" content=\"https:\/\/enderg.com\/lv\/product\/the-witcher-3-wild-hunt\/\" \/>\n<meta property=\"og:site_name\" content=\"EnderG\" \/>\n<meta property=\"article:publisher\" content=\"https:\/\/www.facebook.com\/Endergg1\/\" \/>\n<meta property=\"article:modified_time\" content=\"2024-06-25T22:35:10+00:00\" \/>\n<meta property=\"og:image\" content=\"https:\/\/enderg.com\/wp-content\/uploads\/2022\/08\/qiMTmGrZfSPfLDbfeLvBUXwEfpcSNQgi.jpg\" \/>\n\t<meta property=\"og:image:width\" content=\"1024\" \/>\n\t<meta property=\"og:image:height\" content=\"1024\" \/>\n\t<meta property=\"og:image:type\" content=\"image\/jpeg\" \/>\n<meta name=\"twitter:card\" content=\"summary_large_image\" \/>\n<meta name=\"twitter:label1\" content=\"Est. reading time\" \/>\n\t<meta name=\"twitter:data1\" content=\"5 min\u016btes\" \/>\n<script type=\"application\/ld+json\" class=\"yoast-schema-graph\">{\"@context\":\"https:\\\/\\\/schema.org\",\"@graph\":[{\"@type\":\"WebPage\",\"@id\":\"https:\\\/\\\/enderg.com\\\/product\\\/the-witcher-3-wild-hunt\\\/\",\"url\":\"https:\\\/\\\/enderg.com\\\/product\\\/the-witcher-3-wild-hunt\\\/\",\"name\":\"The Witcher 3: Wild Hunt - EnderG\",\"isPartOf\":{\"@id\":\"https:\\\/\\\/enderg.com\\\/#website\"},\"primaryImageOfPage\":{\"@id\":\"https:\\\/\\\/enderg.com\\\/product\\\/the-witcher-3-wild-hunt\\\/#primaryimage\"},\"image\":{\"@id\":\"https:\\\/\\\/enderg.com\\\/product\\\/the-witcher-3-wild-hunt\\\/#primaryimage\"},\"thumbnailUrl\":\"https:\\\/\\\/i0.wp.com\\\/enderg.com\\\/wp-content\\\/uploads\\\/2022\\\/08\\\/qiMTmGrZfSPfLDbfeLvBUXwEfpcSNQgi.jpg?fit=1024%2C1024&ssl=1\",\"datePublished\":\"2022-08-08T18:03:54+00:00\",\"dateModified\":\"2024-06-25T22:35:10+00:00\",\"breadcrumb\":{\"@id\":\"https:\\\/\\\/enderg.com\\\/product\\\/the-witcher-3-wild-hunt\\\/#breadcrumb\"},\"inLanguage\":\"lv-LV\",\"potentialAction\":[{\"@type\":\"ReadAction\",\"target\":[\"https:\\\/\\\/enderg.com\\\/product\\\/the-witcher-3-wild-hunt\\\/\"]}]},{\"@type\":\"ImageObject\",\"inLanguage\":\"lv-LV\",\"@id\":\"https:\\\/\\\/enderg.com\\\/product\\\/the-witcher-3-wild-hunt\\\/#primaryimage\",\"url\":\"https:\\\/\\\/i0.wp.com\\\/enderg.com\\\/wp-content\\\/uploads\\\/2022\\\/08\\\/qiMTmGrZfSPfLDbfeLvBUXwEfpcSNQgi.jpg?fit=1024%2C1024&ssl=1\",\"contentUrl\":\"https:\\\/\\\/i0.wp.com\\\/enderg.com\\\/wp-content\\\/uploads\\\/2022\\\/08\\\/qiMTmGrZfSPfLDbfeLvBUXwEfpcSNQgi.jpg?fit=1024%2C1024&ssl=1\",\"width\":1024,\"height\":1024},{\"@type\":\"BreadcrumbList\",\"@id\":\"https:\\\/\\\/enderg.com\\\/product\\\/the-witcher-3-wild-hunt\\\/#breadcrumb\",\"itemListElement\":[{\"@type\":\"ListItem\",\"position\":1,\"name\":\"Home\",\"item\":\"https:\\\/\\\/enderg.com\\\/\"},{\"@type\":\"ListItem\",\"position\":2,\"name\":\"Shop\",\"item\":\"https:\\\/\\\/enderg.com\\\/shop\\\/\"},{\"@type\":\"ListItem\",\"position\":3,\"name\":\"The Witcher 3: Wild Hunt\"}]},{\"@type\":\"WebSite\",\"@id\":\"https:\\\/\\\/enderg.com\\\/#website\",\"url\":\"https:\\\/\\\/enderg.com\\\/\",\"name\":\"EnderG\",\"description\":\"Cheaper Is What We Do!\",\"publisher\":{\"@id\":\"https:\\\/\\\/enderg.com\\\/#organization\"},\"potentialAction\":[{\"@type\":\"SearchAction\",\"target\":{\"@type\":\"EntryPoint\",\"urlTemplate\":\"https:\\\/\\\/enderg.com\\\/?s={search_term_string}\"},\"query-input\":{\"@type\":\"PropertyValueSpecification\",\"valueRequired\":true,\"valueName\":\"search_term_string\"}}],\"inLanguage\":\"lv-LV\"},{\"@type\":\"Organization\",\"@id\":\"https:\\\/\\\/enderg.com\\\/#organization\",\"name\":\"EnderG\",\"url\":\"https:\\\/\\\/enderg.com\\\/\",\"logo\":{\"@type\":\"ImageObject\",\"inLanguage\":\"lv-LV\",\"@id\":\"https:\\\/\\\/enderg.com\\\/#\\\/schema\\\/logo\\\/image\\\/\",\"url\":\"https:\\\/\\\/enderg.com\\\/wp-content\\\/uploads\\\/2023\\\/03\\\/222222222221.png\",\"contentUrl\":\"https:\\\/\\\/enderg.com\\\/wp-content\\\/uploads\\\/2023\\\/03\\\/222222222221.png\",\"width\":512,\"height\":512,\"caption\":\"EnderG\"},\"image\":{\"@id\":\"https:\\\/\\\/enderg.com\\\/#\\\/schema\\\/logo\\\/image\\\/\"},\"sameAs\":[\"https:\\\/\\\/www.facebook.com\\\/Endergg1\\\/\",\"https:\\\/\\\/www.instagram.com\\\/enderg01\",\"https:\\\/\\\/www.youtube.com\\\/@enderg-com\"],\"description\":\"Cheaper Gaming is what we do!\",\"legalName\":\"Vandar Limited\",\"foundingDate\":\"2022-06-21\"}]}<\/script>\n<!-- \/ Yoast SEO Premium plugin. -->","yoast_head_json":{"title":"The Witcher 3: Wild Hunt - EnderG","robots":{"index":"index","follow":"follow","max-snippet":"max-snippet:-1","max-image-preview":"max-image-preview:large","max-video-preview":"max-video-preview:-1"},"canonical":"https:\/\/enderg.com\/lv\/product\/the-witcher-3-wild-hunt\/","og_locale":"lv_LV","og_type":"article","og_title":"The Witcher 3: Wild Hunt","og_description":"Fast Delivery Delivery can take 5 to 20 minutes, according to your place in our queue Your Order will be \u2018Auto Refunded\u2019 in case it does not get delivered after 12 hours! How To Activate 1- Open up a VPN and connect to the server specified in your email after placing your order.&nbsp; 2- Click [&hellip;]","og_url":"https:\/\/enderg.com\/lv\/product\/the-witcher-3-wild-hunt\/","og_site_name":"EnderG","article_publisher":"https:\/\/www.facebook.com\/Endergg1\/","article_modified_time":"2024-06-25T22:35:10+00:00","og_image":[{"width":1024,"height":1024,"url":"https:\/\/enderg.com\/wp-content\/uploads\/2022\/08\/qiMTmGrZfSPfLDbfeLvBUXwEfpcSNQgi.jpg","type":"image\/jpeg"}],"twitter_card":"summary_large_image","twitter_misc":{"Est. reading time":"5 min\u016btes"},"schema":{"@context":"https:\/\/schema.org","@graph":[{"@type":"WebPage","@id":"https:\/\/enderg.com\/product\/the-witcher-3-wild-hunt\/","url":"https:\/\/enderg.com\/product\/the-witcher-3-wild-hunt\/","name":"The Witcher 3: Wild Hunt - EnderG","isPartOf":{"@id":"https:\/\/enderg.com\/#website"},"primaryImageOfPage":{"@id":"https:\/\/enderg.com\/product\/the-witcher-3-wild-hunt\/#primaryimage"},"image":{"@id":"https:\/\/enderg.com\/product\/the-witcher-3-wild-hunt\/#primaryimage"},"thumbnailUrl":"https:\/\/i0.wp.com\/enderg.com\/wp-content\/uploads\/2022\/08\/qiMTmGrZfSPfLDbfeLvBUXwEfpcSNQgi.jpg?fit=1024%2C1024&ssl=1","datePublished":"2022-08-08T18:03:54+00:00","dateModified":"2024-06-25T22:35:10+00:00","breadcrumb":{"@id":"https:\/\/enderg.com\/product\/the-witcher-3-wild-hunt\/#breadcrumb"},"inLanguage":"lv-LV","potentialAction":[{"@type":"ReadAction","target":["https:\/\/enderg.com\/product\/the-witcher-3-wild-hunt\/"]}]},{"@type":"ImageObject","inLanguage":"lv-LV","@id":"https:\/\/enderg.com\/product\/the-witcher-3-wild-hunt\/#primaryimage","url":"https:\/\/i0.wp.com\/enderg.com\/wp-content\/uploads\/2022\/08\/qiMTmGrZfSPfLDbfeLvBUXwEfpcSNQgi.jpg?fit=1024%2C1024&ssl=1","contentUrl":"https:\/\/i0.wp.com\/enderg.com\/wp-content\/uploads\/2022\/08\/qiMTmGrZfSPfLDbfeLvBUXwEfpcSNQgi.jpg?fit=1024%2C1024&ssl=1","width":1024,"height":1024},{"@type":"BreadcrumbList","@id":"https:\/\/enderg.com\/product\/the-witcher-3-wild-hunt\/#breadcrumb","itemListElement":[{"@type":"ListItem","position":1,"name":"Home","item":"https:\/\/enderg.com\/"},{"@type":"ListItem","position":2,"name":"Shop","item":"https:\/\/enderg.com\/shop\/"},{"@type":"ListItem","position":3,"name":"The Witcher 3: Wild Hunt"}]},{"@type":"WebSite","@id":"https:\/\/enderg.com\/#website","url":"https:\/\/enderg.com\/","name":"EnderG","description":"L\u0113t\u0101k ir tas, ko m\u0113s dar\u0101m!","publisher":{"@id":"https:\/\/enderg.com\/#organization"},"potentialAction":[{"@type":"SearchAction","target":{"@type":"EntryPoint","urlTemplate":"https:\/\/enderg.com\/?s={search_term_string}"},"query-input":{"@type":"PropertyValueSpecification","valueRequired":true,"valueName":"search_term_string"}}],"inLanguage":"lv-LV"},{"@type":"Organization","@id":"https:\/\/enderg.com\/#organization","name":"EnderG","url":"https:\/\/enderg.com\/","logo":{"@type":"ImageObject","inLanguage":"lv-LV","@id":"https:\/\/enderg.com\/#\/schema\/logo\/image\/","url":"https:\/\/enderg.com\/wp-content\/uploads\/2023\/03\/222222222221.png","contentUrl":"https:\/\/enderg.com\/wp-content\/uploads\/2023\/03\/222222222221.png","width":512,"height":512,"caption":"EnderG"},"image":{"@id":"https:\/\/enderg.com\/#\/schema\/logo\/image\/"},"sameAs":["https:\/\/www.facebook.com\/Endergg1\/","https:\/\/www.instagram.com\/enderg01","https:\/\/www.youtube.com\/@enderg-com"],"description":"L\u0113t\u0101ka sp\u0113l\u0113\u0161ana ir tas, ko m\u0113s dar\u0101m!","legalName":"Vandar Limited","foundingDate":"2022-06-21"}]}},"jetpack_publicize_connections":[],"jetpack_likes_enabled":true,"jetpack_sharing_enabled":true,"jetpack-related-posts":[],"_links":{"self":[{"href":"https:\/\/enderg.com\/lv\/wp-json\/wp\/v2\/product\/2369","targetHints":{"allow":["GET"]}}],"collection":[{"href":"https:\/\/enderg.com\/lv\/wp-json\/wp\/v2\/product"}],"about":[{"href":"https:\/\/enderg.com\/lv\/wp-json\/wp\/v2\/types\/product"}],"replies":[{"embeddable":true,"href":"https:\/\/enderg.com\/lv\/wp-json\/wp\/v2\/comments?post=2369"}],"version-history":[{"count":17,"href":"https:\/\/enderg.com\/lv\/wp-json\/wp\/v2\/product\/2369\/revisions"}],"predecessor-version":[{"id":8628,"href":"https:\/\/enderg.com\/lv\/wp-json\/wp\/v2\/product\/2369\/revisions\/8628"}],"wp:featuredmedia":[{"embeddable":true,"href":"https:\/\/enderg.com\/lv\/wp-json\/wp\/v2\/media\/3078"}],"wp:attachment":[{"href":"https:\/\/enderg.com\/lv\/wp-json\/wp\/v2\/media?parent=2369"}],"wp:term":[{"taxonomy":"product_brand","embeddable":true,"href":"https:\/\/enderg.com\/lv\/wp-json\/wp\/v2\/product_brand?post=2369"},{"taxonomy":"product_cat","embeddable":true,"href":"https:\/\/enderg.com\/lv\/wp-json\/wp\/v2\/product_cat?post=2369"},{"taxonomy":"product_tag","embeddable":true,"href":"https:\/\/enderg.com\/lv\/wp-json\/wp\/v2\/product_tag?post=2369"}],"curies":[{"name":"wp","href":"https:\/\/api.w.org\/{rel}","templated":true}]}}