{"id":3328,"date":"2022-08-09T00:46:18","date_gmt":"2022-08-08T21:46:18","guid":{"rendered":"https:\/\/enderg.com\/?page_id=3328"},"modified":"2026-01-08T04:42:32","modified_gmt":"2026-01-08T01:42:32","slug":"refund-policy-2","status":"publish","type":"page","link":"https:\/\/enderg.com\/lv\/refund-policy\/","title":{"rendered":"Atmaksas politika"},"content":{"rendered":"<p class=\"wp-block-paragraph\">Digit\u0101lo produktu darb\u012bbas principa d\u0113\u013c m\u0113s nevaram apstr\u0101d\u0101t atmaksu p\u0113c pas\u016bt\u012bjuma veik\u0161anas, ja ieg\u0101d\u0101j\u0101ties <strong>\u2018&quot;Fiziskais produkts&quot;\u2019<\/strong> no mums, kam nepiecie\u0161ama pieg\u0101de, l\u016bdzu, sazinieties ar mums, izmantojot m\u016bsu <a href=\"https:\/\/enderg.com\/contact\/\"><strong>Sazinieties ar mums<\/strong><\/a> lapu, lai m\u0113s var\u0113tu p\u0113c iesp\u0113jas \u0101tr\u0101k atrisin\u0101t j\u016bsu probl\u0113mu. <br><\/p>\n\n\n\n<p class=\"wp-block-paragraph\">Visi pirkumi, kas veikti t\u012bmek\u013ca vietn\u0113s, ir gal\u012bgi. Ieg\u0101d\u0101tie lietot\u0101ju konti nav atgrie\u017eami un nav atmaks\u0101jami. Tom\u0113r, ja lietot\u0101ja konts nedarbojas un ir probl\u0113ma, ko var \u201cATK\u0100RTOT\u201d (REPRODUC\u0112T) ar\u012b m\u016bsu pus\u0113, tikai t\u0101d\u0101 gad\u012bjum\u0101 m\u0113s p\u0113c saviem ieskatiem varam vai nu atmaks\u0101t produkta ieg\u0101des summu, vai ar\u012b aizst\u0101t boj\u0101to produktu ar alternat\u012bvu produktu.<\/p>\n\n\n\n<p class=\"wp-block-paragraph\">Pas\u016bt\u012bjumu nevar veikt, ja vien klients nav piekritis m\u016bsu \u201cNoteikumiem un nosac\u012bjumiem\u201d un \u201cAtmaksas politikai\u201d un nav apstiprin\u0101jis, ka ir izlas\u012bjis un sapratis, k\u0101 darbojas pas\u016bt\u012btais produkts.<\/p>\n\n\n\n<p class=\"wp-block-paragraph\">Beware before purchasing a <strong>\u2018&quot;Digit\u0101lais produkts&quot;\u2019<\/strong> from us! Please always read the &#8216;Descriptions&#8217; &amp; &#8216;More Information&#8217; sections before placing your order in order to fully understand how your product works and can be activated!<\/p>\n\n\n\n<p class=\"wp-block-paragraph\">M\u0113s neuz\u0146emamies atbild\u012bbu par j\u016bsu nolaid\u012bbu un pilno aprakstu neizlas\u012b\u0161anu!<\/p>\n\n\n\n<p class=\"wp-block-paragraph\">Vis\u0101m sp\u0113l\u0113m ir pieejama valodas opcija \u2018ang\u013cu\u2019. Lai ieg\u016btu inform\u0101ciju par pieejam\u012bbu cit\u0101s valod\u0101s, l\u016bdzu, sazinieties ar m\u016bsu tie\u0161saistes t\u0113rz\u0113\u0161anas atbalsta dienestu pirms pirkuma veik\u0161anas. Atmaksas, pamatojoties uz valodas preferenci, tiks izskat\u012btas tikai tad, ja m\u016bsu operatori to iepriek\u0161 apstiprin\u0101s.<\/p>\n\n\n\n<p class=\"wp-block-paragraph\">Ja abonements vai piek\u013cuve sp\u0113lei p\u0101rst\u0101j darboties klienta veikta attiec\u012bg\u0101 pakalpojumu sniedz\u0113ja noteikumu un nosac\u012bjumu p\u0101rk\u0101puma d\u0113\u013c (piem\u0113ram, PlayStation vai Xbox), atmaks\u0101\u0161ana netiks veikta un aizvieto\u0161ana netiks nodro\u0161in\u0101ta.<\/p>\n\n\n\n<p class=\"wp-block-paragraph\">Lai b\u016btu ties\u012bbas sa\u0146emt aizvieto\u0161anu, klientam j\u0101iesniedz der\u012bgs pier\u0101d\u012bjums un atbalsto\u0161i materi\u0101li, kas apliecina, ka probl\u0113ma nav radusies pakalpojumu sniedz\u0113ja noteikumu, politiku vai vadl\u012bniju p\u0101rk\u0101puma d\u0113\u013c. M\u0113s varam piepras\u012bt papildu inform\u0101ciju un paturam ties\u012bbas atteikt aizvieto\u0161anu, ja netiek sniegti pietiekami pier\u0101d\u012bjumi vai ja pakalpojumu sniedz\u0113js nor\u0101da, ka ir noticis p\u0101rk\u0101pums.<\/p>\n\n\n\n<p class=\"wp-block-paragraph\">Klientam ir j\u0101sazin\u0101s ar attiec\u012bgo pakalpojumu sniedz\u0113ju (piem\u0113ram, PlayStation vai Xbox) un j\u0101sa\u0146em ofici\u0101ls apstiprin\u0101jums vai dokument\u0101cija, kur\u0101 nor\u0101d\u012bts jebkuras aptur\u0113\u0161anas, blo\u0137\u0113\u0161anas vai ierobe\u017eojuma iemesls. Aizvieto\u0161ana tiks izskat\u012bta tikai tad, ja \u0161\u012b dokument\u0101cija skaidri nor\u0101da, ka ierobe\u017eojums radies m\u016bsu vainojamas probl\u0113mas d\u0113\u013c.<\/p>\n\n\n\n<p class=\"wp-block-paragraph\">M\u0113s vienm\u0113r cen\u0161amies nodro\u0161in\u0101t saviem klientiem vislab\u0101ko apkalpo\u0161anu. L\u016bdzu, sazinieties ar mums, ja jums ir k\u0101das probl\u0113mas ar m\u016bsu produktiem, izmantojot m\u016bsu soci\u0101los kan\u0101lus vai rakstot uz e-pastu: <em>help@enderg.com<\/em><\/p>\n\n\n\n<p class=\"wp-block-paragraph\"><em>P\u0113d\u0113joreiz atjaunin\u0101ts: 18\/1\/2023<\/em><\/p>","protected":false},"excerpt":{"rendered":"<p>Due to the way digital products work we cannot process refunds once an order has been placed, in case you bought a &#8216;Physical Product&#8217; from us that requires shipping, please reach out to us through our Contact Us page so we can resolve your issue as quickly as possible. All purchases made on websites are [&hellip;]<\/p>\n","protected":false},"author":215024817,"featured_media":0,"parent":0,"menu_order":0,"comment_status":"closed","ping_status":"closed","template":"","meta":{"_crdt_document":"","jetpack_post_was_ever_published":false,"footnotes":""},"class_list":["post-3328","page","type-page","status-publish","hentry"],"yoast_head":"<!-- This site is optimized with the Yoast SEO Premium plugin v27.3 (Yoast SEO v27.3) - https:\/\/yoast.com\/product\/yoast-seo-premium-wordpress\/ -->\n<title>Refund Policy - EnderG<\/title>\n<meta name=\"robots\" content=\"index, follow, max-snippet:-1, max-image-preview:large, max-video-preview:-1\" \/>\n<link rel=\"canonical\" href=\"https:\/\/enderg.com\/lv\/refund-policy-2\/\" \/>\n<meta property=\"og:locale\" content=\"lv_LV\" \/>\n<meta property=\"og:type\" content=\"article\" \/>\n<meta property=\"og:title\" content=\"Refund Policy\" \/>\n<meta property=\"og:description\" content=\"Due to the way digital products work we cannot process refunds once an order has been placed, in case you bought a &#8216;Physical Product&#8217; from us that requires shipping, please reach out to us through our Contact Us page so we can resolve your issue as quickly as possible. All purchases made on websites are [&hellip;]\" \/>\n<meta property=\"og:url\" content=\"https:\/\/enderg.com\/lv\/refund-policy-2\/\" \/>\n<meta property=\"og:site_name\" content=\"EnderG\" \/>\n<meta property=\"article:publisher\" content=\"https:\/\/www.facebook.com\/Endergg1\/\" \/>\n<meta property=\"article:modified_time\" content=\"2026-01-08T01:42:32+00:00\" \/>\n<meta property=\"og:image\" content=\"https:\/\/i0.wp.com\/enderg.com\/wp-content\/uploads\/2023\/01\/cropped-1111111-1.png?fit=470%2C110&ssl=1\" \/>\n\t<meta property=\"og:image:width\" content=\"470\" \/>\n\t<meta property=\"og:image:height\" content=\"110\" \/>\n\t<meta property=\"og:image:type\" content=\"image\/png\" \/>\n<meta name=\"twitter:card\" content=\"summary_large_image\" \/>\n<meta name=\"twitter:label1\" content=\"Est. reading time\" \/>\n\t<meta name=\"twitter:data1\" content=\"2 min\u016btes\" \/>\n<script type=\"application\/ld+json\" class=\"yoast-schema-graph\">{\"@context\":\"https:\\\/\\\/schema.org\",\"@graph\":[{\"@type\":\"WebPage\",\"@id\":\"https:\\\/\\\/enderg.com\\\/refund-policy\\\/\",\"url\":\"https:\\\/\\\/enderg.com\\\/refund-policy\\\/\",\"name\":\"Refund Policy - EnderG\",\"isPartOf\":{\"@id\":\"https:\\\/\\\/enderg.com\\\/#website\"},\"datePublished\":\"2022-08-08T21:46:18+00:00\",\"dateModified\":\"2026-01-08T01:42:32+00:00\",\"breadcrumb\":{\"@id\":\"https:\\\/\\\/enderg.com\\\/refund-policy\\\/#breadcrumb\"},\"inLanguage\":\"lv-LV\",\"potentialAction\":[{\"@type\":\"ReadAction\",\"target\":[\"https:\\\/\\\/enderg.com\\\/refund-policy\\\/\"]}]},{\"@type\":\"BreadcrumbList\",\"@id\":\"https:\\\/\\\/enderg.com\\\/refund-policy\\\/#breadcrumb\",\"itemListElement\":[{\"@type\":\"ListItem\",\"position\":1,\"name\":\"Home\",\"item\":\"https:\\\/\\\/enderg.com\\\/\"},{\"@type\":\"ListItem\",\"position\":2,\"name\":\"Refund Policy\"}]},{\"@type\":\"WebSite\",\"@id\":\"https:\\\/\\\/enderg.com\\\/#website\",\"url\":\"https:\\\/\\\/enderg.com\\\/\",\"name\":\"EnderG\",\"description\":\"Cheaper Is What We Do!\",\"publisher\":{\"@id\":\"https:\\\/\\\/enderg.com\\\/#organization\"},\"potentialAction\":[{\"@type\":\"SearchAction\",\"target\":{\"@type\":\"EntryPoint\",\"urlTemplate\":\"https:\\\/\\\/enderg.com\\\/?s={search_term_string}\"},\"query-input\":{\"@type\":\"PropertyValueSpecification\",\"valueRequired\":true,\"valueName\":\"search_term_string\"}}],\"inLanguage\":\"lv-LV\"},{\"@type\":\"Organization\",\"@id\":\"https:\\\/\\\/enderg.com\\\/#organization\",\"name\":\"EnderG\",\"url\":\"https:\\\/\\\/enderg.com\\\/\",\"logo\":{\"@type\":\"ImageObject\",\"inLanguage\":\"lv-LV\",\"@id\":\"https:\\\/\\\/enderg.com\\\/#\\\/schema\\\/logo\\\/image\\\/\",\"url\":\"https:\\\/\\\/enderg.com\\\/wp-content\\\/uploads\\\/2023\\\/03\\\/222222222221.png\",\"contentUrl\":\"https:\\\/\\\/enderg.com\\\/wp-content\\\/uploads\\\/2023\\\/03\\\/222222222221.png\",\"width\":512,\"height\":512,\"caption\":\"EnderG\"},\"image\":{\"@id\":\"https:\\\/\\\/enderg.com\\\/#\\\/schema\\\/logo\\\/image\\\/\"},\"sameAs\":[\"https:\\\/\\\/www.facebook.com\\\/Endergg1\\\/\",\"https:\\\/\\\/www.instagram.com\\\/enderg01\",\"https:\\\/\\\/www.youtube.com\\\/@enderg-com\"],\"description\":\"Cheaper Gaming is what we do!\",\"legalName\":\"Vandar Limited\",\"foundingDate\":\"2022-06-21\"}]}<\/script>\n<!-- \/ Yoast SEO Premium plugin. -->","yoast_head_json":{"title":"Atmaksas politika \u2014 EnderG","robots":{"index":"index","follow":"follow","max-snippet":"max-snippet:-1","max-image-preview":"max-image-preview:large","max-video-preview":"max-video-preview:-1"},"canonical":"https:\/\/enderg.com\/lv\/refund-policy-2\/","og_locale":"lv_LV","og_type":"article","og_title":"Refund Policy","og_description":"Due to the way digital products work we cannot process refunds once an order has been placed, in case you bought a &#8216;Physical Product&#8217; from us that requires shipping, please reach out to us through our Contact Us page so we can resolve your issue as quickly as possible. All purchases made on websites are [&hellip;]","og_url":"https:\/\/enderg.com\/lv\/refund-policy-2\/","og_site_name":"EnderG","article_publisher":"https:\/\/www.facebook.com\/Endergg1\/","article_modified_time":"2026-01-08T01:42:32+00:00","og_image":[{"width":470,"height":110,"url":"https:\/\/i0.wp.com\/enderg.com\/wp-content\/uploads\/2023\/01\/cropped-1111111-1.png?fit=470%2C110&ssl=1","type":"image\/png"}],"twitter_card":"summary_large_image","twitter_misc":{"Est. reading time":"2 min\u016btes"},"schema":{"@context":"https:\/\/schema.org","@graph":[{"@type":"WebPage","@id":"https:\/\/enderg.com\/refund-policy\/","url":"https:\/\/enderg.com\/refund-policy\/","name":"Atmaksas politika \u2014 EnderG","isPartOf":{"@id":"https:\/\/enderg.com\/#website"},"datePublished":"2022-08-08T21:46:18+00:00","dateModified":"2026-01-08T01:42:32+00:00","breadcrumb":{"@id":"https:\/\/enderg.com\/refund-policy\/#breadcrumb"},"inLanguage":"lv-LV","potentialAction":[{"@type":"ReadAction","target":["https:\/\/enderg.com\/refund-policy\/"]}]},{"@type":"BreadcrumbList","@id":"https:\/\/enderg.com\/refund-policy\/#breadcrumb","itemListElement":[{"@type":"ListItem","position":1,"name":"Home","item":"https:\/\/enderg.com\/"},{"@type":"ListItem","position":2,"name":"Refund Policy"}]},{"@type":"WebSite","@id":"https:\/\/enderg.com\/#website","url":"https:\/\/enderg.com\/","name":"EnderG","description":"L\u0113t\u0101k ir tas, ko m\u0113s dar\u0101m!","publisher":{"@id":"https:\/\/enderg.com\/#organization"},"potentialAction":[{"@type":"SearchAction","target":{"@type":"EntryPoint","urlTemplate":"https:\/\/enderg.com\/?s={search_term_string}"},"query-input":{"@type":"PropertyValueSpecification","valueRequired":true,"valueName":"search_term_string"}}],"inLanguage":"lv-LV"},{"@type":"Organization","@id":"https:\/\/enderg.com\/#organization","name":"EnderG","url":"https:\/\/enderg.com\/","logo":{"@type":"ImageObject","inLanguage":"lv-LV","@id":"https:\/\/enderg.com\/#\/schema\/logo\/image\/","url":"https:\/\/enderg.com\/wp-content\/uploads\/2023\/03\/222222222221.png","contentUrl":"https:\/\/enderg.com\/wp-content\/uploads\/2023\/03\/222222222221.png","width":512,"height":512,"caption":"EnderG"},"image":{"@id":"https:\/\/enderg.com\/#\/schema\/logo\/image\/"},"sameAs":["https:\/\/www.facebook.com\/Endergg1\/","https:\/\/www.instagram.com\/enderg01","https:\/\/www.youtube.com\/@enderg-com"],"description":"L\u0113t\u0101ka sp\u0113l\u0113\u0161ana ir tas, ko m\u0113s dar\u0101m!","legalName":"Vandar Limited","foundingDate":"2022-06-21"}]}},"jetpack_likes_enabled":true,"jetpack_sharing_enabled":true,"jetpack_shortlink":"https:\/\/wp.me\/PeaPXO-RG","jetpack-related-posts":[],"_links":{"self":[{"href":"https:\/\/enderg.com\/lv\/wp-json\/wp\/v2\/pages\/3328","targetHints":{"allow":["GET"]}}],"collection":[{"href":"https:\/\/enderg.com\/lv\/wp-json\/wp\/v2\/pages"}],"about":[{"href":"https:\/\/enderg.com\/lv\/wp-json\/wp\/v2\/types\/page"}],"author":[{"embeddable":true,"href":"https:\/\/enderg.com\/lv\/wp-json\/wp\/v2\/users\/215024817"}],"replies":[{"embeddable":true,"href":"https:\/\/enderg.com\/lv\/wp-json\/wp\/v2\/comments?post=3328"}],"version-history":[{"count":30,"href":"https:\/\/enderg.com\/lv\/wp-json\/wp\/v2\/pages\/3328\/revisions"}],"predecessor-version":[{"id":80931,"href":"https:\/\/enderg.com\/lv\/wp-json\/wp\/v2\/pages\/3328\/revisions\/80931"}],"wp:attachment":[{"href":"https:\/\/enderg.com\/lv\/wp-json\/wp\/v2\/media?parent=3328"}],"curies":[{"name":"wp","href":"https:\/\/api.w.org\/{rel}","templated":true}]}}