{"id":3326,"date":"2022-08-09T00:45:39","date_gmt":"2022-08-08T21:45:39","guid":{"rendered":"https:\/\/enderg.com\/?page_id=3326"},"modified":"2024-04-16T12:39:43","modified_gmt":"2024-04-16T09:39:43","slug":"about-us","status":"publish","type":"page","link":"https:\/\/enderg.com\/lv\/about-us\/","title":{"rendered":"Par mums"},"content":{"rendered":"<p class=\"has-white-color has-text-color wp-block-paragraph\">Laipni l\u016bdzam <strong>EnderG<\/strong>, j\u016bsu univers\u0101lais veikals visam, kas saist\u012bts ar videosp\u0113l\u0113m, s\u0101kot no jauniem un lietotiem videosp\u0113\u013cu diskiem, videosp\u0113\u013cu atsl\u0113g\u0101m l\u012bdz pat ret\u0101m un ierobe\u017eota tir\u0101\u017eas sp\u0113l\u0113m, sp\u0113\u013cu saturam un prec\u0113m.<\/p>\n\n\n\n<p class=\"has-white-color has-text-color wp-block-paragraph\">Ar vair\u0101k nek\u0101 6 gadu pieredzi nozar\u0113, m\u0113s esam \u013coti aizraut\u012bgi par videosp\u0113l\u0113m un cen\u0161amies nodro\u0161in\u0101t saviem klientiem vislab\u0101ko iesp\u0113jamo pieredzi.<\/p>\n\n\n\n<p class=\"has-white-color has-text-color wp-block-paragraph\">Plkst. <strong>EnderG<\/strong>, m\u0113s ticam, ka m\u016bsu misija ir rad\u012bt izcilu sp\u0113\u013cu pieredzi, kas saved kop\u0101 cilv\u0113kus un iededzina vi\u0146u aizrau\u0161anos ar sp\u0113l\u0113m. M\u0113s esam ap\u0146\u0113mu\u0161ies pied\u0101v\u0101t savus produktus un pakalpojumus par konkur\u0113tsp\u0113j\u012bg\u0101m un zem\u0101m cen\u0101m.<\/p>\n\n\n\n<p class=\"has-white-color has-text-color wp-block-paragraph\">M\u0113s ticam, ka sp\u0113l\u0113\u0161ana ir soci\u0101la pieredze, un cen\u0161amies veidot sp\u0113c\u012bgu un iek\u013caujo\u0161u kopienu ap produktiem un pakalpojumiem, ko pied\u0101v\u0101jam.<\/p>\n\n\n\n<p class=\"has-white-color has-text-color wp-block-paragraph\">M\u0113s saprotam, ka j\u016bsu laiks ir v\u0113rt\u012bgs, t\u0101p\u0113c cen\u0161amies nodro\u0161in\u0101t izcilu klientu apkalpo\u0161anu un efekt\u012bvus risin\u0101jumus, lai apmierin\u0101tu j\u016bsu vajadz\u012bbas. M\u016bsu komanda ir pieejama no plkst. <strong><em>no plkst. 9:00 l\u012bdz 23:59 p\u0113c Grini\u010das laika<\/em><\/strong> visu ned\u0113\u013cu, izmantojot e-pastu\u2018 <em>help@enderg.com<\/em>, lai atbild\u0113tu uz visiem j\u016bsu jaut\u0101jumiem un sniegtu jums jebk\u0101du pal\u012bdz\u012bbu<\/p>\n\n\n\n<p class=\"wp-block-paragraph\">Varat ar\u012b apmekl\u0113t m\u016bsu <a href=\"https:\/\/enderg.com\/frequently-asked-questions\/\" target=\"_blank\" rel=\"noopener\" title=\"Bie\u017ei uzdotie jaut\u0101jumi\">Bie\u017ei uzdoto jaut\u0101jumu lapa<\/a> lai atrastu atbildes uz da\u017eiem no visbie\u017e\u0101k uzdotajiem jaut\u0101jumiem par m\u016bsu produktiem.<\/p>\n\n\n\n<p class=\"has-white-color has-text-color wp-block-paragraph\">Paldies, ka izv\u0113l\u0113j\u0101ties <strong>EnderG <\/strong>un m\u0113s ceram j\u016bs apkalpot. S\u0101kam sp\u0113li!<\/p>","protected":false},"excerpt":{"rendered":"<p>Welcome to EnderG, your one stop shop for anything Video Gaming Related, From new &amp; used Video Game Discs, Video Game keys, All the way to Rare &amp; Limited edition Games, in- game contents and Merchandise. with over 6 years of experience in the industry, We super are passionate about Video Games and strive to [&hellip;]<\/p>\n","protected":false},"author":215024817,"featured_media":0,"parent":0,"menu_order":0,"comment_status":"closed","ping_status":"closed","template":"","meta":{"_crdt_document":"","jetpack_post_was_ever_published":true,"footnotes":""},"class_list":["post-3326","page","type-page","status-publish","hentry"],"yoast_head":"<!-- This site is optimized with the Yoast SEO Premium plugin v27.3 (Yoast SEO v27.3) - https:\/\/yoast.com\/product\/yoast-seo-premium-wordpress\/ -->\n<title>About Us - EnderG<\/title>\n<meta name=\"robots\" content=\"index, follow, max-snippet:-1, max-image-preview:large, max-video-preview:-1\" \/>\n<link rel=\"canonical\" href=\"http:\/\/enderg.com\/lv\/about-us\/\" \/>\n<meta property=\"og:locale\" content=\"lv_LV\" \/>\n<meta property=\"og:type\" content=\"article\" \/>\n<meta property=\"og:title\" content=\"About Us\" \/>\n<meta property=\"og:description\" content=\"Welcome to EnderG, your one stop shop for anything Video Gaming Related, From new &amp; used Video Game Discs, Video Game keys, All the way to Rare &amp; Limited edition Games, in- game contents and Merchandise. with over 6 years of experience in the industry, We super are passionate about Video Games and strive to [&hellip;]\" \/>\n<meta property=\"og:url\" content=\"http:\/\/enderg.com\/lv\/about-us\/\" \/>\n<meta property=\"og:site_name\" content=\"EnderG\" \/>\n<meta property=\"article:publisher\" content=\"https:\/\/www.facebook.com\/Endergg1\/\" \/>\n<meta property=\"article:modified_time\" content=\"2024-04-16T09:39:43+00:00\" \/>\n<meta property=\"og:image\" content=\"https:\/\/i0.wp.com\/enderg.com\/wp-content\/uploads\/2023\/01\/cropped-1111111-1.png?fit=470%2C110&ssl=1\" \/>\n\t<meta property=\"og:image:width\" content=\"470\" \/>\n\t<meta property=\"og:image:height\" content=\"110\" \/>\n\t<meta property=\"og:image:type\" content=\"image\/png\" \/>\n<meta name=\"twitter:card\" content=\"summary_large_image\" \/>\n<meta name=\"twitter:label1\" content=\"Est. reading time\" \/>\n\t<meta name=\"twitter:data1\" content=\"1 min\u016bte\" \/>\n<script type=\"application\/ld+json\" class=\"yoast-schema-graph\">{\"@context\":\"https:\\\/\\\/schema.org\",\"@graph\":[{\"@type\":\"WebPage\",\"@id\":\"http:\\\/\\\/enderg.com\\\/about-us\\\/\",\"url\":\"http:\\\/\\\/enderg.com\\\/about-us\\\/\",\"name\":\"About Us - EnderG\",\"isPartOf\":{\"@id\":\"https:\\\/\\\/enderg.com\\\/#website\"},\"datePublished\":\"2022-08-08T21:45:39+00:00\",\"dateModified\":\"2024-04-16T09:39:43+00:00\",\"breadcrumb\":{\"@id\":\"http:\\\/\\\/enderg.com\\\/about-us\\\/#breadcrumb\"},\"inLanguage\":\"lv-LV\",\"potentialAction\":[{\"@type\":\"ReadAction\",\"target\":[\"http:\\\/\\\/enderg.com\\\/about-us\\\/\"]}]},{\"@type\":\"BreadcrumbList\",\"@id\":\"http:\\\/\\\/enderg.com\\\/about-us\\\/#breadcrumb\",\"itemListElement\":[{\"@type\":\"ListItem\",\"position\":1,\"name\":\"Home\",\"item\":\"https:\\\/\\\/enderg.com\\\/\"},{\"@type\":\"ListItem\",\"position\":2,\"name\":\"About Us\"}]},{\"@type\":\"WebSite\",\"@id\":\"https:\\\/\\\/enderg.com\\\/#website\",\"url\":\"https:\\\/\\\/enderg.com\\\/\",\"name\":\"EnderG\",\"description\":\"Cheaper Is What We Do!\",\"publisher\":{\"@id\":\"https:\\\/\\\/enderg.com\\\/#organization\"},\"potentialAction\":[{\"@type\":\"SearchAction\",\"target\":{\"@type\":\"EntryPoint\",\"urlTemplate\":\"https:\\\/\\\/enderg.com\\\/?s={search_term_string}\"},\"query-input\":{\"@type\":\"PropertyValueSpecification\",\"valueRequired\":true,\"valueName\":\"search_term_string\"}}],\"inLanguage\":\"lv-LV\"},{\"@type\":\"Organization\",\"@id\":\"https:\\\/\\\/enderg.com\\\/#organization\",\"name\":\"EnderG\",\"url\":\"https:\\\/\\\/enderg.com\\\/\",\"logo\":{\"@type\":\"ImageObject\",\"inLanguage\":\"lv-LV\",\"@id\":\"https:\\\/\\\/enderg.com\\\/#\\\/schema\\\/logo\\\/image\\\/\",\"url\":\"https:\\\/\\\/enderg.com\\\/wp-content\\\/uploads\\\/2023\\\/03\\\/222222222221.png\",\"contentUrl\":\"https:\\\/\\\/enderg.com\\\/wp-content\\\/uploads\\\/2023\\\/03\\\/222222222221.png\",\"width\":512,\"height\":512,\"caption\":\"EnderG\"},\"image\":{\"@id\":\"https:\\\/\\\/enderg.com\\\/#\\\/schema\\\/logo\\\/image\\\/\"},\"sameAs\":[\"https:\\\/\\\/www.facebook.com\\\/Endergg1\\\/\",\"https:\\\/\\\/www.instagram.com\\\/enderg01\",\"https:\\\/\\\/www.youtube.com\\\/@enderg-com\"],\"description\":\"Cheaper Gaming is what we do!\",\"legalName\":\"Vandar Limited\",\"foundingDate\":\"2022-06-21\"}]}<\/script>\n<!-- \/ Yoast SEO Premium plugin. -->","yoast_head_json":{"title":"Par mums - EnderG","robots":{"index":"index","follow":"follow","max-snippet":"max-snippet:-1","max-image-preview":"max-image-preview:large","max-video-preview":"max-video-preview:-1"},"canonical":"http:\/\/enderg.com\/lv\/about-us\/","og_locale":"lv_LV","og_type":"article","og_title":"About Us","og_description":"Welcome to EnderG, your one stop shop for anything Video Gaming Related, From new &amp; used Video Game Discs, Video Game keys, All the way to Rare &amp; Limited edition Games, in- game contents and Merchandise. with over 6 years of experience in the industry, We super are passionate about Video Games and strive to [&hellip;]","og_url":"http:\/\/enderg.com\/lv\/about-us\/","og_site_name":"EnderG","article_publisher":"https:\/\/www.facebook.com\/Endergg1\/","article_modified_time":"2024-04-16T09:39:43+00:00","og_image":[{"width":470,"height":110,"url":"https:\/\/i0.wp.com\/enderg.com\/wp-content\/uploads\/2023\/01\/cropped-1111111-1.png?fit=470%2C110&ssl=1","type":"image\/png"}],"twitter_card":"summary_large_image","twitter_misc":{"Est. reading time":"1 min\u016bte"},"schema":{"@context":"https:\/\/schema.org","@graph":[{"@type":"WebPage","@id":"http:\/\/enderg.com\/about-us\/","url":"http:\/\/enderg.com\/about-us\/","name":"Par mums - EnderG","isPartOf":{"@id":"https:\/\/enderg.com\/#website"},"datePublished":"2022-08-08T21:45:39+00:00","dateModified":"2024-04-16T09:39:43+00:00","breadcrumb":{"@id":"http:\/\/enderg.com\/about-us\/#breadcrumb"},"inLanguage":"lv-LV","potentialAction":[{"@type":"ReadAction","target":["http:\/\/enderg.com\/about-us\/"]}]},{"@type":"BreadcrumbList","@id":"http:\/\/enderg.com\/about-us\/#breadcrumb","itemListElement":[{"@type":"ListItem","position":1,"name":"Home","item":"https:\/\/enderg.com\/"},{"@type":"ListItem","position":2,"name":"About Us"}]},{"@type":"WebSite","@id":"https:\/\/enderg.com\/#website","url":"https:\/\/enderg.com\/","name":"EnderG","description":"L\u0113t\u0101k ir tas, ko m\u0113s dar\u0101m!","publisher":{"@id":"https:\/\/enderg.com\/#organization"},"potentialAction":[{"@type":"SearchAction","target":{"@type":"EntryPoint","urlTemplate":"https:\/\/enderg.com\/?s={search_term_string}"},"query-input":{"@type":"PropertyValueSpecification","valueRequired":true,"valueName":"search_term_string"}}],"inLanguage":"lv-LV"},{"@type":"Organization","@id":"https:\/\/enderg.com\/#organization","name":"EnderG","url":"https:\/\/enderg.com\/","logo":{"@type":"ImageObject","inLanguage":"lv-LV","@id":"https:\/\/enderg.com\/#\/schema\/logo\/image\/","url":"https:\/\/enderg.com\/wp-content\/uploads\/2023\/03\/222222222221.png","contentUrl":"https:\/\/enderg.com\/wp-content\/uploads\/2023\/03\/222222222221.png","width":512,"height":512,"caption":"EnderG"},"image":{"@id":"https:\/\/enderg.com\/#\/schema\/logo\/image\/"},"sameAs":["https:\/\/www.facebook.com\/Endergg1\/","https:\/\/www.instagram.com\/enderg01","https:\/\/www.youtube.com\/@enderg-com"],"description":"L\u0113t\u0101ka sp\u0113l\u0113\u0161ana ir tas, ko m\u0113s dar\u0101m!","legalName":"Vandar Limited","foundingDate":"2022-06-21"}]}},"jetpack_likes_enabled":true,"jetpack_sharing_enabled":true,"jetpack_shortlink":"https:\/\/wp.me\/PeaPXO-RE","jetpack-related-posts":[{"id":6226,"url":"https:\/\/enderg.com\/lv\/ps-plus\/","url_meta":{"origin":3326,"position":0},"title":"Playstation Plus Xbox Game Pass\u2026","author":"nazhad722","date":"25\/03\/2023","format":false,"excerpt":"Playstation Plus Xbox Game Pass Playstation Plus PlayStation\u2019s PS Plus subscription is tiered into three distinct levels to cater to different gaming needs. PlayStation Plus Essential Tier \u2013 for online battles and member discounts The Essential tier offers a solid foundation, including monthly free games, online multiplayer access, and exclusive\u2026","rel":"","context":"Similar post","block_context":{"text":"Similar post","link":""},"img":{"alt_text":"","src":"","width":0,"height":0},"classes":[]},{"id":71906,"url":"https:\/\/enderg.com\/lv\/in-game-currencies\/","url_meta":{"origin":3326,"position":1},"title":"IN-GAME CURRENCIES","author":"nazhad722","date":"12\/11\/2025","format":false,"excerpt":"Products by Category","rel":"","context":"Similar post","block_context":{"text":"Similar post","link":""},"img":{"alt_text":"","src":"","width":0,"height":0},"classes":[]},{"id":17,"url":"https:\/\/enderg.com\/lv\/","url_meta":{"origin":3326,"position":2},"title":"PLAYSTATION PLUS XBOX GAME PASS\u2026","author":"H722","date":"05\/08\/2022","format":false,"excerpt":"PLAYSTATION PLUS XBOX GAME PASS BEST SELLING GAMES VIEW ALL MISCELLANEOUS","rel":"","context":"Similar post","block_context":{"text":"Similar post","link":""},"img":{"alt_text":"","src":"","width":0,"height":0},"classes":[]},{"id":11051,"url":"https:\/\/enderg.com\/lv\/playstation-plus\/","url_meta":{"origin":3326,"position":3},"title":"PlayStation Plus abon\u0113\u0161anas pl\u0101ni","author":"nazhad722","date":"21\/09\/2023","format":false,"excerpt":"Explore all PlayStation Plus subscriptions and compare PS Plus plans & games across the Essential, Extra, and Premium memberships. Here\u2019s a summary of verified TrustPilot reviews from our customers: \"Reviewers had a great experience with this company. Customers are pleased with the company's service, highlighting the speed and efficiency of\u2026","rel":"","context":"Similar post","block_context":{"text":"Similar post","link":""},"img":{"alt_text":"Buy Cheap Playstation Plus","src":"https:\/\/i0.wp.com\/enderg.com\/wp-content\/uploads\/2025\/11\/Add-a-heading-2.png?resize=350%2C200&ssl=1","width":350,"height":200,"srcset":"https:\/\/i0.wp.com\/enderg.com\/wp-content\/uploads\/2025\/11\/Add-a-heading-2.png?resize=350%2C200&ssl=1 1x, https:\/\/i0.wp.com\/enderg.com\/wp-content\/uploads\/2025\/11\/Add-a-heading-2.png?resize=525%2C300&ssl=1 1.5x, https:\/\/i0.wp.com\/enderg.com\/wp-content\/uploads\/2025\/11\/Add-a-heading-2.png?resize=700%2C400&ssl=1 2x, https:\/\/i0.wp.com\/enderg.com\/wp-content\/uploads\/2025\/11\/Add-a-heading-2.png?resize=1050%2C600&ssl=1 3x"},"classes":[]},{"id":4535,"url":"https:\/\/enderg.com\/lv\/xbox-game-pass\/","url_meta":{"origin":3326,"position":4},"title":"Xbox Game Pass abon\u0113\u0161anas pl\u0101ni","author":"H722","date":"19\/08\/2022","format":false,"excerpt":"Discover all Xbox Game Pass subscriptions in one place. Compare Xbox Game Pass plans including Ultimate, Essential, and PC options. These memberships offer different benefits depending on your gaming needs. Below you\u2019ll find a clear Xbox Game Pass comparison. Here\u2019s a summary of verified TrustPilot reviews from our customers: \"Reviewers\u2026","rel":"","context":"Similar post","block_context":{"text":"Similar post","link":""},"img":{"alt_text":"xbox game pass","src":"https:\/\/i0.wp.com\/enderg.com\/wp-content\/uploads\/2025\/11\/xbox-game-passs-2.png?resize=350%2C200&ssl=1","width":350,"height":200,"srcset":"https:\/\/i0.wp.com\/enderg.com\/wp-content\/uploads\/2025\/11\/xbox-game-passs-2.png?resize=350%2C200&ssl=1 1x, https:\/\/i0.wp.com\/enderg.com\/wp-content\/uploads\/2025\/11\/xbox-game-passs-2.png?resize=525%2C300&ssl=1 1.5x, https:\/\/i0.wp.com\/enderg.com\/wp-content\/uploads\/2025\/11\/xbox-game-passs-2.png?resize=700%2C400&ssl=1 2x, https:\/\/i0.wp.com\/enderg.com\/wp-content\/uploads\/2025\/11\/xbox-game-passs-2.png?resize=1050%2C600&ssl=1 3x"},"classes":[]},{"id":91229,"url":"https:\/\/enderg.com\/lv\/xbox-game-pass-xbox-games-activation-2\/","url_meta":{"origin":3326,"position":5},"title":"Xbox Game Pass un Xbox sp\u0113\u013cu aktiviz\u0113\u0161ana (otr\u0101 konsole)","author":"p72247h","date":"24\/02\/2026","format":false,"excerpt":"NOTICE: The purpose of adding the account is to activate the subscription across all accounts on your console! Please do NOT play games on the provided account and instead only play on you 'Personal Account\" only, we will not be responsible in case you lose any of your game progression.\u2026","rel":"","context":"Similar post","block_context":{"text":"Similar post","link":""},"img":{"alt_text":"","src":"https:\/\/i0.wp.com\/enderg.com\/wp-content\/uploads\/2026\/02\/image-11.png?resize=350%2C200&ssl=1","width":350,"height":200,"srcset":"https:\/\/i0.wp.com\/enderg.com\/wp-content\/uploads\/2026\/02\/image-11.png?resize=350%2C200&ssl=1 1x, https:\/\/i0.wp.com\/enderg.com\/wp-content\/uploads\/2026\/02\/image-11.png?resize=525%2C300&ssl=1 1.5x, https:\/\/i0.wp.com\/enderg.com\/wp-content\/uploads\/2026\/02\/image-11.png?resize=700%2C400&ssl=1 2x"},"classes":[]}],"_links":{"self":[{"href":"https:\/\/enderg.com\/lv\/wp-json\/wp\/v2\/pages\/3326","targetHints":{"allow":["GET"]}}],"collection":[{"href":"https:\/\/enderg.com\/lv\/wp-json\/wp\/v2\/pages"}],"about":[{"href":"https:\/\/enderg.com\/lv\/wp-json\/wp\/v2\/types\/page"}],"author":[{"embeddable":true,"href":"https:\/\/enderg.com\/lv\/wp-json\/wp\/v2\/users\/215024817"}],"replies":[{"embeddable":true,"href":"https:\/\/enderg.com\/lv\/wp-json\/wp\/v2\/comments?post=3326"}],"version-history":[{"count":22,"href":"https:\/\/enderg.com\/lv\/wp-json\/wp\/v2\/pages\/3326\/revisions"}],"predecessor-version":[{"id":17731,"href":"https:\/\/enderg.com\/lv\/wp-json\/wp\/v2\/pages\/3326\/revisions\/17731"}],"wp:attachment":[{"href":"https:\/\/enderg.com\/lv\/wp-json\/wp\/v2\/media?parent=3326"}],"curies":[{"name":"wp","href":"https:\/\/api.w.org\/{rel}","templated":true}]}}