{"id":93727,"date":"2026-03-15T02:32:53","date_gmt":"2026-03-14T23:32:53","guid":{"rendered":"https:\/\/enderg.com\/?post_type=product&#038;p=93727"},"modified":"2026-03-15T02:55:16","modified_gmt":"2026-03-14T23:55:16","slug":"grand-theft-auto-v","status":"publish","type":"product","link":"https:\/\/enderg.com\/lt\/product\/grand-theft-auto-v\/","title":{"rendered":"Grand Theft Auto V"},"content":{"rendered":"<div data-elementor-type=\"wp-post\" data-elementor-id=\"93727\" class=\"elementor elementor-93727\" data-elementor-post-type=\"product\">\n\t\t\t\t\t\t<section class=\"elementor-section elementor-top-section elementor-element elementor-element-a3c892f elementor-section-boxed elementor-section-height-default elementor-section-height-default\" data-id=\"a3c892f\" data-element_type=\"section\" data-e-type=\"section\">\n\t\t\t\t\t\t<div class=\"elementor-container elementor-column-gap-default\">\n\t\t\t\t\t<div class=\"elementor-column elementor-col-100 elementor-top-column elementor-element elementor-element-8258de6\" data-id=\"8258de6\" data-element_type=\"column\" data-e-type=\"column\">\n\t\t\t<div class=\"elementor-widget-wrap elementor-element-populated\">\n\t\t\t\t\t\t<div class=\"elementor-element elementor-element-e12ce32 elementor-widget elementor-widget-text-editor\" data-id=\"e12ce32\" data-element_type=\"widget\" data-e-type=\"widget\" data-widget_type=\"text-editor.default\">\n\t\t\t\t<div class=\"elementor-widget-container\">\n\t\t\t\t\t\t\t\t\t<p>Get Grand theft auto V at the Best and Cheapest Price on the market right now.<\/p>\t\t\t\t\t\t\t\t<\/div>\n\t\t\t\t<\/div>\n\t\t\t\t\t<\/div>\n\t\t<\/div>\n\t\t\t\t\t<\/div>\n\t\t<\/section>\n\t\t\t\t<section class=\"elementor-section elementor-top-section elementor-element elementor-element-5463f7c8 elementor-section-boxed elementor-section-height-default elementor-section-height-default\" data-id=\"5463f7c8\" data-element_type=\"section\" data-e-type=\"section\">\n\t\t\t\t\t\t<div class=\"elementor-container elementor-column-gap-default\">\n\t\t\t\t\t<div class=\"elementor-column elementor-col-100 elementor-top-column elementor-element elementor-element-7e4af85e\" data-id=\"7e4af85e\" data-element_type=\"column\" data-e-type=\"column\">\n\t\t\t<div class=\"elementor-widget-wrap elementor-element-populated\">\n\t\t\t\t\t\t<div class=\"elementor-element elementor-element-46a2a55 elementor-widget elementor-widget-accordion\" data-id=\"46a2a55\" data-element_type=\"widget\" data-e-type=\"widget\" data-widget_type=\"accordion.default\">\n\t\t\t\t<div class=\"elementor-widget-container\">\n\t\t\t\t\t\t\t<div class=\"elementor-accordion\">\n\t\t\t\t\t\t\t<div class=\"elementor-accordion-item\">\n\t\t\t\t\t<h4 id=\"elementor-tab-title-7401\" class=\"elementor-tab-title\" data-tab=\"1\" role=\"button\" aria-controls=\"elementor-tab-content-7401\" aria-expanded=\"false\">\n\t\t\t\t\t\t\t\t\t\t\t\t\t<span class=\"elementor-accordion-icon elementor-accordion-icon-left\" aria-hidden=\"true\">\n\t\t\t\t\t\t\t\t\t\t\t\t\t\t\t<span class=\"elementor-accordion-icon-closed\"><i class=\"fab fa-xbox\"><\/i><\/span>\n\t\t\t\t\t\t\t\t<span class=\"elementor-accordion-icon-opened\"><i class=\"fab fa-xbox\"><\/i><\/span>\n\t\t\t\t\t\t\t\t\t\t\t\t\t\t<\/span>\n\t\t\t\t\t\t\t\t\t\t\t\t<a class=\"elementor-accordion-title\" tabindex=\"0\">Xbox + Windows<\/a>\n\t\t\t\t\t<\/h4>\n\t\t\t\t\t<div id=\"elementor-tab-content-7401\" class=\"elementor-tab-content elementor-clearfix\" data-tab=\"1\" role=\"region\" aria-labelledby=\"elementor-tab-title-7401\"><p>Veikia j\u016bs\u0173 asmenin\u0117je paskyroje visame pasaulyje be joki\u0173 apribojim\u0173.<\/p><p>Asmenin\u0117je paskyroje tradicinio kodo i\u0161pirkti negalima, jis veikia aktyvuojant nauj\u0105 profil\u012f.<\/p><\/div>\n\t\t\t\t<\/div>\n\t\t\t\t\t\t\t\t<\/div>\n\t\t\t\t\t\t<\/div>\n\t\t\t\t<\/div>\n\t\t\t\t<div class=\"elementor-element elementor-element-73a6d231 elementor-widget elementor-widget-accordion\" data-id=\"73a6d231\" data-element_type=\"widget\" data-e-type=\"widget\" data-widget_type=\"accordion.default\">\n\t\t\t\t<div class=\"elementor-widget-container\">\n\t\t\t\t\t\t\t<div class=\"elementor-accordion\">\n\t\t\t\t\t\t\t<div class=\"elementor-accordion-item\">\n\t\t\t\t\t<h4 id=\"elementor-tab-title-1941\" class=\"elementor-tab-title\" data-tab=\"1\" role=\"button\" aria-controls=\"elementor-tab-content-1941\" aria-expanded=\"false\">\n\t\t\t\t\t\t\t\t\t\t\t\t\t<span class=\"elementor-accordion-icon elementor-accordion-icon-left\" aria-hidden=\"true\">\n\t\t\t\t\t\t\t\t\t\t\t\t\t\t\t<span class=\"elementor-accordion-icon-closed\"><i class=\"fab fa-steam\"><\/i><\/span>\n\t\t\t\t\t\t\t\t<span class=\"elementor-accordion-icon-opened\"><i class=\"fab fa-steam\"><\/i><\/span>\n\t\t\t\t\t\t\t\t\t\t\t\t\t\t<\/span>\n\t\t\t\t\t\t\t\t\t\t\t\t<a class=\"elementor-accordion-title\" tabindex=\"0\">Steam<\/a>\n\t\t\t\t\t<\/h4>\n\t\t\t\t\t<div id=\"elementor-tab-content-1941\" class=\"elementor-tab-content elementor-clearfix\" data-tab=\"1\" role=\"region\" aria-labelledby=\"elementor-tab-title-1941\"><p>\u201eSteam\u201c platformoje \u0161is \u017eaidimas veiks konkre\u010diai su nauju profiliu, kur\u012f atsi\u0173sime!<\/p><p>Negal\u0117site i\u0161pirkti joki\u0173 kod\u0173 ir \u017eaisti \u017eaidimo internetu!<\/p><\/div>\n\t\t\t\t<\/div>\n\t\t\t\t\t\t\t\t<\/div>\n\t\t\t\t\t\t<\/div>\n\t\t\t\t<\/div>\n\t\t\t\t<div class=\"elementor-element elementor-element-67f5532 elementor-widget elementor-widget-accordion\" data-id=\"67f5532\" data-element_type=\"widget\" data-e-type=\"widget\" data-widget_type=\"accordion.default\">\n\t\t\t\t<div class=\"elementor-widget-container\">\n\t\t\t\t\t\t\t<div class=\"elementor-accordion\">\n\t\t\t\t\t\t\t<div class=\"elementor-accordion-item\">\n\t\t\t\t\t<h4 id=\"elementor-tab-title-1091\" class=\"elementor-tab-title translation-block\" data-tab=\"1\" role=\"button\" aria-controls=\"elementor-tab-content-1091\" aria-expanded=\"false\">PlayStation<\/h4>\n\t\t\t\t\t<div id=\"elementor-tab-content-1091\" class=\"elementor-tab-content elementor-clearfix\" data-tab=\"1\" role=\"region\" aria-labelledby=\"elementor-tab-title-1091\"><p>Veikia j\u016bs\u0173 asmenin\u0117je paskyroje visame pasaulyje be joki\u0173 apribojim\u0173.<\/p><p>Asmenin\u0117je paskyroje tradicinio kodo i\u0161pirkti negalima, jis veikia aktyvuojant nauj\u0105 profil\u012f.<\/p><dl class=\"psw-l-grid psw-fill-x psw-m-y-0\" data-qa=\"gameInfo#releaseInformation\"><dt class=\"psw-p-l-6 psw-p-l-0@tablet-s psw-l-w-1\/2 psw-l-w-1\/6@tablet-s psw-l-w-1\/6@tablet-l psw-l-w-1\/24@laptop psw-l-w-1\/12@desktop psw-l-w-1\/12@max\" data-qa=\"gameInfo#releaseInformation#voice-key\">Balsas:<\/dt><dd class=\"psw-p-r-6 psw-p-r-0@tablet-s psw-t-bold psw-l-w-1\/2 psw-l-w-1\/6@tablet-s psw-l-w-1\/6@tablet-l psw-l-w-1\/8@laptop psw-l-w-1\/6@desktop psw-l-w-1\/6@max\" data-qa=\"gameInfo#releaseInformation#voice-value\">Angl\u0173<\/dd><dt class=\"psw-p-l-6 psw-p-l-0@tablet-s psw-l-w-1\/2 psw-l-w-1\/6@tablet-s psw-l-w-1\/6@tablet-l psw-l-w-1\/24@laptop psw-l-w-1\/12@desktop psw-l-w-1\/12@max\" data-qa=\"gameInfo#releaseInformation#subtitles-key\">Screen Languages:<\/dt><dd class=\"psw-p-r-6 psw-p-r-0@tablet-s psw-t-bold psw-l-w-1\/2 psw-l-w-1\/6@tablet-s psw-l-w-1\/6@tablet-l psw-l-w-1\/8@laptop psw-l-w-1\/6@desktop psw-l-w-1\/6@max\" data-qa=\"gameInfo#releaseInformation#subtitles-value\">Chinese (Simplified), Chinese (Traditional), English, French (France), German, Italian, Korean, Polish, Portuguese (Brazil), Russian, Spanish, Spanish (Mexico)<\/dd><\/dl><\/div>\n\t\t\t\t<\/div>\n\t\t\t\t\t\t\t\t<\/div>\n\t\t\t\t\t\t<\/div>\n\t\t\t\t<\/div>\n\t\t\t\t\t<\/div>\n\t\t<\/div>\n\t\t\t\t\t<\/div>\n\t\t<\/section>\n\t\t\t\t<section class=\"elementor-section elementor-top-section elementor-element elementor-element-2463e66 elementor-section-boxed elementor-section-height-default elementor-section-height-default\" data-id=\"2463e66\" data-element_type=\"section\" data-e-type=\"section\">\n\t\t\t\t\t\t<div class=\"elementor-container elementor-column-gap-default\">\n\t\t\t\t\t<div class=\"elementor-column elementor-col-100 elementor-top-column elementor-element elementor-element-d6486a2\" data-id=\"d6486a2\" data-element_type=\"column\" data-e-type=\"column\">\n\t\t\t<div class=\"elementor-widget-wrap elementor-element-populated\">\n\t\t\t\t\t\t<div class=\"elementor-element elementor-element-a763519 elementor-widget elementor-widget-text-editor\" data-id=\"a763519\" data-element_type=\"widget\" data-e-type=\"widget\" data-widget_type=\"text-editor.default\">\n\t\t\t\t<div class=\"elementor-widget-container\">\n\t\t\t\t\t\t\t\t\t<div class=\"contentgrid\"><div class=\"content-grid layout__2--a\"><div class=\"box\"><div class=\"body-title-block\"><div class=\"txt-block-title txt-block-title--large txt-block-title--legibility text-align@mobile--left text-align@tablet-large--left text-align@desktop--left mt@mobile--none mb-ls@mobile--neg-xs mt@tablet--none mb-ls@tablet--neg-xs mt@desktop--none mb-ls@desktop--neg-xs accessory-icon--horizontal\"><h4 style=\"text-align: center;\"><strong style=\"font-size: 1.41575em;\">APIE \u0160\u012e \u017dAIDIM\u0104<\/strong><\/h4><p>The Grand Theft Auto V: includes the complete Grand Theft Auto V story experience, free access to the ever evolving Grand Theft Auto Online\u00a0<\/p><p><strong>GRAND THEFT AUTO V<\/strong><br \/>When a young street hustler, a retired bank robber and a terrifying psychopath land themselves in trouble, they must pull off a series of dangerous heists to survive in a city in which they can trust nobody, least of all each other.<\/p><p><strong>GRAND THEFT AUTO ONLINE<\/strong><br \/>Discover an ever-evolving world of choices and ways to play as you climb the criminal ranks of Los Santos and Blaine County in the ultimate shared Online experience.<\/p><p><strong>LAUNCH YOUR CRIMINAL EMPIRE<\/strong><br \/>Launch business ventures from your Maze Bank West Executive Office, research powerful weapons technology from your underground Gunrunning Bunker and use your Counterfeit Cash Factory to start a lucrative counterfeiting operation.<\/p><p>\u00a0<\/p><\/div><\/div><\/div><\/div><\/div>\t\t\t\t\t\t\t\t<\/div>\n\t\t\t\t<\/div>\n\t\t\t\t\t<\/div>\n\t\t<\/div>\n\t\t\t\t\t<\/div>\n\t\t<\/section>\n\t\t\t\t<\/div>","protected":false},"excerpt":{"rendered":"<p>Get Grand theft auto V at the Best and Cheapest Price on the market right now. Xbox + Windows Works on your personal account globally without any restrictions. You do not redeem any traditional code on your personal account, instead it works through primary activation of a new profile Steam For Steam this game will [&hellip;]<\/p>\n","protected":false},"featured_media":1026,"comment_status":"closed","ping_status":"closed","template":"","meta":{"_crdt_document":"","jetpack_post_was_ever_published":false,"jetpack_publicize_message":"","jetpack_publicize_feature_enabled":true,"jetpack_social_post_already_shared":true,"jetpack_social_options":{"image_generator_settings":{"template":"highway","default_image_id":0,"font":"","enabled":false},"version":2},"_wpas_customize_per_network":false},"product_brand":[],"product_cat":[1375,1377,1374],"product_tag":[],"class_list":{"0":"post-93727","1":"product","2":"type-product","3":"status-publish","4":"has-post-thumbnail","6":"product_cat-pc","7":"product_cat-playstation","8":"product_cat-xbox","10":"first","11":"instock","12":"sale","13":"taxable","14":"shipping-taxable","15":"purchasable","16":"product-type-variable","17":"has-default-attributes"},"yoast_head":"<!-- This site is optimized with the Yoast SEO Premium plugin v27.3 (Yoast SEO v27.3) - https:\/\/yoast.com\/product\/yoast-seo-premium-wordpress\/ -->\n<title>Grand Theft Auto V - EnderG<\/title>\n<meta name=\"robots\" content=\"index, follow, max-snippet:-1, max-image-preview:large, max-video-preview:-1\" \/>\n<link rel=\"canonical\" href=\"https:\/\/enderg.com\/lt\/product\/grand-theft-auto-v\/\" \/>\n<meta property=\"og:locale\" content=\"lt_LT\" \/>\n<meta property=\"og:type\" content=\"article\" \/>\n<meta property=\"og:title\" content=\"Grand Theft Auto V\" \/>\n<meta property=\"og:description\" content=\"Get Grand theft auto V at the Best and Cheapest Price on the market right now. Xbox + Windows Works on your personal account globally without any restrictions. You do not redeem any traditional code on your personal account, instead it works through primary activation of a new profile Steam For Steam this game will [&hellip;]\" \/>\n<meta property=\"og:url\" content=\"https:\/\/enderg.com\/lt\/product\/grand-theft-auto-v\/\" \/>\n<meta property=\"og:site_name\" content=\"EnderG\" \/>\n<meta property=\"article:publisher\" content=\"https:\/\/www.facebook.com\/Endergg1\/\" \/>\n<meta property=\"article:modified_time\" content=\"2026-03-14T23:55:16+00:00\" \/>\n<meta property=\"og:image\" content=\"https:\/\/enderg.com\/wp-content\/uploads\/2022\/08\/GTAV_Gen9_CollectionsPageFOB_1212x1497_DELIV__1_42e2e7ab-ef2a-4c48-8364-36351105c4a9.jpg\" \/>\n\t<meta property=\"og:image:width\" content=\"1212\" \/>\n\t<meta property=\"og:image:height\" content=\"1497\" \/>\n\t<meta property=\"og:image:type\" content=\"image\/jpeg\" \/>\n<meta name=\"twitter:card\" content=\"summary_large_image\" \/>\n<meta name=\"twitter:label1\" content=\"Est. reading time\" \/>\n\t<meta name=\"twitter:data1\" content=\"2 minut\u0117s\" \/>\n<script type=\"application\/ld+json\" class=\"yoast-schema-graph\">{\"@context\":\"https:\\\/\\\/schema.org\",\"@graph\":[{\"@type\":\"WebPage\",\"@id\":\"https:\\\/\\\/enderg.com\\\/product\\\/grand-theft-auto-v\\\/\",\"url\":\"https:\\\/\\\/enderg.com\\\/product\\\/grand-theft-auto-v\\\/\",\"name\":\"Grand Theft Auto V - EnderG\",\"isPartOf\":{\"@id\":\"https:\\\/\\\/enderg.com\\\/#website\"},\"primaryImageOfPage\":{\"@id\":\"https:\\\/\\\/enderg.com\\\/product\\\/grand-theft-auto-v\\\/#primaryimage\"},\"image\":{\"@id\":\"https:\\\/\\\/enderg.com\\\/product\\\/grand-theft-auto-v\\\/#primaryimage\"},\"thumbnailUrl\":\"https:\\\/\\\/i0.wp.com\\\/enderg.com\\\/wp-content\\\/uploads\\\/2022\\\/08\\\/GTAV_Gen9_CollectionsPageFOB_1212x1497_DELIV__1_42e2e7ab-ef2a-4c48-8364-36351105c4a9.jpg?fit=1212%2C1497&ssl=1\",\"datePublished\":\"2026-03-14T23:32:53+00:00\",\"dateModified\":\"2026-03-14T23:55:16+00:00\",\"breadcrumb\":{\"@id\":\"https:\\\/\\\/enderg.com\\\/product\\\/grand-theft-auto-v\\\/#breadcrumb\"},\"inLanguage\":\"lt-LT\",\"potentialAction\":[{\"@type\":\"ReadAction\",\"target\":[\"https:\\\/\\\/enderg.com\\\/product\\\/grand-theft-auto-v\\\/\"]}]},{\"@type\":\"ImageObject\",\"inLanguage\":\"lt-LT\",\"@id\":\"https:\\\/\\\/enderg.com\\\/product\\\/grand-theft-auto-v\\\/#primaryimage\",\"url\":\"https:\\\/\\\/i0.wp.com\\\/enderg.com\\\/wp-content\\\/uploads\\\/2022\\\/08\\\/GTAV_Gen9_CollectionsPageFOB_1212x1497_DELIV__1_42e2e7ab-ef2a-4c48-8364-36351105c4a9.jpg?fit=1212%2C1497&ssl=1\",\"contentUrl\":\"https:\\\/\\\/i0.wp.com\\\/enderg.com\\\/wp-content\\\/uploads\\\/2022\\\/08\\\/GTAV_Gen9_CollectionsPageFOB_1212x1497_DELIV__1_42e2e7ab-ef2a-4c48-8364-36351105c4a9.jpg?fit=1212%2C1497&ssl=1\",\"width\":1212,\"height\":1497,\"caption\":\"Buy cheap Grand theft auto v 5\"},{\"@type\":\"BreadcrumbList\",\"@id\":\"https:\\\/\\\/enderg.com\\\/product\\\/grand-theft-auto-v\\\/#breadcrumb\",\"itemListElement\":[{\"@type\":\"ListItem\",\"position\":1,\"name\":\"Home\",\"item\":\"https:\\\/\\\/enderg.com\\\/\"},{\"@type\":\"ListItem\",\"position\":2,\"name\":\"Shop\",\"item\":\"https:\\\/\\\/enderg.com\\\/shop\\\/\"},{\"@type\":\"ListItem\",\"position\":3,\"name\":\"Grand Theft Auto V\"}]},{\"@type\":\"WebSite\",\"@id\":\"https:\\\/\\\/enderg.com\\\/#website\",\"url\":\"https:\\\/\\\/enderg.com\\\/\",\"name\":\"EnderG\",\"description\":\"Cheaper Is What We Do!\",\"publisher\":{\"@id\":\"https:\\\/\\\/enderg.com\\\/#organization\"},\"potentialAction\":[{\"@type\":\"SearchAction\",\"target\":{\"@type\":\"EntryPoint\",\"urlTemplate\":\"https:\\\/\\\/enderg.com\\\/?s={search_term_string}\"},\"query-input\":{\"@type\":\"PropertyValueSpecification\",\"valueRequired\":true,\"valueName\":\"search_term_string\"}}],\"inLanguage\":\"lt-LT\"},{\"@type\":\"Organization\",\"@id\":\"https:\\\/\\\/enderg.com\\\/#organization\",\"name\":\"EnderG\",\"url\":\"https:\\\/\\\/enderg.com\\\/\",\"logo\":{\"@type\":\"ImageObject\",\"inLanguage\":\"lt-LT\",\"@id\":\"https:\\\/\\\/enderg.com\\\/#\\\/schema\\\/logo\\\/image\\\/\",\"url\":\"https:\\\/\\\/enderg.com\\\/wp-content\\\/uploads\\\/2023\\\/03\\\/222222222221.png\",\"contentUrl\":\"https:\\\/\\\/enderg.com\\\/wp-content\\\/uploads\\\/2023\\\/03\\\/222222222221.png\",\"width\":512,\"height\":512,\"caption\":\"EnderG\"},\"image\":{\"@id\":\"https:\\\/\\\/enderg.com\\\/#\\\/schema\\\/logo\\\/image\\\/\"},\"sameAs\":[\"https:\\\/\\\/www.facebook.com\\\/Endergg1\\\/\",\"https:\\\/\\\/www.instagram.com\\\/enderg01\",\"https:\\\/\\\/www.youtube.com\\\/@enderg-com\"],\"description\":\"Cheaper Gaming is what we do!\",\"legalName\":\"Vandar Limited\",\"foundingDate\":\"2022-06-21\"}]}<\/script>\n<!-- \/ Yoast SEO Premium plugin. -->","yoast_head_json":{"title":"Grand Theft Auto V - EnderG","robots":{"index":"index","follow":"follow","max-snippet":"max-snippet:-1","max-image-preview":"max-image-preview:large","max-video-preview":"max-video-preview:-1"},"canonical":"https:\/\/enderg.com\/lt\/product\/grand-theft-auto-v\/","og_locale":"lt_LT","og_type":"article","og_title":"Grand Theft Auto V","og_description":"Get Grand theft auto V at the Best and Cheapest Price on the market right now. Xbox + Windows Works on your personal account globally without any restrictions. You do not redeem any traditional code on your personal account, instead it works through primary activation of a new profile Steam For Steam this game will [&hellip;]","og_url":"https:\/\/enderg.com\/lt\/product\/grand-theft-auto-v\/","og_site_name":"EnderG","article_publisher":"https:\/\/www.facebook.com\/Endergg1\/","article_modified_time":"2026-03-14T23:55:16+00:00","og_image":[{"width":1212,"height":1497,"url":"https:\/\/enderg.com\/wp-content\/uploads\/2022\/08\/GTAV_Gen9_CollectionsPageFOB_1212x1497_DELIV__1_42e2e7ab-ef2a-4c48-8364-36351105c4a9.jpg","type":"image\/jpeg"}],"twitter_card":"summary_large_image","twitter_misc":{"Est. reading time":"2 minut\u0117s"},"schema":{"@context":"https:\/\/schema.org","@graph":[{"@type":"WebPage","@id":"https:\/\/enderg.com\/product\/grand-theft-auto-v\/","url":"https:\/\/enderg.com\/product\/grand-theft-auto-v\/","name":"Grand Theft Auto V - EnderG","isPartOf":{"@id":"https:\/\/enderg.com\/#website"},"primaryImageOfPage":{"@id":"https:\/\/enderg.com\/product\/grand-theft-auto-v\/#primaryimage"},"image":{"@id":"https:\/\/enderg.com\/product\/grand-theft-auto-v\/#primaryimage"},"thumbnailUrl":"https:\/\/i0.wp.com\/enderg.com\/wp-content\/uploads\/2022\/08\/GTAV_Gen9_CollectionsPageFOB_1212x1497_DELIV__1_42e2e7ab-ef2a-4c48-8364-36351105c4a9.jpg?fit=1212%2C1497&ssl=1","datePublished":"2026-03-14T23:32:53+00:00","dateModified":"2026-03-14T23:55:16+00:00","breadcrumb":{"@id":"https:\/\/enderg.com\/product\/grand-theft-auto-v\/#breadcrumb"},"inLanguage":"lt-LT","potentialAction":[{"@type":"ReadAction","target":["https:\/\/enderg.com\/product\/grand-theft-auto-v\/"]}]},{"@type":"ImageObject","inLanguage":"lt-LT","@id":"https:\/\/enderg.com\/product\/grand-theft-auto-v\/#primaryimage","url":"https:\/\/i0.wp.com\/enderg.com\/wp-content\/uploads\/2022\/08\/GTAV_Gen9_CollectionsPageFOB_1212x1497_DELIV__1_42e2e7ab-ef2a-4c48-8364-36351105c4a9.jpg?fit=1212%2C1497&ssl=1","contentUrl":"https:\/\/i0.wp.com\/enderg.com\/wp-content\/uploads\/2022\/08\/GTAV_Gen9_CollectionsPageFOB_1212x1497_DELIV__1_42e2e7ab-ef2a-4c48-8364-36351105c4a9.jpg?fit=1212%2C1497&ssl=1","width":1212,"height":1497,"caption":"Buy cheap Grand theft auto v 5"},{"@type":"BreadcrumbList","@id":"https:\/\/enderg.com\/product\/grand-theft-auto-v\/#breadcrumb","itemListElement":[{"@type":"ListItem","position":1,"name":"Home","item":"https:\/\/enderg.com\/"},{"@type":"ListItem","position":2,"name":"Shop","item":"https:\/\/enderg.com\/shop\/"},{"@type":"ListItem","position":3,"name":"Grand Theft Auto V"}]},{"@type":"WebSite","@id":"https:\/\/enderg.com\/#website","url":"https:\/\/enderg.com\/","name":"EnderG","description":"Pigiau yra tai, k\u0105 mes darome!","publisher":{"@id":"https:\/\/enderg.com\/#organization"},"potentialAction":[{"@type":"SearchAction","target":{"@type":"EntryPoint","urlTemplate":"https:\/\/enderg.com\/?s={search_term_string}"},"query-input":{"@type":"PropertyValueSpecification","valueRequired":true,"valueName":"search_term_string"}}],"inLanguage":"lt-LT"},{"@type":"Organization","@id":"https:\/\/enderg.com\/#organization","name":"EnderG","url":"https:\/\/enderg.com\/","logo":{"@type":"ImageObject","inLanguage":"lt-LT","@id":"https:\/\/enderg.com\/#\/schema\/logo\/image\/","url":"https:\/\/enderg.com\/wp-content\/uploads\/2023\/03\/222222222221.png","contentUrl":"https:\/\/enderg.com\/wp-content\/uploads\/2023\/03\/222222222221.png","width":512,"height":512,"caption":"EnderG"},"image":{"@id":"https:\/\/enderg.com\/#\/schema\/logo\/image\/"},"sameAs":["https:\/\/www.facebook.com\/Endergg1\/","https:\/\/www.instagram.com\/enderg01","https:\/\/www.youtube.com\/@enderg-com"],"description":"Pigesni \u017eaidimai \u2013 tai, k\u0105 mes darome!","legalName":"Vandar Limited","foundingDate":"2022-06-21"}]}},"jetpack_publicize_connections":[],"jetpack_likes_enabled":true,"jetpack_sharing_enabled":true,"jetpack-related-posts":[],"_links":{"self":[{"href":"https:\/\/enderg.com\/lt\/wp-json\/wp\/v2\/product\/93727","targetHints":{"allow":["GET"]}}],"collection":[{"href":"https:\/\/enderg.com\/lt\/wp-json\/wp\/v2\/product"}],"about":[{"href":"https:\/\/enderg.com\/lt\/wp-json\/wp\/v2\/types\/product"}],"replies":[{"embeddable":true,"href":"https:\/\/enderg.com\/lt\/wp-json\/wp\/v2\/comments?post=93727"}],"version-history":[{"count":11,"href":"https:\/\/enderg.com\/lt\/wp-json\/wp\/v2\/product\/93727\/revisions"}],"predecessor-version":[{"id":93753,"href":"https:\/\/enderg.com\/lt\/wp-json\/wp\/v2\/product\/93727\/revisions\/93753"}],"wp:featuredmedia":[{"embeddable":true,"href":"https:\/\/enderg.com\/lt\/wp-json\/wp\/v2\/media\/1026"}],"wp:attachment":[{"href":"https:\/\/enderg.com\/lt\/wp-json\/wp\/v2\/media?parent=93727"}],"wp:term":[{"taxonomy":"product_brand","embeddable":true,"href":"https:\/\/enderg.com\/lt\/wp-json\/wp\/v2\/product_brand?post=93727"},{"taxonomy":"product_cat","embeddable":true,"href":"https:\/\/enderg.com\/lt\/wp-json\/wp\/v2\/product_cat?post=93727"},{"taxonomy":"product_tag","embeddable":true,"href":"https:\/\/enderg.com\/lt\/wp-json\/wp\/v2\/product_tag?post=93727"}],"curies":[{"name":"wp","href":"https:\/\/api.w.org\/{rel}","templated":true}]}}