{"id":492,"date":"2022-08-07T15:00:08","date_gmt":"2022-08-07T12:00:08","guid":{"rendered":"https:\/\/enderg.com\/?post_type=product&#038;p=492"},"modified":"2024-06-26T01:45:02","modified_gmt":"2024-06-25T22:45:02","slug":"football-manager-2022","status":"publish","type":"product","link":"https:\/\/enderg.com\/lt\/product\/football-manager-2022\/","title":{"rendered":"Futbolo vadybininkas 2022 m"},"content":{"rendered":"<div data-elementor-type=\"wp-post\" data-elementor-id=\"492\" class=\"elementor elementor-492\" data-elementor-post-type=\"product\">\n\t\t\t\t\t\t<section class=\"elementor-section elementor-top-section elementor-element elementor-element-255217c0 elementor-section-boxed elementor-section-height-default elementor-section-height-default\" data-id=\"255217c0\" data-element_type=\"section\" data-e-type=\"section\">\n\t\t\t\t\t\t<div class=\"elementor-container elementor-column-gap-default\">\n\t\t\t\t\t<div class=\"elementor-column elementor-col-100 elementor-top-column elementor-element elementor-element-374b760c\" data-id=\"374b760c\" data-element_type=\"column\" data-e-type=\"column\">\n\t\t\t<div class=\"elementor-widget-wrap elementor-element-populated\">\n\t\t\t\t\t\t<div class=\"elementor-element elementor-element-148108bc elementor-widget elementor-widget-accordion\" data-id=\"148108bc\" data-element_type=\"widget\" data-e-type=\"widget\" data-widget_type=\"accordion.default\">\n\t\t\t\t<div class=\"elementor-widget-container\">\n\t\t\t\t\t\t\t<div class=\"elementor-accordion\">\n\t\t\t\t\t\t\t<div class=\"elementor-accordion-item\">\n\t\t\t\t\t<h4 id=\"elementor-tab-title-3441\" class=\"elementor-tab-title\" data-tab=\"1\" role=\"button\" aria-controls=\"elementor-tab-content-3441\" aria-expanded=\"false\">\n\t\t\t\t\t\t\t\t\t\t\t\t\t<span class=\"elementor-accordion-icon elementor-accordion-icon-left\" aria-hidden=\"true\">\n\t\t\t\t\t\t\t\t\t\t\t\t\t\t\t<span class=\"elementor-accordion-icon-closed\"><i class=\"fas fa-truck\"><\/i><\/span>\n\t\t\t\t\t\t\t\t<span class=\"elementor-accordion-icon-opened\"><i class=\"fas fa-truck\"><\/i><\/span>\n\t\t\t\t\t\t\t\t\t\t\t\t\t\t<\/span>\n\t\t\t\t\t\t\t\t\t\t\t\t<a class=\"elementor-accordion-title\" tabindex=\"0\">Greitas pristatymas<\/a>\n\t\t\t\t\t<\/h4>\n\t\t\t\t\t<div id=\"elementor-tab-content-3441\" class=\"elementor-tab-content elementor-clearfix\" data-tab=\"1\" role=\"region\" aria-labelledby=\"elementor-tab-title-3441\"><p>Pristatymas gali u\u017etrukti nuo 5 iki 20 minu\u010di\u0173, priklausomai nuo j\u016bs\u0173 vietos m\u016bs\u0173 eil\u0117je<\/p><p>J\u016bs\u0173 u\u017esakymas bus \u201eAutomati\u0161kai gr\u0105\u017eintas\u201c, jei jis nebus pristatytas per 12 valand\u0173!<\/p><\/div>\n\t\t\t\t<\/div>\n\t\t\t\t\t\t\t\t<\/div>\n\t\t\t\t\t\t<\/div>\n\t\t\t\t<\/div>\n\t\t\t\t<div class=\"elementor-element elementor-element-240b67c1 elementor-widget elementor-widget-accordion\" data-id=\"240b67c1\" data-element_type=\"widget\" data-e-type=\"widget\" data-widget_type=\"accordion.default\">\n\t\t\t\t<div class=\"elementor-widget-container\">\n\t\t\t\t\t\t\t<div class=\"elementor-accordion\">\n\t\t\t\t\t\t\t<div class=\"elementor-accordion-item\">\n\t\t\t\t\t<h4 id=\"elementor-tab-title-6041\" class=\"elementor-tab-title\" data-tab=\"1\" role=\"button\" aria-controls=\"elementor-tab-content-6041\" aria-expanded=\"false\">\n\t\t\t\t\t\t\t\t\t\t\t\t\t<span class=\"elementor-accordion-icon elementor-accordion-icon-left\" aria-hidden=\"true\">\n\t\t\t\t\t\t\t\t\t\t\t\t\t\t\t<span class=\"elementor-accordion-icon-closed\"><i class=\"fab fa-xbox\"><\/i><\/span>\n\t\t\t\t\t\t\t\t<span class=\"elementor-accordion-icon-opened\"><i class=\"fab fa-xbox\"><\/i><\/span>\n\t\t\t\t\t\t\t\t\t\t\t\t\t\t<\/span>\n\t\t\t\t\t\t\t\t\t\t\t\t<a class=\"elementor-accordion-title\" tabindex=\"0\">Kaip suaktyvinti<\/a>\n\t\t\t\t\t<\/h4>\n\t\t\t\t\t<div id=\"elementor-tab-content-6041\" class=\"elementor-tab-content elementor-clearfix\" data-tab=\"1\" role=\"region\" aria-labelledby=\"elementor-tab-title-6041\"><p>1. Pateik\u0119 u\u017esakym\u0105 atidarykite VPN ir prisijunkite prie el. lai\u0161ke nurodyto serverio.<\/p><p>2- Spustel\u0117kite tai\u00a0<a title=\"https:\/\/account.microsoft.com\/billing\/redeem?refd=login.live.com\" href=\"https:\/\/account.microsoft.com\/billing\/redeem?refd=login.live.com\"><strong>Nuoroda<\/strong><\/a>\u00a0&amp; Prisijunkite prie savo paskyros ir i\u0161pirkite gaut\u0105 rakt\u0105!<\/p><p>3 - M\u0117gaukit\u0117s!<\/p><\/div>\n\t\t\t\t<\/div>\n\t\t\t\t\t\t\t\t<\/div>\n\t\t\t\t\t\t<\/div>\n\t\t\t\t<\/div>\n\t\t\t\t\t<\/div>\n\t\t<\/div>\n\t\t\t\t\t<\/div>\n\t\t<\/section>\n\t\t\t\t<section class=\"elementor-section elementor-top-section elementor-element elementor-element-fd170d elementor-section-boxed elementor-section-height-default elementor-section-height-default\" data-id=\"fd170d\" data-element_type=\"section\" data-e-type=\"section\">\n\t\t\t\t\t\t<div class=\"elementor-container elementor-column-gap-default\">\n\t\t\t\t\t<div class=\"elementor-column elementor-col-100 elementor-top-column elementor-element elementor-element-223cf96f\" data-id=\"223cf96f\" data-element_type=\"column\" data-e-type=\"column\">\n\t\t\t<div class=\"elementor-widget-wrap elementor-element-populated\">\n\t\t\t\t\t\t<div class=\"elementor-element elementor-element-127f9acd elementor-widget elementor-widget-text-editor\" data-id=\"127f9acd\" data-element_type=\"widget\" data-e-type=\"widget\" data-widget_type=\"text-editor.default\">\n\t\t\t\t<div class=\"elementor-widget-container\">\n\t\t\t\t\t\t\t\t\t<div class=\"game_page_autocollapse_ctn expanded\" data-mce-fragment=\"1\"><div id=\"aboutThisGame\" class=\"game_page_autocollapse\" data-panel=\"{&quot;type&quot;:&quot;PanelGroup&quot;}\" data-mce-fragment=\"1\"><div id=\"game_area_description\" class=\"game_area_description\" data-mce-fragment=\"1\"><h4 class=\"bb_tag\" style=\"text-align: center;\" data-mce-fragment=\"1\"><strong data-mce-fragment=\"1\">Game Description<\/strong><\/h4><ul class=\"bb_ul\" data-mce-fragment=\"1\"><li data-mce-fragment=\"1\">There are 123 leading football leagues at your disposal. Have you got what it takes to spend big (or small) budgets wisely and guide your club to the top of the game?<\/li><li data-mce-fragment=\"1\">Build a world-class backroom team that can assist with everything from Recruitment to Player Development. Lean on their expertise as you navigate the everyday challenges faced in football management.<\/li><li data-mce-fragment=\"1\">Scour Football Manager\u2019s world-leading database of more than 500,000 real players for undiscovered talent or build your squad from within, training your prospects to realise their ultimate potential.<\/li><li data-mce-fragment=\"1\">Play the beautiful game your way, creating a footballing identity on the tactics board that your players can buy into. It\u2019s up to you to produce a system that delivers success time and again.<\/li><li data-mce-fragment=\"1\">Immerse yourself in our best-looking Matchday experience yet and watch your footballing vision come to life on the pitch. Make all the key decisions as you steer your team to glory.<\/li><\/ul><h2 class=\"bb_tag\" data-mce-fragment=\"1\"><strong data-mce-fragment=\"1\">New for this season<\/strong><\/h2><h2 class=\"bb_tag\" data-mce-fragment=\"1\">FIND YOUR WINNING EDGE<\/h2><p>Craft your own custom dashboard packed with powerful stats in the brand-new Data Hub. Utilise the same metrics and reporting methods that real clubs use to help you make smarter tactical and player development decisions to fuel your club\u2019s success.<br data-mce-fragment=\"1\" \/><br data-mce-fragment=\"1\" \/><img decoding=\"async\" data-recalc-dims=\"1\" data-src=\"https:\/\/i0.wp.com\/cdn.cloudflare.steamstatic.com\/steam\/apps\/1569040\/extras\/Data-Hub.gif?w=980&#038;ssl=1\" data-mce-fragment=\"1\" src=\"data:image\/svg+xml;base64,PHN2ZyB3aWR0aD0iMSIgaGVpZ2h0PSIxIiB4bWxucz0iaHR0cDovL3d3dy53My5vcmcvMjAwMC9zdmciPjwvc3ZnPg==\" class=\"lazyload\" \/><\/p><h2 class=\"bb_tag\" data-mce-fragment=\"1\">ON-PITCH AUTHENTICITY<\/h2><p>See your stars showcase their skills in better detail than ever before thanks to our improved animation engine. A revamped pressing system and changes to player sharpness means that you can get after the opposition from the first whistle and benefit from a more authentic flow to the passages of play.<\/p><h2 class=\"bb_tag\" data-mce-fragment=\"1\">TURN DEFENCE INTO ATTACK<\/h2><p>\u012egyvendinkite vien\u0105 i\u0161 pagrindini\u0173 pastar\u0173j\u0173 sezon\u0173 taktini\u0173 tendencij\u0173 su naujuoju pla\u010diuoju centro gyn\u0117ju. Nesvarbu, ar visada pirmenyb\u0119 teik\u0117te trims gyn\u0117jams, ar laikote save nat\u016braliu novatoriumi, dabar turite dar daugiau \u012franki\u0173, kad sutriu\u0161kintum\u0117te var\u017eovus, siekdami svarbi\u0173 pergali\u0173.<br data-mce-fragment=\"1\" \/><br data-mce-fragment=\"1\" \/><img decoding=\"async\" data-recalc-dims=\"1\" data-src=\"https:\/\/i0.wp.com\/cdn.cloudflare.steamstatic.com\/steam\/apps\/1569040\/extras\/Wide-CB-Animated.gif?w=980&#038;ssl=1\" data-mce-fragment=\"1\" src=\"data:image\/svg+xml;base64,PHN2ZyB3aWR0aD0iMSIgaGVpZ2h0PSIxIiB4bWxucz0iaHR0cDovL3d3dy53My5vcmcvMjAwMC9zdmciPjwvc3ZnPg==\" class=\"lazyload\" \/><\/p><h2 class=\"bb_tag\" data-mce-fragment=\"1\">GALUTINIO TERMINO DIENOS DRAMA<\/h2><p>Feel the highs and lows of one of the most dramatic fixtures in the football calendar. Steal a march on your rivals to secure last-minute deals and work more closely with agents in our redesigned experience which replicates the unpredictability of the transfer window\u2019s climax.<br data-mce-fragment=\"1\" \/><br data-mce-fragment=\"1\" \/><img decoding=\"async\" data-recalc-dims=\"1\" data-src=\"https:\/\/i0.wp.com\/cdn.cloudflare.steamstatic.com\/steam\/apps\/1569040\/extras\/Deadline-Day.gif?w=980&#038;ssl=1\" data-mce-fragment=\"1\" src=\"data:image\/svg+xml;base64,PHN2ZyB3aWR0aD0iMSIgaGVpZ2h0PSIxIiB4bWxucz0iaHR0cDovL3d3dy53My5vcmcvMjAwMC9zdmciPjwvc3ZnPg==\" class=\"lazyload\" \/><\/p><h2 class=\"bb_tag\" data-mce-fragment=\"1\">BENDRADARBIAUKITE KAIP \u010cEMPIONAI<\/h2><p>New, true-to-life staff meetings allow you and your backroom team to form a well-oiled machine. Combining weekly reports on Coaching, Recruitment, Player Development and Staffing delivers a level of improved support that will help propel your players to new heights.<br data-mce-fragment=\"1\" \/><br data-mce-fragment=\"1\" \/><img decoding=\"async\" data-recalc-dims=\"1\" data-src=\"https:\/\/i0.wp.com\/cdn.cloudflare.steamstatic.com\/steam\/apps\/1569040\/extras\/Staff-Meeting.gif?w=980&#038;ssl=1\" data-mce-fragment=\"1\" src=\"data:image\/svg+xml;base64,PHN2ZyB3aWR0aD0iMSIgaGVpZ2h0PSIxIiB4bWxucz0iaHR0cDovL3d3dy53My5vcmcvMjAwMC9zdmciPjwvc3ZnPg==\" class=\"lazyload\" \/><\/p><h2 class=\"bb_tag\" data-mce-fragment=\"1\">PAPILDOMI PAPILDYMAI<\/h2><p>Sukurkite ideal\u0173 trenerio \u012fvaizd\u012f su atnaujintu trenerio k\u016brimo \u012frankiu, pakelkite savo rezultatus per\u0117jim\u0173 rinkoje su naujais skaut\u0173 patobulinimais ir u\u017esitarnaukite teis\u0119 girtis prie\u0161 savo draugus patobulintame \u201eFantasy Draft\u201c re\u017eime.<\/p><\/div><\/div><\/div><div class=\"game_page_autocollapse_ctn\" data-mce-fragment=\"1\"><div class=\"game_page_autocollapse sys_req\" data-mce-fragment=\"1\"><h2 data-mce-fragment=\"1\">\u00a0<\/h2><h2 data-mce-fragment=\"1\"><iframe title=\"\u201eYouTube\u201c vaizdo grotuvas\" data-src=\"https:\/\/www.youtube.com\/embed\/_q9Js7h_I5w\" width=\"560\" height=\"315\" frameborder=\"0\" allowfullscreen=\"allowfullscreen\" data-mce-fragment=\"1\" data-mce-data-src=\"https:\/\/www.youtube.com\/embed\/_q9Js7h_I5w\" src=\"data:image\/svg+xml;base64,PHN2ZyB3aWR0aD0iMSIgaGVpZ2h0PSIxIiB4bWxucz0iaHR0cDovL3d3dy53My5vcmcvMjAwMC9zdmciPjwvc3ZnPg==\" class=\"lazyload\" data-load-mode=\"1\"><\/iframe><\/h2><h2 data-mce-fragment=\"1\">SISTEMOS REIKALAVIMAI<\/h2><h2 data-mce-fragment=\"1\"><strong data-mce-fragment=\"1\">MINIMUMAS:<\/strong><\/h2><div class=\"sysreq_contents\" data-mce-fragment=\"1\"><div class=\"game_area_sys_req sysreq_content active\" data-os=\"win\" data-mce-fragment=\"1\"><div class=\"game_area_sys_req_leftCol\" data-mce-fragment=\"1\"><ul data-mce-fragment=\"1\"><li style=\"list-style-type: none;\"><ul class=\"bb_ul\" data-mce-fragment=\"1\"><li data-mce-fragment=\"1\">Reikalingas 64 bit\u0173 procesorius ir operacin\u0117 sistema<\/li><li data-mce-fragment=\"1\"><strong data-mce-fragment=\"1\">OS:<\/strong><span data-mce-fragment=\"1\">\u00a0<\/span>\u201eWindows 7\u201c (64 bit\u0173), 8\/8.1, 10<\/li><li data-mce-fragment=\"1\"><strong data-mce-fragment=\"1\">Procesorius:<\/strong><span data-mce-fragment=\"1\">\u00a0<\/span>\u201eIntel Core 2\u201c arba \u201eAMD Athlon 64 1,8 GHz+\u201c<\/li><li data-mce-fragment=\"1\"><strong data-mce-fragment=\"1\">Atmintis:<\/strong><span data-mce-fragment=\"1\">\u00a0<\/span>4 GB operatyviosios atminties<\/li><li data-mce-fragment=\"1\"><strong data-mce-fragment=\"1\">Grafika:<\/strong><span data-mce-fragment=\"1\">\u00a0<\/span>Intel GMA X4500, NVIDIA GeForece 9600M GT, AMD\/ATI Mobility Raedon HD 3650 \u2013 256MB VRAM<\/li><li data-mce-fragment=\"1\"><strong data-mce-fragment=\"1\">\u201eDirectX\u201c:<\/strong><span data-mce-fragment=\"1\">\u00a0<\/span>11 versija<\/li><li data-mce-fragment=\"1\"><strong data-mce-fragment=\"1\">Saugykla:<\/strong><span data-mce-fragment=\"1\">\u00a0<\/span>7 GB laisvos vietos<\/li><\/ul><\/li><\/ul><\/div><div class=\"game_area_sys_req_rightCol\" data-mce-fragment=\"1\"><p><strong data-mce-fragment=\"1\">REKOMENDUOJAMA:<\/strong><\/p><ul data-mce-fragment=\"1\"><li style=\"list-style-type: none;\"><ul class=\"bb_ul\" data-mce-fragment=\"1\"><li data-mce-fragment=\"1\">Reikalingas 64 bit\u0173 procesorius ir operacin\u0117 sistema<\/li><\/ul><\/li><\/ul><\/div><div data-mce-fragment=\"1\">\u00a0<\/div><\/div><\/div><\/div><\/div><div class=\"game_page_autocollapse_ctn\" data-mce-fragment=\"1\"><div class=\"game_page_autocollapse\" data-mce-fragment=\"1\"><div id=\"game_area_legal\" data-mce-fragment=\"1\">\u00a0<\/div><\/div><\/div>\t\t\t\t\t\t\t\t<\/div>\n\t\t\t\t<\/div>\n\t\t\t\t\t<\/div>\n\t\t<\/div>\n\t\t\t\t\t<\/div>\n\t\t<\/section>\n\t\t\t\t<\/div>","protected":false},"excerpt":{"rendered":"<p>Fast Delivery Delivery can take 5 to 20 minutes, according to your place in our queue Your Order will be \u2018Auto Refunded\u2019 in case it does not get delivered after 12 hours! How To Activate 1- Open up a VPN and connect to the server specified in your email after placing your order. 2- Click [&hellip;]<\/p>\n","protected":false},"featured_media":972,"comment_status":"open","ping_status":"closed","template":"","meta":{"_crdt_document":"","jetpack_publicize_message":"","jetpack_publicize_feature_enabled":true,"jetpack_social_post_already_shared":true,"jetpack_social_options":{"image_generator_settings":{"template":"highway","default_image_id":0,"font":"","enabled":false},"version":2},"_wpas_customize_per_network":false},"product_brand":[],"product_cat":[1375,1374],"product_tag":[],"class_list":{"0":"post-492","1":"product","2":"type-product","3":"status-publish","4":"has-post-thumbnail","6":"product_cat-pc","7":"product_cat-xbox","9":"first","10":"outofstock","11":"sale","12":"taxable","13":"shipping-taxable","14":"purchasable","15":"product-type-variable","16":"has-default-attributes"},"yoast_head":"<!-- This site is optimized with the Yoast SEO Premium plugin v27.3 (Yoast SEO v27.3) - https:\/\/yoast.com\/product\/yoast-seo-premium-wordpress\/ -->\n<title>Football Manager 2022 - EnderG<\/title>\n<meta name=\"robots\" content=\"index, follow, max-snippet:-1, max-image-preview:large, max-video-preview:-1\" \/>\n<link rel=\"canonical\" href=\"https:\/\/enderg.com\/lt\/product\/football-manager-2022\/\" \/>\n<meta property=\"og:locale\" content=\"lt_LT\" \/>\n<meta property=\"og:type\" content=\"article\" \/>\n<meta property=\"og:title\" content=\"Football Manager 2022\" \/>\n<meta property=\"og:description\" content=\"Fast Delivery Delivery can take 5 to 20 minutes, according to your place in our queue Your Order will be \u2018Auto Refunded\u2019 in case it does not get delivered after 12 hours! How To Activate 1- Open up a VPN and connect to the server specified in your email after placing your order. 2- Click [&hellip;]\" \/>\n<meta property=\"og:url\" content=\"https:\/\/enderg.com\/lt\/product\/football-manager-2022\/\" \/>\n<meta property=\"og:site_name\" content=\"EnderG\" \/>\n<meta property=\"article:publisher\" content=\"https:\/\/www.facebook.com\/Endergg1\/\" \/>\n<meta property=\"article:modified_time\" content=\"2024-06-25T22:45:02+00:00\" \/>\n<meta property=\"og:image\" content=\"https:\/\/enderg.com\/wp-content\/uploads\/2022\/08\/EGS_FootballManager2022_SportsInteractive_S2_1200x1600-5377adfa5fd611bd6726995ece5b04ef-e1659873597210.jpg\" \/>\n\t<meta property=\"og:image:width\" content=\"1200\" \/>\n\t<meta property=\"og:image:height\" content=\"1152\" \/>\n\t<meta property=\"og:image:type\" content=\"image\/jpeg\" \/>\n<meta name=\"twitter:card\" content=\"summary_large_image\" \/>\n<meta name=\"twitter:label1\" content=\"Est. reading time\" \/>\n\t<meta name=\"twitter:data1\" content=\"4 minut\u0117s\" \/>\n<script type=\"application\/ld+json\" class=\"yoast-schema-graph\">{\"@context\":\"https:\\\/\\\/schema.org\",\"@graph\":[{\"@type\":\"WebPage\",\"@id\":\"https:\\\/\\\/enderg.com\\\/product\\\/football-manager-2022\\\/\",\"url\":\"https:\\\/\\\/enderg.com\\\/product\\\/football-manager-2022\\\/\",\"name\":\"Football Manager 2022 - EnderG\",\"isPartOf\":{\"@id\":\"https:\\\/\\\/enderg.com\\\/#website\"},\"primaryImageOfPage\":{\"@id\":\"https:\\\/\\\/enderg.com\\\/product\\\/football-manager-2022\\\/#primaryimage\"},\"image\":{\"@id\":\"https:\\\/\\\/enderg.com\\\/product\\\/football-manager-2022\\\/#primaryimage\"},\"thumbnailUrl\":\"https:\\\/\\\/i0.wp.com\\\/enderg.com\\\/wp-content\\\/uploads\\\/2022\\\/08\\\/EGS_FootballManager2022_SportsInteractive_S2_1200x1600-5377adfa5fd611bd6726995ece5b04ef-e1659873597210.jpg?fit=1200%2C1152&ssl=1\",\"datePublished\":\"2022-08-07T12:00:08+00:00\",\"dateModified\":\"2024-06-25T22:45:02+00:00\",\"breadcrumb\":{\"@id\":\"https:\\\/\\\/enderg.com\\\/product\\\/football-manager-2022\\\/#breadcrumb\"},\"inLanguage\":\"lt-LT\",\"potentialAction\":[{\"@type\":\"ReadAction\",\"target\":[\"https:\\\/\\\/enderg.com\\\/product\\\/football-manager-2022\\\/\"]}]},{\"@type\":\"ImageObject\",\"inLanguage\":\"lt-LT\",\"@id\":\"https:\\\/\\\/enderg.com\\\/product\\\/football-manager-2022\\\/#primaryimage\",\"url\":\"https:\\\/\\\/i0.wp.com\\\/enderg.com\\\/wp-content\\\/uploads\\\/2022\\\/08\\\/EGS_FootballManager2022_SportsInteractive_S2_1200x1600-5377adfa5fd611bd6726995ece5b04ef-e1659873597210.jpg?fit=1200%2C1152&ssl=1\",\"contentUrl\":\"https:\\\/\\\/i0.wp.com\\\/enderg.com\\\/wp-content\\\/uploads\\\/2022\\\/08\\\/EGS_FootballManager2022_SportsInteractive_S2_1200x1600-5377adfa5fd611bd6726995ece5b04ef-e1659873597210.jpg?fit=1200%2C1152&ssl=1\",\"width\":1200,\"height\":1152},{\"@type\":\"BreadcrumbList\",\"@id\":\"https:\\\/\\\/enderg.com\\\/product\\\/football-manager-2022\\\/#breadcrumb\",\"itemListElement\":[{\"@type\":\"ListItem\",\"position\":1,\"name\":\"Home\",\"item\":\"https:\\\/\\\/enderg.com\\\/\"},{\"@type\":\"ListItem\",\"position\":2,\"name\":\"Shop\",\"item\":\"https:\\\/\\\/enderg.com\\\/shop\\\/\"},{\"@type\":\"ListItem\",\"position\":3,\"name\":\"Football Manager 2022\"}]},{\"@type\":\"WebSite\",\"@id\":\"https:\\\/\\\/enderg.com\\\/#website\",\"url\":\"https:\\\/\\\/enderg.com\\\/\",\"name\":\"EnderG\",\"description\":\"Cheaper Is What We Do!\",\"publisher\":{\"@id\":\"https:\\\/\\\/enderg.com\\\/#organization\"},\"potentialAction\":[{\"@type\":\"SearchAction\",\"target\":{\"@type\":\"EntryPoint\",\"urlTemplate\":\"https:\\\/\\\/enderg.com\\\/?s={search_term_string}\"},\"query-input\":{\"@type\":\"PropertyValueSpecification\",\"valueRequired\":true,\"valueName\":\"search_term_string\"}}],\"inLanguage\":\"lt-LT\"},{\"@type\":\"Organization\",\"@id\":\"https:\\\/\\\/enderg.com\\\/#organization\",\"name\":\"EnderG\",\"url\":\"https:\\\/\\\/enderg.com\\\/\",\"logo\":{\"@type\":\"ImageObject\",\"inLanguage\":\"lt-LT\",\"@id\":\"https:\\\/\\\/enderg.com\\\/#\\\/schema\\\/logo\\\/image\\\/\",\"url\":\"https:\\\/\\\/enderg.com\\\/wp-content\\\/uploads\\\/2023\\\/03\\\/222222222221.png\",\"contentUrl\":\"https:\\\/\\\/enderg.com\\\/wp-content\\\/uploads\\\/2023\\\/03\\\/222222222221.png\",\"width\":512,\"height\":512,\"caption\":\"EnderG\"},\"image\":{\"@id\":\"https:\\\/\\\/enderg.com\\\/#\\\/schema\\\/logo\\\/image\\\/\"},\"sameAs\":[\"https:\\\/\\\/www.facebook.com\\\/Endergg1\\\/\",\"https:\\\/\\\/www.instagram.com\\\/enderg01\",\"https:\\\/\\\/www.youtube.com\\\/@enderg-com\"],\"description\":\"Cheaper Gaming is what we do!\",\"legalName\":\"Vandar Limited\",\"foundingDate\":\"2022-06-21\"}]}<\/script>\n<!-- \/ Yoast SEO Premium plugin. -->","yoast_head_json":{"title":"Football Manager 2022 - EnderG","robots":{"index":"index","follow":"follow","max-snippet":"max-snippet:-1","max-image-preview":"max-image-preview:large","max-video-preview":"max-video-preview:-1"},"canonical":"https:\/\/enderg.com\/lt\/product\/football-manager-2022\/","og_locale":"lt_LT","og_type":"article","og_title":"Football Manager 2022","og_description":"Fast Delivery Delivery can take 5 to 20 minutes, according to your place in our queue Your Order will be \u2018Auto Refunded\u2019 in case it does not get delivered after 12 hours! How To Activate 1- Open up a VPN and connect to the server specified in your email after placing your order. 2- Click [&hellip;]","og_url":"https:\/\/enderg.com\/lt\/product\/football-manager-2022\/","og_site_name":"EnderG","article_publisher":"https:\/\/www.facebook.com\/Endergg1\/","article_modified_time":"2024-06-25T22:45:02+00:00","og_image":[{"width":1200,"height":1152,"url":"https:\/\/enderg.com\/wp-content\/uploads\/2022\/08\/EGS_FootballManager2022_SportsInteractive_S2_1200x1600-5377adfa5fd611bd6726995ece5b04ef-e1659873597210.jpg","type":"image\/jpeg"}],"twitter_card":"summary_large_image","twitter_misc":{"Est. reading time":"4 minut\u0117s"},"schema":{"@context":"https:\/\/schema.org","@graph":[{"@type":"WebPage","@id":"https:\/\/enderg.com\/product\/football-manager-2022\/","url":"https:\/\/enderg.com\/product\/football-manager-2022\/","name":"Football Manager 2022 - EnderG","isPartOf":{"@id":"https:\/\/enderg.com\/#website"},"primaryImageOfPage":{"@id":"https:\/\/enderg.com\/product\/football-manager-2022\/#primaryimage"},"image":{"@id":"https:\/\/enderg.com\/product\/football-manager-2022\/#primaryimage"},"thumbnailUrl":"https:\/\/i0.wp.com\/enderg.com\/wp-content\/uploads\/2022\/08\/EGS_FootballManager2022_SportsInteractive_S2_1200x1600-5377adfa5fd611bd6726995ece5b04ef-e1659873597210.jpg?fit=1200%2C1152&ssl=1","datePublished":"2022-08-07T12:00:08+00:00","dateModified":"2024-06-25T22:45:02+00:00","breadcrumb":{"@id":"https:\/\/enderg.com\/product\/football-manager-2022\/#breadcrumb"},"inLanguage":"lt-LT","potentialAction":[{"@type":"ReadAction","target":["https:\/\/enderg.com\/product\/football-manager-2022\/"]}]},{"@type":"ImageObject","inLanguage":"lt-LT","@id":"https:\/\/enderg.com\/product\/football-manager-2022\/#primaryimage","url":"https:\/\/i0.wp.com\/enderg.com\/wp-content\/uploads\/2022\/08\/EGS_FootballManager2022_SportsInteractive_S2_1200x1600-5377adfa5fd611bd6726995ece5b04ef-e1659873597210.jpg?fit=1200%2C1152&ssl=1","contentUrl":"https:\/\/i0.wp.com\/enderg.com\/wp-content\/uploads\/2022\/08\/EGS_FootballManager2022_SportsInteractive_S2_1200x1600-5377adfa5fd611bd6726995ece5b04ef-e1659873597210.jpg?fit=1200%2C1152&ssl=1","width":1200,"height":1152},{"@type":"BreadcrumbList","@id":"https:\/\/enderg.com\/product\/football-manager-2022\/#breadcrumb","itemListElement":[{"@type":"ListItem","position":1,"name":"Home","item":"https:\/\/enderg.com\/"},{"@type":"ListItem","position":2,"name":"Shop","item":"https:\/\/enderg.com\/shop\/"},{"@type":"ListItem","position":3,"name":"Football Manager 2022"}]},{"@type":"WebSite","@id":"https:\/\/enderg.com\/#website","url":"https:\/\/enderg.com\/","name":"EnderG","description":"Pigiau yra tai, k\u0105 mes darome!","publisher":{"@id":"https:\/\/enderg.com\/#organization"},"potentialAction":[{"@type":"SearchAction","target":{"@type":"EntryPoint","urlTemplate":"https:\/\/enderg.com\/?s={search_term_string}"},"query-input":{"@type":"PropertyValueSpecification","valueRequired":true,"valueName":"search_term_string"}}],"inLanguage":"lt-LT"},{"@type":"Organization","@id":"https:\/\/enderg.com\/#organization","name":"EnderG","url":"https:\/\/enderg.com\/","logo":{"@type":"ImageObject","inLanguage":"lt-LT","@id":"https:\/\/enderg.com\/#\/schema\/logo\/image\/","url":"https:\/\/enderg.com\/wp-content\/uploads\/2023\/03\/222222222221.png","contentUrl":"https:\/\/enderg.com\/wp-content\/uploads\/2023\/03\/222222222221.png","width":512,"height":512,"caption":"EnderG"},"image":{"@id":"https:\/\/enderg.com\/#\/schema\/logo\/image\/"},"sameAs":["https:\/\/www.facebook.com\/Endergg1\/","https:\/\/www.instagram.com\/enderg01","https:\/\/www.youtube.com\/@enderg-com"],"description":"Pigesni \u017eaidimai \u2013 tai, k\u0105 mes darome!","legalName":"Vandar Limited","foundingDate":"2022-06-21"}]}},"jetpack_publicize_connections":[],"jetpack_likes_enabled":true,"jetpack_sharing_enabled":true,"jetpack-related-posts":[],"_links":{"self":[{"href":"https:\/\/enderg.com\/lt\/wp-json\/wp\/v2\/product\/492","targetHints":{"allow":["GET"]}}],"collection":[{"href":"https:\/\/enderg.com\/lt\/wp-json\/wp\/v2\/product"}],"about":[{"href":"https:\/\/enderg.com\/lt\/wp-json\/wp\/v2\/types\/product"}],"replies":[{"embeddable":true,"href":"https:\/\/enderg.com\/lt\/wp-json\/wp\/v2\/comments?post=492"}],"version-history":[{"count":9,"href":"https:\/\/enderg.com\/lt\/wp-json\/wp\/v2\/product\/492\/revisions"}],"predecessor-version":[{"id":8764,"href":"https:\/\/enderg.com\/lt\/wp-json\/wp\/v2\/product\/492\/revisions\/8764"}],"wp:featuredmedia":[{"embeddable":true,"href":"https:\/\/enderg.com\/lt\/wp-json\/wp\/v2\/media\/972"}],"wp:attachment":[{"href":"https:\/\/enderg.com\/lt\/wp-json\/wp\/v2\/media?parent=492"}],"wp:term":[{"taxonomy":"product_brand","embeddable":true,"href":"https:\/\/enderg.com\/lt\/wp-json\/wp\/v2\/product_brand?post=492"},{"taxonomy":"product_cat","embeddable":true,"href":"https:\/\/enderg.com\/lt\/wp-json\/wp\/v2\/product_cat?post=492"},{"taxonomy":"product_tag","embeddable":true,"href":"https:\/\/enderg.com\/lt\/wp-json\/wp\/v2\/product_tag?post=492"}],"curies":[{"name":"wp","href":"https:\/\/api.w.org\/{rel}","templated":true}]}}