{"id":449,"date":"2022-08-07T03:00:46","date_gmt":"2022-08-07T00:00:46","guid":{"rendered":"https:\/\/enderg.com\/?post_type=product&#038;p=449"},"modified":"2024-06-26T01:45:58","modified_gmt":"2024-06-25T22:45:58","slug":"dinastijos-kariai-9-imperijos","status":"publish","type":"product","link":"https:\/\/enderg.com\/lt\/product\/dynasty-warriors-9-empires\/","title":{"rendered":"DYNASTY WARRIORS 9 imperijos"},"content":{"rendered":"<div data-elementor-type=\"wp-post\" data-elementor-id=\"449\" class=\"elementor elementor-449\" data-elementor-post-type=\"product\">\n\t\t\t\t\t\t<section class=\"elementor-section elementor-top-section elementor-element elementor-element-65e136a7 elementor-section-boxed elementor-section-height-default elementor-section-height-default\" data-id=\"65e136a7\" data-element_type=\"section\" data-e-type=\"section\">\n\t\t\t\t\t\t<div class=\"elementor-container elementor-column-gap-default\">\n\t\t\t\t\t<div class=\"elementor-column elementor-col-100 elementor-top-column elementor-element elementor-element-46a39c2d\" data-id=\"46a39c2d\" data-element_type=\"column\" data-e-type=\"column\">\n\t\t\t<div class=\"elementor-widget-wrap elementor-element-populated\">\n\t\t\t\t\t\t<div class=\"elementor-element elementor-element-7063646f elementor-widget elementor-widget-accordion\" data-id=\"7063646f\" data-element_type=\"widget\" data-e-type=\"widget\" data-widget_type=\"accordion.default\">\n\t\t\t\t<div class=\"elementor-widget-container\">\n\t\t\t\t\t\t\t<div class=\"elementor-accordion\">\n\t\t\t\t\t\t\t<div class=\"elementor-accordion-item\">\n\t\t\t\t\t<h4 id=\"elementor-tab-title-1881\" class=\"elementor-tab-title\" data-tab=\"1\" role=\"button\" aria-controls=\"elementor-tab-content-1881\" aria-expanded=\"false\">\n\t\t\t\t\t\t\t\t\t\t\t\t\t<span class=\"elementor-accordion-icon elementor-accordion-icon-left\" aria-hidden=\"true\">\n\t\t\t\t\t\t\t\t\t\t\t\t\t\t\t<span class=\"elementor-accordion-icon-closed\"><i class=\"fas fa-truck\"><\/i><\/span>\n\t\t\t\t\t\t\t\t<span class=\"elementor-accordion-icon-opened\"><i class=\"fas fa-truck\"><\/i><\/span>\n\t\t\t\t\t\t\t\t\t\t\t\t\t\t<\/span>\n\t\t\t\t\t\t\t\t\t\t\t\t<a class=\"elementor-accordion-title\" tabindex=\"0\">Greitas pristatymas<\/a>\n\t\t\t\t\t<\/h4>\n\t\t\t\t\t<div id=\"elementor-tab-content-1881\" class=\"elementor-tab-content elementor-clearfix\" data-tab=\"1\" role=\"region\" aria-labelledby=\"elementor-tab-title-1881\"><p>Pristatymas gali u\u017etrukti nuo 5 iki 20 minu\u010di\u0173, priklausomai nuo j\u016bs\u0173 vietos m\u016bs\u0173 eil\u0117je<\/p><p>J\u016bs\u0173 u\u017esakymas bus \u201eAutomati\u0161kai gr\u0105\u017eintas\u201c, jei jis nebus pristatytas per 12 valand\u0173!<\/p><\/div>\n\t\t\t\t<\/div>\n\t\t\t\t\t\t\t\t<\/div>\n\t\t\t\t\t\t<\/div>\n\t\t\t\t<\/div>\n\t\t\t\t<div class=\"elementor-element elementor-element-449dc1df elementor-widget elementor-widget-accordion\" data-id=\"449dc1df\" data-element_type=\"widget\" data-e-type=\"widget\" data-widget_type=\"accordion.default\">\n\t\t\t\t<div class=\"elementor-widget-container\">\n\t\t\t\t\t\t\t<div class=\"elementor-accordion\">\n\t\t\t\t\t\t\t<div class=\"elementor-accordion-item\">\n\t\t\t\t\t<h4 id=\"elementor-tab-title-1151\" class=\"elementor-tab-title\" data-tab=\"1\" role=\"button\" aria-controls=\"elementor-tab-content-1151\" aria-expanded=\"false\">\n\t\t\t\t\t\t\t\t\t\t\t\t\t<span class=\"elementor-accordion-icon elementor-accordion-icon-left\" aria-hidden=\"true\">\n\t\t\t\t\t\t\t\t\t\t\t\t\t\t\t<span class=\"elementor-accordion-icon-closed\"><i class=\"fab fa-xbox\"><\/i><\/span>\n\t\t\t\t\t\t\t\t<span class=\"elementor-accordion-icon-opened\"><i class=\"fab fa-xbox\"><\/i><\/span>\n\t\t\t\t\t\t\t\t\t\t\t\t\t\t<\/span>\n\t\t\t\t\t\t\t\t\t\t\t\t<a class=\"elementor-accordion-title\" tabindex=\"0\">Kaip suaktyvinti<\/a>\n\t\t\t\t\t<\/h4>\n\t\t\t\t\t<div id=\"elementor-tab-content-1151\" class=\"elementor-tab-content elementor-clearfix\" data-tab=\"1\" role=\"region\" aria-labelledby=\"elementor-tab-title-1151\"><p>1. Pateik\u0119 u\u017esakym\u0105 atidarykite VPN ir prisijunkite prie el. lai\u0161ke nurodyto serverio.<\/p><p>2- Spustel\u0117kite tai\u00a0<a title=\"https:\/\/account.microsoft.com\/billing\/redeem?refd=login.live.com\" href=\"https:\/\/account.microsoft.com\/billing\/redeem?refd=login.live.com\"><strong>Nuoroda<\/strong><\/a>\u00a0&amp; Prisijunkite prie savo paskyros ir i\u0161pirkite gaut\u0105 rakt\u0105!<\/p><p>3 - M\u0117gaukit\u0117s!<\/p><\/div>\n\t\t\t\t<\/div>\n\t\t\t\t\t\t\t\t<\/div>\n\t\t\t\t\t\t<\/div>\n\t\t\t\t<\/div>\n\t\t\t\t\t<\/div>\n\t\t<\/div>\n\t\t\t\t\t<\/div>\n\t\t<\/section>\n\t\t\t\t<section class=\"elementor-section elementor-top-section elementor-element elementor-element-53fabf8c elementor-section-boxed elementor-section-height-default elementor-section-height-default\" data-id=\"53fabf8c\" data-element_type=\"section\" data-e-type=\"section\">\n\t\t\t\t\t\t<div class=\"elementor-container elementor-column-gap-default\">\n\t\t\t\t\t<div class=\"elementor-column elementor-col-100 elementor-top-column elementor-element elementor-element-35b9771d\" data-id=\"35b9771d\" data-element_type=\"column\" data-e-type=\"column\">\n\t\t\t<div class=\"elementor-widget-wrap elementor-element-populated\">\n\t\t\t\t\t\t<div class=\"elementor-element elementor-element-10dfae58 elementor-widget elementor-widget-text-editor\" data-id=\"10dfae58\" data-element_type=\"widget\" data-e-type=\"widget\" data-widget_type=\"text-editor.default\">\n\t\t\t\t<div class=\"elementor-widget-container\">\n\t\t\t\t\t\t\t\t\t<div class=\"game_page_autocollapse_ctn\"><div id=\"aboutThisGame\" class=\"game_page_autocollapse\" data-panel=\"{&quot;type&quot;:&quot;PanelGroup&quot;}\"><div id=\"game_area_description\" class=\"game_area_description\"><h4 style=\"text-align: center;\"><strong style=\"font-size: 1.41575em;\">APIE \u0160\u012e \u017dAIDIM\u0104<\/strong><\/h4><p><strong>Pastaba: versija, kurios \u017eaidimo tekstas i\u0161verstas \u012f angl\u0173, pranc\u016bz\u0173, vokie\u010di\u0173, ital\u0173 ir ispan\u0173 kalbas, bus prieinama nuo 2022 m. vasario 15 d.<\/strong><br \/><strong>Pastaba: i\u0161saugotus duomenis galite naudoti net ir pakeit\u0119 \u017eaidimo kalb\u0105.<\/strong><br \/><strong>Ta\u010diau pasirinktiniai pareig\u016bn\u0173 vardai ir pareig\u016bn\u0173 vardai originaliose laiko juostose bus pakeisti bendriniais vardais.<\/strong><\/p><p>\u012era\u0161ykite savo gyvenim\u0105 m\u016b\u0161io lauke!<br \/>Naujas \u201cEmpires\u201d serijos leidimas, leid\u017eiantis vartotojams m\u0117gautis tiek vieno prie\u0161 t\u016bkstant\u012f veiksmo jauduliu, tiek \u0161ali\u0173 u\u017ekariavimo simuliacijos sud\u0117tingumu!<\/p><p>DINASTIJ\u0172 KARI\u0172 9 imperij\u0173 ta\u0161kai<br \/>\u25a0Laisvai valdyk savo armijas! \u012esp\u016bdingi pili\u0173 apgulties momentai!<br \/>Kovos i\u0161sipl\u0117t\u0117 i\u0161 ankstesni\u0173 \u017eaidim\u0173 \u201cm\u016b\u0161i\u0173\u201d \u012f \u201cpili\u0173 apgultis\u201d, kurios vyksta kiekvienos pilies apylink\u0117se. Nuolat besikei\u010dian\u010dioje aplinkoje pasitelkite gudr\u0173 planavim\u0105 ir karin\u0119 gali\u0105, kad m\u0117gautum\u0117t\u0117s \u0161iuo nauju m\u016b\u0161i\u0173 stiliumi, kuriame svarbiausias klausimas yra \u201cKoks geriausias b\u016bdas u\u017eimti \u0161i\u0105 pil\u012f?\u201d.\u201d<\/p><p>\u25a0Politin\u0117 sistema, kurioje pareig\u016bno charakteris ir pasitik\u0117jimas gali sustiprinti \u0161al\u012f.<br \/>Politikoje karinink\u0173 pasirinkimai ir tarpusavio s\u0105veika nulems paj\u0117g\u0173 pagrindus. \u017daid\u0117jai gali patirti \u012fvairius gyvenimo b\u016bdus, \u017eaisdami kaip valdovai, generolai, nepriklausomi karininkai ir kiti. Be to, karininko s\u0105veika su kitais karininkais pad\u0117s stiprinti \u0161al\u012f, kurios dalimi jis yra.<\/p><p>\u25a0Gyvenkite dramati\u0161kai! Patobulintas \u201cRedagavimo re\u017eimas\u201d.<br \/>\u017daidime yra redagavimo re\u017eimas \u2013 serijos pam\u0117gtas re\u017eimas. \u017daid\u0117jai gali kurti savo karininkus i\u0161 \u012fvairi\u0173 dali\u0173.<br \/>Su 94 Musou karininkais ir daugiau nei 700 bendr\u0173j\u0173 karinink\u0173, pasirodan\u010di\u0173 DYNASTY WARRIORS 9 \u017eaidime, \u017eaid\u0117jai gali dramati\u0161kiau papildyti savo \u201eDynasty Warriors\u201c patirt\u012f.<\/p><p>Pastaba: taip pat parduodamas \u201eDYNASTY WARRIORS 9 Empires Deluxe Edition\u201c. Pirkdami patvirtinkite savo produkt\u0105.<br \/>Pastaba: Paveiksl\u0117liai paimti i\u0161 k\u016brimo versijos. Tikrajame \u017eaidime jie gali atrodyti kitaip.<\/p><\/div><\/div><\/div><div class=\"game_page_autocollapse_ctn expanded\"><div class=\"game_page_autocollapse sys_req\"><h2><iframe title=\"\u201eDynasty Warriors 9 Empires\u201c \u2013 paleidimo anonsas | PS4\" data-src=\"https:\/\/www.youtube.com\/embed\/kUTZa6I3vc4\" width=\"1904\" height=\"800\" frameborder=\"0\" allowfullscreen=\"allowfullscreen\" src=\"data:image\/svg+xml;base64,PHN2ZyB3aWR0aD0iMSIgaGVpZ2h0PSIxIiB4bWxucz0iaHR0cDovL3d3dy53My5vcmcvMjAwMC9zdmciPjwvc3ZnPg==\" class=\"lazyload\" data-load-mode=\"1\"><\/iframe><\/h2><h2>SISTEMOS REIKALAVIMAI<\/h2><div class=\"sysreq_contents\"><div class=\"game_area_sys_req sysreq_content active\" data-os=\"win\"><div class=\"game_area_sys_req_leftCol\"><p><strong>MINIMUMAS:<\/strong><\/p><ul><li style=\"list-style-type: none;\"><ul class=\"bb_ul\"><li>Reikalingas 64 bit\u0173 procesorius ir operacin\u0117 sistema<\/li><li><strong>OS:<\/strong>\u00a0\u201eWindows\u00ae 8.1\u201c, \u201eWindows\u00ae 10\u201c, 64 bit\u0173<\/li><li><strong>Procesorius:<\/strong>\u00a0\u201eIntel Core i5 4460\u201c arba naujesnis procesorius<\/li><li><strong>Atmintis:<\/strong>\u00a06 GB RAM<\/li><li><strong>Grafika:<\/strong>\u00a0NVIDIA GeForce GTX 760 (2 GB) \/ AMD Radeon R7 370 (4 GB) arba didesn\u0117 vaizdo plok\u0161t\u0117<\/li><li><strong>\u201eDirectX\u201c:<\/strong>\u00a011 versija<\/li><li><strong>Tinklas:<\/strong>\u00a0Pla\u010diajuostis interneto ry\u0161ys<\/li><li><strong>Saugykla:<\/strong>\u00a050 GB laisvos vietos<\/li><li><strong>Garso plok\u0161t\u0117:<\/strong>\u00a0Galima atkurti 16 bit\u0173 stereo, 48 kHz WAVE failus<\/li><li><strong>Papildomos pastabos:<\/strong>\u00a0Nustatykite grafikos kokyb\u0119 \u012f \u201c\u017dema\u201d skiltyje \u201eGrafikos nustatymai (i\u0161pl\u0117stiniai)\u201c. Tai automati\u0161kai pakoreguos nustatymus iki 1280 \u00d7 720.<\/li><\/ul><\/li><\/ul><\/div><div class=\"game_area_sys_req_rightCol\"><p><strong>REKOMENDUOJAMA:<\/strong><\/p><ul><li style=\"list-style-type: none;\"><ul class=\"bb_ul\"><li>Reikalingas 64 bit\u0173 procesorius ir operacin\u0117 sistema<\/li><li><strong>OS:<\/strong>\u00a0\u201eWindows\u00ae 8.1\u201c, \u201eWindows\u00ae 10\u201c, 64 bit\u0173<\/li><li><strong>Procesorius:<\/strong>\u00a0\u201eIntel Core i7 3770\u201c \/ \u201eAMD Ryzen 5 2600\u201c arba naujesnis procesorius<\/li><li><strong>Atmintis:<\/strong>\u00a08 GB operatyviosios atminties<\/li><li><strong>Grafika:<\/strong>\u00a0NVIDIA GeForce GTX 1660 \/ AMD Radeon RX 5600 XT arba naujesn\u0117 vaizdo plok\u0161t\u0117, 6 GB arba daugiau vaizdo atminties<\/li><li><strong>\u201eDirectX\u201c:<\/strong>\u00a011 versija<\/li><li><strong>Tinklas:<\/strong>\u00a0Pla\u010diajuostis interneto ry\u0161ys<\/li><li><strong>Saugykla:<\/strong>\u00a050 GB laisvos vietos<\/li><li><strong>Garso plok\u0161t\u0117:<\/strong>\u00a016 bit\u0173 5.1 kanalo erdvinis garsas, galima atkurti 48 kHz WAVE failus<\/li><li><strong>Papildomos pastabos:<\/strong>\u00a0Nustatykite grafikos kokyb\u0119 \u012f \u201cAuk\u0161ta\u201d skiltyje \u201eGrafikos nustatymai (i\u0161pl\u0117stiniai)\u201c. Tai automati\u0161kai pakoreguos nustatymus \u012f 1920 \u00d7 1080.<\/li><\/ul><\/li><\/ul><\/div><\/div><\/div><\/div><\/div>\t\t\t\t\t\t\t\t<\/div>\n\t\t\t\t<\/div>\n\t\t\t\t\t<\/div>\n\t\t<\/div>\n\t\t\t\t\t<\/div>\n\t\t<\/section>\n\t\t\t\t<\/div>","protected":false},"excerpt":{"rendered":"<p>Fast Delivery Delivery can take 5 to 20 minutes, according to your place in our queue Your Order will be \u2018Auto Refunded\u2019 in case it does not get delivered after 12 hours! How To Activate 1- Open up a VPN and connect to the server specified in your email after placing your order. 2- Click [&hellip;]<\/p>\n","protected":false},"featured_media":904,"comment_status":"closed","ping_status":"closed","template":"","meta":{"_crdt_document":"","jetpack_publicize_message":"","jetpack_publicize_feature_enabled":true,"jetpack_social_post_already_shared":true,"jetpack_social_options":{"image_generator_settings":{"template":"highway","default_image_id":0,"font":"","enabled":false},"version":2},"_wpas_customize_per_network":false},"product_brand":[],"product_cat":[1375,1374],"product_tag":[],"class_list":{"0":"post-449","1":"product","2":"type-product","3":"status-publish","4":"has-post-thumbnail","6":"product_cat-pc","7":"product_cat-xbox","9":"first","10":"outofstock","11":"sale","12":"taxable","13":"shipping-taxable","14":"purchasable","15":"product-type-variable","16":"has-default-attributes"},"yoast_head":"<!-- This site is optimized with the Yoast SEO Premium plugin v27.4 (Yoast SEO v27.4) - https:\/\/yoast.com\/product\/yoast-seo-premium-wordpress\/ -->\n<title>DYNASTY WARRIORS 9 Empires - EnderG<\/title>\n<meta name=\"robots\" content=\"index, follow, max-snippet:-1, max-image-preview:large, max-video-preview:-1\" \/>\n<link rel=\"canonical\" href=\"https:\/\/enderg.com\/lt\/product\/dinastijos-kariai-9-imperijos\/\" \/>\n<meta property=\"og:locale\" content=\"lt_LT\" \/>\n<meta property=\"og:type\" content=\"article\" \/>\n<meta property=\"og:title\" content=\"DYNASTY WARRIORS 9 Empires\" \/>\n<meta property=\"og:description\" content=\"Fast Delivery Delivery can take 5 to 20 minutes, according to your place in our queue Your Order will be \u2018Auto Refunded\u2019 in case it does not get delivered after 12 hours! How To Activate 1- Open up a VPN and connect to the server specified in your email after placing your order. 2- Click [&hellip;]\" \/>\n<meta property=\"og:url\" content=\"https:\/\/enderg.com\/lt\/product\/dinastijos-kariai-9-imperijos\/\" \/>\n<meta property=\"og:site_name\" content=\"EnderG\" \/>\n<meta property=\"article:publisher\" content=\"https:\/\/www.facebook.com\/Endergg1\/\" \/>\n<meta property=\"article:modified_time\" content=\"2024-06-25T22:45:58+00:00\" \/>\n<meta property=\"og:image\" content=\"https:\/\/enderg.com\/wp-content\/uploads\/2022\/08\/dynasty-warriors-9-empires_5f9y.jpg\" \/>\n\t<meta property=\"og:image:width\" content=\"1000\" \/>\n\t<meta property=\"og:image:height\" content=\"1000\" \/>\n\t<meta property=\"og:image:type\" content=\"image\/jpeg\" \/>\n<meta name=\"twitter:card\" content=\"summary_large_image\" \/>\n<meta name=\"twitter:label1\" content=\"Est. reading time\" \/>\n\t<meta name=\"twitter:data1\" content=\"3 minut\u0117s\" \/>\n<script type=\"application\/ld+json\" class=\"yoast-schema-graph\">{\"@context\":\"https:\\\/\\\/schema.org\",\"@graph\":[{\"@type\":\"WebPage\",\"@id\":\"https:\\\/\\\/enderg.com\\\/product\\\/dynasty-warriors-9-empires\\\/\",\"url\":\"https:\\\/\\\/enderg.com\\\/product\\\/dynasty-warriors-9-empires\\\/\",\"name\":\"DYNASTY WARRIORS 9 Empires - EnderG\",\"isPartOf\":{\"@id\":\"https:\\\/\\\/enderg.com\\\/#website\"},\"primaryImageOfPage\":{\"@id\":\"https:\\\/\\\/enderg.com\\\/product\\\/dynasty-warriors-9-empires\\\/#primaryimage\"},\"image\":{\"@id\":\"https:\\\/\\\/enderg.com\\\/product\\\/dynasty-warriors-9-empires\\\/#primaryimage\"},\"thumbnailUrl\":\"https:\\\/\\\/i0.wp.com\\\/enderg.com\\\/wp-content\\\/uploads\\\/2022\\\/08\\\/dynasty-warriors-9-empires_5f9y.jpg?fit=1000%2C1000&ssl=1\",\"datePublished\":\"2022-08-07T00:00:46+00:00\",\"dateModified\":\"2024-06-25T22:45:58+00:00\",\"breadcrumb\":{\"@id\":\"https:\\\/\\\/enderg.com\\\/product\\\/dynasty-warriors-9-empires\\\/#breadcrumb\"},\"inLanguage\":\"lt-LT\",\"potentialAction\":[{\"@type\":\"ReadAction\",\"target\":[\"https:\\\/\\\/enderg.com\\\/product\\\/dynasty-warriors-9-empires\\\/\"]}]},{\"@type\":\"ImageObject\",\"inLanguage\":\"lt-LT\",\"@id\":\"https:\\\/\\\/enderg.com\\\/product\\\/dynasty-warriors-9-empires\\\/#primaryimage\",\"url\":\"https:\\\/\\\/i0.wp.com\\\/enderg.com\\\/wp-content\\\/uploads\\\/2022\\\/08\\\/dynasty-warriors-9-empires_5f9y.jpg?fit=1000%2C1000&ssl=1\",\"contentUrl\":\"https:\\\/\\\/i0.wp.com\\\/enderg.com\\\/wp-content\\\/uploads\\\/2022\\\/08\\\/dynasty-warriors-9-empires_5f9y.jpg?fit=1000%2C1000&ssl=1\",\"width\":1000,\"height\":1000},{\"@type\":\"BreadcrumbList\",\"@id\":\"https:\\\/\\\/enderg.com\\\/product\\\/dynasty-warriors-9-empires\\\/#breadcrumb\",\"itemListElement\":[{\"@type\":\"ListItem\",\"position\":1,\"name\":\"Home\",\"item\":\"https:\\\/\\\/enderg.com\\\/\"},{\"@type\":\"ListItem\",\"position\":2,\"name\":\"Shop\",\"item\":\"https:\\\/\\\/enderg.com\\\/shop\\\/\"},{\"@type\":\"ListItem\",\"position\":3,\"name\":\"DYNASTY WARRIORS 9 Empires\"}]},{\"@type\":\"WebSite\",\"@id\":\"https:\\\/\\\/enderg.com\\\/#website\",\"url\":\"https:\\\/\\\/enderg.com\\\/\",\"name\":\"EnderG\",\"description\":\"Cheaper Is What We Do!\",\"publisher\":{\"@id\":\"https:\\\/\\\/enderg.com\\\/#organization\"},\"potentialAction\":[{\"@type\":\"SearchAction\",\"target\":{\"@type\":\"EntryPoint\",\"urlTemplate\":\"https:\\\/\\\/enderg.com\\\/?s={search_term_string}\"},\"query-input\":{\"@type\":\"PropertyValueSpecification\",\"valueRequired\":true,\"valueName\":\"search_term_string\"}}],\"inLanguage\":\"lt-LT\"},{\"@type\":\"Organization\",\"@id\":\"https:\\\/\\\/enderg.com\\\/#organization\",\"name\":\"EnderG\",\"url\":\"https:\\\/\\\/enderg.com\\\/\",\"logo\":{\"@type\":\"ImageObject\",\"inLanguage\":\"lt-LT\",\"@id\":\"https:\\\/\\\/enderg.com\\\/#\\\/schema\\\/logo\\\/image\\\/\",\"url\":\"https:\\\/\\\/enderg.com\\\/wp-content\\\/uploads\\\/2023\\\/03\\\/222222222221.png\",\"contentUrl\":\"https:\\\/\\\/enderg.com\\\/wp-content\\\/uploads\\\/2023\\\/03\\\/222222222221.png\",\"width\":512,\"height\":512,\"caption\":\"EnderG\"},\"image\":{\"@id\":\"https:\\\/\\\/enderg.com\\\/#\\\/schema\\\/logo\\\/image\\\/\"},\"sameAs\":[\"https:\\\/\\\/www.facebook.com\\\/Endergg1\\\/\",\"https:\\\/\\\/www.instagram.com\\\/enderg01\",\"https:\\\/\\\/www.youtube.com\\\/@enderg-com\"],\"description\":\"Cheaper Gaming is what we do!\",\"legalName\":\"Vandar Limited\",\"foundingDate\":\"2022-06-21\"}]}<\/script>\n<!-- \/ Yoast SEO Premium plugin. -->","yoast_head_json":{"title":"DYNASTY WARRIORS 9 Imperials - EnderG","robots":{"index":"index","follow":"follow","max-snippet":"max-snippet:-1","max-image-preview":"max-image-preview:large","max-video-preview":"max-video-preview:-1"},"canonical":"https:\/\/enderg.com\/lt\/product\/dinastijos-kariai-9-imperijos\/","og_locale":"lt_LT","og_type":"article","og_title":"DYNASTY WARRIORS 9 Empires","og_description":"Fast Delivery Delivery can take 5 to 20 minutes, according to your place in our queue Your Order will be \u2018Auto Refunded\u2019 in case it does not get delivered after 12 hours! How To Activate 1- Open up a VPN and connect to the server specified in your email after placing your order. 2- Click [&hellip;]","og_url":"https:\/\/enderg.com\/lt\/product\/dinastijos-kariai-9-imperijos\/","og_site_name":"EnderG","article_publisher":"https:\/\/www.facebook.com\/Endergg1\/","article_modified_time":"2024-06-25T22:45:58+00:00","og_image":[{"width":1000,"height":1000,"url":"https:\/\/enderg.com\/wp-content\/uploads\/2022\/08\/dynasty-warriors-9-empires_5f9y.jpg","type":"image\/jpeg"}],"twitter_card":"summary_large_image","twitter_misc":{"Est. reading time":"3 minut\u0117s"},"schema":{"@context":"https:\/\/schema.org","@graph":[{"@type":"WebPage","@id":"https:\/\/enderg.com\/product\/dynasty-warriors-9-empires\/","url":"https:\/\/enderg.com\/product\/dynasty-warriors-9-empires\/","name":"DYNASTY WARRIORS 9 Imperials - EnderG","isPartOf":{"@id":"https:\/\/enderg.com\/#website"},"primaryImageOfPage":{"@id":"https:\/\/enderg.com\/product\/dynasty-warriors-9-empires\/#primaryimage"},"image":{"@id":"https:\/\/enderg.com\/product\/dynasty-warriors-9-empires\/#primaryimage"},"thumbnailUrl":"https:\/\/i0.wp.com\/enderg.com\/wp-content\/uploads\/2022\/08\/dynasty-warriors-9-empires_5f9y.jpg?fit=1000%2C1000&ssl=1","datePublished":"2022-08-07T00:00:46+00:00","dateModified":"2024-06-25T22:45:58+00:00","breadcrumb":{"@id":"https:\/\/enderg.com\/product\/dynasty-warriors-9-empires\/#breadcrumb"},"inLanguage":"lt-LT","potentialAction":[{"@type":"ReadAction","target":["https:\/\/enderg.com\/product\/dynasty-warriors-9-empires\/"]}]},{"@type":"ImageObject","inLanguage":"lt-LT","@id":"https:\/\/enderg.com\/product\/dynasty-warriors-9-empires\/#primaryimage","url":"https:\/\/i0.wp.com\/enderg.com\/wp-content\/uploads\/2022\/08\/dynasty-warriors-9-empires_5f9y.jpg?fit=1000%2C1000&ssl=1","contentUrl":"https:\/\/i0.wp.com\/enderg.com\/wp-content\/uploads\/2022\/08\/dynasty-warriors-9-empires_5f9y.jpg?fit=1000%2C1000&ssl=1","width":1000,"height":1000},{"@type":"BreadcrumbList","@id":"https:\/\/enderg.com\/product\/dynasty-warriors-9-empires\/#breadcrumb","itemListElement":[{"@type":"ListItem","position":1,"name":"Home","item":"https:\/\/enderg.com\/"},{"@type":"ListItem","position":2,"name":"Shop","item":"https:\/\/enderg.com\/shop\/"},{"@type":"ListItem","position":3,"name":"DYNASTY WARRIORS 9 Empires"}]},{"@type":"WebSite","@id":"https:\/\/enderg.com\/#website","url":"https:\/\/enderg.com\/","name":"EnderG","description":"Pigiau yra tai, k\u0105 mes darome!","publisher":{"@id":"https:\/\/enderg.com\/#organization"},"potentialAction":[{"@type":"SearchAction","target":{"@type":"EntryPoint","urlTemplate":"https:\/\/enderg.com\/?s={search_term_string}"},"query-input":{"@type":"PropertyValueSpecification","valueRequired":true,"valueName":"search_term_string"}}],"inLanguage":"lt-LT"},{"@type":"Organization","@id":"https:\/\/enderg.com\/#organization","name":"EnderG","url":"https:\/\/enderg.com\/","logo":{"@type":"ImageObject","inLanguage":"lt-LT","@id":"https:\/\/enderg.com\/#\/schema\/logo\/image\/","url":"https:\/\/enderg.com\/wp-content\/uploads\/2023\/03\/222222222221.png","contentUrl":"https:\/\/enderg.com\/wp-content\/uploads\/2023\/03\/222222222221.png","width":512,"height":512,"caption":"EnderG"},"image":{"@id":"https:\/\/enderg.com\/#\/schema\/logo\/image\/"},"sameAs":["https:\/\/www.facebook.com\/Endergg1\/","https:\/\/www.instagram.com\/enderg01","https:\/\/www.youtube.com\/@enderg-com"],"description":"Pigesni \u017eaidimai \u2013 tai, k\u0105 mes darome!","legalName":"Vandar Limited","foundingDate":"2022-06-21"}]}},"jetpack_publicize_connections":[],"jetpack_likes_enabled":true,"jetpack_sharing_enabled":true,"jetpack-related-posts":[],"_links":{"self":[{"href":"https:\/\/enderg.com\/lt\/wp-json\/wp\/v2\/product\/449","targetHints":{"allow":["GET"]}}],"collection":[{"href":"https:\/\/enderg.com\/lt\/wp-json\/wp\/v2\/product"}],"about":[{"href":"https:\/\/enderg.com\/lt\/wp-json\/wp\/v2\/types\/product"}],"replies":[{"embeddable":true,"href":"https:\/\/enderg.com\/lt\/wp-json\/wp\/v2\/comments?post=449"}],"version-history":[{"count":8,"href":"https:\/\/enderg.com\/lt\/wp-json\/wp\/v2\/product\/449\/revisions"}],"predecessor-version":[{"id":8770,"href":"https:\/\/enderg.com\/lt\/wp-json\/wp\/v2\/product\/449\/revisions\/8770"}],"wp:featuredmedia":[{"embeddable":true,"href":"https:\/\/enderg.com\/lt\/wp-json\/wp\/v2\/media\/904"}],"wp:attachment":[{"href":"https:\/\/enderg.com\/lt\/wp-json\/wp\/v2\/media?parent=449"}],"wp:term":[{"taxonomy":"product_brand","embeddable":true,"href":"https:\/\/enderg.com\/lt\/wp-json\/wp\/v2\/product_brand?post=449"},{"taxonomy":"product_cat","embeddable":true,"href":"https:\/\/enderg.com\/lt\/wp-json\/wp\/v2\/product_cat?post=449"},{"taxonomy":"product_tag","embeddable":true,"href":"https:\/\/enderg.com\/lt\/wp-json\/wp\/v2\/product_tag?post=449"}],"curies":[{"name":"wp","href":"https:\/\/api.w.org\/{rel}","templated":true}]}}