{"id":415,"date":"2022-08-07T02:55:36","date_gmt":"2022-08-06T23:55:36","guid":{"rendered":"https:\/\/enderg.com\/?post_type=product&#038;p=415"},"modified":"2024-06-26T01:45:58","modified_gmt":"2024-06-25T22:45:58","slug":"kiberpankas-2077","status":"publish","type":"product","link":"https:\/\/enderg.com\/lt\/product\/cyberpunk-2077\/","title":{"rendered":"Cyberpunk 2077"},"content":{"rendered":"<div data-elementor-type=\"wp-post\" data-elementor-id=\"415\" class=\"elementor elementor-415\" data-elementor-post-type=\"product\">\n\t\t\t\t\t\t<section class=\"elementor-section elementor-top-section elementor-element elementor-element-605670b6 elementor-section-boxed elementor-section-height-default elementor-section-height-default\" data-id=\"605670b6\" data-element_type=\"section\" data-e-type=\"section\">\n\t\t\t\t\t\t<div class=\"elementor-container elementor-column-gap-default\">\n\t\t\t\t\t<div class=\"elementor-column elementor-col-100 elementor-top-column elementor-element elementor-element-2a1ec026\" data-id=\"2a1ec026\" data-element_type=\"column\" data-e-type=\"column\">\n\t\t\t<div class=\"elementor-widget-wrap elementor-element-populated\">\n\t\t\t\t\t\t<div class=\"elementor-element elementor-element-b922821 elementor-widget elementor-widget-accordion\" data-id=\"b922821\" data-element_type=\"widget\" data-e-type=\"widget\" data-widget_type=\"accordion.default\">\n\t\t\t\t<div class=\"elementor-widget-container\">\n\t\t\t\t\t\t\t<div class=\"elementor-accordion\">\n\t\t\t\t\t\t\t<div class=\"elementor-accordion-item\">\n\t\t\t\t\t<h4 id=\"elementor-tab-title-1941\" class=\"elementor-tab-title\" data-tab=\"1\" role=\"button\" aria-controls=\"elementor-tab-content-1941\" aria-expanded=\"false\">\n\t\t\t\t\t\t\t\t\t\t\t\t\t<span class=\"elementor-accordion-icon elementor-accordion-icon-left\" aria-hidden=\"true\">\n\t\t\t\t\t\t\t\t\t\t\t\t\t\t\t<span class=\"elementor-accordion-icon-closed\"><i class=\"fas fa-truck\"><\/i><\/span>\n\t\t\t\t\t\t\t\t<span class=\"elementor-accordion-icon-opened\"><i class=\"fas fa-truck\"><\/i><\/span>\n\t\t\t\t\t\t\t\t\t\t\t\t\t\t<\/span>\n\t\t\t\t\t\t\t\t\t\t\t\t<a class=\"elementor-accordion-title\" tabindex=\"0\">Greitas pristatymas<\/a>\n\t\t\t\t\t<\/h4>\n\t\t\t\t\t<div id=\"elementor-tab-content-1941\" class=\"elementor-tab-content elementor-clearfix\" data-tab=\"1\" role=\"region\" aria-labelledby=\"elementor-tab-title-1941\"><p>Pristatymas gali u\u017etrukti nuo 5 iki 20 minu\u010di\u0173, priklausomai nuo j\u016bs\u0173 vietos m\u016bs\u0173 eil\u0117je<\/p><p>J\u016bs\u0173 u\u017esakymas bus \u201eAutomati\u0161kai gr\u0105\u017eintas\u201c, jei jis nebus pristatytas per 12 valand\u0173!<\/p><\/div>\n\t\t\t\t<\/div>\n\t\t\t\t\t\t\t\t<\/div>\n\t\t\t\t\t\t<\/div>\n\t\t\t\t<\/div>\n\t\t\t\t<div class=\"elementor-element elementor-element-31148db elementor-widget elementor-widget-accordion\" data-id=\"31148db\" data-element_type=\"widget\" data-e-type=\"widget\" data-widget_type=\"accordion.default\">\n\t\t\t\t<div class=\"elementor-widget-container\">\n\t\t\t\t\t\t\t<div class=\"elementor-accordion\">\n\t\t\t\t\t\t\t<div class=\"elementor-accordion-item\">\n\t\t\t\t\t<h4 id=\"elementor-tab-title-5141\" class=\"elementor-tab-title\" data-tab=\"1\" role=\"button\" aria-controls=\"elementor-tab-content-5141\" aria-expanded=\"false\">\n\t\t\t\t\t\t\t\t\t\t\t\t\t<span class=\"elementor-accordion-icon elementor-accordion-icon-left\" aria-hidden=\"true\">\n\t\t\t\t\t\t\t\t\t\t\t\t\t\t\t<span class=\"elementor-accordion-icon-closed\"><i class=\"fab fa-xbox\"><\/i><\/span>\n\t\t\t\t\t\t\t\t<span class=\"elementor-accordion-icon-opened\"><i class=\"fab fa-xbox\"><\/i><\/span>\n\t\t\t\t\t\t\t\t\t\t\t\t\t\t<\/span>\n\t\t\t\t\t\t\t\t\t\t\t\t<a class=\"elementor-accordion-title\" tabindex=\"0\">Kaip suaktyvinti<\/a>\n\t\t\t\t\t<\/h4>\n\t\t\t\t\t<div id=\"elementor-tab-content-5141\" class=\"elementor-tab-content elementor-clearfix\" data-tab=\"1\" role=\"region\" aria-labelledby=\"elementor-tab-title-5141\"><p>1. Pateik\u0119 u\u017esakym\u0105 atidarykite VPN ir prisijunkite prie el. lai\u0161ke nurodyto serverio.<\/p><p>2- Spustel\u0117kite tai\u00a0<a title=\"https:\/\/account.microsoft.com\/billing\/redeem?refd=login.live.com\" href=\"https:\/\/account.microsoft.com\/billing\/redeem?refd=login.live.com\"><strong>Nuoroda<\/strong><\/a>\u00a0&amp; Prisijunkite prie savo paskyros ir i\u0161pirkite gaut\u0105 rakt\u0105!<\/p><p>3 - M\u0117gaukit\u0117s!<\/p><\/div>\n\t\t\t\t<\/div>\n\t\t\t\t\t\t\t\t<\/div>\n\t\t\t\t\t\t<\/div>\n\t\t\t\t<\/div>\n\t\t\t\t\t<\/div>\n\t\t<\/div>\n\t\t\t\t\t<\/div>\n\t\t<\/section>\n\t\t\t\t<section class=\"elementor-section elementor-top-section elementor-element elementor-element-4b6d3618 elementor-section-boxed elementor-section-height-default elementor-section-height-default\" data-id=\"4b6d3618\" data-element_type=\"section\" data-e-type=\"section\">\n\t\t\t\t\t\t<div class=\"elementor-container elementor-column-gap-default\">\n\t\t\t\t\t<div class=\"elementor-column elementor-col-100 elementor-top-column elementor-element elementor-element-5ac05a4b\" data-id=\"5ac05a4b\" data-element_type=\"column\" data-e-type=\"column\">\n\t\t\t<div class=\"elementor-widget-wrap elementor-element-populated\">\n\t\t\t\t\t\t<div class=\"elementor-element elementor-element-4a725ddf elementor-widget elementor-widget-text-editor\" data-id=\"4a725ddf\" data-element_type=\"widget\" data-e-type=\"widget\" data-widget_type=\"text-editor.default\">\n\t\t\t\t<div class=\"elementor-widget-container\">\n\t\t\t\t\t\t\t\t\t<div class=\"game_page_autocollapse_ctn expanded\"><div id=\"aboutThisGame\" class=\"game_page_autocollapse\" data-panel=\"{&quot;type&quot;:&quot;PanelGroup&quot;}\"><div id=\"game_area_description\" class=\"game_area_description\"><h4 style=\"text-align: center;\"><strong style=\"font-size: 1.41575em;\">APIE \u0160\u012e \u017dAIDIM\u0104<\/strong><img decoding=\"async\" data-recalc-dims=\"1\" data-src=\"https:\/\/i0.wp.com\/cdn.cloudflare.steamstatic.com\/steam\/apps\/1091500\/extras\/NGU_ABOUT_THE_GAME_1-5_EN.png?w=980&#038;ssl=1\" src=\"data:image\/svg+xml;base64,PHN2ZyB3aWR0aD0iMSIgaGVpZ2h0PSIxIiB4bWxucz0iaHR0cDovL3d3dy53My5vcmcvMjAwMC9zdmciPjwvc3ZnPg==\" class=\"lazyload\" \/><\/h4><p>\u201eCyberpunk 2077\u201c \u2013 tai atvirojo pasaulio veiksmo ir nuotyki\u0173 RPG, kurio veiksmas vyksta Nakties miesto megapolyje, kur \u017eaid\u017eiate kaip kiberpanko samdinys, \u012fsitrauk\u0119s \u012f i\u0161likimo kov\u0105 bevilti\u0161kai. Patobulintame ir su visi\u0161kai nauju nemokamu papildomu turiniu galite tinkinti savo persona\u017e\u0105 ir \u017eaidimo stili\u0173, imdamiesi darb\u0173, kurdami reputacij\u0105 ir atrakindami patobulinimus. J\u016bs\u0173 u\u017emegzti santykiai ir priimti sprendimai formuos istorij\u0105 ir jus supant\u012f pasaul\u012f. \u010cia gimsta legendos. Kokia bus j\u016bs\u0173?<\/p><p><img decoding=\"async\" data-recalc-dims=\"1\" data-src=\"https:\/\/i0.wp.com\/cdn.cloudflare.steamstatic.com\/steam\/apps\/1091500\/extras\/NGU_CREATE_YOUR_OWN_CYBERPUNK_EN.png?w=980&#038;ssl=1\" src=\"data:image\/svg+xml;base64,PHN2ZyB3aWR0aD0iMSIgaGVpZ2h0PSIxIiB4bWxucz0iaHR0cDovL3d3dy53My5vcmcvMjAwMC9zdmciPjwvc3ZnPg==\" class=\"lazyload\" \/><\/p><p>SUKURK SAVO KIBERPANK\u0104<br \/>Tapk miesto nusikalt\u0117liu, apr\u016bpintu kibernetiniais patobulinimais, ir kurk savo legend\u0105 Naktinio miesto gatv\u0117se.<\/p><p><img decoding=\"async\" data-recalc-dims=\"1\" data-src=\"https:\/\/i0.wp.com\/cdn.cloudflare.steamstatic.com\/steam\/apps\/1091500\/extras\/NGU_EXPLORE_THE_CITY_OF_FUTURE_EN.png?w=980&#038;ssl=1\" src=\"data:image\/svg+xml;base64,PHN2ZyB3aWR0aD0iMSIgaGVpZ2h0PSIxIiB4bWxucz0iaHR0cDovL3d3dy53My5vcmcvMjAwMC9zdmciPjwvc3ZnPg==\" class=\"lazyload\" \/><\/p><p>TYRIN\u0116KITE ATEITIES MIEST\u0104<br \/>Naktinis miestas pilnas pramog\u0173, lankytin\u0173 viet\u0173 ir sutikt\u0173 \u017emoni\u0173. Ir tik nuo tav\u0119s priklauso, kur, kada ir kaip ten nuvykti.<\/p><p><img decoding=\"async\" data-recalc-dims=\"1\" data-src=\"https:\/\/i0.wp.com\/cdn.cloudflare.steamstatic.com\/steam\/apps\/1091500\/extras\/NGU_BUILD_YOUR_LEGEND_EN.png?w=980&#038;ssl=1\" src=\"data:image\/svg+xml;base64,PHN2ZyB3aWR0aD0iMSIgaGVpZ2h0PSIxIiB4bWxucz0iaHR0cDovL3d3dy53My5vcmcvMjAwMC9zdmciPjwvc3ZnPg==\" class=\"lazyload\" \/><\/p><p>SUKURK SAVO LEGEND\u0104<br \/>Leiskit\u0117s \u012f dr\u0105sius nuotykius ir u\u017emegzkite ry\u0161ius su nepamir\u0161tamais persona\u017eais, kuri\u0173 likimus formuoja j\u016bs\u0173 pasirinkimai.<\/p><p><img decoding=\"async\" data-recalc-dims=\"1\" data-src=\"https:\/\/i0.wp.com\/cdn.cloudflare.steamstatic.com\/steam\/apps\/1091500\/extras\/NGU_EQUIPPED_WITH_IMPROVEMENTS_EN.png?w=980&#038;ssl=1\" src=\"data:image\/svg+xml;base64,PHN2ZyB3aWR0aD0iMSIgaGVpZ2h0PSIxIiB4bWxucz0iaHR0cDovL3d3dy53My5vcmcvMjAwMC9zdmciPjwvc3ZnPg==\" class=\"lazyload\" \/><\/p><p>PATOBULINTA<br \/>Patirkite \u201eCyberpunk 2077\u201c su daugybe \u017eaidimo eigos ir ekonomikos, miesto, \u017eem\u0117lapio naudojimo ir kit\u0173 pakeitim\u0173 bei patobulinim\u0173.<\/p><p><img decoding=\"async\" data-recalc-dims=\"1\" data-src=\"https:\/\/i0.wp.com\/cdn.cloudflare.steamstatic.com\/steam\/apps\/1091500\/extras\/NGU_INCLUDES_FREE_ADDITIONAL_CONTENT_EN.png?w=980&#038;ssl=1\" src=\"data:image\/svg+xml;base64,PHN2ZyB3aWR0aD0iMSIgaGVpZ2h0PSIxIiB4bWxucz0iaHR0cDovL3d3dy53My5vcmcvMjAwMC9zdmciPjwvc3ZnPg==\" class=\"lazyload\" \/><\/p><p>\u012eSKAITANT NEMOKAM\u0104 PAPILDOMO TURINIO<br \/>Gaukite daugyb\u0119 nemokam\u0173 daikt\u0173, \u012fskaitant naujus ginklus ir artimojo kovos ginklus, taip pat papildomas pritaikymo parinktis ir dar daugiau.<\/p><p>EIKITE \u012e\u00a0<a href=\"https:\/\/steamcommunity.com\/linkfilter\/?url=http:\/\/CYBERPUNK.NET\" target=\"_blank\" rel=\"noopener\">CYBERPUNK.NET<\/a><\/p><p><img decoding=\"async\" data-recalc-dims=\"1\" data-src=\"https:\/\/i0.wp.com\/cdn.cloudflare.steamstatic.com\/steam\/apps\/1091500\/extras\/06._Social-Media_EN.png?w=980&#038;ssl=1\" src=\"data:image\/svg+xml;base64,PHN2ZyB3aWR0aD0iMSIgaGVpZ2h0PSIxIiB4bWxucz0iaHR0cDovL3d3dy53My5vcmcvMjAwMC9zdmciPjwvc3ZnPg==\" class=\"lazyload\" \/><\/p><\/div><\/div><\/div><div class=\"game_page_autocollapse_ctn\"><div class=\"game_page_autocollapse\"><div id=\"game_area_content_descriptors\" class=\"game_area_description\"><h2>SUBRENDUSI\u0172J\u0172 TURINIO APRA\u0160YMAS<\/h2><p>K\u016br\u0117jai apra\u0161o turin\u012f taip:<\/p><p><i>\u201eCyberpunk 2077\u201c yra necenz\u016brini\u0173 \u017eod\u017ei\u0173, intensyvaus smurto, kraujo ir \u017eiaurum\u0173, taip pat nuogumo ir seksualinio pob\u016bd\u017eio med\u017eiagos.<br \/><\/i><\/p><\/div><\/div><\/div><div class=\"game_page_autocollapse_ctn expanded\"><div class=\"game_page_autocollapse sys_req\"><h2><iframe title=\"\u201eYouTube\u201c vaizdo grotuvas\" data-src=\"https:\/\/www.youtube.com\/embed\/8X2kIfS6fb8\" width=\"560\" height=\"315\" frameborder=\"0\" allowfullscreen=\"allowfullscreen\" src=\"data:image\/svg+xml;base64,PHN2ZyB3aWR0aD0iMSIgaGVpZ2h0PSIxIiB4bWxucz0iaHR0cDovL3d3dy53My5vcmcvMjAwMC9zdmciPjwvc3ZnPg==\" class=\"lazyload\" data-load-mode=\"1\"><\/iframe><\/h2><h2>SISTEMOS REIKALAVIMAI<\/h2><div class=\"sysreq_contents\"><div class=\"game_area_sys_req sysreq_content active\" data-os=\"win\"><div class=\"game_area_sys_req_leftCol\"><p><strong>MINIMUMAS:<\/strong><\/p><ul><li style=\"list-style-type: none;\"><ul class=\"bb_ul\"><li>Reikalingas 64 bit\u0173 procesorius ir operacin\u0117 sistema<\/li><li><strong>OS:<\/strong>\u00a0\u201eWindows 10\u201c<\/li><li><strong>Procesorius:<\/strong>\u00a0Intel Core i5-3570K arba AMD FX-8310<\/li><li><strong>Atmintis:<\/strong>\u00a08 GB operatyviosios atminties<\/li><li><strong>Grafika:<\/strong>\u00a0NVIDIA GeForce GTX 970 arba AMD Radeon RX 470<\/li><li><strong>\u201eDirectX\u201c:<\/strong>\u00a012 versija<\/li><li><strong>Saugykla:<\/strong>\u00a070 GB laisvos vietos<\/li><li><strong>Papildomos pastabos:<\/strong>\u00a0\u0160iame \u017eaidime susidursite su \u012fvairiais vaizdiniais efektais, kurie ma\u017eumai \u017emoni\u0173 gali sukelti traukulius ar s\u0105mon\u0117s netekim\u0105. Jei j\u016bs ar j\u016bs\u0173 pa\u017e\u012fstamas \u017eaisdamas patiriate bet kur\u012f i\u0161 auk\u0161\u010diau i\u0161vardyt\u0173 simptom\u0173, sustokite ir nedelsdami kreipkit\u0117s medicinin\u0117s pagalbos.<\/li><\/ul><\/li><\/ul><\/div><\/div><\/div><\/div><\/div>\t\t\t\t\t\t\t\t<\/div>\n\t\t\t\t<\/div>\n\t\t\t\t\t<\/div>\n\t\t<\/div>\n\t\t\t\t\t<\/div>\n\t\t<\/section>\n\t\t\t\t<\/div>","protected":false},"excerpt":{"rendered":"<p>Fast Delivery Delivery can take 5 to 20 minutes, according to your place in our queue Your Order will be \u2018Auto Refunded\u2019 in case it does not get delivered after 12 hours! How To Activate 1- Open up a VPN and connect to the server specified in your email after placing your order. 2- Click [&hellip;]<\/p>\n","protected":false},"featured_media":830,"comment_status":"open","ping_status":"closed","template":"","meta":{"_crdt_document":"","jetpack_post_was_ever_published":false,"jetpack_publicize_message":"","jetpack_publicize_feature_enabled":true,"jetpack_social_post_already_shared":true,"jetpack_social_options":{"image_generator_settings":{"template":"highway","default_image_id":0,"font":"","enabled":false},"version":2},"_wpas_customize_per_network":false},"product_brand":[],"product_cat":[1375,1374],"product_tag":[],"class_list":{"0":"post-415","1":"product","2":"type-product","3":"status-publish","4":"has-post-thumbnail","6":"product_cat-pc","7":"product_cat-xbox","9":"first","10":"outofstock","11":"sale","12":"taxable","13":"shipping-taxable","14":"purchasable","15":"product-type-variable","16":"has-default-attributes"},"yoast_head":"<!-- This site is optimized with the Yoast SEO Premium plugin v27.3 (Yoast SEO v27.3) - https:\/\/yoast.com\/product\/yoast-seo-premium-wordpress\/ -->\n<title>Cyberpunk 2077 - EnderG<\/title>\n<meta name=\"robots\" content=\"index, follow, max-snippet:-1, max-image-preview:large, max-video-preview:-1\" \/>\n<link rel=\"canonical\" href=\"https:\/\/enderg.com\/lt\/product\/kiberpankas-2077\/\" \/>\n<meta property=\"og:locale\" content=\"lt_LT\" \/>\n<meta property=\"og:type\" content=\"article\" \/>\n<meta property=\"og:title\" content=\"Cyberpunk 2077\" \/>\n<meta property=\"og:description\" content=\"Fast Delivery Delivery can take 5 to 20 minutes, according to your place in our queue Your Order will be \u2018Auto Refunded\u2019 in case it does not get delivered after 12 hours! How To Activate 1- Open up a VPN and connect to the server specified in your email after placing your order. 2- Click [&hellip;]\" \/>\n<meta property=\"og:url\" content=\"https:\/\/enderg.com\/lt\/product\/kiberpankas-2077\/\" \/>\n<meta property=\"og:site_name\" content=\"EnderG\" \/>\n<meta property=\"article:publisher\" content=\"https:\/\/www.facebook.com\/Endergg1\/\" \/>\n<meta property=\"article:modified_time\" content=\"2024-06-25T22:45:58+00:00\" \/>\n<meta property=\"og:image\" content=\"https:\/\/enderg.com\/wp-content\/uploads\/2022\/08\/cyberpunk-2077-box-art-01-ps4-us-06jun19.jpg\" \/>\n\t<meta property=\"og:image:width\" content=\"1200\" \/>\n\t<meta property=\"og:image:height\" content=\"1600\" \/>\n\t<meta property=\"og:image:type\" content=\"image\/jpeg\" \/>\n<meta name=\"twitter:card\" content=\"summary_large_image\" \/>\n<meta name=\"twitter:label1\" content=\"Est. reading time\" \/>\n\t<meta name=\"twitter:data1\" content=\"4 minut\u0117s\" \/>\n<script type=\"application\/ld+json\" class=\"yoast-schema-graph\">{\"@context\":\"https:\\\/\\\/schema.org\",\"@graph\":[{\"@type\":\"WebPage\",\"@id\":\"https:\\\/\\\/enderg.com\\\/product\\\/cyberpunk-2077\\\/\",\"url\":\"https:\\\/\\\/enderg.com\\\/product\\\/cyberpunk-2077\\\/\",\"name\":\"Cyberpunk 2077 - EnderG\",\"isPartOf\":{\"@id\":\"https:\\\/\\\/enderg.com\\\/#website\"},\"primaryImageOfPage\":{\"@id\":\"https:\\\/\\\/enderg.com\\\/product\\\/cyberpunk-2077\\\/#primaryimage\"},\"image\":{\"@id\":\"https:\\\/\\\/enderg.com\\\/product\\\/cyberpunk-2077\\\/#primaryimage\"},\"thumbnailUrl\":\"https:\\\/\\\/i0.wp.com\\\/enderg.com\\\/wp-content\\\/uploads\\\/2022\\\/08\\\/cyberpunk-2077-box-art-01-ps4-us-06jun19.jpg?fit=1200%2C1600&ssl=1\",\"datePublished\":\"2022-08-06T23:55:36+00:00\",\"dateModified\":\"2024-06-25T22:45:58+00:00\",\"breadcrumb\":{\"@id\":\"https:\\\/\\\/enderg.com\\\/product\\\/cyberpunk-2077\\\/#breadcrumb\"},\"inLanguage\":\"lt-LT\",\"potentialAction\":[{\"@type\":\"ReadAction\",\"target\":[\"https:\\\/\\\/enderg.com\\\/product\\\/cyberpunk-2077\\\/\"]}]},{\"@type\":\"ImageObject\",\"inLanguage\":\"lt-LT\",\"@id\":\"https:\\\/\\\/enderg.com\\\/product\\\/cyberpunk-2077\\\/#primaryimage\",\"url\":\"https:\\\/\\\/i0.wp.com\\\/enderg.com\\\/wp-content\\\/uploads\\\/2022\\\/08\\\/cyberpunk-2077-box-art-01-ps4-us-06jun19.jpg?fit=1200%2C1600&ssl=1\",\"contentUrl\":\"https:\\\/\\\/i0.wp.com\\\/enderg.com\\\/wp-content\\\/uploads\\\/2022\\\/08\\\/cyberpunk-2077-box-art-01-ps4-us-06jun19.jpg?fit=1200%2C1600&ssl=1\",\"width\":1200,\"height\":1600},{\"@type\":\"BreadcrumbList\",\"@id\":\"https:\\\/\\\/enderg.com\\\/product\\\/cyberpunk-2077\\\/#breadcrumb\",\"itemListElement\":[{\"@type\":\"ListItem\",\"position\":1,\"name\":\"Home\",\"item\":\"https:\\\/\\\/enderg.com\\\/\"},{\"@type\":\"ListItem\",\"position\":2,\"name\":\"Shop\",\"item\":\"https:\\\/\\\/enderg.com\\\/shop\\\/\"},{\"@type\":\"ListItem\",\"position\":3,\"name\":\"Cyberpunk 2077\"}]},{\"@type\":\"WebSite\",\"@id\":\"https:\\\/\\\/enderg.com\\\/#website\",\"url\":\"https:\\\/\\\/enderg.com\\\/\",\"name\":\"EnderG\",\"description\":\"Cheaper Is What We Do!\",\"publisher\":{\"@id\":\"https:\\\/\\\/enderg.com\\\/#organization\"},\"potentialAction\":[{\"@type\":\"SearchAction\",\"target\":{\"@type\":\"EntryPoint\",\"urlTemplate\":\"https:\\\/\\\/enderg.com\\\/?s={search_term_string}\"},\"query-input\":{\"@type\":\"PropertyValueSpecification\",\"valueRequired\":true,\"valueName\":\"search_term_string\"}}],\"inLanguage\":\"lt-LT\"},{\"@type\":\"Organization\",\"@id\":\"https:\\\/\\\/enderg.com\\\/#organization\",\"name\":\"EnderG\",\"url\":\"https:\\\/\\\/enderg.com\\\/\",\"logo\":{\"@type\":\"ImageObject\",\"inLanguage\":\"lt-LT\",\"@id\":\"https:\\\/\\\/enderg.com\\\/#\\\/schema\\\/logo\\\/image\\\/\",\"url\":\"https:\\\/\\\/enderg.com\\\/wp-content\\\/uploads\\\/2023\\\/03\\\/222222222221.png\",\"contentUrl\":\"https:\\\/\\\/enderg.com\\\/wp-content\\\/uploads\\\/2023\\\/03\\\/222222222221.png\",\"width\":512,\"height\":512,\"caption\":\"EnderG\"},\"image\":{\"@id\":\"https:\\\/\\\/enderg.com\\\/#\\\/schema\\\/logo\\\/image\\\/\"},\"sameAs\":[\"https:\\\/\\\/www.facebook.com\\\/Endergg1\\\/\",\"https:\\\/\\\/www.instagram.com\\\/enderg01\",\"https:\\\/\\\/www.youtube.com\\\/@enderg-com\"],\"description\":\"Cheaper Gaming is what we do!\",\"legalName\":\"Vandar Limited\",\"foundingDate\":\"2022-06-21\"}]}<\/script>\n<!-- \/ Yoast SEO Premium plugin. -->","yoast_head_json":{"title":"Cyberpunk 2077 \u2013 EnderG","robots":{"index":"index","follow":"follow","max-snippet":"max-snippet:-1","max-image-preview":"max-image-preview:large","max-video-preview":"max-video-preview:-1"},"canonical":"https:\/\/enderg.com\/lt\/product\/kiberpankas-2077\/","og_locale":"lt_LT","og_type":"article","og_title":"Cyberpunk 2077","og_description":"Fast Delivery Delivery can take 5 to 20 minutes, according to your place in our queue Your Order will be \u2018Auto Refunded\u2019 in case it does not get delivered after 12 hours! How To Activate 1- Open up a VPN and connect to the server specified in your email after placing your order. 2- Click [&hellip;]","og_url":"https:\/\/enderg.com\/lt\/product\/kiberpankas-2077\/","og_site_name":"EnderG","article_publisher":"https:\/\/www.facebook.com\/Endergg1\/","article_modified_time":"2024-06-25T22:45:58+00:00","og_image":[{"width":1200,"height":1600,"url":"https:\/\/enderg.com\/wp-content\/uploads\/2022\/08\/cyberpunk-2077-box-art-01-ps4-us-06jun19.jpg","type":"image\/jpeg"}],"twitter_card":"summary_large_image","twitter_misc":{"Est. reading time":"4 minut\u0117s"},"schema":{"@context":"https:\/\/schema.org","@graph":[{"@type":"WebPage","@id":"https:\/\/enderg.com\/product\/cyberpunk-2077\/","url":"https:\/\/enderg.com\/product\/cyberpunk-2077\/","name":"Cyberpunk 2077 \u2013 EnderG","isPartOf":{"@id":"https:\/\/enderg.com\/#website"},"primaryImageOfPage":{"@id":"https:\/\/enderg.com\/product\/cyberpunk-2077\/#primaryimage"},"image":{"@id":"https:\/\/enderg.com\/product\/cyberpunk-2077\/#primaryimage"},"thumbnailUrl":"https:\/\/i0.wp.com\/enderg.com\/wp-content\/uploads\/2022\/08\/cyberpunk-2077-box-art-01-ps4-us-06jun19.jpg?fit=1200%2C1600&ssl=1","datePublished":"2022-08-06T23:55:36+00:00","dateModified":"2024-06-25T22:45:58+00:00","breadcrumb":{"@id":"https:\/\/enderg.com\/product\/cyberpunk-2077\/#breadcrumb"},"inLanguage":"lt-LT","potentialAction":[{"@type":"ReadAction","target":["https:\/\/enderg.com\/product\/cyberpunk-2077\/"]}]},{"@type":"ImageObject","inLanguage":"lt-LT","@id":"https:\/\/enderg.com\/product\/cyberpunk-2077\/#primaryimage","url":"https:\/\/i0.wp.com\/enderg.com\/wp-content\/uploads\/2022\/08\/cyberpunk-2077-box-art-01-ps4-us-06jun19.jpg?fit=1200%2C1600&ssl=1","contentUrl":"https:\/\/i0.wp.com\/enderg.com\/wp-content\/uploads\/2022\/08\/cyberpunk-2077-box-art-01-ps4-us-06jun19.jpg?fit=1200%2C1600&ssl=1","width":1200,"height":1600},{"@type":"BreadcrumbList","@id":"https:\/\/enderg.com\/product\/cyberpunk-2077\/#breadcrumb","itemListElement":[{"@type":"ListItem","position":1,"name":"Home","item":"https:\/\/enderg.com\/"},{"@type":"ListItem","position":2,"name":"Shop","item":"https:\/\/enderg.com\/shop\/"},{"@type":"ListItem","position":3,"name":"Cyberpunk 2077"}]},{"@type":"WebSite","@id":"https:\/\/enderg.com\/#website","url":"https:\/\/enderg.com\/","name":"EnderG","description":"Pigiau yra tai, k\u0105 mes darome!","publisher":{"@id":"https:\/\/enderg.com\/#organization"},"potentialAction":[{"@type":"SearchAction","target":{"@type":"EntryPoint","urlTemplate":"https:\/\/enderg.com\/?s={search_term_string}"},"query-input":{"@type":"PropertyValueSpecification","valueRequired":true,"valueName":"search_term_string"}}],"inLanguage":"lt-LT"},{"@type":"Organization","@id":"https:\/\/enderg.com\/#organization","name":"EnderG","url":"https:\/\/enderg.com\/","logo":{"@type":"ImageObject","inLanguage":"lt-LT","@id":"https:\/\/enderg.com\/#\/schema\/logo\/image\/","url":"https:\/\/enderg.com\/wp-content\/uploads\/2023\/03\/222222222221.png","contentUrl":"https:\/\/enderg.com\/wp-content\/uploads\/2023\/03\/222222222221.png","width":512,"height":512,"caption":"EnderG"},"image":{"@id":"https:\/\/enderg.com\/#\/schema\/logo\/image\/"},"sameAs":["https:\/\/www.facebook.com\/Endergg1\/","https:\/\/www.instagram.com\/enderg01","https:\/\/www.youtube.com\/@enderg-com"],"description":"Pigesni \u017eaidimai \u2013 tai, k\u0105 mes darome!","legalName":"Vandar Limited","foundingDate":"2022-06-21"}]}},"jetpack_publicize_connections":[],"jetpack_likes_enabled":true,"jetpack_sharing_enabled":true,"jetpack-related-posts":[],"_links":{"self":[{"href":"https:\/\/enderg.com\/lt\/wp-json\/wp\/v2\/product\/415","targetHints":{"allow":["GET"]}}],"collection":[{"href":"https:\/\/enderg.com\/lt\/wp-json\/wp\/v2\/product"}],"about":[{"href":"https:\/\/enderg.com\/lt\/wp-json\/wp\/v2\/types\/product"}],"replies":[{"embeddable":true,"href":"https:\/\/enderg.com\/lt\/wp-json\/wp\/v2\/comments?post=415"}],"version-history":[{"count":10,"href":"https:\/\/enderg.com\/lt\/wp-json\/wp\/v2\/product\/415\/revisions"}],"predecessor-version":[{"id":8802,"href":"https:\/\/enderg.com\/lt\/wp-json\/wp\/v2\/product\/415\/revisions\/8802"}],"wp:featuredmedia":[{"embeddable":true,"href":"https:\/\/enderg.com\/lt\/wp-json\/wp\/v2\/media\/830"}],"wp:attachment":[{"href":"https:\/\/enderg.com\/lt\/wp-json\/wp\/v2\/media?parent=415"}],"wp:term":[{"taxonomy":"product_brand","embeddable":true,"href":"https:\/\/enderg.com\/lt\/wp-json\/wp\/v2\/product_brand?post=415"},{"taxonomy":"product_cat","embeddable":true,"href":"https:\/\/enderg.com\/lt\/wp-json\/wp\/v2\/product_cat?post=415"},{"taxonomy":"product_tag","embeddable":true,"href":"https:\/\/enderg.com\/lt\/wp-json\/wp\/v2\/product_tag?post=415"}],"curies":[{"name":"wp","href":"https:\/\/api.w.org\/{rel}","templated":true}]}}