{"id":333,"date":"2023-09-08T17:08:53","date_gmt":"2023-09-08T14:08:53","guid":{"rendered":"https:\/\/enderg.com\/?post_type=product&#038;p=333"},"modified":"2025-12-11T05:59:01","modified_gmt":"2025-12-11T02:59:01","slug":"pareigos-sauksmas-2","status":"publish","type":"product","link":"https:\/\/enderg.com\/lt\/product\/call-of-duty-2\/","title":{"rendered":"Call of Duty\u00ae 2"},"content":{"rendered":"<div data-elementor-type=\"wp-post\" data-elementor-id=\"333\" class=\"elementor elementor-333\" data-elementor-post-type=\"product\">\n\t\t\t\t\t\t<section class=\"elementor-section elementor-top-section elementor-element elementor-element-1830c050 elementor-section-boxed elementor-section-height-default elementor-section-height-default\" data-id=\"1830c050\" data-element_type=\"section\" data-e-type=\"section\">\n\t\t\t\t\t\t<div class=\"elementor-container elementor-column-gap-default\">\n\t\t\t\t\t<div class=\"elementor-column elementor-col-100 elementor-top-column elementor-element elementor-element-6713c406\" data-id=\"6713c406\" data-element_type=\"column\" data-e-type=\"column\">\n\t\t\t<div class=\"elementor-widget-wrap elementor-element-populated\">\n\t\t\t\t\t\t<div class=\"elementor-element elementor-element-79bfd2ca elementor-widget elementor-widget-accordion\" data-id=\"79bfd2ca\" data-element_type=\"widget\" data-e-type=\"widget\" data-widget_type=\"accordion.default\">\n\t\t\t\t<div class=\"elementor-widget-container\">\n\t\t\t\t\t\t\t<div class=\"elementor-accordion\">\n\t\t\t\t\t\t\t<div class=\"elementor-accordion-item\">\n\t\t\t\t\t<h4 id=\"elementor-tab-title-2041\" class=\"elementor-tab-title\" data-tab=\"1\" role=\"button\" aria-controls=\"elementor-tab-content-2041\" aria-expanded=\"false\">\n\t\t\t\t\t\t\t\t\t\t\t\t\t<span class=\"elementor-accordion-icon elementor-accordion-icon-left\" aria-hidden=\"true\">\n\t\t\t\t\t\t\t\t\t\t\t\t\t\t\t<span class=\"elementor-accordion-icon-closed\"><i class=\"fas fa-truck\"><\/i><\/span>\n\t\t\t\t\t\t\t\t<span class=\"elementor-accordion-icon-opened\"><i class=\"fas fa-truck\"><\/i><\/span>\n\t\t\t\t\t\t\t\t\t\t\t\t\t\t<\/span>\n\t\t\t\t\t\t\t\t\t\t\t\t<a class=\"elementor-accordion-title\" tabindex=\"0\">Greitas pristatymas<\/a>\n\t\t\t\t\t<\/h4>\n\t\t\t\t\t<div id=\"elementor-tab-content-2041\" class=\"elementor-tab-content elementor-clearfix\" data-tab=\"1\" role=\"region\" aria-labelledby=\"elementor-tab-title-2041\"><p>Pra\u0117jus 5\u201310 minu\u010di\u0173 po u\u017esakymo apdorojimo, gausite el. lai\u0161k\u0105 su paskyros informacija ir instrukcijomis, kuri\u0173 jums reikia norint \u017eaisti!<\/p><\/div>\n\t\t\t\t<\/div>\n\t\t\t\t\t\t\t\t<\/div>\n\t\t\t\t\t\t<\/div>\n\t\t\t\t<\/div>\n\t\t\t\t<div class=\"elementor-element elementor-element-7f4734c2 elementor-widget elementor-widget-accordion\" data-id=\"7f4734c2\" data-element_type=\"widget\" data-e-type=\"widget\" data-widget_type=\"accordion.default\">\n\t\t\t\t<div class=\"elementor-widget-container\">\n\t\t\t\t\t\t\t<div class=\"elementor-accordion\">\n\t\t\t\t\t\t\t<div class=\"elementor-accordion-item\">\n\t\t\t\t\t<h4 id=\"elementor-tab-title-2131\" class=\"elementor-tab-title\" data-tab=\"1\" role=\"button\" aria-controls=\"elementor-tab-content-2131\" aria-expanded=\"false\">\n\t\t\t\t\t\t\t\t\t\t\t\t\t<span class=\"elementor-accordion-icon elementor-accordion-icon-left\" aria-hidden=\"true\">\n\t\t\t\t\t\t\t\t\t\t\t\t\t\t\t<span class=\"elementor-accordion-icon-closed\"><i class=\"fab fa-xbox\"><\/i><\/span>\n\t\t\t\t\t\t\t\t<span class=\"elementor-accordion-icon-opened\"><i class=\"fab fa-xbox\"><\/i><\/span>\n\t\t\t\t\t\t\t\t\t\t\t\t\t\t<\/span>\n\t\t\t\t\t\t\t\t\t\t\t\t<a class=\"elementor-accordion-title\" tabindex=\"0\">Kaip suaktyvinti<\/a>\n\t\t\t\t\t<\/h4>\n\t\t\t\t\t<div id=\"elementor-tab-content-2131\" class=\"elementor-tab-content elementor-clearfix\" data-tab=\"1\" role=\"region\" aria-labelledby=\"elementor-tab-title-2131\"><div><div class=\"summary__title\"><p class=\"h4 accordion__title\"><span style=\"font-size: 16px;\">Pateik\u0119 u\u017esakym\u0105, gausite prisijungimo duomenis prie naujos \u201eXbox\u201c paskyros su \u012fsigytu \u017eaidimu.<\/span><\/p><\/div><\/div><div id=\"ProductAccordion-7758d42d-04bc-45e9-a7f9-4770adf0135f-template--16335261040854__main\" class=\"accordion__content rte\"><p><a title=\"https:\/\/support.xbox.com\/en-US\/help\/hardware-network\/console\/my-home-xbox\" href=\"https:\/\/support.xbox.com\/en-US\/help\/hardware-network\/console\/my-home-xbox\" target=\"_blank\" rel=\"noopener\">Su\u017einokite, kaip bendrinti \u017eaidimus tarp paskyr\u0173 naudojant \u2018Nam\u0173 bendrinimo funkcij\u0105\u2019<\/a><\/p><\/div><\/div>\n\t\t\t\t<\/div>\n\t\t\t\t\t\t\t\t<\/div>\n\t\t\t\t\t\t<\/div>\n\t\t\t\t<\/div>\n\t\t\t\t<div class=\"elementor-element elementor-element-6eb9a5b elementor-widget elementor-widget-accordion\" data-id=\"6eb9a5b\" data-element_type=\"widget\" data-e-type=\"widget\" data-widget_type=\"accordion.default\">\n\t\t\t\t<div class=\"elementor-widget-container\">\n\t\t\t\t\t\t\t<div class=\"elementor-accordion\">\n\t\t\t\t\t\t\t<div class=\"elementor-accordion-item\">\n\t\t\t\t\t<h4 id=\"elementor-tab-title-1161\" class=\"elementor-tab-title\" data-tab=\"1\" role=\"button\" aria-controls=\"elementor-tab-content-1161\" aria-expanded=\"false\">\n\t\t\t\t\t\t\t\t\t\t\t\t\t<span class=\"elementor-accordion-icon elementor-accordion-icon-left\" aria-hidden=\"true\">\n\t\t\t\t\t\t\t\t\t\t\t\t\t\t\t<span class=\"elementor-accordion-icon-closed\"><i class=\"fab fa-steam\"><\/i><\/span>\n\t\t\t\t\t\t\t\t<span class=\"elementor-accordion-icon-opened\"><i class=\"fab fa-steam\"><\/i><\/span>\n\t\t\t\t\t\t\t\t\t\t\t\t\t\t<\/span>\n\t\t\t\t\t\t\t\t\t\t\t\t<a class=\"elementor-accordion-title\" tabindex=\"0\">Kaip suaktyvinti<\/a>\n\t\t\t\t\t<\/h4>\n\t\t\t\t\t<div id=\"elementor-tab-content-1161\" class=\"elementor-tab-content elementor-clearfix\" data-tab=\"1\" role=\"region\" aria-labelledby=\"elementor-tab-title-1161\"><p>1- Atsijunkite nuo savo Steam paskyros.<\/p>\n<p>2- Prisijunkite prie paskyros, kuri\u0105 gavote el. pa\u0161tu.<\/p>\n<p>3- Spustel\u0117kite \u017daisti ant \u012fsigyto \u017eaidimo ir m\u0117gaukit\u0117s!<\/p>\n<p>Galite visi\u0161kai laisvai pakeisti paskyros slapta\u017eod\u012f arba bendrinti bibliotek\u0105 su savo Steam paskyra, kad gal\u0117tum\u0117te t\u0119sti \u017eaidim\u0105 savo Steam paskyroje ir atrakinti pasiekimus!<\/p>\n<p><a title=\"https:\/\/help.steampowered.com\/en\/faqs\/view\/57A7-503C-991F-E9A8\" href=\"https:\/\/help.steampowered.com\/en\/faqs\/view\/57A7-503C-991F-E9A8\" target=\"_blank\" rel=\"noopener\"><b>Su\u017einokite, kaip gauti prieig\u0105 prie paskyros bibliotekos, kad gal\u0117tum\u0117te \u017eaisti j\u0173 \u017eaidimus savo paskyroje.<\/b><\/a><\/p><\/div>\n\t\t\t\t<\/div>\n\t\t\t\t\t\t\t\t<\/div>\n\t\t\t\t\t\t<\/div>\n\t\t\t\t<\/div>\n\t\t\t\t<div class=\"elementor-element elementor-element-366b5d6a elementor-widget elementor-widget-text-editor\" data-id=\"366b5d6a\" data-element_type=\"widget\" data-e-type=\"widget\" data-widget_type=\"text-editor.default\">\n\t\t\t\t<div class=\"elementor-widget-container\">\n\t\t\t\t\t\t\t\t\t<h3 style=\"text-align: center;\"><strong>Apie \u0161\u012f \u017eaidim\u0105<\/strong><\/h3>\t\t\t\t\t\t\t\t<\/div>\n\t\t\t\t<\/div>\n\t\t\t\t\t<\/div>\n\t\t<\/div>\n\t\t\t\t\t<\/div>\n\t\t<\/section>\n\t\t\t\t<section class=\"elementor-section elementor-top-section elementor-element elementor-element-3fa9a74 elementor-section-boxed elementor-section-height-default elementor-section-height-default\" data-id=\"3fa9a74\" data-element_type=\"section\" data-e-type=\"section\">\n\t\t\t\t\t\t<div class=\"elementor-container elementor-column-gap-default\">\n\t\t\t\t\t<div class=\"elementor-column elementor-col-100 elementor-top-column elementor-element elementor-element-658f67a3\" data-id=\"658f67a3\" data-element_type=\"column\" data-e-type=\"column\">\n\t\t\t<div class=\"elementor-widget-wrap elementor-element-populated\">\n\t\t\t\t\t\t<div class=\"elementor-element elementor-element-1db95482 elementor-widget elementor-widget-text-editor\" data-id=\"1db95482\" data-element_type=\"widget\" data-e-type=\"widget\" data-widget_type=\"text-editor.default\">\n\t\t\t\t<div class=\"elementor-widget-container\">\n\t\t\t\t\t\t\t\t\t<div class=\"game_page_autocollapse_ctn\"><div id=\"aboutThisGame\" class=\"game_page_autocollapse\" data-panel=\"{&quot;type&quot;:&quot;PanelGroup&quot;}\"><div id=\"game_area_description\" class=\"game_area_description\"><h4 style=\"text-align: center;\"><strong>APIE \u0160\u012e \u017dAIDIM\u0104<\/strong><\/h4><p>\u2019Call of Duty\u00ae 2\u201c i\u0161 naujo apibr\u0117\u017eia kinematografin\u012f m\u016b\u0161io intensyvum\u0105 ir chaos\u0105, matom\u0105 paprast\u0173 kareivi\u0173, kovojan\u010di\u0173 kartu epiniuose Antrojo pasaulinio karo konfliktuose, akimis. 2003 m. pasirod\u017eiusio \u201eCall of Duty\u201c, pelniusio daugiau nei 80 \u201eMet\u0173 \u017eaidimo\u201c apdovanojim\u0173, t\u0119sinys \u201eCall of Duty 2\u201c si\u016blo daugiau \u012fsp\u016bding\u0173, intensyvesni\u0173 ir tikrovi\u0161kesni\u0173 m\u016b\u0161i\u0173 nei bet kada anks\u010diau, o visa tai d\u0117ka stulbinan\u010di\u0173 naujojo \u201eCOD\u2122 2\u201c variklio vaizd\u0173.<\/p><ul class=\"bb_ul\"><li>\u201e#1\u201c Antrojo pasaulinio karo \u0161audykl\u0117s k\u016brimo komanda gr\u012f\u017eta su nuostabia nauja patirtimi: Suk\u016br\u0117 \u201eInfinity Ward\u201c, apdovanojimus pelniusio \u201eCall of Duty\u201c k\u016br\u0117jai. Visi\u0161kai nauji, precedento neturintys patobulinimai \u2013 nuo stulbinan\u010diai tikrovi\u0161kos grafikos iki sklandaus \u017eaidimo, d\u0117ka revoliucinio COD2 variklio, novatori\u0161ko dirbtinio intelekto ir pasirinkimais pagr\u012fst\u0173 \u017eaidimo inovacij\u0173. Gra\u017eiai perteiktas sniegas, lietus, r\u016bkas ir d\u016bmai kartu su dinami\u0161ku ap\u0161vietimu ir \u0161e\u0161\u0117liais paver\u010dia tai intensyviausia Antrojo pasaulinio karo \u0161audykle iki \u0161iol.<\/li><li>Nauji konfliktai ir prie\u0161ai: \u201cCall of Duty 2\u201d atne\u0161a didesnius m\u016b\u0161ius su daugiau tank\u0173, kari\u0173 ir sprogim\u0173 ekrane bei platesniu mastu ir pla\u010diu viet\u0173 bei aplink\u0173 pasirinkimu visoje Europos teatre. Kovok su \u201eDykumos lape\u201c deginan\u010diuose \u0160iaur\u0117s Afrikos sm\u0117lynuose, kur banga po bangos susiduria tankai. Kartu su savo armijos reind\u017eeri\u0173 b\u016briu naudokis raketiniais kabliais, kad \u0161turmuotum ir koptum \u012f Pointe du Hoc uolas prie\u0161 negailesting\u0105 vokie\u010di\u0173 kontratak\u0105, ir kovok per miesto chaos\u0105 kaip tank\u0173 med\u017eiotojas karo nuniokotoje Rusijoje.<\/li><li>Pasikliaukite savo b\u016briu kaip niekad anks\u010diau: de\u0161imtys jus supan\u010di\u0173 s\u0105junginink\u0173 kareivi\u0173 puikiai supranta besikei\u010dian\u010di\u0105 situacij\u0105 ir prane\u0161 jums naudodami visi\u0161kai nauj\u0105, kontekstui jautri\u0105 m\u016b\u0161io pokalbi\u0173 sistem\u0105. Jie pritrauks prie\u0161o ugn\u012f, sl\u0117psis u\u017e jus, naudosis apkasais ir judan\u010diais tankais kaip priedanga ir \u012fsp\u0117s jus apie art\u0117jan\u010dius prie\u0161o karius bei prie\u0161o ugn\u012f.<\/li><li>Pasirinkimu pagr\u012fstas \u017eaidimo procesas: \u017eaiskite misijas jums patogia tvarka. Pirmiausia nuspr\u0119site \u017eaisti kaip snaiperis ar kaip tanko vadas? Tai j\u016bs\u0173 sprendimas. Atviri m\u016b\u0161io laukai leid\u017eia individualizuoti taktik\u0105 ir pasirinkti tiksl\u0173 \u012fvykdymo tvark\u0105.<\/li><li>Keli\u0173 \u017eaid\u0117j\u0173 chaosas: Prisijunkite prie internetini\u0173 intensyvi\u0173 komandini\u0173 \u201eAxis vs. Allies\u201c keli\u0173 \u017eaid\u0117j\u0173 re\u017eim\u0173, paremt\u0173 nepaprastai populiariais \u201eCall of Duty\u201c keli\u0173 \u017eaid\u0117j\u0173 re\u017eimais.<\/li><\/ul><\/div><\/div><\/div><div class=\"game_page_autocollapse_ctn expanded\"><div class=\"game_page_autocollapse sys_req\"><h2><iframe title=\"\u201eCall of Duty 2\u201c \u2013 anonsas\" data-src=\"https:\/\/www.youtube.com\/embed\/Q-L_bQ02EwQ\" width=\"528\" height=\"297\" frameborder=\"0\" allowfullscreen=\"allowfullscreen\" src=\"data:image\/svg+xml;base64,PHN2ZyB3aWR0aD0iMSIgaGVpZ2h0PSIxIiB4bWxucz0iaHR0cDovL3d3dy53My5vcmcvMjAwMC9zdmciPjwvc3ZnPg==\" class=\"lazyload\" data-load-mode=\"1\"><\/iframe><\/h2><h2>SISTEMOS REIKALAVIMAI<\/h2><div class=\"sysreq_contents\"><div class=\"game_area_sys_req sysreq_content active\" data-os=\"win\"><div class=\"game_area_sys_req_full\"><p><strong>MINIMUMAS:<\/strong><\/p><ul><li style=\"list-style-type: none;\"><ul>Reikalinga 3D aparatin\u0117s \u012frangos greitintuvo plok\u0161t\u0117 \u2013 100% \u201eDirectX 9.0c\u201c suderinama 64 MB aparatin\u0117s \u012frangos greitintuvo vaizdo plok\u0161t\u0117 ir naujausios tvarkykl\u0117s*, \u201eMicrosoft Windows 2000\/XP\u201c, \u201ePentium IV 1.4GHz\u201c arba AMD Athlon XP 1700+ procesorius arba galingesnis, 256 MB RAM (rekomenduojama 512 MB RAM), 100% \u201eDirectX 9.0c\u201c suderinama 16 bit\u0173 garso plok\u0161t\u0117 ir naujausios tvarkykl\u0117s, 100% \u201eWindows 2000\/XP\u201c suderinama pel\u0117, klaviat\u016bra ir naujausios tvarkykl\u0117s, 4,0 GB nesuspaustos laisvos vietos stand\u017eiajame diske (plius 600 MB \u201eWindows 2000\/XP\u201c main\u0173 failui).<\/ul><\/li><\/ul><ul><li style=\"list-style-type: none;\"><ul>Reikalavimai keliems \u017eaid\u0117jams:<\/ul><\/li><\/ul><ul><li style=\"list-style-type: none;\"><ul><li style=\"list-style-type: none;\"><ul><li style=\"list-style-type: none;\"><ul class=\"bb_ul\"><li>Palaikomas interneto (TCP\/IP) ir LAN (TCP\/IP) \u017eaidimas<\/li><li>\u017daisti internetu reikalingas pla\u010diajuostis ry\u0161ys ir naujausios tvarkykl\u0117s<\/li><li>\u017daisti LAN tinkle reikalinga tinklo plok\u0161t\u0117 ir naujausios tvarkykl\u0117s<\/li><\/ul><\/li><\/ul><\/li><\/ul><\/li><\/ul><p>Svarbi pastaba: *Kai kurios 3D greitintuvo plok\u0161t\u0117s su \u010dia nurodytu lust\u0173 rinkiniu gali b\u016bti nesuderinamos su \u201eCall of Duty\u201c naudojamomis 3D spartinimo funkcijomis. D\u0117l suderinamumo su 100% \u201eDirectX 9.0c\u201c kreipkit\u0117s \u012f savo aparat\u016bros gamintoj\u0105.<\/p><ul><li style=\"list-style-type: none;\">\u00a0<\/li><\/ul><\/div><\/div><\/div><\/div><\/div>\t\t\t\t\t\t\t\t<\/div>\n\t\t\t\t<\/div>\n\t\t\t\t\t<\/div>\n\t\t<\/div>\n\t\t\t\t\t<\/div>\n\t\t<\/section>\n\t\t\t\t<\/div>","protected":false},"excerpt":{"rendered":"<p>Fast Delivery 5-10 minutes after your order goes through, you will receive an email containing the Account info &amp; instructions you need to play! How To Activate After placing Your order You will receive login credentials to a new xbox account with the game purchased. Learn how to share your games among your accounts via [&hellip;]<\/p>\n","protected":false},"featured_media":530,"comment_status":"closed","ping_status":"closed","template":"","meta":{"_crdt_document":"","jetpack_post_was_ever_published":true,"jetpack_publicize_message":"","jetpack_publicize_feature_enabled":true,"jetpack_social_post_already_shared":false,"jetpack_social_options":{"image_generator_settings":{"template":"highway","default_image_id":0,"font":"","enabled":false},"version":2},"_wpas_customize_per_network":false},"product_brand":[],"product_cat":[1375,1374],"product_tag":[],"class_list":{"0":"post-333","1":"product","2":"type-product","3":"status-publish","4":"has-post-thumbnail","6":"product_cat-pc","7":"product_cat-xbox","9":"first","10":"outofstock","11":"sale","12":"taxable","13":"shipping-taxable","14":"purchasable","15":"product-type-variable"},"yoast_head":"<!-- This site is optimized with the Yoast SEO Premium plugin v27.3 (Yoast SEO v27.3) - https:\/\/yoast.com\/product\/yoast-seo-premium-wordpress\/ -->\n<title>Call of Duty\u00ae 2 - EnderG<\/title>\n<meta name=\"robots\" content=\"index, follow, max-snippet:-1, max-image-preview:large, max-video-preview:-1\" \/>\n<link rel=\"canonical\" href=\"https:\/\/enderg.com\/lt\/product\/pareigos-sauksmas-2\/\" \/>\n<meta property=\"og:locale\" content=\"lt_LT\" \/>\n<meta property=\"og:type\" content=\"article\" \/>\n<meta property=\"og:title\" content=\"Call of Duty\u00ae 2\" \/>\n<meta property=\"og:description\" content=\"Fast Delivery 5-10 minutes after your order goes through, you will receive an email containing the Account info &amp; instructions you need to play! How To Activate After placing Your order You will receive login credentials to a new xbox account with the game purchased. Learn how to share your games among your accounts via [&hellip;]\" \/>\n<meta property=\"og:url\" content=\"https:\/\/enderg.com\/lt\/product\/pareigos-sauksmas-2\/\" \/>\n<meta property=\"og:site_name\" content=\"EnderG\" \/>\n<meta property=\"article:publisher\" content=\"https:\/\/www.facebook.com\/Endergg1\/\" \/>\n<meta property=\"article:modified_time\" content=\"2025-12-11T02:59:01+00:00\" \/>\n<meta property=\"og:image\" content=\"https:\/\/enderg.com\/wp-content\/uploads\/2022\/08\/cqQXM.png\" \/>\n\t<meta property=\"og:image:width\" content=\"417\" \/>\n\t<meta property=\"og:image:height\" content=\"593\" \/>\n\t<meta property=\"og:image:type\" content=\"image\/png\" \/>\n<meta name=\"twitter:card\" content=\"summary_large_image\" \/>\n<meta name=\"twitter:label1\" content=\"Est. reading time\" \/>\n\t<meta name=\"twitter:data1\" content=\"3 minut\u0117s\" \/>\n<script type=\"application\/ld+json\" class=\"yoast-schema-graph\">{\"@context\":\"https:\\\/\\\/schema.org\",\"@graph\":[{\"@type\":\"WebPage\",\"@id\":\"https:\\\/\\\/enderg.com\\\/product\\\/call-of-duty-2\\\/\",\"url\":\"https:\\\/\\\/enderg.com\\\/product\\\/call-of-duty-2\\\/\",\"name\":\"Call of Duty\u00ae 2 - EnderG\",\"isPartOf\":{\"@id\":\"https:\\\/\\\/enderg.com\\\/#website\"},\"primaryImageOfPage\":{\"@id\":\"https:\\\/\\\/enderg.com\\\/product\\\/call-of-duty-2\\\/#primaryimage\"},\"image\":{\"@id\":\"https:\\\/\\\/enderg.com\\\/product\\\/call-of-duty-2\\\/#primaryimage\"},\"thumbnailUrl\":\"https:\\\/\\\/i0.wp.com\\\/enderg.com\\\/wp-content\\\/uploads\\\/2022\\\/08\\\/cqQXM.png?fit=417%2C593&ssl=1\",\"datePublished\":\"2023-09-08T14:08:53+00:00\",\"dateModified\":\"2025-12-11T02:59:01+00:00\",\"breadcrumb\":{\"@id\":\"https:\\\/\\\/enderg.com\\\/product\\\/call-of-duty-2\\\/#breadcrumb\"},\"inLanguage\":\"lt-LT\",\"potentialAction\":[{\"@type\":\"ReadAction\",\"target\":[\"https:\\\/\\\/enderg.com\\\/product\\\/call-of-duty-2\\\/\"]}]},{\"@type\":\"ImageObject\",\"inLanguage\":\"lt-LT\",\"@id\":\"https:\\\/\\\/enderg.com\\\/product\\\/call-of-duty-2\\\/#primaryimage\",\"url\":\"https:\\\/\\\/i0.wp.com\\\/enderg.com\\\/wp-content\\\/uploads\\\/2022\\\/08\\\/cqQXM.png?fit=417%2C593&ssl=1\",\"contentUrl\":\"https:\\\/\\\/i0.wp.com\\\/enderg.com\\\/wp-content\\\/uploads\\\/2022\\\/08\\\/cqQXM.png?fit=417%2C593&ssl=1\",\"width\":417,\"height\":593},{\"@type\":\"BreadcrumbList\",\"@id\":\"https:\\\/\\\/enderg.com\\\/product\\\/call-of-duty-2\\\/#breadcrumb\",\"itemListElement\":[{\"@type\":\"ListItem\",\"position\":1,\"name\":\"Home\",\"item\":\"https:\\\/\\\/enderg.com\\\/\"},{\"@type\":\"ListItem\",\"position\":2,\"name\":\"Shop\",\"item\":\"https:\\\/\\\/enderg.com\\\/shop\\\/\"},{\"@type\":\"ListItem\",\"position\":3,\"name\":\"Call of Duty\u00ae 2\"}]},{\"@type\":\"WebSite\",\"@id\":\"https:\\\/\\\/enderg.com\\\/#website\",\"url\":\"https:\\\/\\\/enderg.com\\\/\",\"name\":\"EnderG\",\"description\":\"Cheaper Is What We Do!\",\"publisher\":{\"@id\":\"https:\\\/\\\/enderg.com\\\/#organization\"},\"potentialAction\":[{\"@type\":\"SearchAction\",\"target\":{\"@type\":\"EntryPoint\",\"urlTemplate\":\"https:\\\/\\\/enderg.com\\\/?s={search_term_string}\"},\"query-input\":{\"@type\":\"PropertyValueSpecification\",\"valueRequired\":true,\"valueName\":\"search_term_string\"}}],\"inLanguage\":\"lt-LT\"},{\"@type\":\"Organization\",\"@id\":\"https:\\\/\\\/enderg.com\\\/#organization\",\"name\":\"EnderG\",\"url\":\"https:\\\/\\\/enderg.com\\\/\",\"logo\":{\"@type\":\"ImageObject\",\"inLanguage\":\"lt-LT\",\"@id\":\"https:\\\/\\\/enderg.com\\\/#\\\/schema\\\/logo\\\/image\\\/\",\"url\":\"https:\\\/\\\/enderg.com\\\/wp-content\\\/uploads\\\/2023\\\/03\\\/222222222221.png\",\"contentUrl\":\"https:\\\/\\\/enderg.com\\\/wp-content\\\/uploads\\\/2023\\\/03\\\/222222222221.png\",\"width\":512,\"height\":512,\"caption\":\"EnderG\"},\"image\":{\"@id\":\"https:\\\/\\\/enderg.com\\\/#\\\/schema\\\/logo\\\/image\\\/\"},\"sameAs\":[\"https:\\\/\\\/www.facebook.com\\\/Endergg1\\\/\",\"https:\\\/\\\/www.instagram.com\\\/enderg01\",\"https:\\\/\\\/www.youtube.com\\\/@enderg-com\"],\"description\":\"Cheaper Gaming is what we do!\",\"legalName\":\"Vandar Limited\",\"foundingDate\":\"2022-06-21\"}]}<\/script>\n<!-- \/ Yoast SEO Premium plugin. -->","yoast_head_json":{"title":"Call of Duty\u00ae 2 \u2013 EnderG","robots":{"index":"index","follow":"follow","max-snippet":"max-snippet:-1","max-image-preview":"max-image-preview:large","max-video-preview":"max-video-preview:-1"},"canonical":"https:\/\/enderg.com\/lt\/product\/pareigos-sauksmas-2\/","og_locale":"lt_LT","og_type":"article","og_title":"Call of Duty\u00ae 2","og_description":"Fast Delivery 5-10 minutes after your order goes through, you will receive an email containing the Account info &amp; instructions you need to play! How To Activate After placing Your order You will receive login credentials to a new xbox account with the game purchased. Learn how to share your games among your accounts via [&hellip;]","og_url":"https:\/\/enderg.com\/lt\/product\/pareigos-sauksmas-2\/","og_site_name":"EnderG","article_publisher":"https:\/\/www.facebook.com\/Endergg1\/","article_modified_time":"2025-12-11T02:59:01+00:00","og_image":[{"width":417,"height":593,"url":"https:\/\/enderg.com\/wp-content\/uploads\/2022\/08\/cqQXM.png","type":"image\/png"}],"twitter_card":"summary_large_image","twitter_misc":{"Est. reading time":"3 minut\u0117s"},"schema":{"@context":"https:\/\/schema.org","@graph":[{"@type":"WebPage","@id":"https:\/\/enderg.com\/product\/call-of-duty-2\/","url":"https:\/\/enderg.com\/product\/call-of-duty-2\/","name":"Call of Duty\u00ae 2 \u2013 EnderG","isPartOf":{"@id":"https:\/\/enderg.com\/#website"},"primaryImageOfPage":{"@id":"https:\/\/enderg.com\/product\/call-of-duty-2\/#primaryimage"},"image":{"@id":"https:\/\/enderg.com\/product\/call-of-duty-2\/#primaryimage"},"thumbnailUrl":"https:\/\/i0.wp.com\/enderg.com\/wp-content\/uploads\/2022\/08\/cqQXM.png?fit=417%2C593&ssl=1","datePublished":"2023-09-08T14:08:53+00:00","dateModified":"2025-12-11T02:59:01+00:00","breadcrumb":{"@id":"https:\/\/enderg.com\/product\/call-of-duty-2\/#breadcrumb"},"inLanguage":"lt-LT","potentialAction":[{"@type":"ReadAction","target":["https:\/\/enderg.com\/product\/call-of-duty-2\/"]}]},{"@type":"ImageObject","inLanguage":"lt-LT","@id":"https:\/\/enderg.com\/product\/call-of-duty-2\/#primaryimage","url":"https:\/\/i0.wp.com\/enderg.com\/wp-content\/uploads\/2022\/08\/cqQXM.png?fit=417%2C593&ssl=1","contentUrl":"https:\/\/i0.wp.com\/enderg.com\/wp-content\/uploads\/2022\/08\/cqQXM.png?fit=417%2C593&ssl=1","width":417,"height":593},{"@type":"BreadcrumbList","@id":"https:\/\/enderg.com\/product\/call-of-duty-2\/#breadcrumb","itemListElement":[{"@type":"ListItem","position":1,"name":"Home","item":"https:\/\/enderg.com\/"},{"@type":"ListItem","position":2,"name":"Shop","item":"https:\/\/enderg.com\/shop\/"},{"@type":"ListItem","position":3,"name":"Call of Duty\u00ae 2"}]},{"@type":"WebSite","@id":"https:\/\/enderg.com\/#website","url":"https:\/\/enderg.com\/","name":"EnderG","description":"Pigiau yra tai, k\u0105 mes darome!","publisher":{"@id":"https:\/\/enderg.com\/#organization"},"potentialAction":[{"@type":"SearchAction","target":{"@type":"EntryPoint","urlTemplate":"https:\/\/enderg.com\/?s={search_term_string}"},"query-input":{"@type":"PropertyValueSpecification","valueRequired":true,"valueName":"search_term_string"}}],"inLanguage":"lt-LT"},{"@type":"Organization","@id":"https:\/\/enderg.com\/#organization","name":"EnderG","url":"https:\/\/enderg.com\/","logo":{"@type":"ImageObject","inLanguage":"lt-LT","@id":"https:\/\/enderg.com\/#\/schema\/logo\/image\/","url":"https:\/\/enderg.com\/wp-content\/uploads\/2023\/03\/222222222221.png","contentUrl":"https:\/\/enderg.com\/wp-content\/uploads\/2023\/03\/222222222221.png","width":512,"height":512,"caption":"EnderG"},"image":{"@id":"https:\/\/enderg.com\/#\/schema\/logo\/image\/"},"sameAs":["https:\/\/www.facebook.com\/Endergg1\/","https:\/\/www.instagram.com\/enderg01","https:\/\/www.youtube.com\/@enderg-com"],"description":"Pigesni \u017eaidimai \u2013 tai, k\u0105 mes darome!","legalName":"Vandar Limited","foundingDate":"2022-06-21"}]}},"jetpack_publicize_connections":[],"jetpack_likes_enabled":true,"jetpack_sharing_enabled":true,"jetpack-related-posts":[],"_links":{"self":[{"href":"https:\/\/enderg.com\/lt\/wp-json\/wp\/v2\/product\/333","targetHints":{"allow":["GET"]}}],"collection":[{"href":"https:\/\/enderg.com\/lt\/wp-json\/wp\/v2\/product"}],"about":[{"href":"https:\/\/enderg.com\/lt\/wp-json\/wp\/v2\/types\/product"}],"replies":[{"embeddable":true,"href":"https:\/\/enderg.com\/lt\/wp-json\/wp\/v2\/comments?post=333"}],"version-history":[{"count":6,"href":"https:\/\/enderg.com\/lt\/wp-json\/wp\/v2\/product\/333\/revisions"}],"predecessor-version":[{"id":3696,"href":"https:\/\/enderg.com\/lt\/wp-json\/wp\/v2\/product\/333\/revisions\/3696"}],"wp:featuredmedia":[{"embeddable":true,"href":"https:\/\/enderg.com\/lt\/wp-json\/wp\/v2\/media\/530"}],"wp:attachment":[{"href":"https:\/\/enderg.com\/lt\/wp-json\/wp\/v2\/media?parent=333"}],"wp:term":[{"taxonomy":"product_brand","embeddable":true,"href":"https:\/\/enderg.com\/lt\/wp-json\/wp\/v2\/product_brand?post=333"},{"taxonomy":"product_cat","embeddable":true,"href":"https:\/\/enderg.com\/lt\/wp-json\/wp\/v2\/product_cat?post=333"},{"taxonomy":"product_tag","embeddable":true,"href":"https:\/\/enderg.com\/lt\/wp-json\/wp\/v2\/product_tag?post=333"}],"curies":[{"name":"wp","href":"https:\/\/api.w.org\/{rel}","templated":true}]}}