{"id":1878,"date":"2022-08-08T21:01:57","date_gmt":"2022-08-08T18:01:57","guid":{"rendered":"https:\/\/enderg.com\/product\/call-of-duty-black-ops-cold-war\/"},"modified":"2025-12-11T05:59:02","modified_gmt":"2025-12-11T02:59:02","slug":"call-of-duty-black-ops-cold-war","status":"publish","type":"product","link":"https:\/\/enderg.com\/lt\/product\/call-of-duty-black-ops-cold-war\/","title":{"rendered":"Call of Duty\u00ae: Black Ops Cold War"},"content":{"rendered":"<div data-elementor-type=\"wp-post\" data-elementor-id=\"1878\" class=\"elementor elementor-1878\" data-elementor-post-type=\"product\">\n\t\t\t\t\t\t<section class=\"elementor-section elementor-top-section elementor-element elementor-element-13972844 elementor-section-boxed elementor-section-height-default elementor-section-height-default\" data-id=\"13972844\" data-element_type=\"section\" data-e-type=\"section\">\n\t\t\t\t\t\t<div class=\"elementor-container elementor-column-gap-default\">\n\t\t\t\t\t<div class=\"elementor-column elementor-col-100 elementor-top-column elementor-element elementor-element-250d29cd\" data-id=\"250d29cd\" data-element_type=\"column\" data-e-type=\"column\">\n\t\t\t<div class=\"elementor-widget-wrap elementor-element-populated\">\n\t\t\t\t\t\t<div class=\"elementor-element elementor-element-6b41fb12 elementor-widget elementor-widget-accordion\" data-id=\"6b41fb12\" data-element_type=\"widget\" data-e-type=\"widget\" data-widget_type=\"accordion.default\">\n\t\t\t\t<div class=\"elementor-widget-container\">\n\t\t\t\t\t\t\t<div class=\"elementor-accordion\">\n\t\t\t\t\t\t\t<div class=\"elementor-accordion-item\">\n\t\t\t\t\t<h4 id=\"elementor-tab-title-1791\" class=\"elementor-tab-title\" data-tab=\"1\" role=\"button\" aria-controls=\"elementor-tab-content-1791\" aria-expanded=\"false\">\n\t\t\t\t\t\t\t\t\t\t\t\t\t<span class=\"elementor-accordion-icon elementor-accordion-icon-left\" aria-hidden=\"true\">\n\t\t\t\t\t\t\t\t\t\t\t\t\t\t\t<span class=\"elementor-accordion-icon-closed\"><i class=\"fas fa-truck\"><\/i><\/span>\n\t\t\t\t\t\t\t\t<span class=\"elementor-accordion-icon-opened\"><i class=\"fas fa-truck\"><\/i><\/span>\n\t\t\t\t\t\t\t\t\t\t\t\t\t\t<\/span>\n\t\t\t\t\t\t\t\t\t\t\t\t<a class=\"elementor-accordion-title\" tabindex=\"0\">Greitas pristatymas<\/a>\n\t\t\t\t\t<\/h4>\n\t\t\t\t\t<div id=\"elementor-tab-content-1791\" class=\"elementor-tab-content elementor-clearfix\" data-tab=\"1\" role=\"region\" aria-labelledby=\"elementor-tab-title-1791\"><p>5-10 minutes after your order goes through, you will receive an email containing the Game Key &amp; instructions you need to Activate!<\/p><\/div>\n\t\t\t\t<\/div>\n\t\t\t\t\t\t\t\t<\/div>\n\t\t\t\t\t\t<\/div>\n\t\t\t\t<\/div>\n\t\t\t\t<div class=\"elementor-element elementor-element-23b8cfa5 elementor-widget elementor-widget-accordion\" data-id=\"23b8cfa5\" data-element_type=\"widget\" data-e-type=\"widget\" data-widget_type=\"accordion.default\">\n\t\t\t\t<div class=\"elementor-widget-container\">\n\t\t\t\t\t\t\t<div class=\"elementor-accordion\">\n\t\t\t\t\t\t\t<div class=\"elementor-accordion-item\">\n\t\t\t\t\t<h4 id=\"elementor-tab-title-5991\" class=\"elementor-tab-title\" data-tab=\"1\" role=\"button\" aria-controls=\"elementor-tab-content-5991\" aria-expanded=\"false\">\n\t\t\t\t\t\t\t\t\t\t\t\t\t<span class=\"elementor-accordion-icon elementor-accordion-icon-left\" aria-hidden=\"true\">\n\t\t\t\t\t\t\t\t\t\t\t\t\t\t\t<span class=\"elementor-accordion-icon-closed\"><i class=\"fab fa-xbox\"><\/i><\/span>\n\t\t\t\t\t\t\t\t<span class=\"elementor-accordion-icon-opened\"><i class=\"fab fa-xbox\"><\/i><\/span>\n\t\t\t\t\t\t\t\t\t\t\t\t\t\t<\/span>\n\t\t\t\t\t\t\t\t\t\t\t\t<a class=\"elementor-accordion-title\" tabindex=\"0\">Kaip suaktyvinti<\/a>\n\t\t\t\t\t<\/h4>\n\t\t\t\t\t<div id=\"elementor-tab-content-5991\" class=\"elementor-tab-content elementor-clearfix\" data-tab=\"1\" role=\"region\" aria-labelledby=\"elementor-tab-title-5991\"><p>1. Pateik\u0119 u\u017esakym\u0105 atidarykite VPN ir prisijunkite prie el. lai\u0161ke nurodyto serverio.<\/p>\n<p>2- Spustel\u0117kite tai&nbsp;<a title=\"https:\/\/account.microsoft.com\/billing\/redeem?refd=login.live.com\" href=\"https:\/\/account.microsoft.com\/billing\/redeem?refd=login.live.com\"><strong>Nuoroda<\/strong><\/a>&nbsp;&amp; Prisijunkite prie savo paskyros ir i\u0161pirkite gaut\u0105 rakt\u0105!<\/p>\n<p>3 - M\u0117gaukit\u0117s!<\/p><\/div>\n\t\t\t\t<\/div>\n\t\t\t\t\t\t\t\t<\/div>\n\t\t\t\t\t\t<\/div>\n\t\t\t\t<\/div>\n\t\t\t\t<div class=\"elementor-element elementor-element-6670300 elementor-widget elementor-widget-text-editor\" data-id=\"6670300\" data-element_type=\"widget\" data-e-type=\"widget\" data-widget_type=\"text-editor.default\">\n\t\t\t\t<div class=\"elementor-widget-container\">\n\t\t\t\t\t\t\t\t\t<h3 style=\"text-align: center;\"><strong>Apie \u0161\u012f \u017eaidim\u0105<\/strong><\/h3>\t\t\t\t\t\t\t\t<\/div>\n\t\t\t\t<\/div>\n\t\t\t\t\t<\/div>\n\t\t<\/div>\n\t\t\t\t\t<\/div>\n\t\t<\/section>\n\t\t\t\t<section class=\"elementor-section elementor-top-section elementor-element elementor-element-48696f84 elementor-section-boxed elementor-section-height-default elementor-section-height-default\" data-id=\"48696f84\" data-element_type=\"section\" data-e-type=\"section\">\n\t\t\t\t\t\t<div class=\"elementor-container elementor-column-gap-default\">\n\t\t\t\t\t<div class=\"elementor-column elementor-col-100 elementor-top-column elementor-element elementor-element-38ae0851\" data-id=\"38ae0851\" data-element_type=\"column\" data-e-type=\"column\">\n\t\t\t<div class=\"elementor-widget-wrap elementor-element-populated\">\n\t\t\t\t\t\t<div class=\"elementor-element elementor-element-101aa8d1 elementor-widget elementor-widget-text-editor\" data-id=\"101aa8d1\" data-element_type=\"widget\" data-e-type=\"widget\" data-widget_type=\"text-editor.default\">\n\t\t\t\t<div class=\"elementor-widget-container\">\n\t\t\t\t\t\t\t\t\tThe iconic Black Ops series is back with Call of Duty\u00ae: Black Ops Cold War &#8211; the direct sequel to the original and fan-favorite Call of Duty\u00ae: Black Ops.\r\n<div class=\"read-more\">\r\n<div class=\"game_page_autocollapse_ctn expanded\">\r\n<div id=\"aboutThisGame\" class=\"game_page_autocollapse\" data-panel=\"{&quot;type&quot;:&quot;PanelGroup&quot;}\">\r\n<div id=\"game_area_description\" class=\"game_area_description\">\r\n\r\nBlack Ops Cold War will drop fans into the depths of the Cold War\u2019s volatile geopolitical battle of the early 1980s. Nothing is ever as it seems in a gripping single-player Campaign, where players will come face-to-face with historical figures and hard truths, as they battle around the globe through iconic locales like East Berlin, Vietnam, Turkey, Soviet KGB headquarters and more.\r\n\r\nAs elite operatives, you will follow the trail of a shadowy figure named Perseus who is on a mission to destabilize the global balance of power and change the course of history. Descend into the dark center of this global conspiracy alongside iconic characters Woods, Mason and Hudson and a new cast of Operatives attempting to stop a plot decades in the making.\r\n\r\nBeyond the Campaign, players will bring a Cold War arsenal of weapons and equipment into the next generation of Multiplayer and Zombies experiences.\r\n\r\nWelcome to the brink. Welcome to Call of Duty\u00ae: Black Ops Cold War.\r\n\r\n<\/div>\r\n<\/div>\r\n<\/div>\r\n<\/div>\r\n<iframe title=\"Reveal Trailer | Call of Duty: Black Ops Cold War\" data-src=\"https:\/\/www.youtube.com\/embed\/aTS9n_m7TW0\" width=\"375\" height=\"315\" frameborder=\"0\" allowfullscreen=\"allowfullscreen\" src=\"data:image\/svg+xml;base64,PHN2ZyB3aWR0aD0iMSIgaGVpZ2h0PSIxIiB4bWxucz0iaHR0cDovL3d3dy53My5vcmcvMjAwMC9zdmciPjwvc3ZnPg==\" class=\"lazyload\" data-load-mode=\"1\"><\/iframe>\t\t\t\t\t\t\t\t<\/div>\n\t\t\t\t<\/div>\n\t\t\t\t\t<\/div>\n\t\t<\/div>\n\t\t\t\t\t<\/div>\n\t\t<\/section>\n\t\t\t\t<\/div>","protected":false},"excerpt":{"rendered":"<p>Fast Delivery 5-10 minutes after your order goes through, you will receive an email containing the Game Key &amp; instructions you need to Activate! How To Activate 1- Open up a VPN and connect to the server specified in your email after placing your order. 2- Click on this&nbsp;Link&nbsp;&amp; Login into your account and then [&hellip;]<\/p>\n","protected":false},"featured_media":2116,"comment_status":"closed","ping_status":"closed","template":"","meta":{"_crdt_document":"","jetpack_post_was_ever_published":false,"jetpack_publicize_message":"","jetpack_publicize_feature_enabled":true,"jetpack_social_post_already_shared":true,"jetpack_social_options":{"image_generator_settings":{"template":"highway","default_image_id":0,"font":"","enabled":false},"version":2},"_wpas_customize_per_network":false},"product_brand":[],"product_cat":[1374],"product_tag":[1399],"class_list":{"0":"post-1878","1":"product","2":"type-product","3":"status-publish","4":"has-post-thumbnail","6":"product_cat-xbox","7":"product_tag-xbox","9":"first","10":"outofstock","11":"sale","12":"taxable","13":"shipping-taxable","14":"purchasable","15":"product-type-variable","16":"has-default-attributes"},"yoast_head":"<!-- This site is optimized with the Yoast SEO Premium plugin v27.3 (Yoast SEO v27.3) - https:\/\/yoast.com\/product\/yoast-seo-premium-wordpress\/ -->\n<title>Call of Duty\u00ae: Black Ops Cold War - EnderG<\/title>\n<meta name=\"robots\" content=\"index, follow, max-snippet:-1, max-image-preview:large, max-video-preview:-1\" \/>\n<link rel=\"canonical\" href=\"https:\/\/enderg.com\/lt\/product\/call-of-duty-black-ops-cold-war\/\" \/>\n<meta property=\"og:locale\" content=\"lt_LT\" \/>\n<meta property=\"og:type\" content=\"article\" \/>\n<meta property=\"og:title\" content=\"Call of Duty\u00ae: Black Ops Cold War\" \/>\n<meta property=\"og:description\" content=\"Fast Delivery 5-10 minutes after your order goes through, you will receive an email containing the Game Key &amp; instructions you need to Activate! How To Activate 1- Open up a VPN and connect to the server specified in your email after placing your order. 2- Click on this&nbsp;Link&nbsp;&amp; Login into your account and then [&hellip;]\" \/>\n<meta property=\"og:url\" content=\"https:\/\/enderg.com\/lt\/product\/call-of-duty-black-ops-cold-war\/\" \/>\n<meta property=\"og:site_name\" content=\"EnderG\" \/>\n<meta property=\"article:publisher\" content=\"https:\/\/www.facebook.com\/Endergg1\/\" \/>\n<meta property=\"article:modified_time\" content=\"2025-12-11T02:59:02+00:00\" \/>\n<meta property=\"og:image\" content=\"https:\/\/enderg.com\/wp-content\/uploads\/2022\/08\/Keyart_Promo_BOCW.jpg\" \/>\n\t<meta property=\"og:image:width\" content=\"1960\" \/>\n\t<meta property=\"og:image:height\" content=\"2456\" \/>\n\t<meta property=\"og:image:type\" content=\"image\/jpeg\" \/>\n<meta name=\"twitter:card\" content=\"summary_large_image\" \/>\n<meta name=\"twitter:label1\" content=\"Est. reading time\" \/>\n\t<meta name=\"twitter:data1\" content=\"2 minut\u0117s\" \/>\n<script type=\"application\/ld+json\" class=\"yoast-schema-graph\">{\"@context\":\"https:\\\/\\\/schema.org\",\"@graph\":[{\"@type\":\"WebPage\",\"@id\":\"https:\\\/\\\/enderg.com\\\/product\\\/call-of-duty-black-ops-cold-war\\\/\",\"url\":\"https:\\\/\\\/enderg.com\\\/product\\\/call-of-duty-black-ops-cold-war\\\/\",\"name\":\"Call of Duty\u00ae: Black Ops Cold War - EnderG\",\"isPartOf\":{\"@id\":\"https:\\\/\\\/enderg.com\\\/#website\"},\"primaryImageOfPage\":{\"@id\":\"https:\\\/\\\/enderg.com\\\/product\\\/call-of-duty-black-ops-cold-war\\\/#primaryimage\"},\"image\":{\"@id\":\"https:\\\/\\\/enderg.com\\\/product\\\/call-of-duty-black-ops-cold-war\\\/#primaryimage\"},\"thumbnailUrl\":\"https:\\\/\\\/i0.wp.com\\\/enderg.com\\\/wp-content\\\/uploads\\\/2022\\\/08\\\/Keyart_Promo_BOCW.jpg?fit=1960%2C2456&ssl=1\",\"datePublished\":\"2022-08-08T18:01:57+00:00\",\"dateModified\":\"2025-12-11T02:59:02+00:00\",\"breadcrumb\":{\"@id\":\"https:\\\/\\\/enderg.com\\\/product\\\/call-of-duty-black-ops-cold-war\\\/#breadcrumb\"},\"inLanguage\":\"lt-LT\",\"potentialAction\":[{\"@type\":\"ReadAction\",\"target\":[\"https:\\\/\\\/enderg.com\\\/product\\\/call-of-duty-black-ops-cold-war\\\/\"]}]},{\"@type\":\"ImageObject\",\"inLanguage\":\"lt-LT\",\"@id\":\"https:\\\/\\\/enderg.com\\\/product\\\/call-of-duty-black-ops-cold-war\\\/#primaryimage\",\"url\":\"https:\\\/\\\/i0.wp.com\\\/enderg.com\\\/wp-content\\\/uploads\\\/2022\\\/08\\\/Keyart_Promo_BOCW.jpg?fit=1960%2C2456&ssl=1\",\"contentUrl\":\"https:\\\/\\\/i0.wp.com\\\/enderg.com\\\/wp-content\\\/uploads\\\/2022\\\/08\\\/Keyart_Promo_BOCW.jpg?fit=1960%2C2456&ssl=1\",\"width\":1960,\"height\":2456},{\"@type\":\"BreadcrumbList\",\"@id\":\"https:\\\/\\\/enderg.com\\\/product\\\/call-of-duty-black-ops-cold-war\\\/#breadcrumb\",\"itemListElement\":[{\"@type\":\"ListItem\",\"position\":1,\"name\":\"Home\",\"item\":\"https:\\\/\\\/enderg.com\\\/\"},{\"@type\":\"ListItem\",\"position\":2,\"name\":\"Shop\",\"item\":\"https:\\\/\\\/enderg.com\\\/shop\\\/\"},{\"@type\":\"ListItem\",\"position\":3,\"name\":\"Call of Duty\u00ae: Black Ops Cold War\"}]},{\"@type\":\"WebSite\",\"@id\":\"https:\\\/\\\/enderg.com\\\/#website\",\"url\":\"https:\\\/\\\/enderg.com\\\/\",\"name\":\"EnderG\",\"description\":\"Cheaper Is What We Do!\",\"publisher\":{\"@id\":\"https:\\\/\\\/enderg.com\\\/#organization\"},\"potentialAction\":[{\"@type\":\"SearchAction\",\"target\":{\"@type\":\"EntryPoint\",\"urlTemplate\":\"https:\\\/\\\/enderg.com\\\/?s={search_term_string}\"},\"query-input\":{\"@type\":\"PropertyValueSpecification\",\"valueRequired\":true,\"valueName\":\"search_term_string\"}}],\"inLanguage\":\"lt-LT\"},{\"@type\":\"Organization\",\"@id\":\"https:\\\/\\\/enderg.com\\\/#organization\",\"name\":\"EnderG\",\"url\":\"https:\\\/\\\/enderg.com\\\/\",\"logo\":{\"@type\":\"ImageObject\",\"inLanguage\":\"lt-LT\",\"@id\":\"https:\\\/\\\/enderg.com\\\/#\\\/schema\\\/logo\\\/image\\\/\",\"url\":\"https:\\\/\\\/enderg.com\\\/wp-content\\\/uploads\\\/2023\\\/03\\\/222222222221.png\",\"contentUrl\":\"https:\\\/\\\/enderg.com\\\/wp-content\\\/uploads\\\/2023\\\/03\\\/222222222221.png\",\"width\":512,\"height\":512,\"caption\":\"EnderG\"},\"image\":{\"@id\":\"https:\\\/\\\/enderg.com\\\/#\\\/schema\\\/logo\\\/image\\\/\"},\"sameAs\":[\"https:\\\/\\\/www.facebook.com\\\/Endergg1\\\/\",\"https:\\\/\\\/www.instagram.com\\\/enderg01\",\"https:\\\/\\\/www.youtube.com\\\/@enderg-com\"],\"description\":\"Cheaper Gaming is what we do!\",\"legalName\":\"Vandar Limited\",\"foundingDate\":\"2022-06-21\"}]}<\/script>\n<!-- \/ Yoast SEO Premium plugin. -->","yoast_head_json":{"title":"Call of Duty\u00ae: Black Ops Cold War - EnderG","robots":{"index":"index","follow":"follow","max-snippet":"max-snippet:-1","max-image-preview":"max-image-preview:large","max-video-preview":"max-video-preview:-1"},"canonical":"https:\/\/enderg.com\/lt\/product\/call-of-duty-black-ops-cold-war\/","og_locale":"lt_LT","og_type":"article","og_title":"Call of Duty\u00ae: Black Ops Cold War","og_description":"Fast Delivery 5-10 minutes after your order goes through, you will receive an email containing the Game Key &amp; instructions you need to Activate! How To Activate 1- Open up a VPN and connect to the server specified in your email after placing your order. 2- Click on this&nbsp;Link&nbsp;&amp; Login into your account and then [&hellip;]","og_url":"https:\/\/enderg.com\/lt\/product\/call-of-duty-black-ops-cold-war\/","og_site_name":"EnderG","article_publisher":"https:\/\/www.facebook.com\/Endergg1\/","article_modified_time":"2025-12-11T02:59:02+00:00","og_image":[{"width":1960,"height":2456,"url":"https:\/\/enderg.com\/wp-content\/uploads\/2022\/08\/Keyart_Promo_BOCW.jpg","type":"image\/jpeg"}],"twitter_card":"summary_large_image","twitter_misc":{"Est. reading time":"2 minut\u0117s"},"schema":{"@context":"https:\/\/schema.org","@graph":[{"@type":"WebPage","@id":"https:\/\/enderg.com\/product\/call-of-duty-black-ops-cold-war\/","url":"https:\/\/enderg.com\/product\/call-of-duty-black-ops-cold-war\/","name":"Call of Duty\u00ae: Black Ops Cold War - EnderG","isPartOf":{"@id":"https:\/\/enderg.com\/#website"},"primaryImageOfPage":{"@id":"https:\/\/enderg.com\/product\/call-of-duty-black-ops-cold-war\/#primaryimage"},"image":{"@id":"https:\/\/enderg.com\/product\/call-of-duty-black-ops-cold-war\/#primaryimage"},"thumbnailUrl":"https:\/\/i0.wp.com\/enderg.com\/wp-content\/uploads\/2022\/08\/Keyart_Promo_BOCW.jpg?fit=1960%2C2456&ssl=1","datePublished":"2022-08-08T18:01:57+00:00","dateModified":"2025-12-11T02:59:02+00:00","breadcrumb":{"@id":"https:\/\/enderg.com\/product\/call-of-duty-black-ops-cold-war\/#breadcrumb"},"inLanguage":"lt-LT","potentialAction":[{"@type":"ReadAction","target":["https:\/\/enderg.com\/product\/call-of-duty-black-ops-cold-war\/"]}]},{"@type":"ImageObject","inLanguage":"lt-LT","@id":"https:\/\/enderg.com\/product\/call-of-duty-black-ops-cold-war\/#primaryimage","url":"https:\/\/i0.wp.com\/enderg.com\/wp-content\/uploads\/2022\/08\/Keyart_Promo_BOCW.jpg?fit=1960%2C2456&ssl=1","contentUrl":"https:\/\/i0.wp.com\/enderg.com\/wp-content\/uploads\/2022\/08\/Keyart_Promo_BOCW.jpg?fit=1960%2C2456&ssl=1","width":1960,"height":2456},{"@type":"BreadcrumbList","@id":"https:\/\/enderg.com\/product\/call-of-duty-black-ops-cold-war\/#breadcrumb","itemListElement":[{"@type":"ListItem","position":1,"name":"Home","item":"https:\/\/enderg.com\/"},{"@type":"ListItem","position":2,"name":"Shop","item":"https:\/\/enderg.com\/shop\/"},{"@type":"ListItem","position":3,"name":"Call of Duty\u00ae: Black Ops Cold War"}]},{"@type":"WebSite","@id":"https:\/\/enderg.com\/#website","url":"https:\/\/enderg.com\/","name":"EnderG","description":"Pigiau yra tai, k\u0105 mes darome!","publisher":{"@id":"https:\/\/enderg.com\/#organization"},"potentialAction":[{"@type":"SearchAction","target":{"@type":"EntryPoint","urlTemplate":"https:\/\/enderg.com\/?s={search_term_string}"},"query-input":{"@type":"PropertyValueSpecification","valueRequired":true,"valueName":"search_term_string"}}],"inLanguage":"lt-LT"},{"@type":"Organization","@id":"https:\/\/enderg.com\/#organization","name":"EnderG","url":"https:\/\/enderg.com\/","logo":{"@type":"ImageObject","inLanguage":"lt-LT","@id":"https:\/\/enderg.com\/#\/schema\/logo\/image\/","url":"https:\/\/enderg.com\/wp-content\/uploads\/2023\/03\/222222222221.png","contentUrl":"https:\/\/enderg.com\/wp-content\/uploads\/2023\/03\/222222222221.png","width":512,"height":512,"caption":"EnderG"},"image":{"@id":"https:\/\/enderg.com\/#\/schema\/logo\/image\/"},"sameAs":["https:\/\/www.facebook.com\/Endergg1\/","https:\/\/www.instagram.com\/enderg01","https:\/\/www.youtube.com\/@enderg-com"],"description":"Pigesni \u017eaidimai \u2013 tai, k\u0105 mes darome!","legalName":"Vandar Limited","foundingDate":"2022-06-21"}]}},"jetpack_publicize_connections":[],"jetpack_likes_enabled":true,"jetpack_sharing_enabled":true,"jetpack-related-posts":[{"id":1959,"url":"https:\/\/enderg.com\/lt\/product\/cuphead\/","url_meta":{"origin":1878,"position":0},"title":"Cuphead","author":"H722","date":"08\/08\/2022","format":false,"excerpt":"Fast Delivery 5-10 minutes after your order goes through, you will receive an email containing the Account info\/Redeemable Key & instructions you need to Activate! How To Activate 1- Open up a VPN and connect to the server specified in your email after placing your order.\u00a02- Click on this\u00a0Link\u00a0& Login\u2026","rel":"","context":"Similar post","block_context":{"text":"Similar post","link":""},"img":{"alt_text":"","src":"https:\/\/i0.wp.com\/enderg.com\/wp-content\/uploads\/2022\/08\/11307fd0s0uyV-ba4dy5E9qskf6CIntl28sAerYTFbYC7vPUBrfgp7zokliHVbVoJ5ghylOBamo2Q2i5pbEYxQKFnSsiLHaY.jpg?fit=1200%2C1200&ssl=1&resize=350%2C200","width":350,"height":200,"srcset":"https:\/\/i0.wp.com\/enderg.com\/wp-content\/uploads\/2022\/08\/11307fd0s0uyV-ba4dy5E9qskf6CIntl28sAerYTFbYC7vPUBrfgp7zokliHVbVoJ5ghylOBamo2Q2i5pbEYxQKFnSsiLHaY.jpg?fit=1200%2C1200&ssl=1&resize=350%2C200 1x, https:\/\/i0.wp.com\/enderg.com\/wp-content\/uploads\/2022\/08\/11307fd0s0uyV-ba4dy5E9qskf6CIntl28sAerYTFbYC7vPUBrfgp7zokliHVbVoJ5ghylOBamo2Q2i5pbEYxQKFnSsiLHaY.jpg?fit=1200%2C1200&ssl=1&resize=525%2C300 1.5x, https:\/\/i0.wp.com\/enderg.com\/wp-content\/uploads\/2022\/08\/11307fd0s0uyV-ba4dy5E9qskf6CIntl28sAerYTFbYC7vPUBrfgp7zokliHVbVoJ5ghylOBamo2Q2i5pbEYxQKFnSsiLHaY.jpg?fit=1200%2C1200&ssl=1&resize=700%2C400 2x, https:\/\/i0.wp.com\/enderg.com\/wp-content\/uploads\/2022\/08\/11307fd0s0uyV-ba4dy5E9qskf6CIntl28sAerYTFbYC7vPUBrfgp7zokliHVbVoJ5ghylOBamo2Q2i5pbEYxQKFnSsiLHaY.jpg?fit=1200%2C1200&ssl=1&resize=1050%2C600 3x"},"classes":[]},{"id":5954,"url":"https:\/\/enderg.com\/lt\/product\/star-wars-jedi-survivor\/","url_meta":{"origin":1878,"position":1},"title":"STAR WARS Jedi: Survivor\u2122","author":"nazhad722","date":"21\/03\/2023","format":false,"excerpt":"Fast Delivery Delivery can take 5 to 20 minutes, according to your place in our queueYour Order will be \u2018Auto Refunded\u2019 in case it does not get delivered after 12 hours!","rel":"","context":"With 1 comment","block_context":{"text":"With 1 comment","link":"https:\/\/enderg.com\/lt\/product\/star-wars-jedi-survivor\/#comments"},"img":{"alt_text":"","src":"https:\/\/i0.wp.com\/enderg.com\/wp-content\/uploads\/2023\/03\/sw-jedi-survivor-key-art-1080x1080_c38222d5.jpeg?fit=1080%2C1080&ssl=1&resize=350%2C200","width":350,"height":200,"srcset":"https:\/\/i0.wp.com\/enderg.com\/wp-content\/uploads\/2023\/03\/sw-jedi-survivor-key-art-1080x1080_c38222d5.jpeg?fit=1080%2C1080&ssl=1&resize=350%2C200 1x, https:\/\/i0.wp.com\/enderg.com\/wp-content\/uploads\/2023\/03\/sw-jedi-survivor-key-art-1080x1080_c38222d5.jpeg?fit=1080%2C1080&ssl=1&resize=525%2C300 1.5x, https:\/\/i0.wp.com\/enderg.com\/wp-content\/uploads\/2023\/03\/sw-jedi-survivor-key-art-1080x1080_c38222d5.jpeg?fit=1080%2C1080&ssl=1&resize=700%2C400 2x, https:\/\/i0.wp.com\/enderg.com\/wp-content\/uploads\/2023\/03\/sw-jedi-survivor-key-art-1080x1080_c38222d5.jpeg?fit=1080%2C1080&ssl=1&resize=1050%2C600 3x"},"classes":[]},{"id":5990,"url":"https:\/\/enderg.com\/lt\/product\/dead-island-2\/","url_meta":{"origin":1878,"position":2},"title":"Negyvoji sala 2","author":"nazhad722","date":"21\/03\/2023","format":false,"excerpt":"Fast Delivery Delivery can take 5 to 20 minutes, according to your place in our queueYour Order will be \u2018Auto Refunded\u2019 in case it does not get delivered after 12 hours!","rel":"","context":"With 1 comment","block_context":{"text":"With 1 comment","link":"https:\/\/enderg.com\/lt\/product\/dead-island-2\/#comments"},"img":{"alt_text":"","src":"https:\/\/i0.wp.com\/enderg.com\/wp-content\/uploads\/2023\/03\/SyX3pwXDmPfzSY6KsdCU6dfk.jpg?fit=800%2C1200&ssl=1&resize=350%2C200","width":350,"height":200,"srcset":"https:\/\/i0.wp.com\/enderg.com\/wp-content\/uploads\/2023\/03\/SyX3pwXDmPfzSY6KsdCU6dfk.jpg?fit=800%2C1200&ssl=1&resize=350%2C200 1x, https:\/\/i0.wp.com\/enderg.com\/wp-content\/uploads\/2023\/03\/SyX3pwXDmPfzSY6KsdCU6dfk.jpg?fit=800%2C1200&ssl=1&resize=525%2C300 1.5x, https:\/\/i0.wp.com\/enderg.com\/wp-content\/uploads\/2023\/03\/SyX3pwXDmPfzSY6KsdCU6dfk.jpg?fit=800%2C1200&ssl=1&resize=700%2C400 2x"},"classes":[]},{"id":6009,"url":"https:\/\/enderg.com\/lt\/product\/diablo-4-iv\/","url_meta":{"origin":1878,"position":3},"title":"Diablo 4 IV","author":"nazhad722","date":"21\/03\/2023","format":false,"excerpt":"Fast Delivery Delivery can take 5 to 20 minutes, according to your place in our queueYour Order will be \u2018Auto Refunded\u2019 in case it does not get delivered after 12 hours!","rel":"","context":"With 1 comment","block_context":{"text":"With 1 comment","link":"https:\/\/enderg.com\/lt\/product\/diablo-4-iv\/#comments"},"img":{"alt_text":"","src":"https:\/\/i0.wp.com\/enderg.com\/wp-content\/uploads\/2023\/03\/Diablo_IV_cover_art.png?fit=273%2C365&ssl=1&resize=350%2C200","width":350,"height":200},"classes":[]},{"id":6181,"url":"https:\/\/enderg.com\/lt\/product\/the-last-of-us-part-i\/","url_meta":{"origin":1878,"position":4},"title":"Paskutinis i\u0161 m\u016bs\u0173, I dalis","author":"nazhad722","date":"24\/03\/2023","format":false,"excerpt":"Greitas pristatymas. Pristatymas gali u\u017etrukti nuo 5 iki 20 minu\u010di\u0173, priklausomai nuo j\u016bs\u0173 vietos eil\u0117je. Jei u\u017esakymas nebus pristatytas per 12 valand\u0173, pinigai u\u017e j\u012f bus gr\u0105\u017einti automati\u0161kai!","rel":"","context":"With 1 comment","block_context":{"text":"With 1 comment","link":"https:\/\/enderg.com\/lt\/product\/the-last-of-us-part-i\/#comments"},"img":{"alt_text":"","src":"https:\/\/i0.wp.com\/enderg.com\/wp-content\/uploads\/2023\/03\/eEczyEMDd2BLa3dtkGJVE9Id.jpg?fit=1024%2C1024&ssl=1&resize=350%2C200","width":350,"height":200,"srcset":"https:\/\/i0.wp.com\/enderg.com\/wp-content\/uploads\/2023\/03\/eEczyEMDd2BLa3dtkGJVE9Id.jpg?fit=1024%2C1024&ssl=1&resize=350%2C200 1x, https:\/\/i0.wp.com\/enderg.com\/wp-content\/uploads\/2023\/03\/eEczyEMDd2BLa3dtkGJVE9Id.jpg?fit=1024%2C1024&ssl=1&resize=525%2C300 1.5x, https:\/\/i0.wp.com\/enderg.com\/wp-content\/uploads\/2023\/03\/eEczyEMDd2BLa3dtkGJVE9Id.jpg?fit=1024%2C1024&ssl=1&resize=700%2C400 2x"},"classes":[]},{"id":7427,"url":"https:\/\/enderg.com\/lt\/product\/god-of-war-ragnarok\/","url_meta":{"origin":1878,"position":5},"title":"Karo dievas Ragnar\u00f6kas","author":"nazhad722","date":"09\/04\/2023","format":false,"excerpt":"Greitas pristatymas. Pristatymas gali u\u017etrukti nuo 5 iki 20 minu\u010di\u0173, priklausomai nuo j\u016bs\u0173 vietos eil\u0117je. Jei u\u017esakymas nebus pristatytas per 12 valand\u0173, pinigai u\u017e j\u012f bus gr\u0105\u017einti automati\u0161kai!","rel":"","context":"With 1 comment","block_context":{"text":"With 1 comment","link":"https:\/\/enderg.com\/lt\/product\/god-of-war-ragnarok\/#comments"},"img":{"alt_text":"","src":"https:\/\/i0.wp.com\/enderg.com\/wp-content\/uploads\/2023\/04\/4xJ8XB3bi888QTLZYdl7Oi0s.jpg?fit=1024%2C1024&ssl=1&resize=350%2C200","width":350,"height":200,"srcset":"https:\/\/i0.wp.com\/enderg.com\/wp-content\/uploads\/2023\/04\/4xJ8XB3bi888QTLZYdl7Oi0s.jpg?fit=1024%2C1024&ssl=1&resize=350%2C200 1x, https:\/\/i0.wp.com\/enderg.com\/wp-content\/uploads\/2023\/04\/4xJ8XB3bi888QTLZYdl7Oi0s.jpg?fit=1024%2C1024&ssl=1&resize=525%2C300 1.5x, https:\/\/i0.wp.com\/enderg.com\/wp-content\/uploads\/2023\/04\/4xJ8XB3bi888QTLZYdl7Oi0s.jpg?fit=1024%2C1024&ssl=1&resize=700%2C400 2x"},"classes":[]}],"_links":{"self":[{"href":"https:\/\/enderg.com\/lt\/wp-json\/wp\/v2\/product\/1878","targetHints":{"allow":["GET"]}}],"collection":[{"href":"https:\/\/enderg.com\/lt\/wp-json\/wp\/v2\/product"}],"about":[{"href":"https:\/\/enderg.com\/lt\/wp-json\/wp\/v2\/types\/product"}],"replies":[{"embeddable":true,"href":"https:\/\/enderg.com\/lt\/wp-json\/wp\/v2\/comments?post=1878"}],"version-history":[{"count":7,"href":"https:\/\/enderg.com\/lt\/wp-json\/wp\/v2\/product\/1878\/revisions"}],"predecessor-version":[{"id":8844,"href":"https:\/\/enderg.com\/lt\/wp-json\/wp\/v2\/product\/1878\/revisions\/8844"}],"wp:featuredmedia":[{"embeddable":true,"href":"https:\/\/enderg.com\/lt\/wp-json\/wp\/v2\/media\/2116"}],"wp:attachment":[{"href":"https:\/\/enderg.com\/lt\/wp-json\/wp\/v2\/media?parent=1878"}],"wp:term":[{"taxonomy":"product_brand","embeddable":true,"href":"https:\/\/enderg.com\/lt\/wp-json\/wp\/v2\/product_brand?post=1878"},{"taxonomy":"product_cat","embeddable":true,"href":"https:\/\/enderg.com\/lt\/wp-json\/wp\/v2\/product_cat?post=1878"},{"taxonomy":"product_tag","embeddable":true,"href":"https:\/\/enderg.com\/lt\/wp-json\/wp\/v2\/product_tag?post=1878"}],"curies":[{"name":"wp","href":"https:\/\/api.w.org\/{rel}","templated":true}]}}