{"id":3334,"date":"2022-08-09T00:48:19","date_gmt":"2022-08-08T21:48:19","guid":{"rendered":"https:\/\/enderg.com\/?page_id=3334"},"modified":"2025-01-06T21:09:28","modified_gmt":"2025-01-06T18:09:28","slug":"contact","status":"publish","type":"page","link":"https:\/\/enderg.com\/lt\/contact\/","title":{"rendered":"kontaktas"},"content":{"rendered":"<div class=\"forminator-ui forminator-custom-form forminator-custom-form-14853 forminator-design--material  forminator_ajax\" data-forminator-render=\"0\" data-form=\"forminator-module-14853\" data-uid=\"69d69bf20940b\"><br\/><\/div><form\n\t\t\t\tid=\"forminator-module-14853\"\n\t\t\t\tclass=\"forminator-ui forminator-custom-form forminator-custom-form-14853 forminator-design--material  forminator_ajax\"\n\t\t\t\tmethod=\"post\"\n\t\t\t\tdata-forminator-render=\"0\"\n\t\t\t\tdata-form-id=\"14853\"\n\t\t\t\t data-color-option=\"default\" data-design=\"material\" data-grid=\"open\" style=\"display: none;\"\n\t\t\t\tdata-uid=\"69d69bf20940b\" action=\"\"\n\t\t\t><div role=\"alert\" aria-live=\"polite\" class=\"forminator-response-message forminator-error\" aria-hidden=\"true\"><\/div><div class=\"forminator-row\"><div id=\"name-1\" class=\"forminator-field-name forminator-col forminator-col-12\"><div class=\"forminator-field\"><label for=\"forminator-field-name-1_69d69bf20940b\" id=\"forminator-field-name-1_69d69bf20940b-label\" class=\"forminator-label\">Vardas <span class=\"forminator-required\">*<\/span><\/label><input type=\"text\" name=\"name-1\" value=\"\" placeholder=\"\" id=\"forminator-field-name-1_69d69bf20940b\" class=\"forminator-input forminator-name--field\" aria-required=\"true\" autocomplete=\"name\" \/><\/div><\/div><\/div><div class=\"forminator-row\"><div id=\"email-1\" class=\"forminator-field-email forminator-col forminator-col-12\"><div class=\"forminator-field\"><label for=\"forminator-field-email-1_69d69bf20940b\" id=\"forminator-field-email-1_69d69bf20940b-label\" class=\"forminator-label\">El. pa\u0161to adresas <span class=\"forminator-required\">*<\/span><\/label><input type=\"email\" name=\"email-1\" value=\"\" placeholder=\"E.g. john@doe.com\" id=\"forminator-field-email-1_69d69bf20940b\" class=\"forminator-input forminator-email--field\" data-required=\"1\" aria-required=\"true\" autocomplete=\"email\" \/><\/div><\/div><\/div><div class=\"forminator-row\"><div id=\"radio-4\" class=\"forminator-field-radio forminator-col forminator-col-12\"><div role=\"radiogroup\" class=\"forminator-field\" aria-labelledby=\"forminator-radiogroup-radio-4-69d69bf20940b-label\"><span id=\"forminator-radiogroup-radio-4-69d69bf20940b-label\" class=\"forminator-label\">Ar turite u\u017esakymo numer\u012f? <span class=\"forminator-required\">*<\/span><\/span><label id=\"forminator-field-radio-4-label-1\" for=\"forminator-field-radio-4-1-69d69bf20940b\" class=\"forminator-radio\" title=\"taip\"><input type=\"radio\" name=\"radio-4\" value=\"one\" id=\"forminator-field-radio-4-1-69d69bf20940b\" aria-labelledby=\"forminator-field-radio-4-label-1\" data-calculation=\"0\"   data-hidden-behavior=\"zero\"\/><span class=\"forminator-radio-bullet\" aria-hidden=\"true\"><\/span><span class=\"forminator-radio-label\">taip<\/span><\/label><label id=\"forminator-field-radio-4-label-2\" for=\"forminator-field-radio-4-2-69d69bf20940b\" class=\"forminator-radio\" title=\"Nr\"><input type=\"radio\" name=\"radio-4\" value=\"two\" id=\"forminator-field-radio-4-2-69d69bf20940b\" aria-labelledby=\"forminator-field-radio-4-label-2\" data-calculation=\"0\"   data-hidden-behavior=\"zero\"\/><span class=\"forminator-radio-bullet\" aria-hidden=\"true\"><\/span><span class=\"forminator-radio-label\">Nr<\/span><\/label><\/div><\/div><\/div><div class=\"forminator-row\"><div id=\"number-1\" class=\"forminator-field-number forminator-col forminator-col-12\"><div class=\"forminator-field\"><label for=\"forminator-field-number-1_69d69bf20940b\" id=\"forminator-field-number-1_69d69bf20940b-label\" class=\"forminator-label\">\u012eveskite savo u\u017esakymo numer\u012f <span class=\"forminator-required\">*<\/span><\/label><input name=\"number-1\" value=\"\" placeholder=\"E.g. 142069\" id=\"forminator-field-number-1_69d69bf20940b\" class=\"forminator-input forminator-number--field\" inputmode=\"decimal\" data-required=\"1\" data-decimals=\"0\" aria-required=\"true\" data-inputmask=\"&#039;groupSeparator&#039;: &#039;&#039;, &#039;radixPoint&#039;: &#039;&#039;, &#039;digits&#039;: &#039;0&#039;\" data-hidden-behavior=\"zero\" type=\"number\" step=\"any\" min=\"1000\" max=\"99999\" \/><\/div><\/div><\/div><div class=\"forminator-row\"><div id=\"radio-1\" class=\"forminator-field-radio forminator-col forminator-col-12\"><div role=\"radiogroup\" class=\"forminator-field\" aria-labelledby=\"forminator-radiogroup-radio-1-69d69bf20940b-label\"><span id=\"forminator-radiogroup-radio-1-69d69bf20940b-label\" class=\"forminator-label\">Pasirinkite konsol\u0119, kuri\u0105 naudojate <span class=\"forminator-required\">*<\/span><\/span><label id=\"forminator-field-radio-1-label-1\" for=\"forminator-field-radio-1-1-69d69bf20940b\" class=\"forminator-radio forminator-radio-inline\" title=\"\u201ePlayStation 4\u201c\"><input type=\"radio\" name=\"radio-1\" value=\"one\" id=\"forminator-field-radio-1-1-69d69bf20940b\" aria-labelledby=\"forminator-field-radio-1-label-1\" data-calculation=\"0\"   data-hidden-behavior=\"zero\"\/><span class=\"forminator-radio-bullet\" aria-hidden=\"true\"><\/span><span class=\"forminator-radio-label\">\u201ePlayStation 4\u201c<\/span><\/label><label id=\"forminator-field-radio-1-label-2\" for=\"forminator-field-radio-1-2-69d69bf20940b\" class=\"forminator-radio forminator-radio-inline\" title=\"\u201ePlayStation 5\u201c\"><input type=\"radio\" name=\"radio-1\" value=\"two\" id=\"forminator-field-radio-1-2-69d69bf20940b\" aria-labelledby=\"forminator-field-radio-1-label-2\" data-calculation=\"0\"   data-hidden-behavior=\"zero\"\/><span class=\"forminator-radio-bullet\" aria-hidden=\"true\"><\/span><span class=\"forminator-radio-label\">\u201ePlayStation 5\u201c<\/span><\/label><label id=\"forminator-field-radio-1-label-3\" for=\"forminator-field-radio-1-3-69d69bf20940b\" class=\"forminator-radio forminator-radio-inline\" title=\"Xbox\"><input type=\"radio\" name=\"radio-1\" value=\"Xbox-Consoles\" id=\"forminator-field-radio-1-3-69d69bf20940b\" aria-labelledby=\"forminator-field-radio-1-label-3\" data-calculation=\"0\"   data-hidden-behavior=\"zero\"\/><span class=\"forminator-radio-bullet\" aria-hidden=\"true\"><\/span><span class=\"forminator-radio-label\">Xbox<\/span><\/label><label id=\"forminator-field-radio-1-label-4\" for=\"forminator-field-radio-1-4-69d69bf20940b\" class=\"forminator-radio forminator-radio-inline\" title=\"PC\"><input type=\"radio\" name=\"radio-1\" value=\"PC\" id=\"forminator-field-radio-1-4-69d69bf20940b\" aria-labelledby=\"forminator-field-radio-1-label-4\" data-calculation=\"0\"   data-hidden-behavior=\"zero\"\/><span class=\"forminator-radio-bullet\" aria-hidden=\"true\"><\/span><span class=\"forminator-radio-label\">PC<\/span><\/label><\/div><\/div><\/div><div class=\"forminator-row\"><div id=\"radio-2\" class=\"forminator-field-radio forminator-col forminator-col-12\"><div role=\"radiogroup\" class=\"forminator-field\" aria-labelledby=\"forminator-radiogroup-radio-2-69d69bf20940b-label\"><span id=\"forminator-radiogroup-radio-2-69d69bf20940b-label\" class=\"forminator-label\">Ar susisiekiate su mumis d\u0117l patvirtinimo kodo? <span class=\"forminator-required\">*<\/span><\/span><label id=\"forminator-field-radio-2-label-1\" for=\"forminator-field-radio-2-1-69d69bf20940b\" class=\"forminator-radio\" title=\"Nr\"><input type=\"radio\" name=\"radio-2\" value=\"two\" id=\"forminator-field-radio-2-1-69d69bf20940b\" aria-labelledby=\"forminator-field-radio-2-label-1\" data-calculation=\"0\"   data-hidden-behavior=\"zero\"\/><span class=\"forminator-radio-bullet\" aria-hidden=\"true\"><\/span><span class=\"forminator-radio-label\">Nr<\/span><\/label><label id=\"forminator-field-radio-2-label-2\" for=\"forminator-field-radio-2-2-69d69bf20940b\" class=\"forminator-radio\" title=\"taip\"><input type=\"radio\" name=\"radio-2\" value=\"one\" id=\"forminator-field-radio-2-2-69d69bf20940b\" aria-labelledby=\"forminator-field-radio-2-label-2\" data-calculation=\"0\"   data-hidden-behavior=\"zero\"\/><span class=\"forminator-radio-bullet\" aria-hidden=\"true\"><\/span><span class=\"forminator-radio-label\">taip<\/span><\/label><\/div><\/div><\/div><div class=\"forminator-row\"><div id=\"radio-5\" class=\"forminator-field-radio forminator-col forminator-col-12\"><div role=\"radiogroup\" class=\"forminator-field\" aria-labelledby=\"forminator-radiogroup-radio-5-69d69bf20940b-label\"><span id=\"forminator-radiogroup-radio-5-69d69bf20940b-label\" class=\"forminator-label\">Ar susisiekiate su mumis d\u0117l neteisingo el. pa\u0161to adreso arba slapta\u017eod\u017eio, kai bandote prisijungti? <span class=\"forminator-required\">*<\/span><\/span><label id=\"forminator-field-radio-5-label-1\" for=\"forminator-field-radio-5-1-69d69bf20940b\" class=\"forminator-radio\" title=\"Nr\"><input type=\"radio\" name=\"radio-5\" value=\"No\" id=\"forminator-field-radio-5-1-69d69bf20940b\" aria-labelledby=\"forminator-field-radio-5-label-1\" data-calculation=\"0\"   data-hidden-behavior=\"zero\"\/><span class=\"forminator-radio-bullet\" aria-hidden=\"true\"><\/span><span class=\"forminator-radio-label\">Nr<\/span><\/label><label id=\"forminator-field-radio-5-label-2\" for=\"forminator-field-radio-5-2-69d69bf20940b\" class=\"forminator-radio\" title=\"taip\"><input type=\"radio\" name=\"radio-5\" value=\"one\" id=\"forminator-field-radio-5-2-69d69bf20940b\" aria-labelledby=\"forminator-field-radio-5-label-2\" data-calculation=\"0\"   data-hidden-behavior=\"zero\"\/><span class=\"forminator-radio-bullet\" aria-hidden=\"true\"><\/span><span class=\"forminator-radio-label\">taip<\/span><\/label><\/div><\/div><\/div><div class=\"forminator-row\"><div id=\"textarea-1\" class=\"forminator-field-textarea forminator-col forminator-col-12\"><div class=\"forminator-field\"><label for=\"forminator-field-textarea-1_69d69bf20940b\" id=\"forminator-field-textarea-1_69d69bf20940b-label\" class=\"forminator-label\">Pra\u0161ome \u012fvesti savo \u017einut\u0119... <span class=\"forminator-required\">*<\/span><\/label><textarea name=\"textarea-1\" placeholder=\"Enter your message...\" id=\"forminator-field-textarea-1_69d69bf20940b\" class=\"forminator-textarea\" rows=\"6\" style=\"min-height:140px;\" maxlength=\"400\" ><\/textarea><span id=\"forminator-field-textarea-1_69d69bf20940b-description\" class=\"forminator-description\"><span data-limit=\"400\" data-type=\"characters\" data-editor=\"\">0 \/ 400<\/span><\/span><\/div><\/div><\/div><div class=\"forminator-row\"><div id=\"section-1\" class=\"forminator-field-section forminator-col forminator-col-12\"><div class=\"forminator-field\"><h2 class=\"forminator-title\">Nor\u0117dami kuo grei\u010diau i\u0161spr\u0119sti j\u016bs\u0173 problem\u0105, para\u0161ykite mums \u017einut\u0119 Facebook arba Instagram <a href=\"https:\/\/www.facebook.com\/Endergg1\" rel=\"nofollow\">https:\/\/www.facebook.com\/Endergg1<\/a> <a href=\"https:\/\/www.instagram.com\/enderg01\/\" rel=\"nofollow\">https:\/\/www.instagram.com\/enderg01\/<\/a> <a href=\"https:\/\/wa.me\/447520623898\" rel=\"nofollow\">https:\/\/wa.me\/447520623898<\/a><\/h2><\/div><\/div><\/div><input type=\"hidden\" name=\"referer_url\" value=\"\" \/><div class=\"forminator-row forminator-row-last\"><div class=\"forminator-col\"><div class=\"forminator-field\"><button class=\"forminator-button forminator-button-submit\"><span>Si\u0173sti \u017einut\u0119<\/span><span aria-hidden=\"true\"><\/span><\/button><\/div><\/div><\/div><input type=\"hidden\" id=\"forminator_nonce\" name=\"forminator_nonce\" value=\"36537562ff\" \/><input type=\"hidden\" name=\"_wp_http_referer\" value=\"\/lt\/wp-json\/wp\/v2\/pages\/3334\" \/><input type=\"hidden\" name=\"form_id\" value=\"14853\"><input type=\"hidden\" name=\"page_id\" value=\"3334\"><input type=\"hidden\" name=\"form_type\" value=\"default\"><input type=\"hidden\" name=\"current_url\" value=\"https:\/\/enderg.com\/lt\/contact\/\"><input type=\"hidden\" name=\"render_id\" value=\"0\"><input type=\"hidden\" name=\"action\" value=\"forminator_submit_form_custom-forms\"><label for=\"input_9\" class=\"forminator-hidden\" aria-hidden=\"true\">Please do not fill in this field. <input id=\"input_9\" type=\"text\" name=\"input_9\" value=\"\" autocomplete=\"off\"><\/label><input type=\"hidden\" name=\"trp-form-language\" value=\"lt\"\/><\/form>","protected":false},"excerpt":{"rendered":"","protected":false},"author":215024817,"featured_media":0,"parent":0,"menu_order":0,"comment_status":"closed","ping_status":"closed","template":"","meta":{"_crdt_document":"","jetpack_post_was_ever_published":false,"footnotes":""},"class_list":["post-3334","page","type-page","status-publish","hentry"],"yoast_head":"<!-- This site is optimized with the Yoast SEO Premium plugin v27.3 (Yoast SEO v27.3) - https:\/\/yoast.com\/product\/yoast-seo-premium-wordpress\/ -->\n<title>Contact - EnderG<\/title>\n<meta name=\"robots\" content=\"index, follow, max-snippet:-1, max-image-preview:large, max-video-preview:-1\" \/>\n<link rel=\"canonical\" href=\"http:\/\/enderg.com\/lt\/contact\/\" \/>\n<meta property=\"og:locale\" content=\"lt_LT\" \/>\n<meta property=\"og:type\" content=\"article\" \/>\n<meta property=\"og:title\" content=\"Contact\" \/>\n<meta property=\"og:url\" content=\"http:\/\/enderg.com\/lt\/contact\/\" \/>\n<meta property=\"og:site_name\" content=\"EnderG\" \/>\n<meta property=\"article:publisher\" content=\"https:\/\/www.facebook.com\/Endergg1\/\" \/>\n<meta property=\"article:modified_time\" content=\"2025-01-06T18:09:28+00:00\" \/>\n<meta property=\"og:image\" content=\"https:\/\/i0.wp.com\/enderg.com\/wp-content\/uploads\/2023\/01\/cropped-1111111-1.png?fit=470%2C110&ssl=1\" \/>\n\t<meta property=\"og:image:width\" content=\"470\" \/>\n\t<meta property=\"og:image:height\" content=\"110\" \/>\n\t<meta property=\"og:image:type\" content=\"image\/png\" \/>\n<meta name=\"twitter:card\" content=\"summary_large_image\" \/>\n<script type=\"application\/ld+json\" class=\"yoast-schema-graph\">{\"@context\":\"https:\\\/\\\/schema.org\",\"@graph\":[{\"@type\":\"WebPage\",\"@id\":\"http:\\\/\\\/enderg.com\\\/contact\\\/\",\"url\":\"http:\\\/\\\/enderg.com\\\/contact\\\/\",\"name\":\"Contact - EnderG\",\"isPartOf\":{\"@id\":\"https:\\\/\\\/enderg.com\\\/#website\"},\"datePublished\":\"2022-08-08T21:48:19+00:00\",\"dateModified\":\"2025-01-06T18:09:28+00:00\",\"breadcrumb\":{\"@id\":\"http:\\\/\\\/enderg.com\\\/contact\\\/#breadcrumb\"},\"inLanguage\":\"lt-LT\",\"potentialAction\":[{\"@type\":\"ReadAction\",\"target\":[\"http:\\\/\\\/enderg.com\\\/contact\\\/\"]}]},{\"@type\":\"BreadcrumbList\",\"@id\":\"http:\\\/\\\/enderg.com\\\/contact\\\/#breadcrumb\",\"itemListElement\":[{\"@type\":\"ListItem\",\"position\":1,\"name\":\"Home\",\"item\":\"https:\\\/\\\/enderg.com\\\/\"},{\"@type\":\"ListItem\",\"position\":2,\"name\":\"Contact\"}]},{\"@type\":\"WebSite\",\"@id\":\"https:\\\/\\\/enderg.com\\\/#website\",\"url\":\"https:\\\/\\\/enderg.com\\\/\",\"name\":\"EnderG\",\"description\":\"Cheaper Is What We Do!\",\"publisher\":{\"@id\":\"https:\\\/\\\/enderg.com\\\/#organization\"},\"potentialAction\":[{\"@type\":\"SearchAction\",\"target\":{\"@type\":\"EntryPoint\",\"urlTemplate\":\"https:\\\/\\\/enderg.com\\\/?s={search_term_string}\"},\"query-input\":{\"@type\":\"PropertyValueSpecification\",\"valueRequired\":true,\"valueName\":\"search_term_string\"}}],\"inLanguage\":\"lt-LT\"},{\"@type\":\"Organization\",\"@id\":\"https:\\\/\\\/enderg.com\\\/#organization\",\"name\":\"EnderG\",\"url\":\"https:\\\/\\\/enderg.com\\\/\",\"logo\":{\"@type\":\"ImageObject\",\"inLanguage\":\"lt-LT\",\"@id\":\"https:\\\/\\\/enderg.com\\\/#\\\/schema\\\/logo\\\/image\\\/\",\"url\":\"https:\\\/\\\/enderg.com\\\/wp-content\\\/uploads\\\/2023\\\/03\\\/222222222221.png\",\"contentUrl\":\"https:\\\/\\\/enderg.com\\\/wp-content\\\/uploads\\\/2023\\\/03\\\/222222222221.png\",\"width\":512,\"height\":512,\"caption\":\"EnderG\"},\"image\":{\"@id\":\"https:\\\/\\\/enderg.com\\\/#\\\/schema\\\/logo\\\/image\\\/\"},\"sameAs\":[\"https:\\\/\\\/www.facebook.com\\\/Endergg1\\\/\",\"https:\\\/\\\/www.instagram.com\\\/enderg01\",\"https:\\\/\\\/www.youtube.com\\\/@enderg-com\"],\"description\":\"Cheaper Gaming is what we do!\",\"legalName\":\"Vandar Limited\",\"foundingDate\":\"2022-06-21\"}]}<\/script>\n<!-- \/ Yoast SEO Premium plugin. -->","yoast_head_json":{"title":"Contact - EnderG","robots":{"index":"index","follow":"follow","max-snippet":"max-snippet:-1","max-image-preview":"max-image-preview:large","max-video-preview":"max-video-preview:-1"},"canonical":"http:\/\/enderg.com\/lt\/contact\/","og_locale":"lt_LT","og_type":"article","og_title":"Contact","og_url":"http:\/\/enderg.com\/lt\/contact\/","og_site_name":"EnderG","article_publisher":"https:\/\/www.facebook.com\/Endergg1\/","article_modified_time":"2025-01-06T18:09:28+00:00","og_image":[{"width":470,"height":110,"url":"https:\/\/i0.wp.com\/enderg.com\/wp-content\/uploads\/2023\/01\/cropped-1111111-1.png?fit=470%2C110&ssl=1","type":"image\/png"}],"twitter_card":"summary_large_image","schema":{"@context":"https:\/\/schema.org","@graph":[{"@type":"WebPage","@id":"http:\/\/enderg.com\/contact\/","url":"http:\/\/enderg.com\/contact\/","name":"Contact - EnderG","isPartOf":{"@id":"https:\/\/enderg.com\/#website"},"datePublished":"2022-08-08T21:48:19+00:00","dateModified":"2025-01-06T18:09:28+00:00","breadcrumb":{"@id":"http:\/\/enderg.com\/contact\/#breadcrumb"},"inLanguage":"lt-LT","potentialAction":[{"@type":"ReadAction","target":["http:\/\/enderg.com\/contact\/"]}]},{"@type":"BreadcrumbList","@id":"http:\/\/enderg.com\/contact\/#breadcrumb","itemListElement":[{"@type":"ListItem","position":1,"name":"Home","item":"https:\/\/enderg.com\/"},{"@type":"ListItem","position":2,"name":"Contact"}]},{"@type":"WebSite","@id":"https:\/\/enderg.com\/#website","url":"https:\/\/enderg.com\/","name":"EnderG","description":"Pigiau yra tai, k\u0105 mes darome!","publisher":{"@id":"https:\/\/enderg.com\/#organization"},"potentialAction":[{"@type":"SearchAction","target":{"@type":"EntryPoint","urlTemplate":"https:\/\/enderg.com\/?s={search_term_string}"},"query-input":{"@type":"PropertyValueSpecification","valueRequired":true,"valueName":"search_term_string"}}],"inLanguage":"lt-LT"},{"@type":"Organization","@id":"https:\/\/enderg.com\/#organization","name":"EnderG","url":"https:\/\/enderg.com\/","logo":{"@type":"ImageObject","inLanguage":"lt-LT","@id":"https:\/\/enderg.com\/#\/schema\/logo\/image\/","url":"https:\/\/enderg.com\/wp-content\/uploads\/2023\/03\/222222222221.png","contentUrl":"https:\/\/enderg.com\/wp-content\/uploads\/2023\/03\/222222222221.png","width":512,"height":512,"caption":"EnderG"},"image":{"@id":"https:\/\/enderg.com\/#\/schema\/logo\/image\/"},"sameAs":["https:\/\/www.facebook.com\/Endergg1\/","https:\/\/www.instagram.com\/enderg01","https:\/\/www.youtube.com\/@enderg-com"],"description":"Pigesni \u017eaidimai \u2013 tai, k\u0105 mes darome!","legalName":"Vandar Limited","foundingDate":"2022-06-21"}]}},"jetpack_likes_enabled":true,"jetpack_sharing_enabled":true,"jetpack_shortlink":"https:\/\/wp.me\/PeaPXO-RM","jetpack-related-posts":[{"id":6653,"url":"https:\/\/enderg.com\/lt\/frequently-asked-questions\/","url_meta":{"origin":3334,"position":0},"title":"Da\u017enai u\u017eduodami klausimai","author":"nazhad722","date":"31\/03\/2023","format":false,"excerpt":"Is it safe to purchase from your site? We understand that buying products or items online can be a cause for concern.We are a fully registered business in the state of Wyoming, United States with the assigned filing number SC771168Here\u2019s our full address:Office 132 3 Fitzroy Place, 1\/1,Sauchiehall Street,Finnieston,Glasgow Central,G3\u2026","rel":"","context":"Similar post","block_context":{"text":"Similar post","link":""},"img":{"alt_text":"","src":"","width":0,"height":0},"classes":[]},{"id":10,"url":"https:\/\/enderg.com\/lt\/checkout\/","url_meta":{"origin":3334,"position":1},"title":"Atsiskaitymas","author":"","date":"05\/08\/2022","format":false,"excerpt":"To help prevent Fraudulent Payments, you may be asked for a one-time verification to confirm ownership of your credit or debit card, or other selected payment method. Learn more You can skip verification if you pay with REVOLUT, Monzo or Instant Pay By Bank Transfers! Please turn OFF any VPN\u2026","rel":"","context":"Similar post","block_context":{"text":"Similar post","link":""},"img":{"alt_text":"","src":"","width":0,"height":0},"classes":[]},{"id":41986,"url":"https:\/\/enderg.com\/lt\/contact-2\/","url_meta":{"origin":3334,"position":2},"title":"Contact 2","author":"nazhad722","date":"26\/12\/2024","format":false,"excerpt":"E-Mail: Help@enderg.com Facebook:\u00a0https:\/\/www.facebook.com\/Endergg1\u00a0 Instagram:\u00a0https:\/\/www.instagram.com\/enderg01\u00a0","rel":"","context":"Similar post","block_context":{"text":"Similar post","link":""},"img":{"alt_text":"","src":"","width":0,"height":0},"classes":[]},{"id":3330,"url":"https:\/\/enderg.com\/lt\/terms-of-service\/","url_meta":{"origin":3334,"position":3},"title":"Paslaug\u0173 teikimo s\u0105lygos","author":"H722","date":"09\/08\/2022","format":false,"excerpt":"OVERVIEWThis website is operated by Endplay LTD, a company incorporated in the United Kingdom under the Company Number 16919911 Located in: 182-184 High Street NorthEast HamLondonE6 2JA Throughout the site, the terms \u201cwe\u201d, \u201cus\u201d and \u201cour\u201d refer to Endplay LTD. Endplay LTD offers this website, including all information, tools and\u2026","rel":"","context":"Similar post","block_context":{"text":"Similar post","link":""},"img":{"alt_text":"","src":"","width":0,"height":0},"classes":[]},{"id":12,"url":"https:\/\/enderg.com\/lt\/refund_returns\/","url_meta":{"origin":3334,"position":4},"title":"Refund and Returns Policy","author":"","date":"08\/08\/2022","format":false,"excerpt":"This is a sample page. Overview Our refund and returns policy lasts 30 days. If 30 days have passed since your purchase, we can\u2019t offer you a full refund or exchange. To be eligible for a return, your item must be unused and in the same condition that you received\u2026","rel":"","context":"Similar post","block_context":{"text":"Similar post","link":""},"img":{"alt_text":"","src":"","width":0,"height":0},"classes":[]},{"id":3328,"url":"https:\/\/enderg.com\/lt\/refund-policy\/","url_meta":{"origin":3334,"position":5},"title":"Gr\u0105\u017einimo politika","author":"H722","date":"09\/08\/2022","format":false,"excerpt":"Due to the way digital products work we cannot process refunds once an order has been placed, in case you bought a 'Physical Product' from us that requires shipping, please reach out to us through our Contact Us page so we can resolve your issue as quickly as possible. All\u2026","rel":"","context":"Similar post","block_context":{"text":"Similar post","link":""},"img":{"alt_text":"","src":"","width":0,"height":0},"classes":[]}],"_links":{"self":[{"href":"https:\/\/enderg.com\/lt\/wp-json\/wp\/v2\/pages\/3334","targetHints":{"allow":["GET"]}}],"collection":[{"href":"https:\/\/enderg.com\/lt\/wp-json\/wp\/v2\/pages"}],"about":[{"href":"https:\/\/enderg.com\/lt\/wp-json\/wp\/v2\/types\/page"}],"author":[{"embeddable":true,"href":"https:\/\/enderg.com\/lt\/wp-json\/wp\/v2\/users\/215024817"}],"replies":[{"embeddable":true,"href":"https:\/\/enderg.com\/lt\/wp-json\/wp\/v2\/comments?post=3334"}],"version-history":[{"count":41,"href":"https:\/\/enderg.com\/lt\/wp-json\/wp\/v2\/pages\/3334\/revisions"}],"predecessor-version":[{"id":42973,"href":"https:\/\/enderg.com\/lt\/wp-json\/wp\/v2\/pages\/3334\/revisions\/42973"}],"wp:attachment":[{"href":"https:\/\/enderg.com\/lt\/wp-json\/wp\/v2\/media?parent=3334"}],"curies":[{"name":"wp","href":"https:\/\/api.w.org\/{rel}","templated":true}]}}