{"id":3328,"date":"2022-08-09T00:46:18","date_gmt":"2022-08-08T21:46:18","guid":{"rendered":"https:\/\/enderg.com\/?page_id=3328"},"modified":"2026-01-08T04:42:32","modified_gmt":"2026-01-08T01:42:32","slug":"refund-policy-2","status":"publish","type":"page","link":"https:\/\/enderg.com\/lt\/refund-policy\/","title":{"rendered":"Gr\u0105\u017einimo politika"},"content":{"rendered":"<p class=\"wp-block-paragraph\">D\u0117l skaitmenini\u0173 produkt\u0173 veikimo principo negalime gr\u0105\u017einti pinig\u0173, kai u\u017esakymas jau pateiktas, jei \u012fsigijote <strong>\u2018Fizinis produktas\u2019<\/strong> i\u0161 m\u016bs\u0173, kuriam reikalingas siuntimas, susisiekite su mumis per m\u016bs\u0173 <a href=\"https:\/\/enderg.com\/contact\/\"><strong>Susisiekite su mumis<\/strong><\/a> puslap\u012f, kad gal\u0117tume kuo grei\u010diau i\u0161spr\u0119sti j\u016bs\u0173 problem\u0105. <br><\/p>\n\n\n\n<p class=\"wp-block-paragraph\">Visi pirkimai, atlikti interneto svetain\u0117se, yra galutiniai. \u012esigytos naudotojo paskyros negr\u0105\u017einamos ir nekompensuojamos. Ta\u010diau jei naudotojo paskyra neveikia ir problema gali b\u016bti \u201eATKURIAMA\u201c (REPRODUKUOJAMA) ir m\u016bs\u0173 pus\u0117je, tik tokiu atveju galime, savo nuo\u017ei\u016bra, arba gr\u0105\u017einti sumok\u0117t\u0105 produkto pirkimo sum\u0105, arba pakeisti netinkam\u0105 produkt\u0105 alternatyviu produktu.<\/p>\n\n\n\n<p class=\"wp-block-paragraph\">U\u017esakymas negali b\u016bti pateiktas, nebent klientas sutiko su m\u016bs\u0173 \u201eTaisykl\u0117mis ir s\u0105lygomis\u201c bei \u201ePinig\u0173 gr\u0105\u017einimo politika\u201c ir patvirtino, kad perskait\u0117 ir suprato, kaip veikia u\u017esakytas produktas.<\/p>\n\n\n\n<p class=\"wp-block-paragraph\">Beware before purchasing a <strong>\u2018Skaitmeninis produktas\u2019<\/strong> from us! Please always read the &#8216;Descriptions&#8217; &amp; &#8216;More Information&#8217; sections before placing your order in order to fully understand how your product works and can be activated!<\/p>\n\n\n\n<p class=\"wp-block-paragraph\">Mes neprisiimame jokios atsakomyb\u0117s u\u017e j\u016bs\u0173 aplaidum\u0105 ir nepiln\u0173 apra\u0161ym\u0173 perskaitym\u0105!<\/p>\n\n\n\n<p class=\"wp-block-paragraph\">Visuose \u017eaidimuose yra angl\u0173 kalbos parinktis. Informacijos apie prieinamum\u0105 kitomis kalbomis prie\u0161 pirkdami kreipkit\u0117s \u012f m\u016bs\u0173 tiesioginio pokalbio palaikymo komand\u0105. Pinigai u\u017e pasirinkt\u0105 kalb\u0105 bus gr\u0105\u017einami tik gavus i\u0161ankstin\u012f m\u016bs\u0173 operatori\u0173 patvirtinim\u0105.<\/p>\n\n\n\n<p class=\"wp-block-paragraph\">Jei prenumerata arba prieiga prie \u017eaidimo nustoja veikti d\u0117l to, kad klientas pa\u017eeid\u0117 taikomas tiek\u0117jo taisykles ir s\u0105lygas (pvz., PlayStation ar Xbox), pinigai nebus gr\u0105\u017einami ir pakeitimas nebus suteikiamas.<\/p>\n\n\n\n<p class=\"wp-block-paragraph\">Kad b\u016bt\u0173 galima gauti pakeitim\u0105, klientas privalo pateikti galiojan\u010dius \u012frodymus ir patvirtinan\u010di\u0105 dokumentacij\u0105, \u012frodan\u010di\u0105, kad problema nebuvo sukelta pa\u017eeidus tiek\u0117jo paslaug\u0173 teikimo s\u0105lygas, politik\u0105 ar gaires. Mes galime papra\u0161yti papildomos informacijos ir pasiliekame teis\u0119 atsisakyti suteikti pakeitim\u0105, jei nepateikiama pakankamai \u012frodym\u0173 arba jei tiek\u0117jas nurodo, kad buvo padarytas pa\u017eeidimas.<\/p>\n\n\n\n<p class=\"wp-block-paragraph\">Klientas privalo susisiekti su atitinkamu tiek\u0117ju (pvz., PlayStation arba Xbox) ir gauti oficial\u0173 patvirtinim\u0105 arba dokumentacij\u0105, kurioje nurodyta bet kokio sustabdymo, blokavimo ar apribojimo prie\u017eastis. Pakeitimas bus svarstomas tik tuo atveju, jei \u0161i dokumentacija ai\u0161kiai nurodo, kad apribojimas atsirado d\u0117l mums priskirtinos problemos.<\/p>\n\n\n\n<p class=\"wp-block-paragraph\">Mes visada siekiame savo klientams suteikti geriausi\u0105 aptarnavim\u0105. Jei turite bet koki\u0173 problem\u0173 su m\u016bs\u0173 produktais, susisiekite su mumis per m\u016bs\u0173 socialinius kanalus arba el. pa\u0161tu: <em>help@enderg.com<\/em><\/p>\n\n\n\n<p class=\"wp-block-paragraph\"><em>Paskutin\u012f kart\u0105 atnaujinta: 18\/1\/2023<\/em><\/p>","protected":false},"excerpt":{"rendered":"<p>Due to the way digital products work we cannot process refunds once an order has been placed, in case you bought a &#8216;Physical Product&#8217; from us that requires shipping, please reach out to us through our Contact Us page so we can resolve your issue as quickly as possible. All purchases made on websites are [&hellip;]<\/p>\n","protected":false},"author":215024817,"featured_media":0,"parent":0,"menu_order":0,"comment_status":"closed","ping_status":"closed","template":"","meta":{"_crdt_document":"","footnotes":""},"class_list":["post-3328","page","type-page","status-publish","hentry"],"yoast_head":"<!-- This site is optimized with the Yoast SEO Premium plugin v27.6 (Yoast SEO v27.6) - https:\/\/yoast.com\/product\/yoast-seo-premium-wordpress\/ -->\n<title>Refund Policy - EnderG<\/title>\n<meta name=\"robots\" content=\"index, follow, max-snippet:-1, max-image-preview:large, max-video-preview:-1\" \/>\n<link rel=\"canonical\" href=\"https:\/\/enderg.com\/lt\/refund-policy-2\/\" \/>\n<meta property=\"og:locale\" content=\"lt_LT\" \/>\n<meta property=\"og:type\" content=\"article\" \/>\n<meta property=\"og:title\" content=\"Refund Policy\" \/>\n<meta property=\"og:description\" content=\"Due to the way digital products work we cannot process refunds once an order has been placed, in case you bought a &#8216;Physical Product&#8217; from us that requires shipping, please reach out to us through our Contact Us page so we can resolve your issue as quickly as possible. All purchases made on websites are [&hellip;]\" \/>\n<meta property=\"og:url\" content=\"https:\/\/enderg.com\/lt\/refund-policy-2\/\" \/>\n<meta property=\"og:site_name\" content=\"EnderG\" \/>\n<meta property=\"article:publisher\" content=\"https:\/\/www.facebook.com\/Endergg1\/\" \/>\n<meta property=\"article:modified_time\" content=\"2026-01-08T01:42:32+00:00\" \/>\n<meta property=\"og:image\" content=\"https:\/\/i0.wp.com\/enderg.com\/wp-content\/uploads\/2023\/01\/cropped-1111111-1.png?fit=470%2C110&ssl=1\" \/>\n\t<meta property=\"og:image:width\" content=\"470\" \/>\n\t<meta property=\"og:image:height\" content=\"110\" \/>\n\t<meta property=\"og:image:type\" content=\"image\/png\" \/>\n<meta name=\"twitter:card\" content=\"summary_large_image\" \/>\n<meta name=\"twitter:label1\" content=\"Est. reading time\" \/>\n\t<meta name=\"twitter:data1\" content=\"2 minut\u0117s\" \/>\n<script type=\"application\/ld+json\" class=\"yoast-schema-graph\">{\"@context\":\"https:\\\/\\\/schema.org\",\"@graph\":[{\"@type\":\"WebPage\",\"@id\":\"https:\\\/\\\/enderg.com\\\/refund-policy\\\/\",\"url\":\"https:\\\/\\\/enderg.com\\\/refund-policy\\\/\",\"name\":\"Refund Policy - EnderG\",\"isPartOf\":{\"@id\":\"https:\\\/\\\/enderg.com\\\/#website\"},\"datePublished\":\"2022-08-08T21:46:18+00:00\",\"dateModified\":\"2026-01-08T01:42:32+00:00\",\"breadcrumb\":{\"@id\":\"https:\\\/\\\/enderg.com\\\/refund-policy\\\/#breadcrumb\"},\"inLanguage\":\"lt-LT\",\"potentialAction\":[{\"@type\":\"ReadAction\",\"target\":[\"https:\\\/\\\/enderg.com\\\/refund-policy\\\/\"]}]},{\"@type\":\"BreadcrumbList\",\"@id\":\"https:\\\/\\\/enderg.com\\\/refund-policy\\\/#breadcrumb\",\"itemListElement\":[{\"@type\":\"ListItem\",\"position\":1,\"name\":\"Home\",\"item\":\"https:\\\/\\\/enderg.com\\\/\"},{\"@type\":\"ListItem\",\"position\":2,\"name\":\"Refund Policy\"}]},{\"@type\":\"WebSite\",\"@id\":\"https:\\\/\\\/enderg.com\\\/#website\",\"url\":\"https:\\\/\\\/enderg.com\\\/\",\"name\":\"EnderG\",\"description\":\"Cheaper Is What We Do!\",\"publisher\":{\"@id\":\"https:\\\/\\\/enderg.com\\\/#organization\"},\"potentialAction\":[{\"@type\":\"SearchAction\",\"target\":{\"@type\":\"EntryPoint\",\"urlTemplate\":\"https:\\\/\\\/enderg.com\\\/?s={search_term_string}\"},\"query-input\":{\"@type\":\"PropertyValueSpecification\",\"valueRequired\":true,\"valueName\":\"search_term_string\"}}],\"inLanguage\":\"lt-LT\"},{\"@type\":\"Organization\",\"@id\":\"https:\\\/\\\/enderg.com\\\/#organization\",\"name\":\"EnderG\",\"url\":\"https:\\\/\\\/enderg.com\\\/\",\"logo\":{\"@type\":\"ImageObject\",\"inLanguage\":\"lt-LT\",\"@id\":\"https:\\\/\\\/enderg.com\\\/#\\\/schema\\\/logo\\\/image\\\/\",\"url\":\"https:\\\/\\\/enderg.com\\\/wp-content\\\/uploads\\\/2023\\\/03\\\/222222222221.png\",\"contentUrl\":\"https:\\\/\\\/enderg.com\\\/wp-content\\\/uploads\\\/2023\\\/03\\\/222222222221.png\",\"width\":512,\"height\":512,\"caption\":\"EnderG\"},\"image\":{\"@id\":\"https:\\\/\\\/enderg.com\\\/#\\\/schema\\\/logo\\\/image\\\/\"},\"sameAs\":[\"https:\\\/\\\/www.facebook.com\\\/Endergg1\\\/\",\"https:\\\/\\\/www.instagram.com\\\/enderg01\",\"https:\\\/\\\/www.youtube.com\\\/@enderg-com\"],\"description\":\"Cheaper Gaming is what we do!\",\"legalName\":\"Vandar Limited\",\"foundingDate\":\"2022-06-21\"}]}<\/script>\n<!-- \/ Yoast SEO Premium plugin. -->","yoast_head_json":{"title":"Gr\u0105\u017einimo politika \u2013 EnderG","robots":{"index":"index","follow":"follow","max-snippet":"max-snippet:-1","max-image-preview":"max-image-preview:large","max-video-preview":"max-video-preview:-1"},"canonical":"https:\/\/enderg.com\/lt\/refund-policy-2\/","og_locale":"lt_LT","og_type":"article","og_title":"Refund Policy","og_description":"Due to the way digital products work we cannot process refunds once an order has been placed, in case you bought a &#8216;Physical Product&#8217; from us that requires shipping, please reach out to us through our Contact Us page so we can resolve your issue as quickly as possible. All purchases made on websites are [&hellip;]","og_url":"https:\/\/enderg.com\/lt\/refund-policy-2\/","og_site_name":"EnderG","article_publisher":"https:\/\/www.facebook.com\/Endergg1\/","article_modified_time":"2026-01-08T01:42:32+00:00","og_image":[{"width":470,"height":110,"url":"https:\/\/i0.wp.com\/enderg.com\/wp-content\/uploads\/2023\/01\/cropped-1111111-1.png?fit=470%2C110&ssl=1","type":"image\/png"}],"twitter_card":"summary_large_image","twitter_misc":{"Est. reading time":"2 minut\u0117s"},"schema":{"@context":"https:\/\/schema.org","@graph":[{"@type":"WebPage","@id":"https:\/\/enderg.com\/refund-policy\/","url":"https:\/\/enderg.com\/refund-policy\/","name":"Gr\u0105\u017einimo politika \u2013 EnderG","isPartOf":{"@id":"https:\/\/enderg.com\/#website"},"datePublished":"2022-08-08T21:46:18+00:00","dateModified":"2026-01-08T01:42:32+00:00","breadcrumb":{"@id":"https:\/\/enderg.com\/refund-policy\/#breadcrumb"},"inLanguage":"lt-LT","potentialAction":[{"@type":"ReadAction","target":["https:\/\/enderg.com\/refund-policy\/"]}]},{"@type":"BreadcrumbList","@id":"https:\/\/enderg.com\/refund-policy\/#breadcrumb","itemListElement":[{"@type":"ListItem","position":1,"name":"Home","item":"https:\/\/enderg.com\/"},{"@type":"ListItem","position":2,"name":"Refund Policy"}]},{"@type":"WebSite","@id":"https:\/\/enderg.com\/#website","url":"https:\/\/enderg.com\/","name":"EnderG","description":"Pigiau yra tai, k\u0105 mes darome!","publisher":{"@id":"https:\/\/enderg.com\/#organization"},"potentialAction":[{"@type":"SearchAction","target":{"@type":"EntryPoint","urlTemplate":"https:\/\/enderg.com\/?s={search_term_string}"},"query-input":{"@type":"PropertyValueSpecification","valueRequired":true,"valueName":"search_term_string"}}],"inLanguage":"lt-LT"},{"@type":"Organization","@id":"https:\/\/enderg.com\/#organization","name":"EnderG","url":"https:\/\/enderg.com\/","logo":{"@type":"ImageObject","inLanguage":"lt-LT","@id":"https:\/\/enderg.com\/#\/schema\/logo\/image\/","url":"https:\/\/enderg.com\/wp-content\/uploads\/2023\/03\/222222222221.png","contentUrl":"https:\/\/enderg.com\/wp-content\/uploads\/2023\/03\/222222222221.png","width":512,"height":512,"caption":"EnderG"},"image":{"@id":"https:\/\/enderg.com\/#\/schema\/logo\/image\/"},"sameAs":["https:\/\/www.facebook.com\/Endergg1\/","https:\/\/www.instagram.com\/enderg01","https:\/\/www.youtube.com\/@enderg-com"],"description":"Pigesni \u017eaidimai \u2013 tai, k\u0105 mes darome!","legalName":"Vandar Limited","foundingDate":"2022-06-21"}]}},"jetpack_likes_enabled":true,"jetpack_sharing_enabled":true,"jetpack_shortlink":"https:\/\/wp.me\/PeaPXO-RG","jetpack-related-posts":[{"id":88126,"url":"https:\/\/enderg.com\/lt\/pc-xbox-game-pass-activation\/","url_meta":{"origin":3328,"position":0},"title":"PC Xbox Game Pass aktyvavimas","author":"p72247h","date":"07\/02\/2026","format":false,"excerpt":"WARNING: When opening the Xbox App, do NOT sign in with the login details (Email and password) that we sent you! If you do not have a personal Xbox account yet, please create one first at xbox.com using your personal email address. Never use the Xbox account linked to the\u2026","rel":"","context":"Similar post","block_context":{"text":"Similar post","link":""},"img":{"alt_text":"","src":"https:\/\/i0.wp.com\/enderg.com\/wp-content\/uploads\/2026\/03\/image.png?resize=350%2C200&ssl=1","width":350,"height":200,"srcset":"https:\/\/i0.wp.com\/enderg.com\/wp-content\/uploads\/2026\/03\/image.png?resize=350%2C200&ssl=1 1x, https:\/\/i0.wp.com\/enderg.com\/wp-content\/uploads\/2026\/03\/image.png?resize=525%2C300&ssl=1 1.5x, https:\/\/i0.wp.com\/enderg.com\/wp-content\/uploads\/2026\/03\/image.png?resize=700%2C400&ssl=1 2x"},"classes":[]},{"id":32298,"url":"https:\/\/enderg.com\/lt\/how-to-activate-your-product-playstation\/","url_meta":{"origin":3328,"position":1},"title":"\u201ePlaystation Plus\u201c \/ \u017eaidim\u0173 aktyvinimas","author":"nazhad722","date":"14\/08\/2024","format":false,"excerpt":"NOTICE: The purpose of adding the account is to activate the subscription across all accounts on your console! Please do NOT play games on the provided account and instead only play on you 'Personal Account\" only, we will not be responsible in case you lose any of your game progression.\u2026","rel":"","context":"Similar post","block_context":{"text":"Similar post","link":""},"img":{"alt_text":"","src":"https:\/\/i0.wp.com\/enderg.com\/wp-content\/uploads\/2024\/08\/ps5_account_7-1.jpg?resize=350%2C200&ssl=1","width":350,"height":200,"srcset":"https:\/\/i0.wp.com\/enderg.com\/wp-content\/uploads\/2024\/08\/ps5_account_7-1.jpg?resize=350%2C200&ssl=1 1x, https:\/\/i0.wp.com\/enderg.com\/wp-content\/uploads\/2024\/08\/ps5_account_7-1.jpg?resize=525%2C300&ssl=1 1.5x, https:\/\/i0.wp.com\/enderg.com\/wp-content\/uploads\/2024\/08\/ps5_account_7-1.jpg?resize=700%2C400&ssl=1 2x, https:\/\/i0.wp.com\/enderg.com\/wp-content\/uploads\/2024\/08\/ps5_account_7-1.jpg?resize=1050%2C600&ssl=1 3x, https:\/\/i0.wp.com\/enderg.com\/wp-content\/uploads\/2024\/08\/ps5_account_7-1.jpg?resize=1400%2C800&ssl=1 4x"},"classes":[]},{"id":32319,"url":"https:\/\/enderg.com\/lt\/how-to-activate-your-product-xbox\/","url_meta":{"origin":3328,"position":2},"title":"\u201eXbox Game Pass\u201c ir \u201eXbox\u201c \u017eaidim\u0173 aktyvinimas","author":"nazhad722","date":"14\/08\/2024","format":false,"excerpt":"NOTICE: The purpose of adding the account is to activate the subscription across all accounts on your console! Please do NOT play games on the provided account and instead only play on you 'Personal Account\" only, we will not be responsible in case you lose any of your game progression.\u2026","rel":"","context":"Similar post","block_context":{"text":"Similar post","link":""},"img":{"alt_text":"","src":"https:\/\/i0.wp.com\/enderg.com\/wp-content\/uploads\/2026\/02\/image-8.png?resize=350%2C200&ssl=1","width":350,"height":200,"srcset":"https:\/\/i0.wp.com\/enderg.com\/wp-content\/uploads\/2026\/02\/image-8.png?resize=350%2C200&ssl=1 1x, https:\/\/i0.wp.com\/enderg.com\/wp-content\/uploads\/2026\/02\/image-8.png?resize=525%2C300&ssl=1 1.5x, https:\/\/i0.wp.com\/enderg.com\/wp-content\/uploads\/2026\/02\/image-8.png?resize=700%2C400&ssl=1 2x, https:\/\/i0.wp.com\/enderg.com\/wp-content\/uploads\/2026\/02\/image-8.png?resize=1050%2C600&ssl=1 3x"},"classes":[]},{"id":91229,"url":"https:\/\/enderg.com\/lt\/xbox-game-pass-xbox-games-activation-2\/","url_meta":{"origin":3328,"position":3},"title":"\u201eXbox Game Pass\u201c ir \u201eXbox\u201c \u017eaidim\u0173 aktyvinimas (antroji konsol\u0117)","author":"p72247h","date":"24\/02\/2026","format":false,"excerpt":"NOTICE: The purpose of adding the account is to activate the subscription across all accounts on your console! Please do NOT play games on the provided account and instead only play on you 'Personal Account\" only, we will not be responsible in case you lose any of your game progression.\u2026","rel":"","context":"Similar post","block_context":{"text":"Similar post","link":""},"img":{"alt_text":"","src":"https:\/\/i0.wp.com\/enderg.com\/wp-content\/uploads\/2026\/02\/image-11.png?resize=350%2C200&ssl=1","width":350,"height":200,"srcset":"https:\/\/i0.wp.com\/enderg.com\/wp-content\/uploads\/2026\/02\/image-11.png?resize=350%2C200&ssl=1 1x, https:\/\/i0.wp.com\/enderg.com\/wp-content\/uploads\/2026\/02\/image-11.png?resize=525%2C300&ssl=1 1.5x, https:\/\/i0.wp.com\/enderg.com\/wp-content\/uploads\/2026\/02\/image-11.png?resize=700%2C400&ssl=1 2x"},"classes":[]}],"_links":{"self":[{"href":"https:\/\/enderg.com\/lt\/wp-json\/wp\/v2\/pages\/3328","targetHints":{"allow":["GET"]}}],"collection":[{"href":"https:\/\/enderg.com\/lt\/wp-json\/wp\/v2\/pages"}],"about":[{"href":"https:\/\/enderg.com\/lt\/wp-json\/wp\/v2\/types\/page"}],"author":[{"embeddable":true,"href":"https:\/\/enderg.com\/lt\/wp-json\/wp\/v2\/users\/215024817"}],"replies":[{"embeddable":true,"href":"https:\/\/enderg.com\/lt\/wp-json\/wp\/v2\/comments?post=3328"}],"version-history":[{"count":30,"href":"https:\/\/enderg.com\/lt\/wp-json\/wp\/v2\/pages\/3328\/revisions"}],"predecessor-version":[{"id":80931,"href":"https:\/\/enderg.com\/lt\/wp-json\/wp\/v2\/pages\/3328\/revisions\/80931"}],"wp:attachment":[{"href":"https:\/\/enderg.com\/lt\/wp-json\/wp\/v2\/media?parent=3328"}],"curies":[{"name":"wp","href":"https:\/\/api.w.org\/{rel}","templated":true}]}}