{"id":3326,"date":"2022-08-09T00:45:39","date_gmt":"2022-08-08T21:45:39","guid":{"rendered":"https:\/\/enderg.com\/?page_id=3326"},"modified":"2024-04-16T12:39:43","modified_gmt":"2024-04-16T09:39:43","slug":"about-us","status":"publish","type":"page","link":"https:\/\/enderg.com\/lt\/about-us\/","title":{"rendered":"Apie mus"},"content":{"rendered":"<p class=\"has-white-color has-text-color wp-block-paragraph\">Sveiki atvyk\u0119 \u012f <strong>EnderG<\/strong>, j\u016bs\u0173 vieno langelio principu veikianti parduotuv\u0117 viskam, kas susij\u0119 su vaizdo \u017eaidimais, pradedant naujais ir naudotais vaizdo \u017eaidim\u0173 diskais, vaizdo \u017eaidim\u0173 raktais ir baigiant retais bei riboto leidimo \u017eaidimais, \u017eaidim\u0173 turiniu ir prek\u0117mis.<\/p>\n\n\n\n<p class=\"has-white-color has-text-color wp-block-paragraph\">Tur\u0117dami daugiau nei 6 met\u0173 patirt\u012f \u0161ioje srityje, mes aistringai domim\u0117s vaizdo \u017eaidimais ir stengiam\u0117s savo klientams suteikti geriausi\u0105 \u012fmanom\u0105 patirt\u012f.<\/p>\n\n\n\n<p class=\"has-white-color has-text-color wp-block-paragraph\">Prie <strong>EnderG<\/strong>, mes tikime, kad m\u016bs\u0173 misija \u2013 kurti i\u0161skirtines \u017eaidim\u0173 patirtis, kurios suburt\u0173 \u017emones ir \u012f\u017eiebt\u0173 j\u0173 aistr\u0105 \u017eaidimams. Esame \u012fsipareigoj\u0119 teikti savo produktus ir paslaugas konkurencingomis ir ma\u017eomis kainomis.<\/p>\n\n\n\n<p class=\"has-white-color has-text-color wp-block-paragraph\">Tikime, kad \u017eaidimai yra socialin\u0117 patirtis, tod\u0117l stengiam\u0117s sukurti tvirt\u0105 ir \u012ftrauki\u0105 bendruomen\u0119, kurioje b\u016bt\u0173 si\u016blomi produktai ir paslaugos.<\/p>\n\n\n\n<p class=\"has-white-color has-text-color wp-block-paragraph\">Suprantame, kad j\u016bs\u0173 laikas yra brangus, tod\u0117l stengiam\u0117s teikti puik\u0173 klient\u0173 aptarnavim\u0105 ir efektyvius sprendimus, kad patenkintume j\u016bs\u0173 poreikius. M\u016bs\u0173 komanda dirba nuo <strong><em>9:00\u201323:59 GMT<\/em><\/strong> vis\u0105 savait\u0119 per \u2018el. pa\u0161t\u0105\u2019 <em>help@enderg.com<\/em>, atsakyti \u012f visus j\u016bs\u0173 klausimus ir pad\u0117ti jums visais \u012fmanomais b\u016bdais<\/p>\n\n\n\n<p class=\"wp-block-paragraph\">Taip pat galite apsilankyti m\u016bs\u0173 <a href=\"https:\/\/enderg.com\/frequently-asked-questions\/\" target=\"_blank\" rel=\"noopener\" title=\"Da\u017enai u\u017eduodami klausimai\">DUK puslapis<\/a> rasti atsakymus \u012f kai kuriuos da\u017eniausiai u\u017eduodamus klausimus apie m\u016bs\u0173 produktus.<\/p>\n\n\n\n<p class=\"has-white-color has-text-color wp-block-paragraph\">A\u010di\u016b, kad pasirinkote <strong>EnderG <\/strong>ir mes laukiame, kada gal\u0117sime jums pad\u0117ti. \u017daidimas prasideda!<\/p>","protected":false},"excerpt":{"rendered":"<p>Welcome to EnderG, your one stop shop for anything Video Gaming Related, From new &amp; used Video Game Discs, Video Game keys, All the way to Rare &amp; Limited edition Games, in- game contents and Merchandise. with over 6 years of experience in the industry, We super are passionate about Video Games and strive to [&hellip;]<\/p>\n","protected":false},"author":215024817,"featured_media":0,"parent":0,"menu_order":0,"comment_status":"closed","ping_status":"closed","template":"","meta":{"_crdt_document":"","jetpack_post_was_ever_published":true,"footnotes":""},"class_list":["post-3326","page","type-page","status-publish","hentry"],"yoast_head":"<!-- This site is optimized with the Yoast SEO Premium plugin v27.3 (Yoast SEO v27.3) - https:\/\/yoast.com\/product\/yoast-seo-premium-wordpress\/ -->\n<title>About Us - EnderG<\/title>\n<meta name=\"robots\" content=\"index, follow, max-snippet:-1, max-image-preview:large, max-video-preview:-1\" \/>\n<link rel=\"canonical\" href=\"http:\/\/enderg.com\/lt\/about-us\/\" \/>\n<meta property=\"og:locale\" content=\"lt_LT\" \/>\n<meta property=\"og:type\" content=\"article\" \/>\n<meta property=\"og:title\" content=\"About Us\" \/>\n<meta property=\"og:description\" content=\"Welcome to EnderG, your one stop shop for anything Video Gaming Related, From new &amp; used Video Game Discs, Video Game keys, All the way to Rare &amp; Limited edition Games, in- game contents and Merchandise. with over 6 years of experience in the industry, We super are passionate about Video Games and strive to [&hellip;]\" \/>\n<meta property=\"og:url\" content=\"http:\/\/enderg.com\/lt\/about-us\/\" \/>\n<meta property=\"og:site_name\" content=\"EnderG\" \/>\n<meta property=\"article:publisher\" content=\"https:\/\/www.facebook.com\/Endergg1\/\" \/>\n<meta property=\"article:modified_time\" content=\"2024-04-16T09:39:43+00:00\" \/>\n<meta property=\"og:image\" content=\"https:\/\/i0.wp.com\/enderg.com\/wp-content\/uploads\/2023\/01\/cropped-1111111-1.png?fit=470%2C110&ssl=1\" \/>\n\t<meta property=\"og:image:width\" content=\"470\" \/>\n\t<meta property=\"og:image:height\" content=\"110\" \/>\n\t<meta property=\"og:image:type\" content=\"image\/png\" \/>\n<meta name=\"twitter:card\" content=\"summary_large_image\" \/>\n<meta name=\"twitter:label1\" content=\"Est. reading time\" \/>\n\t<meta name=\"twitter:data1\" content=\"1 minut\u0117\" \/>\n<script type=\"application\/ld+json\" class=\"yoast-schema-graph\">{\"@context\":\"https:\\\/\\\/schema.org\",\"@graph\":[{\"@type\":\"WebPage\",\"@id\":\"http:\\\/\\\/enderg.com\\\/about-us\\\/\",\"url\":\"http:\\\/\\\/enderg.com\\\/about-us\\\/\",\"name\":\"About Us - EnderG\",\"isPartOf\":{\"@id\":\"https:\\\/\\\/enderg.com\\\/#website\"},\"datePublished\":\"2022-08-08T21:45:39+00:00\",\"dateModified\":\"2024-04-16T09:39:43+00:00\",\"breadcrumb\":{\"@id\":\"http:\\\/\\\/enderg.com\\\/about-us\\\/#breadcrumb\"},\"inLanguage\":\"lt-LT\",\"potentialAction\":[{\"@type\":\"ReadAction\",\"target\":[\"http:\\\/\\\/enderg.com\\\/about-us\\\/\"]}]},{\"@type\":\"BreadcrumbList\",\"@id\":\"http:\\\/\\\/enderg.com\\\/about-us\\\/#breadcrumb\",\"itemListElement\":[{\"@type\":\"ListItem\",\"position\":1,\"name\":\"Home\",\"item\":\"https:\\\/\\\/enderg.com\\\/\"},{\"@type\":\"ListItem\",\"position\":2,\"name\":\"About Us\"}]},{\"@type\":\"WebSite\",\"@id\":\"https:\\\/\\\/enderg.com\\\/#website\",\"url\":\"https:\\\/\\\/enderg.com\\\/\",\"name\":\"EnderG\",\"description\":\"Cheaper Is What We Do!\",\"publisher\":{\"@id\":\"https:\\\/\\\/enderg.com\\\/#organization\"},\"potentialAction\":[{\"@type\":\"SearchAction\",\"target\":{\"@type\":\"EntryPoint\",\"urlTemplate\":\"https:\\\/\\\/enderg.com\\\/?s={search_term_string}\"},\"query-input\":{\"@type\":\"PropertyValueSpecification\",\"valueRequired\":true,\"valueName\":\"search_term_string\"}}],\"inLanguage\":\"lt-LT\"},{\"@type\":\"Organization\",\"@id\":\"https:\\\/\\\/enderg.com\\\/#organization\",\"name\":\"EnderG\",\"url\":\"https:\\\/\\\/enderg.com\\\/\",\"logo\":{\"@type\":\"ImageObject\",\"inLanguage\":\"lt-LT\",\"@id\":\"https:\\\/\\\/enderg.com\\\/#\\\/schema\\\/logo\\\/image\\\/\",\"url\":\"https:\\\/\\\/enderg.com\\\/wp-content\\\/uploads\\\/2023\\\/03\\\/222222222221.png\",\"contentUrl\":\"https:\\\/\\\/enderg.com\\\/wp-content\\\/uploads\\\/2023\\\/03\\\/222222222221.png\",\"width\":512,\"height\":512,\"caption\":\"EnderG\"},\"image\":{\"@id\":\"https:\\\/\\\/enderg.com\\\/#\\\/schema\\\/logo\\\/image\\\/\"},\"sameAs\":[\"https:\\\/\\\/www.facebook.com\\\/Endergg1\\\/\",\"https:\\\/\\\/www.instagram.com\\\/enderg01\",\"https:\\\/\\\/www.youtube.com\\\/@enderg-com\"],\"description\":\"Cheaper Gaming is what we do!\",\"legalName\":\"Vandar Limited\",\"foundingDate\":\"2022-06-21\"}]}<\/script>\n<!-- \/ Yoast SEO Premium plugin. -->","yoast_head_json":{"title":"Apie mus - EnderG","robots":{"index":"index","follow":"follow","max-snippet":"max-snippet:-1","max-image-preview":"max-image-preview:large","max-video-preview":"max-video-preview:-1"},"canonical":"http:\/\/enderg.com\/lt\/about-us\/","og_locale":"lt_LT","og_type":"article","og_title":"About Us","og_description":"Welcome to EnderG, your one stop shop for anything Video Gaming Related, From new &amp; used Video Game Discs, Video Game keys, All the way to Rare &amp; Limited edition Games, in- game contents and Merchandise. with over 6 years of experience in the industry, We super are passionate about Video Games and strive to [&hellip;]","og_url":"http:\/\/enderg.com\/lt\/about-us\/","og_site_name":"EnderG","article_publisher":"https:\/\/www.facebook.com\/Endergg1\/","article_modified_time":"2024-04-16T09:39:43+00:00","og_image":[{"width":470,"height":110,"url":"https:\/\/i0.wp.com\/enderg.com\/wp-content\/uploads\/2023\/01\/cropped-1111111-1.png?fit=470%2C110&ssl=1","type":"image\/png"}],"twitter_card":"summary_large_image","twitter_misc":{"Est. reading time":"1 minut\u0117"},"schema":{"@context":"https:\/\/schema.org","@graph":[{"@type":"WebPage","@id":"http:\/\/enderg.com\/about-us\/","url":"http:\/\/enderg.com\/about-us\/","name":"Apie mus - EnderG","isPartOf":{"@id":"https:\/\/enderg.com\/#website"},"datePublished":"2022-08-08T21:45:39+00:00","dateModified":"2024-04-16T09:39:43+00:00","breadcrumb":{"@id":"http:\/\/enderg.com\/about-us\/#breadcrumb"},"inLanguage":"lt-LT","potentialAction":[{"@type":"ReadAction","target":["http:\/\/enderg.com\/about-us\/"]}]},{"@type":"BreadcrumbList","@id":"http:\/\/enderg.com\/about-us\/#breadcrumb","itemListElement":[{"@type":"ListItem","position":1,"name":"Home","item":"https:\/\/enderg.com\/"},{"@type":"ListItem","position":2,"name":"About Us"}]},{"@type":"WebSite","@id":"https:\/\/enderg.com\/#website","url":"https:\/\/enderg.com\/","name":"EnderG","description":"Pigiau yra tai, k\u0105 mes darome!","publisher":{"@id":"https:\/\/enderg.com\/#organization"},"potentialAction":[{"@type":"SearchAction","target":{"@type":"EntryPoint","urlTemplate":"https:\/\/enderg.com\/?s={search_term_string}"},"query-input":{"@type":"PropertyValueSpecification","valueRequired":true,"valueName":"search_term_string"}}],"inLanguage":"lt-LT"},{"@type":"Organization","@id":"https:\/\/enderg.com\/#organization","name":"EnderG","url":"https:\/\/enderg.com\/","logo":{"@type":"ImageObject","inLanguage":"lt-LT","@id":"https:\/\/enderg.com\/#\/schema\/logo\/image\/","url":"https:\/\/enderg.com\/wp-content\/uploads\/2023\/03\/222222222221.png","contentUrl":"https:\/\/enderg.com\/wp-content\/uploads\/2023\/03\/222222222221.png","width":512,"height":512,"caption":"EnderG"},"image":{"@id":"https:\/\/enderg.com\/#\/schema\/logo\/image\/"},"sameAs":["https:\/\/www.facebook.com\/Endergg1\/","https:\/\/www.instagram.com\/enderg01","https:\/\/www.youtube.com\/@enderg-com"],"description":"Pigesni \u017eaidimai \u2013 tai, k\u0105 mes darome!","legalName":"Vandar Limited","foundingDate":"2022-06-21"}]}},"jetpack_likes_enabled":true,"jetpack_sharing_enabled":true,"jetpack_shortlink":"https:\/\/wp.me\/PeaPXO-RE","jetpack-related-posts":[],"_links":{"self":[{"href":"https:\/\/enderg.com\/lt\/wp-json\/wp\/v2\/pages\/3326","targetHints":{"allow":["GET"]}}],"collection":[{"href":"https:\/\/enderg.com\/lt\/wp-json\/wp\/v2\/pages"}],"about":[{"href":"https:\/\/enderg.com\/lt\/wp-json\/wp\/v2\/types\/page"}],"author":[{"embeddable":true,"href":"https:\/\/enderg.com\/lt\/wp-json\/wp\/v2\/users\/215024817"}],"replies":[{"embeddable":true,"href":"https:\/\/enderg.com\/lt\/wp-json\/wp\/v2\/comments?post=3326"}],"version-history":[{"count":22,"href":"https:\/\/enderg.com\/lt\/wp-json\/wp\/v2\/pages\/3326\/revisions"}],"predecessor-version":[{"id":17731,"href":"https:\/\/enderg.com\/lt\/wp-json\/wp\/v2\/pages\/3326\/revisions\/17731"}],"wp:attachment":[{"href":"https:\/\/enderg.com\/lt\/wp-json\/wp\/v2\/media?parent=3326"}],"curies":[{"name":"wp","href":"https:\/\/api.w.org\/{rel}","templated":true}]}}