{"id":653,"date":"2022-08-07T21:57:26","date_gmt":"2022-08-07T18:57:26","guid":{"rendered":"https:\/\/enderg.com\/?post_type=product&#038;p=653"},"modified":"2024-06-26T01:43:35","modified_gmt":"2024-06-25T22:43:35","slug":"risk-of-rain-2-xbox","status":"publish","type":"product","link":"https:\/\/enderg.com\/it\/product\/risk-of-rain-2-xbox\/","title":{"rendered":"Rischio di pioggia 2 &#039;XBOX&#039;"},"content":{"rendered":"<div data-elementor-type=\"wp-post\" data-elementor-id=\"653\" class=\"elementor elementor-653\" data-elementor-post-type=\"product\">\n\t\t\t\t\t\t<section class=\"elementor-section elementor-top-section elementor-element elementor-element-2a673171 elementor-section-boxed elementor-section-height-default elementor-section-height-default\" data-id=\"2a673171\" data-element_type=\"section\" data-e-type=\"section\">\n\t\t\t\t\t\t<div class=\"elementor-container elementor-column-gap-default\">\n\t\t\t\t\t<div class=\"elementor-column elementor-col-100 elementor-top-column elementor-element elementor-element-4f077093\" data-id=\"4f077093\" data-element_type=\"column\" data-e-type=\"column\">\n\t\t\t<div class=\"elementor-widget-wrap elementor-element-populated\">\n\t\t\t\t\t\t<div class=\"elementor-element elementor-element-64f34c33 elementor-widget elementor-widget-accordion\" data-id=\"64f34c33\" data-element_type=\"widget\" data-e-type=\"widget\" data-widget_type=\"accordion.default\">\n\t\t\t\t<div class=\"elementor-widget-container\">\n\t\t\t\t\t\t\t<div class=\"elementor-accordion\">\n\t\t\t\t\t\t\t<div class=\"elementor-accordion-item\">\n\t\t\t\t\t<h4 id=\"elementor-tab-title-1691\" class=\"elementor-tab-title\" data-tab=\"1\" role=\"button\" aria-controls=\"elementor-tab-content-1691\" aria-expanded=\"false\">\n\t\t\t\t\t\t\t\t\t\t\t\t\t<span class=\"elementor-accordion-icon elementor-accordion-icon-left\" aria-hidden=\"true\">\n\t\t\t\t\t\t\t\t\t\t\t\t\t\t\t<span class=\"elementor-accordion-icon-closed\"><i class=\"fas fa-truck\"><\/i><\/span>\n\t\t\t\t\t\t\t\t<span class=\"elementor-accordion-icon-opened\"><i class=\"fas fa-truck\"><\/i><\/span>\n\t\t\t\t\t\t\t\t\t\t\t\t\t\t<\/span>\n\t\t\t\t\t\t\t\t\t\t\t\t<a class=\"elementor-accordion-title\" tabindex=\"0\">Consegna veloce<\/a>\n\t\t\t\t\t<\/h4>\n\t\t\t\t\t<div id=\"elementor-tab-content-1691\" class=\"elementor-tab-content elementor-clearfix\" data-tab=\"1\" role=\"region\" aria-labelledby=\"elementor-tab-title-1691\"><p>La consegna pu\u00f2 richiedere da 5 a 20 minuti, a seconda del tuo posto nella nostra coda<\/p><p>Il tuo ordine verr\u00e0 \"rimborsato automaticamente\" nel caso in cui non venga consegnato dopo 12 ore!<\/p><\/div>\n\t\t\t\t<\/div>\n\t\t\t\t\t\t\t\t<\/div>\n\t\t\t\t\t\t<\/div>\n\t\t\t\t<\/div>\n\t\t\t\t<div class=\"elementor-element elementor-element-4f13632e elementor-widget elementor-widget-accordion\" data-id=\"4f13632e\" data-element_type=\"widget\" data-e-type=\"widget\" data-widget_type=\"accordion.default\">\n\t\t\t\t<div class=\"elementor-widget-container\">\n\t\t\t\t\t\t\t<div class=\"elementor-accordion\">\n\t\t\t\t\t\t\t<div class=\"elementor-accordion-item\">\n\t\t\t\t\t<h4 id=\"elementor-tab-title-1321\" class=\"elementor-tab-title\" data-tab=\"1\" role=\"button\" aria-controls=\"elementor-tab-content-1321\" aria-expanded=\"false\">\n\t\t\t\t\t\t\t\t\t\t\t\t\t<span class=\"elementor-accordion-icon elementor-accordion-icon-left\" aria-hidden=\"true\">\n\t\t\t\t\t\t\t\t\t\t\t\t\t\t\t<span class=\"elementor-accordion-icon-closed\"><i class=\"fab fa-xbox\"><\/i><\/span>\n\t\t\t\t\t\t\t\t<span class=\"elementor-accordion-icon-opened\"><i class=\"fab fa-xbox\"><\/i><\/span>\n\t\t\t\t\t\t\t\t\t\t\t\t\t\t<\/span>\n\t\t\t\t\t\t\t\t\t\t\t\t<a class=\"elementor-accordion-title\" tabindex=\"0\">Come Attivare<\/a>\n\t\t\t\t\t<\/h4>\n\t\t\t\t\t<div id=\"elementor-tab-content-1321\" class=\"elementor-tab-content elementor-clearfix\" data-tab=\"1\" role=\"region\" aria-labelledby=\"elementor-tab-title-1321\"><p>1- Apri una VPN e connettiti al server specificato nella tua e-mail dopo aver effettuato l&#039;ordine.<\/p><p>2- Fare clic su questo\u00a0<a title=\"https:\/\/account.microsoft.com\/billing\/redeem?refd=login.live.com\" href=\"https:\/\/account.microsoft.com\/billing\/redeem?refd=login.live.com\"><strong>Collegamento<\/strong><\/a>\u00a0&amp; Accedi al tuo account e poi riscatta la chiave che hai ricevuto!<\/p><p>3- Divertiti!<\/p><\/div>\n\t\t\t\t<\/div>\n\t\t\t\t\t\t\t\t<\/div>\n\t\t\t\t\t\t<\/div>\n\t\t\t\t<\/div>\n\t\t\t\t<div class=\"elementor-element elementor-element-4daaf492 elementor-widget elementor-widget-text-editor\" data-id=\"4daaf492\" data-element_type=\"widget\" data-e-type=\"widget\" data-widget_type=\"text-editor.default\">\n\t\t\t\t<div class=\"elementor-widget-container\">\n\t\t\t\t\t\t\t\t\t<h3 style=\"text-align: center;\"><strong>A proposito di questo gioco<\/strong><\/h3>\t\t\t\t\t\t\t\t<\/div>\n\t\t\t\t<\/div>\n\t\t\t\t\t<\/div>\n\t\t<\/div>\n\t\t\t\t\t<\/div>\n\t\t<\/section>\n\t\t\t\t<section class=\"elementor-section elementor-top-section elementor-element elementor-element-24785fee elementor-section-boxed elementor-section-height-default elementor-section-height-default\" data-id=\"24785fee\" data-element_type=\"section\" data-e-type=\"section\">\n\t\t\t\t\t\t<div class=\"elementor-container elementor-column-gap-default\">\n\t\t\t\t\t<div class=\"elementor-column elementor-col-100 elementor-top-column elementor-element elementor-element-634912dc\" data-id=\"634912dc\" data-element_type=\"column\" data-e-type=\"column\">\n\t\t\t<div class=\"elementor-widget-wrap elementor-element-populated\">\n\t\t\t\t\t\t<div class=\"elementor-element elementor-element-465b258e elementor-widget elementor-widget-text-editor\" data-id=\"465b258e\" data-element_type=\"widget\" data-e-type=\"widget\" data-widget_type=\"text-editor.default\">\n\t\t\t\t<div class=\"elementor-widget-container\">\n\t\t\t\t\t\t\t\t\t<div class=\"game_page_autocollapse_ctn expanded\"><div id=\"aboutThisGame\" class=\"game_page_autocollapse\" data-panel=\"{&quot;type&quot;:&quot;PanelGroup&quot;}\"><div id=\"game_area_description\" class=\"game_area_description\"><h4 style=\"text-align: center;\"><strong style=\"font-size: 1.41575em;\">SU QUESTO GIOCO<\/strong><\/h4><p><img decoding=\"async\" data-recalc-dims=\"1\" data-src=\"https:\/\/i0.wp.com\/cdn.cloudflare.steamstatic.com\/steam\/apps\/632360\/extras\/Impact_gifprevid_643.gif?w=980&#038;ssl=1\" src=\"data:image\/svg+xml;base64,PHN2ZyB3aWR0aD0iMSIgaGVpZ2h0PSIxIiB4bWxucz0iaHR0cDovL3d3dy53My5vcmcvMjAwMC9zdmciPjwvc3ZnPg==\" class=\"lazyload\" \/><br \/><strong><u><br \/>SOPRAVVIVERE A UN PIANETA ALIENO<\/u><\/strong><br \/>Ti aspettano pi\u00f9 di una dozzina di ambientazioni artigianali, ognuna piena di mostri impegnativi ed enormi boss che si oppongono alla tua continua esistenza. Combatti fino al boss finale e scappa o continua la tua corsa all&#039;infinito per vedere quanto tempo riesci a sopravvivere. Un sistema di ridimensionamento unico fa s\u00ec che tu e i tuoi nemici aumentiate illimitatamente il vostro potere nel corso del gioco.<\/p><p><img decoding=\"async\" data-recalc-dims=\"1\" data-src=\"https:\/\/i0.wp.com\/cdn.cloudflare.steamstatic.com\/steam\/apps\/632360\/extras\/magmaworm_643.gif?w=980&#038;ssl=1\" src=\"data:image\/svg+xml;base64,PHN2ZyB3aWR0aD0iMSIgaGVpZ2h0PSIxIiB4bWxucz0iaHR0cDovL3d3dy53My5vcmcvMjAwMC9zdmciPjwvc3ZnPg==\" class=\"lazyload\" \/><br \/><strong><u><br \/>SCOPRI NUOVI POTENTI OGGETTI<\/u><\/strong><br \/>Pi\u00f9 di 110 articoli mantengono ogni corsa fresca e piena di nuove sfide. Pi\u00f9 oggetti raccogli, pi\u00f9 i loro effetti si combinano, pi\u00f9 sorprendenti potrebbero essere alcune di queste combinazioni. Pi\u00f9 oggetti incontri, pi\u00f9 informazioni (e strategie) scoprirai attraverso i registri.<\/p><p><img decoding=\"async\" data-recalc-dims=\"1\" data-src=\"https:\/\/i0.wp.com\/cdn.cloudflare.steamstatic.com\/steam\/apps\/632360\/extras\/NewCharacterScreen_Optimized.gif?w=980&#038;ssl=1\" src=\"data:image\/svg+xml;base64,PHN2ZyB3aWR0aD0iMSIgaGVpZ2h0PSIxIiB4bWxucz0iaHR0cDovL3d3dy53My5vcmcvMjAwMC9zdmciPjwvc3ZnPg==\" class=\"lazyload\" \/><br \/><strong><u><br \/>SBLOCCA NUOVI MODI DI GIOCARE<\/u><\/strong><br \/>Sblocca un equipaggio di undici sopravvissuti giocabili, ognuno con il proprio stile di combattimento unico e abilit\u00e0 alternative da padroneggiare. Scopri i segreti degli artefatti per attivare\/disattivare i modificatori del gameplay come il fuoco amico, la generazione casuale dei sopravvissuti, la selezione degli oggetti e altro ancora. Con livelli, nemici e oggetti randomizzati, nessuna corsa sar\u00e0 pi\u00f9 la stessa.<\/p><p><img decoding=\"async\" data-recalc-dims=\"1\" data-src=\"https:\/\/i0.wp.com\/cdn.cloudflare.steamstatic.com\/steam\/apps\/632360\/extras\/SteamQuoteBanner.png?w=980&#038;ssl=1\" src=\"data:image\/svg+xml;base64,PHN2ZyB3aWR0aD0iMSIgaGVpZ2h0PSIxIiB4bWxucz0iaHR0cDovL3d3dy53My5vcmcvMjAwMC9zdmciPjwvc3ZnPg==\" class=\"lazyload\" \/><br \/><strong><u><br \/>GIOCA DA SOLO O IN COOPERATIVA<\/u><\/strong><br \/>Affronta l&#039;avventura da solo o con un massimo di tre amici in modalit\u00e0 cooperativa online, oppure gareggia nella sfida a rotazione delle Prismatic Trials. Nuovi sopravvissuti come il Capitano e MUL-T si uniscono ai sopravvissuti classici come l&#039;Ingegnere, la Cacciatrice e, ovviamente, il Commando.<\/p><p><img decoding=\"async\" data-recalc-dims=\"1\" data-src=\"https:\/\/i0.wp.com\/cdn.cloudflare.steamstatic.com\/steam\/apps\/632360\/extras\/SteamDiscordBanner_2.png?w=980&#038;ssl=1\" src=\"data:image\/svg+xml;base64,PHN2ZyB3aWR0aD0iMSIgaGVpZ2h0PSIxIiB4bWxucz0iaHR0cDovL3d3dy53My5vcmcvMjAwMC9zdmciPjwvc3ZnPg==\" class=\"lazyload\" \/><\/p><\/div><\/div><\/div><div class=\"game_page_autocollapse_ctn\"><div class=\"game_page_autocollapse sys_req\"><h2>\u00a0<\/h2><p><iframe title=\"Riproduttore video di YouTube\" data-src=\"https:\/\/www.youtube.com\/embed\/pJ-aR--gScM\" width=\"560\" height=\"315\" frameborder=\"0\" allowfullscreen=\"allowfullscreen\" src=\"data:image\/svg+xml;base64,PHN2ZyB3aWR0aD0iMSIgaGVpZ2h0PSIxIiB4bWxucz0iaHR0cDovL3d3dy53My5vcmcvMjAwMC9zdmciPjwvc3ZnPg==\" class=\"lazyload\" data-load-mode=\"1\"><\/iframe><\/p><h2>\u00a0<\/h2><div class=\"sysreq_contents\"><div class=\"game_area_sys_req sysreq_content active\" data-os=\"win\"><div class=\"game_area_sys_req_rightCol\">\u00a0<\/div><\/div><\/div><\/div><\/div>\t\t\t\t\t\t\t\t<\/div>\n\t\t\t\t<\/div>\n\t\t\t\t\t<\/div>\n\t\t<\/div>\n\t\t\t\t\t<\/div>\n\t\t<\/section>\n\t\t\t\t<\/div>","protected":false},"excerpt":{"rendered":"<p>Fast Delivery Delivery can take 5 to 20 minutes, according to your place in our queue Your Order will be \u2018Auto Refunded\u2019 in case it does not get delivered after 12 hours! How To Activate 1- Open up a VPN and connect to the server specified in your email after placing your order. 2- Click [&hellip;]<\/p>\n","protected":false},"featured_media":1282,"comment_status":"open","ping_status":"closed","template":"","meta":{"_crdt_document":"","jetpack_post_was_ever_published":false,"jetpack_publicize_message":"","jetpack_publicize_feature_enabled":true,"jetpack_social_post_already_shared":true,"jetpack_social_options":{"image_generator_settings":{"template":"highway","default_image_id":0,"font":"","enabled":false},"version":2},"_wpas_customize_per_network":false},"product_brand":[],"product_cat":[1374],"product_tag":[],"class_list":{"0":"post-653","1":"product","2":"type-product","3":"status-publish","4":"has-post-thumbnail","6":"product_cat-xbox","8":"first","9":"outofstock","10":"sale","11":"virtual","12":"taxable","13":"purchasable","14":"product-type-simple"},"yoast_head":"<!-- This site is optimized with the Yoast SEO Premium plugin v27.3 (Yoast SEO v27.3) - https:\/\/yoast.com\/product\/yoast-seo-premium-wordpress\/ -->\n<title>Risk of Rain 2 &#039;XBOX&#039; - EnderG<\/title>\n<meta name=\"robots\" content=\"index, follow, max-snippet:-1, max-image-preview:large, max-video-preview:-1\" \/>\n<link rel=\"canonical\" href=\"https:\/\/enderg.com\/it\/product\/risk-of-rain-2-xbox\/\" \/>\n<meta property=\"og:locale\" content=\"it_IT\" \/>\n<meta property=\"og:type\" content=\"article\" \/>\n<meta property=\"og:title\" content=\"Risk of Rain 2 &#039;XBOX&#039;\" \/>\n<meta property=\"og:description\" content=\"Fast Delivery Delivery can take 5 to 20 minutes, according to your place in our queue Your Order will be \u2018Auto Refunded\u2019 in case it does not get delivered after 12 hours! How To Activate 1- Open up a VPN and connect to the server specified in your email after placing your order. 2- Click [&hellip;]\" \/>\n<meta property=\"og:url\" content=\"https:\/\/enderg.com\/it\/product\/risk-of-rain-2-xbox\/\" \/>\n<meta property=\"og:site_name\" content=\"EnderG\" \/>\n<meta property=\"article:publisher\" content=\"https:\/\/www.facebook.com\/Endergg1\/\" \/>\n<meta property=\"article:modified_time\" content=\"2024-06-25T22:43:35+00:00\" \/>\n<meta property=\"og:image\" content=\"https:\/\/enderg.com\/wp-content\/uploads\/2022\/08\/new_project_11_57bca91d-32ad-4493-a790-18e374a43e20.jpg\" \/>\n\t<meta property=\"og:image:width\" content=\"500\" \/>\n\t<meta property=\"og:image:height\" content=\"706\" \/>\n\t<meta property=\"og:image:type\" content=\"image\/jpeg\" \/>\n<meta name=\"twitter:card\" content=\"summary_large_image\" \/>\n<meta name=\"twitter:label1\" content=\"Tempo di lettura stimato\" \/>\n\t<meta name=\"twitter:data1\" content=\"3 minuti\" \/>\n<script type=\"application\/ld+json\" class=\"yoast-schema-graph\">{\"@context\":\"https:\\\/\\\/schema.org\",\"@graph\":[{\"@type\":\"WebPage\",\"@id\":\"https:\\\/\\\/enderg.com\\\/product\\\/risk-of-rain-2-xbox\\\/\",\"url\":\"https:\\\/\\\/enderg.com\\\/product\\\/risk-of-rain-2-xbox\\\/\",\"name\":\"Risk of Rain 2 'XBOX' - EnderG\",\"isPartOf\":{\"@id\":\"https:\\\/\\\/enderg.com\\\/#website\"},\"primaryImageOfPage\":{\"@id\":\"https:\\\/\\\/enderg.com\\\/product\\\/risk-of-rain-2-xbox\\\/#primaryimage\"},\"image\":{\"@id\":\"https:\\\/\\\/enderg.com\\\/product\\\/risk-of-rain-2-xbox\\\/#primaryimage\"},\"thumbnailUrl\":\"https:\\\/\\\/i0.wp.com\\\/enderg.com\\\/wp-content\\\/uploads\\\/2022\\\/08\\\/new_project_11_57bca91d-32ad-4493-a790-18e374a43e20.jpg?fit=500%2C706&ssl=1\",\"datePublished\":\"2022-08-07T18:57:26+00:00\",\"dateModified\":\"2024-06-25T22:43:35+00:00\",\"breadcrumb\":{\"@id\":\"https:\\\/\\\/enderg.com\\\/product\\\/risk-of-rain-2-xbox\\\/#breadcrumb\"},\"inLanguage\":\"it-IT\",\"potentialAction\":[{\"@type\":\"ReadAction\",\"target\":[\"https:\\\/\\\/enderg.com\\\/product\\\/risk-of-rain-2-xbox\\\/\"]}]},{\"@type\":\"ImageObject\",\"inLanguage\":\"it-IT\",\"@id\":\"https:\\\/\\\/enderg.com\\\/product\\\/risk-of-rain-2-xbox\\\/#primaryimage\",\"url\":\"https:\\\/\\\/i0.wp.com\\\/enderg.com\\\/wp-content\\\/uploads\\\/2022\\\/08\\\/new_project_11_57bca91d-32ad-4493-a790-18e374a43e20.jpg?fit=500%2C706&ssl=1\",\"contentUrl\":\"https:\\\/\\\/i0.wp.com\\\/enderg.com\\\/wp-content\\\/uploads\\\/2022\\\/08\\\/new_project_11_57bca91d-32ad-4493-a790-18e374a43e20.jpg?fit=500%2C706&ssl=1\",\"width\":500,\"height\":706},{\"@type\":\"BreadcrumbList\",\"@id\":\"https:\\\/\\\/enderg.com\\\/product\\\/risk-of-rain-2-xbox\\\/#breadcrumb\",\"itemListElement\":[{\"@type\":\"ListItem\",\"position\":1,\"name\":\"Home\",\"item\":\"https:\\\/\\\/enderg.com\\\/\"},{\"@type\":\"ListItem\",\"position\":2,\"name\":\"Shop\",\"item\":\"https:\\\/\\\/enderg.com\\\/shop\\\/\"},{\"@type\":\"ListItem\",\"position\":3,\"name\":\"Risk of Rain 2 &#8216;XBOX&#8217;\"}]},{\"@type\":\"WebSite\",\"@id\":\"https:\\\/\\\/enderg.com\\\/#website\",\"url\":\"https:\\\/\\\/enderg.com\\\/\",\"name\":\"EnderG\",\"description\":\"Cheaper Is What We Do!\",\"publisher\":{\"@id\":\"https:\\\/\\\/enderg.com\\\/#organization\"},\"potentialAction\":[{\"@type\":\"SearchAction\",\"target\":{\"@type\":\"EntryPoint\",\"urlTemplate\":\"https:\\\/\\\/enderg.com\\\/?s={search_term_string}\"},\"query-input\":{\"@type\":\"PropertyValueSpecification\",\"valueRequired\":true,\"valueName\":\"search_term_string\"}}],\"inLanguage\":\"it-IT\"},{\"@type\":\"Organization\",\"@id\":\"https:\\\/\\\/enderg.com\\\/#organization\",\"name\":\"EnderG\",\"url\":\"https:\\\/\\\/enderg.com\\\/\",\"logo\":{\"@type\":\"ImageObject\",\"inLanguage\":\"it-IT\",\"@id\":\"https:\\\/\\\/enderg.com\\\/#\\\/schema\\\/logo\\\/image\\\/\",\"url\":\"https:\\\/\\\/enderg.com\\\/wp-content\\\/uploads\\\/2023\\\/03\\\/222222222221.png\",\"contentUrl\":\"https:\\\/\\\/enderg.com\\\/wp-content\\\/uploads\\\/2023\\\/03\\\/222222222221.png\",\"width\":512,\"height\":512,\"caption\":\"EnderG\"},\"image\":{\"@id\":\"https:\\\/\\\/enderg.com\\\/#\\\/schema\\\/logo\\\/image\\\/\"},\"sameAs\":[\"https:\\\/\\\/www.facebook.com\\\/Endergg1\\\/\",\"https:\\\/\\\/www.instagram.com\\\/enderg01\",\"https:\\\/\\\/www.youtube.com\\\/@enderg-com\"],\"description\":\"Cheaper Gaming is what we do!\",\"legalName\":\"Vandar Limited\",\"foundingDate\":\"2022-06-21\"}]}<\/script>\n<!-- \/ Yoast SEO Premium plugin. -->","yoast_head_json":{"title":"Risk of Rain 2 'XBOX' - EnderG","robots":{"index":"index","follow":"follow","max-snippet":"max-snippet:-1","max-image-preview":"max-image-preview:large","max-video-preview":"max-video-preview:-1"},"canonical":"https:\/\/enderg.com\/it\/product\/risk-of-rain-2-xbox\/","og_locale":"it_IT","og_type":"article","og_title":"Risk of Rain 2 'XBOX'","og_description":"Fast Delivery Delivery can take 5 to 20 minutes, according to your place in our queue Your Order will be \u2018Auto Refunded\u2019 in case it does not get delivered after 12 hours! How To Activate 1- Open up a VPN and connect to the server specified in your email after placing your order. 2- Click [&hellip;]","og_url":"https:\/\/enderg.com\/it\/product\/risk-of-rain-2-xbox\/","og_site_name":"EnderG","article_publisher":"https:\/\/www.facebook.com\/Endergg1\/","article_modified_time":"2024-06-25T22:43:35+00:00","og_image":[{"width":500,"height":706,"url":"https:\/\/enderg.com\/wp-content\/uploads\/2022\/08\/new_project_11_57bca91d-32ad-4493-a790-18e374a43e20.jpg","type":"image\/jpeg"}],"twitter_card":"summary_large_image","twitter_misc":{"Tempo di lettura stimato":"3 minuti"},"schema":{"@context":"https:\/\/schema.org","@graph":[{"@type":"WebPage","@id":"https:\/\/enderg.com\/product\/risk-of-rain-2-xbox\/","url":"https:\/\/enderg.com\/product\/risk-of-rain-2-xbox\/","name":"Risk of Rain 2 'XBOX' - EnderG","isPartOf":{"@id":"https:\/\/enderg.com\/#website"},"primaryImageOfPage":{"@id":"https:\/\/enderg.com\/product\/risk-of-rain-2-xbox\/#primaryimage"},"image":{"@id":"https:\/\/enderg.com\/product\/risk-of-rain-2-xbox\/#primaryimage"},"thumbnailUrl":"https:\/\/i0.wp.com\/enderg.com\/wp-content\/uploads\/2022\/08\/new_project_11_57bca91d-32ad-4493-a790-18e374a43e20.jpg?fit=500%2C706&ssl=1","datePublished":"2022-08-07T18:57:26+00:00","dateModified":"2024-06-25T22:43:35+00:00","breadcrumb":{"@id":"https:\/\/enderg.com\/product\/risk-of-rain-2-xbox\/#breadcrumb"},"inLanguage":"it-IT","potentialAction":[{"@type":"ReadAction","target":["https:\/\/enderg.com\/product\/risk-of-rain-2-xbox\/"]}]},{"@type":"ImageObject","inLanguage":"it-IT","@id":"https:\/\/enderg.com\/product\/risk-of-rain-2-xbox\/#primaryimage","url":"https:\/\/i0.wp.com\/enderg.com\/wp-content\/uploads\/2022\/08\/new_project_11_57bca91d-32ad-4493-a790-18e374a43e20.jpg?fit=500%2C706&ssl=1","contentUrl":"https:\/\/i0.wp.com\/enderg.com\/wp-content\/uploads\/2022\/08\/new_project_11_57bca91d-32ad-4493-a790-18e374a43e20.jpg?fit=500%2C706&ssl=1","width":500,"height":706},{"@type":"BreadcrumbList","@id":"https:\/\/enderg.com\/product\/risk-of-rain-2-xbox\/#breadcrumb","itemListElement":[{"@type":"ListItem","position":1,"name":"Home","item":"https:\/\/enderg.com\/"},{"@type":"ListItem","position":2,"name":"Shop","item":"https:\/\/enderg.com\/shop\/"},{"@type":"ListItem","position":3,"name":"Risk of Rain 2 &#8216;XBOX&#8217;"}]},{"@type":"WebSite","@id":"https:\/\/enderg.com\/#website","url":"https:\/\/enderg.com\/","name":"EnderG","description":"Quello che facciamo \u00e8 pi\u00f9 economico!","publisher":{"@id":"https:\/\/enderg.com\/#organization"},"potentialAction":[{"@type":"SearchAction","target":{"@type":"EntryPoint","urlTemplate":"https:\/\/enderg.com\/?s={search_term_string}"},"query-input":{"@type":"PropertyValueSpecification","valueRequired":true,"valueName":"search_term_string"}}],"inLanguage":"it-IT"},{"@type":"Organization","@id":"https:\/\/enderg.com\/#organization","name":"EnderG","url":"https:\/\/enderg.com\/","logo":{"@type":"ImageObject","inLanguage":"it-IT","@id":"https:\/\/enderg.com\/#\/schema\/logo\/image\/","url":"https:\/\/enderg.com\/wp-content\/uploads\/2023\/03\/222222222221.png","contentUrl":"https:\/\/enderg.com\/wp-content\/uploads\/2023\/03\/222222222221.png","width":512,"height":512,"caption":"EnderG"},"image":{"@id":"https:\/\/enderg.com\/#\/schema\/logo\/image\/"},"sameAs":["https:\/\/www.facebook.com\/Endergg1\/","https:\/\/www.instagram.com\/enderg01","https:\/\/www.youtube.com\/@enderg-com"],"description":"Il nostro obiettivo \u00e8 rendere il gioco pi\u00f9 economico!","legalName":"Vandar Limited","foundingDate":"2022-06-21"}]}},"jetpack_publicize_connections":[],"jetpack_likes_enabled":true,"jetpack_sharing_enabled":true,"jetpack-related-posts":[],"_links":{"self":[{"href":"https:\/\/enderg.com\/it\/wp-json\/wp\/v2\/product\/653","targetHints":{"allow":["GET"]}}],"collection":[{"href":"https:\/\/enderg.com\/it\/wp-json\/wp\/v2\/product"}],"about":[{"href":"https:\/\/enderg.com\/it\/wp-json\/wp\/v2\/types\/product"}],"replies":[{"embeddable":true,"href":"https:\/\/enderg.com\/it\/wp-json\/wp\/v2\/comments?post=653"}],"version-history":[{"count":13,"href":"https:\/\/enderg.com\/it\/wp-json\/wp\/v2\/product\/653\/revisions"}],"predecessor-version":[{"id":8853,"href":"https:\/\/enderg.com\/it\/wp-json\/wp\/v2\/product\/653\/revisions\/8853"}],"wp:featuredmedia":[{"embeddable":true,"href":"https:\/\/enderg.com\/it\/wp-json\/wp\/v2\/media\/1282"}],"wp:attachment":[{"href":"https:\/\/enderg.com\/it\/wp-json\/wp\/v2\/media?parent=653"}],"wp:term":[{"taxonomy":"product_brand","embeddable":true,"href":"https:\/\/enderg.com\/it\/wp-json\/wp\/v2\/product_brand?post=653"},{"taxonomy":"product_cat","embeddable":true,"href":"https:\/\/enderg.com\/it\/wp-json\/wp\/v2\/product_cat?post=653"},{"taxonomy":"product_tag","embeddable":true,"href":"https:\/\/enderg.com\/it\/wp-json\/wp\/v2\/product_tag?post=653"}],"curies":[{"name":"wp","href":"https:\/\/api.w.org\/{rel}","templated":true}]}}