{"id":619,"date":"2022-08-07T21:48:37","date_gmt":"2022-08-07T18:48:37","guid":{"rendered":"https:\/\/enderg.com\/?post_type=product&#038;p=619"},"modified":"2025-12-06T02:07:46","modified_gmt":"2025-12-05T23:07:46","slug":"resident-evil-6","status":"publish","type":"product","link":"https:\/\/enderg.com\/it\/product\/resident-evil-6\/","title":{"rendered":"Resident Evil 6"},"content":{"rendered":"<div data-elementor-type=\"wp-post\" data-elementor-id=\"619\" class=\"elementor elementor-619\" data-elementor-post-type=\"product\">\n\t\t\t\t\t\t<section class=\"elementor-section elementor-top-section elementor-element elementor-element-40625bc5 elementor-section-boxed elementor-section-height-default elementor-section-height-default\" data-id=\"40625bc5\" data-element_type=\"section\" data-e-type=\"section\">\n\t\t\t\t\t\t<div class=\"elementor-container elementor-column-gap-default\">\n\t\t\t\t\t<div class=\"elementor-column elementor-col-100 elementor-top-column elementor-element elementor-element-54e55012\" data-id=\"54e55012\" data-element_type=\"column\" data-e-type=\"column\">\n\t\t\t<div class=\"elementor-widget-wrap elementor-element-populated\">\n\t\t\t\t\t\t<div class=\"elementor-element elementor-element-4679bb3e elementor-widget elementor-widget-accordion\" data-id=\"4679bb3e\" data-element_type=\"widget\" data-e-type=\"widget\" data-widget_type=\"accordion.default\">\n\t\t\t\t<div class=\"elementor-widget-container\">\n\t\t\t\t\t\t\t<div class=\"elementor-accordion\">\n\t\t\t\t\t\t\t<div class=\"elementor-accordion-item\">\n\t\t\t\t\t<h4 id=\"elementor-tab-title-1181\" class=\"elementor-tab-title\" data-tab=\"1\" role=\"button\" aria-controls=\"elementor-tab-content-1181\" aria-expanded=\"false\">\n\t\t\t\t\t\t\t\t\t\t\t\t\t<span class=\"elementor-accordion-icon elementor-accordion-icon-left\" aria-hidden=\"true\">\n\t\t\t\t\t\t\t\t\t\t\t\t\t\t\t<span class=\"elementor-accordion-icon-closed\"><i class=\"fas fa-truck\"><\/i><\/span>\n\t\t\t\t\t\t\t\t<span class=\"elementor-accordion-icon-opened\"><i class=\"fas fa-truck\"><\/i><\/span>\n\t\t\t\t\t\t\t\t\t\t\t\t\t\t<\/span>\n\t\t\t\t\t\t\t\t\t\t\t\t<a class=\"elementor-accordion-title\" tabindex=\"0\">Consegna veloce<\/a>\n\t\t\t\t\t<\/h4>\n\t\t\t\t\t<div id=\"elementor-tab-content-1181\" class=\"elementor-tab-content elementor-clearfix\" data-tab=\"1\" role=\"region\" aria-labelledby=\"elementor-tab-title-1181\"><p>La consegna pu\u00f2 richiedere da 5 a 20 minuti, a seconda del tuo posto nella nostra coda<\/p><p>Il tuo ordine verr\u00e0 \"rimborsato automaticamente\" nel caso in cui non venga consegnato dopo 12 ore!<\/p><\/div>\n\t\t\t\t<\/div>\n\t\t\t\t\t\t\t\t<\/div>\n\t\t\t\t\t\t<\/div>\n\t\t\t\t<\/div>\n\t\t\t\t<div class=\"elementor-element elementor-element-fccf32d elementor-widget elementor-widget-accordion\" data-id=\"fccf32d\" data-element_type=\"widget\" data-e-type=\"widget\" data-widget_type=\"accordion.default\">\n\t\t\t\t<div class=\"elementor-widget-container\">\n\t\t\t\t\t\t\t<div class=\"elementor-accordion\">\n\t\t\t\t\t\t\t<div class=\"elementor-accordion-item\">\n\t\t\t\t\t<h4 id=\"elementor-tab-title-2651\" class=\"elementor-tab-title\" data-tab=\"1\" role=\"button\" aria-controls=\"elementor-tab-content-2651\" aria-expanded=\"false\">\n\t\t\t\t\t\t\t\t\t\t\t\t\t<span class=\"elementor-accordion-icon elementor-accordion-icon-left\" aria-hidden=\"true\">\n\t\t\t\t\t\t\t\t\t\t\t\t\t\t\t<span class=\"elementor-accordion-icon-closed\"><i class=\"fab fa-xbox\"><\/i><\/span>\n\t\t\t\t\t\t\t\t<span class=\"elementor-accordion-icon-opened\"><i class=\"fab fa-xbox\"><\/i><\/span>\n\t\t\t\t\t\t\t\t\t\t\t\t\t\t<\/span>\n\t\t\t\t\t\t\t\t\t\t\t\t<a class=\"elementor-accordion-title\" tabindex=\"0\">Come Attivare<\/a>\n\t\t\t\t\t<\/h4>\n\t\t\t\t\t<div id=\"elementor-tab-content-2651\" class=\"elementor-tab-content elementor-clearfix\" data-tab=\"1\" role=\"region\" aria-labelledby=\"elementor-tab-title-2651\"><p>1- Apri una VPN e connettiti al server specificato nella tua e-mail dopo aver effettuato l&#039;ordine.\u00a0<\/p><p>2- Fare clic su questo\u00a0<a title=\"https:\/\/account.microsoft.com\/billing\/redeem?refd=login.live.com\" href=\"https:\/\/account.microsoft.com\/billing\/redeem?refd=login.live.com\"><strong>Collegamento<\/strong><\/a>\u00a0&amp; Accedi al tuo account e poi riscatta la chiave che hai ricevuto!<\/p><p>3- Divertiti!<\/p><\/div>\n\t\t\t\t<\/div>\n\t\t\t\t\t\t\t\t<\/div>\n\t\t\t\t\t\t<\/div>\n\t\t\t\t<\/div>\n\t\t\t\t\t<\/div>\n\t\t<\/div>\n\t\t\t\t\t<\/div>\n\t\t<\/section>\n\t\t\t\t<section class=\"elementor-section elementor-top-section elementor-element elementor-element-7d78f420 elementor-section-boxed elementor-section-height-default elementor-section-height-default\" data-id=\"7d78f420\" data-element_type=\"section\" data-e-type=\"section\">\n\t\t\t\t\t\t<div class=\"elementor-container elementor-column-gap-default\">\n\t\t\t\t\t<div class=\"elementor-column elementor-col-100 elementor-top-column elementor-element elementor-element-1dc661dd\" data-id=\"1dc661dd\" data-element_type=\"column\" data-e-type=\"column\">\n\t\t\t<div class=\"elementor-widget-wrap elementor-element-populated\">\n\t\t\t\t\t\t<div class=\"elementor-element elementor-element-6a54f52e elementor-widget elementor-widget-text-editor\" data-id=\"6a54f52e\" data-element_type=\"widget\" data-e-type=\"widget\" data-widget_type=\"text-editor.default\">\n\t\t\t\t<div class=\"elementor-widget-container\">\n\t\t\t\t\t\t\t\t\t<div class=\"game_page_autocollapse_ctn expanded\"><div id=\"aboutThisGame\" class=\"game_page_autocollapse\" data-panel=\"{&quot;type&quot;:&quot;PanelGroup&quot;}\"><div id=\"game_area_description\" class=\"game_area_description\"><h4 style=\"text-align: center;\"><strong style=\"font-size: 1.41575em;\">SU QUESTO GIOCO<\/strong><\/h4><p>Unendo azione e survival horror, Resident Evil 6 promette di essere la drammatica esperienza horror del 2013. Ai favoriti di Resident Evil Leon S. Kennedy, Chris Redfield e Ada Wong si uniscono nuovi personaggi, tra cui Jake Muller, per affrontare un nuovo horror, l&#039;altamente virulento del virus C, mentre la narrazione si sposta tra il Nord America, lo stato di Edonia dell\u2019Europa orientale devastato dalla guerra e la citt\u00e0 cinese di Lanshiang.<\/p><p>Con quattro fili narrativi distinti ma intrecciati, ciascuno con la propria coppia di protagonisti per il gioco in solitario o in cooperativa, sia offline che online, Resident Evil 6 non solo offrir\u00e0 prospettive e stili di gioco diversi ma, con l&#039;introduzione del I giocatori dell&#039;innovativa meccanica Crossover potranno fare squadra e condividere l&#039;orrore. Nei momenti chiave del gioco, fino a quattro giocatori possono unirsi online per affrontare una situazione specifica, con alcune fasi che vedono le solite partnership scambiate per aumentare ulteriormente la profondit\u00e0 del gioco.<\/p><h2 class=\"bb_tag\">Caratteristiche principali<\/h2><ul class=\"bb_ul\"><li><strong>Orrore su scala globale<\/strong>\u00a0\u2013 Non pi\u00f9 confinato in un luogo specifico, l&#039;epidemia del virus C \u00e8 mondiale con l&#039;azione che si svolge in Nord America, Europa orientale e Cina. Il gioco Resident Evil pi\u00f9 espansivo fino ad oggi: vivi l&#039;orrore attraverso quattro campagne distinte ma intrecciate:<\/li><li><strong>Gioco incrociato<\/strong>\u00a0\u2013 Non solo ogni storia si incrocia, ma anche l&#039;azione \u2013 Nei momenti significativi in cui la narrazione riunisce coppie di personaggi, la nuovissima meccanica Crossover consente a un massimo di quattro giocatori di vivere insieme l&#039;orrore online<\/li><li><strong>Gioco in solitario o in cooperativa<\/strong>\u00a0\u2013 Resident Evil 6 offre un gameplay cooperativo sia per giocatore singolo che per due giocatori, sia offline che online (tuttavia la campagna di Ada Wong \u00e8 per un solo giocatore)<\/li><li><strong>Nuove minacce in aumento<\/strong>\u00a0\u2013 Affronta le conseguenze del virus C in tutte le sue forme varie e mortali, inclusi zombi, J&#039;avo, Crisalidi e molto altro ancora. Modalit\u00e0 Caccia all&#039;Agente \u2013 In questa nuovissima modalit\u00e0 online per la serie Resident Evil, vivi l&#039;azione dell&#039;altro lato. Come &quot;cacciatore&quot;, unisciti alla fazione nemica per diventare uno degli zombi del gioco, J&#039;avo o altre mutazioni del virus C e infiltrati in un&#039;altra sessione di gioco attiva per eliminare i personaggi umani.<\/li><li><strong>Gioca a modo tuo<\/strong>\u00a0\u2013 Usa i punti abilit\u00e0 per potenziare il tuo personaggio per fornire una maggiore velocit\u00e0 di ricarica, una migliore potenza di fuoco o aumentare la barra della salute con il sistema di abilit\u00e0 del personaggio<\/li><li><strong>Sistema di controllo ridisegnato<\/strong>\u00a0\u2013 Resident Evil 6 presenta un sistema di controllo evoluto che consente ai giocatori di sparare mentre si muovono; diapositiva; rotolare in qualsiasi direzione e mettersi al riparo insieme all&#039;aggiunta di un attacco corpo a corpo potenziato<\/li><li><strong>Ritornano i mercenari<\/strong>\u00a0\u2013 I giocatori potranno ancora una volta godersi la popolarissima modalit\u00e0 Mercenari<\/li><li><strong>I mercenari senza piet\u00e0<\/strong>\u00a0\u2013 Un&#039;esperienza disponibile solo sul tuo PC, questa modalit\u00e0 aggiuntiva contiene il doppio dei nemici dei Mercenari!<\/li><li><strong>7 fasi aggiuntive per le modalit\u00e0 di contenuto extra<\/strong>\u00a0\u2013 Precedentemente disponibili per l&#039;acquisto come DLC per le versioni console, questi 7 livelli aggiuntivi sono *standard sulla versione PC. (*Queste fasi vengono sbloccate tramite obiettivi.)<\/li><li><strong>Patch crossover di Left 4 Dead 2<\/strong>\u00a0\u2013 Il rilascio \u00e8 previsto gratuitamente tramite l&#039;aggiornamento del titolo del 5 aprile 2013. Fatti strada attraverso The Mercenaries No Mercy nei panni dei tuoi personaggi preferiti di Left 4 Dead 2, con gli Infetti che appaiono anche come nemici!<\/li><li><strong>Compatibile con la funzione della versione console\u00a0<a href=\"https:\/\/steamcommunity.com\/linkfilter\/?url=http:\/\/Updates\/RE.NET\" target=\"_blank\" rel=\"noopener\">Aggiornamenti\/RE.NET<\/a><\/strong>\u00a0\u2013 La versione PC \u00e8 compatibile con tutte le ultime funzionalit\u00e0 aggiunte alle versioni console ed \u00e8 compatibile con\u00a0<a href=\"https:\/\/steamcommunity.com\/linkfilter\/?url=http:\/\/RE.NET\" target=\"_blank\" rel=\"noopener\">RE.NET<\/a>\u00a0pure.<\/li><\/ul><\/div><\/div><\/div><div class=\"game_page_autocollapse_ctn\"><div class=\"game_page_autocollapse sys_req\"><h2><iframe title=\"Riproduttore video di YouTube\" data-src=\"https:\/\/www.youtube.com\/embed\/8SlXT8JtYSM\" width=\"560\" height=\"315\" frameborder=\"0\" allowfullscreen=\"allowfullscreen\" src=\"data:image\/svg+xml;base64,PHN2ZyB3aWR0aD0iMSIgaGVpZ2h0PSIxIiB4bWxucz0iaHR0cDovL3d3dy53My5vcmcvMjAwMC9zdmciPjwvc3ZnPg==\" class=\"lazyload\" data-load-mode=\"1\"><\/iframe><\/h2><h2>REQUISITI DI SISTEMA<\/h2><div class=\"sysreq_contents\"><div class=\"game_area_sys_req sysreq_content active\" data-os=\"win\"><div class=\"game_area_sys_req_leftCol\"><p><strong>MINIMO:<\/strong><\/p><ul><li style=\"list-style-type: none;\"><ul class=\"bb_ul\"><li><strong>Sistema operativo:<\/strong>Windows\u00ae8.1\/Windows\u00ae10<\/li><li><strong>Processore:<\/strong>: Intel\u00ae CoreTM2 Duo 2,4 Ghz o superiore, AMD AthlonTM X2 2,8 Ghz o superiore<\/li><li><strong>Memoria:<\/strong>2 GB di RAM<\/li><li><strong>Grafica:<\/strong>NVIDIA\u00ae GeForce\u00ae 8800GTS o superiore<\/li><li><strong>DirectX\u00ae:<\/strong>9.0c<\/li><li><strong>Disco rigido:<\/strong>Spazio su disco rigido da 16 GB<\/li><li><strong>Suono:<\/strong>Dispositivo audio standard<\/li><li><strong>Altri requisiti:<\/strong>Connessione Internet a banda larga<\/li><\/ul><\/li><\/ul><\/div><div class=\"game_area_sys_req_rightCol\"><p><strong>CONSIGLIATO:<\/strong><\/p><ul><li style=\"list-style-type: none;\"><ul class=\"bb_ul\"><li><strong>Sistema operativo:<\/strong>Windows\u00ae8.1\/Windows\u00ae10<\/li><li><strong>Processore:<\/strong>Intel\u00ae CoreTM2 Quad 2,7 Ghz o superiore, AMD PhenomTM II X4 3 Ghz o superiore<\/li><li><strong>Memoria:<\/strong>4 GB di RAM<\/li><li><strong>Grafica:<\/strong>NVIDIA\u00ae GeForce\u00ae GTX 560 o superiore<\/li><li><strong>DirectX\u00ae:<\/strong>9.0c<\/li><li><strong>Disco rigido:<\/strong>Spazio su disco rigido da 16 GB<\/li><li><strong>Suono:<\/strong>Dispositivo audio standard<\/li><\/ul><\/li><\/ul><\/div><div>\u00a0<\/div><\/div><\/div><\/div><\/div><div class=\"game_page_autocollapse_ctn\"><div class=\"game_page_autocollapse\"><div id=\"game_area_legal\">\u00a0<\/div><\/div><\/div>\t\t\t\t\t\t\t\t<\/div>\n\t\t\t\t<\/div>\n\t\t\t\t\t<\/div>\n\t\t<\/div>\n\t\t\t\t\t<\/div>\n\t\t<\/section>\n\t\t\t\t<\/div>","protected":false},"excerpt":{"rendered":"<p>Fast Delivery Delivery can take 5 to 20 minutes, according to your place in our queue Your Order will be \u2018Auto Refunded\u2019 in case it does not get delivered after 12 hours! How To Activate 1- Open up a VPN and connect to the server specified in your email after placing your order.\u00a0 2- Click [&hellip;]<\/p>\n","protected":false},"featured_media":1221,"comment_status":"closed","ping_status":"closed","template":"","meta":{"_crdt_document":"","jetpack_publicize_message":"","jetpack_publicize_feature_enabled":true,"jetpack_social_post_already_shared":true,"jetpack_social_options":{"image_generator_settings":{"template":"highway","default_image_id":0,"font":"","enabled":false},"version":2},"_wpas_customize_per_network":false},"product_brand":[],"product_cat":[1375,1374],"product_tag":[],"class_list":{"0":"post-619","1":"product","2":"type-product","3":"status-publish","4":"has-post-thumbnail","6":"product_cat-pc","7":"product_cat-xbox","9":"first","10":"outofstock","11":"sale","12":"taxable","13":"shipping-taxable","14":"purchasable","15":"product-type-variable","16":"has-default-attributes"},"yoast_head":"<!-- This site is optimized with the Yoast SEO Premium plugin v27.4 (Yoast SEO v27.4) - https:\/\/yoast.com\/product\/yoast-seo-premium-wordpress\/ -->\n<title>Resident Evil 6 - EnderG<\/title>\n<meta name=\"robots\" content=\"index, follow, max-snippet:-1, max-image-preview:large, max-video-preview:-1\" \/>\n<link rel=\"canonical\" href=\"https:\/\/enderg.com\/it\/product\/resident-evil-6\/\" \/>\n<meta property=\"og:locale\" content=\"it_IT\" \/>\n<meta property=\"og:type\" content=\"article\" \/>\n<meta property=\"og:title\" content=\"Resident Evil 6\" \/>\n<meta property=\"og:description\" content=\"Fast Delivery Delivery can take 5 to 20 minutes, according to your place in our queue Your Order will be \u2018Auto Refunded\u2019 in case it does not get delivered after 12 hours! How To Activate 1- Open up a VPN and connect to the server specified in your email after placing your order.\u00a0 2- Click [&hellip;]\" \/>\n<meta property=\"og:url\" content=\"https:\/\/enderg.com\/it\/product\/resident-evil-6\/\" \/>\n<meta property=\"og:site_name\" content=\"EnderG\" \/>\n<meta property=\"article:publisher\" content=\"https:\/\/www.facebook.com\/Endergg1\/\" \/>\n<meta property=\"article:modified_time\" content=\"2025-12-05T23:07:46+00:00\" \/>\n<meta property=\"og:image\" content=\"https:\/\/enderg.com\/wp-content\/uploads\/2022\/08\/fEsmr4hLs0luLchiSJ1VtgRIjOTqjRwgRh0iYjkD.jpg\" \/>\n\t<meta property=\"og:image:width\" content=\"717\" \/>\n\t<meta property=\"og:image:height\" content=\"1000\" \/>\n\t<meta property=\"og:image:type\" content=\"image\/jpeg\" \/>\n<meta name=\"twitter:card\" content=\"summary_large_image\" \/>\n<meta name=\"twitter:label1\" content=\"Tempo di lettura stimato\" \/>\n\t<meta name=\"twitter:data1\" content=\"4 minuti\" \/>\n<script type=\"application\/ld+json\" class=\"yoast-schema-graph\">{\"@context\":\"https:\\\/\\\/schema.org\",\"@graph\":[{\"@type\":\"WebPage\",\"@id\":\"https:\\\/\\\/enderg.com\\\/product\\\/resident-evil-6\\\/\",\"url\":\"https:\\\/\\\/enderg.com\\\/product\\\/resident-evil-6\\\/\",\"name\":\"Resident Evil 6 - EnderG\",\"isPartOf\":{\"@id\":\"https:\\\/\\\/enderg.com\\\/#website\"},\"primaryImageOfPage\":{\"@id\":\"https:\\\/\\\/enderg.com\\\/product\\\/resident-evil-6\\\/#primaryimage\"},\"image\":{\"@id\":\"https:\\\/\\\/enderg.com\\\/product\\\/resident-evil-6\\\/#primaryimage\"},\"thumbnailUrl\":\"https:\\\/\\\/i0.wp.com\\\/enderg.com\\\/wp-content\\\/uploads\\\/2022\\\/08\\\/fEsmr4hLs0luLchiSJ1VtgRIjOTqjRwgRh0iYjkD.jpg?fit=717%2C1000&ssl=1\",\"datePublished\":\"2022-08-07T18:48:37+00:00\",\"dateModified\":\"2025-12-05T23:07:46+00:00\",\"breadcrumb\":{\"@id\":\"https:\\\/\\\/enderg.com\\\/product\\\/resident-evil-6\\\/#breadcrumb\"},\"inLanguage\":\"it-IT\",\"potentialAction\":[{\"@type\":\"ReadAction\",\"target\":[\"https:\\\/\\\/enderg.com\\\/product\\\/resident-evil-6\\\/\"]}]},{\"@type\":\"ImageObject\",\"inLanguage\":\"it-IT\",\"@id\":\"https:\\\/\\\/enderg.com\\\/product\\\/resident-evil-6\\\/#primaryimage\",\"url\":\"https:\\\/\\\/i0.wp.com\\\/enderg.com\\\/wp-content\\\/uploads\\\/2022\\\/08\\\/fEsmr4hLs0luLchiSJ1VtgRIjOTqjRwgRh0iYjkD.jpg?fit=717%2C1000&ssl=1\",\"contentUrl\":\"https:\\\/\\\/i0.wp.com\\\/enderg.com\\\/wp-content\\\/uploads\\\/2022\\\/08\\\/fEsmr4hLs0luLchiSJ1VtgRIjOTqjRwgRh0iYjkD.jpg?fit=717%2C1000&ssl=1\",\"width\":717,\"height\":1000},{\"@type\":\"BreadcrumbList\",\"@id\":\"https:\\\/\\\/enderg.com\\\/product\\\/resident-evil-6\\\/#breadcrumb\",\"itemListElement\":[{\"@type\":\"ListItem\",\"position\":1,\"name\":\"Home\",\"item\":\"https:\\\/\\\/enderg.com\\\/\"},{\"@type\":\"ListItem\",\"position\":2,\"name\":\"Shop\",\"item\":\"https:\\\/\\\/enderg.com\\\/shop\\\/\"},{\"@type\":\"ListItem\",\"position\":3,\"name\":\"Resident Evil 6\"}]},{\"@type\":\"WebSite\",\"@id\":\"https:\\\/\\\/enderg.com\\\/#website\",\"url\":\"https:\\\/\\\/enderg.com\\\/\",\"name\":\"EnderG\",\"description\":\"Cheaper Is What We Do!\",\"publisher\":{\"@id\":\"https:\\\/\\\/enderg.com\\\/#organization\"},\"potentialAction\":[{\"@type\":\"SearchAction\",\"target\":{\"@type\":\"EntryPoint\",\"urlTemplate\":\"https:\\\/\\\/enderg.com\\\/?s={search_term_string}\"},\"query-input\":{\"@type\":\"PropertyValueSpecification\",\"valueRequired\":true,\"valueName\":\"search_term_string\"}}],\"inLanguage\":\"it-IT\"},{\"@type\":\"Organization\",\"@id\":\"https:\\\/\\\/enderg.com\\\/#organization\",\"name\":\"EnderG\",\"url\":\"https:\\\/\\\/enderg.com\\\/\",\"logo\":{\"@type\":\"ImageObject\",\"inLanguage\":\"it-IT\",\"@id\":\"https:\\\/\\\/enderg.com\\\/#\\\/schema\\\/logo\\\/image\\\/\",\"url\":\"https:\\\/\\\/enderg.com\\\/wp-content\\\/uploads\\\/2023\\\/03\\\/222222222221.png\",\"contentUrl\":\"https:\\\/\\\/enderg.com\\\/wp-content\\\/uploads\\\/2023\\\/03\\\/222222222221.png\",\"width\":512,\"height\":512,\"caption\":\"EnderG\"},\"image\":{\"@id\":\"https:\\\/\\\/enderg.com\\\/#\\\/schema\\\/logo\\\/image\\\/\"},\"sameAs\":[\"https:\\\/\\\/www.facebook.com\\\/Endergg1\\\/\",\"https:\\\/\\\/www.instagram.com\\\/enderg01\",\"https:\\\/\\\/www.youtube.com\\\/@enderg-com\"],\"description\":\"Cheaper Gaming is what we do!\",\"legalName\":\"Vandar Limited\",\"foundingDate\":\"2022-06-21\"}]}<\/script>\n<!-- \/ Yoast SEO Premium plugin. -->","yoast_head_json":{"title":"Resident Evil 6 - EnderG","robots":{"index":"index","follow":"follow","max-snippet":"max-snippet:-1","max-image-preview":"max-image-preview:large","max-video-preview":"max-video-preview:-1"},"canonical":"https:\/\/enderg.com\/it\/product\/resident-evil-6\/","og_locale":"it_IT","og_type":"article","og_title":"Resident Evil 6","og_description":"Fast Delivery Delivery can take 5 to 20 minutes, according to your place in our queue Your Order will be \u2018Auto Refunded\u2019 in case it does not get delivered after 12 hours! How To Activate 1- Open up a VPN and connect to the server specified in your email after placing your order.\u00a0 2- Click [&hellip;]","og_url":"https:\/\/enderg.com\/it\/product\/resident-evil-6\/","og_site_name":"EnderG","article_publisher":"https:\/\/www.facebook.com\/Endergg1\/","article_modified_time":"2025-12-05T23:07:46+00:00","og_image":[{"width":717,"height":1000,"url":"https:\/\/enderg.com\/wp-content\/uploads\/2022\/08\/fEsmr4hLs0luLchiSJ1VtgRIjOTqjRwgRh0iYjkD.jpg","type":"image\/jpeg"}],"twitter_card":"summary_large_image","twitter_misc":{"Tempo di lettura stimato":"4 minuti"},"schema":{"@context":"https:\/\/schema.org","@graph":[{"@type":"WebPage","@id":"https:\/\/enderg.com\/product\/resident-evil-6\/","url":"https:\/\/enderg.com\/product\/resident-evil-6\/","name":"Resident Evil 6 - EnderG","isPartOf":{"@id":"https:\/\/enderg.com\/#website"},"primaryImageOfPage":{"@id":"https:\/\/enderg.com\/product\/resident-evil-6\/#primaryimage"},"image":{"@id":"https:\/\/enderg.com\/product\/resident-evil-6\/#primaryimage"},"thumbnailUrl":"https:\/\/i0.wp.com\/enderg.com\/wp-content\/uploads\/2022\/08\/fEsmr4hLs0luLchiSJ1VtgRIjOTqjRwgRh0iYjkD.jpg?fit=717%2C1000&ssl=1","datePublished":"2022-08-07T18:48:37+00:00","dateModified":"2025-12-05T23:07:46+00:00","breadcrumb":{"@id":"https:\/\/enderg.com\/product\/resident-evil-6\/#breadcrumb"},"inLanguage":"it-IT","potentialAction":[{"@type":"ReadAction","target":["https:\/\/enderg.com\/product\/resident-evil-6\/"]}]},{"@type":"ImageObject","inLanguage":"it-IT","@id":"https:\/\/enderg.com\/product\/resident-evil-6\/#primaryimage","url":"https:\/\/i0.wp.com\/enderg.com\/wp-content\/uploads\/2022\/08\/fEsmr4hLs0luLchiSJ1VtgRIjOTqjRwgRh0iYjkD.jpg?fit=717%2C1000&ssl=1","contentUrl":"https:\/\/i0.wp.com\/enderg.com\/wp-content\/uploads\/2022\/08\/fEsmr4hLs0luLchiSJ1VtgRIjOTqjRwgRh0iYjkD.jpg?fit=717%2C1000&ssl=1","width":717,"height":1000},{"@type":"BreadcrumbList","@id":"https:\/\/enderg.com\/product\/resident-evil-6\/#breadcrumb","itemListElement":[{"@type":"ListItem","position":1,"name":"Home","item":"https:\/\/enderg.com\/"},{"@type":"ListItem","position":2,"name":"Shop","item":"https:\/\/enderg.com\/shop\/"},{"@type":"ListItem","position":3,"name":"Resident Evil 6"}]},{"@type":"WebSite","@id":"https:\/\/enderg.com\/#website","url":"https:\/\/enderg.com\/","name":"EnderG","description":"Quello che facciamo \u00e8 pi\u00f9 economico!","publisher":{"@id":"https:\/\/enderg.com\/#organization"},"potentialAction":[{"@type":"SearchAction","target":{"@type":"EntryPoint","urlTemplate":"https:\/\/enderg.com\/?s={search_term_string}"},"query-input":{"@type":"PropertyValueSpecification","valueRequired":true,"valueName":"search_term_string"}}],"inLanguage":"it-IT"},{"@type":"Organization","@id":"https:\/\/enderg.com\/#organization","name":"EnderG","url":"https:\/\/enderg.com\/","logo":{"@type":"ImageObject","inLanguage":"it-IT","@id":"https:\/\/enderg.com\/#\/schema\/logo\/image\/","url":"https:\/\/enderg.com\/wp-content\/uploads\/2023\/03\/222222222221.png","contentUrl":"https:\/\/enderg.com\/wp-content\/uploads\/2023\/03\/222222222221.png","width":512,"height":512,"caption":"EnderG"},"image":{"@id":"https:\/\/enderg.com\/#\/schema\/logo\/image\/"},"sameAs":["https:\/\/www.facebook.com\/Endergg1\/","https:\/\/www.instagram.com\/enderg01","https:\/\/www.youtube.com\/@enderg-com"],"description":"Il nostro obiettivo \u00e8 rendere il gioco pi\u00f9 economico!","legalName":"Vandar Limited","foundingDate":"2022-06-21"}]}},"jetpack_publicize_connections":[],"jetpack_likes_enabled":true,"jetpack_sharing_enabled":true,"jetpack-related-posts":[],"_links":{"self":[{"href":"https:\/\/enderg.com\/it\/wp-json\/wp\/v2\/product\/619","targetHints":{"allow":["GET"]}}],"collection":[{"href":"https:\/\/enderg.com\/it\/wp-json\/wp\/v2\/product"}],"about":[{"href":"https:\/\/enderg.com\/it\/wp-json\/wp\/v2\/types\/product"}],"replies":[{"embeddable":true,"href":"https:\/\/enderg.com\/it\/wp-json\/wp\/v2\/comments?post=619"}],"version-history":[{"count":15,"href":"https:\/\/enderg.com\/it\/wp-json\/wp\/v2\/product\/619\/revisions"}],"predecessor-version":[{"id":8720,"href":"https:\/\/enderg.com\/it\/wp-json\/wp\/v2\/product\/619\/revisions\/8720"}],"wp:featuredmedia":[{"embeddable":true,"href":"https:\/\/enderg.com\/it\/wp-json\/wp\/v2\/media\/1221"}],"wp:attachment":[{"href":"https:\/\/enderg.com\/it\/wp-json\/wp\/v2\/media?parent=619"}],"wp:term":[{"taxonomy":"product_brand","embeddable":true,"href":"https:\/\/enderg.com\/it\/wp-json\/wp\/v2\/product_brand?post=619"},{"taxonomy":"product_cat","embeddable":true,"href":"https:\/\/enderg.com\/it\/wp-json\/wp\/v2\/product_cat?post=619"},{"taxonomy":"product_tag","embeddable":true,"href":"https:\/\/enderg.com\/it\/wp-json\/wp\/v2\/product_tag?post=619"}],"curies":[{"name":"wp","href":"https:\/\/api.w.org\/{rel}","templated":true}]}}