{"id":427,"date":"2022-08-07T02:56:31","date_gmt":"2022-08-06T23:56:31","guid":{"rendered":"https:\/\/enderg.com\/?post_type=product&#038;p=427"},"modified":"2024-06-26T01:45:58","modified_gmt":"2024-06-25T22:45:58","slug":"morto-alla-luce-del-giorno","status":"publish","type":"product","link":"https:\/\/enderg.com\/it\/product\/dead-by-daylight\/","title":{"rendered":"Morto alla luce del giorno"},"content":{"rendered":"<div data-elementor-type=\"wp-post\" data-elementor-id=\"427\" class=\"elementor elementor-427\" data-elementor-post-type=\"product\">\n\t\t\t\t\t\t<section class=\"elementor-section elementor-top-section elementor-element elementor-element-2e6aeed0 elementor-section-boxed elementor-section-height-default elementor-section-height-default\" data-id=\"2e6aeed0\" data-element_type=\"section\" data-e-type=\"section\">\n\t\t\t\t\t\t<div class=\"elementor-container elementor-column-gap-default\">\n\t\t\t\t\t<div class=\"elementor-column elementor-col-100 elementor-top-column elementor-element elementor-element-5f0e22ea\" data-id=\"5f0e22ea\" data-element_type=\"column\" data-e-type=\"column\">\n\t\t\t<div class=\"elementor-widget-wrap elementor-element-populated\">\n\t\t\t\t\t\t<div class=\"elementor-element elementor-element-3b3ee5f8 elementor-widget elementor-widget-accordion\" data-id=\"3b3ee5f8\" data-element_type=\"widget\" data-e-type=\"widget\" data-widget_type=\"accordion.default\">\n\t\t\t\t<div class=\"elementor-widget-container\">\n\t\t\t\t\t\t\t<div class=\"elementor-accordion\">\n\t\t\t\t\t\t\t<div class=\"elementor-accordion-item\">\n\t\t\t\t\t<h4 id=\"elementor-tab-title-9931\" class=\"elementor-tab-title\" data-tab=\"1\" role=\"button\" aria-controls=\"elementor-tab-content-9931\" aria-expanded=\"false\">\n\t\t\t\t\t\t\t\t\t\t\t\t\t<span class=\"elementor-accordion-icon elementor-accordion-icon-left\" aria-hidden=\"true\">\n\t\t\t\t\t\t\t\t\t\t\t\t\t\t\t<span class=\"elementor-accordion-icon-closed\"><i class=\"fas fa-truck\"><\/i><\/span>\n\t\t\t\t\t\t\t\t<span class=\"elementor-accordion-icon-opened\"><i class=\"fas fa-truck\"><\/i><\/span>\n\t\t\t\t\t\t\t\t\t\t\t\t\t\t<\/span>\n\t\t\t\t\t\t\t\t\t\t\t\t<a class=\"elementor-accordion-title\" tabindex=\"0\">Consegna veloce<\/a>\n\t\t\t\t\t<\/h4>\n\t\t\t\t\t<div id=\"elementor-tab-content-9931\" class=\"elementor-tab-content elementor-clearfix\" data-tab=\"1\" role=\"region\" aria-labelledby=\"elementor-tab-title-9931\"><p>La consegna pu\u00f2 richiedere da 5 a 20 minuti, a seconda del tuo posto nella nostra coda<\/p><p>Il tuo ordine verr\u00e0 \"rimborsato automaticamente\" nel caso in cui non venga consegnato dopo 12 ore!<\/p><\/div>\n\t\t\t\t<\/div>\n\t\t\t\t\t\t\t\t<\/div>\n\t\t\t\t\t\t<\/div>\n\t\t\t\t<\/div>\n\t\t\t\t<div class=\"elementor-element elementor-element-462a4785 elementor-widget elementor-widget-accordion\" data-id=\"462a4785\" data-element_type=\"widget\" data-e-type=\"widget\" data-widget_type=\"accordion.default\">\n\t\t\t\t<div class=\"elementor-widget-container\">\n\t\t\t\t\t\t\t<div class=\"elementor-accordion\">\n\t\t\t\t\t\t\t<div class=\"elementor-accordion-item\">\n\t\t\t\t\t<h4 id=\"elementor-tab-title-1171\" class=\"elementor-tab-title\" data-tab=\"1\" role=\"button\" aria-controls=\"elementor-tab-content-1171\" aria-expanded=\"false\">\n\t\t\t\t\t\t\t\t\t\t\t\t\t<span class=\"elementor-accordion-icon elementor-accordion-icon-left\" aria-hidden=\"true\">\n\t\t\t\t\t\t\t\t\t\t\t\t\t\t\t<span class=\"elementor-accordion-icon-closed\"><i class=\"fab fa-xbox\"><\/i><\/span>\n\t\t\t\t\t\t\t\t<span class=\"elementor-accordion-icon-opened\"><i class=\"fab fa-xbox\"><\/i><\/span>\n\t\t\t\t\t\t\t\t\t\t\t\t\t\t<\/span>\n\t\t\t\t\t\t\t\t\t\t\t\t<a class=\"elementor-accordion-title\" tabindex=\"0\">Come Attivare<\/a>\n\t\t\t\t\t<\/h4>\n\t\t\t\t\t<div id=\"elementor-tab-content-1171\" class=\"elementor-tab-content elementor-clearfix\" data-tab=\"1\" role=\"region\" aria-labelledby=\"elementor-tab-title-1171\"><p>1- Apri una VPN e connettiti al server specificato nella tua e-mail dopo aver effettuato l&#039;ordine.<\/p><p>2- Fare clic su questo\u00a0<a title=\"https:\/\/account.microsoft.com\/billing\/redeem?refd=login.live.com\" href=\"https:\/\/account.microsoft.com\/billing\/redeem?refd=login.live.com\"><strong>Collegamento<\/strong><\/a>\u00a0&amp; Accedi al tuo account e poi riscatta la chiave che hai ricevuto!<\/p><p>3- Divertiti!<\/p><\/div>\n\t\t\t\t<\/div>\n\t\t\t\t\t\t\t\t<\/div>\n\t\t\t\t\t\t<\/div>\n\t\t\t\t<\/div>\n\t\t\t\t\t<\/div>\n\t\t<\/div>\n\t\t\t\t\t<\/div>\n\t\t<\/section>\n\t\t\t\t<section class=\"elementor-section elementor-top-section elementor-element elementor-element-32ed8a6e elementor-section-boxed elementor-section-height-default elementor-section-height-default\" data-id=\"32ed8a6e\" data-element_type=\"section\" data-e-type=\"section\">\n\t\t\t\t\t\t<div class=\"elementor-container elementor-column-gap-default\">\n\t\t\t\t\t<div class=\"elementor-column elementor-col-100 elementor-top-column elementor-element elementor-element-57b3362e\" data-id=\"57b3362e\" data-element_type=\"column\" data-e-type=\"column\">\n\t\t\t<div class=\"elementor-widget-wrap elementor-element-populated\">\n\t\t\t\t\t\t<div class=\"elementor-element elementor-element-c9693 elementor-widget elementor-widget-text-editor\" data-id=\"c9693\" data-element_type=\"widget\" data-e-type=\"widget\" data-widget_type=\"text-editor.default\">\n\t\t\t\t<div class=\"elementor-widget-container\">\n\t\t\t\t\t\t\t\t\t<div class=\"game_page_autocollapse_ctn expanded\"><div id=\"aboutThisGame\" class=\"game_page_autocollapse\" data-panel=\"{&quot;type&quot;:&quot;PanelGroup&quot;}\"><div id=\"game_area_description\" class=\"game_area_description\"><h4 style=\"text-align: center;\"><strong style=\"font-size: 1.41575em;\">SU QUESTO GIOCO<\/strong><\/h4><p><img decoding=\"async\" data-recalc-dims=\"1\" data-src=\"https:\/\/i0.wp.com\/cdn.cloudflare.steamstatic.com\/steam\/apps\/381210\/extras\/DeadbyDaylight_anime_Intro_Steam.jpg?w=980&#038;ssl=1\" src=\"data:image\/svg+xml;base64,PHN2ZyB3aWR0aD0iMSIgaGVpZ2h0PSIxIiB4bWxucz0iaHR0cDovL3d3dy53My5vcmcvMjAwMC9zdmciPjwvc3ZnPg==\" class=\"lazyload\" \/><\/p><h2 class=\"bb_tag\">La morte non \u00e8 una fuga.<\/h2><p>Dead by Daylight \u00e8 un gioco horror multiplayer (4vs1) in cui un giocatore assume il ruolo del selvaggio Killer, e gli altri quattro giocatori giocano come Sopravvissuti, cercando di sfuggire al Killer ed evitare di essere catturati, torturati e uccisi.<\/p><p>I sopravvissuti giocano in terza persona e hanno il vantaggio di una migliore consapevolezza della situazione. Il Killer gioca in prima persona ed \u00e8 pi\u00f9 concentrato sulla preda.<\/p><p>L&#039;obiettivo dei Sopravvissuti in ogni incontro \u00e8 fuggire dal Killing Ground senza essere catturati dal Killer: qualcosa che sembra pi\u00f9 facile di quanto non sia, soprattutto quando l&#039;ambiente cambia ogni volta che giochi.<\/p><p>Maggiori informazioni sul gioco sono disponibili su\u00a0<a href=\"https:\/\/steamcommunity.com\/linkfilter\/?url=http:\/\/www.deadbydaylight.com\" target=\"_blank\" rel=\"noopener\">http:\/\/www.deadbydaylight.com<\/a><\/p><h2 class=\"bb_tag\">Caratteristiche principali<\/h2><p>\u2022\u00a0<strong>Sopravvivere insieme... oppure no<\/strong>\u00a0\u2013 I sopravvissuti possono collaborare con gli altri o essere egoisti. Le tue possibilit\u00e0 di sopravvivenza varieranno a seconda che lavori insieme come una squadra o se lo fai da solo. Riuscirai a sconfiggere il Killer e a fuggire dal Killing Ground?<\/p><p>\u2022\u00a0<strong>Dove sono?<\/strong>\u00a0\u2013 Ogni livello \u00e8 generato proceduralmente, quindi non saprai mai cosa aspettarti. I punti di spawn casuali significano che non ti sentirai mai al sicuro poich\u00e9 il mondo e il suo pericolo cambiano ogni volta che giochi.<\/p><p>\u2022\u00a0<strong>Una festa per gli assassini<\/strong>\u00a0\u2013 Dead by Daylight attinge da tutti gli angoli del mondo dell&#039;orrore. Come Killer puoi giocare nei panni di qualsiasi cosa, da un potente Slasher a terrificanti entit\u00e0 paranormali. Acquisisci familiarit\u00e0 con i tuoi Killing Grounds e padroneggia il potere unico di ogni Killer per poter cacciare, catturare e sacrificare le tue vittime.<\/p><p><img decoding=\"async\" data-recalc-dims=\"1\" data-src=\"https:\/\/i0.wp.com\/cdn.cloudflare.steamstatic.com\/steam\/apps\/381210\/extras\/DBD_HillB_Trapper_Wraith_anime_Steam.jpg?w=980&#038;ssl=1\" src=\"data:image\/svg+xml;base64,PHN2ZyB3aWR0aD0iMSIgaGVpZ2h0PSIxIiB4bWxucz0iaHR0cDovL3d3dy53My5vcmcvMjAwMC9zdmciPjwvc3ZnPg==\" class=\"lazyload\" \/><\/p><p>\u2022\u00a0<strong>Sempre pi\u00f9 profondo<\/strong>\u00a0\u2013 Ogni killer e sopravvissuto ha il proprio sistema di progressione profondo e numerosi sbloccabili che possono essere personalizzati per adattarsi alla tua strategia personale. Esperienza, abilit\u00e0 e comprensione dell&#039;ambiente sono fondamentali per poter dare la caccia o superare in astuzia il killer.<\/p><p>\u2022\u00a0<strong>Persone vere, paura vera<\/strong>\u00a0\u2013 I livelli procedurali e le reali reazioni umane al puro horror rendono ogni sessione di gioco uno scenario inaspettato. Non potrai mai sapere come andr\u00e0 a finire. L&#039;atmosfera, la musica e gli ambienti agghiaccianti si combinano in un&#039;esperienza terrificante. Con abbastanza tempo, potresti persino scoprire cosa si nasconde nella nebbia.<\/p><p><strong>ATTENZIONE: CRISI DI FOTOSENSIBILIT\u00c0\/EPILESSIA \u2013 LEGGERE QUESTO AVVISO PRIMA DI GIOCARE<\/strong><\/p><p><i>Una percentuale molto piccola di persone pu\u00f2 manifestare attacchi epilettici o svenimenti se esposta a determinati tipi di luci lampeggianti o schemi luminosi. Queste persone, o anche le persone che non hanno precedenti di convulsioni o epilessia, potrebbero manifestare sintomi o convulsioni epilettiche mentre giocano ai videogiochi. Se tu o qualcuno dei tuoi parenti soffrite di epilessia o avete avuto convulsioni di qualsiasi tipo, consultate il vostro medico prima di giocare a qualsiasi videogioco.<\/i><\/p><p>INTERROMPERE IMMEDIATAMENTE l&#039;uso e consultare un medico se voi o il vostro bambino sperimentate uno dei seguenti sintomi: vertigini, visione alterata, contrazioni oculari o muscolari, movimenti involontari, perdita di coscienza, disorientamento o convulsioni. I genitori dovrebbero prestare attenzione o chiedere ai propri figli i sintomi di cui sopra.<\/p><p>\u00c8 possibile ridurre il rischio di attacchi epilettici dovuti alla fotosensibilit\u00e0 adottando le seguenti precauzioni: sedersi pi\u00f9 lontano dallo schermo, utilizzare uno schermo pi\u00f9 piccolo, giocare in una stanza ben illuminata, non giocare quando si \u00e8 sonnolenti o stanchi.<\/p><\/div><\/div><\/div><div class=\"game_page_autocollapse_ctn\"><div class=\"game_page_autocollapse\"><div id=\"game_area_content_descriptors\" class=\"game_area_description\"><h2>DESCRIZIONE DEI CONTENUTI MATURI<\/h2><p>Gli sviluppatori descrivono il contenuto in questo modo:<\/p><p><i>Questo gioco potrebbe contenere contenuti non adatti a tutte le et\u00e0 o potrebbe non essere appropriato per la visione al lavoro: violenza frequente o contenuti cruenti, contenuti generici per adulti<\/i><\/p><\/div><\/div><\/div><div class=\"game_page_autocollapse_ctn collapsed\"><div class=\"game_page_autocollapse sys_req\"><h2><iframe title=\"Riproduttore video di YouTube\" data-src=\"https:\/\/www.youtube.com\/embed\/JGhIXLO3ul8\" width=\"560\" height=\"315\" frameborder=\"0\" allowfullscreen=\"allowfullscreen\" src=\"data:image\/svg+xml;base64,PHN2ZyB3aWR0aD0iMSIgaGVpZ2h0PSIxIiB4bWxucz0iaHR0cDovL3d3dy53My5vcmcvMjAwMC9zdmciPjwvc3ZnPg==\" class=\"lazyload\" data-load-mode=\"1\"><\/iframe><\/h2><h2>REQUISITI DI SISTEMA<\/h2><div class=\"sysreq_contents\"><div class=\"game_area_sys_req sysreq_content active\" data-os=\"win\"><div class=\"game_area_sys_req_leftCol\"><p><strong>MINIMO:<\/strong><\/p><ul><li style=\"list-style-type: none;\"><ul class=\"bb_ul\"><li>Richiede un processore e un sistema operativo a 64 bit<\/li><li><strong>Sistema operativo:<\/strong>\u00a0Sistema operativo Windows 10 a 64 bit<\/li><li><strong>Processore:<\/strong>\u00a0Intel Core i3-4170 o AMD FX-8120<\/li><li><strong>Memoria:<\/strong>\u00a08 GB di RAM<\/li><li><strong>Grafica:<\/strong>\u00a0Compatibile con DX11 GeForce GTX 460 1 GB o AMD HD 6850 1 GB<\/li><li><strong>DirectX:<\/strong>\u00a0Versione 11<\/li><li><strong>Rete:<\/strong>\u00a0Connessione Internet a banda larga<\/li><li><strong>Magazzinaggio:<\/strong>\u00a050 GB di spazio disponibile<\/li><li><strong>Scheda audio:<\/strong>\u00a0Compatibile con DX11<\/li><li><strong>Note aggiuntive:<\/strong>\u00a0Con questi requisiti, si consiglia di giocare con impostazioni di qualit\u00e0 bassa.<\/li><\/ul><\/li><\/ul><\/div><div class=\"game_area_sys_req_rightCol\"><p><strong>CONSIGLIATO:<\/strong><\/p><ul><li style=\"list-style-type: none;\"><ul class=\"bb_ul\"><li>Richiede un processore e un sistema operativo a 64 bit<\/li><li><strong>Sistema operativo:<\/strong>\u00a0Sistema operativo Windows 10 a 64 bit<\/li><li><strong>Processore:<\/strong>\u00a0Intel Core i3-4170 o AMD FX-8300 o superiore<\/li><li><strong>Memoria:<\/strong>\u00a08 GB di RAM<\/li><li><strong>Grafica:<\/strong>\u00a0Compatibile con DX11 GeForce 760 o AMD HD 8800 o successiva con 4 GB di RAM<\/li><li><strong>DirectX:<\/strong>\u00a0Versione 11<\/li><li><strong>Rete:<\/strong>\u00a0Connessione Internet a banda larga<\/li><li><strong>Magazzinaggio:<\/strong>\u00a050 GB di spazio disponibile<\/li><li><strong>Scheda audio:<\/strong>\u00a0Compatibile con DX11<\/li><\/ul><\/li><\/ul><\/div><div>\u00a0<\/div><\/div><\/div><\/div><div class=\"game_page_autocollapse_fade\">\u00a0<\/div><\/div>\t\t\t\t\t\t\t\t<\/div>\n\t\t\t\t<\/div>\n\t\t\t\t\t<\/div>\n\t\t<\/div>\n\t\t\t\t\t<\/div>\n\t\t<\/section>\n\t\t\t\t<\/div>","protected":false},"excerpt":{"rendered":"<p>Fast Delivery Delivery can take 5 to 20 minutes, according to your place in our queue Your Order will be \u2018Auto Refunded\u2019 in case it does not get delivered after 12 hours! How To Activate 1- Open up a VPN and connect to the server specified in your email after placing your order. 2- Click [&hellip;]<\/p>\n","protected":false},"featured_media":857,"comment_status":"closed","ping_status":"closed","template":"","meta":{"_crdt_document":"","jetpack_publicize_message":"","jetpack_publicize_feature_enabled":true,"jetpack_social_post_already_shared":true,"jetpack_social_options":{"image_generator_settings":{"template":"highway","default_image_id":0,"font":"","enabled":false},"version":2},"_wpas_customize_per_network":false},"product_brand":[],"product_cat":[1375,1374],"product_tag":[],"class_list":{"0":"post-427","1":"product","2":"type-product","3":"status-publish","4":"has-post-thumbnail","6":"product_cat-pc","7":"product_cat-xbox","9":"first","10":"outofstock","11":"sale","12":"taxable","13":"shipping-taxable","14":"purchasable","15":"product-type-variable","16":"has-default-attributes"},"yoast_head":"<!-- This site is optimized with the Yoast SEO Premium plugin v27.4 (Yoast SEO v27.4) - https:\/\/yoast.com\/product\/yoast-seo-premium-wordpress\/ -->\n<title>Dead by Daylight - EnderG<\/title>\n<meta name=\"robots\" content=\"index, follow, max-snippet:-1, max-image-preview:large, max-video-preview:-1\" \/>\n<link rel=\"canonical\" href=\"https:\/\/enderg.com\/it\/product\/morto-alla-luce-del-giorno\/\" \/>\n<meta property=\"og:locale\" content=\"it_IT\" \/>\n<meta property=\"og:type\" content=\"article\" \/>\n<meta property=\"og:title\" content=\"Dead by Daylight\" \/>\n<meta property=\"og:description\" content=\"Fast Delivery Delivery can take 5 to 20 minutes, according to your place in our queue Your Order will be \u2018Auto Refunded\u2019 in case it does not get delivered after 12 hours! How To Activate 1- Open up a VPN and connect to the server specified in your email after placing your order. 2- Click [&hellip;]\" \/>\n<meta property=\"og:url\" content=\"https:\/\/enderg.com\/it\/product\/morto-alla-luce-del-giorno\/\" \/>\n<meta property=\"og:site_name\" content=\"EnderG\" \/>\n<meta property=\"article:publisher\" content=\"https:\/\/www.facebook.com\/Endergg1\/\" \/>\n<meta property=\"article:modified_time\" content=\"2024-06-25T22:45:58+00:00\" \/>\n<meta property=\"og:image\" content=\"https:\/\/enderg.com\/wp-content\/uploads\/2022\/08\/dead-by-daylight-buttonjpg-da8075.jpg\" \/>\n\t<meta property=\"og:image:width\" content=\"2000\" \/>\n\t<meta property=\"og:image:height\" content=\"2000\" \/>\n\t<meta property=\"og:image:type\" content=\"image\/jpeg\" \/>\n<meta name=\"twitter:card\" content=\"summary_large_image\" \/>\n<meta name=\"twitter:label1\" content=\"Tempo di lettura stimato\" \/>\n\t<meta name=\"twitter:data1\" content=\"5 minuti\" \/>\n<script type=\"application\/ld+json\" class=\"yoast-schema-graph\">{\"@context\":\"https:\\\/\\\/schema.org\",\"@graph\":[{\"@type\":\"WebPage\",\"@id\":\"https:\\\/\\\/enderg.com\\\/product\\\/dead-by-daylight\\\/\",\"url\":\"https:\\\/\\\/enderg.com\\\/product\\\/dead-by-daylight\\\/\",\"name\":\"Dead by Daylight - EnderG\",\"isPartOf\":{\"@id\":\"https:\\\/\\\/enderg.com\\\/#website\"},\"primaryImageOfPage\":{\"@id\":\"https:\\\/\\\/enderg.com\\\/product\\\/dead-by-daylight\\\/#primaryimage\"},\"image\":{\"@id\":\"https:\\\/\\\/enderg.com\\\/product\\\/dead-by-daylight\\\/#primaryimage\"},\"thumbnailUrl\":\"https:\\\/\\\/i0.wp.com\\\/enderg.com\\\/wp-content\\\/uploads\\\/2022\\\/08\\\/dead-by-daylight-buttonjpg-da8075.jpg?fit=2000%2C2000&ssl=1\",\"datePublished\":\"2022-08-06T23:56:31+00:00\",\"dateModified\":\"2024-06-25T22:45:58+00:00\",\"breadcrumb\":{\"@id\":\"https:\\\/\\\/enderg.com\\\/product\\\/dead-by-daylight\\\/#breadcrumb\"},\"inLanguage\":\"it-IT\",\"potentialAction\":[{\"@type\":\"ReadAction\",\"target\":[\"https:\\\/\\\/enderg.com\\\/product\\\/dead-by-daylight\\\/\"]}]},{\"@type\":\"ImageObject\",\"inLanguage\":\"it-IT\",\"@id\":\"https:\\\/\\\/enderg.com\\\/product\\\/dead-by-daylight\\\/#primaryimage\",\"url\":\"https:\\\/\\\/i0.wp.com\\\/enderg.com\\\/wp-content\\\/uploads\\\/2022\\\/08\\\/dead-by-daylight-buttonjpg-da8075.jpg?fit=2000%2C2000&ssl=1\",\"contentUrl\":\"https:\\\/\\\/i0.wp.com\\\/enderg.com\\\/wp-content\\\/uploads\\\/2022\\\/08\\\/dead-by-daylight-buttonjpg-da8075.jpg?fit=2000%2C2000&ssl=1\",\"width\":2000,\"height\":2000},{\"@type\":\"BreadcrumbList\",\"@id\":\"https:\\\/\\\/enderg.com\\\/product\\\/dead-by-daylight\\\/#breadcrumb\",\"itemListElement\":[{\"@type\":\"ListItem\",\"position\":1,\"name\":\"Home\",\"item\":\"https:\\\/\\\/enderg.com\\\/\"},{\"@type\":\"ListItem\",\"position\":2,\"name\":\"Shop\",\"item\":\"https:\\\/\\\/enderg.com\\\/shop\\\/\"},{\"@type\":\"ListItem\",\"position\":3,\"name\":\"Dead by Daylight\"}]},{\"@type\":\"WebSite\",\"@id\":\"https:\\\/\\\/enderg.com\\\/#website\",\"url\":\"https:\\\/\\\/enderg.com\\\/\",\"name\":\"EnderG\",\"description\":\"Cheaper Is What We Do!\",\"publisher\":{\"@id\":\"https:\\\/\\\/enderg.com\\\/#organization\"},\"potentialAction\":[{\"@type\":\"SearchAction\",\"target\":{\"@type\":\"EntryPoint\",\"urlTemplate\":\"https:\\\/\\\/enderg.com\\\/?s={search_term_string}\"},\"query-input\":{\"@type\":\"PropertyValueSpecification\",\"valueRequired\":true,\"valueName\":\"search_term_string\"}}],\"inLanguage\":\"it-IT\"},{\"@type\":\"Organization\",\"@id\":\"https:\\\/\\\/enderg.com\\\/#organization\",\"name\":\"EnderG\",\"url\":\"https:\\\/\\\/enderg.com\\\/\",\"logo\":{\"@type\":\"ImageObject\",\"inLanguage\":\"it-IT\",\"@id\":\"https:\\\/\\\/enderg.com\\\/#\\\/schema\\\/logo\\\/image\\\/\",\"url\":\"https:\\\/\\\/enderg.com\\\/wp-content\\\/uploads\\\/2023\\\/03\\\/222222222221.png\",\"contentUrl\":\"https:\\\/\\\/enderg.com\\\/wp-content\\\/uploads\\\/2023\\\/03\\\/222222222221.png\",\"width\":512,\"height\":512,\"caption\":\"EnderG\"},\"image\":{\"@id\":\"https:\\\/\\\/enderg.com\\\/#\\\/schema\\\/logo\\\/image\\\/\"},\"sameAs\":[\"https:\\\/\\\/www.facebook.com\\\/Endergg1\\\/\",\"https:\\\/\\\/www.instagram.com\\\/enderg01\",\"https:\\\/\\\/www.youtube.com\\\/@enderg-com\"],\"description\":\"Cheaper Gaming is what we do!\",\"legalName\":\"Vandar Limited\",\"foundingDate\":\"2022-06-21\"}]}<\/script>\n<!-- \/ Yoast SEO Premium plugin. -->","yoast_head_json":{"title":"Morto alla luce del giorno - EnderG","robots":{"index":"index","follow":"follow","max-snippet":"max-snippet:-1","max-image-preview":"max-image-preview:large","max-video-preview":"max-video-preview:-1"},"canonical":"https:\/\/enderg.com\/it\/product\/morto-alla-luce-del-giorno\/","og_locale":"it_IT","og_type":"article","og_title":"Dead by Daylight","og_description":"Fast Delivery Delivery can take 5 to 20 minutes, according to your place in our queue Your Order will be \u2018Auto Refunded\u2019 in case it does not get delivered after 12 hours! How To Activate 1- Open up a VPN and connect to the server specified in your email after placing your order. 2- Click [&hellip;]","og_url":"https:\/\/enderg.com\/it\/product\/morto-alla-luce-del-giorno\/","og_site_name":"EnderG","article_publisher":"https:\/\/www.facebook.com\/Endergg1\/","article_modified_time":"2024-06-25T22:45:58+00:00","og_image":[{"width":2000,"height":2000,"url":"https:\/\/enderg.com\/wp-content\/uploads\/2022\/08\/dead-by-daylight-buttonjpg-da8075.jpg","type":"image\/jpeg"}],"twitter_card":"summary_large_image","twitter_misc":{"Tempo di lettura stimato":"5 minuti"},"schema":{"@context":"https:\/\/schema.org","@graph":[{"@type":"WebPage","@id":"https:\/\/enderg.com\/product\/dead-by-daylight\/","url":"https:\/\/enderg.com\/product\/dead-by-daylight\/","name":"Morto alla luce del giorno - EnderG","isPartOf":{"@id":"https:\/\/enderg.com\/#website"},"primaryImageOfPage":{"@id":"https:\/\/enderg.com\/product\/dead-by-daylight\/#primaryimage"},"image":{"@id":"https:\/\/enderg.com\/product\/dead-by-daylight\/#primaryimage"},"thumbnailUrl":"https:\/\/i0.wp.com\/enderg.com\/wp-content\/uploads\/2022\/08\/dead-by-daylight-buttonjpg-da8075.jpg?fit=2000%2C2000&ssl=1","datePublished":"2022-08-06T23:56:31+00:00","dateModified":"2024-06-25T22:45:58+00:00","breadcrumb":{"@id":"https:\/\/enderg.com\/product\/dead-by-daylight\/#breadcrumb"},"inLanguage":"it-IT","potentialAction":[{"@type":"ReadAction","target":["https:\/\/enderg.com\/product\/dead-by-daylight\/"]}]},{"@type":"ImageObject","inLanguage":"it-IT","@id":"https:\/\/enderg.com\/product\/dead-by-daylight\/#primaryimage","url":"https:\/\/i0.wp.com\/enderg.com\/wp-content\/uploads\/2022\/08\/dead-by-daylight-buttonjpg-da8075.jpg?fit=2000%2C2000&ssl=1","contentUrl":"https:\/\/i0.wp.com\/enderg.com\/wp-content\/uploads\/2022\/08\/dead-by-daylight-buttonjpg-da8075.jpg?fit=2000%2C2000&ssl=1","width":2000,"height":2000},{"@type":"BreadcrumbList","@id":"https:\/\/enderg.com\/product\/dead-by-daylight\/#breadcrumb","itemListElement":[{"@type":"ListItem","position":1,"name":"Home","item":"https:\/\/enderg.com\/"},{"@type":"ListItem","position":2,"name":"Shop","item":"https:\/\/enderg.com\/shop\/"},{"@type":"ListItem","position":3,"name":"Dead by Daylight"}]},{"@type":"WebSite","@id":"https:\/\/enderg.com\/#website","url":"https:\/\/enderg.com\/","name":"EnderG","description":"Quello che facciamo \u00e8 pi\u00f9 economico!","publisher":{"@id":"https:\/\/enderg.com\/#organization"},"potentialAction":[{"@type":"SearchAction","target":{"@type":"EntryPoint","urlTemplate":"https:\/\/enderg.com\/?s={search_term_string}"},"query-input":{"@type":"PropertyValueSpecification","valueRequired":true,"valueName":"search_term_string"}}],"inLanguage":"it-IT"},{"@type":"Organization","@id":"https:\/\/enderg.com\/#organization","name":"EnderG","url":"https:\/\/enderg.com\/","logo":{"@type":"ImageObject","inLanguage":"it-IT","@id":"https:\/\/enderg.com\/#\/schema\/logo\/image\/","url":"https:\/\/enderg.com\/wp-content\/uploads\/2023\/03\/222222222221.png","contentUrl":"https:\/\/enderg.com\/wp-content\/uploads\/2023\/03\/222222222221.png","width":512,"height":512,"caption":"EnderG"},"image":{"@id":"https:\/\/enderg.com\/#\/schema\/logo\/image\/"},"sameAs":["https:\/\/www.facebook.com\/Endergg1\/","https:\/\/www.instagram.com\/enderg01","https:\/\/www.youtube.com\/@enderg-com"],"description":"Il nostro obiettivo \u00e8 rendere il gioco pi\u00f9 economico!","legalName":"Vandar Limited","foundingDate":"2022-06-21"}]}},"jetpack_publicize_connections":[],"jetpack_likes_enabled":true,"jetpack_sharing_enabled":true,"jetpack-related-posts":[],"_links":{"self":[{"href":"https:\/\/enderg.com\/it\/wp-json\/wp\/v2\/product\/427","targetHints":{"allow":["GET"]}}],"collection":[{"href":"https:\/\/enderg.com\/it\/wp-json\/wp\/v2\/product"}],"about":[{"href":"https:\/\/enderg.com\/it\/wp-json\/wp\/v2\/types\/product"}],"replies":[{"embeddable":true,"href":"https:\/\/enderg.com\/it\/wp-json\/wp\/v2\/comments?post=427"}],"version-history":[{"count":9,"href":"https:\/\/enderg.com\/it\/wp-json\/wp\/v2\/product\/427\/revisions"}],"predecessor-version":[{"id":8805,"href":"https:\/\/enderg.com\/it\/wp-json\/wp\/v2\/product\/427\/revisions\/8805"}],"wp:featuredmedia":[{"embeddable":true,"href":"https:\/\/enderg.com\/it\/wp-json\/wp\/v2\/media\/857"}],"wp:attachment":[{"href":"https:\/\/enderg.com\/it\/wp-json\/wp\/v2\/media?parent=427"}],"wp:term":[{"taxonomy":"product_brand","embeddable":true,"href":"https:\/\/enderg.com\/it\/wp-json\/wp\/v2\/product_brand?post=427"},{"taxonomy":"product_cat","embeddable":true,"href":"https:\/\/enderg.com\/it\/wp-json\/wp\/v2\/product_cat?post=427"},{"taxonomy":"product_tag","embeddable":true,"href":"https:\/\/enderg.com\/it\/wp-json\/wp\/v2\/product_tag?post=427"}],"curies":[{"name":"wp","href":"https:\/\/api.w.org\/{rel}","templated":true}]}}