{"id":364,"date":"2022-08-07T01:13:09","date_gmt":"2022-08-06T22:13:09","guid":{"rendered":"https:\/\/enderg.com\/?post_type=product&#038;p=364"},"modified":"2024-06-26T01:45:59","modified_gmt":"2024-06-25T22:45:59","slug":"call-of-duty-ghosts","status":"publish","type":"product","link":"https:\/\/enderg.com\/it\/product\/call-of-duty-ghosts\/","title":{"rendered":"Call of Duty\u00ae: Ghosts"},"content":{"rendered":"<div data-elementor-type=\"wp-post\" data-elementor-id=\"364\" class=\"elementor elementor-364\" data-elementor-post-type=\"product\">\n\t\t\t\t\t\t<section class=\"elementor-section elementor-top-section elementor-element elementor-element-40f1291f elementor-section-boxed elementor-section-height-default elementor-section-height-default\" data-id=\"40f1291f\" data-element_type=\"section\" data-e-type=\"section\">\n\t\t\t\t\t\t<div class=\"elementor-container elementor-column-gap-default\">\n\t\t\t\t\t<div class=\"elementor-column elementor-col-100 elementor-top-column elementor-element elementor-element-3c53c717\" data-id=\"3c53c717\" data-element_type=\"column\" data-e-type=\"column\">\n\t\t\t<div class=\"elementor-widget-wrap elementor-element-populated\">\n\t\t\t\t\t\t<div class=\"elementor-element elementor-element-77ccf18e elementor-widget elementor-widget-accordion\" data-id=\"77ccf18e\" data-element_type=\"widget\" data-e-type=\"widget\" data-widget_type=\"accordion.default\">\n\t\t\t\t<div class=\"elementor-widget-container\">\n\t\t\t\t\t\t\t<div class=\"elementor-accordion\">\n\t\t\t\t\t\t\t<div class=\"elementor-accordion-item\">\n\t\t\t\t\t<h4 id=\"elementor-tab-title-2001\" class=\"elementor-tab-title\" data-tab=\"1\" role=\"button\" aria-controls=\"elementor-tab-content-2001\" aria-expanded=\"false\">\n\t\t\t\t\t\t\t\t\t\t\t\t\t<span class=\"elementor-accordion-icon elementor-accordion-icon-left\" aria-hidden=\"true\">\n\t\t\t\t\t\t\t\t\t\t\t\t\t\t\t<span class=\"elementor-accordion-icon-closed\"><i class=\"fas fa-truck\"><\/i><\/span>\n\t\t\t\t\t\t\t\t<span class=\"elementor-accordion-icon-opened\"><i class=\"fas fa-truck\"><\/i><\/span>\n\t\t\t\t\t\t\t\t\t\t\t\t\t\t<\/span>\n\t\t\t\t\t\t\t\t\t\t\t\t<a class=\"elementor-accordion-title\" tabindex=\"0\">Consegna veloce<\/a>\n\t\t\t\t\t<\/h4>\n\t\t\t\t\t<div id=\"elementor-tab-content-2001\" class=\"elementor-tab-content elementor-clearfix\" data-tab=\"1\" role=\"region\" aria-labelledby=\"elementor-tab-title-2001\"><p>La consegna pu\u00f2 richiedere da 5 a 20 minuti, a seconda del tuo posto nella nostra coda<\/p><p>Il tuo ordine verr\u00e0 \"rimborsato automaticamente\" nel caso in cui non venga consegnato dopo 12 ore!<\/p><\/div>\n\t\t\t\t<\/div>\n\t\t\t\t\t\t\t\t<\/div>\n\t\t\t\t\t\t<\/div>\n\t\t\t\t<\/div>\n\t\t\t\t<div class=\"elementor-element elementor-element-4143ac40 elementor-widget elementor-widget-accordion\" data-id=\"4143ac40\" data-element_type=\"widget\" data-e-type=\"widget\" data-widget_type=\"accordion.default\">\n\t\t\t\t<div class=\"elementor-widget-container\">\n\t\t\t\t\t\t\t<div class=\"elementor-accordion\">\n\t\t\t\t\t\t\t<div class=\"elementor-accordion-item\">\n\t\t\t\t\t<h4 id=\"elementor-tab-title-1091\" class=\"elementor-tab-title\" data-tab=\"1\" role=\"button\" aria-controls=\"elementor-tab-content-1091\" aria-expanded=\"false\">\n\t\t\t\t\t\t\t\t\t\t\t\t\t<span class=\"elementor-accordion-icon elementor-accordion-icon-left\" aria-hidden=\"true\">\n\t\t\t\t\t\t\t\t\t\t\t\t\t\t\t<span class=\"elementor-accordion-icon-closed\"><i class=\"fab fa-xbox\"><\/i><\/span>\n\t\t\t\t\t\t\t\t<span class=\"elementor-accordion-icon-opened\"><i class=\"fab fa-xbox\"><\/i><\/span>\n\t\t\t\t\t\t\t\t\t\t\t\t\t\t<\/span>\n\t\t\t\t\t\t\t\t\t\t\t\t<a class=\"elementor-accordion-title\" tabindex=\"0\">Come Attivare<\/a>\n\t\t\t\t\t<\/h4>\n\t\t\t\t\t<div id=\"elementor-tab-content-1091\" class=\"elementor-tab-content elementor-clearfix\" data-tab=\"1\" role=\"region\" aria-labelledby=\"elementor-tab-title-1091\"><p>1- Apri una VPN e connettiti al server specificato nella tua e-mail dopo aver effettuato l&#039;ordine.<\/p><p>2- Fare clic su questo\u00a0<a title=\"https:\/\/account.microsoft.com\/billing\/redeem?refd=login.live.com\" href=\"https:\/\/account.microsoft.com\/billing\/redeem?refd=login.live.com\"><strong>Collegamento<\/strong><\/a>\u00a0&amp; Accedi al tuo account e poi riscatta la chiave che hai ricevuto!<\/p><p>3- Divertiti!<\/p><\/div>\n\t\t\t\t<\/div>\n\t\t\t\t\t\t\t\t<\/div>\n\t\t\t\t\t\t<\/div>\n\t\t\t\t<\/div>\n\t\t\t\t\t<\/div>\n\t\t<\/div>\n\t\t\t\t\t<\/div>\n\t\t<\/section>\n\t\t\t\t<section class=\"elementor-section elementor-top-section elementor-element elementor-element-23fc72c4 elementor-section-boxed elementor-section-height-default elementor-section-height-default\" data-id=\"23fc72c4\" data-element_type=\"section\" data-e-type=\"section\">\n\t\t\t\t\t\t<div class=\"elementor-container elementor-column-gap-default\">\n\t\t\t\t\t<div class=\"elementor-column elementor-col-100 elementor-top-column elementor-element elementor-element-4aeb0ae7\" data-id=\"4aeb0ae7\" data-element_type=\"column\" data-e-type=\"column\">\n\t\t\t<div class=\"elementor-widget-wrap elementor-element-populated\">\n\t\t\t\t\t\t<div class=\"elementor-element elementor-element-1881fdaa elementor-widget elementor-widget-text-editor\" data-id=\"1881fdaa\" data-element_type=\"widget\" data-e-type=\"widget\" data-widget_type=\"text-editor.default\">\n\t\t\t\t<div class=\"elementor-widget-container\">\n\t\t\t\t\t\t\t\t\t<div class=\"game_page_autocollapse_ctn expanded\">\r\n<div id=\"aboutThisGame\" class=\"game_page_autocollapse\" data-panel=\"{&quot;type&quot;:&quot;PanelGroup&quot;}\">\r\n<div id=\"game_area_description\" class=\"game_area_description\">\r\n\r\nIn inferiorit\u00e0 numerica e senza armi, ma non in inferiorit\u00e0 numerica. Call of Duty\u00ae: Ghosts rappresenta uno straordinario passo avanti per uno dei pi\u00f9 grandi franchise di intrattenimento di tutti i tempi. Questo nuovo capitolo della serie Call of Duty\u00ae presenta una nuova dinamica in cui i giocatori si schierano dalla parte di una nazione paralizzata che lotta non per la libert\u00e0, o l&#039;indipendenza, ma semplicemente per sopravvivere. Ad alimentare questa nuovissima esperienza di Call of Duty, il nuovo motore di nuova generazione del franchise offre livelli sorprendenti di immersione e prestazioni, il tutto mantenendo la velocit\u00e0 e la fluidit\u00e0 di 60 fotogrammi al secondo su tutte le piattaforme.\r\n\r\n<strong>Campagna per giocatore singolo<\/strong>\r\n<ul class=\"bb_ul\">\r\n \t<li>Dieci anni dopo un devastante evento di massa, i confini dell\u2019America e gli equilibri del potere globale sono cambiati per sempre. Come ci\u00f2 che resta delle forze per le operazioni speciali della nazione, un misterioso gruppo conosciuto solo come &quot;Ghosts&quot; guida la lotta contro una potenza globale appena emersa e tecnologicamente superiore.<\/li>\r\n \t<li>Un nuovo universo di Call of Duty: per la prima volta nella storia del franchise, i giocatori assumeranno il ruolo di perdente con Call of Duty: Ghosts; In inferiorit\u00e0 numerica e senza armi, i giocatori devono combattere per rivendicare una nazione caduta in una narrazione intensamente personale. I giocatori potranno conoscere un cast di personaggi completamente nuovi e visitare luoghi in un mondo cambiato, diverso da qualsiasi cosa vista prima in Call of Duty\u00ae.<\/li>\r\n<\/ul>\r\n<strong>Multigiocatore<\/strong>\r\n<ul class=\"bb_ul\">\r\n \t<li>In Call of Duty: Ghosts non crei solo una classe, crei un soldato, una novit\u00e0 assoluta per il franchise. Nel nuovo sistema Create-A-Soldier, i giocatori possono cambiare l&#039;aspetto fisico del proprio soldato scegliendo la testa, il tipo di corporatura, l&#039;equipaggiamento per la testa e l&#039;equipaggiamento e, per la prima volta in un gioco Call of Duty\u00ae, il giocatore pu\u00f2 anche scegliere il loro genere. Con 20.000 combinazioni possibili, questa \u00e8 la personalizzazione del personaggio pi\u00f9 flessibile e completa nella storia di Call of Duty.<\/li>\r\n \t<li>Le nuove mappe dinamiche sono l&#039;evoluzione del multiplayer. Includono elementi interattivi ed eventi attivati dai giocatori che fanno evolvere l&#039;ambiente man mano che ogni partita va avanti. L&#039;intero panorama pu\u00f2 cambiare e costringere i giocatori a cambiare tattiche e strategie.<\/li>\r\n \t<li>Call of Duty: Ghosts introduce nuovi movimenti tattici dei giocatori. Il nuovo sistema di inclinazione contestuale ora consente ai giocatori di aggirare gli ostacoli senza aggiungere combinazioni di pulsanti o uscire completamente dalla copertura. Il nuovo sistema di rivestimento consente movimenti fluidi sugli oggetti, pur mantenendo lo slancio. Lo scorrimento del ginocchio consente una transizione naturale dallo sprint da accovacciato a prono.<\/li>\r\n \t<li>Call of Duty: Ghosts offre oltre 20 NUOVE serie di uccisioni come Juggernaut Maniac, Helo Scout, Vulture e ODIN Strike. I giocatori possono anche portare con s\u00e9 il cane da guardia Riley, dalla campagna per giocatore singolo, per proteggere e anche attaccare i nemici. Ci sono anche oltre 30 NUOVE armi, inclusa una classe di armi completamente nuova: i fucili da tiratore.<\/li>\r\n<\/ul>\r\n<strong>Squadre<\/strong>\r\n<ul class=\"bb_ul\">\r\n \t<li>Costruisci la tua squadra e porta fino a 6 membri in battaglia nella nuovissima modalit\u00e0 Squadre. Questa modalit\u00e0 prende gli aspetti migliori dell&#039;esperienza multiplayer e ti consente di giocare da solo o in cooperativa con i soldati personalizzati creati e fatti salire di livello in multiplayer.<\/li>\r\n \t<li>Le scelte di equipaggiamento che farai per i membri della tua squadra cambieranno direttamente il comportamento dell&#039;IA dei tuoi compagni di squadra. Dai al tuo soldato un fucile da cecchino e si comporter\u00e0 come un cecchino, e un ragazzo SMG sar\u00e0 pi\u00f9 corri e spara.<\/li>\r\n<\/ul>\r\n<\/div>\r\n<\/div>\r\n<\/div>\r\n<div class=\"game_page_autocollapse_ctn\">\r\n<div class=\"game_page_autocollapse sys_req\">\r\n<h2><iframe title=\"Trailer di presentazione ufficiale | Call of Duty Ghosts\" data-src=\"https:\/\/www.youtube.com\/embed\/Zxnx3W-HA18\" width=\"1280\" height=\"720\" frameborder=\"0\" allowfullscreen=\"allowfullscreen\" src=\"data:image\/svg+xml;base64,PHN2ZyB3aWR0aD0iMSIgaGVpZ2h0PSIxIiB4bWxucz0iaHR0cDovL3d3dy53My5vcmcvMjAwMC9zdmciPjwvc3ZnPg==\" class=\"lazyload\" data-load-mode=\"1\"><\/iframe><\/h2>\r\n<h2>REQUISITI DI SISTEMA<\/h2>\r\n<div class=\"sysreq_contents\">\r\n<div class=\"game_area_sys_req sysreq_content active\" data-os=\"win\">\r\n<div class=\"game_area_sys_req_leftCol\"><strong>MINIMO<\/strong>\r\n<ul>\r\n \t<li style=\"list-style-type: none;\">\r\n<ul class=\"bb_ul\">\r\n \t<li><strong>sistema operativo<\/strong>: Windows 7 a 64 bit \/ Windows 8 a 64 bit\r\n<strong>processore<\/strong>: Intel\u00ae Core\u2122 2 Duo E8200 2,66 GHZ \/ AMD Phenom\u2122 X3 8750 2,4 GHZ o superiore\r\n<strong>RAM<\/strong>: 6 GB di RAM\r\n<strong>HDD<\/strong>\u00a0: 40 GB di spazio su disco rigido\r\n<strong>video<\/strong>: NVIDIA\u00ae GeForce\u2122 GTS 450 \/ ATI\u00ae Radeon\u2122 HD 5870 o superiore\r\n<strong>Suono<\/strong>: scheda audio compatibile con DirectX\u00ae\r\n<strong>DirectX\u00ae<\/strong>: DirectX\u00ae11\r\n<strong>Internet<\/strong>: connessione a banda larga e servizio richiesti per la connettivit\u00e0 multigiocatore. Connessione Internet necessaria per l&#039;attivazione.<\/li>\r\n<\/ul>\r\n<\/li>\r\n<\/ul>\r\n<\/div>\r\n<div class=\"game_area_sys_req_rightCol\"><strong>CONSIGLIATO<\/strong>\r\n<ul>\r\n \t<li style=\"list-style-type: none;\">\r\n<ul class=\"bb_ul\">\r\n \t<li><strong>sistema operativo<\/strong>: Windows 7 a 64 bit \/ Windows 8 a 64 bit\r\n<strong>processore<\/strong>: Intel\u00ae Core\u2122 i5 \u2013 680 a 3,6 GHz\r\n<strong>RAM<\/strong>: 8 GB di RAM\r\n<strong>HDD<\/strong>\u00a0: 40 GB di spazio su disco rigido\r\n<strong>video<\/strong>: NVIDIA\u00ae GeForce\u2122 GTX 760 da 4 GB\r\n<strong>Suono<\/strong>: scheda audio compatibile con DirectX\u00ae\r\n<strong>DirectX\u00ae<\/strong>: DirectX\u00ae11\r\n<strong>Internet<\/strong>: connessione a banda larga e servizio richiesti per la connettivit\u00e0 multigiocatore. Connessione Internet necessaria per l&#039;attivazione.<\/li>\r\n<\/ul>\r\n<\/li>\r\n<\/ul>\r\n<\/div>\r\n<\/div>\r\n<\/div>\r\n<\/div>\r\n<\/div>\t\t\t\t\t\t\t\t<\/div>\n\t\t\t\t<\/div>\n\t\t\t\t\t<\/div>\n\t\t<\/div>\n\t\t\t\t\t<\/div>\n\t\t<\/section>\n\t\t\t\t<\/div>","protected":false},"excerpt":{"rendered":"<p>Fast Delivery Delivery can take 5 to 20 minutes, according to your place in our queue Your Order will be \u2018Auto Refunded\u2019 in case it does not get delivered after 12 hours! How To Activate 1- Open up a VPN and connect to the server specified in your email after placing your order. 2- Click [&hellip;]<\/p>\n","protected":false},"featured_media":692,"comment_status":"closed","ping_status":"closed","template":"","meta":{"_crdt_document":"","jetpack_post_was_ever_published":false,"jetpack_publicize_message":"","jetpack_publicize_feature_enabled":true,"jetpack_social_post_already_shared":true,"jetpack_social_options":{"image_generator_settings":{"template":"highway","default_image_id":0,"font":"","enabled":false},"version":2},"_wpas_customize_per_network":false},"product_brand":[],"product_cat":[1375,1374],"product_tag":[],"class_list":{"0":"post-364","1":"product","2":"type-product","3":"status-publish","4":"has-post-thumbnail","6":"product_cat-pc","7":"product_cat-xbox","9":"first","10":"outofstock","11":"sale","12":"taxable","13":"shipping-taxable","14":"purchasable","15":"product-type-variable","16":"has-default-attributes"},"yoast_head":"<!-- This site is optimized with the Yoast SEO Premium plugin v27.3 (Yoast SEO v27.3) - https:\/\/yoast.com\/product\/yoast-seo-premium-wordpress\/ -->\n<title>Call of Duty\u00ae: Ghosts - EnderG<\/title>\n<meta name=\"robots\" content=\"index, follow, max-snippet:-1, max-image-preview:large, max-video-preview:-1\" \/>\n<link rel=\"canonical\" href=\"https:\/\/enderg.com\/it\/product\/call-of-duty-ghosts\/\" \/>\n<meta property=\"og:locale\" content=\"it_IT\" \/>\n<meta property=\"og:type\" content=\"article\" \/>\n<meta property=\"og:title\" content=\"Call of Duty\u00ae: Ghosts\" \/>\n<meta property=\"og:description\" content=\"Fast Delivery Delivery can take 5 to 20 minutes, according to your place in our queue Your Order will be \u2018Auto Refunded\u2019 in case it does not get delivered after 12 hours! How To Activate 1- Open up a VPN and connect to the server specified in your email after placing your order. 2- Click [&hellip;]\" \/>\n<meta property=\"og:url\" content=\"https:\/\/enderg.com\/it\/product\/call-of-duty-ghosts\/\" \/>\n<meta property=\"og:site_name\" content=\"EnderG\" \/>\n<meta property=\"article:publisher\" content=\"https:\/\/www.facebook.com\/Endergg1\/\" \/>\n<meta property=\"article:modified_time\" content=\"2024-06-25T22:45:59+00:00\" \/>\n<meta property=\"og:image\" content=\"https:\/\/enderg.com\/wp-content\/uploads\/2022\/08\/Call_of_Duty_Ghosts_cover.jpg\" \/>\n\t<meta property=\"og:image:width\" content=\"767\" \/>\n\t<meta property=\"og:image:height\" content=\"1078\" \/>\n\t<meta property=\"og:image:type\" content=\"image\/jpeg\" \/>\n<meta name=\"twitter:card\" content=\"summary_large_image\" \/>\n<meta name=\"twitter:label1\" content=\"Tempo di lettura stimato\" \/>\n\t<meta name=\"twitter:data1\" content=\"4 minuti\" \/>\n<script type=\"application\/ld+json\" class=\"yoast-schema-graph\">{\"@context\":\"https:\\\/\\\/schema.org\",\"@graph\":[{\"@type\":\"WebPage\",\"@id\":\"https:\\\/\\\/enderg.com\\\/product\\\/call-of-duty-ghosts\\\/\",\"url\":\"https:\\\/\\\/enderg.com\\\/product\\\/call-of-duty-ghosts\\\/\",\"name\":\"Call of Duty\u00ae: Ghosts - EnderG\",\"isPartOf\":{\"@id\":\"https:\\\/\\\/enderg.com\\\/#website\"},\"primaryImageOfPage\":{\"@id\":\"https:\\\/\\\/enderg.com\\\/product\\\/call-of-duty-ghosts\\\/#primaryimage\"},\"image\":{\"@id\":\"https:\\\/\\\/enderg.com\\\/product\\\/call-of-duty-ghosts\\\/#primaryimage\"},\"thumbnailUrl\":\"https:\\\/\\\/i0.wp.com\\\/enderg.com\\\/wp-content\\\/uploads\\\/2022\\\/08\\\/Call_of_Duty_Ghosts_cover.jpg?fit=767%2C1078&ssl=1\",\"datePublished\":\"2022-08-06T22:13:09+00:00\",\"dateModified\":\"2024-06-25T22:45:59+00:00\",\"breadcrumb\":{\"@id\":\"https:\\\/\\\/enderg.com\\\/product\\\/call-of-duty-ghosts\\\/#breadcrumb\"},\"inLanguage\":\"it-IT\",\"potentialAction\":[{\"@type\":\"ReadAction\",\"target\":[\"https:\\\/\\\/enderg.com\\\/product\\\/call-of-duty-ghosts\\\/\"]}]},{\"@type\":\"ImageObject\",\"inLanguage\":\"it-IT\",\"@id\":\"https:\\\/\\\/enderg.com\\\/product\\\/call-of-duty-ghosts\\\/#primaryimage\",\"url\":\"https:\\\/\\\/i0.wp.com\\\/enderg.com\\\/wp-content\\\/uploads\\\/2022\\\/08\\\/Call_of_Duty_Ghosts_cover.jpg?fit=767%2C1078&ssl=1\",\"contentUrl\":\"https:\\\/\\\/i0.wp.com\\\/enderg.com\\\/wp-content\\\/uploads\\\/2022\\\/08\\\/Call_of_Duty_Ghosts_cover.jpg?fit=767%2C1078&ssl=1\",\"width\":767,\"height\":1078},{\"@type\":\"BreadcrumbList\",\"@id\":\"https:\\\/\\\/enderg.com\\\/product\\\/call-of-duty-ghosts\\\/#breadcrumb\",\"itemListElement\":[{\"@type\":\"ListItem\",\"position\":1,\"name\":\"Home\",\"item\":\"https:\\\/\\\/enderg.com\\\/\"},{\"@type\":\"ListItem\",\"position\":2,\"name\":\"Shop\",\"item\":\"https:\\\/\\\/enderg.com\\\/shop\\\/\"},{\"@type\":\"ListItem\",\"position\":3,\"name\":\"Call of Duty\u00ae: Ghosts\"}]},{\"@type\":\"WebSite\",\"@id\":\"https:\\\/\\\/enderg.com\\\/#website\",\"url\":\"https:\\\/\\\/enderg.com\\\/\",\"name\":\"EnderG\",\"description\":\"Cheaper Is What We Do!\",\"publisher\":{\"@id\":\"https:\\\/\\\/enderg.com\\\/#organization\"},\"potentialAction\":[{\"@type\":\"SearchAction\",\"target\":{\"@type\":\"EntryPoint\",\"urlTemplate\":\"https:\\\/\\\/enderg.com\\\/?s={search_term_string}\"},\"query-input\":{\"@type\":\"PropertyValueSpecification\",\"valueRequired\":true,\"valueName\":\"search_term_string\"}}],\"inLanguage\":\"it-IT\"},{\"@type\":\"Organization\",\"@id\":\"https:\\\/\\\/enderg.com\\\/#organization\",\"name\":\"EnderG\",\"url\":\"https:\\\/\\\/enderg.com\\\/\",\"logo\":{\"@type\":\"ImageObject\",\"inLanguage\":\"it-IT\",\"@id\":\"https:\\\/\\\/enderg.com\\\/#\\\/schema\\\/logo\\\/image\\\/\",\"url\":\"https:\\\/\\\/enderg.com\\\/wp-content\\\/uploads\\\/2023\\\/03\\\/222222222221.png\",\"contentUrl\":\"https:\\\/\\\/enderg.com\\\/wp-content\\\/uploads\\\/2023\\\/03\\\/222222222221.png\",\"width\":512,\"height\":512,\"caption\":\"EnderG\"},\"image\":{\"@id\":\"https:\\\/\\\/enderg.com\\\/#\\\/schema\\\/logo\\\/image\\\/\"},\"sameAs\":[\"https:\\\/\\\/www.facebook.com\\\/Endergg1\\\/\",\"https:\\\/\\\/www.instagram.com\\\/enderg01\",\"https:\\\/\\\/www.youtube.com\\\/@enderg-com\"],\"description\":\"Cheaper Gaming is what we do!\",\"legalName\":\"Vandar Limited\",\"foundingDate\":\"2022-06-21\"}]}<\/script>\n<!-- \/ Yoast SEO Premium plugin. -->","yoast_head_json":{"title":"Call of Duty\u00ae: Ghosts - EnderG","robots":{"index":"index","follow":"follow","max-snippet":"max-snippet:-1","max-image-preview":"max-image-preview:large","max-video-preview":"max-video-preview:-1"},"canonical":"https:\/\/enderg.com\/it\/product\/call-of-duty-ghosts\/","og_locale":"it_IT","og_type":"article","og_title":"Call of Duty\u00ae: Ghosts","og_description":"Fast Delivery Delivery can take 5 to 20 minutes, according to your place in our queue Your Order will be \u2018Auto Refunded\u2019 in case it does not get delivered after 12 hours! How To Activate 1- Open up a VPN and connect to the server specified in your email after placing your order. 2- Click [&hellip;]","og_url":"https:\/\/enderg.com\/it\/product\/call-of-duty-ghosts\/","og_site_name":"EnderG","article_publisher":"https:\/\/www.facebook.com\/Endergg1\/","article_modified_time":"2024-06-25T22:45:59+00:00","og_image":[{"width":767,"height":1078,"url":"https:\/\/enderg.com\/wp-content\/uploads\/2022\/08\/Call_of_Duty_Ghosts_cover.jpg","type":"image\/jpeg"}],"twitter_card":"summary_large_image","twitter_misc":{"Tempo di lettura stimato":"4 minuti"},"schema":{"@context":"https:\/\/schema.org","@graph":[{"@type":"WebPage","@id":"https:\/\/enderg.com\/product\/call-of-duty-ghosts\/","url":"https:\/\/enderg.com\/product\/call-of-duty-ghosts\/","name":"Call of Duty\u00ae: Ghosts - EnderG","isPartOf":{"@id":"https:\/\/enderg.com\/#website"},"primaryImageOfPage":{"@id":"https:\/\/enderg.com\/product\/call-of-duty-ghosts\/#primaryimage"},"image":{"@id":"https:\/\/enderg.com\/product\/call-of-duty-ghosts\/#primaryimage"},"thumbnailUrl":"https:\/\/i0.wp.com\/enderg.com\/wp-content\/uploads\/2022\/08\/Call_of_Duty_Ghosts_cover.jpg?fit=767%2C1078&ssl=1","datePublished":"2022-08-06T22:13:09+00:00","dateModified":"2024-06-25T22:45:59+00:00","breadcrumb":{"@id":"https:\/\/enderg.com\/product\/call-of-duty-ghosts\/#breadcrumb"},"inLanguage":"it-IT","potentialAction":[{"@type":"ReadAction","target":["https:\/\/enderg.com\/product\/call-of-duty-ghosts\/"]}]},{"@type":"ImageObject","inLanguage":"it-IT","@id":"https:\/\/enderg.com\/product\/call-of-duty-ghosts\/#primaryimage","url":"https:\/\/i0.wp.com\/enderg.com\/wp-content\/uploads\/2022\/08\/Call_of_Duty_Ghosts_cover.jpg?fit=767%2C1078&ssl=1","contentUrl":"https:\/\/i0.wp.com\/enderg.com\/wp-content\/uploads\/2022\/08\/Call_of_Duty_Ghosts_cover.jpg?fit=767%2C1078&ssl=1","width":767,"height":1078},{"@type":"BreadcrumbList","@id":"https:\/\/enderg.com\/product\/call-of-duty-ghosts\/#breadcrumb","itemListElement":[{"@type":"ListItem","position":1,"name":"Home","item":"https:\/\/enderg.com\/"},{"@type":"ListItem","position":2,"name":"Shop","item":"https:\/\/enderg.com\/shop\/"},{"@type":"ListItem","position":3,"name":"Call of Duty\u00ae: Ghosts"}]},{"@type":"WebSite","@id":"https:\/\/enderg.com\/#website","url":"https:\/\/enderg.com\/","name":"EnderG","description":"Quello che facciamo \u00e8 pi\u00f9 economico!","publisher":{"@id":"https:\/\/enderg.com\/#organization"},"potentialAction":[{"@type":"SearchAction","target":{"@type":"EntryPoint","urlTemplate":"https:\/\/enderg.com\/?s={search_term_string}"},"query-input":{"@type":"PropertyValueSpecification","valueRequired":true,"valueName":"search_term_string"}}],"inLanguage":"it-IT"},{"@type":"Organization","@id":"https:\/\/enderg.com\/#organization","name":"EnderG","url":"https:\/\/enderg.com\/","logo":{"@type":"ImageObject","inLanguage":"it-IT","@id":"https:\/\/enderg.com\/#\/schema\/logo\/image\/","url":"https:\/\/enderg.com\/wp-content\/uploads\/2023\/03\/222222222221.png","contentUrl":"https:\/\/enderg.com\/wp-content\/uploads\/2023\/03\/222222222221.png","width":512,"height":512,"caption":"EnderG"},"image":{"@id":"https:\/\/enderg.com\/#\/schema\/logo\/image\/"},"sameAs":["https:\/\/www.facebook.com\/Endergg1\/","https:\/\/www.instagram.com\/enderg01","https:\/\/www.youtube.com\/@enderg-com"],"description":"Il nostro obiettivo \u00e8 rendere il gioco pi\u00f9 economico!","legalName":"Vandar Limited","foundingDate":"2022-06-21"}]}},"jetpack_publicize_connections":[],"jetpack_likes_enabled":true,"jetpack_sharing_enabled":true,"jetpack-related-posts":[],"_links":{"self":[{"href":"https:\/\/enderg.com\/it\/wp-json\/wp\/v2\/product\/364","targetHints":{"allow":["GET"]}}],"collection":[{"href":"https:\/\/enderg.com\/it\/wp-json\/wp\/v2\/product"}],"about":[{"href":"https:\/\/enderg.com\/it\/wp-json\/wp\/v2\/types\/product"}],"replies":[{"embeddable":true,"href":"https:\/\/enderg.com\/it\/wp-json\/wp\/v2\/comments?post=364"}],"version-history":[{"count":9,"href":"https:\/\/enderg.com\/it\/wp-json\/wp\/v2\/product\/364\/revisions"}],"predecessor-version":[{"id":8786,"href":"https:\/\/enderg.com\/it\/wp-json\/wp\/v2\/product\/364\/revisions\/8786"}],"wp:featuredmedia":[{"embeddable":true,"href":"https:\/\/enderg.com\/it\/wp-json\/wp\/v2\/media\/692"}],"wp:attachment":[{"href":"https:\/\/enderg.com\/it\/wp-json\/wp\/v2\/media?parent=364"}],"wp:term":[{"taxonomy":"product_brand","embeddable":true,"href":"https:\/\/enderg.com\/it\/wp-json\/wp\/v2\/product_brand?post=364"},{"taxonomy":"product_cat","embeddable":true,"href":"https:\/\/enderg.com\/it\/wp-json\/wp\/v2\/product_cat?post=364"},{"taxonomy":"product_tag","embeddable":true,"href":"https:\/\/enderg.com\/it\/wp-json\/wp\/v2\/product_tag?post=364"}],"curies":[{"name":"wp","href":"https:\/\/api.w.org\/{rel}","templated":true}]}}