{"id":2325,"date":"2022-08-08T21:03:42","date_gmt":"2022-08-08T18:03:42","guid":{"rendered":"https:\/\/enderg.com\/product\/saints-row\/"},"modified":"2024-06-26T01:35:10","modified_gmt":"2024-06-25T22:35:10","slug":"saints-row","status":"publish","type":"product","link":"https:\/\/enderg.com\/it\/product\/saints-row\/","title":{"rendered":"Fila dei santi"},"content":{"rendered":"<div data-elementor-type=\"wp-post\" data-elementor-id=\"2325\" class=\"elementor elementor-2325\" data-elementor-post-type=\"product\">\n\t\t\t\t\t\t<section class=\"elementor-section elementor-top-section elementor-element elementor-element-793e465a elementor-section-boxed elementor-section-height-default elementor-section-height-default\" data-id=\"793e465a\" data-element_type=\"section\" data-e-type=\"section\">\n\t\t\t\t\t\t<div class=\"elementor-container elementor-column-gap-default\">\n\t\t\t\t\t<div class=\"elementor-column elementor-col-100 elementor-top-column elementor-element elementor-element-4dd861c6\" data-id=\"4dd861c6\" data-element_type=\"column\" data-e-type=\"column\">\n\t\t\t<div class=\"elementor-widget-wrap elementor-element-populated\">\n\t\t\t\t\t\t<div class=\"elementor-element elementor-element-5c2e17d6 elementor-widget elementor-widget-accordion\" data-id=\"5c2e17d6\" data-element_type=\"widget\" data-e-type=\"widget\" data-widget_type=\"accordion.default\">\n\t\t\t\t<div class=\"elementor-widget-container\">\n\t\t\t\t\t\t\t<div class=\"elementor-accordion\">\n\t\t\t\t\t\t\t<div class=\"elementor-accordion-item\">\n\t\t\t\t\t<h4 id=\"elementor-tab-title-1541\" class=\"elementor-tab-title\" data-tab=\"1\" role=\"button\" aria-controls=\"elementor-tab-content-1541\" aria-expanded=\"false\">\n\t\t\t\t\t\t\t\t\t\t\t\t\t<span class=\"elementor-accordion-icon elementor-accordion-icon-left\" aria-hidden=\"true\">\n\t\t\t\t\t\t\t\t\t\t\t\t\t\t\t<span class=\"elementor-accordion-icon-closed\"><i class=\"fas fa-truck\"><\/i><\/span>\n\t\t\t\t\t\t\t\t<span class=\"elementor-accordion-icon-opened\"><i class=\"fas fa-truck\"><\/i><\/span>\n\t\t\t\t\t\t\t\t\t\t\t\t\t\t<\/span>\n\t\t\t\t\t\t\t\t\t\t\t\t<a class=\"elementor-accordion-title\" tabindex=\"0\">Consegna veloce<\/a>\n\t\t\t\t\t<\/h4>\n\t\t\t\t\t<div id=\"elementor-tab-content-1541\" class=\"elementor-tab-content elementor-clearfix\" data-tab=\"1\" role=\"region\" aria-labelledby=\"elementor-tab-title-1541\"><p>La consegna pu\u00f2 richiedere da 5 a 20 minuti, a seconda del tuo posto nella nostra coda<\/p><p>Il tuo ordine verr\u00e0 \"rimborsato automaticamente\" nel caso in cui non venga consegnato dopo 12 ore!<\/p><\/div>\n\t\t\t\t<\/div>\n\t\t\t\t\t\t\t\t<\/div>\n\t\t\t\t\t\t<\/div>\n\t\t\t\t<\/div>\n\t\t\t\t<div class=\"elementor-element elementor-element-715c9af6 elementor-widget elementor-widget-accordion\" data-id=\"715c9af6\" data-element_type=\"widget\" data-e-type=\"widget\" data-widget_type=\"accordion.default\">\n\t\t\t\t<div class=\"elementor-widget-container\">\n\t\t\t\t\t\t\t<div class=\"elementor-accordion\">\n\t\t\t\t\t\t\t<div class=\"elementor-accordion-item\">\n\t\t\t\t\t<h4 id=\"elementor-tab-title-1901\" class=\"elementor-tab-title\" data-tab=\"1\" role=\"button\" aria-controls=\"elementor-tab-content-1901\" aria-expanded=\"false\">\n\t\t\t\t\t\t\t\t\t\t\t\t\t<span class=\"elementor-accordion-icon elementor-accordion-icon-left\" aria-hidden=\"true\">\n\t\t\t\t\t\t\t\t\t\t\t\t\t\t\t<span class=\"elementor-accordion-icon-closed\"><i class=\"fab fa-xbox\"><\/i><\/span>\n\t\t\t\t\t\t\t\t<span class=\"elementor-accordion-icon-opened\"><i class=\"fab fa-xbox\"><\/i><\/span>\n\t\t\t\t\t\t\t\t\t\t\t\t\t\t<\/span>\n\t\t\t\t\t\t\t\t\t\t\t\t<a class=\"elementor-accordion-title\" tabindex=\"0\">Come Attivare<\/a>\n\t\t\t\t\t<\/h4>\n\t\t\t\t\t<div id=\"elementor-tab-content-1901\" class=\"elementor-tab-content elementor-clearfix\" data-tab=\"1\" role=\"region\" aria-labelledby=\"elementor-tab-title-1901\"><p>1- Apri una VPN e connettiti al server specificato nella tua e-mail dopo aver effettuato l&#039;ordine.<\/p>\n<p>2- Fare clic su questo&nbsp;<a title=\"https:\/\/account.microsoft.com\/billing\/redeem?refd=login.live.com\" href=\"https:\/\/account.microsoft.com\/billing\/redeem?refd=login.live.com\"><strong>Collegamento<\/strong><\/a>&nbsp;&amp; Accedi al tuo account e poi riscatta la chiave che hai ricevuto!<\/p>\n<p>3- Divertiti!<\/p><\/div>\n\t\t\t\t<\/div>\n\t\t\t\t\t\t\t\t<\/div>\n\t\t\t\t\t\t<\/div>\n\t\t\t\t<\/div>\n\t\t\t\t<div class=\"elementor-element elementor-element-52860c5e elementor-widget elementor-widget-text-editor\" data-id=\"52860c5e\" data-element_type=\"widget\" data-e-type=\"widget\" data-widget_type=\"text-editor.default\">\n\t\t\t\t<div class=\"elementor-widget-container\">\n\t\t\t\t\t\t\t\t\t<h3 style=\"text-align: center;\"><strong>A proposito di questo gioco<\/strong><\/h3>\t\t\t\t\t\t\t\t<\/div>\n\t\t\t\t<\/div>\n\t\t\t\t\t<\/div>\n\t\t<\/div>\n\t\t\t\t\t<\/div>\n\t\t<\/section>\n\t\t\t\t<section class=\"elementor-section elementor-top-section elementor-element elementor-element-384fee70 elementor-section-boxed elementor-section-height-default elementor-section-height-default\" data-id=\"384fee70\" data-element_type=\"section\" data-e-type=\"section\">\n\t\t\t\t\t\t<div class=\"elementor-container elementor-column-gap-default\">\n\t\t\t\t\t<div class=\"elementor-column elementor-col-100 elementor-top-column elementor-element elementor-element-3672d101\" data-id=\"3672d101\" data-element_type=\"column\" data-e-type=\"column\">\n\t\t\t<div class=\"elementor-widget-wrap elementor-element-populated\">\n\t\t\t\t\t\t<div class=\"elementor-element elementor-element-216a682b elementor-widget elementor-widget-text-editor\" data-id=\"216a682b\" data-element_type=\"widget\" data-e-type=\"widget\" data-widget_type=\"text-editor.default\">\n\t\t\t\t<div class=\"elementor-widget-container\">\n\t\t\t\t\t\t\t\t\t<h4 style=\"text-align: center;\"><strong style=\"font-size: 1.41575em;\">SU QUESTO GIOCO<\/strong><\/h4><p><span style=\"font-size: 16px;\">Nei panni del futuro Boss, con Neenah, Kevin ed Eli al tuo fianco, formerai i Saints e affronterai Los Panteros, The Idols e Marshall mentre costruisci il tuo impero per le strade di Santo Ileso e combatti per il controllo di la citt\u00e0. In definitiva Saints Row \u00e8 la storia di una start-up, \u00e8 solo che il business in cui si trovano i Saints sembra essere criminale.<\/span><\/p><div><p><br \/>Scopri il parco giochi Saints Row pi\u00f9 grande e migliore mai creato; l&#039;esclusivo e vasto mondo di Santo Ileso fa da sfondo a un sandbox selvaggio e straordinario, ricco di emozionanti attivit\u00e0 secondarie, imprese criminali e missioni di successo, mentre spari, guidi e usi la tuta alare per raggiungere la vetta.<\/p><p>Preordina ora e ricevi The Idols Anarchy Pack, contenente una selezione di attrezzature al neon rubate che sicuramente ti faranno notare. Il pacchetto Idols Anarchy include:<br \/>\u25cf Casco Idols DJ<br \/>\u25cf Pipistrello scintillante<br \/>\u25cf Scrambler tempesta di sabbia<\/p><\/div>\t\t\t\t\t\t\t\t<\/div>\n\t\t\t\t<\/div>\n\t\t\t\t\t<\/div>\n\t\t<\/div>\n\t\t\t\t\t<\/div>\n\t\t<\/section>\n\t\t\t\t<\/div>","protected":false},"excerpt":{"rendered":"<p>Fast Delivery Delivery can take 5 to 20 minutes, according to your place in our queue Your Order will be \u2018Auto Refunded\u2019 in case it does not get delivered after 12 hours! How To Activate 1- Open up a VPN and connect to the server specified in your email after placing your order. 2- Click [&hellip;]<\/p>\n","protected":false},"featured_media":2996,"comment_status":"closed","ping_status":"closed","template":"","meta":{"_crdt_document":"","jetpack_post_was_ever_published":false,"jetpack_publicize_message":"","jetpack_publicize_feature_enabled":true,"jetpack_social_post_already_shared":true,"jetpack_social_options":{"image_generator_settings":{"template":"highway","default_image_id":0,"font":"","enabled":false},"version":2},"_wpas_customize_per_network":false},"product_brand":[],"product_cat":[1374],"product_tag":[1401,1399],"class_list":{"0":"post-2325","1":"product","2":"type-product","3":"status-publish","4":"has-post-thumbnail","6":"product_cat-xbox","7":"product_tag-fr","8":"product_tag-xbox","10":"first","11":"outofstock","12":"sale","13":"taxable","14":"shipping-taxable","15":"purchasable","16":"product-type-variable","17":"has-default-attributes"},"yoast_head":"<!-- This site is optimized with the Yoast SEO Premium plugin v27.3 (Yoast SEO v27.3) - https:\/\/yoast.com\/product\/yoast-seo-premium-wordpress\/ -->\n<title>Saints Row - EnderG<\/title>\n<meta name=\"robots\" content=\"index, follow, max-snippet:-1, max-image-preview:large, max-video-preview:-1\" \/>\n<link rel=\"canonical\" href=\"https:\/\/enderg.com\/it\/product\/saints-row\/\" \/>\n<meta property=\"og:locale\" content=\"it_IT\" \/>\n<meta property=\"og:type\" content=\"article\" \/>\n<meta property=\"og:title\" content=\"Saints Row\" \/>\n<meta property=\"og:description\" content=\"Fast Delivery Delivery can take 5 to 20 minutes, according to your place in our queue Your Order will be \u2018Auto Refunded\u2019 in case it does not get delivered after 12 hours! How To Activate 1- Open up a VPN and connect to the server specified in your email after placing your order. 2- Click [&hellip;]\" \/>\n<meta property=\"og:url\" content=\"https:\/\/enderg.com\/it\/product\/saints-row\/\" \/>\n<meta property=\"og:site_name\" content=\"EnderG\" \/>\n<meta property=\"article:publisher\" content=\"https:\/\/www.facebook.com\/Endergg1\/\" \/>\n<meta property=\"article:modified_time\" content=\"2024-06-25T22:35:10+00:00\" \/>\n<meta property=\"og:image\" content=\"https:\/\/enderg.com\/wp-content\/uploads\/2022\/08\/EGS_SaintsRow_DeepSilverVolition_S2_1200x1600-d95f6c911a764ad44302f021a3174a24.jpg\" \/>\n\t<meta property=\"og:image:width\" content=\"1200\" \/>\n\t<meta property=\"og:image:height\" content=\"1600\" \/>\n\t<meta property=\"og:image:type\" content=\"image\/jpeg\" \/>\n<meta name=\"twitter:card\" content=\"summary_large_image\" \/>\n<meta name=\"twitter:label1\" content=\"Tempo di lettura stimato\" \/>\n\t<meta name=\"twitter:data1\" content=\"1 minuto\" \/>\n<script type=\"application\/ld+json\" class=\"yoast-schema-graph\">{\"@context\":\"https:\\\/\\\/schema.org\",\"@graph\":[{\"@type\":\"WebPage\",\"@id\":\"https:\\\/\\\/enderg.com\\\/product\\\/saints-row\\\/\",\"url\":\"https:\\\/\\\/enderg.com\\\/product\\\/saints-row\\\/\",\"name\":\"Saints Row - EnderG\",\"isPartOf\":{\"@id\":\"https:\\\/\\\/enderg.com\\\/#website\"},\"primaryImageOfPage\":{\"@id\":\"https:\\\/\\\/enderg.com\\\/product\\\/saints-row\\\/#primaryimage\"},\"image\":{\"@id\":\"https:\\\/\\\/enderg.com\\\/product\\\/saints-row\\\/#primaryimage\"},\"thumbnailUrl\":\"https:\\\/\\\/i0.wp.com\\\/enderg.com\\\/wp-content\\\/uploads\\\/2022\\\/08\\\/EGS_SaintsRow_DeepSilverVolition_S2_1200x1600-d95f6c911a764ad44302f021a3174a24.jpg?fit=1200%2C1600&ssl=1\",\"datePublished\":\"2022-08-08T18:03:42+00:00\",\"dateModified\":\"2024-06-25T22:35:10+00:00\",\"breadcrumb\":{\"@id\":\"https:\\\/\\\/enderg.com\\\/product\\\/saints-row\\\/#breadcrumb\"},\"inLanguage\":\"it-IT\",\"potentialAction\":[{\"@type\":\"ReadAction\",\"target\":[\"https:\\\/\\\/enderg.com\\\/product\\\/saints-row\\\/\"]}]},{\"@type\":\"ImageObject\",\"inLanguage\":\"it-IT\",\"@id\":\"https:\\\/\\\/enderg.com\\\/product\\\/saints-row\\\/#primaryimage\",\"url\":\"https:\\\/\\\/i0.wp.com\\\/enderg.com\\\/wp-content\\\/uploads\\\/2022\\\/08\\\/EGS_SaintsRow_DeepSilverVolition_S2_1200x1600-d95f6c911a764ad44302f021a3174a24.jpg?fit=1200%2C1600&ssl=1\",\"contentUrl\":\"https:\\\/\\\/i0.wp.com\\\/enderg.com\\\/wp-content\\\/uploads\\\/2022\\\/08\\\/EGS_SaintsRow_DeepSilverVolition_S2_1200x1600-d95f6c911a764ad44302f021a3174a24.jpg?fit=1200%2C1600&ssl=1\",\"width\":1200,\"height\":1600},{\"@type\":\"BreadcrumbList\",\"@id\":\"https:\\\/\\\/enderg.com\\\/product\\\/saints-row\\\/#breadcrumb\",\"itemListElement\":[{\"@type\":\"ListItem\",\"position\":1,\"name\":\"Home\",\"item\":\"https:\\\/\\\/enderg.com\\\/\"},{\"@type\":\"ListItem\",\"position\":2,\"name\":\"Shop\",\"item\":\"https:\\\/\\\/enderg.com\\\/shop\\\/\"},{\"@type\":\"ListItem\",\"position\":3,\"name\":\"Saints Row\"}]},{\"@type\":\"WebSite\",\"@id\":\"https:\\\/\\\/enderg.com\\\/#website\",\"url\":\"https:\\\/\\\/enderg.com\\\/\",\"name\":\"EnderG\",\"description\":\"Cheaper Is What We Do!\",\"publisher\":{\"@id\":\"https:\\\/\\\/enderg.com\\\/#organization\"},\"potentialAction\":[{\"@type\":\"SearchAction\",\"target\":{\"@type\":\"EntryPoint\",\"urlTemplate\":\"https:\\\/\\\/enderg.com\\\/?s={search_term_string}\"},\"query-input\":{\"@type\":\"PropertyValueSpecification\",\"valueRequired\":true,\"valueName\":\"search_term_string\"}}],\"inLanguage\":\"it-IT\"},{\"@type\":\"Organization\",\"@id\":\"https:\\\/\\\/enderg.com\\\/#organization\",\"name\":\"EnderG\",\"url\":\"https:\\\/\\\/enderg.com\\\/\",\"logo\":{\"@type\":\"ImageObject\",\"inLanguage\":\"it-IT\",\"@id\":\"https:\\\/\\\/enderg.com\\\/#\\\/schema\\\/logo\\\/image\\\/\",\"url\":\"https:\\\/\\\/enderg.com\\\/wp-content\\\/uploads\\\/2023\\\/03\\\/222222222221.png\",\"contentUrl\":\"https:\\\/\\\/enderg.com\\\/wp-content\\\/uploads\\\/2023\\\/03\\\/222222222221.png\",\"width\":512,\"height\":512,\"caption\":\"EnderG\"},\"image\":{\"@id\":\"https:\\\/\\\/enderg.com\\\/#\\\/schema\\\/logo\\\/image\\\/\"},\"sameAs\":[\"https:\\\/\\\/www.facebook.com\\\/Endergg1\\\/\",\"https:\\\/\\\/www.instagram.com\\\/enderg01\",\"https:\\\/\\\/www.youtube.com\\\/@enderg-com\"],\"description\":\"Cheaper Gaming is what we do!\",\"legalName\":\"Vandar Limited\",\"foundingDate\":\"2022-06-21\"}]}<\/script>\n<!-- \/ Yoast SEO Premium plugin. -->","yoast_head_json":{"title":"Saints Row - EnderG","robots":{"index":"index","follow":"follow","max-snippet":"max-snippet:-1","max-image-preview":"max-image-preview:large","max-video-preview":"max-video-preview:-1"},"canonical":"https:\/\/enderg.com\/it\/product\/saints-row\/","og_locale":"it_IT","og_type":"article","og_title":"Saints Row","og_description":"Fast Delivery Delivery can take 5 to 20 minutes, according to your place in our queue Your Order will be \u2018Auto Refunded\u2019 in case it does not get delivered after 12 hours! How To Activate 1- Open up a VPN and connect to the server specified in your email after placing your order. 2- Click [&hellip;]","og_url":"https:\/\/enderg.com\/it\/product\/saints-row\/","og_site_name":"EnderG","article_publisher":"https:\/\/www.facebook.com\/Endergg1\/","article_modified_time":"2024-06-25T22:35:10+00:00","og_image":[{"width":1200,"height":1600,"url":"https:\/\/enderg.com\/wp-content\/uploads\/2022\/08\/EGS_SaintsRow_DeepSilverVolition_S2_1200x1600-d95f6c911a764ad44302f021a3174a24.jpg","type":"image\/jpeg"}],"twitter_card":"summary_large_image","twitter_misc":{"Tempo di lettura stimato":"1 minuto"},"schema":{"@context":"https:\/\/schema.org","@graph":[{"@type":"WebPage","@id":"https:\/\/enderg.com\/product\/saints-row\/","url":"https:\/\/enderg.com\/product\/saints-row\/","name":"Saints Row - EnderG","isPartOf":{"@id":"https:\/\/enderg.com\/#website"},"primaryImageOfPage":{"@id":"https:\/\/enderg.com\/product\/saints-row\/#primaryimage"},"image":{"@id":"https:\/\/enderg.com\/product\/saints-row\/#primaryimage"},"thumbnailUrl":"https:\/\/i0.wp.com\/enderg.com\/wp-content\/uploads\/2022\/08\/EGS_SaintsRow_DeepSilverVolition_S2_1200x1600-d95f6c911a764ad44302f021a3174a24.jpg?fit=1200%2C1600&ssl=1","datePublished":"2022-08-08T18:03:42+00:00","dateModified":"2024-06-25T22:35:10+00:00","breadcrumb":{"@id":"https:\/\/enderg.com\/product\/saints-row\/#breadcrumb"},"inLanguage":"it-IT","potentialAction":[{"@type":"ReadAction","target":["https:\/\/enderg.com\/product\/saints-row\/"]}]},{"@type":"ImageObject","inLanguage":"it-IT","@id":"https:\/\/enderg.com\/product\/saints-row\/#primaryimage","url":"https:\/\/i0.wp.com\/enderg.com\/wp-content\/uploads\/2022\/08\/EGS_SaintsRow_DeepSilverVolition_S2_1200x1600-d95f6c911a764ad44302f021a3174a24.jpg?fit=1200%2C1600&ssl=1","contentUrl":"https:\/\/i0.wp.com\/enderg.com\/wp-content\/uploads\/2022\/08\/EGS_SaintsRow_DeepSilverVolition_S2_1200x1600-d95f6c911a764ad44302f021a3174a24.jpg?fit=1200%2C1600&ssl=1","width":1200,"height":1600},{"@type":"BreadcrumbList","@id":"https:\/\/enderg.com\/product\/saints-row\/#breadcrumb","itemListElement":[{"@type":"ListItem","position":1,"name":"Home","item":"https:\/\/enderg.com\/"},{"@type":"ListItem","position":2,"name":"Shop","item":"https:\/\/enderg.com\/shop\/"},{"@type":"ListItem","position":3,"name":"Saints Row"}]},{"@type":"WebSite","@id":"https:\/\/enderg.com\/#website","url":"https:\/\/enderg.com\/","name":"EnderG","description":"Quello che facciamo \u00e8 pi\u00f9 economico!","publisher":{"@id":"https:\/\/enderg.com\/#organization"},"potentialAction":[{"@type":"SearchAction","target":{"@type":"EntryPoint","urlTemplate":"https:\/\/enderg.com\/?s={search_term_string}"},"query-input":{"@type":"PropertyValueSpecification","valueRequired":true,"valueName":"search_term_string"}}],"inLanguage":"it-IT"},{"@type":"Organization","@id":"https:\/\/enderg.com\/#organization","name":"EnderG","url":"https:\/\/enderg.com\/","logo":{"@type":"ImageObject","inLanguage":"it-IT","@id":"https:\/\/enderg.com\/#\/schema\/logo\/image\/","url":"https:\/\/enderg.com\/wp-content\/uploads\/2023\/03\/222222222221.png","contentUrl":"https:\/\/enderg.com\/wp-content\/uploads\/2023\/03\/222222222221.png","width":512,"height":512,"caption":"EnderG"},"image":{"@id":"https:\/\/enderg.com\/#\/schema\/logo\/image\/"},"sameAs":["https:\/\/www.facebook.com\/Endergg1\/","https:\/\/www.instagram.com\/enderg01","https:\/\/www.youtube.com\/@enderg-com"],"description":"Il nostro obiettivo \u00e8 rendere il gioco pi\u00f9 economico!","legalName":"Vandar Limited","foundingDate":"2022-06-21"}]}},"jetpack_publicize_connections":[],"jetpack_likes_enabled":true,"jetpack_sharing_enabled":true,"jetpack-related-posts":[{"id":1959,"url":"https:\/\/enderg.com\/it\/product\/cuphead\/","url_meta":{"origin":2325,"position":0},"title":"Cuphead","author":"H722","date":"08\/08\/2022","format":false,"excerpt":"Fast Delivery 5-10 minutes after your order goes through, you will receive an email containing the Account info\/Redeemable Key & instructions you need to Activate! How To Activate 1- Open up a VPN and connect to the server specified in your email after placing your order.\u00a02- Click on this\u00a0Link\u00a0& Login\u2026","rel":"","context":"Articolo simile","block_context":{"text":"Articolo simile","link":""},"img":{"alt_text":"","src":"https:\/\/i0.wp.com\/enderg.com\/wp-content\/uploads\/2022\/08\/11307fd0s0uyV-ba4dy5E9qskf6CIntl28sAerYTFbYC7vPUBrfgp7zokliHVbVoJ5ghylOBamo2Q2i5pbEYxQKFnSsiLHaY.jpg?fit=1200%2C1200&ssl=1&resize=350%2C200","width":350,"height":200,"srcset":"https:\/\/i0.wp.com\/enderg.com\/wp-content\/uploads\/2022\/08\/11307fd0s0uyV-ba4dy5E9qskf6CIntl28sAerYTFbYC7vPUBrfgp7zokliHVbVoJ5ghylOBamo2Q2i5pbEYxQKFnSsiLHaY.jpg?fit=1200%2C1200&ssl=1&resize=350%2C200 1x, https:\/\/i0.wp.com\/enderg.com\/wp-content\/uploads\/2022\/08\/11307fd0s0uyV-ba4dy5E9qskf6CIntl28sAerYTFbYC7vPUBrfgp7zokliHVbVoJ5ghylOBamo2Q2i5pbEYxQKFnSsiLHaY.jpg?fit=1200%2C1200&ssl=1&resize=525%2C300 1.5x, https:\/\/i0.wp.com\/enderg.com\/wp-content\/uploads\/2022\/08\/11307fd0s0uyV-ba4dy5E9qskf6CIntl28sAerYTFbYC7vPUBrfgp7zokliHVbVoJ5ghylOBamo2Q2i5pbEYxQKFnSsiLHaY.jpg?fit=1200%2C1200&ssl=1&resize=700%2C400 2x, https:\/\/i0.wp.com\/enderg.com\/wp-content\/uploads\/2022\/08\/11307fd0s0uyV-ba4dy5E9qskf6CIntl28sAerYTFbYC7vPUBrfgp7zokliHVbVoJ5ghylOBamo2Q2i5pbEYxQKFnSsiLHaY.jpg?fit=1200%2C1200&ssl=1&resize=1050%2C600 3x"},"classes":[]},{"id":5954,"url":"https:\/\/enderg.com\/it\/product\/star-wars-jedi-survivor\/","url_meta":{"origin":2325,"position":1},"title":"STAR WARS Jedi: Survivor\u2122","author":"nazhad722","date":"21\/03\/2023","format":false,"excerpt":"Fast Delivery Delivery can take 5 to 20 minutes, according to your place in our queueYour Order will be \u2018Auto Refunded\u2019 in case it does not get delivered after 12 hours!","rel":"","context":"Con 1 commento","block_context":{"text":"Con 1 commento","link":"https:\/\/enderg.com\/it\/product\/star-wars-jedi-survivor\/#comments"},"img":{"alt_text":"","src":"https:\/\/i0.wp.com\/enderg.com\/wp-content\/uploads\/2023\/03\/sw-jedi-survivor-key-art-1080x1080_c38222d5.jpeg?fit=1080%2C1080&ssl=1&resize=350%2C200","width":350,"height":200,"srcset":"https:\/\/i0.wp.com\/enderg.com\/wp-content\/uploads\/2023\/03\/sw-jedi-survivor-key-art-1080x1080_c38222d5.jpeg?fit=1080%2C1080&ssl=1&resize=350%2C200 1x, https:\/\/i0.wp.com\/enderg.com\/wp-content\/uploads\/2023\/03\/sw-jedi-survivor-key-art-1080x1080_c38222d5.jpeg?fit=1080%2C1080&ssl=1&resize=525%2C300 1.5x, https:\/\/i0.wp.com\/enderg.com\/wp-content\/uploads\/2023\/03\/sw-jedi-survivor-key-art-1080x1080_c38222d5.jpeg?fit=1080%2C1080&ssl=1&resize=700%2C400 2x, https:\/\/i0.wp.com\/enderg.com\/wp-content\/uploads\/2023\/03\/sw-jedi-survivor-key-art-1080x1080_c38222d5.jpeg?fit=1080%2C1080&ssl=1&resize=1050%2C600 3x"},"classes":[]},{"id":5990,"url":"https:\/\/enderg.com\/it\/product\/dead-island-2\/","url_meta":{"origin":2325,"position":2},"title":"L&#039;isola morta 2","author":"nazhad722","date":"21\/03\/2023","format":false,"excerpt":"Fast Delivery Delivery can take 5 to 20 minutes, according to your place in our queueYour Order will be \u2018Auto Refunded\u2019 in case it does not get delivered after 12 hours!","rel":"","context":"Con 1 commento","block_context":{"text":"Con 1 commento","link":"https:\/\/enderg.com\/it\/product\/dead-island-2\/#comments"},"img":{"alt_text":"","src":"https:\/\/i0.wp.com\/enderg.com\/wp-content\/uploads\/2023\/03\/SyX3pwXDmPfzSY6KsdCU6dfk.jpg?fit=800%2C1200&ssl=1&resize=350%2C200","width":350,"height":200,"srcset":"https:\/\/i0.wp.com\/enderg.com\/wp-content\/uploads\/2023\/03\/SyX3pwXDmPfzSY6KsdCU6dfk.jpg?fit=800%2C1200&ssl=1&resize=350%2C200 1x, https:\/\/i0.wp.com\/enderg.com\/wp-content\/uploads\/2023\/03\/SyX3pwXDmPfzSY6KsdCU6dfk.jpg?fit=800%2C1200&ssl=1&resize=525%2C300 1.5x, https:\/\/i0.wp.com\/enderg.com\/wp-content\/uploads\/2023\/03\/SyX3pwXDmPfzSY6KsdCU6dfk.jpg?fit=800%2C1200&ssl=1&resize=700%2C400 2x"},"classes":[]},{"id":6009,"url":"https:\/\/enderg.com\/it\/product\/diablo-4-iv\/","url_meta":{"origin":2325,"position":3},"title":"Diablo 4 IV","author":"nazhad722","date":"21\/03\/2023","format":false,"excerpt":"Fast Delivery Delivery can take 5 to 20 minutes, according to your place in our queueYour Order will be \u2018Auto Refunded\u2019 in case it does not get delivered after 12 hours!","rel":"","context":"Con 1 commento","block_context":{"text":"Con 1 commento","link":"https:\/\/enderg.com\/it\/product\/diablo-4-iv\/#comments"},"img":{"alt_text":"","src":"https:\/\/i0.wp.com\/enderg.com\/wp-content\/uploads\/2023\/03\/Diablo_IV_cover_art.png?fit=273%2C365&ssl=1&resize=350%2C200","width":350,"height":200},"classes":[]},{"id":6181,"url":"https:\/\/enderg.com\/it\/product\/the-last-of-us-part-i\/","url_meta":{"origin":2325,"position":4},"title":"The Last of Us Parte I","author":"nazhad722","date":"24\/03\/2023","format":false,"excerpt":"Consegna rapida La consegna pu\u00f2 richiedere dai 5 ai 20 minuti, a seconda della tua posizione nella coda. Il tuo ordine verr\u00e0 &quot;rimborsato automaticamente&quot; nel caso in cui non venga consegnato entro 12 ore!","rel":"","context":"Con 1 commento","block_context":{"text":"Con 1 commento","link":"https:\/\/enderg.com\/it\/product\/the-last-of-us-part-i\/#comments"},"img":{"alt_text":"","src":"https:\/\/i0.wp.com\/enderg.com\/wp-content\/uploads\/2023\/03\/eEczyEMDd2BLa3dtkGJVE9Id.jpg?fit=1024%2C1024&ssl=1&resize=350%2C200","width":350,"height":200,"srcset":"https:\/\/i0.wp.com\/enderg.com\/wp-content\/uploads\/2023\/03\/eEczyEMDd2BLa3dtkGJVE9Id.jpg?fit=1024%2C1024&ssl=1&resize=350%2C200 1x, https:\/\/i0.wp.com\/enderg.com\/wp-content\/uploads\/2023\/03\/eEczyEMDd2BLa3dtkGJVE9Id.jpg?fit=1024%2C1024&ssl=1&resize=525%2C300 1.5x, https:\/\/i0.wp.com\/enderg.com\/wp-content\/uploads\/2023\/03\/eEczyEMDd2BLa3dtkGJVE9Id.jpg?fit=1024%2C1024&ssl=1&resize=700%2C400 2x"},"classes":[]},{"id":7427,"url":"https:\/\/enderg.com\/it\/product\/god-of-war-ragnarok\/","url_meta":{"origin":2325,"position":5},"title":"God of War Ragnar\u00f6k","author":"nazhad722","date":"09\/04\/2023","format":false,"excerpt":"Consegna rapida La consegna pu\u00f2 richiedere dai 5 ai 20 minuti, a seconda della tua posizione nella coda. Il tuo ordine verr\u00e0 &quot;rimborsato automaticamente&quot; nel caso in cui non venga consegnato entro 12 ore!","rel":"","context":"Con 1 commento","block_context":{"text":"Con 1 commento","link":"https:\/\/enderg.com\/it\/product\/god-of-war-ragnarok\/#comments"},"img":{"alt_text":"","src":"https:\/\/i0.wp.com\/enderg.com\/wp-content\/uploads\/2023\/04\/4xJ8XB3bi888QTLZYdl7Oi0s.jpg?fit=1024%2C1024&ssl=1&resize=350%2C200","width":350,"height":200,"srcset":"https:\/\/i0.wp.com\/enderg.com\/wp-content\/uploads\/2023\/04\/4xJ8XB3bi888QTLZYdl7Oi0s.jpg?fit=1024%2C1024&ssl=1&resize=350%2C200 1x, https:\/\/i0.wp.com\/enderg.com\/wp-content\/uploads\/2023\/04\/4xJ8XB3bi888QTLZYdl7Oi0s.jpg?fit=1024%2C1024&ssl=1&resize=525%2C300 1.5x, https:\/\/i0.wp.com\/enderg.com\/wp-content\/uploads\/2023\/04\/4xJ8XB3bi888QTLZYdl7Oi0s.jpg?fit=1024%2C1024&ssl=1&resize=700%2C400 2x"},"classes":[]}],"_links":{"self":[{"href":"https:\/\/enderg.com\/it\/wp-json\/wp\/v2\/product\/2325","targetHints":{"allow":["GET"]}}],"collection":[{"href":"https:\/\/enderg.com\/it\/wp-json\/wp\/v2\/product"}],"about":[{"href":"https:\/\/enderg.com\/it\/wp-json\/wp\/v2\/types\/product"}],"replies":[{"embeddable":true,"href":"https:\/\/enderg.com\/it\/wp-json\/wp\/v2\/comments?post=2325"}],"version-history":[{"count":7,"href":"https:\/\/enderg.com\/it\/wp-json\/wp\/v2\/product\/2325\/revisions"}],"predecessor-version":[{"id":8820,"href":"https:\/\/enderg.com\/it\/wp-json\/wp\/v2\/product\/2325\/revisions\/8820"}],"wp:featuredmedia":[{"embeddable":true,"href":"https:\/\/enderg.com\/it\/wp-json\/wp\/v2\/media\/2996"}],"wp:attachment":[{"href":"https:\/\/enderg.com\/it\/wp-json\/wp\/v2\/media?parent=2325"}],"wp:term":[{"taxonomy":"product_brand","embeddable":true,"href":"https:\/\/enderg.com\/it\/wp-json\/wp\/v2\/product_brand?post=2325"},{"taxonomy":"product_cat","embeddable":true,"href":"https:\/\/enderg.com\/it\/wp-json\/wp\/v2\/product_cat?post=2325"},{"taxonomy":"product_tag","embeddable":true,"href":"https:\/\/enderg.com\/it\/wp-json\/wp\/v2\/product_tag?post=2325"}],"curies":[{"name":"wp","href":"https:\/\/api.w.org\/{rel}","templated":true}]}}