{"id":1846,"date":"2023-09-08T17:09:33","date_gmt":"2023-09-08T14:09:33","guid":{"rendered":"https:\/\/enderg.com\/product\/call-of-duty-4-modern-warfare\/"},"modified":"2025-12-11T05:59:01","modified_gmt":"2025-12-11T02:59:01","slug":"call-of-duty-4-modern-warfare","status":"publish","type":"product","link":"https:\/\/enderg.com\/it\/product\/call-of-duty-4-modern-warfare\/","title":{"rendered":"Call of Duty 4: Modern Warfare"},"content":{"rendered":"<div data-elementor-type=\"wp-post\" data-elementor-id=\"1846\" class=\"elementor elementor-1846\" data-elementor-post-type=\"product\">\n\t\t\t\t\t\t<section class=\"elementor-section elementor-top-section elementor-element elementor-element-33a6586c elementor-section-boxed elementor-section-height-default elementor-section-height-default\" data-id=\"33a6586c\" data-element_type=\"section\" data-e-type=\"section\">\n\t\t\t\t\t\t<div class=\"elementor-container elementor-column-gap-default\">\n\t\t\t\t\t<div class=\"elementor-column elementor-col-100 elementor-top-column elementor-element elementor-element-4acb5499\" data-id=\"4acb5499\" data-element_type=\"column\" data-e-type=\"column\">\n\t\t\t<div class=\"elementor-widget-wrap elementor-element-populated\">\n\t\t\t\t\t\t<div class=\"elementor-element elementor-element-527637f4 elementor-widget elementor-widget-accordion\" data-id=\"527637f4\" data-element_type=\"widget\" data-e-type=\"widget\" data-widget_type=\"accordion.default\">\n\t\t\t\t<div class=\"elementor-widget-container\">\n\t\t\t\t\t\t\t<div class=\"elementor-accordion\">\n\t\t\t\t\t\t\t<div class=\"elementor-accordion-item\">\n\t\t\t\t\t<h4 id=\"elementor-tab-title-1381\" class=\"elementor-tab-title\" data-tab=\"1\" role=\"button\" aria-controls=\"elementor-tab-content-1381\" aria-expanded=\"false\">\n\t\t\t\t\t\t\t\t\t\t\t\t\t<span class=\"elementor-accordion-icon elementor-accordion-icon-left\" aria-hidden=\"true\">\n\t\t\t\t\t\t\t\t\t\t\t\t\t\t\t<span class=\"elementor-accordion-icon-closed\"><i class=\"fas fa-truck\"><\/i><\/span>\n\t\t\t\t\t\t\t\t<span class=\"elementor-accordion-icon-opened\"><i class=\"fas fa-truck\"><\/i><\/span>\n\t\t\t\t\t\t\t\t\t\t\t\t\t\t<\/span>\n\t\t\t\t\t\t\t\t\t\t\t\t<a class=\"elementor-accordion-title\" tabindex=\"0\">Consegna veloce<\/a>\n\t\t\t\t\t<\/h4>\n\t\t\t\t\t<div id=\"elementor-tab-content-1381\" class=\"elementor-tab-content elementor-clearfix\" data-tab=\"1\" role=\"region\" aria-labelledby=\"elementor-tab-title-1381\"><p>5-10 minuti dopo che il tuo ordine \u00e8 andato a buon fine, riceverai un&#039;e-mail contenente le informazioni sull&#039;account e le istruzioni necessarie per giocare!<\/p><\/div>\n\t\t\t\t<\/div>\n\t\t\t\t\t\t\t\t<\/div>\n\t\t\t\t\t\t<\/div>\n\t\t\t\t<\/div>\n\t\t\t\t<div class=\"elementor-element elementor-element-1db9ce8c elementor-widget elementor-widget-accordion\" data-id=\"1db9ce8c\" data-element_type=\"widget\" data-e-type=\"widget\" data-widget_type=\"accordion.default\">\n\t\t\t\t<div class=\"elementor-widget-container\">\n\t\t\t\t\t\t\t<div class=\"elementor-accordion\">\n\t\t\t\t\t\t\t<div class=\"elementor-accordion-item\">\n\t\t\t\t\t<h4 id=\"elementor-tab-title-4981\" class=\"elementor-tab-title\" data-tab=\"1\" role=\"button\" aria-controls=\"elementor-tab-content-4981\" aria-expanded=\"false\">\n\t\t\t\t\t\t\t\t\t\t\t\t\t<span class=\"elementor-accordion-icon elementor-accordion-icon-left\" aria-hidden=\"true\">\n\t\t\t\t\t\t\t\t\t\t\t\t\t\t\t<span class=\"elementor-accordion-icon-closed\"><i class=\"fab fa-xbox\"><\/i><\/span>\n\t\t\t\t\t\t\t\t<span class=\"elementor-accordion-icon-opened\"><i class=\"fab fa-xbox\"><\/i><\/span>\n\t\t\t\t\t\t\t\t\t\t\t\t\t\t<\/span>\n\t\t\t\t\t\t\t\t\t\t\t\t<a class=\"elementor-accordion-title\" tabindex=\"0\">Come Attivare<\/a>\n\t\t\t\t\t<\/h4>\n\t\t\t\t\t<div id=\"elementor-tab-content-4981\" class=\"elementor-tab-content elementor-clearfix\" data-tab=\"1\" role=\"region\" aria-labelledby=\"elementor-tab-title-4981\"><div><div class=\"summary__title\"><p class=\"h4 accordion__title\"><span style=\"font-size: 16px;\">Dopo aver effettuato l&#039;ordine riceverai le credenziali di accesso a un nuovo account xbox con il gioco acquistato.<\/span><\/p><\/div><\/div><div id=\"ProductAccordion-7758d42d-04bc-45e9-a7f9-4770adf0135f-template--16335261040854__main\" class=\"accordion__content rte\"><p><a title=\"https:\/\/support.xbox.com\/en-US\/help\/hardware-network\/console\/my-home-xbox\" href=\"https:\/\/support.xbox.com\/en-US\/help\/hardware-network\/console\/my-home-xbox\" target=\"_blank\" rel=\"noopener\">Scopri come condividere i tuoi giochi tra i tuoi account tramite la &quot;Funzione di condivisione in casa&quot;<\/a><\/p><\/div><\/div>\n\t\t\t\t<\/div>\n\t\t\t\t\t\t\t\t<\/div>\n\t\t\t\t\t\t<\/div>\n\t\t\t\t<\/div>\n\t\t\t\t<div class=\"elementor-element elementor-element-317b6614 elementor-widget elementor-widget-accordion\" data-id=\"317b6614\" data-element_type=\"widget\" data-e-type=\"widget\" data-widget_type=\"accordion.default\">\n\t\t\t\t<div class=\"elementor-widget-container\">\n\t\t\t\t\t\t\t<div class=\"elementor-accordion\">\n\t\t\t\t\t\t\t<div class=\"elementor-accordion-item\">\n\t\t\t\t\t<h4 id=\"elementor-tab-title-8301\" class=\"elementor-tab-title\" data-tab=\"1\" role=\"button\" aria-controls=\"elementor-tab-content-8301\" aria-expanded=\"false\">\n\t\t\t\t\t\t\t\t\t\t\t\t\t<span class=\"elementor-accordion-icon elementor-accordion-icon-left\" aria-hidden=\"true\">\n\t\t\t\t\t\t\t\t\t\t\t\t\t\t\t<span class=\"elementor-accordion-icon-closed\"><i class=\"fab fa-steam\"><\/i><\/span>\n\t\t\t\t\t\t\t\t<span class=\"elementor-accordion-icon-opened\"><i class=\"fab fa-steam\"><\/i><\/span>\n\t\t\t\t\t\t\t\t\t\t\t\t\t\t<\/span>\n\t\t\t\t\t\t\t\t\t\t\t\t<a class=\"elementor-accordion-title\" tabindex=\"0\">Come Attivare<\/a>\n\t\t\t\t\t<\/h4>\n\t\t\t\t\t<div id=\"elementor-tab-content-8301\" class=\"elementor-tab-content elementor-clearfix\" data-tab=\"1\" role=\"region\" aria-labelledby=\"elementor-tab-title-8301\"><p>1- Esci dal tuo account Steam.<\/p>\n<p>2- Accedi all&#039;account che ti \u00e8 stato inviato tramite e-mail.<\/p>\n<p>3- Fai clic su Gioca sul gioco che hai acquistato e divertiti!<\/p>\n<p>Sei completamente libero di cambiare la &quot;Password&quot; dell&#039;account o di condividere la Libreria con il tuo account Steam, per far progredire il gioco sul tuo account Steam e sbloccare gli Obiettivi!<\/p>\n<p><a title=\"https:\/\/help.steampowered.com\/en\/faqs\/view\/57A7-503C-991F-E9A8\" href=\"https:\/\/help.steampowered.com\/en\/faqs\/view\/57A7-503C-991F-E9A8\" target=\"_blank\" rel=\"noopener\"><b>Scopri come accedere alla libreria di un account per giocare ai suoi giochi sul tuo account.<\/b><\/a><\/p><\/div>\n\t\t\t\t<\/div>\n\t\t\t\t\t\t\t\t<\/div>\n\t\t\t\t\t\t<\/div>\n\t\t\t\t<\/div>\n\t\t\t\t<div class=\"elementor-element elementor-element-67664f58 elementor-widget elementor-widget-text-editor\" data-id=\"67664f58\" data-element_type=\"widget\" data-e-type=\"widget\" data-widget_type=\"text-editor.default\">\n\t\t\t\t<div class=\"elementor-widget-container\">\n\t\t\t\t\t\t\t\t\t<h3 style=\"text-align: center;\"><strong>A proposito di questo gioco<\/strong><\/h3>\t\t\t\t\t\t\t\t<\/div>\n\t\t\t\t<\/div>\n\t\t\t\t\t<\/div>\n\t\t<\/div>\n\t\t\t\t\t<\/div>\n\t\t<\/section>\n\t\t\t\t<section class=\"elementor-section elementor-top-section elementor-element elementor-element-7add34ef elementor-section-boxed elementor-section-height-default elementor-section-height-default\" data-id=\"7add34ef\" data-element_type=\"section\" data-e-type=\"section\">\n\t\t\t\t\t\t<div class=\"elementor-container elementor-column-gap-default\">\n\t\t\t\t\t<div class=\"elementor-column elementor-col-100 elementor-top-column elementor-element elementor-element-2dce5880\" data-id=\"2dce5880\" data-element_type=\"column\" data-e-type=\"column\">\n\t\t\t<div class=\"elementor-widget-wrap elementor-element-populated\">\n\t\t\t\t\t\t<div class=\"elementor-element elementor-element-2476fcc7 elementor-widget elementor-widget-text-editor\" data-id=\"2476fcc7\" data-element_type=\"widget\" data-e-type=\"widget\" data-widget_type=\"text-editor.default\">\n\t\t\t\t<div class=\"elementor-widget-container\">\n\t\t\t\t\t\t\t\t\t<p style=\"text-align: center;\"><strong style=\"font-size: 1.41575em;\">SU QUESTO GIOCO<\/strong><\/p><p>Il nuovo thriller d&#039;azione del pluripremiato team di Infinity Ward, i creatori della serie Call of Duty\u00ae, offre l&#039;esperienza d&#039;azione pi\u00f9 intensa e cinematografica di sempre. Call of Duty 4: Modern Warfare arma i giocatori con un arsenale di potenza di fuoco moderna avanzata e potente e li trasporta nei punti caldi pi\u00f9 insidiosi del mondo per affrontare un gruppo nemico canaglia che minaccia il mondo.<\/p><div class=\"read-more\"><div class=\"game_page_autocollapse_ctn\"><div id=\"aboutThisGame\" class=\"game_page_autocollapse\" data-panel=\"{&quot;type&quot;:&quot;PanelGroup&quot;}\"><div id=\"game_area_description\" class=\"game_area_description\"><p>Nei panni di un marine americano e di un soldato della SAS britannica che combattono in una storia ricca di colpi di scena, i giocatori utilizzano tecnologie sofisticate, potenza di fuoco superiore e attacchi terrestri e aerei coordinati su un campo di battaglia dove velocit\u00e0, precisione e comunicazione sono essenziali per la vittoria. L&#039;epico titolo offre anche una maggiore profondit\u00e0 di azione multiplayer offrendo ai fan online una nuovissima community di tenacia, gameplay avvincente e personalizzabile.<\/p><ul class=\"bb_ul\"><li><strong>Armi avanzate autentiche<\/strong>\u00a0\u2013 Dotato di un arsenale disponibile di oltre 70 armi ed equipaggiamenti nuovi e autentici, tra cui fucili d&#039;assalto con siti laser, mine Claymore, fucili di precisione calibro .50 e mitragliatrici M-249 SAW. Con accessori come occhiali per la visione notturna e tute ghillie, per il massimo occultamento, Call of Duty 4: Modern Warfare tiene i giocatori bloccati e caricati per portare a termine la missione.<\/li><li><strong>Assalto e supporto coordinati<\/strong>\u00a0\u2013 Offrendo il thriller d&#039;azione pi\u00f9 viscerale di sempre, il titolo copre la battaglia moderna dal soldato al satellite, dove la necessit\u00e0 del supporto aereo \u00e8 fondamentale per il successo. Questa scarica di adrenalina invita i giocatori a lanciarsi su una corda veloce da elicotteri tattici, a guidare un&#039;armata di elicotteri d&#039;attacco, a utilizzare jet per rimuovere le roccaforti nemiche e persino a ingaggiare nemici da migliaia di piedi sopra il suolo all&#039;interno di una cannoniera aerea all&#039;avanguardia.<\/li><li><strong>Grafica e suono di qualit\u00e0 cinematografica\u00a0<\/strong>\u2013 Grazie alla straordinaria grafica di prossima generazione, i giocatori verranno trascinati nell&#039;intensit\u00e0 cinematografica di Call of Duty 4: Modern Warfare. Incredibili effetti speciali, tra cui profondit\u00e0 di campo realistica, illuminazione dei bordi, ombreggiatura dei personaggi, streaming di texture ed effetti basati sulla fisica, coinvolgeranno i giocatori nell&#039;esperienza di gioco pi\u00f9 fotorealistica. Combina la grafica realistica e le chiacchiere di battaglia realistiche con il pluripremiato sound design di Call of Duty e i giocatori affronteranno la battaglia come mai prima d&#039;ora.<\/li><li><strong>Profondit\u00e0 senza precedenti nel multiplayer\u00a0<\/strong>\u2013 Il multiplayer si basa sul successo di Call of Duty 2 offrendo un&#039;esperienza online persistente per una maggiore interazione con la comunit\u00e0. Dotato di opzioni di creazione di una classe che consentono ai giocatori di personalizzare l&#039;equipaggiamento pi\u00f9 adatto al gioco, di punti esperienza che consentono sbloccabili e vantaggi, fino al matchmaking e alle classifiche per le ultime novit\u00e0 in fatto di tracciamento, il multiplayer di Call of Duty 4: Modern Warfare \u00e8 impostato per offrire a tutti un gioco online facilmente accessibile e avvincente.<\/li><\/ul><\/div><\/div><\/div><div class=\"game_page_autocollapse_ctn\"><div class=\"game_page_autocollapse sys_req\"><div class=\"sysreq_contents\"><div class=\"game_area_sys_req sysreq_content active\" data-os=\"win\"><div class=\"game_area_sys_req_full\">\u00a0<\/div><\/div><\/div><\/div><\/div><\/div><h2><iframe title=\"Riproduttore video di YouTube\" data-src=\"https:\/\/www.youtube.com\/embed\/LhuIjNSg7Gg\" width=\"375\" height=\"315\" frameborder=\"0\" allowfullscreen=\"allowfullscreen\" src=\"data:image\/svg+xml;base64,PHN2ZyB3aWR0aD0iMSIgaGVpZ2h0PSIxIiB4bWxucz0iaHR0cDovL3d3dy53My5vcmcvMjAwMC9zdmciPjwvc3ZnPg==\" class=\"lazyload\" data-load-mode=\"1\"><\/iframe><\/h2>\t\t\t\t\t\t\t\t<\/div>\n\t\t\t\t<\/div>\n\t\t\t\t\t<\/div>\n\t\t<\/div>\n\t\t\t\t\t<\/div>\n\t\t<\/section>\n\t\t\t\t<\/div>","protected":false},"excerpt":{"rendered":"<p>Fast Delivery 5-10 minutes after your order goes through, you will receive an email containing the Account info &amp; instructions you need to play! How To Activate After placing Your order You will receive login credentials to a new xbox account with the game purchased. Learn how to share your games among your accounts via [&hellip;]<\/p>\n","protected":false},"featured_media":1993,"comment_status":"closed","ping_status":"closed","template":"","meta":{"_crdt_document":"","jetpack_publicize_message":"","jetpack_publicize_feature_enabled":true,"jetpack_social_post_already_shared":true,"jetpack_social_options":{"image_generator_settings":{"template":"highway","default_image_id":0,"font":"","enabled":false},"version":2},"_wpas_customize_per_network":false},"product_brand":[],"product_cat":[1375,1374],"product_tag":[1399],"class_list":{"0":"post-1846","1":"product","2":"type-product","3":"status-publish","4":"has-post-thumbnail","6":"product_cat-pc","7":"product_cat-xbox","8":"product_tag-xbox","10":"first","11":"outofstock","12":"sale","13":"taxable","14":"shipping-taxable","15":"purchasable","16":"product-type-variable","17":"has-default-attributes"},"yoast_head":"<!-- This site is optimized with the Yoast SEO Premium plugin v27.4 (Yoast SEO v27.4) - https:\/\/yoast.com\/product\/yoast-seo-premium-wordpress\/ -->\n<title>Call of Duty 4: Modern Warfare - EnderG<\/title>\n<meta name=\"robots\" content=\"index, follow, max-snippet:-1, max-image-preview:large, max-video-preview:-1\" \/>\n<link rel=\"canonical\" href=\"https:\/\/enderg.com\/it\/product\/call-of-duty-4-modern-warfare\/\" \/>\n<meta property=\"og:locale\" content=\"it_IT\" \/>\n<meta property=\"og:type\" content=\"article\" \/>\n<meta property=\"og:title\" content=\"Call of Duty 4: Modern Warfare\" \/>\n<meta property=\"og:description\" content=\"Fast Delivery 5-10 minutes after your order goes through, you will receive an email containing the Account info &amp; instructions you need to play! How To Activate After placing Your order You will receive login credentials to a new xbox account with the game purchased. Learn how to share your games among your accounts via [&hellip;]\" \/>\n<meta property=\"og:url\" content=\"https:\/\/enderg.com\/it\/product\/call-of-duty-4-modern-warfare\/\" \/>\n<meta property=\"og:site_name\" content=\"EnderG\" \/>\n<meta property=\"article:publisher\" content=\"https:\/\/www.facebook.com\/Endergg1\/\" \/>\n<meta property=\"article:modified_time\" content=\"2025-12-11T02:59:01+00:00\" \/>\n<meta property=\"og:image\" content=\"https:\/\/enderg.com\/wp-content\/uploads\/2022\/08\/Call_of_Duty_4_Modern_Warfare_8bdac2a6-84dd-42f1-9009-ff127ea40dd0.jpg\" \/>\n\t<meta property=\"og:image:width\" content=\"220\" \/>\n\t<meta property=\"og:image:height\" content=\"320\" \/>\n\t<meta property=\"og:image:type\" content=\"image\/jpeg\" \/>\n<meta name=\"twitter:card\" content=\"summary_large_image\" \/>\n<meta name=\"twitter:label1\" content=\"Tempo di lettura stimato\" \/>\n\t<meta name=\"twitter:data1\" content=\"3 minuti\" \/>\n<script type=\"application\/ld+json\" class=\"yoast-schema-graph\">{\"@context\":\"https:\\\/\\\/schema.org\",\"@graph\":[{\"@type\":\"WebPage\",\"@id\":\"https:\\\/\\\/enderg.com\\\/product\\\/call-of-duty-4-modern-warfare\\\/\",\"url\":\"https:\\\/\\\/enderg.com\\\/product\\\/call-of-duty-4-modern-warfare\\\/\",\"name\":\"Call of Duty 4: Modern Warfare - EnderG\",\"isPartOf\":{\"@id\":\"https:\\\/\\\/enderg.com\\\/#website\"},\"primaryImageOfPage\":{\"@id\":\"https:\\\/\\\/enderg.com\\\/product\\\/call-of-duty-4-modern-warfare\\\/#primaryimage\"},\"image\":{\"@id\":\"https:\\\/\\\/enderg.com\\\/product\\\/call-of-duty-4-modern-warfare\\\/#primaryimage\"},\"thumbnailUrl\":\"https:\\\/\\\/i0.wp.com\\\/enderg.com\\\/wp-content\\\/uploads\\\/2022\\\/08\\\/Call_of_Duty_4_Modern_Warfare_8bdac2a6-84dd-42f1-9009-ff127ea40dd0.jpg?fit=220%2C320&ssl=1\",\"datePublished\":\"2023-09-08T14:09:33+00:00\",\"dateModified\":\"2025-12-11T02:59:01+00:00\",\"breadcrumb\":{\"@id\":\"https:\\\/\\\/enderg.com\\\/product\\\/call-of-duty-4-modern-warfare\\\/#breadcrumb\"},\"inLanguage\":\"it-IT\",\"potentialAction\":[{\"@type\":\"ReadAction\",\"target\":[\"https:\\\/\\\/enderg.com\\\/product\\\/call-of-duty-4-modern-warfare\\\/\"]}]},{\"@type\":\"ImageObject\",\"inLanguage\":\"it-IT\",\"@id\":\"https:\\\/\\\/enderg.com\\\/product\\\/call-of-duty-4-modern-warfare\\\/#primaryimage\",\"url\":\"https:\\\/\\\/i0.wp.com\\\/enderg.com\\\/wp-content\\\/uploads\\\/2022\\\/08\\\/Call_of_Duty_4_Modern_Warfare_8bdac2a6-84dd-42f1-9009-ff127ea40dd0.jpg?fit=220%2C320&ssl=1\",\"contentUrl\":\"https:\\\/\\\/i0.wp.com\\\/enderg.com\\\/wp-content\\\/uploads\\\/2022\\\/08\\\/Call_of_Duty_4_Modern_Warfare_8bdac2a6-84dd-42f1-9009-ff127ea40dd0.jpg?fit=220%2C320&ssl=1\",\"width\":220,\"height\":320},{\"@type\":\"BreadcrumbList\",\"@id\":\"https:\\\/\\\/enderg.com\\\/product\\\/call-of-duty-4-modern-warfare\\\/#breadcrumb\",\"itemListElement\":[{\"@type\":\"ListItem\",\"position\":1,\"name\":\"Home\",\"item\":\"https:\\\/\\\/enderg.com\\\/\"},{\"@type\":\"ListItem\",\"position\":2,\"name\":\"Shop\",\"item\":\"https:\\\/\\\/enderg.com\\\/shop\\\/\"},{\"@type\":\"ListItem\",\"position\":3,\"name\":\"Call of Duty 4: Modern Warfare\"}]},{\"@type\":\"WebSite\",\"@id\":\"https:\\\/\\\/enderg.com\\\/#website\",\"url\":\"https:\\\/\\\/enderg.com\\\/\",\"name\":\"EnderG\",\"description\":\"Cheaper Is What We Do!\",\"publisher\":{\"@id\":\"https:\\\/\\\/enderg.com\\\/#organization\"},\"potentialAction\":[{\"@type\":\"SearchAction\",\"target\":{\"@type\":\"EntryPoint\",\"urlTemplate\":\"https:\\\/\\\/enderg.com\\\/?s={search_term_string}\"},\"query-input\":{\"@type\":\"PropertyValueSpecification\",\"valueRequired\":true,\"valueName\":\"search_term_string\"}}],\"inLanguage\":\"it-IT\"},{\"@type\":\"Organization\",\"@id\":\"https:\\\/\\\/enderg.com\\\/#organization\",\"name\":\"EnderG\",\"url\":\"https:\\\/\\\/enderg.com\\\/\",\"logo\":{\"@type\":\"ImageObject\",\"inLanguage\":\"it-IT\",\"@id\":\"https:\\\/\\\/enderg.com\\\/#\\\/schema\\\/logo\\\/image\\\/\",\"url\":\"https:\\\/\\\/enderg.com\\\/wp-content\\\/uploads\\\/2023\\\/03\\\/222222222221.png\",\"contentUrl\":\"https:\\\/\\\/enderg.com\\\/wp-content\\\/uploads\\\/2023\\\/03\\\/222222222221.png\",\"width\":512,\"height\":512,\"caption\":\"EnderG\"},\"image\":{\"@id\":\"https:\\\/\\\/enderg.com\\\/#\\\/schema\\\/logo\\\/image\\\/\"},\"sameAs\":[\"https:\\\/\\\/www.facebook.com\\\/Endergg1\\\/\",\"https:\\\/\\\/www.instagram.com\\\/enderg01\",\"https:\\\/\\\/www.youtube.com\\\/@enderg-com\"],\"description\":\"Cheaper Gaming is what we do!\",\"legalName\":\"Vandar Limited\",\"foundingDate\":\"2022-06-21\"}]}<\/script>\n<!-- \/ Yoast SEO Premium plugin. -->","yoast_head_json":{"title":"Call of Duty 4: Modern Warfare - EnderG","robots":{"index":"index","follow":"follow","max-snippet":"max-snippet:-1","max-image-preview":"max-image-preview:large","max-video-preview":"max-video-preview:-1"},"canonical":"https:\/\/enderg.com\/it\/product\/call-of-duty-4-modern-warfare\/","og_locale":"it_IT","og_type":"article","og_title":"Call of Duty 4: Modern Warfare","og_description":"Fast Delivery 5-10 minutes after your order goes through, you will receive an email containing the Account info &amp; instructions you need to play! How To Activate After placing Your order You will receive login credentials to a new xbox account with the game purchased. Learn how to share your games among your accounts via [&hellip;]","og_url":"https:\/\/enderg.com\/it\/product\/call-of-duty-4-modern-warfare\/","og_site_name":"EnderG","article_publisher":"https:\/\/www.facebook.com\/Endergg1\/","article_modified_time":"2025-12-11T02:59:01+00:00","og_image":[{"width":220,"height":320,"url":"https:\/\/enderg.com\/wp-content\/uploads\/2022\/08\/Call_of_Duty_4_Modern_Warfare_8bdac2a6-84dd-42f1-9009-ff127ea40dd0.jpg","type":"image\/jpeg"}],"twitter_card":"summary_large_image","twitter_misc":{"Tempo di lettura stimato":"3 minuti"},"schema":{"@context":"https:\/\/schema.org","@graph":[{"@type":"WebPage","@id":"https:\/\/enderg.com\/product\/call-of-duty-4-modern-warfare\/","url":"https:\/\/enderg.com\/product\/call-of-duty-4-modern-warfare\/","name":"Call of Duty 4: Modern Warfare - EnderG","isPartOf":{"@id":"https:\/\/enderg.com\/#website"},"primaryImageOfPage":{"@id":"https:\/\/enderg.com\/product\/call-of-duty-4-modern-warfare\/#primaryimage"},"image":{"@id":"https:\/\/enderg.com\/product\/call-of-duty-4-modern-warfare\/#primaryimage"},"thumbnailUrl":"https:\/\/i0.wp.com\/enderg.com\/wp-content\/uploads\/2022\/08\/Call_of_Duty_4_Modern_Warfare_8bdac2a6-84dd-42f1-9009-ff127ea40dd0.jpg?fit=220%2C320&ssl=1","datePublished":"2023-09-08T14:09:33+00:00","dateModified":"2025-12-11T02:59:01+00:00","breadcrumb":{"@id":"https:\/\/enderg.com\/product\/call-of-duty-4-modern-warfare\/#breadcrumb"},"inLanguage":"it-IT","potentialAction":[{"@type":"ReadAction","target":["https:\/\/enderg.com\/product\/call-of-duty-4-modern-warfare\/"]}]},{"@type":"ImageObject","inLanguage":"it-IT","@id":"https:\/\/enderg.com\/product\/call-of-duty-4-modern-warfare\/#primaryimage","url":"https:\/\/i0.wp.com\/enderg.com\/wp-content\/uploads\/2022\/08\/Call_of_Duty_4_Modern_Warfare_8bdac2a6-84dd-42f1-9009-ff127ea40dd0.jpg?fit=220%2C320&ssl=1","contentUrl":"https:\/\/i0.wp.com\/enderg.com\/wp-content\/uploads\/2022\/08\/Call_of_Duty_4_Modern_Warfare_8bdac2a6-84dd-42f1-9009-ff127ea40dd0.jpg?fit=220%2C320&ssl=1","width":220,"height":320},{"@type":"BreadcrumbList","@id":"https:\/\/enderg.com\/product\/call-of-duty-4-modern-warfare\/#breadcrumb","itemListElement":[{"@type":"ListItem","position":1,"name":"Home","item":"https:\/\/enderg.com\/"},{"@type":"ListItem","position":2,"name":"Shop","item":"https:\/\/enderg.com\/shop\/"},{"@type":"ListItem","position":3,"name":"Call of Duty 4: Modern Warfare"}]},{"@type":"WebSite","@id":"https:\/\/enderg.com\/#website","url":"https:\/\/enderg.com\/","name":"EnderG","description":"Quello che facciamo \u00e8 pi\u00f9 economico!","publisher":{"@id":"https:\/\/enderg.com\/#organization"},"potentialAction":[{"@type":"SearchAction","target":{"@type":"EntryPoint","urlTemplate":"https:\/\/enderg.com\/?s={search_term_string}"},"query-input":{"@type":"PropertyValueSpecification","valueRequired":true,"valueName":"search_term_string"}}],"inLanguage":"it-IT"},{"@type":"Organization","@id":"https:\/\/enderg.com\/#organization","name":"EnderG","url":"https:\/\/enderg.com\/","logo":{"@type":"ImageObject","inLanguage":"it-IT","@id":"https:\/\/enderg.com\/#\/schema\/logo\/image\/","url":"https:\/\/enderg.com\/wp-content\/uploads\/2023\/03\/222222222221.png","contentUrl":"https:\/\/enderg.com\/wp-content\/uploads\/2023\/03\/222222222221.png","width":512,"height":512,"caption":"EnderG"},"image":{"@id":"https:\/\/enderg.com\/#\/schema\/logo\/image\/"},"sameAs":["https:\/\/www.facebook.com\/Endergg1\/","https:\/\/www.instagram.com\/enderg01","https:\/\/www.youtube.com\/@enderg-com"],"description":"Il nostro obiettivo \u00e8 rendere il gioco pi\u00f9 economico!","legalName":"Vandar Limited","foundingDate":"2022-06-21"}]}},"jetpack_publicize_connections":[],"jetpack_likes_enabled":true,"jetpack_sharing_enabled":true,"jetpack-related-posts":[],"_links":{"self":[{"href":"https:\/\/enderg.com\/it\/wp-json\/wp\/v2\/product\/1846","targetHints":{"allow":["GET"]}}],"collection":[{"href":"https:\/\/enderg.com\/it\/wp-json\/wp\/v2\/product"}],"about":[{"href":"https:\/\/enderg.com\/it\/wp-json\/wp\/v2\/types\/product"}],"replies":[{"embeddable":true,"href":"https:\/\/enderg.com\/it\/wp-json\/wp\/v2\/comments?post=1846"}],"version-history":[{"count":7,"href":"https:\/\/enderg.com\/it\/wp-json\/wp\/v2\/product\/1846\/revisions"}],"predecessor-version":[{"id":3693,"href":"https:\/\/enderg.com\/it\/wp-json\/wp\/v2\/product\/1846\/revisions\/3693"}],"wp:featuredmedia":[{"embeddable":true,"href":"https:\/\/enderg.com\/it\/wp-json\/wp\/v2\/media\/1993"}],"wp:attachment":[{"href":"https:\/\/enderg.com\/it\/wp-json\/wp\/v2\/media?parent=1846"}],"wp:term":[{"taxonomy":"product_brand","embeddable":true,"href":"https:\/\/enderg.com\/it\/wp-json\/wp\/v2\/product_brand?post=1846"},{"taxonomy":"product_cat","embeddable":true,"href":"https:\/\/enderg.com\/it\/wp-json\/wp\/v2\/product_cat?post=1846"},{"taxonomy":"product_tag","embeddable":true,"href":"https:\/\/enderg.com\/it\/wp-json\/wp\/v2\/product_tag?post=1846"}],"curies":[{"name":"wp","href":"https:\/\/api.w.org\/{rel}","templated":true}]}}