{"id":670,"date":"2023-09-08T17:08:53","date_gmt":"2023-09-08T14:08:53","guid":{"rendered":"https:\/\/enderg.com\/product\/starship-troopers-terran-command\/"},"modified":"2024-06-26T01:32:38","modified_gmt":"2024-06-25T22:32:38","slug":"starship-troopers-terran-command","status":"publish","type":"product","link":"https:\/\/enderg.com\/fr\/product\/starship-troopers-terran-command\/","title":{"rendered":"Starship Troopers\u00a0: Commandement Terran"},"content":{"rendered":"<div class=\"game_page_autocollapse_ctn expanded\">\n<div id=\"aboutThisGame\" class=\"game_page_autocollapse\" data-panel=\"{&quot;type&quot;:&quot;PanelGroup&quot;}\">\n<div id=\"game_area_description\" class=\"game_area_description\">\n<p><strong>Starship Troopers\u00a0: Commandement Terran<\/strong>\u00a0est un jeu de strat\u00e9gie en temps r\u00e9el passionnant se d\u00e9roulant dans l&#039;univers des films Starship Troopers. Prenez le commandement de l&#039;infanterie mobile et participez \u00e0 la guerre contre la menace arachnide. Construisez, d\u00e9veloppez et contr\u00f4lez vos arm\u00e9es pour trouver un \u00e9quilibre efficace entre sup\u00e9riorit\u00e9 tactique et force num\u00e9rique. Assurez-vous que la civilisation humaine, et non les insectes, domine la galaxie maintenant et toujours\u00a0!<\/p>\n<h2 class=\"bb_tag\">Campagne d&#039;histoire<\/h2>\n<p>La population de la dure plan\u00e8te d\u00e9sertique Kwalasha a besoin de notre aide. Leur quotidien de dur labeur dans les industries mini\u00e8res est perturb\u00e9 par un nouveau danger auquel ils ne peuvent affronter seuls : l&#039;Arachnide. L&#039;infanterie mobile interviendra rapidement, reprendra le contr\u00f4le de la plan\u00e8te et \u00e9crasera tout ce qui a plus de deux jambes. Participez \u00e0 cette campagne militaire passionnante, rencontrez des personnages uniques, visitez des lieux incroyables et vivez la guerre h\u00e9ro\u00efque contre le Bug.<\/p>\n<h2 class=\"bb_tag\">Tactiques et chiffres<\/h2>\n<p>Alors que les Arachnides peuvent compter sur un nombre pratiquement illimit\u00e9, l&#039;infanterie mobile doit d\u00e9velopper des tactiques efficaces pour surmonter ce d\u00e9s\u00e9quilibre. D\u00e9ployez vos unit\u00e9s \u00e0 des emplacements strat\u00e9giques pour couvrir les points d&#039;\u00e9tranglement vitaux et b\u00e9n\u00e9ficiez d&#039;une puissance de feu sup\u00e9rieure gr\u00e2ce \u00e0 l&#039;utilisation tactique des niveaux d&#039;\u00e9l\u00e9vation. Attention cependant, les m\u00e9canismes de combat tels que True Line of Sight et True Line of Fire permettent \u00e9galement aux Bugs de tendre des embuscades \u00e0 chaque coin de rue, car ils sont bien connus pour leur utilisation d&#039;attaques surprises et de tromperies.<\/p>\n<h2 class=\"bb_tag\">Unit\u00e9s et capacit\u00e9s<\/h2>\n<p>Une large gamme d&#039;unit\u00e9s uniques est \u00e0 votre disposition, chacune avec ses propres forces, faiblesses et capacit\u00e9s d&#039;\u00e9lite \u00e0 d\u00e9bloquer. Les escouades de Rifle Troopers, par exemple, constituent le pilier de vos forces et peuvent utiliser la \u00ab suppression des fusils de chasse \u00bb ou les \u00ab packs de fl\u00e8ches \u00bb lorsqu&#039;elles atteignent le niveau d&#039;exp\u00e9rience d&#039;\u00e9lite. Les Rocket Troopers, quant \u00e0 eux, sont des sp\u00e9cialistes qui livrent divers types de munitions mortelles, allant des ogives perforantes et hautement explosives aux charges utiles incendiaires et canisters.<br \/>\nAu fur et \u00e0 mesure que la campagne progresse, de nouveaux b\u00e2timents technologiques peuvent \u00eatre d\u00e9ploy\u00e9s pour lib\u00e9rer le v\u00e9ritable potentiel de l&#039;arsenal de la F\u00e9d\u00e9ration avec des fusils E-Pulse, des frappes a\u00e9riennes TAC Fighter, des v\u00e9hicules bip\u00e8des Marauder lourdement arm\u00e9s et bien d&#039;autres d\u00e9veloppements optimis\u00e9s pour pulv\u00e9riser de l&#039;ichor Bug sur le champ de bataille.<\/p>\n<h2 class=\"bb_tag\">Principales caract\u00e9ristiques<\/h2>\n<ul class=\"bb_ul\">\n<li>Une campagne immersive avec des missions uniques, des personnages et beaucoup de saveurs de Starship Troopers.<\/li>\n<li>Des dizaines de types d&#039;unit\u00e9s uniques, chacun avec ses propres capacit\u00e9s sp\u00e9ciales.<\/li>\n<li>L&#039;\u00e9l\u00e9vation du terrain, la v\u00e9ritable ligne de vue et la v\u00e9ritable ligne de tir offrent un gameplay tactique profond.<\/li>\n<li>Capturez et d\u00e9tenez des stations de radio vitales, construisez des d\u00e9fenses de base pour repousser les attaques d&#039;Arachnides et d\u00e9ployez des b\u00e2timents technologiques pour d\u00e9bloquer de nouvelles armes.<\/li>\n<li>H\u00e9ro\u00efques, explosions, gore et bugs. Beaucoup de bugs.<\/li>\n<\/ul>\n<\/div>\n<\/div>\n<\/div>\n<div class=\"game_page_autocollapse_ctn\">\n<div class=\"game_page_autocollapse sys_req\">\n<h2><iframe title=\"Lecteur vid\u00e9o YouTube\" data-src=\"https:\/\/www.youtube.com\/embed\/sNCAZJw1AC0\" width=\"560\" height=\"315\" frameborder=\"0\" allowfullscreen=\"allowfullscreen\" src=\"data:image\/svg+xml;base64,PHN2ZyB3aWR0aD0iMSIgaGVpZ2h0PSIxIiB4bWxucz0iaHR0cDovL3d3dy53My5vcmcvMjAwMC9zdmciPjwvc3ZnPg==\" class=\"lazyload\" data-load-mode=\"1\"><\/iframe><\/h2>\n<h2>CONFIGURATION REQUISE<\/h2>\n<div class=\"sysreq_contents\">\n<div class=\"game_area_sys_req sysreq_content active\" data-os=\"win\">\n<div class=\"game_area_sys_req_leftCol\"><strong>LE MINIMUM:<\/strong><\/p>\n<ul>\n<li style=\"list-style-type: none;\">\n<ul class=\"bb_ul\">\n<li><strong>SE\u00a0:<\/strong>\u00a0Windows 8\/10 64 bits (le jeu fonctionne sous Windows 7 mais aucun support ne sera fourni)<\/li>\n<li><strong>Processeur:<\/strong>\u00a0Intel Core i5 ou \u00e9quivalent<\/li>\n<li><strong>M\u00e9moire:<\/strong>\u00a08 Go de RAM<\/li>\n<li><strong>Graphique:<\/strong>\u00a0GeForce GTX 1050\/Radeon RX 560<\/li>\n<li><strong>DirectX\u00a0:<\/strong>\u00a0Version 9.0<\/li>\n<li><strong>Stockage:<\/strong>\u00a010 Go d&#039;espace disponible<\/li>\n<\/ul>\n<\/li>\n<\/ul>\n<\/div>\n<div class=\"game_area_sys_req_rightCol\"><strong>CONSEILL\u00c9:<\/strong><\/p>\n<ul>\n<li style=\"list-style-type: none;\">\n<ul class=\"bb_ul\">\n<li><strong>SE\u00a0:<\/strong>\u00a0Windows 10, Windows 11<\/li>\n<li><strong>Processeur:<\/strong>\u00a0Intel Core i7 ou \u00e9quivalent<\/li>\n<li><strong>M\u00e9moire:<\/strong>\u00a016 Go de RAM<\/li>\n<li><strong>Graphique:<\/strong>\u00a0Geforce GTX 1070 ou \u00e9quivalent<\/li>\n<li><strong>DirectX\u00a0:<\/strong>\u00a0Version 9.0<\/li>\n<li><strong>Stockage:<\/strong>\u00a010 Go d&#039;espace disponible<\/li>\n<\/ul>\n<\/li>\n<\/ul>\n<\/div>\n<\/div>\n<\/div>\n<\/div>\n<\/div>","protected":false},"excerpt":{"rendered":"<p>Starship Troopers: Terran Command\u00a0is a thrilling real-time strategy game set in the Starship Troopers movies universe. Take command of the Mobile Infantry and do your part in the war against the Arachnid threat. Build, develop and control your armies to strike an effective balance between tactical superiority and strength in numbers. Ensure that human civilization, [&hellip;]<\/p>\n","protected":false},"featured_media":1343,"comment_status":"closed","ping_status":"closed","template":"","meta":{"_crdt_document":"","jetpack_post_was_ever_published":true,"jetpack_publicize_message":"","jetpack_publicize_feature_enabled":true,"jetpack_social_post_already_shared":false,"jetpack_social_options":{"image_generator_settings":{"template":"highway","default_image_id":0,"font":"","enabled":false},"version":2},"_wpas_customize_per_network":false},"product_brand":[],"product_cat":[1375],"product_tag":[],"class_list":{"0":"post-670","1":"product","2":"type-product","3":"status-publish","4":"has-post-thumbnail","6":"product_cat-pc","8":"first","9":"outofstock","10":"sale","11":"taxable","12":"shipping-taxable","13":"purchasable","14":"product-type-variable","15":"has-default-attributes"},"yoast_head":"<!-- This site is optimized with the Yoast SEO Premium plugin v27.3 (Yoast SEO v27.3) - https:\/\/yoast.com\/product\/yoast-seo-premium-wordpress\/ -->\n<title>Starship Troopers: Terran Command - EnderG<\/title>\n<meta name=\"robots\" content=\"index, follow, max-snippet:-1, max-image-preview:large, max-video-preview:-1\" \/>\n<link rel=\"canonical\" href=\"https:\/\/enderg.com\/fr\/product\/starship-troopers-terran-command\/\" \/>\n<meta property=\"og:locale\" content=\"fr_FR\" \/>\n<meta property=\"og:type\" content=\"article\" \/>\n<meta property=\"og:title\" content=\"Starship Troopers: Terran Command\" \/>\n<meta property=\"og:description\" content=\"Starship Troopers: Terran Command\u00a0is a thrilling real-time strategy game set in the Starship Troopers movies universe. Take command of the Mobile Infantry and do your part in the war against the Arachnid threat. Build, develop and control your armies to strike an effective balance between tactical superiority and strength in numbers. Ensure that human civilization, [&hellip;]\" \/>\n<meta property=\"og:url\" content=\"https:\/\/enderg.com\/fr\/product\/starship-troopers-terran-command\/\" \/>\n<meta property=\"og:site_name\" content=\"EnderG\" \/>\n<meta property=\"article:publisher\" content=\"https:\/\/www.facebook.com\/Endergg1\/\" \/>\n<meta property=\"article:modified_time\" content=\"2024-06-25T22:32:38+00:00\" \/>\n<meta property=\"og:image\" content=\"https:\/\/enderg.com\/wp-content\/uploads\/2022\/08\/Starship-Troopers-Terran-Command.jpg\" \/>\n\t<meta property=\"og:image:width\" content=\"1000\" \/>\n\t<meta property=\"og:image:height\" content=\"1000\" \/>\n\t<meta property=\"og:image:type\" content=\"image\/jpeg\" \/>\n<meta name=\"twitter:card\" content=\"summary_large_image\" \/>\n<meta name=\"twitter:label1\" content=\"Dur\u00e9e de lecture estim\u00e9e\" \/>\n\t<meta name=\"twitter:data1\" content=\"2 minutes\" \/>\n<script type=\"application\/ld+json\" class=\"yoast-schema-graph\">{\"@context\":\"https:\\\/\\\/schema.org\",\"@graph\":[{\"@type\":\"WebPage\",\"@id\":\"https:\\\/\\\/enderg.com\\\/product\\\/starship-troopers-terran-command\\\/\",\"url\":\"https:\\\/\\\/enderg.com\\\/product\\\/starship-troopers-terran-command\\\/\",\"name\":\"Starship Troopers: Terran Command - EnderG\",\"isPartOf\":{\"@id\":\"https:\\\/\\\/enderg.com\\\/#website\"},\"primaryImageOfPage\":{\"@id\":\"https:\\\/\\\/enderg.com\\\/product\\\/starship-troopers-terran-command\\\/#primaryimage\"},\"image\":{\"@id\":\"https:\\\/\\\/enderg.com\\\/product\\\/starship-troopers-terran-command\\\/#primaryimage\"},\"thumbnailUrl\":\"https:\\\/\\\/i0.wp.com\\\/enderg.com\\\/wp-content\\\/uploads\\\/2022\\\/08\\\/Starship-Troopers-Terran-Command.jpg?fit=1000%2C1000&ssl=1\",\"datePublished\":\"2023-09-08T14:08:53+00:00\",\"dateModified\":\"2024-06-25T22:32:38+00:00\",\"breadcrumb\":{\"@id\":\"https:\\\/\\\/enderg.com\\\/product\\\/starship-troopers-terran-command\\\/#breadcrumb\"},\"inLanguage\":\"fr-FR\",\"potentialAction\":[{\"@type\":\"ReadAction\",\"target\":[\"https:\\\/\\\/enderg.com\\\/product\\\/starship-troopers-terran-command\\\/\"]}]},{\"@type\":\"ImageObject\",\"inLanguage\":\"fr-FR\",\"@id\":\"https:\\\/\\\/enderg.com\\\/product\\\/starship-troopers-terran-command\\\/#primaryimage\",\"url\":\"https:\\\/\\\/i0.wp.com\\\/enderg.com\\\/wp-content\\\/uploads\\\/2022\\\/08\\\/Starship-Troopers-Terran-Command.jpg?fit=1000%2C1000&ssl=1\",\"contentUrl\":\"https:\\\/\\\/i0.wp.com\\\/enderg.com\\\/wp-content\\\/uploads\\\/2022\\\/08\\\/Starship-Troopers-Terran-Command.jpg?fit=1000%2C1000&ssl=1\",\"width\":1000,\"height\":1000},{\"@type\":\"BreadcrumbList\",\"@id\":\"https:\\\/\\\/enderg.com\\\/product\\\/starship-troopers-terran-command\\\/#breadcrumb\",\"itemListElement\":[{\"@type\":\"ListItem\",\"position\":1,\"name\":\"Home\",\"item\":\"https:\\\/\\\/enderg.com\\\/\"},{\"@type\":\"ListItem\",\"position\":2,\"name\":\"Shop\",\"item\":\"https:\\\/\\\/enderg.com\\\/shop\\\/\"},{\"@type\":\"ListItem\",\"position\":3,\"name\":\"Starship Troopers: Terran Command\"}]},{\"@type\":\"WebSite\",\"@id\":\"https:\\\/\\\/enderg.com\\\/#website\",\"url\":\"https:\\\/\\\/enderg.com\\\/\",\"name\":\"EnderG\",\"description\":\"Cheaper Is What We Do!\",\"publisher\":{\"@id\":\"https:\\\/\\\/enderg.com\\\/#organization\"},\"potentialAction\":[{\"@type\":\"SearchAction\",\"target\":{\"@type\":\"EntryPoint\",\"urlTemplate\":\"https:\\\/\\\/enderg.com\\\/?s={search_term_string}\"},\"query-input\":{\"@type\":\"PropertyValueSpecification\",\"valueRequired\":true,\"valueName\":\"search_term_string\"}}],\"inLanguage\":\"fr-FR\"},{\"@type\":\"Organization\",\"@id\":\"https:\\\/\\\/enderg.com\\\/#organization\",\"name\":\"EnderG\",\"url\":\"https:\\\/\\\/enderg.com\\\/\",\"logo\":{\"@type\":\"ImageObject\",\"inLanguage\":\"fr-FR\",\"@id\":\"https:\\\/\\\/enderg.com\\\/#\\\/schema\\\/logo\\\/image\\\/\",\"url\":\"https:\\\/\\\/enderg.com\\\/wp-content\\\/uploads\\\/2023\\\/03\\\/222222222221.png\",\"contentUrl\":\"https:\\\/\\\/enderg.com\\\/wp-content\\\/uploads\\\/2023\\\/03\\\/222222222221.png\",\"width\":512,\"height\":512,\"caption\":\"EnderG\"},\"image\":{\"@id\":\"https:\\\/\\\/enderg.com\\\/#\\\/schema\\\/logo\\\/image\\\/\"},\"sameAs\":[\"https:\\\/\\\/www.facebook.com\\\/Endergg1\\\/\",\"https:\\\/\\\/www.instagram.com\\\/enderg01\",\"https:\\\/\\\/www.youtube.com\\\/@enderg-com\"],\"description\":\"Cheaper Gaming is what we do!\",\"legalName\":\"Vandar Limited\",\"foundingDate\":\"2022-06-21\"}]}<\/script>\n<!-- \/ Yoast SEO Premium plugin. -->","yoast_head_json":{"title":"Starship Troopers: Terran Command - EnderG","robots":{"index":"index","follow":"follow","max-snippet":"max-snippet:-1","max-image-preview":"max-image-preview:large","max-video-preview":"max-video-preview:-1"},"canonical":"https:\/\/enderg.com\/fr\/product\/starship-troopers-terran-command\/","og_locale":"fr_FR","og_type":"article","og_title":"Starship Troopers: Terran Command","og_description":"Starship Troopers: Terran Command\u00a0is a thrilling real-time strategy game set in the Starship Troopers movies universe. Take command of the Mobile Infantry and do your part in the war against the Arachnid threat. Build, develop and control your armies to strike an effective balance between tactical superiority and strength in numbers. Ensure that human civilization, [&hellip;]","og_url":"https:\/\/enderg.com\/fr\/product\/starship-troopers-terran-command\/","og_site_name":"EnderG","article_publisher":"https:\/\/www.facebook.com\/Endergg1\/","article_modified_time":"2024-06-25T22:32:38+00:00","og_image":[{"width":1000,"height":1000,"url":"https:\/\/enderg.com\/wp-content\/uploads\/2022\/08\/Starship-Troopers-Terran-Command.jpg","type":"image\/jpeg"}],"twitter_card":"summary_large_image","twitter_misc":{"Dur\u00e9e de lecture estim\u00e9e":"2 minutes"},"schema":{"@context":"https:\/\/schema.org","@graph":[{"@type":"WebPage","@id":"https:\/\/enderg.com\/product\/starship-troopers-terran-command\/","url":"https:\/\/enderg.com\/product\/starship-troopers-terran-command\/","name":"Starship Troopers: Terran Command - EnderG","isPartOf":{"@id":"https:\/\/enderg.com\/#website"},"primaryImageOfPage":{"@id":"https:\/\/enderg.com\/product\/starship-troopers-terran-command\/#primaryimage"},"image":{"@id":"https:\/\/enderg.com\/product\/starship-troopers-terran-command\/#primaryimage"},"thumbnailUrl":"https:\/\/i0.wp.com\/enderg.com\/wp-content\/uploads\/2022\/08\/Starship-Troopers-Terran-Command.jpg?fit=1000%2C1000&ssl=1","datePublished":"2023-09-08T14:08:53+00:00","dateModified":"2024-06-25T22:32:38+00:00","breadcrumb":{"@id":"https:\/\/enderg.com\/product\/starship-troopers-terran-command\/#breadcrumb"},"inLanguage":"fr-FR","potentialAction":[{"@type":"ReadAction","target":["https:\/\/enderg.com\/product\/starship-troopers-terran-command\/"]}]},{"@type":"ImageObject","inLanguage":"fr-FR","@id":"https:\/\/enderg.com\/product\/starship-troopers-terran-command\/#primaryimage","url":"https:\/\/i0.wp.com\/enderg.com\/wp-content\/uploads\/2022\/08\/Starship-Troopers-Terran-Command.jpg?fit=1000%2C1000&ssl=1","contentUrl":"https:\/\/i0.wp.com\/enderg.com\/wp-content\/uploads\/2022\/08\/Starship-Troopers-Terran-Command.jpg?fit=1000%2C1000&ssl=1","width":1000,"height":1000},{"@type":"BreadcrumbList","@id":"https:\/\/enderg.com\/product\/starship-troopers-terran-command\/#breadcrumb","itemListElement":[{"@type":"ListItem","position":1,"name":"Home","item":"https:\/\/enderg.com\/"},{"@type":"ListItem","position":2,"name":"Shop","item":"https:\/\/enderg.com\/shop\/"},{"@type":"ListItem","position":3,"name":"Starship Troopers: Terran Command"}]},{"@type":"WebSite","@id":"https:\/\/enderg.com\/#website","url":"https:\/\/enderg.com\/","name":"EnderG","description":"Moins cher, c&#039;est ce que nous faisons\u00a0!","publisher":{"@id":"https:\/\/enderg.com\/#organization"},"potentialAction":[{"@type":"SearchAction","target":{"@type":"EntryPoint","urlTemplate":"https:\/\/enderg.com\/?s={search_term_string}"},"query-input":{"@type":"PropertyValueSpecification","valueRequired":true,"valueName":"search_term_string"}}],"inLanguage":"fr-FR"},{"@type":"Organization","@id":"https:\/\/enderg.com\/#organization","name":"EnderG","url":"https:\/\/enderg.com\/","logo":{"@type":"ImageObject","inLanguage":"fr-FR","@id":"https:\/\/enderg.com\/#\/schema\/logo\/image\/","url":"https:\/\/enderg.com\/wp-content\/uploads\/2023\/03\/222222222221.png","contentUrl":"https:\/\/enderg.com\/wp-content\/uploads\/2023\/03\/222222222221.png","width":512,"height":512,"caption":"EnderG"},"image":{"@id":"https:\/\/enderg.com\/#\/schema\/logo\/image\/"},"sameAs":["https:\/\/www.facebook.com\/Endergg1\/","https:\/\/www.instagram.com\/enderg01","https:\/\/www.youtube.com\/@enderg-com"],"description":"Nous proposons des jeux \u00e0 prix r\u00e9duits !","legalName":"Vandar Limited","foundingDate":"2022-06-21"}]}},"jetpack_publicize_connections":[],"jetpack_likes_enabled":true,"jetpack_sharing_enabled":true,"jetpack-related-posts":[],"_links":{"self":[{"href":"https:\/\/enderg.com\/fr\/wp-json\/wp\/v2\/product\/670","targetHints":{"allow":["GET"]}}],"collection":[{"href":"https:\/\/enderg.com\/fr\/wp-json\/wp\/v2\/product"}],"about":[{"href":"https:\/\/enderg.com\/fr\/wp-json\/wp\/v2\/types\/product"}],"replies":[{"embeddable":true,"href":"https:\/\/enderg.com\/fr\/wp-json\/wp\/v2\/comments?post=670"}],"version-history":[{"count":3,"href":"https:\/\/enderg.com\/fr\/wp-json\/wp\/v2\/product\/670\/revisions"}],"predecessor-version":[{"id":1621,"href":"https:\/\/enderg.com\/fr\/wp-json\/wp\/v2\/product\/670\/revisions\/1621"}],"wp:featuredmedia":[{"embeddable":true,"href":"https:\/\/enderg.com\/fr\/wp-json\/wp\/v2\/media\/1343"}],"wp:attachment":[{"href":"https:\/\/enderg.com\/fr\/wp-json\/wp\/v2\/media?parent=670"}],"wp:term":[{"taxonomy":"product_brand","embeddable":true,"href":"https:\/\/enderg.com\/fr\/wp-json\/wp\/v2\/product_brand?post=670"},{"taxonomy":"product_cat","embeddable":true,"href":"https:\/\/enderg.com\/fr\/wp-json\/wp\/v2\/product_cat?post=670"},{"taxonomy":"product_tag","embeddable":true,"href":"https:\/\/enderg.com\/fr\/wp-json\/wp\/v2\/product_tag?post=670"}],"curies":[{"name":"wp","href":"https:\/\/api.w.org\/{rel}","templated":true}]}}