{"id":606,"date":"2022-08-07T21:45:18","date_gmt":"2022-08-07T18:45:18","guid":{"rendered":"https:\/\/enderg.com\/?post_type=product&#038;p=606"},"modified":"2024-06-26T01:45:02","modified_gmt":"2024-06-25T22:45:02","slug":"resident-evil-3","status":"publish","type":"product","link":"https:\/\/enderg.com\/fr\/product\/resident-evil-3\/","title":{"rendered":"R\u00e9sident Mal 3"},"content":{"rendered":"<div data-elementor-type=\"wp-post\" data-elementor-id=\"606\" class=\"elementor elementor-606\" data-elementor-post-type=\"product\">\n\t\t\t\t\t\t<section class=\"elementor-section elementor-top-section elementor-element elementor-element-5c8c1846 elementor-section-boxed elementor-section-height-default elementor-section-height-default\" data-id=\"5c8c1846\" data-element_type=\"section\" data-e-type=\"section\">\n\t\t\t\t\t\t<div class=\"elementor-container elementor-column-gap-default\">\n\t\t\t\t\t<div class=\"elementor-column elementor-col-100 elementor-top-column elementor-element elementor-element-30f28fec\" data-id=\"30f28fec\" data-element_type=\"column\" data-e-type=\"column\">\n\t\t\t<div class=\"elementor-widget-wrap elementor-element-populated\">\n\t\t\t\t\t\t<div class=\"elementor-element elementor-element-6d852c03 elementor-widget elementor-widget-accordion\" data-id=\"6d852c03\" data-element_type=\"widget\" data-e-type=\"widget\" data-widget_type=\"accordion.default\">\n\t\t\t\t<div class=\"elementor-widget-container\">\n\t\t\t\t\t\t\t<div class=\"elementor-accordion\">\n\t\t\t\t\t\t\t<div class=\"elementor-accordion-item\">\n\t\t\t\t\t<h4 id=\"elementor-tab-title-1831\" class=\"elementor-tab-title\" data-tab=\"1\" role=\"button\" aria-controls=\"elementor-tab-content-1831\" aria-expanded=\"false\">\n\t\t\t\t\t\t\t\t\t\t\t\t\t<span class=\"elementor-accordion-icon elementor-accordion-icon-left\" aria-hidden=\"true\">\n\t\t\t\t\t\t\t\t\t\t\t\t\t\t\t<span class=\"elementor-accordion-icon-closed\"><i class=\"fas fa-truck\"><\/i><\/span>\n\t\t\t\t\t\t\t\t<span class=\"elementor-accordion-icon-opened\"><i class=\"fas fa-truck\"><\/i><\/span>\n\t\t\t\t\t\t\t\t\t\t\t\t\t\t<\/span>\n\t\t\t\t\t\t\t\t\t\t\t\t<a class=\"elementor-accordion-title\" tabindex=\"0\">Livraison rapide<\/a>\n\t\t\t\t\t<\/h4>\n\t\t\t\t\t<div id=\"elementor-tab-content-1831\" class=\"elementor-tab-content elementor-clearfix\" data-tab=\"1\" role=\"region\" aria-labelledby=\"elementor-tab-title-1831\"><p>La livraison peut prendre 5 \u00e0 20 minutes, selon votre place dans notre file d'attente<\/p><p>Votre commande sera \u00ab\u00a0auto-rembours\u00e9e\u00a0\u00bb si elle n'est pas livr\u00e9e apr\u00e8s 12\u00a0heures\u00a0!<\/p><\/div>\n\t\t\t\t<\/div>\n\t\t\t\t\t\t\t\t<\/div>\n\t\t\t\t\t\t<\/div>\n\t\t\t\t<\/div>\n\t\t\t\t<div class=\"elementor-element elementor-element-40940954 elementor-widget elementor-widget-accordion\" data-id=\"40940954\" data-element_type=\"widget\" data-e-type=\"widget\" data-widget_type=\"accordion.default\">\n\t\t\t\t<div class=\"elementor-widget-container\">\n\t\t\t\t\t\t\t<div class=\"elementor-accordion\">\n\t\t\t\t\t\t\t<div class=\"elementor-accordion-item\">\n\t\t\t\t\t<h4 id=\"elementor-tab-title-1081\" class=\"elementor-tab-title\" data-tab=\"1\" role=\"button\" aria-controls=\"elementor-tab-content-1081\" aria-expanded=\"false\">\n\t\t\t\t\t\t\t\t\t\t\t\t\t<span class=\"elementor-accordion-icon elementor-accordion-icon-left\" aria-hidden=\"true\">\n\t\t\t\t\t\t\t\t\t\t\t\t\t\t\t<span class=\"elementor-accordion-icon-closed\"><i class=\"fab fa-xbox\"><\/i><\/span>\n\t\t\t\t\t\t\t\t<span class=\"elementor-accordion-icon-opened\"><i class=\"fab fa-xbox\"><\/i><\/span>\n\t\t\t\t\t\t\t\t\t\t\t\t\t\t<\/span>\n\t\t\t\t\t\t\t\t\t\t\t\t<a class=\"elementor-accordion-title\" tabindex=\"0\">Comment activer<\/a>\n\t\t\t\t\t<\/h4>\n\t\t\t\t\t<div id=\"elementor-tab-content-1081\" class=\"elementor-tab-content elementor-clearfix\" data-tab=\"1\" role=\"region\" aria-labelledby=\"elementor-tab-title-1081\"><p>1- Ouvrez un VPN et connectez-vous au serveur sp\u00e9cifi\u00e9 dans votre e-mail apr\u00e8s avoir pass\u00e9 votre commande.<\/p><p>2- Cliquez dessus\u00a0<a title=\"https:\/\/account.microsoft.com\/billing\/redeem?refd=login.live.com\" href=\"https:\/\/account.microsoft.com\/billing\/redeem?refd=login.live.com\"><strong>Lien<\/strong><\/a>\u00a0&amp; Connectez-vous \u00e0 votre compte, puis \u00e9changez la cl\u00e9 que vous avez re\u00e7ue\u00a0!<\/p><p>3- Profitez-en !<\/p><\/div>\n\t\t\t\t<\/div>\n\t\t\t\t\t\t\t\t<\/div>\n\t\t\t\t\t\t<\/div>\n\t\t\t\t<\/div>\n\t\t\t\t\t<\/div>\n\t\t<\/div>\n\t\t\t\t\t<\/div>\n\t\t<\/section>\n\t\t\t\t<section class=\"elementor-section elementor-top-section elementor-element elementor-element-3653e74c elementor-section-boxed elementor-section-height-default elementor-section-height-default\" data-id=\"3653e74c\" data-element_type=\"section\" data-e-type=\"section\">\n\t\t\t\t\t\t<div class=\"elementor-container elementor-column-gap-default\">\n\t\t\t\t\t<div class=\"elementor-column elementor-col-100 elementor-top-column elementor-element elementor-element-7a4eabe8\" data-id=\"7a4eabe8\" data-element_type=\"column\" data-e-type=\"column\">\n\t\t\t<div class=\"elementor-widget-wrap elementor-element-populated\">\n\t\t\t\t\t\t<div class=\"elementor-element elementor-element-383e02b7 elementor-widget elementor-widget-text-editor\" data-id=\"383e02b7\" data-element_type=\"widget\" data-e-type=\"widget\" data-widget_type=\"text-editor.default\">\n\t\t\t\t<div class=\"elementor-widget-container\">\n\t\t\t\t\t\t\t\t\t<div class=\"game_page_autocollapse_ctn\"><div id=\"aboutThisGame\" class=\"game_page_autocollapse\" data-panel=\"{&quot;type&quot;:&quot;PanelGroup&quot;}\"><div id=\"game_area_description\" class=\"game_area_description\"><h4 style=\"text-align: center;\"><strong style=\"font-size: 1.41575em;\">\u00c0 PROPOS DE CE JEU<\/strong><\/h4><p>Jill Valentine est l&#039;une des derni\u00e8res personnes de Raccoon City \u00e0 \u00eatre t\u00e9moin des atrocit\u00e9s perp\u00e9tr\u00e9es par Umbrella. Pour l&#039;arr\u00eater, Umbrella lib\u00e8re son arme secr\u00e8te ultime ; N\u00e9m\u00e9sis!<\/p><p>Comprend \u00e9galement Resident Evil Resistance, un nouveau jeu multijoueur en ligne 1 contre 4 se d\u00e9roulant dans l&#039;univers Resident Evil o\u00f9 quatre survivants affrontent un sinistre cerveau.<\/p><\/div><\/div><\/div><div class=\"game_page_autocollapse_ctn\"><div class=\"game_page_autocollapse\"><div id=\"game_area_content_descriptors\" class=\"game_area_description\"><h2>DESCRIPTION DU CONTENU POUR MATURE<\/h2><p>Les d\u00e9veloppeurs d\u00e9crivent le contenu comme ceci\u00a0:<\/p><p><i>AVERTISSEMENT\u00a0: ce jeu contient un langage grossier et une violence extr\u00eame.<\/i><\/p><\/div><\/div><\/div><div class=\"game_page_autocollapse_ctn expanded\"><div class=\"game_page_autocollapse sys_req\"><h2><iframe title=\"Lecteur vid\u00e9o YouTube\" data-src=\"https:\/\/www.youtube.com\/embed\/9LrLM4Hvr9U\" width=\"560\" height=\"315\" frameborder=\"0\" allowfullscreen=\"allowfullscreen\" src=\"data:image\/svg+xml;base64,PHN2ZyB3aWR0aD0iMSIgaGVpZ2h0PSIxIiB4bWxucz0iaHR0cDovL3d3dy53My5vcmcvMjAwMC9zdmciPjwvc3ZnPg==\" class=\"lazyload\" data-load-mode=\"1\"><\/iframe><\/h2><h2>CONFIGURATION REQUISE<\/h2><div class=\"sysreq_contents\"><div class=\"game_area_sys_req sysreq_content active\" data-os=\"win\"><div class=\"game_area_sys_req_leftCol\"><p><strong>LE MINIMUM:<\/strong><\/p><ul><li style=\"list-style-type: none;\"><ul class=\"bb_ul\"><li>N\u00e9cessite un processeur et un syst\u00e8me d&#039;exploitation 64 bits<\/li><li><strong>SE\u00a0:<\/strong>\u00a0WINDOWS\u00ae 10 (64 bits requis)<\/li><li><strong>Processeur:<\/strong>\u00a0Intel\u00ae Core\u2122 i5-4460 ou AMD FX\u2122-6300 ou sup\u00e9rieur<\/li><li><strong>M\u00e9moire:<\/strong>\u00a08 Go de RAM<\/li><li><strong>Graphique:<\/strong>\u00a0NVIDIA\u00ae GeForce\u00ae GTX 960 ou AMD Radeon\u2122 RX 460<\/li><li><strong>DirectX\u00a0:<\/strong>\u00a0Variante 12<\/li><li><strong>R\u00e9seau:<\/strong>\u00a0connexion Internet \u00e0 haut d\u00e9bit<\/li><li><strong>Stockage:<\/strong>\u00a045 Go d&#039;espace disponible<\/li><li><strong>Notes compl\u00e9mentaires:<\/strong>\u00a0Les performances attendues avec ces sp\u00e9cifications sont de 1080p\/30FPS pour Resident Evil 3 et de 720p\/30FPS pour Resident Evil Resistance. Si vous ne disposez pas de suffisamment de m\u00e9moire graphique pour ex\u00e9cuter le jeu avec la qualit\u00e9 de texture s\u00e9lectionn\u00e9e, vous devez acc\u00e9der \u00e0 Options &gt; Graphiques et r\u00e9duire la qualit\u00e9 de la texture ou la qualit\u00e9 des ombres, ou diminuer la r\u00e9solution. Une connexion Internet est requise pour l&#039;activation du produit. De plus, une connexion Internet est requise \u00e0 tout moment pour jouer \u00e0 Resident Evil Resistance. (La connectivit\u00e9 r\u00e9seau utilise Steam\u00ae d\u00e9velopp\u00e9 par Valve\u00ae Corporation.)<\/li><\/ul><\/li><\/ul><\/div><div class=\"game_area_sys_req_rightCol\"><p><strong>CONSEILL\u00c9:<\/strong><\/p><ul><li style=\"list-style-type: none;\"><ul class=\"bb_ul\"><li>N\u00e9cessite un processeur et un syst\u00e8me d&#039;exploitation 64 bits<\/li><li><strong>SE\u00a0:<\/strong>\u00a0WINDOWS\u00ae 10 (64 bits requis)<\/li><li><strong>Processeur:<\/strong>\u00a0Intel\u00ae Core\u2122 i7-3770 ou AMD FX\u2122-9590 ou sup\u00e9rieur<\/li><li><strong>M\u00e9moire:<\/strong>\u00a08 Go de RAM<\/li><li><strong>Graphique:<\/strong>\u00a0NVIDIA\u00ae GeForce\u00ae GTX 1060 ou AMD Radeon\u2122 RX 480 avec 3 Go de VRAM<\/li><li><strong>DirectX\u00a0:<\/strong>\u00a0Variante 12<\/li><li><strong>R\u00e9seau:<\/strong>\u00a0connexion Internet \u00e0 haut d\u00e9bit<\/li><li><strong>Stockage:<\/strong>\u00a045 Go d&#039;espace disponible<\/li><li><strong>Notes compl\u00e9mentaires:<\/strong>\u00a0Les performances attendues avec ces sp\u00e9cifications sont de 1080p\/60FPS. Une connexion Internet est requise pour l&#039;activation du produit. De plus, une connexion Internet est requise \u00e0 tout moment pour jouer \u00e0 Resident Evil Resistance. (La connectivit\u00e9 r\u00e9seau utilise Steam\u00ae d\u00e9velopp\u00e9 par Valve\u00ae Corporation.)<\/li><\/ul><\/li><\/ul><\/div><\/div><\/div><\/div><\/div>\t\t\t\t\t\t\t\t<\/div>\n\t\t\t\t<\/div>\n\t\t\t\t\t<\/div>\n\t\t<\/div>\n\t\t\t\t\t<\/div>\n\t\t<\/section>\n\t\t\t\t<\/div>","protected":false},"excerpt":{"rendered":"<p>Fast Delivery Delivery can take 5 to 20 minutes, according to your place in our queue Your Order will be \u2018Auto Refunded\u2019 in case it does not get delivered after 12 hours! How To Activate 1- Open up a VPN and connect to the server specified in your email after placing your order. 2- Click [&hellip;]<\/p>\n","protected":false},"featured_media":1175,"comment_status":"closed","ping_status":"closed","template":"","meta":{"_crdt_document":"","jetpack_post_was_ever_published":false,"jetpack_publicize_message":"","jetpack_publicize_feature_enabled":true,"jetpack_social_post_already_shared":true,"jetpack_social_options":{"image_generator_settings":{"template":"highway","default_image_id":0,"font":"","enabled":false},"version":2},"_wpas_customize_per_network":false},"product_brand":[],"product_cat":[1375,1374],"product_tag":[],"class_list":{"0":"post-606","1":"product","2":"type-product","3":"status-publish","4":"has-post-thumbnail","6":"product_cat-pc","7":"product_cat-xbox","9":"first","10":"outofstock","11":"sale","12":"taxable","13":"shipping-taxable","14":"purchasable","15":"product-type-variable","16":"has-default-attributes"},"yoast_head":"<!-- This site is optimized with the Yoast SEO Premium plugin v27.3 (Yoast SEO v27.3) - https:\/\/yoast.com\/product\/yoast-seo-premium-wordpress\/ -->\n<title>Resident Evil 3 - EnderG<\/title>\n<meta name=\"robots\" content=\"index, follow, max-snippet:-1, max-image-preview:large, max-video-preview:-1\" \/>\n<link rel=\"canonical\" href=\"https:\/\/enderg.com\/fr\/product\/resident-evil-3\/\" \/>\n<meta property=\"og:locale\" content=\"fr_FR\" \/>\n<meta property=\"og:type\" content=\"article\" \/>\n<meta property=\"og:title\" content=\"Resident Evil 3\" \/>\n<meta property=\"og:description\" content=\"Fast Delivery Delivery can take 5 to 20 minutes, according to your place in our queue Your Order will be \u2018Auto Refunded\u2019 in case it does not get delivered after 12 hours! How To Activate 1- Open up a VPN and connect to the server specified in your email after placing your order. 2- Click [&hellip;]\" \/>\n<meta property=\"og:url\" content=\"https:\/\/enderg.com\/fr\/product\/resident-evil-3\/\" \/>\n<meta property=\"og:site_name\" content=\"EnderG\" \/>\n<meta property=\"article:publisher\" content=\"https:\/\/www.facebook.com\/Endergg1\/\" \/>\n<meta property=\"article:modified_time\" content=\"2024-06-25T22:45:02+00:00\" \/>\n<meta property=\"og:image\" content=\"https:\/\/enderg.com\/wp-content\/uploads\/2022\/08\/11307iwKrqtqamaFE8-yjdTunitF9TRTlZOq8HBzvQ16PggwIw40VCS7C5PC3EKYnNi1vl2TwOmeuRCl1NI1CEQduuYXh0KU.jpg\" \/>\n\t<meta property=\"og:image:width\" content=\"2048\" \/>\n\t<meta property=\"og:image:height\" content=\"2048\" \/>\n\t<meta property=\"og:image:type\" content=\"image\/jpeg\" \/>\n<meta name=\"twitter:card\" content=\"summary_large_image\" \/>\n<meta name=\"twitter:label1\" content=\"Dur\u00e9e de lecture estim\u00e9e\" \/>\n\t<meta name=\"twitter:data1\" content=\"2 minutes\" \/>\n<script type=\"application\/ld+json\" class=\"yoast-schema-graph\">{\"@context\":\"https:\\\/\\\/schema.org\",\"@graph\":[{\"@type\":\"WebPage\",\"@id\":\"https:\\\/\\\/enderg.com\\\/product\\\/resident-evil-3\\\/\",\"url\":\"https:\\\/\\\/enderg.com\\\/product\\\/resident-evil-3\\\/\",\"name\":\"Resident Evil 3 - EnderG\",\"isPartOf\":{\"@id\":\"https:\\\/\\\/enderg.com\\\/#website\"},\"primaryImageOfPage\":{\"@id\":\"https:\\\/\\\/enderg.com\\\/product\\\/resident-evil-3\\\/#primaryimage\"},\"image\":{\"@id\":\"https:\\\/\\\/enderg.com\\\/product\\\/resident-evil-3\\\/#primaryimage\"},\"thumbnailUrl\":\"https:\\\/\\\/i0.wp.com\\\/enderg.com\\\/wp-content\\\/uploads\\\/2022\\\/08\\\/11307iwKrqtqamaFE8-yjdTunitF9TRTlZOq8HBzvQ16PggwIw40VCS7C5PC3EKYnNi1vl2TwOmeuRCl1NI1CEQduuYXh0KU.jpg?fit=2048%2C2048&ssl=1\",\"datePublished\":\"2022-08-07T18:45:18+00:00\",\"dateModified\":\"2024-06-25T22:45:02+00:00\",\"breadcrumb\":{\"@id\":\"https:\\\/\\\/enderg.com\\\/product\\\/resident-evil-3\\\/#breadcrumb\"},\"inLanguage\":\"fr-FR\",\"potentialAction\":[{\"@type\":\"ReadAction\",\"target\":[\"https:\\\/\\\/enderg.com\\\/product\\\/resident-evil-3\\\/\"]}]},{\"@type\":\"ImageObject\",\"inLanguage\":\"fr-FR\",\"@id\":\"https:\\\/\\\/enderg.com\\\/product\\\/resident-evil-3\\\/#primaryimage\",\"url\":\"https:\\\/\\\/i0.wp.com\\\/enderg.com\\\/wp-content\\\/uploads\\\/2022\\\/08\\\/11307iwKrqtqamaFE8-yjdTunitF9TRTlZOq8HBzvQ16PggwIw40VCS7C5PC3EKYnNi1vl2TwOmeuRCl1NI1CEQduuYXh0KU.jpg?fit=2048%2C2048&ssl=1\",\"contentUrl\":\"https:\\\/\\\/i0.wp.com\\\/enderg.com\\\/wp-content\\\/uploads\\\/2022\\\/08\\\/11307iwKrqtqamaFE8-yjdTunitF9TRTlZOq8HBzvQ16PggwIw40VCS7C5PC3EKYnNi1vl2TwOmeuRCl1NI1CEQduuYXh0KU.jpg?fit=2048%2C2048&ssl=1\",\"width\":2048,\"height\":2048},{\"@type\":\"BreadcrumbList\",\"@id\":\"https:\\\/\\\/enderg.com\\\/product\\\/resident-evil-3\\\/#breadcrumb\",\"itemListElement\":[{\"@type\":\"ListItem\",\"position\":1,\"name\":\"Home\",\"item\":\"https:\\\/\\\/enderg.com\\\/\"},{\"@type\":\"ListItem\",\"position\":2,\"name\":\"Shop\",\"item\":\"https:\\\/\\\/enderg.com\\\/shop\\\/\"},{\"@type\":\"ListItem\",\"position\":3,\"name\":\"Resident Evil 3\"}]},{\"@type\":\"WebSite\",\"@id\":\"https:\\\/\\\/enderg.com\\\/#website\",\"url\":\"https:\\\/\\\/enderg.com\\\/\",\"name\":\"EnderG\",\"description\":\"Cheaper Is What We Do!\",\"publisher\":{\"@id\":\"https:\\\/\\\/enderg.com\\\/#organization\"},\"potentialAction\":[{\"@type\":\"SearchAction\",\"target\":{\"@type\":\"EntryPoint\",\"urlTemplate\":\"https:\\\/\\\/enderg.com\\\/?s={search_term_string}\"},\"query-input\":{\"@type\":\"PropertyValueSpecification\",\"valueRequired\":true,\"valueName\":\"search_term_string\"}}],\"inLanguage\":\"fr-FR\"},{\"@type\":\"Organization\",\"@id\":\"https:\\\/\\\/enderg.com\\\/#organization\",\"name\":\"EnderG\",\"url\":\"https:\\\/\\\/enderg.com\\\/\",\"logo\":{\"@type\":\"ImageObject\",\"inLanguage\":\"fr-FR\",\"@id\":\"https:\\\/\\\/enderg.com\\\/#\\\/schema\\\/logo\\\/image\\\/\",\"url\":\"https:\\\/\\\/enderg.com\\\/wp-content\\\/uploads\\\/2023\\\/03\\\/222222222221.png\",\"contentUrl\":\"https:\\\/\\\/enderg.com\\\/wp-content\\\/uploads\\\/2023\\\/03\\\/222222222221.png\",\"width\":512,\"height\":512,\"caption\":\"EnderG\"},\"image\":{\"@id\":\"https:\\\/\\\/enderg.com\\\/#\\\/schema\\\/logo\\\/image\\\/\"},\"sameAs\":[\"https:\\\/\\\/www.facebook.com\\\/Endergg1\\\/\",\"https:\\\/\\\/www.instagram.com\\\/enderg01\",\"https:\\\/\\\/www.youtube.com\\\/@enderg-com\"],\"description\":\"Cheaper Gaming is what we do!\",\"legalName\":\"Vandar Limited\",\"foundingDate\":\"2022-06-21\"}]}<\/script>\n<!-- \/ Yoast SEO Premium plugin. -->","yoast_head_json":{"title":"Resident Evil 3 - EnderG","robots":{"index":"index","follow":"follow","max-snippet":"max-snippet:-1","max-image-preview":"max-image-preview:large","max-video-preview":"max-video-preview:-1"},"canonical":"https:\/\/enderg.com\/fr\/product\/resident-evil-3\/","og_locale":"fr_FR","og_type":"article","og_title":"Resident Evil 3","og_description":"Fast Delivery Delivery can take 5 to 20 minutes, according to your place in our queue Your Order will be \u2018Auto Refunded\u2019 in case it does not get delivered after 12 hours! How To Activate 1- Open up a VPN and connect to the server specified in your email after placing your order. 2- Click [&hellip;]","og_url":"https:\/\/enderg.com\/fr\/product\/resident-evil-3\/","og_site_name":"EnderG","article_publisher":"https:\/\/www.facebook.com\/Endergg1\/","article_modified_time":"2024-06-25T22:45:02+00:00","og_image":[{"width":2048,"height":2048,"url":"https:\/\/enderg.com\/wp-content\/uploads\/2022\/08\/11307iwKrqtqamaFE8-yjdTunitF9TRTlZOq8HBzvQ16PggwIw40VCS7C5PC3EKYnNi1vl2TwOmeuRCl1NI1CEQduuYXh0KU.jpg","type":"image\/jpeg"}],"twitter_card":"summary_large_image","twitter_misc":{"Dur\u00e9e de lecture estim\u00e9e":"2 minutes"},"schema":{"@context":"https:\/\/schema.org","@graph":[{"@type":"WebPage","@id":"https:\/\/enderg.com\/product\/resident-evil-3\/","url":"https:\/\/enderg.com\/product\/resident-evil-3\/","name":"Resident Evil 3 - EnderG","isPartOf":{"@id":"https:\/\/enderg.com\/#website"},"primaryImageOfPage":{"@id":"https:\/\/enderg.com\/product\/resident-evil-3\/#primaryimage"},"image":{"@id":"https:\/\/enderg.com\/product\/resident-evil-3\/#primaryimage"},"thumbnailUrl":"https:\/\/i0.wp.com\/enderg.com\/wp-content\/uploads\/2022\/08\/11307iwKrqtqamaFE8-yjdTunitF9TRTlZOq8HBzvQ16PggwIw40VCS7C5PC3EKYnNi1vl2TwOmeuRCl1NI1CEQduuYXh0KU.jpg?fit=2048%2C2048&ssl=1","datePublished":"2022-08-07T18:45:18+00:00","dateModified":"2024-06-25T22:45:02+00:00","breadcrumb":{"@id":"https:\/\/enderg.com\/product\/resident-evil-3\/#breadcrumb"},"inLanguage":"fr-FR","potentialAction":[{"@type":"ReadAction","target":["https:\/\/enderg.com\/product\/resident-evil-3\/"]}]},{"@type":"ImageObject","inLanguage":"fr-FR","@id":"https:\/\/enderg.com\/product\/resident-evil-3\/#primaryimage","url":"https:\/\/i0.wp.com\/enderg.com\/wp-content\/uploads\/2022\/08\/11307iwKrqtqamaFE8-yjdTunitF9TRTlZOq8HBzvQ16PggwIw40VCS7C5PC3EKYnNi1vl2TwOmeuRCl1NI1CEQduuYXh0KU.jpg?fit=2048%2C2048&ssl=1","contentUrl":"https:\/\/i0.wp.com\/enderg.com\/wp-content\/uploads\/2022\/08\/11307iwKrqtqamaFE8-yjdTunitF9TRTlZOq8HBzvQ16PggwIw40VCS7C5PC3EKYnNi1vl2TwOmeuRCl1NI1CEQduuYXh0KU.jpg?fit=2048%2C2048&ssl=1","width":2048,"height":2048},{"@type":"BreadcrumbList","@id":"https:\/\/enderg.com\/product\/resident-evil-3\/#breadcrumb","itemListElement":[{"@type":"ListItem","position":1,"name":"Home","item":"https:\/\/enderg.com\/"},{"@type":"ListItem","position":2,"name":"Shop","item":"https:\/\/enderg.com\/shop\/"},{"@type":"ListItem","position":3,"name":"Resident Evil 3"}]},{"@type":"WebSite","@id":"https:\/\/enderg.com\/#website","url":"https:\/\/enderg.com\/","name":"EnderG","description":"Moins cher, c&#039;est ce que nous faisons\u00a0!","publisher":{"@id":"https:\/\/enderg.com\/#organization"},"potentialAction":[{"@type":"SearchAction","target":{"@type":"EntryPoint","urlTemplate":"https:\/\/enderg.com\/?s={search_term_string}"},"query-input":{"@type":"PropertyValueSpecification","valueRequired":true,"valueName":"search_term_string"}}],"inLanguage":"fr-FR"},{"@type":"Organization","@id":"https:\/\/enderg.com\/#organization","name":"EnderG","url":"https:\/\/enderg.com\/","logo":{"@type":"ImageObject","inLanguage":"fr-FR","@id":"https:\/\/enderg.com\/#\/schema\/logo\/image\/","url":"https:\/\/enderg.com\/wp-content\/uploads\/2023\/03\/222222222221.png","contentUrl":"https:\/\/enderg.com\/wp-content\/uploads\/2023\/03\/222222222221.png","width":512,"height":512,"caption":"EnderG"},"image":{"@id":"https:\/\/enderg.com\/#\/schema\/logo\/image\/"},"sameAs":["https:\/\/www.facebook.com\/Endergg1\/","https:\/\/www.instagram.com\/enderg01","https:\/\/www.youtube.com\/@enderg-com"],"description":"Nous proposons des jeux \u00e0 prix r\u00e9duits !","legalName":"Vandar Limited","foundingDate":"2022-06-21"}]}},"jetpack_publicize_connections":[],"jetpack_likes_enabled":true,"jetpack_sharing_enabled":true,"jetpack-related-posts":[],"_links":{"self":[{"href":"https:\/\/enderg.com\/fr\/wp-json\/wp\/v2\/product\/606","targetHints":{"allow":["GET"]}}],"collection":[{"href":"https:\/\/enderg.com\/fr\/wp-json\/wp\/v2\/product"}],"about":[{"href":"https:\/\/enderg.com\/fr\/wp-json\/wp\/v2\/types\/product"}],"replies":[{"embeddable":true,"href":"https:\/\/enderg.com\/fr\/wp-json\/wp\/v2\/comments?post=606"}],"version-history":[{"count":8,"href":"https:\/\/enderg.com\/fr\/wp-json\/wp\/v2\/product\/606\/revisions"}],"predecessor-version":[{"id":8729,"href":"https:\/\/enderg.com\/fr\/wp-json\/wp\/v2\/product\/606\/revisions\/8729"}],"wp:featuredmedia":[{"embeddable":true,"href":"https:\/\/enderg.com\/fr\/wp-json\/wp\/v2\/media\/1175"}],"wp:attachment":[{"href":"https:\/\/enderg.com\/fr\/wp-json\/wp\/v2\/media?parent=606"}],"wp:term":[{"taxonomy":"product_brand","embeddable":true,"href":"https:\/\/enderg.com\/fr\/wp-json\/wp\/v2\/product_brand?post=606"},{"taxonomy":"product_cat","embeddable":true,"href":"https:\/\/enderg.com\/fr\/wp-json\/wp\/v2\/product_cat?post=606"},{"taxonomy":"product_tag","embeddable":true,"href":"https:\/\/enderg.com\/fr\/wp-json\/wp\/v2\/product_tag?post=606"}],"curies":[{"name":"wp","href":"https:\/\/api.w.org\/{rel}","templated":true}]}}