{"id":591,"date":"2022-08-07T21:42:43","date_gmt":"2022-08-07T18:42:43","guid":{"rendered":"https:\/\/enderg.com\/?post_type=product&#038;p=591"},"modified":"2024-06-26T01:45:02","modified_gmt":"2024-06-25T22:45:02","slug":"resident-evil-0","status":"publish","type":"product","link":"https:\/\/enderg.com\/fr\/product\/resident-evil-0\/","title":{"rendered":"R\u00e9sident Mal 0"},"content":{"rendered":"<div data-elementor-type=\"wp-post\" data-elementor-id=\"591\" class=\"elementor elementor-591\" data-elementor-post-type=\"product\">\n\t\t\t\t\t\t<section class=\"elementor-section elementor-top-section elementor-element elementor-element-14906504 elementor-section-boxed elementor-section-height-default elementor-section-height-default\" data-id=\"14906504\" data-element_type=\"section\" data-e-type=\"section\">\n\t\t\t\t\t\t<div class=\"elementor-container elementor-column-gap-default\">\n\t\t\t\t\t<div class=\"elementor-column elementor-col-100 elementor-top-column elementor-element elementor-element-522593d\" data-id=\"522593d\" data-element_type=\"column\" data-e-type=\"column\">\n\t\t\t<div class=\"elementor-widget-wrap elementor-element-populated\">\n\t\t\t\t\t\t<div class=\"elementor-element elementor-element-7df36bf2 elementor-widget elementor-widget-accordion\" data-id=\"7df36bf2\" data-element_type=\"widget\" data-e-type=\"widget\" data-widget_type=\"accordion.default\">\n\t\t\t\t<div class=\"elementor-widget-container\">\n\t\t\t\t\t\t\t<div class=\"elementor-accordion\">\n\t\t\t\t\t\t\t<div class=\"elementor-accordion-item\">\n\t\t\t\t\t<h4 id=\"elementor-tab-title-2111\" class=\"elementor-tab-title\" data-tab=\"1\" role=\"button\" aria-controls=\"elementor-tab-content-2111\" aria-expanded=\"false\">\n\t\t\t\t\t\t\t\t\t\t\t\t\t<span class=\"elementor-accordion-icon elementor-accordion-icon-left\" aria-hidden=\"true\">\n\t\t\t\t\t\t\t\t\t\t\t\t\t\t\t<span class=\"elementor-accordion-icon-closed\"><i class=\"fas fa-truck\"><\/i><\/span>\n\t\t\t\t\t\t\t\t<span class=\"elementor-accordion-icon-opened\"><i class=\"fas fa-truck\"><\/i><\/span>\n\t\t\t\t\t\t\t\t\t\t\t\t\t\t<\/span>\n\t\t\t\t\t\t\t\t\t\t\t\t<a class=\"elementor-accordion-title\" tabindex=\"0\">Livraison rapide<\/a>\n\t\t\t\t\t<\/h4>\n\t\t\t\t\t<div id=\"elementor-tab-content-2111\" class=\"elementor-tab-content elementor-clearfix\" data-tab=\"1\" role=\"region\" aria-labelledby=\"elementor-tab-title-2111\"><p>La livraison peut prendre 5 \u00e0 20 minutes, selon votre place dans notre file d'attente<\/p><p>Votre commande sera \u00ab\u00a0auto-rembours\u00e9e\u00a0\u00bb si elle n'est pas livr\u00e9e apr\u00e8s 12\u00a0heures\u00a0!<\/p><\/div>\n\t\t\t\t<\/div>\n\t\t\t\t\t\t\t\t<\/div>\n\t\t\t\t\t\t<\/div>\n\t\t\t\t<\/div>\n\t\t\t\t<div class=\"elementor-element elementor-element-154309b5 elementor-widget elementor-widget-accordion\" data-id=\"154309b5\" data-element_type=\"widget\" data-e-type=\"widget\" data-widget_type=\"accordion.default\">\n\t\t\t\t<div class=\"elementor-widget-container\">\n\t\t\t\t\t\t\t<div class=\"elementor-accordion\">\n\t\t\t\t\t\t\t<div class=\"elementor-accordion-item\">\n\t\t\t\t\t<h4 id=\"elementor-tab-title-3561\" class=\"elementor-tab-title\" data-tab=\"1\" role=\"button\" aria-controls=\"elementor-tab-content-3561\" aria-expanded=\"false\">\n\t\t\t\t\t\t\t\t\t\t\t\t\t<span class=\"elementor-accordion-icon elementor-accordion-icon-left\" aria-hidden=\"true\">\n\t\t\t\t\t\t\t\t\t\t\t\t\t\t\t<span class=\"elementor-accordion-icon-closed\"><i class=\"fab fa-xbox\"><\/i><\/span>\n\t\t\t\t\t\t\t\t<span class=\"elementor-accordion-icon-opened\"><i class=\"fab fa-xbox\"><\/i><\/span>\n\t\t\t\t\t\t\t\t\t\t\t\t\t\t<\/span>\n\t\t\t\t\t\t\t\t\t\t\t\t<a class=\"elementor-accordion-title\" tabindex=\"0\">Comment activer<\/a>\n\t\t\t\t\t<\/h4>\n\t\t\t\t\t<div id=\"elementor-tab-content-3561\" class=\"elementor-tab-content elementor-clearfix\" data-tab=\"1\" role=\"region\" aria-labelledby=\"elementor-tab-title-3561\"><p>1- Ouvrez un VPN et connectez-vous au serveur sp\u00e9cifi\u00e9 dans votre e-mail apr\u00e8s avoir pass\u00e9 votre commande.<\/p>\n<p>2- Cliquez dessus&nbsp;<a title=\"https:\/\/account.microsoft.com\/billing\/redeem?refd=login.live.com\" href=\"https:\/\/account.microsoft.com\/billing\/redeem?refd=login.live.com\"><strong>Lien<\/strong><\/a>&nbsp;&amp; Connectez-vous \u00e0 votre compte, puis \u00e9changez la cl\u00e9 que vous avez re\u00e7ue\u00a0!<\/p>\n<p>3- Profitez-en !<\/p><\/div>\n\t\t\t\t<\/div>\n\t\t\t\t\t\t\t\t<\/div>\n\t\t\t\t\t\t<\/div>\n\t\t\t\t<\/div>\n\t\t\t\t\t<\/div>\n\t\t<\/div>\n\t\t\t\t\t<\/div>\n\t\t<\/section>\n\t\t\t\t<section class=\"elementor-section elementor-top-section elementor-element elementor-element-541150cb elementor-section-boxed elementor-section-height-default elementor-section-height-default\" data-id=\"541150cb\" data-element_type=\"section\" data-e-type=\"section\">\n\t\t\t\t\t\t<div class=\"elementor-container elementor-column-gap-default\">\n\t\t\t\t\t<div class=\"elementor-column elementor-col-100 elementor-top-column elementor-element elementor-element-7da0ce25\" data-id=\"7da0ce25\" data-element_type=\"column\" data-e-type=\"column\">\n\t\t\t<div class=\"elementor-widget-wrap elementor-element-populated\">\n\t\t\t\t\t\t<div class=\"elementor-element elementor-element-1f90a4cb elementor-widget elementor-widget-text-editor\" data-id=\"1f90a4cb\" data-element_type=\"widget\" data-e-type=\"widget\" data-widget_type=\"text-editor.default\">\n\t\t\t\t<div class=\"elementor-widget-container\">\n\t\t\t\t\t\t\t\t\t<div class=\"game_page_autocollapse_ctn\"><div id=\"aboutThisGame\" class=\"game_page_autocollapse\" data-panel=\"{&quot;type&quot;:&quot;PanelGroup&quot;}\"><div id=\"game_area_description\" class=\"game_area_description\"><h4 style=\"text-align: center;\"><strong style=\"font-size: 1.41575em;\">\u00c0 PROPOS DE CE JEU<\/strong><\/h4><p>Pr\u00e9parez-vous \u00e0 revivre le premier cauchemar dans Resident Evil 0, une version remasteris\u00e9e du c\u00e9l\u00e8bre pr\u00e9quel du jeu original Resident Evil. Cette version remasteris\u00e9e reprend l&#039;atmosph\u00e8re angoissante de la version originale de 2002 et la transforme gr\u00e2ce \u00e0 de superbes graphismes HD, un son am\u00e9lior\u00e9, la compatibilit\u00e9 \u00e9cran large, un syst\u00e8me de contr\u00f4le modernis\u00e9 (en option) et bien plus encore. C&#039;est le meilleur moyen de d\u00e9couvrir l&#039;histoire qui s&#039;est r\u00e9ellement d\u00e9roul\u00e9e avant l&#039;incident embl\u00e9matique du manoir, qui a \u00e9t\u00e9 l&#039;\u00e9l\u00e9ment d\u00e9clencheur de toute la saga Resident Evil.<\/p><p>L&#039;histoire de Resident Evil 0 nous ram\u00e8ne en 1998. Des meurtres \u00e9tranges se multiplient aux abords de Raccoon City. La division des forces sp\u00e9ciales de la ville, STARS, envoie son \u00e9quipe Bravo \u2013 dont fait partie la jeune recrue Rebecca Chambers \u2013 enqu\u00eater. En route, l&#039;h\u00e9licopt\u00e8re de l&#039;\u00e9quipe subit une panne de moteur et est contraint d&#039;effectuer un atterrissage forc\u00e9. L&#039;\u00e9quipe d\u00e9couvre alors un fourgon cellulaire renvers\u00e9. Se s\u00e9parant pour fouiller les environs, Rebecca d\u00e9couvre l&#039;Ecliptic Express, un train immobilis\u00e9 sur les rails. \u00c0 l&#039;int\u00e9rieur, elle rencontre Billy Coen, un ancien lieutenant de la marine condamn\u00e9 \u00e0 mort. Tout au long du jeu, vous contr\u00f4lerez Rebecca et Billy, alternant parfois entre les deux personnages pour progresser. Ma\u00eetriser les atouts de chaque personnage est essentiel pour r\u00e9soudre les \u00e9nigmes et survivre aux cauchemars qui vous attendent.<\/p><h2 class=\"bb_tag\">Features<\/h2><ul class=\"bb_ul\"><li><strong>Retour aux origines de la s\u00e9rie<\/strong>\u00a0\u2013 D\u00e9couvrez la v\u00e9rit\u00e9 sur les \u00e9v\u00e9nements qui ont conduit aux horreurs du Manoir dans Resident Evil dans ce pr\u00e9quel populaire et pl\u00e9biscit\u00e9 par les fans de la s\u00e9rie.<\/li><li><strong>Des visuels enti\u00e8rement am\u00e9lior\u00e9s<\/strong>\u00a0\u2013 De nouvelles textures haute r\u00e9solution ont \u00e9t\u00e9 cr\u00e9\u00e9es de toutes pi\u00e8ces, y compris une prise en charge du format 1080p sur les consoles de nouvelle g\u00e9n\u00e9ration, tout en pr\u00e9servant l&#039;aspect classique de la version originale.<\/li><li><strong>Effets sonores enti\u00e8rement remasteris\u00e9s<\/strong>\u00a0\u2013 La prise en charge du son surround 5.1 offre une ambiance de jeu plus immersive, parfaitement adapt\u00e9e \u00e0 l&#039;environnement d&#039;\u00e9coute des joueurs.<\/li><li>Vivez l&#039;horreur au format classique 4:3 ou dans le nouveau mode \u00e9cran large 16:9.<\/li><li>Jouez avec le syst\u00e8me de contr\u00f4le classique, ou profitez d&#039;un nouveau syst\u00e8me alternatif o\u00f9 le personnage se d\u00e9place dans la direction du joystick analogique.<\/li><li><strong>Personnages pr\u00e9f\u00e9r\u00e9s des fans de Resident Evil<\/strong>\u00a0\u2013 Rookie S.T.A.R.S. member Rebecca Chambers and wanted criminal Billy Coen combine skills and buddy up to survive the undead and infected nightmares that await them.<\/li><li><strong>Mode Wesker<\/strong>\u00a0\u2013 Une fois l&#039;histoire principale termin\u00e9e, vous pourrez prendre le contr\u00f4le d&#039;Albert Wesker, l&#039;antagoniste de la s\u00e9rie, et utiliser ses capacit\u00e9s surhumaines pour mener \u00e0 bien les missions.<\/li><\/ul><\/div><\/div><\/div><div class=\"game_page_autocollapse_ctn\"><div class=\"game_page_autocollapse sys_req\"><h2><iframe title=\"Lecteur vid\u00e9o YouTube\" data-src=\"https:\/\/www.youtube.com\/embed\/QbjC_WZy_jo\" width=\"560\" height=\"315\" frameborder=\"0\" allowfullscreen=\"allowfullscreen\" src=\"data:image\/svg+xml;base64,PHN2ZyB3aWR0aD0iMSIgaGVpZ2h0PSIxIiB4bWxucz0iaHR0cDovL3d3dy53My5vcmcvMjAwMC9zdmciPjwvc3ZnPg==\" class=\"lazyload\" data-load-mode=\"1\"><\/iframe><\/h2><h2>CONFIGURATION REQUISE<\/h2><div class=\"sysreq_contents\"><div class=\"game_area_sys_req sysreq_content active\" data-os=\"win\"><div class=\"game_area_sys_req_leftCol\"><p><strong>LE MINIMUM:<\/strong><\/p><ul><li style=\"list-style-type: none;\"><ul class=\"bb_ul\"><li><strong>SE\u00a0:<\/strong>\u00a0Windows\u00ae 8.1 \/ Windows\u00ae10<\/li><li><strong>Processeur:<\/strong>\u00a0Processeur Intel\u00ae Core\u2122 2 Duo 2,4 GHz ou sup\u00e9rieur<\/li><li><strong>M\u00e9moire:<\/strong>\u00a02 Go de RAM<\/li><li><strong>Graphique:<\/strong>\u00a0NVIDIA\u00ae GeForce\u00ae GTX260 ou sup\u00e9rieure<\/li><li><strong>DirectX\u00a0:<\/strong>\u00a0Version 9.0c<\/li><li><strong>R\u00e9seau:<\/strong>\u00a0connexion Internet \u00e0 haut d\u00e9bit<\/li><li><strong>Stockage:<\/strong>\u00a013 Go d&#039;espace disponible<\/li><li><strong>Carte son:<\/strong>\u00a0Compatible DirectSound (doit prendre en charge DirectX 9.0c ou sup\u00e9rieur)<\/li><li><strong>Notes compl\u00e9mentaires:<\/strong>\u00a0Compatible clavier et souris. Manette Xbox 360 compatible PC recommand\u00e9e.<\/li><\/ul><\/li><\/ul><\/div><div class=\"game_area_sys_req_rightCol\"><p><strong>CONSEILL\u00c9:<\/strong><\/p><ul><li style=\"list-style-type: none;\"><ul class=\"bb_ul\"><li><strong>SE\u00a0:<\/strong>\u00a0Windows\u00ae 8.1 \/ Windows\u00ae10<\/li><li><strong>Processeur:<\/strong>\u00a0Processeur Intel\u00ae Core\u2122 2 Quad 2,7 GHz ou sup\u00e9rieur<\/li><li><strong>M\u00e9moire:<\/strong>\u00a04 Go de RAM<\/li><li><strong>Graphique:<\/strong>\u00a0NVIDIA\u00ae GeForce\u00ae GTX 560 ou sup\u00e9rieure<\/li><li><strong>DirectX\u00a0:<\/strong>\u00a0Version 9.0c<\/li><li><strong>R\u00e9seau:<\/strong>\u00a0connexion Internet \u00e0 haut d\u00e9bit<\/li><li><strong>Stockage:<\/strong>\u00a013 Go d&#039;espace disponible<\/li><li><strong>Carte son:<\/strong>\u00a0Compatible DirectSound (doit prendre en charge DirectX 9.0c ou sup\u00e9rieur)<\/li><li><strong>Notes compl\u00e9mentaires:<\/strong>\u00a0Compatible clavier et souris. Manette Xbox 360 compatible PC recommand\u00e9e.<\/li><\/ul><\/li><\/ul><\/div><\/div><\/div><\/div><\/div>\t\t\t\t\t\t\t\t<\/div>\n\t\t\t\t<\/div>\n\t\t\t\t\t<\/div>\n\t\t<\/div>\n\t\t\t\t\t<\/div>\n\t\t<\/section>\n\t\t\t\t<\/div>","protected":false},"excerpt":{"rendered":"<p>Fast Delivery Delivery can take 5 to 20 minutes, according to your place in our queue Your Order will be \u2018Auto Refunded\u2019 in case it does not get delivered after 12 hours! How To Activate 1- Open up a VPN and connect to the server specified in your email after placing your order. 2- Click [&hellip;]<\/p>\n","protected":false},"featured_media":1154,"comment_status":"closed","ping_status":"closed","template":"","meta":{"_crdt_document":"","jetpack_post_was_ever_published":false,"jetpack_publicize_message":"","jetpack_publicize_feature_enabled":true,"jetpack_social_post_already_shared":true,"jetpack_social_options":{"image_generator_settings":{"template":"highway","default_image_id":0,"font":"","enabled":false},"version":2},"_wpas_customize_per_network":false},"product_brand":[],"product_cat":[1375,1374],"product_tag":[],"class_list":{"0":"post-591","1":"product","2":"type-product","3":"status-publish","4":"has-post-thumbnail","6":"product_cat-pc","7":"product_cat-xbox","9":"first","10":"outofstock","11":"sale","12":"taxable","13":"shipping-taxable","14":"purchasable","15":"product-type-variable","16":"has-default-attributes"},"yoast_head":"<!-- This site is optimized with the Yoast SEO Premium plugin v27.3 (Yoast SEO v27.3) - https:\/\/yoast.com\/product\/yoast-seo-premium-wordpress\/ -->\n<title>Resident Evil 0 - EnderG<\/title>\n<meta name=\"robots\" content=\"index, follow, max-snippet:-1, max-image-preview:large, max-video-preview:-1\" \/>\n<link rel=\"canonical\" href=\"https:\/\/enderg.com\/fr\/product\/resident-evil-0\/\" \/>\n<meta property=\"og:locale\" content=\"fr_FR\" \/>\n<meta property=\"og:type\" content=\"article\" \/>\n<meta property=\"og:title\" content=\"Resident Evil 0\" \/>\n<meta property=\"og:description\" content=\"Fast Delivery Delivery can take 5 to 20 minutes, according to your place in our queue Your Order will be \u2018Auto Refunded\u2019 in case it does not get delivered after 12 hours! How To Activate 1- Open up a VPN and connect to the server specified in your email after placing your order. 2- Click [&hellip;]\" \/>\n<meta property=\"og:url\" content=\"https:\/\/enderg.com\/fr\/product\/resident-evil-0\/\" \/>\n<meta property=\"og:site_name\" content=\"EnderG\" \/>\n<meta property=\"article:publisher\" content=\"https:\/\/www.facebook.com\/Endergg1\/\" \/>\n<meta property=\"article:modified_time\" content=\"2024-06-25T22:45:02+00:00\" \/>\n<meta property=\"og:image\" content=\"https:\/\/enderg.com\/wp-content\/uploads\/2022\/08\/resident-evil-0-hd-remaster-pc-game-steam-europe-cover.jpg\" \/>\n\t<meta property=\"og:image:width\" content=\"2000\" \/>\n\t<meta property=\"og:image:height\" content=\"2830\" \/>\n\t<meta property=\"og:image:type\" content=\"image\/jpeg\" \/>\n<meta name=\"twitter:card\" content=\"summary_large_image\" \/>\n<meta name=\"twitter:label1\" content=\"Dur\u00e9e de lecture estim\u00e9e\" \/>\n\t<meta name=\"twitter:data1\" content=\"3 minutes\" \/>\n<script type=\"application\/ld+json\" class=\"yoast-schema-graph\">{\"@context\":\"https:\\\/\\\/schema.org\",\"@graph\":[{\"@type\":\"WebPage\",\"@id\":\"https:\\\/\\\/enderg.com\\\/product\\\/resident-evil-0\\\/\",\"url\":\"https:\\\/\\\/enderg.com\\\/product\\\/resident-evil-0\\\/\",\"name\":\"Resident Evil 0 - EnderG\",\"isPartOf\":{\"@id\":\"https:\\\/\\\/enderg.com\\\/#website\"},\"primaryImageOfPage\":{\"@id\":\"https:\\\/\\\/enderg.com\\\/product\\\/resident-evil-0\\\/#primaryimage\"},\"image\":{\"@id\":\"https:\\\/\\\/enderg.com\\\/product\\\/resident-evil-0\\\/#primaryimage\"},\"thumbnailUrl\":\"https:\\\/\\\/i0.wp.com\\\/enderg.com\\\/wp-content\\\/uploads\\\/2022\\\/08\\\/resident-evil-0-hd-remaster-pc-game-steam-europe-cover.jpg?fit=2000%2C2830&ssl=1\",\"datePublished\":\"2022-08-07T18:42:43+00:00\",\"dateModified\":\"2024-06-25T22:45:02+00:00\",\"breadcrumb\":{\"@id\":\"https:\\\/\\\/enderg.com\\\/product\\\/resident-evil-0\\\/#breadcrumb\"},\"inLanguage\":\"fr-FR\",\"potentialAction\":[{\"@type\":\"ReadAction\",\"target\":[\"https:\\\/\\\/enderg.com\\\/product\\\/resident-evil-0\\\/\"]}]},{\"@type\":\"ImageObject\",\"inLanguage\":\"fr-FR\",\"@id\":\"https:\\\/\\\/enderg.com\\\/product\\\/resident-evil-0\\\/#primaryimage\",\"url\":\"https:\\\/\\\/i0.wp.com\\\/enderg.com\\\/wp-content\\\/uploads\\\/2022\\\/08\\\/resident-evil-0-hd-remaster-pc-game-steam-europe-cover.jpg?fit=2000%2C2830&ssl=1\",\"contentUrl\":\"https:\\\/\\\/i0.wp.com\\\/enderg.com\\\/wp-content\\\/uploads\\\/2022\\\/08\\\/resident-evil-0-hd-remaster-pc-game-steam-europe-cover.jpg?fit=2000%2C2830&ssl=1\",\"width\":2000,\"height\":2830},{\"@type\":\"BreadcrumbList\",\"@id\":\"https:\\\/\\\/enderg.com\\\/product\\\/resident-evil-0\\\/#breadcrumb\",\"itemListElement\":[{\"@type\":\"ListItem\",\"position\":1,\"name\":\"Home\",\"item\":\"https:\\\/\\\/enderg.com\\\/\"},{\"@type\":\"ListItem\",\"position\":2,\"name\":\"Shop\",\"item\":\"https:\\\/\\\/enderg.com\\\/shop\\\/\"},{\"@type\":\"ListItem\",\"position\":3,\"name\":\"Resident Evil 0\"}]},{\"@type\":\"WebSite\",\"@id\":\"https:\\\/\\\/enderg.com\\\/#website\",\"url\":\"https:\\\/\\\/enderg.com\\\/\",\"name\":\"EnderG\",\"description\":\"Cheaper Is What We Do!\",\"publisher\":{\"@id\":\"https:\\\/\\\/enderg.com\\\/#organization\"},\"potentialAction\":[{\"@type\":\"SearchAction\",\"target\":{\"@type\":\"EntryPoint\",\"urlTemplate\":\"https:\\\/\\\/enderg.com\\\/?s={search_term_string}\"},\"query-input\":{\"@type\":\"PropertyValueSpecification\",\"valueRequired\":true,\"valueName\":\"search_term_string\"}}],\"inLanguage\":\"fr-FR\"},{\"@type\":\"Organization\",\"@id\":\"https:\\\/\\\/enderg.com\\\/#organization\",\"name\":\"EnderG\",\"url\":\"https:\\\/\\\/enderg.com\\\/\",\"logo\":{\"@type\":\"ImageObject\",\"inLanguage\":\"fr-FR\",\"@id\":\"https:\\\/\\\/enderg.com\\\/#\\\/schema\\\/logo\\\/image\\\/\",\"url\":\"https:\\\/\\\/enderg.com\\\/wp-content\\\/uploads\\\/2023\\\/03\\\/222222222221.png\",\"contentUrl\":\"https:\\\/\\\/enderg.com\\\/wp-content\\\/uploads\\\/2023\\\/03\\\/222222222221.png\",\"width\":512,\"height\":512,\"caption\":\"EnderG\"},\"image\":{\"@id\":\"https:\\\/\\\/enderg.com\\\/#\\\/schema\\\/logo\\\/image\\\/\"},\"sameAs\":[\"https:\\\/\\\/www.facebook.com\\\/Endergg1\\\/\",\"https:\\\/\\\/www.instagram.com\\\/enderg01\",\"https:\\\/\\\/www.youtube.com\\\/@enderg-com\"],\"description\":\"Cheaper Gaming is what we do!\",\"legalName\":\"Vandar Limited\",\"foundingDate\":\"2022-06-21\"}]}<\/script>\n<!-- \/ Yoast SEO Premium plugin. -->","yoast_head_json":{"title":"Resident Evil 0 - EnderG","robots":{"index":"index","follow":"follow","max-snippet":"max-snippet:-1","max-image-preview":"max-image-preview:large","max-video-preview":"max-video-preview:-1"},"canonical":"https:\/\/enderg.com\/fr\/product\/resident-evil-0\/","og_locale":"fr_FR","og_type":"article","og_title":"Resident Evil 0","og_description":"Fast Delivery Delivery can take 5 to 20 minutes, according to your place in our queue Your Order will be \u2018Auto Refunded\u2019 in case it does not get delivered after 12 hours! How To Activate 1- Open up a VPN and connect to the server specified in your email after placing your order. 2- Click [&hellip;]","og_url":"https:\/\/enderg.com\/fr\/product\/resident-evil-0\/","og_site_name":"EnderG","article_publisher":"https:\/\/www.facebook.com\/Endergg1\/","article_modified_time":"2024-06-25T22:45:02+00:00","og_image":[{"width":2000,"height":2830,"url":"https:\/\/enderg.com\/wp-content\/uploads\/2022\/08\/resident-evil-0-hd-remaster-pc-game-steam-europe-cover.jpg","type":"image\/jpeg"}],"twitter_card":"summary_large_image","twitter_misc":{"Dur\u00e9e de lecture estim\u00e9e":"3 minutes"},"schema":{"@context":"https:\/\/schema.org","@graph":[{"@type":"WebPage","@id":"https:\/\/enderg.com\/product\/resident-evil-0\/","url":"https:\/\/enderg.com\/product\/resident-evil-0\/","name":"Resident Evil 0 - EnderG","isPartOf":{"@id":"https:\/\/enderg.com\/#website"},"primaryImageOfPage":{"@id":"https:\/\/enderg.com\/product\/resident-evil-0\/#primaryimage"},"image":{"@id":"https:\/\/enderg.com\/product\/resident-evil-0\/#primaryimage"},"thumbnailUrl":"https:\/\/i0.wp.com\/enderg.com\/wp-content\/uploads\/2022\/08\/resident-evil-0-hd-remaster-pc-game-steam-europe-cover.jpg?fit=2000%2C2830&ssl=1","datePublished":"2022-08-07T18:42:43+00:00","dateModified":"2024-06-25T22:45:02+00:00","breadcrumb":{"@id":"https:\/\/enderg.com\/product\/resident-evil-0\/#breadcrumb"},"inLanguage":"fr-FR","potentialAction":[{"@type":"ReadAction","target":["https:\/\/enderg.com\/product\/resident-evil-0\/"]}]},{"@type":"ImageObject","inLanguage":"fr-FR","@id":"https:\/\/enderg.com\/product\/resident-evil-0\/#primaryimage","url":"https:\/\/i0.wp.com\/enderg.com\/wp-content\/uploads\/2022\/08\/resident-evil-0-hd-remaster-pc-game-steam-europe-cover.jpg?fit=2000%2C2830&ssl=1","contentUrl":"https:\/\/i0.wp.com\/enderg.com\/wp-content\/uploads\/2022\/08\/resident-evil-0-hd-remaster-pc-game-steam-europe-cover.jpg?fit=2000%2C2830&ssl=1","width":2000,"height":2830},{"@type":"BreadcrumbList","@id":"https:\/\/enderg.com\/product\/resident-evil-0\/#breadcrumb","itemListElement":[{"@type":"ListItem","position":1,"name":"Home","item":"https:\/\/enderg.com\/"},{"@type":"ListItem","position":2,"name":"Shop","item":"https:\/\/enderg.com\/shop\/"},{"@type":"ListItem","position":3,"name":"Resident Evil 0"}]},{"@type":"WebSite","@id":"https:\/\/enderg.com\/#website","url":"https:\/\/enderg.com\/","name":"EnderG","description":"Moins cher, c&#039;est ce que nous faisons\u00a0!","publisher":{"@id":"https:\/\/enderg.com\/#organization"},"potentialAction":[{"@type":"SearchAction","target":{"@type":"EntryPoint","urlTemplate":"https:\/\/enderg.com\/?s={search_term_string}"},"query-input":{"@type":"PropertyValueSpecification","valueRequired":true,"valueName":"search_term_string"}}],"inLanguage":"fr-FR"},{"@type":"Organization","@id":"https:\/\/enderg.com\/#organization","name":"EnderG","url":"https:\/\/enderg.com\/","logo":{"@type":"ImageObject","inLanguage":"fr-FR","@id":"https:\/\/enderg.com\/#\/schema\/logo\/image\/","url":"https:\/\/enderg.com\/wp-content\/uploads\/2023\/03\/222222222221.png","contentUrl":"https:\/\/enderg.com\/wp-content\/uploads\/2023\/03\/222222222221.png","width":512,"height":512,"caption":"EnderG"},"image":{"@id":"https:\/\/enderg.com\/#\/schema\/logo\/image\/"},"sameAs":["https:\/\/www.facebook.com\/Endergg1\/","https:\/\/www.instagram.com\/enderg01","https:\/\/www.youtube.com\/@enderg-com"],"description":"Nous proposons des jeux \u00e0 prix r\u00e9duits !","legalName":"Vandar Limited","foundingDate":"2022-06-21"}]}},"jetpack_publicize_connections":[],"jetpack_likes_enabled":true,"jetpack_sharing_enabled":true,"jetpack-related-posts":[],"_links":{"self":[{"href":"https:\/\/enderg.com\/fr\/wp-json\/wp\/v2\/product\/591","targetHints":{"allow":["GET"]}}],"collection":[{"href":"https:\/\/enderg.com\/fr\/wp-json\/wp\/v2\/product"}],"about":[{"href":"https:\/\/enderg.com\/fr\/wp-json\/wp\/v2\/types\/product"}],"replies":[{"embeddable":true,"href":"https:\/\/enderg.com\/fr\/wp-json\/wp\/v2\/comments?post=591"}],"version-history":[{"count":9,"href":"https:\/\/enderg.com\/fr\/wp-json\/wp\/v2\/product\/591\/revisions"}],"predecessor-version":[{"id":8736,"href":"https:\/\/enderg.com\/fr\/wp-json\/wp\/v2\/product\/591\/revisions\/8736"}],"wp:featuredmedia":[{"embeddable":true,"href":"https:\/\/enderg.com\/fr\/wp-json\/wp\/v2\/media\/1154"}],"wp:attachment":[{"href":"https:\/\/enderg.com\/fr\/wp-json\/wp\/v2\/media?parent=591"}],"wp:term":[{"taxonomy":"product_brand","embeddable":true,"href":"https:\/\/enderg.com\/fr\/wp-json\/wp\/v2\/product_brand?post=591"},{"taxonomy":"product_cat","embeddable":true,"href":"https:\/\/enderg.com\/fr\/wp-json\/wp\/v2\/product_cat?post=591"},{"taxonomy":"product_tag","embeddable":true,"href":"https:\/\/enderg.com\/fr\/wp-json\/wp\/v2\/product_tag?post=591"}],"curies":[{"name":"wp","href":"https:\/\/api.w.org\/{rel}","templated":true}]}}