{"id":5395,"date":"2023-03-08T21:44:41","date_gmt":"2023-03-08T18:44:41","guid":{"rendered":"https:\/\/enderg.com\/?post_type=product&#038;p=5395"},"modified":"2024-06-26T01:35:09","modified_gmt":"2024-06-25T22:35:09","slug":"destiny-2-lightfall-annual-pass","status":"publish","type":"product","link":"https:\/\/enderg.com\/fr\/product\/destiny-2-lightfall-annual-pass\/","title":{"rendered":"Destiny 2 : Lightfall + Pass Annuel"},"content":{"rendered":"<div data-elementor-type=\"wp-post\" data-elementor-id=\"5395\" class=\"elementor elementor-5395\" data-elementor-post-type=\"product\">\n\t\t\t\t\t\t<section class=\"elementor-section elementor-top-section elementor-element elementor-element-7d278c2 elementor-section-boxed elementor-section-height-default elementor-section-height-default\" data-id=\"7d278c2\" data-element_type=\"section\" data-e-type=\"section\">\n\t\t\t\t\t\t<div class=\"elementor-container elementor-column-gap-default\">\n\t\t\t\t\t<div class=\"elementor-column elementor-col-100 elementor-top-column elementor-element elementor-element-61b54f1d\" data-id=\"61b54f1d\" data-element_type=\"column\" data-e-type=\"column\">\n\t\t\t<div class=\"elementor-widget-wrap elementor-element-populated\">\n\t\t\t\t\t\t<div class=\"elementor-element elementor-element-39531c20 elementor-widget elementor-widget-accordion\" data-id=\"39531c20\" data-element_type=\"widget\" data-e-type=\"widget\" data-widget_type=\"accordion.default\">\n\t\t\t\t<div class=\"elementor-widget-container\">\n\t\t\t\t\t\t\t<div class=\"elementor-accordion\">\n\t\t\t\t\t\t\t<div class=\"elementor-accordion-item\">\n\t\t\t\t\t<h4 id=\"elementor-tab-title-9611\" class=\"elementor-tab-title\" data-tab=\"1\" role=\"button\" aria-controls=\"elementor-tab-content-9611\" aria-expanded=\"false\">\n\t\t\t\t\t\t\t\t\t\t\t\t\t<span class=\"elementor-accordion-icon elementor-accordion-icon-left\" aria-hidden=\"true\">\n\t\t\t\t\t\t\t\t\t\t\t\t\t\t\t<span class=\"elementor-accordion-icon-closed\"><i class=\"fas fa-truck\"><\/i><\/span>\n\t\t\t\t\t\t\t\t<span class=\"elementor-accordion-icon-opened\"><i class=\"fas fa-truck\"><\/i><\/span>\n\t\t\t\t\t\t\t\t\t\t\t\t\t\t<\/span>\n\t\t\t\t\t\t\t\t\t\t\t\t<a class=\"elementor-accordion-title\" tabindex=\"0\">Livraison rapide<\/a>\n\t\t\t\t\t<\/h4>\n\t\t\t\t\t<div id=\"elementor-tab-content-9611\" class=\"elementor-tab-content elementor-clearfix\" data-tab=\"1\" role=\"region\" aria-labelledby=\"elementor-tab-title-9611\"><p>La livraison peut prendre 5 \u00e0 20 minutes, selon votre place dans notre file d'attente<\/p><p>Votre commande sera \u00ab\u00a0auto-rembours\u00e9e\u00a0\u00bb si elle n'est pas livr\u00e9e apr\u00e8s 12\u00a0heures\u00a0!<\/p><\/div>\n\t\t\t\t<\/div>\n\t\t\t\t\t\t\t\t<\/div>\n\t\t\t\t\t\t<\/div>\n\t\t\t\t<\/div>\n\t\t\t\t<div class=\"elementor-element elementor-element-704ce8c5 elementor-widget elementor-widget-accordion\" data-id=\"704ce8c5\" data-element_type=\"widget\" data-e-type=\"widget\" data-widget_type=\"accordion.default\">\n\t\t\t\t<div class=\"elementor-widget-container\">\n\t\t\t\t\t\t\t<div class=\"elementor-accordion\">\n\t\t\t\t\t\t\t<div class=\"elementor-accordion-item\">\n\t\t\t\t\t<h4 id=\"elementor-tab-title-1881\" class=\"elementor-tab-title\" data-tab=\"1\" role=\"button\" aria-controls=\"elementor-tab-content-1881\" aria-expanded=\"false\">\n\t\t\t\t\t\t\t\t\t\t\t\t\t<span class=\"elementor-accordion-icon elementor-accordion-icon-left\" aria-hidden=\"true\">\n\t\t\t\t\t\t\t\t\t\t\t\t\t\t\t<span class=\"elementor-accordion-icon-closed\"><i class=\"fab fa-xbox\"><\/i><\/span>\n\t\t\t\t\t\t\t\t<span class=\"elementor-accordion-icon-opened\"><i class=\"fab fa-xbox\"><\/i><\/span>\n\t\t\t\t\t\t\t\t\t\t\t\t\t\t<\/span>\n\t\t\t\t\t\t\t\t\t\t\t\t<a class=\"elementor-accordion-title\" tabindex=\"0\">Comment activer<\/a>\n\t\t\t\t\t<\/h4>\n\t\t\t\t\t<div id=\"elementor-tab-content-1881\" class=\"elementor-tab-content elementor-clearfix\" data-tab=\"1\" role=\"region\" aria-labelledby=\"elementor-tab-title-1881\"><p>1- Ouvrez un VPN et connectez-vous au serveur sp\u00e9cifi\u00e9 dans votre e-mail apr\u00e8s avoir pass\u00e9 votre commande.\u00a0<\/p><p>2- Cliquez dessus\u00a0<a title=\"https:\/\/account.microsoft.com\/billing\/redeem?refd=login.live.com\" href=\"https:\/\/account.microsoft.com\/billing\/redeem?refd=login.live.com\"><strong>Lien<\/strong><\/a>\u00a0&amp; Connectez-vous \u00e0 votre compte, puis \u00e9changez la cl\u00e9 que vous avez re\u00e7ue\u00a0!<\/p><p>3- Profitez-en !<\/p><\/div>\n\t\t\t\t<\/div>\n\t\t\t\t\t\t\t\t<\/div>\n\t\t\t\t\t\t<\/div>\n\t\t\t\t<\/div>\n\t\t\t\t<div class=\"elementor-element elementor-element-3576495f elementor-widget elementor-widget-accordion\" data-id=\"3576495f\" data-element_type=\"widget\" data-e-type=\"widget\" data-widget_type=\"accordion.default\">\n\t\t\t\t<div class=\"elementor-widget-container\">\n\t\t\t\t\t\t\t<div class=\"elementor-accordion\">\n\t\t\t\t\t\t\t<div class=\"elementor-accordion-item\">\n\t\t\t\t\t<h4 id=\"elementor-tab-title-8961\" class=\"elementor-tab-title\" data-tab=\"1\" role=\"button\" aria-controls=\"elementor-tab-content-8961\" aria-expanded=\"false\">\n\t\t\t\t\t\t\t\t\t\t\t\t\t<span class=\"elementor-accordion-icon elementor-accordion-icon-left\" aria-hidden=\"true\">\n\t\t\t\t\t\t\t\t\t\t\t\t\t\t\t<span class=\"elementor-accordion-icon-closed\"><i class=\"fab fa-playstation\"><\/i><\/span>\n\t\t\t\t\t\t\t\t<span class=\"elementor-accordion-icon-opened\"><i class=\"fab fa-playstation\"><\/i><\/span>\n\t\t\t\t\t\t\t\t\t\t\t\t\t\t<\/span>\n\t\t\t\t\t\t\t\t\t\t\t\t<a class=\"elementor-accordion-title\" tabindex=\"0\">Comment activer<\/a>\n\t\t\t\t\t<\/h4>\n\t\t\t\t\t<div id=\"elementor-tab-content-8961\" class=\"elementor-tab-content elementor-clearfix\" data-tab=\"1\" role=\"region\" aria-labelledby=\"elementor-tab-title-8961\"><div class=\"summary__title\"><p>\u00c0 la livraison, vous recevrez l&#039;\u00ab\u00a0abonnement\u00a0\u00bb ou le \u00ab\u00a0jeu\u00a0\u00bb que vous avez command\u00e9, mais qui doit \u00eatre activ\u00e9 en \u00ab\u00a0ajoutant\u00a0\u00bb un \u00ab\u00a0nouveau compte\u00a0\u00bb \u00e0 votre console.<\/p><p>Vous pouvez facilement &quot;AJOUTER&quot; l&#039;&quot;abonnement&quot; ou le &quot;jeu&quot; du compte \u00e0 votre propre &quot;compte principal&quot; et au reste des comptes sur votre console.<\/p><\/div><p class=\"p1\"><span class=\"s1\">1- Ajoutez simplement le nouveau profil \u00e0 votre console en tant que \u00ab\u00a0Nouvel utilisateur\u00a0\u00bb, puis\u00a0:<\/span><\/p><p class=\"p1\"><span style=\"font-weight: 600;\">Comment activer le partage de console PS5 et le jeu hors ligne\u00a0:\u00a0<\/span><\/p><p class=\"p1\"><span class=\"s2\">2- Acc\u00e9dez \u00e0 Param\u00e8tres &gt; Utilisateurs et comptes &gt; Autre &gt; Partage de console et lecture hors ligne. S\u00e9lectionnez Activer.<\/span><\/p><p class=\"p1\"><span class=\"s2\"><span style=\"font-weight: 600;\">Pour PS4\u00a0:<\/span>\u00a0 Acc\u00e9dez \u00e0 Param\u00e8tres &gt; Gestion de compte &gt; Activer en tant que PlayStation 4 principale &gt; S\u00e9lectionnez Activer.\u00a0\u00a0<\/span><\/p><p>3- Apr\u00e8s l&#039;activation de votre \u00ab Nouveau compte \u00bb contenant votre commande, vous pouvez ignorer le nouveau \u00ab Compte \u00bb et recommencer \u00e0 jouer \u00e0 des jeux et \u00e0 les faire progresser sur votre \u00ab Compte principal \u00bb sans aucun effet sur vos troph\u00e9es ou votre progression. !<\/p><p class=\"p1\"><span class=\"s2\">Didacticiel vid\u00e9o:\u00a0<\/span><span class=\"s3\"><a title=\"https:\/\/youtu.be\/UfBdDhAC50E\" href=\"https:\/\/youtu.be\/UfBdDhAC50E\">https:\/\/youtu.be\/UfBdDhAC50E<\/a><\/span><span class=\"s2\">\u00a0\u00a0<\/span><\/p><div class=\"summary__title\"><p>* Fonctionne pour les r\u00e9gions du monde<\/p><p><a title=\"https:\/\/www.playstation.com\/en-gb\/support\/subscriptions\/share-playstation-plus\/\" href=\"https:\/\/www.playstation.com\/en-gb\/support\/subscriptions\/share-playstation-plus\/\" target=\"_blank\" rel=\"noopener\">Cliquez ici pour savoir comment partager votre abonnement &quot;Playstation Plus&quot; sur votre console.<\/a><\/p><p>*Ce produit ne contient pas de code<\/p><\/div><\/div>\n\t\t\t\t<\/div>\n\t\t\t\t\t\t\t\t<\/div>\n\t\t\t\t\t\t<\/div>\n\t\t\t\t<\/div>\n\t\t\t\t\t<\/div>\n\t\t<\/div>\n\t\t\t\t\t<\/div>\n\t\t<\/section>\n\t\t\t\t<section class=\"elementor-section elementor-top-section elementor-element elementor-element-1f56f5a elementor-section-boxed elementor-section-height-default elementor-section-height-default\" data-id=\"1f56f5a\" data-element_type=\"section\" data-e-type=\"section\">\n\t\t\t\t\t\t<div class=\"elementor-container elementor-column-gap-default\">\n\t\t\t\t\t<div class=\"elementor-column elementor-col-100 elementor-top-column elementor-element elementor-element-77e1a342\" data-id=\"77e1a342\" data-element_type=\"column\" data-e-type=\"column\">\n\t\t\t<div class=\"elementor-widget-wrap elementor-element-populated\">\n\t\t\t\t\t\t<div class=\"elementor-element elementor-element-6d0df07d elementor-widget elementor-widget-text-editor\" data-id=\"6d0df07d\" data-element_type=\"widget\" data-e-type=\"widget\" data-widget_type=\"text-editor.default\">\n\t\t\t\t<div class=\"elementor-widget-container\">\n\t\t\t\t\t\t\t\t\t<h4 style=\"text-align: center;\"><strong>\u00c0 propos de ce jeu<\/strong><\/h4><div class=\"game_page_autocollapse_ctn\"><div id=\"aboutThisGame\" class=\"game_page_autocollapse\" data-panel=\"{&quot;type&quot;:&quot;PanelGroup&quot;}\"><div id=\"game_area_description\" class=\"game_area_description\"><p>Comprend Lightfall, le nouveau raid, deux donjons sortis dans les saisons 21 et 23, un nouveau moineau exotique, le catalyseur et l&#039;ornement Quicksilver Storm, ainsi que les Season Pass pour les saisons 20, 21, 22, 23.<\/p><p>Comprend \u00e9galement 4 livraisons de Rahool&#039;s Secret Stash (une fois par saison) contenant chacune 1 accessoire cosm\u00e9tique, 2 alliages ascendants, 3 fragments ascendants, 1 chiffre exotique et 5 modules de mise \u00e0 niveau.<\/p><p><strong>Campagne<\/strong><br \/>Dans une ville neptunienne assi\u00e9g\u00e9e, puisez de la force aupr\u00e8s de vos compagnons Gardiens alors que la fin de toutes choses approche : le T\u00e9moin est l\u00e0. Armez-vous de nouvelles r\u00e9compenses et d\u00e9bloquez de nouveaux pouvoirs obscurs pour triompher dans l&#039;inoubliable mode L\u00e9gendaire de Lightfall.<\/p><p><strong>Brin<\/strong><br \/>Exploitez les t\u00e9n\u00e8bres et d\u00e9racinez les fils de la r\u00e9alit\u00e9 avec cette nouvelle sous-classe. Parcourez la ville avec une nouvelle vitesse alors que vous vous d\u00e9battez d&#039;un b\u00e2timent \u00e0 l&#039;autre. Chaque classe peut exploiter ce nouvel \u00e9l\u00e9ment, mais c&#039;est \u00e0 vous de cr\u00e9er la version parfaite.<\/p><p><strong>Nouvelle Destination<\/strong><br \/>Voyagez jusqu&#039;\u00e0 Neptune et d\u00e9couvrez une m\u00e9tropole n\u00e9on comme vous n&#039;en avez jamais explor\u00e9e dans Destiny 2. Rencontrez les Cloud Striders, rejoignez le combat contre la L\u00e9gion de l&#039;Ombre et \u00e9vitez la d\u00e9vastation dans la ville secr\u00e8te technologiquement avanc\u00e9e de Neomuna.<\/p><\/div><\/div><\/div><div class=\"game_page_autocollapse_ctn\"><div class=\"game_page_autocollapse sys_req\"><h2>CONFIGURATION REQUISE<\/h2><div class=\"sysreq_contents\"><div class=\"game_area_sys_req sysreq_content active\" data-os=\"win\"><div class=\"game_area_sys_req_leftCol\"><p><strong>LE MINIMUM:<\/strong><\/p><ul><li style=\"list-style-type: none;\"><ul class=\"bb_ul\"><li>N\u00e9cessite un processeur et un syst\u00e8me d&#039;exploitation 64 bits<\/li><li><strong>SE\u00a0:<\/strong>\u00a0Windows\u00ae 7 \/ Windows\u00ae 8.1 \/ Windows\u00ae 10 64 bits (dernier Service Pack)<\/li><li><strong>Processeur:<\/strong>\u00a0Intel\u00ae Core\u2122 i3 3250 3,5 GHz ou Intel Pentium G4560 3,5 GHz \/ AMD FX-4350 4,2 GHz<\/li><li><strong>M\u00e9moire:<\/strong>\u00a06 Go de RAM<\/li><li><strong>Graphique:<\/strong>\u00a0NVIDIA\u00ae GeForce\u00ae GTX 660 2 Go ou GTX 1050 2 Go \/ AMD Radeon HD 7850 2 Go<\/li><li><strong>R\u00e9seau:<\/strong>\u00a0connexion Internet \u00e0 haut d\u00e9bit<\/li><li><strong>Stockage:<\/strong>\u00a0105\u00a0Go d&#039;espace disponible<\/li><\/ul><\/li><\/ul><\/div><div class=\"game_area_sys_req_rightCol\"><p><strong>CONSEILL\u00c9:<\/strong><\/p><ul><li style=\"list-style-type: none;\"><ul class=\"bb_ul\"><li>N\u00e9cessite un processeur et un syst\u00e8me d&#039;exploitation 64 bits<\/li><li><strong>SE\u00a0:<\/strong>\u00a0Syst\u00e8me Windows\u00ae 7 \/ Windows\u00ae 8.1 \/ Windows\u00ae 10 64 bits (dernier Service Pack)<\/li><li><strong>Processeur:<\/strong>\u00a0Processeur Intel\u00ae Core\u2122 i5 2400 3,4 GHz ou i5 7400 3,5 GHz \/ AMD Ryzen R5 1600X 3,6 GHz<\/li><li><strong>M\u00e9moire:<\/strong>\u00a08 Go de RAM<\/li><li><strong>Graphique:<\/strong>\u00a0NVIDIA\u00ae GeForce\u00ae GTX 970 4 Go ou GTX 1060 6 Go \/ AMD R9 390 8 Go M\u00e9moire 8 Go RAM<\/li><li><strong>R\u00e9seau:<\/strong>\u00a0connexion Internet \u00e0 haut d\u00e9bit<\/li><li><strong>Stockage:<\/strong>\u00a0105\u00a0Go d&#039;espace disponible<\/li><\/ul><\/li><\/ul><\/div><\/div><\/div><\/div><\/div>\t\t\t\t\t\t\t\t<\/div>\n\t\t\t\t<\/div>\n\t\t\t\t\t<\/div>\n\t\t<\/div>\n\t\t\t\t\t<\/div>\n\t\t<\/section>\n\t\t\t\t<section class=\"elementor-section elementor-top-section elementor-element elementor-element-c03804d elementor-section-boxed elementor-section-height-default elementor-section-height-default\" data-id=\"c03804d\" data-element_type=\"section\" data-e-type=\"section\">\n\t\t\t\t\t\t<div class=\"elementor-container elementor-column-gap-default\">\n\t\t\t\t\t<div class=\"elementor-column elementor-col-100 elementor-top-column elementor-element elementor-element-488e385\" data-id=\"488e385\" data-element_type=\"column\" data-e-type=\"column\">\n\t\t\t<div class=\"elementor-widget-wrap elementor-element-populated\">\n\t\t\t\t\t\t<div class=\"elementor-element elementor-element-74a8700 elementor-widget elementor-widget-video\" data-id=\"74a8700\" data-element_type=\"widget\" data-e-type=\"widget\" data-settings=\"{&quot;youtube_url&quot;:&quot;https:\\\/\\\/www.youtube.com\\\/watch?v=99jf-2uQ9rA&quot;,&quot;video_type&quot;:&quot;youtube&quot;,&quot;controls&quot;:&quot;yes&quot;}\" data-widget_type=\"video.default\">\n\t\t\t\t<div class=\"elementor-widget-container\">\n\t\t\t\t\t\t\t<div class=\"elementor-wrapper elementor-open-inline\">\n\t\t\t<div class=\"elementor-video\"><\/div>\t\t<\/div>\n\t\t\t\t\t\t<\/div>\n\t\t\t\t<\/div>\n\t\t\t\t\t<\/div>\n\t\t<\/div>\n\t\t\t\t\t<\/div>\n\t\t<\/section>\n\t\t\t\t<\/div>","protected":false},"excerpt":{"rendered":"<p>Fast Delivery Delivery can take 5 to 20 minutes, according to your place in our queue Your Order will be \u2018Auto Refunded\u2019 in case it does not get delivered after 12 hours! How To Activate 1- Open up a VPN and connect to the server specified in your email after placing your order.\u00a0 2- Click [&hellip;]<\/p>\n","protected":false},"featured_media":5396,"comment_status":"open","ping_status":"closed","template":"","meta":{"_crdt_document":"","jetpack_post_was_ever_published":false,"jetpack_publicize_message":"","jetpack_publicize_feature_enabled":true,"jetpack_social_post_already_shared":true,"jetpack_social_options":{"image_generator_settings":{"template":"highway","default_image_id":0,"font":"","enabled":false},"version":2},"_wpas_customize_per_network":false},"product_brand":[],"product_cat":[1375,1374],"product_tag":[],"class_list":{"0":"post-5395","1":"product","2":"type-product","3":"status-publish","4":"has-post-thumbnail","6":"product_cat-pc","7":"product_cat-xbox","9":"first","10":"outofstock","11":"sale","12":"taxable","13":"shipping-taxable","14":"purchasable","15":"product-type-variable","16":"has-default-attributes"},"yoast_head":"<!-- This site is optimized with the Yoast SEO Premium plugin v27.3 (Yoast SEO v27.3) - https:\/\/yoast.com\/product\/yoast-seo-premium-wordpress\/ -->\n<title>Destiny 2: Lightfall + Annual Pass - EnderG<\/title>\n<meta name=\"robots\" content=\"index, follow, max-snippet:-1, max-image-preview:large, max-video-preview:-1\" \/>\n<link rel=\"canonical\" href=\"https:\/\/enderg.com\/fr\/product\/destiny-2-lightfall-annual-pass\/\" \/>\n<meta property=\"og:locale\" content=\"fr_FR\" \/>\n<meta property=\"og:type\" content=\"article\" \/>\n<meta property=\"og:title\" content=\"Destiny 2: Lightfall + Annual Pass\" \/>\n<meta property=\"og:description\" content=\"Fast Delivery Delivery can take 5 to 20 minutes, according to your place in our queue Your Order will be \u2018Auto Refunded\u2019 in case it does not get delivered after 12 hours! How To Activate 1- Open up a VPN and connect to the server specified in your email after placing your order.\u00a0 2- Click [&hellip;]\" \/>\n<meta property=\"og:url\" content=\"https:\/\/enderg.com\/fr\/product\/destiny-2-lightfall-annual-pass\/\" \/>\n<meta property=\"og:site_name\" content=\"EnderG\" \/>\n<meta property=\"article:publisher\" content=\"https:\/\/www.facebook.com\/Endergg1\/\" \/>\n<meta property=\"article:modified_time\" content=\"2024-06-25T22:35:09+00:00\" \/>\n<meta property=\"og:image\" content=\"https:\/\/i0.wp.com\/enderg.com\/wp-content\/uploads\/2023\/03\/EGS_Destiny2LightfallAnnualPass_Bungie_AddOn_S1_2560x1440-c119b2a5b37129d1241309c707a511b3.jpeg?fit=2560%2C1440&ssl=1\" \/>\n\t<meta property=\"og:image:width\" content=\"2560\" \/>\n\t<meta property=\"og:image:height\" content=\"1440\" \/>\n\t<meta property=\"og:image:type\" content=\"image\/jpeg\" \/>\n<meta name=\"twitter:card\" content=\"summary_large_image\" \/>\n<meta name=\"twitter:label1\" content=\"Dur\u00e9e de lecture estim\u00e9e\" \/>\n\t<meta name=\"twitter:data1\" content=\"3 minutes\" \/>\n<script type=\"application\/ld+json\" class=\"yoast-schema-graph\">{\"@context\":\"https:\\\/\\\/schema.org\",\"@graph\":[{\"@type\":\"WebPage\",\"@id\":\"https:\\\/\\\/enderg.com\\\/product\\\/destiny-2-lightfall-annual-pass\\\/\",\"url\":\"https:\\\/\\\/enderg.com\\\/product\\\/destiny-2-lightfall-annual-pass\\\/\",\"name\":\"Destiny 2: Lightfall + Annual Pass - EnderG\",\"isPartOf\":{\"@id\":\"https:\\\/\\\/enderg.com\\\/#website\"},\"primaryImageOfPage\":{\"@id\":\"https:\\\/\\\/enderg.com\\\/product\\\/destiny-2-lightfall-annual-pass\\\/#primaryimage\"},\"image\":{\"@id\":\"https:\\\/\\\/enderg.com\\\/product\\\/destiny-2-lightfall-annual-pass\\\/#primaryimage\"},\"thumbnailUrl\":\"https:\\\/\\\/i0.wp.com\\\/enderg.com\\\/wp-content\\\/uploads\\\/2023\\\/03\\\/EGS_Destiny2LightfallAnnualPass_Bungie_AddOn_S1_2560x1440-c119b2a5b37129d1241309c707a511b3.jpeg?fit=2560%2C1440&ssl=1\",\"datePublished\":\"2023-03-08T18:44:41+00:00\",\"dateModified\":\"2024-06-25T22:35:09+00:00\",\"breadcrumb\":{\"@id\":\"https:\\\/\\\/enderg.com\\\/product\\\/destiny-2-lightfall-annual-pass\\\/#breadcrumb\"},\"inLanguage\":\"fr-FR\",\"potentialAction\":[{\"@type\":\"ReadAction\",\"target\":[\"https:\\\/\\\/enderg.com\\\/product\\\/destiny-2-lightfall-annual-pass\\\/\"]}]},{\"@type\":\"ImageObject\",\"inLanguage\":\"fr-FR\",\"@id\":\"https:\\\/\\\/enderg.com\\\/product\\\/destiny-2-lightfall-annual-pass\\\/#primaryimage\",\"url\":\"https:\\\/\\\/i0.wp.com\\\/enderg.com\\\/wp-content\\\/uploads\\\/2023\\\/03\\\/EGS_Destiny2LightfallAnnualPass_Bungie_AddOn_S1_2560x1440-c119b2a5b37129d1241309c707a511b3.jpeg?fit=2560%2C1440&ssl=1\",\"contentUrl\":\"https:\\\/\\\/i0.wp.com\\\/enderg.com\\\/wp-content\\\/uploads\\\/2023\\\/03\\\/EGS_Destiny2LightfallAnnualPass_Bungie_AddOn_S1_2560x1440-c119b2a5b37129d1241309c707a511b3.jpeg?fit=2560%2C1440&ssl=1\",\"width\":2560,\"height\":1440},{\"@type\":\"BreadcrumbList\",\"@id\":\"https:\\\/\\\/enderg.com\\\/product\\\/destiny-2-lightfall-annual-pass\\\/#breadcrumb\",\"itemListElement\":[{\"@type\":\"ListItem\",\"position\":1,\"name\":\"Home\",\"item\":\"https:\\\/\\\/enderg.com\\\/\"},{\"@type\":\"ListItem\",\"position\":2,\"name\":\"Shop\",\"item\":\"https:\\\/\\\/enderg.com\\\/shop\\\/\"},{\"@type\":\"ListItem\",\"position\":3,\"name\":\"Destiny 2: Lightfall + Annual Pass\"}]},{\"@type\":\"WebSite\",\"@id\":\"https:\\\/\\\/enderg.com\\\/#website\",\"url\":\"https:\\\/\\\/enderg.com\\\/\",\"name\":\"EnderG\",\"description\":\"Cheaper Is What We Do!\",\"publisher\":{\"@id\":\"https:\\\/\\\/enderg.com\\\/#organization\"},\"potentialAction\":[{\"@type\":\"SearchAction\",\"target\":{\"@type\":\"EntryPoint\",\"urlTemplate\":\"https:\\\/\\\/enderg.com\\\/?s={search_term_string}\"},\"query-input\":{\"@type\":\"PropertyValueSpecification\",\"valueRequired\":true,\"valueName\":\"search_term_string\"}}],\"inLanguage\":\"fr-FR\"},{\"@type\":\"Organization\",\"@id\":\"https:\\\/\\\/enderg.com\\\/#organization\",\"name\":\"EnderG\",\"url\":\"https:\\\/\\\/enderg.com\\\/\",\"logo\":{\"@type\":\"ImageObject\",\"inLanguage\":\"fr-FR\",\"@id\":\"https:\\\/\\\/enderg.com\\\/#\\\/schema\\\/logo\\\/image\\\/\",\"url\":\"https:\\\/\\\/enderg.com\\\/wp-content\\\/uploads\\\/2023\\\/03\\\/222222222221.png\",\"contentUrl\":\"https:\\\/\\\/enderg.com\\\/wp-content\\\/uploads\\\/2023\\\/03\\\/222222222221.png\",\"width\":512,\"height\":512,\"caption\":\"EnderG\"},\"image\":{\"@id\":\"https:\\\/\\\/enderg.com\\\/#\\\/schema\\\/logo\\\/image\\\/\"},\"sameAs\":[\"https:\\\/\\\/www.facebook.com\\\/Endergg1\\\/\",\"https:\\\/\\\/www.instagram.com\\\/enderg01\",\"https:\\\/\\\/www.youtube.com\\\/@enderg-com\"],\"description\":\"Cheaper Gaming is what we do!\",\"legalName\":\"Vandar Limited\",\"foundingDate\":\"2022-06-21\"}]}<\/script>\n<!-- \/ Yoast SEO Premium plugin. -->","yoast_head_json":{"title":"Destiny 2: Lightfall + Annual Pass - EnderG","robots":{"index":"index","follow":"follow","max-snippet":"max-snippet:-1","max-image-preview":"max-image-preview:large","max-video-preview":"max-video-preview:-1"},"canonical":"https:\/\/enderg.com\/fr\/product\/destiny-2-lightfall-annual-pass\/","og_locale":"fr_FR","og_type":"article","og_title":"Destiny 2: Lightfall + Annual Pass","og_description":"Fast Delivery Delivery can take 5 to 20 minutes, according to your place in our queue Your Order will be \u2018Auto Refunded\u2019 in case it does not get delivered after 12 hours! How To Activate 1- Open up a VPN and connect to the server specified in your email after placing your order.\u00a0 2- Click [&hellip;]","og_url":"https:\/\/enderg.com\/fr\/product\/destiny-2-lightfall-annual-pass\/","og_site_name":"EnderG","article_publisher":"https:\/\/www.facebook.com\/Endergg1\/","article_modified_time":"2024-06-25T22:35:09+00:00","og_image":[{"width":2560,"height":1440,"url":"https:\/\/i0.wp.com\/enderg.com\/wp-content\/uploads\/2023\/03\/EGS_Destiny2LightfallAnnualPass_Bungie_AddOn_S1_2560x1440-c119b2a5b37129d1241309c707a511b3.jpeg?fit=2560%2C1440&ssl=1","type":"image\/jpeg"}],"twitter_card":"summary_large_image","twitter_misc":{"Dur\u00e9e de lecture estim\u00e9e":"3 minutes"},"schema":{"@context":"https:\/\/schema.org","@graph":[{"@type":"WebPage","@id":"https:\/\/enderg.com\/product\/destiny-2-lightfall-annual-pass\/","url":"https:\/\/enderg.com\/product\/destiny-2-lightfall-annual-pass\/","name":"Destiny 2: Lightfall + Annual Pass - EnderG","isPartOf":{"@id":"https:\/\/enderg.com\/#website"},"primaryImageOfPage":{"@id":"https:\/\/enderg.com\/product\/destiny-2-lightfall-annual-pass\/#primaryimage"},"image":{"@id":"https:\/\/enderg.com\/product\/destiny-2-lightfall-annual-pass\/#primaryimage"},"thumbnailUrl":"https:\/\/i0.wp.com\/enderg.com\/wp-content\/uploads\/2023\/03\/EGS_Destiny2LightfallAnnualPass_Bungie_AddOn_S1_2560x1440-c119b2a5b37129d1241309c707a511b3.jpeg?fit=2560%2C1440&ssl=1","datePublished":"2023-03-08T18:44:41+00:00","dateModified":"2024-06-25T22:35:09+00:00","breadcrumb":{"@id":"https:\/\/enderg.com\/product\/destiny-2-lightfall-annual-pass\/#breadcrumb"},"inLanguage":"fr-FR","potentialAction":[{"@type":"ReadAction","target":["https:\/\/enderg.com\/product\/destiny-2-lightfall-annual-pass\/"]}]},{"@type":"ImageObject","inLanguage":"fr-FR","@id":"https:\/\/enderg.com\/product\/destiny-2-lightfall-annual-pass\/#primaryimage","url":"https:\/\/i0.wp.com\/enderg.com\/wp-content\/uploads\/2023\/03\/EGS_Destiny2LightfallAnnualPass_Bungie_AddOn_S1_2560x1440-c119b2a5b37129d1241309c707a511b3.jpeg?fit=2560%2C1440&ssl=1","contentUrl":"https:\/\/i0.wp.com\/enderg.com\/wp-content\/uploads\/2023\/03\/EGS_Destiny2LightfallAnnualPass_Bungie_AddOn_S1_2560x1440-c119b2a5b37129d1241309c707a511b3.jpeg?fit=2560%2C1440&ssl=1","width":2560,"height":1440},{"@type":"BreadcrumbList","@id":"https:\/\/enderg.com\/product\/destiny-2-lightfall-annual-pass\/#breadcrumb","itemListElement":[{"@type":"ListItem","position":1,"name":"Home","item":"https:\/\/enderg.com\/"},{"@type":"ListItem","position":2,"name":"Shop","item":"https:\/\/enderg.com\/shop\/"},{"@type":"ListItem","position":3,"name":"Destiny 2: Lightfall + Annual Pass"}]},{"@type":"WebSite","@id":"https:\/\/enderg.com\/#website","url":"https:\/\/enderg.com\/","name":"EnderG","description":"Moins cher, c&#039;est ce que nous faisons\u00a0!","publisher":{"@id":"https:\/\/enderg.com\/#organization"},"potentialAction":[{"@type":"SearchAction","target":{"@type":"EntryPoint","urlTemplate":"https:\/\/enderg.com\/?s={search_term_string}"},"query-input":{"@type":"PropertyValueSpecification","valueRequired":true,"valueName":"search_term_string"}}],"inLanguage":"fr-FR"},{"@type":"Organization","@id":"https:\/\/enderg.com\/#organization","name":"EnderG","url":"https:\/\/enderg.com\/","logo":{"@type":"ImageObject","inLanguage":"fr-FR","@id":"https:\/\/enderg.com\/#\/schema\/logo\/image\/","url":"https:\/\/enderg.com\/wp-content\/uploads\/2023\/03\/222222222221.png","contentUrl":"https:\/\/enderg.com\/wp-content\/uploads\/2023\/03\/222222222221.png","width":512,"height":512,"caption":"EnderG"},"image":{"@id":"https:\/\/enderg.com\/#\/schema\/logo\/image\/"},"sameAs":["https:\/\/www.facebook.com\/Endergg1\/","https:\/\/www.instagram.com\/enderg01","https:\/\/www.youtube.com\/@enderg-com"],"description":"Nous proposons des jeux \u00e0 prix r\u00e9duits !","legalName":"Vandar Limited","foundingDate":"2022-06-21"}]}},"jetpack_publicize_connections":[],"jetpack_likes_enabled":true,"jetpack_sharing_enabled":true,"jetpack-related-posts":[],"_links":{"self":[{"href":"https:\/\/enderg.com\/fr\/wp-json\/wp\/v2\/product\/5395","targetHints":{"allow":["GET"]}}],"collection":[{"href":"https:\/\/enderg.com\/fr\/wp-json\/wp\/v2\/product"}],"about":[{"href":"https:\/\/enderg.com\/fr\/wp-json\/wp\/v2\/types\/product"}],"replies":[{"embeddable":true,"href":"https:\/\/enderg.com\/fr\/wp-json\/wp\/v2\/comments?post=5395"}],"version-history":[{"count":14,"href":"https:\/\/enderg.com\/fr\/wp-json\/wp\/v2\/product\/5395\/revisions"}],"predecessor-version":[{"id":8631,"href":"https:\/\/enderg.com\/fr\/wp-json\/wp\/v2\/product\/5395\/revisions\/8631"}],"wp:featuredmedia":[{"embeddable":true,"href":"https:\/\/enderg.com\/fr\/wp-json\/wp\/v2\/media\/5396"}],"wp:attachment":[{"href":"https:\/\/enderg.com\/fr\/wp-json\/wp\/v2\/media?parent=5395"}],"wp:term":[{"taxonomy":"product_brand","embeddable":true,"href":"https:\/\/enderg.com\/fr\/wp-json\/wp\/v2\/product_brand?post=5395"},{"taxonomy":"product_cat","embeddable":true,"href":"https:\/\/enderg.com\/fr\/wp-json\/wp\/v2\/product_cat?post=5395"},{"taxonomy":"product_tag","embeddable":true,"href":"https:\/\/enderg.com\/fr\/wp-json\/wp\/v2\/product_tag?post=5395"}],"curies":[{"name":"wp","href":"https:\/\/api.w.org\/{rel}","templated":true}]}}