{"id":375,"date":"2023-09-08T17:08:54","date_gmt":"2023-09-08T14:08:54","guid":{"rendered":"https:\/\/enderg.com\/?post_type=product&#038;p=375"},"modified":"2024-06-26T01:32:38","modified_gmt":"2024-06-25T22:32:38","slug":"call-of-duty-modern-warfare-3","status":"publish","type":"product","link":"https:\/\/enderg.com\/fr\/product\/call-of-duty-modern-warfare-3\/","title":{"rendered":"Call of Duty\u00ae: Modern Warfare\u00ae 3"},"content":{"rendered":"<div data-elementor-type=\"wp-post\" data-elementor-id=\"375\" class=\"elementor elementor-375\" data-elementor-post-type=\"product\">\n\t\t\t\t\t\t<section class=\"elementor-section elementor-top-section elementor-element elementor-element-de2e875 elementor-section-boxed elementor-section-height-default elementor-section-height-default\" data-id=\"de2e875\" data-element_type=\"section\" data-e-type=\"section\">\n\t\t\t\t\t\t<div class=\"elementor-container elementor-column-gap-default\">\n\t\t\t\t\t<div class=\"elementor-column elementor-col-100 elementor-top-column elementor-element elementor-element-68e0960d\" data-id=\"68e0960d\" data-element_type=\"column\" data-e-type=\"column\">\n\t\t\t<div class=\"elementor-widget-wrap elementor-element-populated\">\n\t\t\t\t\t\t<div class=\"elementor-element elementor-element-34669148 elementor-widget elementor-widget-accordion\" data-id=\"34669148\" data-element_type=\"widget\" data-e-type=\"widget\" data-widget_type=\"accordion.default\">\n\t\t\t\t<div class=\"elementor-widget-container\">\n\t\t\t\t\t\t\t<div class=\"elementor-accordion\">\n\t\t\t\t\t\t\t<div class=\"elementor-accordion-item\">\n\t\t\t\t\t<h4 id=\"elementor-tab-title-8791\" class=\"elementor-tab-title\" data-tab=\"1\" role=\"button\" aria-controls=\"elementor-tab-content-8791\" aria-expanded=\"false\">\n\t\t\t\t\t\t\t\t\t\t\t\t\t<span class=\"elementor-accordion-icon elementor-accordion-icon-left\" aria-hidden=\"true\">\n\t\t\t\t\t\t\t\t\t\t\t\t\t\t\t<span class=\"elementor-accordion-icon-closed\"><i class=\"fas fa-truck\"><\/i><\/span>\n\t\t\t\t\t\t\t\t<span class=\"elementor-accordion-icon-opened\"><i class=\"fas fa-truck\"><\/i><\/span>\n\t\t\t\t\t\t\t\t\t\t\t\t\t\t<\/span>\n\t\t\t\t\t\t\t\t\t\t\t\t<a class=\"elementor-accordion-title\" tabindex=\"0\">Livraison rapide<\/a>\n\t\t\t\t\t<\/h4>\n\t\t\t\t\t<div id=\"elementor-tab-content-8791\" class=\"elementor-tab-content elementor-clearfix\" data-tab=\"1\" role=\"region\" aria-labelledby=\"elementor-tab-title-8791\"><p>5 \u00e0 10 minutes apr\u00e8s le passage de votre commande, vous recevrez un e-mail contenant les informations de compte et les instructions dont vous avez besoin pour jouer\u00a0!<\/p><\/div>\n\t\t\t\t<\/div>\n\t\t\t\t\t\t\t\t<\/div>\n\t\t\t\t\t\t<\/div>\n\t\t\t\t<\/div>\n\t\t\t\t<div class=\"elementor-element elementor-element-452599b elementor-widget elementor-widget-accordion\" data-id=\"452599b\" data-element_type=\"widget\" data-e-type=\"widget\" data-widget_type=\"accordion.default\">\n\t\t\t\t<div class=\"elementor-widget-container\">\n\t\t\t\t\t\t\t<div class=\"elementor-accordion\">\n\t\t\t\t\t\t\t<div class=\"elementor-accordion-item\">\n\t\t\t\t\t<h4 id=\"elementor-tab-title-7251\" class=\"elementor-tab-title\" data-tab=\"1\" role=\"button\" aria-controls=\"elementor-tab-content-7251\" aria-expanded=\"false\">\n\t\t\t\t\t\t\t\t\t\t\t\t\t<span class=\"elementor-accordion-icon elementor-accordion-icon-left\" aria-hidden=\"true\">\n\t\t\t\t\t\t\t\t\t\t\t\t\t\t\t<span class=\"elementor-accordion-icon-closed\"><i class=\"fab fa-xbox\"><\/i><\/span>\n\t\t\t\t\t\t\t\t<span class=\"elementor-accordion-icon-opened\"><i class=\"fab fa-xbox\"><\/i><\/span>\n\t\t\t\t\t\t\t\t\t\t\t\t\t\t<\/span>\n\t\t\t\t\t\t\t\t\t\t\t\t<a class=\"elementor-accordion-title\" tabindex=\"0\">Comment activer<\/a>\n\t\t\t\t\t<\/h4>\n\t\t\t\t\t<div id=\"elementor-tab-content-7251\" class=\"elementor-tab-content elementor-clearfix\" data-tab=\"1\" role=\"region\" aria-labelledby=\"elementor-tab-title-7251\"><div><div class=\"summary__title\"><p class=\"h4 accordion__title\"><span style=\"font-size: 16px;\">Apr\u00e8s avoir pass\u00e9 votre commande, vous recevrez des identifiants de connexion \u00e0 un nouveau compte xbox avec le jeu achet\u00e9.<\/span><\/p><\/div><\/div><div id=\"ProductAccordion-7758d42d-04bc-45e9-a7f9-4770adf0135f-template--16335261040854__main\" class=\"accordion__content rte\"><p><a title=\"https:\/\/support.xbox.com\/en-US\/help\/hardware-network\/console\/my-home-xbox\" href=\"https:\/\/support.xbox.com\/en-US\/help\/hardware-network\/console\/my-home-xbox\" target=\"_blank\" rel=\"noopener\">Apprenez \u00e0 partager vos jeux entre vos comptes via la &quot;Fonctionnalit\u00e9 de partage \u00e0 domicile&quot;<\/a><\/p><\/div><\/div>\n\t\t\t\t<\/div>\n\t\t\t\t\t\t\t\t<\/div>\n\t\t\t\t\t\t<\/div>\n\t\t\t\t<\/div>\n\t\t\t\t<div class=\"elementor-element elementor-element-24a0fb36 elementor-widget elementor-widget-accordion\" data-id=\"24a0fb36\" data-element_type=\"widget\" data-e-type=\"widget\" data-widget_type=\"accordion.default\">\n\t\t\t\t<div class=\"elementor-widget-container\">\n\t\t\t\t\t\t\t<div class=\"elementor-accordion\">\n\t\t\t\t\t\t\t<div class=\"elementor-accordion-item\">\n\t\t\t\t\t<h4 id=\"elementor-tab-title-6141\" class=\"elementor-tab-title\" data-tab=\"1\" role=\"button\" aria-controls=\"elementor-tab-content-6141\" aria-expanded=\"false\">\n\t\t\t\t\t\t\t\t\t\t\t\t\t<span class=\"elementor-accordion-icon elementor-accordion-icon-left\" aria-hidden=\"true\">\n\t\t\t\t\t\t\t\t\t\t\t\t\t\t\t<span class=\"elementor-accordion-icon-closed\"><i class=\"fab fa-steam\"><\/i><\/span>\n\t\t\t\t\t\t\t\t<span class=\"elementor-accordion-icon-opened\"><i class=\"fab fa-steam\"><\/i><\/span>\n\t\t\t\t\t\t\t\t\t\t\t\t\t\t<\/span>\n\t\t\t\t\t\t\t\t\t\t\t\t<a class=\"elementor-accordion-title\" tabindex=\"0\">Comment activer<\/a>\n\t\t\t\t\t<\/h4>\n\t\t\t\t\t<div id=\"elementor-tab-content-6141\" class=\"elementor-tab-content elementor-clearfix\" data-tab=\"1\" role=\"region\" aria-labelledby=\"elementor-tab-title-6141\"><p>1- D\u00e9connectez-vous de votre compte Steam.<\/p>\n<p>2- Connectez-vous au compte qui vous a \u00e9t\u00e9 envoy\u00e9 par E-mail.<\/p>\n<p>3- Cliquez sur Jouer sur le jeu que vous avez achet\u00e9 et profitez-en\u00a0!<\/p>\n<p>Vous \u00eates totalement libre de changer le \u00ab\u00a0mot de passe\u00a0\u00bb du compte ou de partager la biblioth\u00e8que avec votre propre compte Steam, afin de faire progresser le jeu sur votre propre compte Steam et de d\u00e9bloquer les r\u00e9alisations\u00a0!<\/p>\n<p><a title=\"https:\/\/help.steampowered.com\/en\/faqs\/view\/57A7-503C-991F-E9A8\" href=\"https:\/\/help.steampowered.com\/en\/faqs\/view\/57A7-503C-991F-E9A8\" target=\"_blank\" rel=\"noopener\"><b>D\u00e9couvrez comment acc\u00e9der \u00e0 la biblioth\u00e8que d&#039;un compte afin de jouer \u00e0 ses jeux sur votre propre compte.<\/b><\/a><\/p><\/div>\n\t\t\t\t<\/div>\n\t\t\t\t\t\t\t\t<\/div>\n\t\t\t\t\t\t<\/div>\n\t\t\t\t<\/div>\n\t\t\t\t<div class=\"elementor-element elementor-element-104da06f elementor-widget elementor-widget-text-editor\" data-id=\"104da06f\" data-element_type=\"widget\" data-e-type=\"widget\" data-widget_type=\"text-editor.default\">\n\t\t\t\t<div class=\"elementor-widget-container\">\n\t\t\t\t\t\t\t\t\t<h3 style=\"text-align: center;\"><strong>\u00c0 propos de ce jeu<\/strong><\/h3>\t\t\t\t\t\t\t\t<\/div>\n\t\t\t\t<\/div>\n\t\t\t\t\t<\/div>\n\t\t<\/div>\n\t\t\t\t\t<\/div>\n\t\t<\/section>\n\t\t\t\t<section class=\"elementor-section elementor-top-section elementor-element elementor-element-57dfed44 elementor-section-boxed elementor-section-height-default elementor-section-height-default\" data-id=\"57dfed44\" data-element_type=\"section\" data-e-type=\"section\">\n\t\t\t\t\t\t<div class=\"elementor-container elementor-column-gap-default\">\n\t\t\t\t\t<div class=\"elementor-column elementor-col-100 elementor-top-column elementor-element elementor-element-5cbed3da\" data-id=\"5cbed3da\" data-element_type=\"column\" data-e-type=\"column\">\n\t\t\t<div class=\"elementor-widget-wrap elementor-element-populated\">\n\t\t\t\t\t\t<div class=\"elementor-element elementor-element-456f7a0c elementor-widget elementor-widget-text-editor\" data-id=\"456f7a0c\" data-element_type=\"widget\" data-e-type=\"widget\" data-widget_type=\"text-editor.default\">\n\t\t\t\t<div class=\"elementor-widget-container\">\n\t\t\t\t\t\t\t\t\t<div class=\"game_page_autocollapse_ctn\" data-mce-fragment=\"1\">\r\n<div id=\"aboutThisGame\" class=\"game_page_autocollapse\" data-mce-fragment=\"1\" data-panel=\"{&quot;type&quot;:&quot;PanelGroup&quot;}\">\r\n<div id=\"game_area_description\" class=\"game_area_description\" data-mce-fragment=\"1\">\r\n\r\nLa s\u00e9rie d&#039;action \u00e0 la premi\u00e8re personne la plus vendue de tous les temps revient avec la suite \u00e9pique du plusieurs fois laur\u00e9at du prix \u00ab\u00a0Jeu de l&#039;ann\u00e9e\u00a0\u00bb,<span data-mce-fragment=\"1\">\u00a0<\/span><strong data-mce-fragment=\"1\">Call of Duty\u00ae: Modern Warfare\u00ae 2<\/strong>. Aux heures les plus sombres du monde, \u00eates-vous pr\u00eat \u00e0 faire ce qui est n\u00e9cessaire ? Pr\u00e9parez-vous pour une aventure cin\u00e9matographique uniquement<span data-mce-fragment=\"1\">\u00a0<\/span><strong data-mce-fragment=\"1\">Appel du devoir<\/strong><span data-mce-fragment=\"1\">\u00a0<\/span>Peut livrer. L&#039;exp\u00e9rience multijoueur d\u00e9finitive revient plus grande et meilleure que jamais, avec de nouvelles cartes, modes et fonctionnalit\u00e9s. Le jeu en coop\u00e9ration a \u00e9volu\u00e9 avec de toutes nouvelles missions et classements Spec-Ops, ainsi que le mode Survie, une progression de combat pleine d&#039;action qui ne ressemble \u00e0 aucune autre.\r\n\r\n<\/div>\r\n<\/div>\r\n<\/div>\r\n<div class=\"game_page_autocollapse_ctn\" data-mce-fragment=\"1\">\r\n<div class=\"game_page_autocollapse sys_req\" data-mce-fragment=\"1\">\r\n<h2 data-mce-fragment=\"1\"><iframe title=\"R\u00e9v\u00e9ler la bande-annonce | Call of Duty\u00a0: Guerre moderne 3\" data-src=\"https:\/\/www.youtube.com\/embed\/coiTJbr9m04\" width=\"1280\" height=\"720\" frameborder=\"0\" allowfullscreen=\"allowfullscreen\" src=\"data:image\/svg+xml;base64,PHN2ZyB3aWR0aD0iMSIgaGVpZ2h0PSIxIiB4bWxucz0iaHR0cDovL3d3dy53My5vcmcvMjAwMC9zdmciPjwvc3ZnPg==\" class=\"lazyload\" data-load-mode=\"1\"><\/iframe><\/h2>\r\n<h2 data-mce-fragment=\"1\">CONFIGURATION REQUISE<\/h2>\r\n<div class=\"sysreq_contents\" data-mce-fragment=\"1\">\r\n<div class=\"game_area_sys_req sysreq_content active\" data-mce-fragment=\"1\" data-os=\"win\">\r\n<div class=\"game_area_sys_req_full\" data-mce-fragment=\"1\">\r\n<ul data-mce-fragment=\"1\">\r\n \t<li style=\"list-style-type: none;\">\r\n<ul class=\"bb_ul\" data-mce-fragment=\"1\">\r\n \t<li data-mce-fragment=\"1\"><strong data-mce-fragment=\"1\">Version du syst\u00e8me d&#039;exploitation\u00a0:<\/strong><span data-mce-fragment=\"1\">\u00a0<\/span>Windows\u00ae XP\/ Windows\u00ae Vista \/ Windows\u00ae 7<\/li>\r\n \t<li data-mce-fragment=\"1\"><strong data-mce-fragment=\"1\">Processeur:<\/strong><span data-mce-fragment=\"1\">\u00a0<\/span>Processeur Intel\u00ae Core\u2122 2 Duo E6600 ou AMD Phenom\u2122 X3 8750 ou sup\u00e9rieur<\/li>\r\n \t<li data-mce-fragment=\"1\"><strong data-mce-fragment=\"1\">M\u00e9moire:<\/strong><span data-mce-fragment=\"1\">\u00a0<\/span>2 Go<\/li>\r\n \t<li data-mce-fragment=\"1\"><strong data-mce-fragment=\"1\">Graphique:<\/strong><span data-mce-fragment=\"1\">\u00a0<\/span>Shader 3.0 ou sup\u00e9rieur 256 Mo NVIDIA\u00ae GeForce\u2122 8600GT \/ ATI\u00ae Radeon\u2122 X1950 ou sup\u00e9rieur<\/li>\r\n \t<li data-mce-fragment=\"1\"><strong data-mce-fragment=\"1\">R\u00e9seau:<\/strong><span data-mce-fragment=\"1\">\u00a0<\/span>Connexion haut d\u00e9bit et service requis pour la connectivit\u00e9 multijoueur. Connexion Internet requise pour l&#039;activation.<\/li>\r\n \t<li data-mce-fragment=\"1\"><strong data-mce-fragment=\"1\">DirectX\u00ae\u00a0:<\/strong><span data-mce-fragment=\"1\">\u00a0<\/span>DirectX\u00ae 9.0c ou version ult\u00e9rieure<\/li>\r\n \t<li data-mce-fragment=\"1\"><strong data-mce-fragment=\"1\">Espace disque:<\/strong><span data-mce-fragment=\"1\">\u00a0<\/span>16 GB<\/li>\r\n \t<li data-mce-fragment=\"1\"><strong data-mce-fragment=\"1\">Carte son:<\/strong><span data-mce-fragment=\"1\">\u00a0<\/span>DirectX\u00ae 9.0c ou version ult\u00e9rieure<\/li>\r\n<\/ul>\r\n<\/li>\r\n<\/ul>\r\n<\/div>\r\n<\/div>\r\n<\/div>\r\n<\/div>\r\n<\/div>\t\t\t\t\t\t\t\t<\/div>\n\t\t\t\t<\/div>\n\t\t\t\t\t<\/div>\n\t\t<\/div>\n\t\t\t\t\t<\/div>\n\t\t<\/section>\n\t\t\t\t<\/div>","protected":false},"excerpt":{"rendered":"<p>Fast Delivery 5-10 minutes after your order goes through, you will receive an email containing the Account info &amp; instructions you need to play! How To Activate After placing Your order You will receive login credentials to a new xbox account with the game purchased. Learn how to share your games among your accounts via [&hellip;]<\/p>\n","protected":false},"featured_media":744,"comment_status":"closed","ping_status":"closed","template":"","meta":{"_crdt_document":"","jetpack_publicize_message":"","jetpack_publicize_feature_enabled":true,"jetpack_social_post_already_shared":false,"jetpack_social_options":{"image_generator_settings":{"template":"highway","default_image_id":0,"font":"","enabled":false},"version":2},"_wpas_customize_per_network":false},"product_brand":[],"product_cat":[1375,1374],"product_tag":[],"class_list":{"0":"post-375","1":"product","2":"type-product","3":"status-publish","4":"has-post-thumbnail","6":"product_cat-pc","7":"product_cat-xbox","9":"first","10":"outofstock","11":"sale","12":"taxable","13":"shipping-taxable","14":"purchasable","15":"product-type-variable","16":"has-default-attributes"},"yoast_head":"<!-- This site is optimized with the Yoast SEO Premium plugin v27.5 (Yoast SEO v27.5) - https:\/\/yoast.com\/product\/yoast-seo-premium-wordpress\/ -->\n<title>Call of Duty\u00ae: Modern Warfare\u00ae 3 - EnderG<\/title>\n<meta name=\"robots\" content=\"index, follow, max-snippet:-1, max-image-preview:large, max-video-preview:-1\" \/>\n<link rel=\"canonical\" href=\"https:\/\/enderg.com\/fr\/product\/call-of-duty-modern-warfare-3\/\" \/>\n<meta property=\"og:locale\" content=\"fr_FR\" \/>\n<meta property=\"og:type\" content=\"article\" \/>\n<meta property=\"og:title\" content=\"Call of Duty\u00ae: Modern Warfare\u00ae 3\" \/>\n<meta property=\"og:description\" content=\"Fast Delivery 5-10 minutes after your order goes through, you will receive an email containing the Account info &amp; instructions you need to play! How To Activate After placing Your order You will receive login credentials to a new xbox account with the game purchased. Learn how to share your games among your accounts via [&hellip;]\" \/>\n<meta property=\"og:url\" content=\"https:\/\/enderg.com\/fr\/product\/call-of-duty-modern-warfare-3\/\" \/>\n<meta property=\"og:site_name\" content=\"EnderG\" \/>\n<meta property=\"article:publisher\" content=\"https:\/\/www.facebook.com\/Endergg1\/\" \/>\n<meta property=\"article:modified_time\" content=\"2024-06-25T22:32:38+00:00\" \/>\n<meta property=\"og:image\" content=\"https:\/\/enderg.com\/wp-content\/uploads\/2022\/08\/MV5BNGZhZmViOTEtYjRhOC00M2Q0LWI5ZDUtZGRkOWM5ZTc5YWYwXkEyXkFqcGdeQXVyMTI0MzA4NTgw._V1_FMjpg_UX1000.jpg\" \/>\n\t<meta property=\"og:image:width\" content=\"1000\" \/>\n\t<meta property=\"og:image:height\" content=\"1417\" \/>\n\t<meta property=\"og:image:type\" content=\"image\/jpeg\" \/>\n<meta name=\"twitter:card\" content=\"summary_large_image\" \/>\n<meta name=\"twitter:label1\" content=\"Dur\u00e9e de lecture estim\u00e9e\" \/>\n\t<meta name=\"twitter:data1\" content=\"2 minutes\" \/>\n<script type=\"application\/ld+json\" class=\"yoast-schema-graph\">{\"@context\":\"https:\\\/\\\/schema.org\",\"@graph\":[{\"@type\":\"WebPage\",\"@id\":\"https:\\\/\\\/enderg.com\\\/product\\\/call-of-duty-modern-warfare-3\\\/\",\"url\":\"https:\\\/\\\/enderg.com\\\/product\\\/call-of-duty-modern-warfare-3\\\/\",\"name\":\"Call of Duty\u00ae: Modern Warfare\u00ae 3 - EnderG\",\"isPartOf\":{\"@id\":\"https:\\\/\\\/enderg.com\\\/#website\"},\"primaryImageOfPage\":{\"@id\":\"https:\\\/\\\/enderg.com\\\/product\\\/call-of-duty-modern-warfare-3\\\/#primaryimage\"},\"image\":{\"@id\":\"https:\\\/\\\/enderg.com\\\/product\\\/call-of-duty-modern-warfare-3\\\/#primaryimage\"},\"thumbnailUrl\":\"https:\\\/\\\/i0.wp.com\\\/enderg.com\\\/wp-content\\\/uploads\\\/2022\\\/08\\\/MV5BNGZhZmViOTEtYjRhOC00M2Q0LWI5ZDUtZGRkOWM5ZTc5YWYwXkEyXkFqcGdeQXVyMTI0MzA4NTgw._V1_FMjpg_UX1000.jpg?fit=1000%2C1417&ssl=1\",\"datePublished\":\"2023-09-08T14:08:54+00:00\",\"dateModified\":\"2024-06-25T22:32:38+00:00\",\"breadcrumb\":{\"@id\":\"https:\\\/\\\/enderg.com\\\/product\\\/call-of-duty-modern-warfare-3\\\/#breadcrumb\"},\"inLanguage\":\"fr-FR\",\"potentialAction\":[{\"@type\":\"ReadAction\",\"target\":[\"https:\\\/\\\/enderg.com\\\/product\\\/call-of-duty-modern-warfare-3\\\/\"]}]},{\"@type\":\"ImageObject\",\"inLanguage\":\"fr-FR\",\"@id\":\"https:\\\/\\\/enderg.com\\\/product\\\/call-of-duty-modern-warfare-3\\\/#primaryimage\",\"url\":\"https:\\\/\\\/i0.wp.com\\\/enderg.com\\\/wp-content\\\/uploads\\\/2022\\\/08\\\/MV5BNGZhZmViOTEtYjRhOC00M2Q0LWI5ZDUtZGRkOWM5ZTc5YWYwXkEyXkFqcGdeQXVyMTI0MzA4NTgw._V1_FMjpg_UX1000.jpg?fit=1000%2C1417&ssl=1\",\"contentUrl\":\"https:\\\/\\\/i0.wp.com\\\/enderg.com\\\/wp-content\\\/uploads\\\/2022\\\/08\\\/MV5BNGZhZmViOTEtYjRhOC00M2Q0LWI5ZDUtZGRkOWM5ZTc5YWYwXkEyXkFqcGdeQXVyMTI0MzA4NTgw._V1_FMjpg_UX1000.jpg?fit=1000%2C1417&ssl=1\",\"width\":1000,\"height\":1417},{\"@type\":\"BreadcrumbList\",\"@id\":\"https:\\\/\\\/enderg.com\\\/product\\\/call-of-duty-modern-warfare-3\\\/#breadcrumb\",\"itemListElement\":[{\"@type\":\"ListItem\",\"position\":1,\"name\":\"Home\",\"item\":\"https:\\\/\\\/enderg.com\\\/\"},{\"@type\":\"ListItem\",\"position\":2,\"name\":\"Shop\",\"item\":\"https:\\\/\\\/enderg.com\\\/shop\\\/\"},{\"@type\":\"ListItem\",\"position\":3,\"name\":\"Call of Duty\u00ae: Modern Warfare\u00ae 3\"}]},{\"@type\":\"WebSite\",\"@id\":\"https:\\\/\\\/enderg.com\\\/#website\",\"url\":\"https:\\\/\\\/enderg.com\\\/\",\"name\":\"EnderG\",\"description\":\"Cheaper Is What We Do!\",\"publisher\":{\"@id\":\"https:\\\/\\\/enderg.com\\\/#organization\"},\"potentialAction\":[{\"@type\":\"SearchAction\",\"target\":{\"@type\":\"EntryPoint\",\"urlTemplate\":\"https:\\\/\\\/enderg.com\\\/?s={search_term_string}\"},\"query-input\":{\"@type\":\"PropertyValueSpecification\",\"valueRequired\":true,\"valueName\":\"search_term_string\"}}],\"inLanguage\":\"fr-FR\"},{\"@type\":\"Organization\",\"@id\":\"https:\\\/\\\/enderg.com\\\/#organization\",\"name\":\"EnderG\",\"url\":\"https:\\\/\\\/enderg.com\\\/\",\"logo\":{\"@type\":\"ImageObject\",\"inLanguage\":\"fr-FR\",\"@id\":\"https:\\\/\\\/enderg.com\\\/#\\\/schema\\\/logo\\\/image\\\/\",\"url\":\"https:\\\/\\\/enderg.com\\\/wp-content\\\/uploads\\\/2023\\\/03\\\/222222222221.png\",\"contentUrl\":\"https:\\\/\\\/enderg.com\\\/wp-content\\\/uploads\\\/2023\\\/03\\\/222222222221.png\",\"width\":512,\"height\":512,\"caption\":\"EnderG\"},\"image\":{\"@id\":\"https:\\\/\\\/enderg.com\\\/#\\\/schema\\\/logo\\\/image\\\/\"},\"sameAs\":[\"https:\\\/\\\/www.facebook.com\\\/Endergg1\\\/\",\"https:\\\/\\\/www.instagram.com\\\/enderg01\",\"https:\\\/\\\/www.youtube.com\\\/@enderg-com\"],\"description\":\"Cheaper Gaming is what we do!\",\"legalName\":\"Vandar Limited\",\"foundingDate\":\"2022-06-21\"}]}<\/script>\n<!-- \/ Yoast SEO Premium plugin. -->","yoast_head_json":{"title":"Call of Duty\u00ae: Modern Warfare\u00ae 3 - EnderG","robots":{"index":"index","follow":"follow","max-snippet":"max-snippet:-1","max-image-preview":"max-image-preview:large","max-video-preview":"max-video-preview:-1"},"canonical":"https:\/\/enderg.com\/fr\/product\/call-of-duty-modern-warfare-3\/","og_locale":"fr_FR","og_type":"article","og_title":"Call of Duty\u00ae: Modern Warfare\u00ae 3","og_description":"Fast Delivery 5-10 minutes after your order goes through, you will receive an email containing the Account info &amp; instructions you need to play! How To Activate After placing Your order You will receive login credentials to a new xbox account with the game purchased. Learn how to share your games among your accounts via [&hellip;]","og_url":"https:\/\/enderg.com\/fr\/product\/call-of-duty-modern-warfare-3\/","og_site_name":"EnderG","article_publisher":"https:\/\/www.facebook.com\/Endergg1\/","article_modified_time":"2024-06-25T22:32:38+00:00","og_image":[{"width":1000,"height":1417,"url":"https:\/\/enderg.com\/wp-content\/uploads\/2022\/08\/MV5BNGZhZmViOTEtYjRhOC00M2Q0LWI5ZDUtZGRkOWM5ZTc5YWYwXkEyXkFqcGdeQXVyMTI0MzA4NTgw._V1_FMjpg_UX1000.jpg","type":"image\/jpeg"}],"twitter_card":"summary_large_image","twitter_misc":{"Dur\u00e9e de lecture estim\u00e9e":"2 minutes"},"schema":{"@context":"https:\/\/schema.org","@graph":[{"@type":"WebPage","@id":"https:\/\/enderg.com\/product\/call-of-duty-modern-warfare-3\/","url":"https:\/\/enderg.com\/product\/call-of-duty-modern-warfare-3\/","name":"Call of Duty\u00ae: Modern Warfare\u00ae 3 - EnderG","isPartOf":{"@id":"https:\/\/enderg.com\/#website"},"primaryImageOfPage":{"@id":"https:\/\/enderg.com\/product\/call-of-duty-modern-warfare-3\/#primaryimage"},"image":{"@id":"https:\/\/enderg.com\/product\/call-of-duty-modern-warfare-3\/#primaryimage"},"thumbnailUrl":"https:\/\/i0.wp.com\/enderg.com\/wp-content\/uploads\/2022\/08\/MV5BNGZhZmViOTEtYjRhOC00M2Q0LWI5ZDUtZGRkOWM5ZTc5YWYwXkEyXkFqcGdeQXVyMTI0MzA4NTgw._V1_FMjpg_UX1000.jpg?fit=1000%2C1417&ssl=1","datePublished":"2023-09-08T14:08:54+00:00","dateModified":"2024-06-25T22:32:38+00:00","breadcrumb":{"@id":"https:\/\/enderg.com\/product\/call-of-duty-modern-warfare-3\/#breadcrumb"},"inLanguage":"fr-FR","potentialAction":[{"@type":"ReadAction","target":["https:\/\/enderg.com\/product\/call-of-duty-modern-warfare-3\/"]}]},{"@type":"ImageObject","inLanguage":"fr-FR","@id":"https:\/\/enderg.com\/product\/call-of-duty-modern-warfare-3\/#primaryimage","url":"https:\/\/i0.wp.com\/enderg.com\/wp-content\/uploads\/2022\/08\/MV5BNGZhZmViOTEtYjRhOC00M2Q0LWI5ZDUtZGRkOWM5ZTc5YWYwXkEyXkFqcGdeQXVyMTI0MzA4NTgw._V1_FMjpg_UX1000.jpg?fit=1000%2C1417&ssl=1","contentUrl":"https:\/\/i0.wp.com\/enderg.com\/wp-content\/uploads\/2022\/08\/MV5BNGZhZmViOTEtYjRhOC00M2Q0LWI5ZDUtZGRkOWM5ZTc5YWYwXkEyXkFqcGdeQXVyMTI0MzA4NTgw._V1_FMjpg_UX1000.jpg?fit=1000%2C1417&ssl=1","width":1000,"height":1417},{"@type":"BreadcrumbList","@id":"https:\/\/enderg.com\/product\/call-of-duty-modern-warfare-3\/#breadcrumb","itemListElement":[{"@type":"ListItem","position":1,"name":"Home","item":"https:\/\/enderg.com\/"},{"@type":"ListItem","position":2,"name":"Shop","item":"https:\/\/enderg.com\/shop\/"},{"@type":"ListItem","position":3,"name":"Call of Duty\u00ae: Modern Warfare\u00ae 3"}]},{"@type":"WebSite","@id":"https:\/\/enderg.com\/#website","url":"https:\/\/enderg.com\/","name":"EnderG","description":"Moins cher, c&#039;est ce que nous faisons\u00a0!","publisher":{"@id":"https:\/\/enderg.com\/#organization"},"potentialAction":[{"@type":"SearchAction","target":{"@type":"EntryPoint","urlTemplate":"https:\/\/enderg.com\/?s={search_term_string}"},"query-input":{"@type":"PropertyValueSpecification","valueRequired":true,"valueName":"search_term_string"}}],"inLanguage":"fr-FR"},{"@type":"Organization","@id":"https:\/\/enderg.com\/#organization","name":"EnderG","url":"https:\/\/enderg.com\/","logo":{"@type":"ImageObject","inLanguage":"fr-FR","@id":"https:\/\/enderg.com\/#\/schema\/logo\/image\/","url":"https:\/\/enderg.com\/wp-content\/uploads\/2023\/03\/222222222221.png","contentUrl":"https:\/\/enderg.com\/wp-content\/uploads\/2023\/03\/222222222221.png","width":512,"height":512,"caption":"EnderG"},"image":{"@id":"https:\/\/enderg.com\/#\/schema\/logo\/image\/"},"sameAs":["https:\/\/www.facebook.com\/Endergg1\/","https:\/\/www.instagram.com\/enderg01","https:\/\/www.youtube.com\/@enderg-com"],"description":"Nous proposons des jeux \u00e0 prix r\u00e9duits !","legalName":"Vandar Limited","foundingDate":"2022-06-21"}]}},"jetpack_publicize_connections":[],"jetpack_likes_enabled":true,"jetpack_sharing_enabled":true,"jetpack-related-posts":[],"_links":{"self":[{"href":"https:\/\/enderg.com\/fr\/wp-json\/wp\/v2\/product\/375","targetHints":{"allow":["GET"]}}],"collection":[{"href":"https:\/\/enderg.com\/fr\/wp-json\/wp\/v2\/product"}],"about":[{"href":"https:\/\/enderg.com\/fr\/wp-json\/wp\/v2\/types\/product"}],"replies":[{"embeddable":true,"href":"https:\/\/enderg.com\/fr\/wp-json\/wp\/v2\/comments?post=375"}],"version-history":[{"count":8,"href":"https:\/\/enderg.com\/fr\/wp-json\/wp\/v2\/product\/375\/revisions"}],"predecessor-version":[{"id":3737,"href":"https:\/\/enderg.com\/fr\/wp-json\/wp\/v2\/product\/375\/revisions\/3737"}],"wp:featuredmedia":[{"embeddable":true,"href":"https:\/\/enderg.com\/fr\/wp-json\/wp\/v2\/media\/744"}],"wp:attachment":[{"href":"https:\/\/enderg.com\/fr\/wp-json\/wp\/v2\/media?parent=375"}],"wp:term":[{"taxonomy":"product_brand","embeddable":true,"href":"https:\/\/enderg.com\/fr\/wp-json\/wp\/v2\/product_brand?post=375"},{"taxonomy":"product_cat","embeddable":true,"href":"https:\/\/enderg.com\/fr\/wp-json\/wp\/v2\/product_cat?post=375"},{"taxonomy":"product_tag","embeddable":true,"href":"https:\/\/enderg.com\/fr\/wp-json\/wp\/v2\/product_tag?post=375"}],"curies":[{"name":"wp","href":"https:\/\/api.w.org\/{rel}","templated":true}]}}