{"id":333,"date":"2023-09-08T17:08:53","date_gmt":"2023-09-08T14:08:53","guid":{"rendered":"https:\/\/enderg.com\/?post_type=product&#038;p=333"},"modified":"2025-12-11T05:59:01","modified_gmt":"2025-12-11T02:59:01","slug":"call-of-duty-2","status":"publish","type":"product","link":"https:\/\/enderg.com\/fr\/product\/call-of-duty-2\/","title":{"rendered":"Call of Duty\u00ae 2"},"content":{"rendered":"<div data-elementor-type=\"wp-post\" data-elementor-id=\"333\" class=\"elementor elementor-333\" data-elementor-post-type=\"product\">\n\t\t\t\t\t\t<section class=\"elementor-section elementor-top-section elementor-element elementor-element-1830c050 elementor-section-boxed elementor-section-height-default elementor-section-height-default\" data-id=\"1830c050\" data-element_type=\"section\" data-e-type=\"section\">\n\t\t\t\t\t\t<div class=\"elementor-container elementor-column-gap-default\">\n\t\t\t\t\t<div class=\"elementor-column elementor-col-100 elementor-top-column elementor-element elementor-element-6713c406\" data-id=\"6713c406\" data-element_type=\"column\" data-e-type=\"column\">\n\t\t\t<div class=\"elementor-widget-wrap elementor-element-populated\">\n\t\t\t\t\t\t<div class=\"elementor-element elementor-element-79bfd2ca elementor-widget elementor-widget-accordion\" data-id=\"79bfd2ca\" data-element_type=\"widget\" data-e-type=\"widget\" data-widget_type=\"accordion.default\">\n\t\t\t\t<div class=\"elementor-widget-container\">\n\t\t\t\t\t\t\t<div class=\"elementor-accordion\">\n\t\t\t\t\t\t\t<div class=\"elementor-accordion-item\">\n\t\t\t\t\t<h4 id=\"elementor-tab-title-2041\" class=\"elementor-tab-title\" data-tab=\"1\" role=\"button\" aria-controls=\"elementor-tab-content-2041\" aria-expanded=\"false\">\n\t\t\t\t\t\t\t\t\t\t\t\t\t<span class=\"elementor-accordion-icon elementor-accordion-icon-left\" aria-hidden=\"true\">\n\t\t\t\t\t\t\t\t\t\t\t\t\t\t\t<span class=\"elementor-accordion-icon-closed\"><i class=\"fas fa-truck\"><\/i><\/span>\n\t\t\t\t\t\t\t\t<span class=\"elementor-accordion-icon-opened\"><i class=\"fas fa-truck\"><\/i><\/span>\n\t\t\t\t\t\t\t\t\t\t\t\t\t\t<\/span>\n\t\t\t\t\t\t\t\t\t\t\t\t<a class=\"elementor-accordion-title\" tabindex=\"0\">Livraison rapide<\/a>\n\t\t\t\t\t<\/h4>\n\t\t\t\t\t<div id=\"elementor-tab-content-2041\" class=\"elementor-tab-content elementor-clearfix\" data-tab=\"1\" role=\"region\" aria-labelledby=\"elementor-tab-title-2041\"><p>5 \u00e0 10 minutes apr\u00e8s le passage de votre commande, vous recevrez un e-mail contenant les informations de compte et les instructions dont vous avez besoin pour jouer\u00a0!<\/p><\/div>\n\t\t\t\t<\/div>\n\t\t\t\t\t\t\t\t<\/div>\n\t\t\t\t\t\t<\/div>\n\t\t\t\t<\/div>\n\t\t\t\t<div class=\"elementor-element elementor-element-7f4734c2 elementor-widget elementor-widget-accordion\" data-id=\"7f4734c2\" data-element_type=\"widget\" data-e-type=\"widget\" data-widget_type=\"accordion.default\">\n\t\t\t\t<div class=\"elementor-widget-container\">\n\t\t\t\t\t\t\t<div class=\"elementor-accordion\">\n\t\t\t\t\t\t\t<div class=\"elementor-accordion-item\">\n\t\t\t\t\t<h4 id=\"elementor-tab-title-2131\" class=\"elementor-tab-title\" data-tab=\"1\" role=\"button\" aria-controls=\"elementor-tab-content-2131\" aria-expanded=\"false\">\n\t\t\t\t\t\t\t\t\t\t\t\t\t<span class=\"elementor-accordion-icon elementor-accordion-icon-left\" aria-hidden=\"true\">\n\t\t\t\t\t\t\t\t\t\t\t\t\t\t\t<span class=\"elementor-accordion-icon-closed\"><i class=\"fab fa-xbox\"><\/i><\/span>\n\t\t\t\t\t\t\t\t<span class=\"elementor-accordion-icon-opened\"><i class=\"fab fa-xbox\"><\/i><\/span>\n\t\t\t\t\t\t\t\t\t\t\t\t\t\t<\/span>\n\t\t\t\t\t\t\t\t\t\t\t\t<a class=\"elementor-accordion-title\" tabindex=\"0\">Comment activer<\/a>\n\t\t\t\t\t<\/h4>\n\t\t\t\t\t<div id=\"elementor-tab-content-2131\" class=\"elementor-tab-content elementor-clearfix\" data-tab=\"1\" role=\"region\" aria-labelledby=\"elementor-tab-title-2131\"><div><div class=\"summary__title\"><p class=\"h4 accordion__title\"><span style=\"font-size: 16px;\">Apr\u00e8s avoir pass\u00e9 votre commande, vous recevrez des identifiants de connexion \u00e0 un nouveau compte xbox avec le jeu achet\u00e9.<\/span><\/p><\/div><\/div><div id=\"ProductAccordion-7758d42d-04bc-45e9-a7f9-4770adf0135f-template--16335261040854__main\" class=\"accordion__content rte\"><p><a title=\"https:\/\/support.xbox.com\/en-US\/help\/hardware-network\/console\/my-home-xbox\" href=\"https:\/\/support.xbox.com\/en-US\/help\/hardware-network\/console\/my-home-xbox\" target=\"_blank\" rel=\"noopener\">Apprenez \u00e0 partager vos jeux entre vos comptes via la &quot;Fonctionnalit\u00e9 de partage \u00e0 domicile&quot;<\/a><\/p><\/div><\/div>\n\t\t\t\t<\/div>\n\t\t\t\t\t\t\t\t<\/div>\n\t\t\t\t\t\t<\/div>\n\t\t\t\t<\/div>\n\t\t\t\t<div class=\"elementor-element elementor-element-6eb9a5b elementor-widget elementor-widget-accordion\" data-id=\"6eb9a5b\" data-element_type=\"widget\" data-e-type=\"widget\" data-widget_type=\"accordion.default\">\n\t\t\t\t<div class=\"elementor-widget-container\">\n\t\t\t\t\t\t\t<div class=\"elementor-accordion\">\n\t\t\t\t\t\t\t<div class=\"elementor-accordion-item\">\n\t\t\t\t\t<h4 id=\"elementor-tab-title-1161\" class=\"elementor-tab-title\" data-tab=\"1\" role=\"button\" aria-controls=\"elementor-tab-content-1161\" aria-expanded=\"false\">\n\t\t\t\t\t\t\t\t\t\t\t\t\t<span class=\"elementor-accordion-icon elementor-accordion-icon-left\" aria-hidden=\"true\">\n\t\t\t\t\t\t\t\t\t\t\t\t\t\t\t<span class=\"elementor-accordion-icon-closed\"><i class=\"fab fa-steam\"><\/i><\/span>\n\t\t\t\t\t\t\t\t<span class=\"elementor-accordion-icon-opened\"><i class=\"fab fa-steam\"><\/i><\/span>\n\t\t\t\t\t\t\t\t\t\t\t\t\t\t<\/span>\n\t\t\t\t\t\t\t\t\t\t\t\t<a class=\"elementor-accordion-title\" tabindex=\"0\">Comment activer<\/a>\n\t\t\t\t\t<\/h4>\n\t\t\t\t\t<div id=\"elementor-tab-content-1161\" class=\"elementor-tab-content elementor-clearfix\" data-tab=\"1\" role=\"region\" aria-labelledby=\"elementor-tab-title-1161\"><p>1- D\u00e9connectez-vous de votre compte Steam.<\/p>\n<p>2- Connectez-vous au compte qui vous a \u00e9t\u00e9 envoy\u00e9 par E-mail.<\/p>\n<p>3- Cliquez sur Jouer sur le jeu que vous avez achet\u00e9 et profitez-en\u00a0!<\/p>\n<p>Vous \u00eates totalement libre de changer le \u00ab\u00a0mot de passe\u00a0\u00bb du compte ou de partager la biblioth\u00e8que avec votre propre compte Steam, afin de faire progresser le jeu sur votre propre compte Steam et de d\u00e9bloquer les r\u00e9alisations\u00a0!<\/p>\n<p><a title=\"https:\/\/help.steampowered.com\/en\/faqs\/view\/57A7-503C-991F-E9A8\" href=\"https:\/\/help.steampowered.com\/en\/faqs\/view\/57A7-503C-991F-E9A8\" target=\"_blank\" rel=\"noopener\"><b>D\u00e9couvrez comment acc\u00e9der \u00e0 la biblioth\u00e8que d&#039;un compte afin de jouer \u00e0 ses jeux sur votre propre compte.<\/b><\/a><\/p><\/div>\n\t\t\t\t<\/div>\n\t\t\t\t\t\t\t\t<\/div>\n\t\t\t\t\t\t<\/div>\n\t\t\t\t<\/div>\n\t\t\t\t<div class=\"elementor-element elementor-element-366b5d6a elementor-widget elementor-widget-text-editor\" data-id=\"366b5d6a\" data-element_type=\"widget\" data-e-type=\"widget\" data-widget_type=\"text-editor.default\">\n\t\t\t\t<div class=\"elementor-widget-container\">\n\t\t\t\t\t\t\t\t\t<h3 style=\"text-align: center;\"><strong>\u00c0 propos de ce jeu<\/strong><\/h3>\t\t\t\t\t\t\t\t<\/div>\n\t\t\t\t<\/div>\n\t\t\t\t\t<\/div>\n\t\t<\/div>\n\t\t\t\t\t<\/div>\n\t\t<\/section>\n\t\t\t\t<section class=\"elementor-section elementor-top-section elementor-element elementor-element-3fa9a74 elementor-section-boxed elementor-section-height-default elementor-section-height-default\" data-id=\"3fa9a74\" data-element_type=\"section\" data-e-type=\"section\">\n\t\t\t\t\t\t<div class=\"elementor-container elementor-column-gap-default\">\n\t\t\t\t\t<div class=\"elementor-column elementor-col-100 elementor-top-column elementor-element elementor-element-658f67a3\" data-id=\"658f67a3\" data-element_type=\"column\" data-e-type=\"column\">\n\t\t\t<div class=\"elementor-widget-wrap elementor-element-populated\">\n\t\t\t\t\t\t<div class=\"elementor-element elementor-element-1db95482 elementor-widget elementor-widget-text-editor\" data-id=\"1db95482\" data-element_type=\"widget\" data-e-type=\"widget\" data-widget_type=\"text-editor.default\">\n\t\t\t\t<div class=\"elementor-widget-container\">\n\t\t\t\t\t\t\t\t\t<div class=\"game_page_autocollapse_ctn\"><div id=\"aboutThisGame\" class=\"game_page_autocollapse\" data-panel=\"{&quot;type&quot;:&quot;PanelGroup&quot;}\"><div id=\"game_area_description\" class=\"game_area_description\"><h4 style=\"text-align: center;\"><strong>\u00c0 PROPOS DE CE JEU<\/strong><\/h4><p>Call of Duty\u00ae 2 red\u00e9finit l&#039;intensit\u00e9 cin\u00e9matographique et le chaos des batailles vus \u00e0 travers les yeux de soldats ordinaires combattant ensemble dans des conflits \u00e9piques de la Seconde Guerre mondiale. Suite de Call of Duty de 2003, laur\u00e9at de plus de 80 prix de jeu de l&#039;ann\u00e9e, Call of Duty 2 propose des batailles plus immenses, plus intenses et plus r\u00e9alistes que jamais, gr\u00e2ce aux visuels \u00e9poustouflants du nouveau moteur COD\u21222.<\/p><ul class=\"bb_ul\"><li>L&#039;\u00e9quipe de d\u00e9veloppement du jeu de tir #1 WWII revient avec une nouvelle exp\u00e9rience incroyable : d\u00e9velopp\u00e9e par Infinity Ward, cr\u00e9ateurs du jeu prim\u00e9 Call of Duty. De toutes nouvelles am\u00e9liorations sans pr\u00e9c\u00e9dent, allant de graphismes incroyablement r\u00e9alistes \u00e0 un gameplay fluide, gr\u00e2ce au moteur r\u00e9volutionnaire COD2, \u00e0 une IA r\u00e9volutionnaire et \u00e0 des innovations de gameplay bas\u00e9es sur les choix. La neige, la pluie, le brouillard et la fum\u00e9e magnifiquement rendus, combin\u00e9s \u00e0 un \u00e9clairage et des ombres dynamiques, en font le jeu de tir le plus intense de la Seconde Guerre mondiale.<\/li><li>De nouveaux conflits et ennemis \u00e0 affronter\u00a0: Call of Duty 2 vous propose des batailles plus importantes, avec plus de chars, de troupes et d&#039;explosions \u00e0 l&#039;\u00e9cran, et une port\u00e9e plus grande, avec un large \u00e9ventail de lieux et d&#039;environnements \u00e0 travers le th\u00e9\u00e2tre europ\u00e9en. Combattez \u00ab\u00a0le renard du d\u00e9sert\u00a0\u00bb sur les sables br\u00fblants de l&#039;Afrique du Nord tandis que des vagues de chars s&#039;affrontent dans le d\u00e9sert. Utilisez des grappins propuls\u00e9s par fus\u00e9e aux c\u00f4t\u00e9s de votre \u00e9quipe de Rangers de l&#039;arm\u00e9e pour prendre d&#039;assaut et escalader les falaises de la Pointe du Hoc contre une contre-attaque allemande incessante, et traversez le chaos urbain en tant que chasseur de chars dans une Russie d\u00e9chir\u00e9e par la guerre.<\/li><li>Comptez sur votre escouade comme jamais auparavant\u00a0: les dizaines de soldats alli\u00e9s qui vous entourent sont pleinement conscients de l&#039;\u00e9volution de la situation qui les entoure et vous le feront savoir \u00e0 l&#039;aide d&#039;un tout nouveau syst\u00e8me de discussion de combat sensible au contexte. Ils attireront les tirs ennemis, vous couvriront, utiliseront des terriers et des chars en mouvement pour vous couvrir, et vous avertiront de l&#039;arriv\u00e9e de troupes ennemies et de tirs hostiles.<\/li><li>Un gameplay bas\u00e9 sur les choix\u00a0: jouez aux missions dans l&#039;ordre qui vous convient. D\u00e9ciderez-vous de jouer d\u2019abord en tant que tireur d\u2019\u00e9lite ou en tant que commandant de char ? C&#039;est ton appel. Les champs de bataille ouverts vous permettent d&#039;individualiser vos tactiques et de choisir l&#039;ordre dans lequel vous accomplissez vos objectifs.<\/li><li>Chaos multijoueur\u00a0: passez en ligne pour une action multijoueur intense en \u00e9quipe Axe contre Alli\u00e9s, en s&#039;appuyant sur les modes multijoueurs extr\u00eamement populaires de Call of Duty.<\/li><\/ul><\/div><\/div><\/div><div class=\"game_page_autocollapse_ctn expanded\"><div class=\"game_page_autocollapse sys_req\"><h2><iframe title=\"Call of Duty 2 - Bande-annonce\" data-src=\"https:\/\/www.youtube.com\/embed\/Q-L_bQ02EwQ\" width=\"528\" height=\"297\" frameborder=\"0\" allowfullscreen=\"allowfullscreen\" src=\"data:image\/svg+xml;base64,PHN2ZyB3aWR0aD0iMSIgaGVpZ2h0PSIxIiB4bWxucz0iaHR0cDovL3d3dy53My5vcmcvMjAwMC9zdmciPjwvc3ZnPg==\" class=\"lazyload\" data-load-mode=\"1\"><\/iframe><\/h2><h2>CONFIGURATION REQUISE<\/h2><div class=\"sysreq_contents\"><div class=\"game_area_sys_req sysreq_content active\" data-os=\"win\"><div class=\"game_area_sys_req_full\"><p><strong>LE MINIMUM:<\/strong><\/p><ul><li style=\"list-style-type: none;\"><ul>Carte d&#039;acc\u00e9l\u00e9rateur mat\u00e9riel 3D requise \u2013 Carte vid\u00e9o d&#039;acc\u00e9l\u00e9rateur mat\u00e9riel de 64 Mo compatible DirectX 9.0c 100% et les derniers pilotes*, Microsoft Windows 2000\/XP, Pentium IV 1,4 GHz ou processeur AMD Athlon XP 1700+ ou sup\u00e9rieur, 256 Mo de RAM (512 Mo de RAM recommand\u00e9s), Carte son 16 bits compatible DirectX 9.0c 100% et derniers pilotes, souris, clavier et derniers pilotes compatibles 100% Windows 2000\/XP, 4,0 Go d&#039;espace disque libre non compress\u00e9 (plus 600 Mo pour le fichier d&#039;\u00e9change Windows 2000\/XP)<\/ul><\/li><\/ul><ul><li style=\"list-style-type: none;\"><ul>Exigences multijoueurs\u00a0:<\/ul><\/li><\/ul><ul><li style=\"list-style-type: none;\"><ul><li style=\"list-style-type: none;\"><ul><li style=\"list-style-type: none;\"><ul class=\"bb_ul\"><li>Lecture Internet (TCP\/IP) et LAN (TCP\/IP) prise en charge<\/li><li>Le jeu sur Internet n\u00e9cessite une connexion haut d\u00e9bit et les derniers pilotes<\/li><li>La lecture LAN n\u00e9cessite une carte d&#039;interface r\u00e9seau et les derniers pilotes<\/li><\/ul><\/li><\/ul><\/li><\/ul><\/li><\/ul><p>Avis important\u00a0: *Certaines cartes acc\u00e9l\u00e9ratrices 3D dot\u00e9es du chipset r\u00e9pertori\u00e9 ici peuvent ne pas \u00eatre compatibles avec les fonctionnalit\u00e9s d&#039;acc\u00e9l\u00e9ration 3D utilis\u00e9es par Call of Duty. Veuillez vous r\u00e9f\u00e9rer au fabricant de votre mat\u00e9riel pour conna\u00eetre la compatibilit\u00e9 100% DirectX 9.0c.<\/p><ul><li style=\"list-style-type: none;\">\u00a0<\/li><\/ul><\/div><\/div><\/div><\/div><\/div>\t\t\t\t\t\t\t\t<\/div>\n\t\t\t\t<\/div>\n\t\t\t\t\t<\/div>\n\t\t<\/div>\n\t\t\t\t\t<\/div>\n\t\t<\/section>\n\t\t\t\t<\/div>","protected":false},"excerpt":{"rendered":"<p>Fast Delivery 5-10 minutes after your order goes through, you will receive an email containing the Account info &amp; instructions you need to play! How To Activate After placing Your order You will receive login credentials to a new xbox account with the game purchased. Learn how to share your games among your accounts via [&hellip;]<\/p>\n","protected":false},"featured_media":530,"comment_status":"closed","ping_status":"closed","template":"","meta":{"_crdt_document":"","jetpack_post_was_ever_published":true,"jetpack_publicize_message":"","jetpack_publicize_feature_enabled":true,"jetpack_social_post_already_shared":false,"jetpack_social_options":{"image_generator_settings":{"template":"highway","default_image_id":0,"font":"","enabled":false},"version":2},"_wpas_customize_per_network":false},"product_brand":[],"product_cat":[1375,1374],"product_tag":[],"class_list":{"0":"post-333","1":"product","2":"type-product","3":"status-publish","4":"has-post-thumbnail","6":"product_cat-pc","7":"product_cat-xbox","9":"first","10":"outofstock","11":"sale","12":"taxable","13":"shipping-taxable","14":"purchasable","15":"product-type-variable"},"yoast_head":"<!-- This site is optimized with the Yoast SEO Premium plugin v27.3 (Yoast SEO v27.3) - https:\/\/yoast.com\/product\/yoast-seo-premium-wordpress\/ -->\n<title>Call of Duty\u00ae 2 - EnderG<\/title>\n<meta name=\"robots\" content=\"index, follow, max-snippet:-1, max-image-preview:large, max-video-preview:-1\" \/>\n<link rel=\"canonical\" href=\"https:\/\/enderg.com\/fr\/product\/call-of-duty-2\/\" \/>\n<meta property=\"og:locale\" content=\"fr_FR\" \/>\n<meta property=\"og:type\" content=\"article\" \/>\n<meta property=\"og:title\" content=\"Call of Duty\u00ae 2\" \/>\n<meta property=\"og:description\" content=\"Fast Delivery 5-10 minutes after your order goes through, you will receive an email containing the Account info &amp; instructions you need to play! How To Activate After placing Your order You will receive login credentials to a new xbox account with the game purchased. Learn how to share your games among your accounts via [&hellip;]\" \/>\n<meta property=\"og:url\" content=\"https:\/\/enderg.com\/fr\/product\/call-of-duty-2\/\" \/>\n<meta property=\"og:site_name\" content=\"EnderG\" \/>\n<meta property=\"article:publisher\" content=\"https:\/\/www.facebook.com\/Endergg1\/\" \/>\n<meta property=\"article:modified_time\" content=\"2025-12-11T02:59:01+00:00\" \/>\n<meta property=\"og:image\" content=\"https:\/\/enderg.com\/wp-content\/uploads\/2022\/08\/cqQXM.png\" \/>\n\t<meta property=\"og:image:width\" content=\"417\" \/>\n\t<meta property=\"og:image:height\" content=\"593\" \/>\n\t<meta property=\"og:image:type\" content=\"image\/png\" \/>\n<meta name=\"twitter:card\" content=\"summary_large_image\" \/>\n<meta name=\"twitter:label1\" content=\"Dur\u00e9e de lecture estim\u00e9e\" \/>\n\t<meta name=\"twitter:data1\" content=\"3 minutes\" \/>\n<script type=\"application\/ld+json\" class=\"yoast-schema-graph\">{\"@context\":\"https:\\\/\\\/schema.org\",\"@graph\":[{\"@type\":\"WebPage\",\"@id\":\"https:\\\/\\\/enderg.com\\\/product\\\/call-of-duty-2\\\/\",\"url\":\"https:\\\/\\\/enderg.com\\\/product\\\/call-of-duty-2\\\/\",\"name\":\"Call of Duty\u00ae 2 - EnderG\",\"isPartOf\":{\"@id\":\"https:\\\/\\\/enderg.com\\\/#website\"},\"primaryImageOfPage\":{\"@id\":\"https:\\\/\\\/enderg.com\\\/product\\\/call-of-duty-2\\\/#primaryimage\"},\"image\":{\"@id\":\"https:\\\/\\\/enderg.com\\\/product\\\/call-of-duty-2\\\/#primaryimage\"},\"thumbnailUrl\":\"https:\\\/\\\/i0.wp.com\\\/enderg.com\\\/wp-content\\\/uploads\\\/2022\\\/08\\\/cqQXM.png?fit=417%2C593&ssl=1\",\"datePublished\":\"2023-09-08T14:08:53+00:00\",\"dateModified\":\"2025-12-11T02:59:01+00:00\",\"breadcrumb\":{\"@id\":\"https:\\\/\\\/enderg.com\\\/product\\\/call-of-duty-2\\\/#breadcrumb\"},\"inLanguage\":\"fr-FR\",\"potentialAction\":[{\"@type\":\"ReadAction\",\"target\":[\"https:\\\/\\\/enderg.com\\\/product\\\/call-of-duty-2\\\/\"]}]},{\"@type\":\"ImageObject\",\"inLanguage\":\"fr-FR\",\"@id\":\"https:\\\/\\\/enderg.com\\\/product\\\/call-of-duty-2\\\/#primaryimage\",\"url\":\"https:\\\/\\\/i0.wp.com\\\/enderg.com\\\/wp-content\\\/uploads\\\/2022\\\/08\\\/cqQXM.png?fit=417%2C593&ssl=1\",\"contentUrl\":\"https:\\\/\\\/i0.wp.com\\\/enderg.com\\\/wp-content\\\/uploads\\\/2022\\\/08\\\/cqQXM.png?fit=417%2C593&ssl=1\",\"width\":417,\"height\":593},{\"@type\":\"BreadcrumbList\",\"@id\":\"https:\\\/\\\/enderg.com\\\/product\\\/call-of-duty-2\\\/#breadcrumb\",\"itemListElement\":[{\"@type\":\"ListItem\",\"position\":1,\"name\":\"Home\",\"item\":\"https:\\\/\\\/enderg.com\\\/\"},{\"@type\":\"ListItem\",\"position\":2,\"name\":\"Shop\",\"item\":\"https:\\\/\\\/enderg.com\\\/shop\\\/\"},{\"@type\":\"ListItem\",\"position\":3,\"name\":\"Call of Duty\u00ae 2\"}]},{\"@type\":\"WebSite\",\"@id\":\"https:\\\/\\\/enderg.com\\\/#website\",\"url\":\"https:\\\/\\\/enderg.com\\\/\",\"name\":\"EnderG\",\"description\":\"Cheaper Is What We Do!\",\"publisher\":{\"@id\":\"https:\\\/\\\/enderg.com\\\/#organization\"},\"potentialAction\":[{\"@type\":\"SearchAction\",\"target\":{\"@type\":\"EntryPoint\",\"urlTemplate\":\"https:\\\/\\\/enderg.com\\\/?s={search_term_string}\"},\"query-input\":{\"@type\":\"PropertyValueSpecification\",\"valueRequired\":true,\"valueName\":\"search_term_string\"}}],\"inLanguage\":\"fr-FR\"},{\"@type\":\"Organization\",\"@id\":\"https:\\\/\\\/enderg.com\\\/#organization\",\"name\":\"EnderG\",\"url\":\"https:\\\/\\\/enderg.com\\\/\",\"logo\":{\"@type\":\"ImageObject\",\"inLanguage\":\"fr-FR\",\"@id\":\"https:\\\/\\\/enderg.com\\\/#\\\/schema\\\/logo\\\/image\\\/\",\"url\":\"https:\\\/\\\/enderg.com\\\/wp-content\\\/uploads\\\/2023\\\/03\\\/222222222221.png\",\"contentUrl\":\"https:\\\/\\\/enderg.com\\\/wp-content\\\/uploads\\\/2023\\\/03\\\/222222222221.png\",\"width\":512,\"height\":512,\"caption\":\"EnderG\"},\"image\":{\"@id\":\"https:\\\/\\\/enderg.com\\\/#\\\/schema\\\/logo\\\/image\\\/\"},\"sameAs\":[\"https:\\\/\\\/www.facebook.com\\\/Endergg1\\\/\",\"https:\\\/\\\/www.instagram.com\\\/enderg01\",\"https:\\\/\\\/www.youtube.com\\\/@enderg-com\"],\"description\":\"Cheaper Gaming is what we do!\",\"legalName\":\"Vandar Limited\",\"foundingDate\":\"2022-06-21\"}]}<\/script>\n<!-- \/ Yoast SEO Premium plugin. -->","yoast_head_json":{"title":"Call of Duty\u00ae 2 - EnderG","robots":{"index":"index","follow":"follow","max-snippet":"max-snippet:-1","max-image-preview":"max-image-preview:large","max-video-preview":"max-video-preview:-1"},"canonical":"https:\/\/enderg.com\/fr\/product\/call-of-duty-2\/","og_locale":"fr_FR","og_type":"article","og_title":"Call of Duty\u00ae 2","og_description":"Fast Delivery 5-10 minutes after your order goes through, you will receive an email containing the Account info &amp; instructions you need to play! How To Activate After placing Your order You will receive login credentials to a new xbox account with the game purchased. Learn how to share your games among your accounts via [&hellip;]","og_url":"https:\/\/enderg.com\/fr\/product\/call-of-duty-2\/","og_site_name":"EnderG","article_publisher":"https:\/\/www.facebook.com\/Endergg1\/","article_modified_time":"2025-12-11T02:59:01+00:00","og_image":[{"width":417,"height":593,"url":"https:\/\/enderg.com\/wp-content\/uploads\/2022\/08\/cqQXM.png","type":"image\/png"}],"twitter_card":"summary_large_image","twitter_misc":{"Dur\u00e9e de lecture estim\u00e9e":"3 minutes"},"schema":{"@context":"https:\/\/schema.org","@graph":[{"@type":"WebPage","@id":"https:\/\/enderg.com\/product\/call-of-duty-2\/","url":"https:\/\/enderg.com\/product\/call-of-duty-2\/","name":"Call of Duty\u00ae 2 - EnderG","isPartOf":{"@id":"https:\/\/enderg.com\/#website"},"primaryImageOfPage":{"@id":"https:\/\/enderg.com\/product\/call-of-duty-2\/#primaryimage"},"image":{"@id":"https:\/\/enderg.com\/product\/call-of-duty-2\/#primaryimage"},"thumbnailUrl":"https:\/\/i0.wp.com\/enderg.com\/wp-content\/uploads\/2022\/08\/cqQXM.png?fit=417%2C593&ssl=1","datePublished":"2023-09-08T14:08:53+00:00","dateModified":"2025-12-11T02:59:01+00:00","breadcrumb":{"@id":"https:\/\/enderg.com\/product\/call-of-duty-2\/#breadcrumb"},"inLanguage":"fr-FR","potentialAction":[{"@type":"ReadAction","target":["https:\/\/enderg.com\/product\/call-of-duty-2\/"]}]},{"@type":"ImageObject","inLanguage":"fr-FR","@id":"https:\/\/enderg.com\/product\/call-of-duty-2\/#primaryimage","url":"https:\/\/i0.wp.com\/enderg.com\/wp-content\/uploads\/2022\/08\/cqQXM.png?fit=417%2C593&ssl=1","contentUrl":"https:\/\/i0.wp.com\/enderg.com\/wp-content\/uploads\/2022\/08\/cqQXM.png?fit=417%2C593&ssl=1","width":417,"height":593},{"@type":"BreadcrumbList","@id":"https:\/\/enderg.com\/product\/call-of-duty-2\/#breadcrumb","itemListElement":[{"@type":"ListItem","position":1,"name":"Home","item":"https:\/\/enderg.com\/"},{"@type":"ListItem","position":2,"name":"Shop","item":"https:\/\/enderg.com\/shop\/"},{"@type":"ListItem","position":3,"name":"Call of Duty\u00ae 2"}]},{"@type":"WebSite","@id":"https:\/\/enderg.com\/#website","url":"https:\/\/enderg.com\/","name":"EnderG","description":"Moins cher, c&#039;est ce que nous faisons\u00a0!","publisher":{"@id":"https:\/\/enderg.com\/#organization"},"potentialAction":[{"@type":"SearchAction","target":{"@type":"EntryPoint","urlTemplate":"https:\/\/enderg.com\/?s={search_term_string}"},"query-input":{"@type":"PropertyValueSpecification","valueRequired":true,"valueName":"search_term_string"}}],"inLanguage":"fr-FR"},{"@type":"Organization","@id":"https:\/\/enderg.com\/#organization","name":"EnderG","url":"https:\/\/enderg.com\/","logo":{"@type":"ImageObject","inLanguage":"fr-FR","@id":"https:\/\/enderg.com\/#\/schema\/logo\/image\/","url":"https:\/\/enderg.com\/wp-content\/uploads\/2023\/03\/222222222221.png","contentUrl":"https:\/\/enderg.com\/wp-content\/uploads\/2023\/03\/222222222221.png","width":512,"height":512,"caption":"EnderG"},"image":{"@id":"https:\/\/enderg.com\/#\/schema\/logo\/image\/"},"sameAs":["https:\/\/www.facebook.com\/Endergg1\/","https:\/\/www.instagram.com\/enderg01","https:\/\/www.youtube.com\/@enderg-com"],"description":"Nous proposons des jeux \u00e0 prix r\u00e9duits !","legalName":"Vandar Limited","foundingDate":"2022-06-21"}]}},"jetpack_publicize_connections":[],"jetpack_likes_enabled":true,"jetpack_sharing_enabled":true,"jetpack-related-posts":[],"_links":{"self":[{"href":"https:\/\/enderg.com\/fr\/wp-json\/wp\/v2\/product\/333","targetHints":{"allow":["GET"]}}],"collection":[{"href":"https:\/\/enderg.com\/fr\/wp-json\/wp\/v2\/product"}],"about":[{"href":"https:\/\/enderg.com\/fr\/wp-json\/wp\/v2\/types\/product"}],"replies":[{"embeddable":true,"href":"https:\/\/enderg.com\/fr\/wp-json\/wp\/v2\/comments?post=333"}],"version-history":[{"count":6,"href":"https:\/\/enderg.com\/fr\/wp-json\/wp\/v2\/product\/333\/revisions"}],"predecessor-version":[{"id":3696,"href":"https:\/\/enderg.com\/fr\/wp-json\/wp\/v2\/product\/333\/revisions\/3696"}],"wp:featuredmedia":[{"embeddable":true,"href":"https:\/\/enderg.com\/fr\/wp-json\/wp\/v2\/media\/530"}],"wp:attachment":[{"href":"https:\/\/enderg.com\/fr\/wp-json\/wp\/v2\/media?parent=333"}],"wp:term":[{"taxonomy":"product_brand","embeddable":true,"href":"https:\/\/enderg.com\/fr\/wp-json\/wp\/v2\/product_brand?post=333"},{"taxonomy":"product_cat","embeddable":true,"href":"https:\/\/enderg.com\/fr\/wp-json\/wp\/v2\/product_cat?post=333"},{"taxonomy":"product_tag","embeddable":true,"href":"https:\/\/enderg.com\/fr\/wp-json\/wp\/v2\/product_tag?post=333"}],"curies":[{"name":"wp","href":"https:\/\/api.w.org\/{rel}","templated":true}]}}