{"id":315,"date":"2022-08-07T01:01:43","date_gmt":"2022-08-06T22:01:43","guid":{"rendered":"https:\/\/enderg.com\/?post_type=product&#038;p=315"},"modified":"2024-06-26T01:45:59","modified_gmt":"2024-06-25T22:45:59","slug":"assetto-corsa","status":"publish","type":"product","link":"https:\/\/enderg.com\/fr\/product\/assetto-corsa\/","title":{"rendered":"Actif Corsa"},"content":{"rendered":"<div data-elementor-type=\"wp-post\" data-elementor-id=\"315\" class=\"elementor elementor-315\" data-elementor-post-type=\"product\">\n\t\t\t\t\t\t<section class=\"elementor-section elementor-top-section elementor-element elementor-element-987546d elementor-section-boxed elementor-section-height-default elementor-section-height-default\" data-id=\"987546d\" data-element_type=\"section\" data-e-type=\"section\">\n\t\t\t\t\t\t<div class=\"elementor-container elementor-column-gap-default\">\n\t\t\t\t\t<div class=\"elementor-column elementor-col-100 elementor-top-column elementor-element elementor-element-990837a\" data-id=\"990837a\" data-element_type=\"column\" data-e-type=\"column\">\n\t\t\t<div class=\"elementor-widget-wrap elementor-element-populated\">\n\t\t\t\t\t\t<div class=\"elementor-element elementor-element-32c868db elementor-widget elementor-widget-accordion\" data-id=\"32c868db\" data-element_type=\"widget\" data-e-type=\"widget\" data-widget_type=\"accordion.default\">\n\t\t\t\t<div class=\"elementor-widget-container\">\n\t\t\t\t\t\t\t<div class=\"elementor-accordion\">\n\t\t\t\t\t\t\t<div class=\"elementor-accordion-item\">\n\t\t\t\t\t<h4 id=\"elementor-tab-title-8511\" class=\"elementor-tab-title\" data-tab=\"1\" role=\"button\" aria-controls=\"elementor-tab-content-8511\" aria-expanded=\"false\">\n\t\t\t\t\t\t\t\t\t\t\t\t\t<span class=\"elementor-accordion-icon elementor-accordion-icon-left\" aria-hidden=\"true\">\n\t\t\t\t\t\t\t\t\t\t\t\t\t\t\t<span class=\"elementor-accordion-icon-closed\"><i class=\"fas fa-truck\"><\/i><\/span>\n\t\t\t\t\t\t\t\t<span class=\"elementor-accordion-icon-opened\"><i class=\"fas fa-truck\"><\/i><\/span>\n\t\t\t\t\t\t\t\t\t\t\t\t\t\t<\/span>\n\t\t\t\t\t\t\t\t\t\t\t\t<a class=\"elementor-accordion-title\" tabindex=\"0\">Livraison rapide<\/a>\n\t\t\t\t\t<\/h4>\n\t\t\t\t\t<div id=\"elementor-tab-content-8511\" class=\"elementor-tab-content elementor-clearfix\" data-tab=\"1\" role=\"region\" aria-labelledby=\"elementor-tab-title-8511\"><p>La livraison peut prendre 5 \u00e0 20 minutes, selon votre place dans notre file d'attente<\/p><p>Votre commande sera \u00ab\u00a0auto-rembours\u00e9e\u00a0\u00bb si elle n'est pas livr\u00e9e apr\u00e8s 12\u00a0heures\u00a0!<\/p><\/div>\n\t\t\t\t<\/div>\n\t\t\t\t\t\t\t\t<\/div>\n\t\t\t\t\t\t<\/div>\n\t\t\t\t<\/div>\n\t\t\t\t<div class=\"elementor-element elementor-element-507fbe20 elementor-widget elementor-widget-accordion\" data-id=\"507fbe20\" data-element_type=\"widget\" data-e-type=\"widget\" data-widget_type=\"accordion.default\">\n\t\t\t\t<div class=\"elementor-widget-container\">\n\t\t\t\t\t\t\t<div class=\"elementor-accordion\">\n\t\t\t\t\t\t\t<div class=\"elementor-accordion-item\">\n\t\t\t\t\t<h4 id=\"elementor-tab-title-1351\" class=\"elementor-tab-title\" data-tab=\"1\" role=\"button\" aria-controls=\"elementor-tab-content-1351\" aria-expanded=\"false\">\n\t\t\t\t\t\t\t\t\t\t\t\t\t<span class=\"elementor-accordion-icon elementor-accordion-icon-left\" aria-hidden=\"true\">\n\t\t\t\t\t\t\t\t\t\t\t\t\t\t\t<span class=\"elementor-accordion-icon-closed\"><i class=\"fab fa-xbox\"><\/i><\/span>\n\t\t\t\t\t\t\t\t<span class=\"elementor-accordion-icon-opened\"><i class=\"fab fa-xbox\"><\/i><\/span>\n\t\t\t\t\t\t\t\t\t\t\t\t\t\t<\/span>\n\t\t\t\t\t\t\t\t\t\t\t\t<a class=\"elementor-accordion-title\" tabindex=\"0\">Comment activer<\/a>\n\t\t\t\t\t<\/h4>\n\t\t\t\t\t<div id=\"elementor-tab-content-1351\" class=\"elementor-tab-content elementor-clearfix\" data-tab=\"1\" role=\"region\" aria-labelledby=\"elementor-tab-title-1351\"><p>1- Ouvrez un VPN et connectez-vous au serveur sp\u00e9cifi\u00e9 dans votre e-mail apr\u00e8s avoir pass\u00e9 votre commande.<\/p><p>2- Cliquez dessus\u00a0<a title=\"https:\/\/account.microsoft.com\/billing\/redeem?refd=login.live.com\" href=\"https:\/\/account.microsoft.com\/billing\/redeem?refd=login.live.com\"><strong>Lien<\/strong><\/a>\u00a0&amp; Connectez-vous \u00e0 votre compte, puis \u00e9changez la cl\u00e9 que vous avez re\u00e7ue\u00a0!<\/p><p>3- Profitez-en !<\/p><\/div>\n\t\t\t\t<\/div>\n\t\t\t\t\t\t\t\t<\/div>\n\t\t\t\t\t\t<\/div>\n\t\t\t\t<\/div>\n\t\t\t\t\t<\/div>\n\t\t<\/div>\n\t\t\t\t\t<\/div>\n\t\t<\/section>\n\t\t\t\t<section class=\"elementor-section elementor-top-section elementor-element elementor-element-a1e9ca8 elementor-section-boxed elementor-section-height-default elementor-section-height-default\" data-id=\"a1e9ca8\" data-element_type=\"section\" data-e-type=\"section\">\n\t\t\t\t\t\t<div class=\"elementor-container elementor-column-gap-default\">\n\t\t\t\t\t<div class=\"elementor-column elementor-col-100 elementor-top-column elementor-element elementor-element-9a3b18c\" data-id=\"9a3b18c\" data-element_type=\"column\" data-e-type=\"column\">\n\t\t\t<div class=\"elementor-widget-wrap elementor-element-populated\">\n\t\t\t\t\t\t<div class=\"elementor-element elementor-element-45f7a0a1 elementor-widget elementor-widget-text-editor\" data-id=\"45f7a0a1\" data-element_type=\"widget\" data-e-type=\"widget\" data-widget_type=\"text-editor.default\">\n\t\t\t\t<div class=\"elementor-widget-container\">\n\t\t\t\t\t\t\t\t\t<h4 style=\"text-align: center;\" data-mce-fragment=\"1\">\u00c0 PROPOS DE CE JEU<\/h4><p><span data-mce-fragment=\"1\">SIMULATEUR DE COURSE DE NOUVELLE G\u00c9N\u00c9RATION<\/span><br data-mce-fragment=\"1\" \/><span data-mce-fragment=\"1\">Assetto Corsa int\u00e8gre un moteur graphique DirectX 11 de pointe qui recr\u00e9e un environnement immersif, un \u00e9clairage dynamique et des mat\u00e9riaux et surfaces r\u00e9alistes. Son moteur physique avanc\u00e9 offre une exp\u00e9rience de conduite ultra-r\u00e9aliste, int\u00e9grant des fonctionnalit\u00e9s et des aspects de vraies voitures, in\u00e9dits dans les simulateurs de course\u00a0: m\u00e9plats sur les pneus, cycles de chauffe (avec formation de bulles et de cloques), simulation a\u00e9rodynamique ultra-pr\u00e9cise avec \u00e9l\u00e9ments mobiles contr\u00f4l\u00e9s en temps r\u00e9el par t\u00e9l\u00e9m\u00e9trie, syst\u00e8mes hybrides avec KERS et simulation de r\u00e9cup\u00e9ration d&#039;\u00e9nergie. Extr\u00eamement d\u00e9taill\u00e9, avec des modes solo et multijoueur, Assetto Corsa propose des voitures sous licence exclusive, reproduites avec une pr\u00e9cision optimale gr\u00e2ce \u00e0 la collaboration officielle des constructeurs automobiles.<\/span><br data-mce-fragment=\"1\" \/><span data-mce-fragment=\"1\">ASSETTO CORSA a \u00e9t\u00e9 d\u00e9velopp\u00e9 au sein du bureau de recherche et d\u00e9veloppement de KUNOS Simulazioni, situ\u00e9 juste \u00e0 l&#039;int\u00e9rieur du circuit international de Vallelunga, ce qui a permis \u00e0 l&#039;\u00e9quipe de d\u00e9velopper le jeu en collaboration avec de v\u00e9ritables pilotes et \u00e9curies de course.<\/span><br data-mce-fragment=\"1\" \/><br data-mce-fragment=\"1\" \/><span data-mce-fragment=\"1\">PISTES L\u00c9GENDAIRES<\/span><br data-mce-fragment=\"1\" \/><span data-mce-fragment=\"1\">Les circuits ont \u00e9t\u00e9 d\u00e9velopp\u00e9s \u00e0 l&#039;aide de la technologie de balayage laser, afin de garantir le plus haut niveau de pr\u00e9cision possible dans la reproduction des environnements r\u00e9els des courses automobiles.<\/span><br data-mce-fragment=\"1\" \/><span data-mce-fragment=\"1\">Monza, Silverstone, Imola, Mugello, Spa, Brands Hatch et bien d&#039;autres circuits, dont la reproduction historique de Monza, qui fait revivre la l\u00e9gendaire Sopraelevata, l&#039;ovale \u00e0 grande vitesse o\u00f9 se d\u00e9roulaient les courses jusqu&#039;en 1961.<\/span><br data-mce-fragment=\"1\" \/><br data-mce-fragment=\"1\" \/><span data-mce-fragment=\"1\">VOITURES EXCLUSIVES<\/span><br data-mce-fragment=\"1\" \/><span data-mce-fragment=\"1\">Le moteur physique d&#039;Assetto Corsa est enti\u00e8rement nouveau, utilisant des connaissances pratiques acquises en travaillant en \u00e9troite collaboration avec l&#039;\u00e9lite du sport automobile afin de concevoir la meilleure pr\u00e9cision physique et le meilleur r\u00e9alisme possible.<\/span><br data-mce-fragment=\"1\" \/><span data-mce-fragment=\"1\">Un moteur physique comme celui-ci ne demande qu&#039;\u00e0 \u00eatre utilis\u00e9 avec des contenus sous licence officielle\u00a0: Abarth, Audi, BMW, Classic Team Lotus, Ferrari, KTM, Lamborghini, Lotus, McLaren, Mercedes, Scuderia Glickenhaus, Pagani, Porsche, Tatuus et bien d&#039;autres\u00a0!<\/span><br data-mce-fragment=\"1\" \/><br data-mce-fragment=\"1\" \/><span data-mce-fragment=\"1\">COMPATIBILIT\u00c9 MAT\u00c9RIELLE<\/span><br data-mce-fragment=\"1\" \/><span data-mce-fragment=\"1\">Profitez d&#039;ASSETTO CORSA en utilisant n&#039;importe quel type de p\u00e9riph\u00e9rique de jeu\u00a0: clavier, manette, joystick, volant, y compris tout type de p\u00e9riph\u00e9rique professionnel et les syst\u00e8mes de d\u00e9tection de mouvements les plus courants.<\/span><br data-mce-fragment=\"1\" \/><span data-mce-fragment=\"1\">ASSETTO CORSA est \u00e9galement compatible et pr\u00eat pour Oculus et OpenVR\/VIVE, l&#039;affichage sur trois \u00e9crans, Track IR et 3D VISION.<\/span><br data-mce-fragment=\"1\" \/><br data-mce-fragment=\"1\" \/><span data-mce-fragment=\"1\">JEU ET FONCTIONNALIT\u00c9S<\/span><br data-mce-fragment=\"1\" \/><span data-mce-fragment=\"1\">Assetto Corsa propose un mode carri\u00e8re, une liste d&#039;\u00e9v\u00e9nements et de d\u00e9fis sp\u00e9ciaux et uniques, ainsi que des modes solo et multijoueur enti\u00e8rement personnalisables. Au programme\u00a0: courses rapides, championnats personnalis\u00e9s, week-ends de course avec essais libres, qualifications et course. Courses d&#039;acc\u00e9l\u00e9ration, d\u00e9fis de drift et bien plus encore\u00a0! Quatre profils d&#039;assistance \u00e0 la conduite (joueur, pilote, pro et un profil enti\u00e8rement personnalisable) permettent \u00e0 tous les joueurs de profiter de la simulation \u00e0 leur niveau.<\/span><br data-mce-fragment=\"1\" \/><span data-mce-fragment=\"1\">Options de configuration avanc\u00e9es et t\u00e9l\u00e9m\u00e9trie pour l&#039;analyse des donn\u00e9es ; simulation dynamique du caoutchouc des pneus d\u00e9pos\u00e9 sur la piste, en fonction des tours de la voiture ; un mode heure de la journ\u00e9e r\u00e9glable, avec une position du soleil calcul\u00e9e en temps r\u00e9el, en fonction des coordonn\u00e9es g\u00e9ographiques de la piste et de la courbe du soleil selon l&#039;heure et la date, afin d&#039;obtenir les m\u00eames conditions d&#039;\u00e9clairage que sur les vraies pistes !<\/span><br data-mce-fragment=\"1\" \/><br data-mce-fragment=\"1\" \/><span data-mce-fragment=\"1\">MODIFICATION ET PERSONNALISATION<\/span><br data-mce-fragment=\"1\" \/><span data-mce-fragment=\"1\">Assetto Corsa permettra une personnalisation et une modification consid\u00e9rables, afin de satisfaire les attentes des pilotes de simulation professionnels, des joueurs qui pr\u00e9f\u00e8rent une approche plus progressive de l&#039;exp\u00e9rience de conduite, et des amateurs qui aiment simplement reproduire et partager leurs voitures et leurs circuits, en profitant des m\u00eames outils d&#039;\u00e9dition d\u00e9velopp\u00e9s et utilis\u00e9s par les d\u00e9veloppeurs du jeu.<\/span><\/p><p><iframe title=\"Lecteur vid\u00e9o YouTube\" data-src=\"https:\/\/www.youtube.com\/embed\/TDFN-E30jhU\" width=\"560\" height=\"315\" frameborder=\"0\" allowfullscreen=\"allowfullscreen\" src=\"data:image\/svg+xml;base64,PHN2ZyB3aWR0aD0iMSIgaGVpZ2h0PSIxIiB4bWxucz0iaHR0cDovL3d3dy53My5vcmcvMjAwMC9zdmciPjwvc3ZnPg==\" class=\"lazyload\" data-load-mode=\"1\"><\/iframe><\/p><h2>CONFIGURATION REQUISE<\/h2><div class=\"sysreq_contents\"><div class=\"game_area_sys_req sysreq_content active\" data-os=\"win\"><div class=\"game_area_sys_req_leftCol\"><p><strong>LE MINIMUM:<\/strong><\/p><ul><li style=\"list-style-type: none;\"><ul class=\"bb_ul\"><li><strong>SE\u00a0:<\/strong>\u00a0Windows 7 SP1 \u2013 8 \u2013 8.1 \u2013 10<\/li><li><strong>Processeur:<\/strong>\u00a0AMD Athlon X2 2,8 GHz, Intel Core 2 Duo 2,4 GHz<\/li><li><strong>M\u00e9moire:<\/strong>\u00a02 Go de RAM<\/li><li><strong>Graphique:<\/strong>\u00a0DirectX 10.1 (par exemple AMD Radeon HD 6450, Nvidia GeForce GT 460)<\/li><li><strong>DirectX\u00a0:<\/strong>\u00a0Variante 11<\/li><li><strong>R\u00e9seau:<\/strong>\u00a0connexion Internet \u00e0 haut d\u00e9bit<\/li><li><strong>Stockage:<\/strong>\u00a015 Go d&#039;espace disponible<\/li><li><strong>Carte son:<\/strong>\u00a0Int\u00e9gr\u00e9<\/li><\/ul><\/li><\/ul><\/div><div class=\"game_area_sys_req_rightCol\"><p><strong>CONSEILL\u00c9:<\/strong><\/p><ul><li style=\"list-style-type: none;\"><ul class=\"bb_ul\"><li><strong>SE\u00a0:<\/strong>\u00a0Windows 7 SP1 \u2013 8 \u2013 8.1 \u2013 10<\/li><li><strong>Processeur:<\/strong>\u00a0Processeur AMD six c\u0153urs, processeur Intel quadric\u0153ur<\/li><li><strong>M\u00e9moire:<\/strong>\u00a06 Go de RAM<\/li><li><strong>Graphique:<\/strong>\u00a0DirectX 11 (par exemple AMD Radeon 290x, Nvidia GeForce GTX 970)<\/li><li><strong>DirectX\u00a0:<\/strong>\u00a0Variante 11<\/li><li><strong>R\u00e9seau:<\/strong>\u00a0connexion Internet \u00e0 haut d\u00e9bit<\/li><li><strong>Stockage:<\/strong>\u00a030 Go d&#039;espace disponible<\/li><li><strong>Carte son:<\/strong>\u00a0Int\u00e9gr\u00e9<\/li><\/ul><\/li><\/ul><\/div><\/div><\/div>\t\t\t\t\t\t\t\t<\/div>\n\t\t\t\t<\/div>\n\t\t\t\t\t<\/div>\n\t\t<\/div>\n\t\t\t\t\t<\/div>\n\t\t<\/section>\n\t\t\t\t<\/div>","protected":false},"excerpt":{"rendered":"<p>Fast Delivery Delivery can take 5 to 20 minutes, according to your place in our queue Your Order will be \u2018Auto Refunded\u2019 in case it does not get delivered after 12 hours! How To Activate 1- Open up a VPN and connect to the server specified in your email after placing your order. 2- Click [&hellip;]<\/p>\n","protected":false},"featured_media":432,"comment_status":"closed","ping_status":"closed","template":"","meta":{"_crdt_document":"","jetpack_publicize_message":"","jetpack_publicize_feature_enabled":true,"jetpack_social_post_already_shared":true,"jetpack_social_options":{"image_generator_settings":{"template":"highway","default_image_id":0,"font":"","enabled":false},"version":2},"_wpas_customize_per_network":false},"product_brand":[],"product_cat":[1375,1374],"product_tag":[],"class_list":{"0":"post-315","1":"product","2":"type-product","3":"status-publish","4":"has-post-thumbnail","6":"product_cat-pc","7":"product_cat-xbox","9":"first","10":"outofstock","11":"sale","12":"taxable","13":"shipping-taxable","14":"purchasable","15":"product-type-variable","16":"has-default-attributes"},"yoast_head":"<!-- This site is optimized with the Yoast SEO Premium plugin v27.4 (Yoast SEO v27.4) - https:\/\/yoast.com\/product\/yoast-seo-premium-wordpress\/ -->\n<title>Assetto Corsa - EnderG<\/title>\n<meta name=\"robots\" content=\"index, follow, max-snippet:-1, max-image-preview:large, max-video-preview:-1\" \/>\n<link rel=\"canonical\" href=\"https:\/\/enderg.com\/fr\/product\/assetto-corsa\/\" \/>\n<meta property=\"og:locale\" content=\"fr_FR\" \/>\n<meta property=\"og:type\" content=\"article\" \/>\n<meta property=\"og:title\" content=\"Assetto Corsa\" \/>\n<meta property=\"og:description\" content=\"Fast Delivery Delivery can take 5 to 20 minutes, according to your place in our queue Your Order will be \u2018Auto Refunded\u2019 in case it does not get delivered after 12 hours! How To Activate 1- Open up a VPN and connect to the server specified in your email after placing your order. 2- Click [&hellip;]\" \/>\n<meta property=\"og:url\" content=\"https:\/\/enderg.com\/fr\/product\/assetto-corsa\/\" \/>\n<meta property=\"og:site_name\" content=\"EnderG\" \/>\n<meta property=\"article:publisher\" content=\"https:\/\/www.facebook.com\/Endergg1\/\" \/>\n<meta property=\"article:modified_time\" content=\"2024-06-25T22:45:59+00:00\" \/>\n<meta property=\"og:image\" content=\"https:\/\/enderg.com\/wp-content\/uploads\/2022\/08\/iRqD2BxH4DihRaCQYSK3Q5JUzaNtBU19.jpg\" \/>\n\t<meta property=\"og:image:width\" content=\"1024\" \/>\n\t<meta property=\"og:image:height\" content=\"1024\" \/>\n\t<meta property=\"og:image:type\" content=\"image\/jpeg\" \/>\n<meta name=\"twitter:card\" content=\"summary_large_image\" \/>\n<meta name=\"twitter:label1\" content=\"Dur\u00e9e de lecture estim\u00e9e\" \/>\n\t<meta name=\"twitter:data1\" content=\"4 minutes\" \/>\n<script type=\"application\/ld+json\" class=\"yoast-schema-graph\">{\"@context\":\"https:\\\/\\\/schema.org\",\"@graph\":[{\"@type\":\"WebPage\",\"@id\":\"https:\\\/\\\/enderg.com\\\/product\\\/assetto-corsa\\\/\",\"url\":\"https:\\\/\\\/enderg.com\\\/product\\\/assetto-corsa\\\/\",\"name\":\"Assetto Corsa - EnderG\",\"isPartOf\":{\"@id\":\"https:\\\/\\\/enderg.com\\\/#website\"},\"primaryImageOfPage\":{\"@id\":\"https:\\\/\\\/enderg.com\\\/product\\\/assetto-corsa\\\/#primaryimage\"},\"image\":{\"@id\":\"https:\\\/\\\/enderg.com\\\/product\\\/assetto-corsa\\\/#primaryimage\"},\"thumbnailUrl\":\"https:\\\/\\\/i0.wp.com\\\/enderg.com\\\/wp-content\\\/uploads\\\/2022\\\/08\\\/iRqD2BxH4DihRaCQYSK3Q5JUzaNtBU19.jpg?fit=1024%2C1024&ssl=1\",\"datePublished\":\"2022-08-06T22:01:43+00:00\",\"dateModified\":\"2024-06-25T22:45:59+00:00\",\"breadcrumb\":{\"@id\":\"https:\\\/\\\/enderg.com\\\/product\\\/assetto-corsa\\\/#breadcrumb\"},\"inLanguage\":\"fr-FR\",\"potentialAction\":[{\"@type\":\"ReadAction\",\"target\":[\"https:\\\/\\\/enderg.com\\\/product\\\/assetto-corsa\\\/\"]}]},{\"@type\":\"ImageObject\",\"inLanguage\":\"fr-FR\",\"@id\":\"https:\\\/\\\/enderg.com\\\/product\\\/assetto-corsa\\\/#primaryimage\",\"url\":\"https:\\\/\\\/i0.wp.com\\\/enderg.com\\\/wp-content\\\/uploads\\\/2022\\\/08\\\/iRqD2BxH4DihRaCQYSK3Q5JUzaNtBU19.jpg?fit=1024%2C1024&ssl=1\",\"contentUrl\":\"https:\\\/\\\/i0.wp.com\\\/enderg.com\\\/wp-content\\\/uploads\\\/2022\\\/08\\\/iRqD2BxH4DihRaCQYSK3Q5JUzaNtBU19.jpg?fit=1024%2C1024&ssl=1\",\"width\":1024,\"height\":1024},{\"@type\":\"BreadcrumbList\",\"@id\":\"https:\\\/\\\/enderg.com\\\/product\\\/assetto-corsa\\\/#breadcrumb\",\"itemListElement\":[{\"@type\":\"ListItem\",\"position\":1,\"name\":\"Home\",\"item\":\"https:\\\/\\\/enderg.com\\\/\"},{\"@type\":\"ListItem\",\"position\":2,\"name\":\"Shop\",\"item\":\"https:\\\/\\\/enderg.com\\\/shop\\\/\"},{\"@type\":\"ListItem\",\"position\":3,\"name\":\"Assetto Corsa\"}]},{\"@type\":\"WebSite\",\"@id\":\"https:\\\/\\\/enderg.com\\\/#website\",\"url\":\"https:\\\/\\\/enderg.com\\\/\",\"name\":\"EnderG\",\"description\":\"Cheaper Is What We Do!\",\"publisher\":{\"@id\":\"https:\\\/\\\/enderg.com\\\/#organization\"},\"potentialAction\":[{\"@type\":\"SearchAction\",\"target\":{\"@type\":\"EntryPoint\",\"urlTemplate\":\"https:\\\/\\\/enderg.com\\\/?s={search_term_string}\"},\"query-input\":{\"@type\":\"PropertyValueSpecification\",\"valueRequired\":true,\"valueName\":\"search_term_string\"}}],\"inLanguage\":\"fr-FR\"},{\"@type\":\"Organization\",\"@id\":\"https:\\\/\\\/enderg.com\\\/#organization\",\"name\":\"EnderG\",\"url\":\"https:\\\/\\\/enderg.com\\\/\",\"logo\":{\"@type\":\"ImageObject\",\"inLanguage\":\"fr-FR\",\"@id\":\"https:\\\/\\\/enderg.com\\\/#\\\/schema\\\/logo\\\/image\\\/\",\"url\":\"https:\\\/\\\/enderg.com\\\/wp-content\\\/uploads\\\/2023\\\/03\\\/222222222221.png\",\"contentUrl\":\"https:\\\/\\\/enderg.com\\\/wp-content\\\/uploads\\\/2023\\\/03\\\/222222222221.png\",\"width\":512,\"height\":512,\"caption\":\"EnderG\"},\"image\":{\"@id\":\"https:\\\/\\\/enderg.com\\\/#\\\/schema\\\/logo\\\/image\\\/\"},\"sameAs\":[\"https:\\\/\\\/www.facebook.com\\\/Endergg1\\\/\",\"https:\\\/\\\/www.instagram.com\\\/enderg01\",\"https:\\\/\\\/www.youtube.com\\\/@enderg-com\"],\"description\":\"Cheaper Gaming is what we do!\",\"legalName\":\"Vandar Limited\",\"foundingDate\":\"2022-06-21\"}]}<\/script>\n<!-- \/ Yoast SEO Premium plugin. -->","yoast_head_json":{"title":"Assetto Corsa - EnderG","robots":{"index":"index","follow":"follow","max-snippet":"max-snippet:-1","max-image-preview":"max-image-preview:large","max-video-preview":"max-video-preview:-1"},"canonical":"https:\/\/enderg.com\/fr\/product\/assetto-corsa\/","og_locale":"fr_FR","og_type":"article","og_title":"Assetto Corsa","og_description":"Fast Delivery Delivery can take 5 to 20 minutes, according to your place in our queue Your Order will be \u2018Auto Refunded\u2019 in case it does not get delivered after 12 hours! How To Activate 1- Open up a VPN and connect to the server specified in your email after placing your order. 2- Click [&hellip;]","og_url":"https:\/\/enderg.com\/fr\/product\/assetto-corsa\/","og_site_name":"EnderG","article_publisher":"https:\/\/www.facebook.com\/Endergg1\/","article_modified_time":"2024-06-25T22:45:59+00:00","og_image":[{"width":1024,"height":1024,"url":"https:\/\/enderg.com\/wp-content\/uploads\/2022\/08\/iRqD2BxH4DihRaCQYSK3Q5JUzaNtBU19.jpg","type":"image\/jpeg"}],"twitter_card":"summary_large_image","twitter_misc":{"Dur\u00e9e de lecture estim\u00e9e":"4 minutes"},"schema":{"@context":"https:\/\/schema.org","@graph":[{"@type":"WebPage","@id":"https:\/\/enderg.com\/product\/assetto-corsa\/","url":"https:\/\/enderg.com\/product\/assetto-corsa\/","name":"Assetto Corsa - EnderG","isPartOf":{"@id":"https:\/\/enderg.com\/#website"},"primaryImageOfPage":{"@id":"https:\/\/enderg.com\/product\/assetto-corsa\/#primaryimage"},"image":{"@id":"https:\/\/enderg.com\/product\/assetto-corsa\/#primaryimage"},"thumbnailUrl":"https:\/\/i0.wp.com\/enderg.com\/wp-content\/uploads\/2022\/08\/iRqD2BxH4DihRaCQYSK3Q5JUzaNtBU19.jpg?fit=1024%2C1024&ssl=1","datePublished":"2022-08-06T22:01:43+00:00","dateModified":"2024-06-25T22:45:59+00:00","breadcrumb":{"@id":"https:\/\/enderg.com\/product\/assetto-corsa\/#breadcrumb"},"inLanguage":"fr-FR","potentialAction":[{"@type":"ReadAction","target":["https:\/\/enderg.com\/product\/assetto-corsa\/"]}]},{"@type":"ImageObject","inLanguage":"fr-FR","@id":"https:\/\/enderg.com\/product\/assetto-corsa\/#primaryimage","url":"https:\/\/i0.wp.com\/enderg.com\/wp-content\/uploads\/2022\/08\/iRqD2BxH4DihRaCQYSK3Q5JUzaNtBU19.jpg?fit=1024%2C1024&ssl=1","contentUrl":"https:\/\/i0.wp.com\/enderg.com\/wp-content\/uploads\/2022\/08\/iRqD2BxH4DihRaCQYSK3Q5JUzaNtBU19.jpg?fit=1024%2C1024&ssl=1","width":1024,"height":1024},{"@type":"BreadcrumbList","@id":"https:\/\/enderg.com\/product\/assetto-corsa\/#breadcrumb","itemListElement":[{"@type":"ListItem","position":1,"name":"Home","item":"https:\/\/enderg.com\/"},{"@type":"ListItem","position":2,"name":"Shop","item":"https:\/\/enderg.com\/shop\/"},{"@type":"ListItem","position":3,"name":"Assetto Corsa"}]},{"@type":"WebSite","@id":"https:\/\/enderg.com\/#website","url":"https:\/\/enderg.com\/","name":"EnderG","description":"Moins cher, c&#039;est ce que nous faisons\u00a0!","publisher":{"@id":"https:\/\/enderg.com\/#organization"},"potentialAction":[{"@type":"SearchAction","target":{"@type":"EntryPoint","urlTemplate":"https:\/\/enderg.com\/?s={search_term_string}"},"query-input":{"@type":"PropertyValueSpecification","valueRequired":true,"valueName":"search_term_string"}}],"inLanguage":"fr-FR"},{"@type":"Organization","@id":"https:\/\/enderg.com\/#organization","name":"EnderG","url":"https:\/\/enderg.com\/","logo":{"@type":"ImageObject","inLanguage":"fr-FR","@id":"https:\/\/enderg.com\/#\/schema\/logo\/image\/","url":"https:\/\/enderg.com\/wp-content\/uploads\/2023\/03\/222222222221.png","contentUrl":"https:\/\/enderg.com\/wp-content\/uploads\/2023\/03\/222222222221.png","width":512,"height":512,"caption":"EnderG"},"image":{"@id":"https:\/\/enderg.com\/#\/schema\/logo\/image\/"},"sameAs":["https:\/\/www.facebook.com\/Endergg1\/","https:\/\/www.instagram.com\/enderg01","https:\/\/www.youtube.com\/@enderg-com"],"description":"Nous proposons des jeux \u00e0 prix r\u00e9duits !","legalName":"Vandar Limited","foundingDate":"2022-06-21"}]}},"jetpack_publicize_connections":[],"jetpack_likes_enabled":true,"jetpack_sharing_enabled":true,"jetpack-related-posts":[],"_links":{"self":[{"href":"https:\/\/enderg.com\/fr\/wp-json\/wp\/v2\/product\/315","targetHints":{"allow":["GET"]}}],"collection":[{"href":"https:\/\/enderg.com\/fr\/wp-json\/wp\/v2\/product"}],"about":[{"href":"https:\/\/enderg.com\/fr\/wp-json\/wp\/v2\/types\/product"}],"replies":[{"embeddable":true,"href":"https:\/\/enderg.com\/fr\/wp-json\/wp\/v2\/comments?post=315"}],"version-history":[{"count":10,"href":"https:\/\/enderg.com\/fr\/wp-json\/wp\/v2\/product\/315\/revisions"}],"predecessor-version":[{"id":8882,"href":"https:\/\/enderg.com\/fr\/wp-json\/wp\/v2\/product\/315\/revisions\/8882"}],"wp:featuredmedia":[{"embeddable":true,"href":"https:\/\/enderg.com\/fr\/wp-json\/wp\/v2\/media\/432"}],"wp:attachment":[{"href":"https:\/\/enderg.com\/fr\/wp-json\/wp\/v2\/media?parent=315"}],"wp:term":[{"taxonomy":"product_brand","embeddable":true,"href":"https:\/\/enderg.com\/fr\/wp-json\/wp\/v2\/product_brand?post=315"},{"taxonomy":"product_cat","embeddable":true,"href":"https:\/\/enderg.com\/fr\/wp-json\/wp\/v2\/product_cat?post=315"},{"taxonomy":"product_tag","embeddable":true,"href":"https:\/\/enderg.com\/fr\/wp-json\/wp\/v2\/product_tag?post=315"}],"curies":[{"name":"wp","href":"https:\/\/api.w.org\/{rel}","templated":true}]}}