{"id":1909,"date":"2022-08-08T21:02:04","date_gmt":"2022-08-08T18:02:04","guid":{"rendered":"https:\/\/enderg.com\/product\/call-of-duty-modern-warfare-2-campaign-remastered\/"},"modified":"2024-06-26T01:43:37","modified_gmt":"2024-06-25T22:43:37","slug":"campagne-remasterisee-de-call-of-duty-modern-warfare-2","status":"publish","type":"product","link":"https:\/\/enderg.com\/fr\/product\/call-of-duty-modern-warfare-2-campaign-remastered\/","title":{"rendered":"Call of Duty\u00ae\u00a0: Campagne Modern Warfare\u00ae 2 remasteris\u00e9e"},"content":{"rendered":"<p><span data-mce-fragment=\"1\">COMPREND le pack Ghost classique de l&#039;\u00e9quipe de d\u00e9molition sous-marine, utilisable dans Call of Duty\u00ae: Modern Warfare\u00ae, y compris Warzone*.<\/span><\/p>\n<p>Adoptez l&#039;un des looks les plus embl\u00e9matiques de Ghost gr\u00e2ce \u00e0 ce pack Op\u00e9rateur Ghost. Retrouvez l&#039;intensit\u00e9 et le style de Ghost de l&#039;UDT, tir\u00e9s de la mission palpitante \u2018\u00a0Le seul jour facile\u2026 c&#039;\u00e9tait hier\u00a0\u2019 de la campagne de Call of Duty\u00ae: Modern Warfare\u00ae 2, dans Modern Warfare\u00ae et sa version gratuite, Call of Duty\u00ae: Warzone.<\/p>\n<p>Ce pack comprend\u00a0: \u2013 Skin Ghost classique \u2013 2 plans d\u2019armes \u2013 Porte-bonheur d\u2019arme \u2013 Coup de gr\u00e2ce \u2013 R\u00e9plique vocale \u2013 Carte de visite anim\u00e9e \u2013 Embl\u00e8me \u2013 2 passages de palier du Passe de combat<\/p>\n<p>Revivez la campagne solo \u00e9pique du blockbuster de 2009, Call of Duty\u00ae: Modern Warfare\u00ae 2, remasteris\u00e9e en v\u00e9ritable haute d\u00e9finition pour une nouvelle g\u00e9n\u00e9ration de joueurs. La campagne reprend imm\u00e9diatement apr\u00e8s les \u00e9v\u00e9nements dramatiques de Call of Duty\u00ae 4: Modern Warfare\u00ae, titre r\u00e9volutionnaire acclam\u00e9 par la critique internationale. Modern Warfare\u00ae 2 est l&#039;incarnation m\u00eame de l&#039;action palpitante et intense, o\u00f9 les joueurs affrontent une nouvelle menace d\u00e9termin\u00e9e \u00e0 plonger le monde dans le chaos.<\/p>\n<p>La campagne de Call of Duty\u00ae: Modern Warfare\u00ae 2 a \u00e9t\u00e9 enti\u00e8rement remasteris\u00e9e avec des textures, des animations, un rendu physique, un \u00e9clairage HDR et bien plus encore, tous am\u00e9lior\u00e9s. Revivez des missions classiques comme Cliffhanger, Le Goulag et Whiskey Hotel et rejoignez Soap, Price, \u2018\u00a0Ghost\u00a0\u2019 et le reste de la Task Force 141 dans une lutte plan\u00e9taire pour r\u00e9tablir l&#039;ordre.<\/p>","protected":false},"excerpt":{"rendered":"<p>INCLUDES the Underwater Demo Team Classic Ghost Bundle, available for use in Call of Duty\u00ae: Modern Warfare\u00ae, including Warzone*. Gear up with one of the most iconic Ghost looks with this Ghost Operator bundle. Bring the intense look and feel of UDT Ghost from the heart-pounding Call of Duty\u00ae: Modern Warfare\u00ae 2 campaign mission &#8216;The [&hellip;]<\/p>\n","protected":false},"featured_media":2231,"comment_status":"closed","ping_status":"closed","template":"","meta":{"_crdt_document":"","jetpack_publicize_message":"","jetpack_publicize_feature_enabled":true,"jetpack_social_post_already_shared":true,"jetpack_social_options":{"image_generator_settings":{"template":"highway","default_image_id":0,"font":"","enabled":false},"version":2},"_wpas_customize_per_network":false},"product_brand":[],"product_cat":[1374],"product_tag":[1399],"class_list":{"0":"post-1909","1":"product","2":"type-product","3":"status-publish","4":"has-post-thumbnail","6":"product_cat-xbox","7":"product_tag-xbox","9":"first","10":"outofstock","11":"sale","12":"taxable","13":"shipping-taxable","14":"purchasable","15":"product-type-variable","16":"has-default-attributes"},"yoast_head":"<!-- This site is optimized with the Yoast SEO Premium plugin v27.5 (Yoast SEO v27.5) - https:\/\/yoast.com\/product\/yoast-seo-premium-wordpress\/ -->\n<title>Call of Duty\u00ae: Modern Warfare\u00ae 2 Campaign Remastered - EnderG<\/title>\n<meta name=\"robots\" content=\"index, follow, max-snippet:-1, max-image-preview:large, max-video-preview:-1\" \/>\n<link rel=\"canonical\" href=\"https:\/\/enderg.com\/fr\/product\/campagne-remasterisee-de-call-of-duty-modern-warfare-2\/\" \/>\n<meta property=\"og:locale\" content=\"fr_FR\" \/>\n<meta property=\"og:type\" content=\"article\" \/>\n<meta property=\"og:title\" content=\"Call of Duty\u00ae: Modern Warfare\u00ae 2 Campaign Remastered\" \/>\n<meta property=\"og:description\" content=\"INCLUDES the Underwater Demo Team Classic Ghost Bundle, available for use in Call of Duty\u00ae: Modern Warfare\u00ae, including Warzone*. Gear up with one of the most iconic Ghost looks with this Ghost Operator bundle. Bring the intense look and feel of UDT Ghost from the heart-pounding Call of Duty\u00ae: Modern Warfare\u00ae 2 campaign mission &#8216;The [&hellip;]\" \/>\n<meta property=\"og:url\" content=\"https:\/\/enderg.com\/fr\/product\/campagne-remasterisee-de-call-of-duty-modern-warfare-2\/\" \/>\n<meta property=\"og:site_name\" content=\"EnderG\" \/>\n<meta property=\"article:publisher\" content=\"https:\/\/www.facebook.com\/Endergg1\/\" \/>\n<meta property=\"article:modified_time\" content=\"2024-06-25T22:43:37+00:00\" \/>\n<meta property=\"og:image\" content=\"https:\/\/enderg.com\/wp-content\/uploads\/2022\/08\/raryqz0xAsk3HutslehRAW4A.jpg\" \/>\n\t<meta property=\"og:image:width\" content=\"1024\" \/>\n\t<meta property=\"og:image:height\" content=\"1024\" \/>\n\t<meta property=\"og:image:type\" content=\"image\/jpeg\" \/>\n<meta name=\"twitter:card\" content=\"summary_large_image\" \/>\n<meta name=\"twitter:label1\" content=\"Dur\u00e9e de lecture estim\u00e9e\" \/>\n\t<meta name=\"twitter:data1\" content=\"2 minutes\" \/>\n<script type=\"application\/ld+json\" class=\"yoast-schema-graph\">{\"@context\":\"https:\\\/\\\/schema.org\",\"@graph\":[{\"@type\":\"WebPage\",\"@id\":\"https:\\\/\\\/enderg.com\\\/product\\\/call-of-duty-modern-warfare-2-campaign-remastered\\\/\",\"url\":\"https:\\\/\\\/enderg.com\\\/product\\\/call-of-duty-modern-warfare-2-campaign-remastered\\\/\",\"name\":\"Call of Duty\u00ae: Modern Warfare\u00ae 2 Campaign Remastered - EnderG\",\"isPartOf\":{\"@id\":\"https:\\\/\\\/enderg.com\\\/#website\"},\"primaryImageOfPage\":{\"@id\":\"https:\\\/\\\/enderg.com\\\/product\\\/call-of-duty-modern-warfare-2-campaign-remastered\\\/#primaryimage\"},\"image\":{\"@id\":\"https:\\\/\\\/enderg.com\\\/product\\\/call-of-duty-modern-warfare-2-campaign-remastered\\\/#primaryimage\"},\"thumbnailUrl\":\"https:\\\/\\\/i0.wp.com\\\/enderg.com\\\/wp-content\\\/uploads\\\/2022\\\/08\\\/raryqz0xAsk3HutslehRAW4A.jpg?fit=1024%2C1024&ssl=1\",\"datePublished\":\"2022-08-08T18:02:04+00:00\",\"dateModified\":\"2024-06-25T22:43:37+00:00\",\"breadcrumb\":{\"@id\":\"https:\\\/\\\/enderg.com\\\/product\\\/call-of-duty-modern-warfare-2-campaign-remastered\\\/#breadcrumb\"},\"inLanguage\":\"fr-FR\",\"potentialAction\":[{\"@type\":\"ReadAction\",\"target\":[\"https:\\\/\\\/enderg.com\\\/product\\\/call-of-duty-modern-warfare-2-campaign-remastered\\\/\"]}]},{\"@type\":\"ImageObject\",\"inLanguage\":\"fr-FR\",\"@id\":\"https:\\\/\\\/enderg.com\\\/product\\\/call-of-duty-modern-warfare-2-campaign-remastered\\\/#primaryimage\",\"url\":\"https:\\\/\\\/i0.wp.com\\\/enderg.com\\\/wp-content\\\/uploads\\\/2022\\\/08\\\/raryqz0xAsk3HutslehRAW4A.jpg?fit=1024%2C1024&ssl=1\",\"contentUrl\":\"https:\\\/\\\/i0.wp.com\\\/enderg.com\\\/wp-content\\\/uploads\\\/2022\\\/08\\\/raryqz0xAsk3HutslehRAW4A.jpg?fit=1024%2C1024&ssl=1\",\"width\":1024,\"height\":1024},{\"@type\":\"BreadcrumbList\",\"@id\":\"https:\\\/\\\/enderg.com\\\/product\\\/call-of-duty-modern-warfare-2-campaign-remastered\\\/#breadcrumb\",\"itemListElement\":[{\"@type\":\"ListItem\",\"position\":1,\"name\":\"Home\",\"item\":\"https:\\\/\\\/enderg.com\\\/\"},{\"@type\":\"ListItem\",\"position\":2,\"name\":\"Shop\",\"item\":\"https:\\\/\\\/enderg.com\\\/shop\\\/\"},{\"@type\":\"ListItem\",\"position\":3,\"name\":\"Call of Duty\u00ae: Modern Warfare\u00ae 2 Campaign Remastered\"}]},{\"@type\":\"WebSite\",\"@id\":\"https:\\\/\\\/enderg.com\\\/#website\",\"url\":\"https:\\\/\\\/enderg.com\\\/\",\"name\":\"EnderG\",\"description\":\"Cheaper Is What We Do!\",\"publisher\":{\"@id\":\"https:\\\/\\\/enderg.com\\\/#organization\"},\"potentialAction\":[{\"@type\":\"SearchAction\",\"target\":{\"@type\":\"EntryPoint\",\"urlTemplate\":\"https:\\\/\\\/enderg.com\\\/?s={search_term_string}\"},\"query-input\":{\"@type\":\"PropertyValueSpecification\",\"valueRequired\":true,\"valueName\":\"search_term_string\"}}],\"inLanguage\":\"fr-FR\"},{\"@type\":\"Organization\",\"@id\":\"https:\\\/\\\/enderg.com\\\/#organization\",\"name\":\"EnderG\",\"url\":\"https:\\\/\\\/enderg.com\\\/\",\"logo\":{\"@type\":\"ImageObject\",\"inLanguage\":\"fr-FR\",\"@id\":\"https:\\\/\\\/enderg.com\\\/#\\\/schema\\\/logo\\\/image\\\/\",\"url\":\"https:\\\/\\\/enderg.com\\\/wp-content\\\/uploads\\\/2023\\\/03\\\/222222222221.png\",\"contentUrl\":\"https:\\\/\\\/enderg.com\\\/wp-content\\\/uploads\\\/2023\\\/03\\\/222222222221.png\",\"width\":512,\"height\":512,\"caption\":\"EnderG\"},\"image\":{\"@id\":\"https:\\\/\\\/enderg.com\\\/#\\\/schema\\\/logo\\\/image\\\/\"},\"sameAs\":[\"https:\\\/\\\/www.facebook.com\\\/Endergg1\\\/\",\"https:\\\/\\\/www.instagram.com\\\/enderg01\",\"https:\\\/\\\/www.youtube.com\\\/@enderg-com\"],\"description\":\"Cheaper Gaming is what we do!\",\"legalName\":\"Vandar Limited\",\"foundingDate\":\"2022-06-21\"}]}<\/script>\n<!-- \/ Yoast SEO Premium plugin. -->","yoast_head_json":{"title":"Campagne remasteris\u00e9e de Call of Duty\u00ae: Modern Warfare\u00ae 2 - EnderG","robots":{"index":"index","follow":"follow","max-snippet":"max-snippet:-1","max-image-preview":"max-image-preview:large","max-video-preview":"max-video-preview:-1"},"canonical":"https:\/\/enderg.com\/fr\/product\/campagne-remasterisee-de-call-of-duty-modern-warfare-2\/","og_locale":"fr_FR","og_type":"article","og_title":"Call of Duty\u00ae: Modern Warfare\u00ae 2 Campaign Remastered","og_description":"INCLUDES the Underwater Demo Team Classic Ghost Bundle, available for use in Call of Duty\u00ae: Modern Warfare\u00ae, including Warzone*. Gear up with one of the most iconic Ghost looks with this Ghost Operator bundle. Bring the intense look and feel of UDT Ghost from the heart-pounding Call of Duty\u00ae: Modern Warfare\u00ae 2 campaign mission &#8216;The [&hellip;]","og_url":"https:\/\/enderg.com\/fr\/product\/campagne-remasterisee-de-call-of-duty-modern-warfare-2\/","og_site_name":"EnderG","article_publisher":"https:\/\/www.facebook.com\/Endergg1\/","article_modified_time":"2024-06-25T22:43:37+00:00","og_image":[{"width":1024,"height":1024,"url":"https:\/\/enderg.com\/wp-content\/uploads\/2022\/08\/raryqz0xAsk3HutslehRAW4A.jpg","type":"image\/jpeg"}],"twitter_card":"summary_large_image","twitter_misc":{"Dur\u00e9e de lecture estim\u00e9e":"2 minutes"},"schema":{"@context":"https:\/\/schema.org","@graph":[{"@type":"WebPage","@id":"https:\/\/enderg.com\/product\/call-of-duty-modern-warfare-2-campaign-remastered\/","url":"https:\/\/enderg.com\/product\/call-of-duty-modern-warfare-2-campaign-remastered\/","name":"Campagne remasteris\u00e9e de Call of Duty\u00ae: Modern Warfare\u00ae 2 - EnderG","isPartOf":{"@id":"https:\/\/enderg.com\/#website"},"primaryImageOfPage":{"@id":"https:\/\/enderg.com\/product\/call-of-duty-modern-warfare-2-campaign-remastered\/#primaryimage"},"image":{"@id":"https:\/\/enderg.com\/product\/call-of-duty-modern-warfare-2-campaign-remastered\/#primaryimage"},"thumbnailUrl":"https:\/\/i0.wp.com\/enderg.com\/wp-content\/uploads\/2022\/08\/raryqz0xAsk3HutslehRAW4A.jpg?fit=1024%2C1024&ssl=1","datePublished":"2022-08-08T18:02:04+00:00","dateModified":"2024-06-25T22:43:37+00:00","breadcrumb":{"@id":"https:\/\/enderg.com\/product\/call-of-duty-modern-warfare-2-campaign-remastered\/#breadcrumb"},"inLanguage":"fr-FR","potentialAction":[{"@type":"ReadAction","target":["https:\/\/enderg.com\/product\/call-of-duty-modern-warfare-2-campaign-remastered\/"]}]},{"@type":"ImageObject","inLanguage":"fr-FR","@id":"https:\/\/enderg.com\/product\/call-of-duty-modern-warfare-2-campaign-remastered\/#primaryimage","url":"https:\/\/i0.wp.com\/enderg.com\/wp-content\/uploads\/2022\/08\/raryqz0xAsk3HutslehRAW4A.jpg?fit=1024%2C1024&ssl=1","contentUrl":"https:\/\/i0.wp.com\/enderg.com\/wp-content\/uploads\/2022\/08\/raryqz0xAsk3HutslehRAW4A.jpg?fit=1024%2C1024&ssl=1","width":1024,"height":1024},{"@type":"BreadcrumbList","@id":"https:\/\/enderg.com\/product\/call-of-duty-modern-warfare-2-campaign-remastered\/#breadcrumb","itemListElement":[{"@type":"ListItem","position":1,"name":"Home","item":"https:\/\/enderg.com\/"},{"@type":"ListItem","position":2,"name":"Shop","item":"https:\/\/enderg.com\/shop\/"},{"@type":"ListItem","position":3,"name":"Call of Duty\u00ae: Modern Warfare\u00ae 2 Campaign Remastered"}]},{"@type":"WebSite","@id":"https:\/\/enderg.com\/#website","url":"https:\/\/enderg.com\/","name":"EnderG","description":"Moins cher, c&#039;est ce que nous faisons\u00a0!","publisher":{"@id":"https:\/\/enderg.com\/#organization"},"potentialAction":[{"@type":"SearchAction","target":{"@type":"EntryPoint","urlTemplate":"https:\/\/enderg.com\/?s={search_term_string}"},"query-input":{"@type":"PropertyValueSpecification","valueRequired":true,"valueName":"search_term_string"}}],"inLanguage":"fr-FR"},{"@type":"Organization","@id":"https:\/\/enderg.com\/#organization","name":"EnderG","url":"https:\/\/enderg.com\/","logo":{"@type":"ImageObject","inLanguage":"fr-FR","@id":"https:\/\/enderg.com\/#\/schema\/logo\/image\/","url":"https:\/\/enderg.com\/wp-content\/uploads\/2023\/03\/222222222221.png","contentUrl":"https:\/\/enderg.com\/wp-content\/uploads\/2023\/03\/222222222221.png","width":512,"height":512,"caption":"EnderG"},"image":{"@id":"https:\/\/enderg.com\/#\/schema\/logo\/image\/"},"sameAs":["https:\/\/www.facebook.com\/Endergg1\/","https:\/\/www.instagram.com\/enderg01","https:\/\/www.youtube.com\/@enderg-com"],"description":"Nous proposons des jeux \u00e0 prix r\u00e9duits !","legalName":"Vandar Limited","foundingDate":"2022-06-21"}]}},"jetpack_publicize_connections":[],"jetpack_likes_enabled":true,"jetpack_sharing_enabled":true,"jetpack-related-posts":[{"id":71852,"url":"https:\/\/enderg.com\/fr\/product\/cod-points-call-of-duty-points\/","url_meta":{"origin":1909,"position":0},"title":"COD Points (Call Of Duty Points)","author":"nazhad722","date":"11\/11\/2025","format":false,"excerpt":"Works For All platforms Xbox, Playstation and PC (Blizzard & Steam) Works Globally, with no restrictions to any country or region in the world! Will be 'Added' to your 'Personal' account.","rel":"","context":"Article similaire","block_context":{"text":"Article similaire","link":""},"img":{"alt_text":"COD Points","src":"https:\/\/i0.wp.com\/enderg.com\/wp-content\/uploads\/2025\/11\/Call-Of-Duty-Points.png?fit=700%2C850&ssl=1&resize=350%2C200","width":350,"height":200,"srcset":"https:\/\/i0.wp.com\/enderg.com\/wp-content\/uploads\/2025\/11\/Call-Of-Duty-Points.png?fit=700%2C850&ssl=1&resize=350%2C200 1x, https:\/\/i0.wp.com\/enderg.com\/wp-content\/uploads\/2025\/11\/Call-Of-Duty-Points.png?fit=700%2C850&ssl=1&resize=525%2C300 1.5x, https:\/\/i0.wp.com\/enderg.com\/wp-content\/uploads\/2025\/11\/Call-Of-Duty-Points.png?fit=700%2C850&ssl=1&resize=700%2C400 2x"},"classes":[]},{"id":1927,"url":"https:\/\/enderg.com\/fr\/product\/call-of-duty-modern-warfare-remastered-2\/","url_meta":{"origin":1909,"position":1},"title":"Call of Duty\u00ae\u00a0: Modern Warfare\u00ae remasteris\u00e9","author":"H722","date":"08\/08\/2022","format":false,"excerpt":"Fast Delivery Delivery can take 5 to 20 minutes, according to your place in our queueYour Order will be \u2018Auto Refunded\u2019 in case it does not get delivered after 12 hours! How To Activate 1- Open up a VPN and connect to the server specified in your email after placing\u2026","rel":"","context":"Article similaire","block_context":{"text":"Article similaire","link":""},"img":{"alt_text":"","src":"https:\/\/i0.wp.com\/enderg.com\/wp-content\/uploads\/2022\/08\/2iR9UJ4nCRHgmy43kgACqSx3I0tMZrHlguvGWvDeJjkGq5UJXw1ibERIe0lzt4s3-1.jpg?fit=1024%2C1024&ssl=1&resize=350%2C200","width":350,"height":200,"srcset":"https:\/\/i0.wp.com\/enderg.com\/wp-content\/uploads\/2022\/08\/2iR9UJ4nCRHgmy43kgACqSx3I0tMZrHlguvGWvDeJjkGq5UJXw1ibERIe0lzt4s3-1.jpg?fit=1024%2C1024&ssl=1&resize=350%2C200 1x, https:\/\/i0.wp.com\/enderg.com\/wp-content\/uploads\/2022\/08\/2iR9UJ4nCRHgmy43kgACqSx3I0tMZrHlguvGWvDeJjkGq5UJXw1ibERIe0lzt4s3-1.jpg?fit=1024%2C1024&ssl=1&resize=525%2C300 1.5x, https:\/\/i0.wp.com\/enderg.com\/wp-content\/uploads\/2022\/08\/2iR9UJ4nCRHgmy43kgACqSx3I0tMZrHlguvGWvDeJjkGq5UJXw1ibERIe0lzt4s3-1.jpg?fit=1024%2C1024&ssl=1&resize=700%2C400 2x"},"classes":[]},{"id":1915,"url":"https:\/\/enderg.com\/fr\/product\/call-of-duty-modern-warfare-ii\/","url_meta":{"origin":1909,"position":2},"title":"Call of Duty\u00ae: Modern Warfare\u00ae II","author":"H722","date":"08\/08\/2022","format":false,"excerpt":"Fast Delivery Delivery can take 5 to 20 minutes, according to your place in our queueYour Order will be \u2018Auto Refunded\u2019 in case it does not get delivered after 12 hours! How To Activate 1- Open up a VPN and connect to the server specified in your email after placing\u2026","rel":"","context":"Article similaire","block_context":{"text":"Article similaire","link":""},"img":{"alt_text":"","src":"https:\/\/i0.wp.com\/enderg.com\/wp-content\/uploads\/2022\/08\/imageedit_8_5559072963_dee69f2a-59fe-4a7b-b2f9-065141502de0-1.jpg?fit=720%2C900&ssl=1&resize=350%2C200","width":350,"height":200,"srcset":"https:\/\/i0.wp.com\/enderg.com\/wp-content\/uploads\/2022\/08\/imageedit_8_5559072963_dee69f2a-59fe-4a7b-b2f9-065141502de0-1.jpg?fit=720%2C900&ssl=1&resize=350%2C200 1x, https:\/\/i0.wp.com\/enderg.com\/wp-content\/uploads\/2022\/08\/imageedit_8_5559072963_dee69f2a-59fe-4a7b-b2f9-065141502de0-1.jpg?fit=720%2C900&ssl=1&resize=525%2C300 1.5x, https:\/\/i0.wp.com\/enderg.com\/wp-content\/uploads\/2022\/08\/imageedit_8_5559072963_dee69f2a-59fe-4a7b-b2f9-065141502de0-1.jpg?fit=720%2C900&ssl=1&resize=700%2C400 2x"},"classes":[]},{"id":369,"url":"https:\/\/enderg.com\/fr\/product\/call-of-duty-modern-warfare-2\/","url_meta":{"origin":1909,"position":3},"title":"Call of Duty\u00ae: Modern Warfare\u00ae 2","author":"H722","date":"08\/09\/2023","format":false,"excerpt":"Fast Delivery 5-10 minutes after your order goes through, you will receive an email containing the Account info & instructions you need to play! How To Activate After placing Your order You will receive login credentials to a new xbox account with the game purchased.Learn how to share your games\u2026","rel":"","context":"Article similaire","block_context":{"text":"Article similaire","link":""},"img":{"alt_text":"","src":"https:\/\/i0.wp.com\/enderg.com\/wp-content\/uploads\/2022\/08\/MV5BNTgwYjBhYzctMzFlOC00ZTY5LTgyNTUtMjQ2YWRkZDIyODU5XkEyXkFqcGdeQXVyMTA0MTM5NjI2._V1_FMjpg_UX1000.jpg?fit=800%2C1200&ssl=1&resize=350%2C200","width":350,"height":200,"srcset":"https:\/\/i0.wp.com\/enderg.com\/wp-content\/uploads\/2022\/08\/MV5BNTgwYjBhYzctMzFlOC00ZTY5LTgyNTUtMjQ2YWRkZDIyODU5XkEyXkFqcGdeQXVyMTA0MTM5NjI2._V1_FMjpg_UX1000.jpg?fit=800%2C1200&ssl=1&resize=350%2C200 1x, https:\/\/i0.wp.com\/enderg.com\/wp-content\/uploads\/2022\/08\/MV5BNTgwYjBhYzctMzFlOC00ZTY5LTgyNTUtMjQ2YWRkZDIyODU5XkEyXkFqcGdeQXVyMTA0MTM5NjI2._V1_FMjpg_UX1000.jpg?fit=800%2C1200&ssl=1&resize=525%2C300 1.5x, https:\/\/i0.wp.com\/enderg.com\/wp-content\/uploads\/2022\/08\/MV5BNTgwYjBhYzctMzFlOC00ZTY5LTgyNTUtMjQ2YWRkZDIyODU5XkEyXkFqcGdeQXVyMTA0MTM5NjI2._V1_FMjpg_UX1000.jpg?fit=800%2C1200&ssl=1&resize=700%2C400 2x"},"classes":[]},{"id":1846,"url":"https:\/\/enderg.com\/fr\/product\/call-of-duty-4-modern-warfare\/","url_meta":{"origin":1909,"position":4},"title":"Call of Duty 4 Modern Warfare","author":"H722","date":"08\/09\/2023","format":false,"excerpt":"Fast Delivery 5-10 minutes after your order goes through, you will receive an email containing the Account info & instructions you need to play! How To Activate After placing Your order You will receive login credentials to a new xbox account with the game purchased. Learn how to share your\u2026","rel":"","context":"Article similaire","block_context":{"text":"Article similaire","link":""},"img":{"alt_text":"","src":"https:\/\/i0.wp.com\/enderg.com\/wp-content\/uploads\/2022\/08\/Call_of_Duty_4_Modern_Warfare_8bdac2a6-84dd-42f1-9009-ff127ea40dd0.jpg?fit=220%2C320&ssl=1&resize=350%2C200","width":350,"height":200},"classes":[]},{"id":375,"url":"https:\/\/enderg.com\/fr\/product\/call-of-duty-modern-warfare-3\/","url_meta":{"origin":1909,"position":5},"title":"Call of Duty\u00ae: Modern Warfare\u00ae 3","author":"H722","date":"08\/09\/2023","format":false,"excerpt":"Fast Delivery 5-10 minutes after your order goes through, you will receive an email containing the Account info & instructions you need to play! How To Activate After placing Your order You will receive login credentials to a new xbox account with the game purchased.Learn how to share your games\u2026","rel":"","context":"Article similaire","block_context":{"text":"Article similaire","link":""},"img":{"alt_text":"","src":"https:\/\/i0.wp.com\/enderg.com\/wp-content\/uploads\/2022\/08\/MV5BNGZhZmViOTEtYjRhOC00M2Q0LWI5ZDUtZGRkOWM5ZTc5YWYwXkEyXkFqcGdeQXVyMTI0MzA4NTgw._V1_FMjpg_UX1000.jpg?fit=847%2C1200&ssl=1&resize=350%2C200","width":350,"height":200,"srcset":"https:\/\/i0.wp.com\/enderg.com\/wp-content\/uploads\/2022\/08\/MV5BNGZhZmViOTEtYjRhOC00M2Q0LWI5ZDUtZGRkOWM5ZTc5YWYwXkEyXkFqcGdeQXVyMTI0MzA4NTgw._V1_FMjpg_UX1000.jpg?fit=847%2C1200&ssl=1&resize=350%2C200 1x, https:\/\/i0.wp.com\/enderg.com\/wp-content\/uploads\/2022\/08\/MV5BNGZhZmViOTEtYjRhOC00M2Q0LWI5ZDUtZGRkOWM5ZTc5YWYwXkEyXkFqcGdeQXVyMTI0MzA4NTgw._V1_FMjpg_UX1000.jpg?fit=847%2C1200&ssl=1&resize=525%2C300 1.5x, https:\/\/i0.wp.com\/enderg.com\/wp-content\/uploads\/2022\/08\/MV5BNGZhZmViOTEtYjRhOC00M2Q0LWI5ZDUtZGRkOWM5ZTc5YWYwXkEyXkFqcGdeQXVyMTI0MzA4NTgw._V1_FMjpg_UX1000.jpg?fit=847%2C1200&ssl=1&resize=700%2C400 2x"},"classes":[]}],"_links":{"self":[{"href":"https:\/\/enderg.com\/fr\/wp-json\/wp\/v2\/product\/1909","targetHints":{"allow":["GET"]}}],"collection":[{"href":"https:\/\/enderg.com\/fr\/wp-json\/wp\/v2\/product"}],"about":[{"href":"https:\/\/enderg.com\/fr\/wp-json\/wp\/v2\/types\/product"}],"replies":[{"embeddable":true,"href":"https:\/\/enderg.com\/fr\/wp-json\/wp\/v2\/comments?post=1909"}],"version-history":[{"count":1,"href":"https:\/\/enderg.com\/fr\/wp-json\/wp\/v2\/product\/1909\/revisions"}],"predecessor-version":[{"id":3188,"href":"https:\/\/enderg.com\/fr\/wp-json\/wp\/v2\/product\/1909\/revisions\/3188"}],"wp:featuredmedia":[{"embeddable":true,"href":"https:\/\/enderg.com\/fr\/wp-json\/wp\/v2\/media\/2231"}],"wp:attachment":[{"href":"https:\/\/enderg.com\/fr\/wp-json\/wp\/v2\/media?parent=1909"}],"wp:term":[{"taxonomy":"product_brand","embeddable":true,"href":"https:\/\/enderg.com\/fr\/wp-json\/wp\/v2\/product_brand?post=1909"},{"taxonomy":"product_cat","embeddable":true,"href":"https:\/\/enderg.com\/fr\/wp-json\/wp\/v2\/product_cat?post=1909"},{"taxonomy":"product_tag","embeddable":true,"href":"https:\/\/enderg.com\/fr\/wp-json\/wp\/v2\/product_tag?post=1909"}],"curies":[{"name":"wp","href":"https:\/\/api.w.org\/{rel}","templated":true}]}}