{"id":8009,"date":"2023-04-25T01:21:57","date_gmt":"2023-04-24T22:21:57","guid":{"rendered":"https:\/\/enderg.com\/?post_type=product&#038;p=8009"},"modified":"2024-06-26T01:32:39","modified_gmt":"2024-06-25T22:32:39","slug":"sudden-strike-4","status":"publish","type":"product","link":"https:\/\/enderg.com\/es\/product\/sudden-strike-4\/","title":{"rendered":"Sudden Strike 4"},"content":{"rendered":"<div data-elementor-type=\"wp-post\" data-elementor-id=\"8009\" class=\"elementor elementor-8009\" data-elementor-post-type=\"product\">\n\t\t\t\t\t\t<section class=\"elementor-section elementor-top-section elementor-element elementor-element-5463f7c8 elementor-section-boxed elementor-section-height-default elementor-section-height-default\" data-id=\"5463f7c8\" data-element_type=\"section\" data-e-type=\"section\">\n\t\t\t\t\t\t<div class=\"elementor-container elementor-column-gap-default\">\n\t\t\t\t\t<div class=\"elementor-column elementor-col-100 elementor-top-column elementor-element elementor-element-7e4af85e\" data-id=\"7e4af85e\" data-element_type=\"column\" data-e-type=\"column\">\n\t\t\t<div class=\"elementor-widget-wrap elementor-element-populated\">\n\t\t\t\t\t\t<div class=\"elementor-element elementor-element-44b97c8d elementor-widget elementor-widget-accordion\" data-id=\"44b97c8d\" data-element_type=\"widget\" data-e-type=\"widget\" data-widget_type=\"accordion.default\">\n\t\t\t\t<div class=\"elementor-widget-container\">\n\t\t\t\t\t\t\t<div class=\"elementor-accordion\">\n\t\t\t\t\t\t\t<div class=\"elementor-accordion-item\">\n\t\t\t\t\t<h4 id=\"elementor-tab-title-1151\" class=\"elementor-tab-title\" data-tab=\"1\" role=\"button\" aria-controls=\"elementor-tab-content-1151\" aria-expanded=\"false\">\n\t\t\t\t\t\t\t\t\t\t\t\t\t<span class=\"elementor-accordion-icon elementor-accordion-icon-left\" aria-hidden=\"true\">\n\t\t\t\t\t\t\t\t\t\t\t\t\t\t\t<span class=\"elementor-accordion-icon-closed\"><i class=\"fas fa-truck\"><\/i><\/span>\n\t\t\t\t\t\t\t\t<span class=\"elementor-accordion-icon-opened\"><i class=\"fas fa-truck\"><\/i><\/span>\n\t\t\t\t\t\t\t\t\t\t\t\t\t\t<\/span>\n\t\t\t\t\t\t\t\t\t\t\t\t<a class=\"elementor-accordion-title\" tabindex=\"0\">Entrega r\u00e1pida<\/a>\n\t\t\t\t\t<\/h4>\n\t\t\t\t\t<div id=\"elementor-tab-content-1151\" class=\"elementor-tab-content elementor-clearfix\" data-tab=\"1\" role=\"region\" aria-labelledby=\"elementor-tab-title-1151\"><p>La entrega puede demorar de 5 a 20 minutos, seg\u00fan su lugar en nuestra cola<\/p><p>Su pedido ser\u00e1 'reembolsado autom\u00e1ticamente' en caso de que no se entregue despu\u00e9s de 12 horas!<\/p><\/div>\n\t\t\t\t<\/div>\n\t\t\t\t\t\t\t\t<\/div>\n\t\t\t\t\t\t<\/div>\n\t\t\t\t<\/div>\n\t\t\t\t\t<\/div>\n\t\t<\/div>\n\t\t\t\t\t<\/div>\n\t\t<\/section>\n\t\t\t\t<\/div>","protected":false},"excerpt":{"rendered":"<p>Entrega r\u00e1pida La entrega puede tardar entre 5 y 20 minutos, seg\u00fan su lugar en nuestra cola. \u00a1Su pedido ser\u00e1 &#039;reembolsado autom\u00e1ticamente&#039; en caso de que no se entregue despu\u00e9s de 12 horas!<\/p>","protected":false},"featured_media":8011,"comment_status":"open","ping_status":"closed","template":"","meta":{"_crdt_document":"","jetpack_publicize_message":"","jetpack_publicize_feature_enabled":true,"jetpack_social_post_already_shared":true,"jetpack_social_options":{"image_generator_settings":{"template":"highway","default_image_id":0,"font":"","enabled":false},"version":2},"_wpas_customize_per_network":false},"product_brand":[],"product_cat":[1375,1377,1374],"product_tag":[],"class_list":{"0":"post-8009","1":"product","2":"type-product","3":"status-publish","4":"has-post-thumbnail","6":"product_cat-pc","7":"product_cat-playstation","8":"product_cat-xbox","10":"first","11":"outofstock","12":"sale","13":"taxable","14":"shipping-taxable","15":"purchasable","16":"product-type-variable","17":"has-default-attributes"},"yoast_head":"<!-- This site is optimized with the Yoast SEO Premium plugin v27.6 (Yoast SEO v27.6) - https:\/\/yoast.com\/product\/yoast-seo-premium-wordpress\/ -->\n<title>Sudden Strike 4 - EnderG<\/title>\n<meta name=\"robots\" content=\"index, follow, max-snippet:-1, max-image-preview:large, max-video-preview:-1\" \/>\n<link rel=\"canonical\" href=\"https:\/\/enderg.com\/es\/product\/sudden-strike-4\/\" \/>\n<meta property=\"og:locale\" content=\"es_ES\" \/>\n<meta property=\"og:type\" content=\"article\" \/>\n<meta property=\"og:title\" content=\"Sudden Strike 4\" \/>\n<meta property=\"og:description\" content=\"Fast Delivery Delivery can take 5 to 20 minutes, according to your place in our queue Your Order will be \u2018Auto Refunded\u2019 in case it does not get delivered after 12 hours!\" \/>\n<meta property=\"og:url\" content=\"https:\/\/enderg.com\/es\/product\/sudden-strike-4\/\" \/>\n<meta property=\"og:site_name\" content=\"EnderG\" \/>\n<meta property=\"article:publisher\" content=\"https:\/\/www.facebook.com\/Endergg1\/\" \/>\n<meta property=\"article:modified_time\" content=\"2024-06-25T22:32:39+00:00\" \/>\n<meta property=\"og:image\" content=\"https:\/\/i0.wp.com\/enderg.com\/wp-content\/uploads\/2023\/04\/Sudden_Strike_4_cover.jpg?fit=316%2C316&ssl=1\" \/>\n\t<meta property=\"og:image:width\" content=\"316\" \/>\n\t<meta property=\"og:image:height\" content=\"316\" \/>\n\t<meta property=\"og:image:type\" content=\"image\/jpeg\" \/>\n<meta name=\"twitter:card\" content=\"summary_large_image\" \/>\n<script type=\"application\/ld+json\" class=\"yoast-schema-graph\">{\"@context\":\"https:\\\/\\\/schema.org\",\"@graph\":[{\"@type\":\"WebPage\",\"@id\":\"https:\\\/\\\/enderg.com\\\/product\\\/sudden-strike-4\\\/\",\"url\":\"https:\\\/\\\/enderg.com\\\/product\\\/sudden-strike-4\\\/\",\"name\":\"Sudden Strike 4 - EnderG\",\"isPartOf\":{\"@id\":\"https:\\\/\\\/enderg.com\\\/#website\"},\"primaryImageOfPage\":{\"@id\":\"https:\\\/\\\/enderg.com\\\/product\\\/sudden-strike-4\\\/#primaryimage\"},\"image\":{\"@id\":\"https:\\\/\\\/enderg.com\\\/product\\\/sudden-strike-4\\\/#primaryimage\"},\"thumbnailUrl\":\"https:\\\/\\\/i0.wp.com\\\/enderg.com\\\/wp-content\\\/uploads\\\/2023\\\/04\\\/Sudden_Strike_4_cover.jpg?fit=316%2C316&ssl=1\",\"datePublished\":\"2023-04-24T22:21:57+00:00\",\"dateModified\":\"2024-06-25T22:32:39+00:00\",\"breadcrumb\":{\"@id\":\"https:\\\/\\\/enderg.com\\\/product\\\/sudden-strike-4\\\/#breadcrumb\"},\"inLanguage\":\"es\",\"potentialAction\":[{\"@type\":\"ReadAction\",\"target\":[\"https:\\\/\\\/enderg.com\\\/product\\\/sudden-strike-4\\\/\"]}]},{\"@type\":\"ImageObject\",\"inLanguage\":\"es\",\"@id\":\"https:\\\/\\\/enderg.com\\\/product\\\/sudden-strike-4\\\/#primaryimage\",\"url\":\"https:\\\/\\\/i0.wp.com\\\/enderg.com\\\/wp-content\\\/uploads\\\/2023\\\/04\\\/Sudden_Strike_4_cover.jpg?fit=316%2C316&ssl=1\",\"contentUrl\":\"https:\\\/\\\/i0.wp.com\\\/enderg.com\\\/wp-content\\\/uploads\\\/2023\\\/04\\\/Sudden_Strike_4_cover.jpg?fit=316%2C316&ssl=1\",\"width\":316,\"height\":316},{\"@type\":\"BreadcrumbList\",\"@id\":\"https:\\\/\\\/enderg.com\\\/product\\\/sudden-strike-4\\\/#breadcrumb\",\"itemListElement\":[{\"@type\":\"ListItem\",\"position\":1,\"name\":\"Home\",\"item\":\"https:\\\/\\\/enderg.com\\\/\"},{\"@type\":\"ListItem\",\"position\":2,\"name\":\"Shop\",\"item\":\"https:\\\/\\\/enderg.com\\\/shop\\\/\"},{\"@type\":\"ListItem\",\"position\":3,\"name\":\"Sudden Strike 4\"}]},{\"@type\":\"WebSite\",\"@id\":\"https:\\\/\\\/enderg.com\\\/#website\",\"url\":\"https:\\\/\\\/enderg.com\\\/\",\"name\":\"EnderG\",\"description\":\"Cheaper Is What We Do!\",\"publisher\":{\"@id\":\"https:\\\/\\\/enderg.com\\\/#organization\"},\"potentialAction\":[{\"@type\":\"SearchAction\",\"target\":{\"@type\":\"EntryPoint\",\"urlTemplate\":\"https:\\\/\\\/enderg.com\\\/?s={search_term_string}\"},\"query-input\":{\"@type\":\"PropertyValueSpecification\",\"valueRequired\":true,\"valueName\":\"search_term_string\"}}],\"inLanguage\":\"es\"},{\"@type\":\"Organization\",\"@id\":\"https:\\\/\\\/enderg.com\\\/#organization\",\"name\":\"EnderG\",\"url\":\"https:\\\/\\\/enderg.com\\\/\",\"logo\":{\"@type\":\"ImageObject\",\"inLanguage\":\"es\",\"@id\":\"https:\\\/\\\/enderg.com\\\/#\\\/schema\\\/logo\\\/image\\\/\",\"url\":\"https:\\\/\\\/enderg.com\\\/wp-content\\\/uploads\\\/2023\\\/03\\\/222222222221.png\",\"contentUrl\":\"https:\\\/\\\/enderg.com\\\/wp-content\\\/uploads\\\/2023\\\/03\\\/222222222221.png\",\"width\":512,\"height\":512,\"caption\":\"EnderG\"},\"image\":{\"@id\":\"https:\\\/\\\/enderg.com\\\/#\\\/schema\\\/logo\\\/image\\\/\"},\"sameAs\":[\"https:\\\/\\\/www.facebook.com\\\/Endergg1\\\/\",\"https:\\\/\\\/www.instagram.com\\\/enderg01\",\"https:\\\/\\\/www.youtube.com\\\/@enderg-com\"],\"description\":\"Cheaper Gaming is what we do!\",\"legalName\":\"Vandar Limited\",\"foundingDate\":\"2022-06-21\"}]}<\/script>\n<!-- \/ Yoast SEO Premium plugin. -->","yoast_head_json":{"title":"Sudden Strike 4 - EnderG","robots":{"index":"index","follow":"follow","max-snippet":"max-snippet:-1","max-image-preview":"max-image-preview:large","max-video-preview":"max-video-preview:-1"},"canonical":"https:\/\/enderg.com\/es\/product\/sudden-strike-4\/","og_locale":"es_ES","og_type":"article","og_title":"Sudden Strike 4","og_description":"Fast Delivery Delivery can take 5 to 20 minutes, according to your place in our queue Your Order will be \u2018Auto Refunded\u2019 in case it does not get delivered after 12 hours!","og_url":"https:\/\/enderg.com\/es\/product\/sudden-strike-4\/","og_site_name":"EnderG","article_publisher":"https:\/\/www.facebook.com\/Endergg1\/","article_modified_time":"2024-06-25T22:32:39+00:00","og_image":[{"width":316,"height":316,"url":"https:\/\/i0.wp.com\/enderg.com\/wp-content\/uploads\/2023\/04\/Sudden_Strike_4_cover.jpg?fit=316%2C316&ssl=1","type":"image\/jpeg"}],"twitter_card":"summary_large_image","schema":{"@context":"https:\/\/schema.org","@graph":[{"@type":"WebPage","@id":"https:\/\/enderg.com\/product\/sudden-strike-4\/","url":"https:\/\/enderg.com\/product\/sudden-strike-4\/","name":"Sudden Strike 4 - EnderG","isPartOf":{"@id":"https:\/\/enderg.com\/#website"},"primaryImageOfPage":{"@id":"https:\/\/enderg.com\/product\/sudden-strike-4\/#primaryimage"},"image":{"@id":"https:\/\/enderg.com\/product\/sudden-strike-4\/#primaryimage"},"thumbnailUrl":"https:\/\/i0.wp.com\/enderg.com\/wp-content\/uploads\/2023\/04\/Sudden_Strike_4_cover.jpg?fit=316%2C316&ssl=1","datePublished":"2023-04-24T22:21:57+00:00","dateModified":"2024-06-25T22:32:39+00:00","breadcrumb":{"@id":"https:\/\/enderg.com\/product\/sudden-strike-4\/#breadcrumb"},"inLanguage":"es","potentialAction":[{"@type":"ReadAction","target":["https:\/\/enderg.com\/product\/sudden-strike-4\/"]}]},{"@type":"ImageObject","inLanguage":"es","@id":"https:\/\/enderg.com\/product\/sudden-strike-4\/#primaryimage","url":"https:\/\/i0.wp.com\/enderg.com\/wp-content\/uploads\/2023\/04\/Sudden_Strike_4_cover.jpg?fit=316%2C316&ssl=1","contentUrl":"https:\/\/i0.wp.com\/enderg.com\/wp-content\/uploads\/2023\/04\/Sudden_Strike_4_cover.jpg?fit=316%2C316&ssl=1","width":316,"height":316},{"@type":"BreadcrumbList","@id":"https:\/\/enderg.com\/product\/sudden-strike-4\/#breadcrumb","itemListElement":[{"@type":"ListItem","position":1,"name":"Home","item":"https:\/\/enderg.com\/"},{"@type":"ListItem","position":2,"name":"Shop","item":"https:\/\/enderg.com\/shop\/"},{"@type":"ListItem","position":3,"name":"Sudden Strike 4"}]},{"@type":"WebSite","@id":"https:\/\/enderg.com\/#website","url":"https:\/\/enderg.com\/","name":"EnderG","description":"\u00a1M\u00e1s barato es lo que hacemos!","publisher":{"@id":"https:\/\/enderg.com\/#organization"},"potentialAction":[{"@type":"SearchAction","target":{"@type":"EntryPoint","urlTemplate":"https:\/\/enderg.com\/?s={search_term_string}"},"query-input":{"@type":"PropertyValueSpecification","valueRequired":true,"valueName":"search_term_string"}}],"inLanguage":"es"},{"@type":"Organization","@id":"https:\/\/enderg.com\/#organization","name":"EnderG","url":"https:\/\/enderg.com\/","logo":{"@type":"ImageObject","inLanguage":"es","@id":"https:\/\/enderg.com\/#\/schema\/logo\/image\/","url":"https:\/\/enderg.com\/wp-content\/uploads\/2023\/03\/222222222221.png","contentUrl":"https:\/\/enderg.com\/wp-content\/uploads\/2023\/03\/222222222221.png","width":512,"height":512,"caption":"EnderG"},"image":{"@id":"https:\/\/enderg.com\/#\/schema\/logo\/image\/"},"sameAs":["https:\/\/www.facebook.com\/Endergg1\/","https:\/\/www.instagram.com\/enderg01","https:\/\/www.youtube.com\/@enderg-com"],"description":"\u00a1Juegos m\u00e1s baratos es lo que hacemos!","legalName":"Vandar Limited","foundingDate":"2022-06-21"}]}},"jetpack_publicize_connections":[],"jetpack_likes_enabled":true,"jetpack_sharing_enabled":true,"jetpack-related-posts":[{"id":12922,"url":"https:\/\/enderg.com\/es\/product\/buy-cheap-call-of-duty-modern-warfare-3\/","url_meta":{"origin":8009,"position":0},"title":"Call of Duty: Modern Warfare III (1 activaci\u00f3n global)","author":"nazhad722","date":"26\/12\/2023","format":false,"excerpt":"Fast Delivery Orders will be sent out as quick as possible during our business hours! From\u00a09 AM to 11:59 PM GMT How To Activate Upon Delivery you will receive the \u2018Subscription\u2019 or \u2018Game\u2019 you ordered, but needs to be activated by \u2018Adding\u2019 a \u2018New Account\u2019 to your console. Save more\u2026","rel":"","context":"Entrada similar","block_context":{"text":"Entrada similar","link":""},"img":{"alt_text":"","src":"https:\/\/i0.wp.com\/enderg.com\/wp-content\/uploads\/2023\/08\/wadawdawd.jpg?fit=1200%2C683&ssl=1&resize=350%2C200","width":350,"height":200,"srcset":"https:\/\/i0.wp.com\/enderg.com\/wp-content\/uploads\/2023\/08\/wadawdawd.jpg?fit=1200%2C683&ssl=1&resize=350%2C200 1x, https:\/\/i0.wp.com\/enderg.com\/wp-content\/uploads\/2023\/08\/wadawdawd.jpg?fit=1200%2C683&ssl=1&resize=525%2C300 1.5x, https:\/\/i0.wp.com\/enderg.com\/wp-content\/uploads\/2023\/08\/wadawdawd.jpg?fit=1200%2C683&ssl=1&resize=700%2C400 2x, https:\/\/i0.wp.com\/enderg.com\/wp-content\/uploads\/2023\/08\/wadawdawd.jpg?fit=1200%2C683&ssl=1&resize=1050%2C600 3x"},"classes":[]},{"id":12927,"url":"https:\/\/enderg.com\/es\/product\/buy-cheap-ea-sports-fc-24\/","url_meta":{"origin":8009,"position":1},"title":"EA SPORTS FC 24 (1 activaci\u00f3n global)","author":"nazhad722","date":"26\/12\/2023","format":false,"excerpt":"Fast Delivery Orders will be sent out as quick as possible during our business hours! From\u00a09 AM to 11:59 PM GMT How To Activate Upon Delivery you will receive the \u2018Subscription\u2019 or \u2018Game\u2019 you ordered, but needs to be activated by \u2018Adding\u2019 a \u2018New Account\u2019 to your console. Save more\u2026","rel":"","context":"Entrada similar","block_context":{"text":"Entrada similar","link":""},"img":{"alt_text":"","src":"https:\/\/i0.wp.com\/enderg.com\/wp-content\/uploads\/2023\/08\/ea-23-4.jpg?fit=380%2C509&ssl=1&resize=350%2C200","width":350,"height":200},"classes":[]},{"id":12937,"url":"https:\/\/enderg.com\/es\/product\/buy-cheap-god-of-war-ragnarok\/","url_meta":{"origin":8009,"position":2},"title":"God of War Ragnarok (1 activaci\u00f3n global)","author":"nazhad722","date":"26\/12\/2023","format":false,"excerpt":"Fast Delivery Orders will be sent out as quick as possible during our business hours! From\u00a09 AM to 11:59 PM GMT How To Activate Upon Delivery you will receive the \u2018Subscription\u2019 or \u2018Game\u2019 you ordered, but needs to be activated by \u2018Adding\u2019 a \u2018New Account\u2019 to your console.Save more than\u2026","rel":"","context":"Entrada similar","block_context":{"text":"Entrada similar","link":""},"img":{"alt_text":"","src":"https:\/\/i0.wp.com\/enderg.com\/wp-content\/uploads\/2023\/04\/4xJ8XB3bi888QTLZYdl7Oi0s.jpg?fit=1024%2C1024&ssl=1&resize=350%2C200","width":350,"height":200,"srcset":"https:\/\/i0.wp.com\/enderg.com\/wp-content\/uploads\/2023\/04\/4xJ8XB3bi888QTLZYdl7Oi0s.jpg?fit=1024%2C1024&ssl=1&resize=350%2C200 1x, https:\/\/i0.wp.com\/enderg.com\/wp-content\/uploads\/2023\/04\/4xJ8XB3bi888QTLZYdl7Oi0s.jpg?fit=1024%2C1024&ssl=1&resize=525%2C300 1.5x, https:\/\/i0.wp.com\/enderg.com\/wp-content\/uploads\/2023\/04\/4xJ8XB3bi888QTLZYdl7Oi0s.jpg?fit=1024%2C1024&ssl=1&resize=700%2C400 2x"},"classes":[]},{"id":13963,"url":"https:\/\/enderg.com\/es\/product\/buy-cheap-tekken-8-1-global-activation\/","url_meta":{"origin":8009,"position":3},"title":"Tekken 8 (1 activaci\u00f3n global) PS5","author":"nazhad722","date":"28\/01\/2024","format":false,"excerpt":"Fast Delivery Orders will be sent out as quick as possible during our business hours! From\u00a09 AM to 11:59 PM GMT How To Activate Upon Delivery you will receive the \u2018Subscription\u2019 or \u2018Game\u2019 you ordered, but needs to be activated by \u2018Adding\u2019 a \u2018New Account\u2019 to your console. Save more\u2026","rel":"","context":"Entrada similar","block_context":{"text":"Entrada similar","link":""},"img":{"alt_text":"","src":"https:\/\/i0.wp.com\/enderg.com\/wp-content\/uploads\/2024\/01\/04S9doVJzhHa0OE8o8wax88S.webp?fit=1024%2C1024&ssl=1&resize=350%2C200","width":350,"height":200,"srcset":"https:\/\/i0.wp.com\/enderg.com\/wp-content\/uploads\/2024\/01\/04S9doVJzhHa0OE8o8wax88S.webp?fit=1024%2C1024&ssl=1&resize=350%2C200 1x, https:\/\/i0.wp.com\/enderg.com\/wp-content\/uploads\/2024\/01\/04S9doVJzhHa0OE8o8wax88S.webp?fit=1024%2C1024&ssl=1&resize=525%2C300 1.5x, https:\/\/i0.wp.com\/enderg.com\/wp-content\/uploads\/2024\/01\/04S9doVJzhHa0OE8o8wax88S.webp?fit=1024%2C1024&ssl=1&resize=700%2C400 2x"},"classes":[]},{"id":11436,"url":"https:\/\/enderg.com\/es\/product\/marvels-spider-man-2\/","url_meta":{"origin":8009,"position":4},"title":"Marvel&#039;s Spider-Man 2","author":"nazhad722","date":"28\/09\/2023","format":false,"excerpt":"Fast Delivery 5-10 minutes after your order goes through, you will receive an email containing the Key\/Code to redeem on your own account or the Account info & instructions you need to Activate, depending on the platform you buy the game for! How To Activate Upon Delivery you will receive\u2026","rel":"","context":"Entrada similar","block_context":{"text":"Entrada similar","link":""},"img":{"alt_text":"","src":"https:\/\/i0.wp.com\/enderg.com\/wp-content\/uploads\/2023\/09\/cover_large-e1695930545262.webp?fit=600%2C671&ssl=1&resize=350%2C200","width":350,"height":200,"srcset":"https:\/\/i0.wp.com\/enderg.com\/wp-content\/uploads\/2023\/09\/cover_large-e1695930545262.webp?fit=600%2C671&ssl=1&resize=350%2C200 1x, https:\/\/i0.wp.com\/enderg.com\/wp-content\/uploads\/2023\/09\/cover_large-e1695930545262.webp?fit=600%2C671&ssl=1&resize=525%2C300 1.5x"},"classes":[]},{"id":14907,"url":"https:\/\/enderg.com\/es\/product\/buy-cheap-assassins-creed-valhalla\/","url_meta":{"origin":8009,"position":5},"title":"Assassin&#039;s Creed Valhalla","author":"nazhad722","date":"14\/02\/2024","format":false,"excerpt":"Save almost half of the regular price! Works Globally, with no restrictions to any country or region in the world! Can be 'Added' to your 'Own Main' account as well as accounts of 'Family & Friends' who use your console! Can be 'Added' to 1 Console! 1 PS4 or 1\u2026","rel":"","context":"Entrada similar","block_context":{"text":"Entrada similar","link":""},"img":{"alt_text":"","src":"https:\/\/i0.wp.com\/enderg.com\/wp-content\/uploads\/2024\/02\/assassin-s-creed-valhalla-standard-edition-i97796.jpg?fit=800%2C1200&ssl=1&resize=350%2C200","width":350,"height":200,"srcset":"https:\/\/i0.wp.com\/enderg.com\/wp-content\/uploads\/2024\/02\/assassin-s-creed-valhalla-standard-edition-i97796.jpg?fit=800%2C1200&ssl=1&resize=350%2C200 1x, https:\/\/i0.wp.com\/enderg.com\/wp-content\/uploads\/2024\/02\/assassin-s-creed-valhalla-standard-edition-i97796.jpg?fit=800%2C1200&ssl=1&resize=525%2C300 1.5x, https:\/\/i0.wp.com\/enderg.com\/wp-content\/uploads\/2024\/02\/assassin-s-creed-valhalla-standard-edition-i97796.jpg?fit=800%2C1200&ssl=1&resize=700%2C400 2x"},"classes":[]}],"_links":{"self":[{"href":"https:\/\/enderg.com\/es\/wp-json\/wp\/v2\/product\/8009","targetHints":{"allow":["GET"]}}],"collection":[{"href":"https:\/\/enderg.com\/es\/wp-json\/wp\/v2\/product"}],"about":[{"href":"https:\/\/enderg.com\/es\/wp-json\/wp\/v2\/types\/product"}],"replies":[{"embeddable":true,"href":"https:\/\/enderg.com\/es\/wp-json\/wp\/v2\/comments?post=8009"}],"version-history":[{"count":7,"href":"https:\/\/enderg.com\/es\/wp-json\/wp\/v2\/product\/8009\/revisions"}],"predecessor-version":[{"id":9005,"href":"https:\/\/enderg.com\/es\/wp-json\/wp\/v2\/product\/8009\/revisions\/9005"}],"wp:featuredmedia":[{"embeddable":true,"href":"https:\/\/enderg.com\/es\/wp-json\/wp\/v2\/media\/8011"}],"wp:attachment":[{"href":"https:\/\/enderg.com\/es\/wp-json\/wp\/v2\/media?parent=8009"}],"wp:term":[{"taxonomy":"product_brand","embeddable":true,"href":"https:\/\/enderg.com\/es\/wp-json\/wp\/v2\/product_brand?post=8009"},{"taxonomy":"product_cat","embeddable":true,"href":"https:\/\/enderg.com\/es\/wp-json\/wp\/v2\/product_cat?post=8009"},{"taxonomy":"product_tag","embeddable":true,"href":"https:\/\/enderg.com\/es\/wp-json\/wp\/v2\/product_tag?post=8009"}],"curies":[{"name":"wp","href":"https:\/\/api.w.org\/{rel}","templated":true}]}}