{"id":670,"date":"2023-09-08T17:08:53","date_gmt":"2023-09-08T14:08:53","guid":{"rendered":"https:\/\/enderg.com\/product\/starship-troopers-terran-command\/"},"modified":"2024-06-26T01:32:38","modified_gmt":"2024-06-25T22:32:38","slug":"starship-troopers-terran-command","status":"publish","type":"product","link":"https:\/\/enderg.com\/es\/product\/starship-troopers-terran-command\/","title":{"rendered":"Starship Troopers: Comando Terran"},"content":{"rendered":"<div class=\"game_page_autocollapse_ctn expanded\">\n<div id=\"aboutThisGame\" class=\"game_page_autocollapse\" data-panel=\"{&quot;type&quot;:&quot;PanelGroup&quot;}\">\n<div id=\"game_area_description\" class=\"game_area_description\">\n<p><strong>Starship Troopers: Comando Terran<\/strong>\u00a0es un emocionante juego de estrategia en tiempo real ambientado en el universo de las pel\u00edculas Starship Troopers. Toma el mando de la Infanter\u00eda M\u00f3vil y haz tu parte en la guerra contra la amenaza Ar\u00e1cnida. Construye, desarrolla y controla tus ej\u00e9rcitos para lograr un equilibrio efectivo entre superioridad t\u00e1ctica y fuerza num\u00e9rica. \u00a1Aseg\u00farate de que la civilizaci\u00f3n humana, no los insectos, domine la galaxia ahora y siempre!<\/p>\n<h2 class=\"bb_tag\">Campa\u00f1a de historia<\/h2>\n<p>La poblaci\u00f3n del duro planeta des\u00e9rtico Kwalasha necesita nuestra ayuda. Su vida diaria de duro trabajo en las industrias mineras se ha visto perturbada por un nuevo peligro al que no pueden enfrentarse solos: el Ar\u00e1cnido. La Infanter\u00eda M\u00f3vil entrar\u00e1 r\u00e1pidamente, recuperar\u00e1 el control del planeta y aplastar\u00e1 todo lo que tenga m\u00e1s de dos patas. Participa en esta emocionante campa\u00f1a militar, conoce personajes \u00fanicos, ve lugares incre\u00edbles y vive la heroica guerra contra el Bug.<\/p>\n<h2 class=\"bb_tag\">T\u00e1cticas y n\u00fameros<\/h2>\n<p>Si bien los Ar\u00e1cnidos pueden contar con un n\u00famero pr\u00e1cticamente ilimitado, la Infanter\u00eda M\u00f3vil debe desarrollar t\u00e1cticas efectivas para superar este desequilibrio. Despliega tus unidades en ubicaciones estrat\u00e9gicas para cubrir puntos de estrangulamiento vitales y obtener potencia de fuego superior mediante el uso t\u00e1ctico de niveles de elevaci\u00f3n. Sin embargo, ten cuidado, ya que las mec\u00e1nicas de batalla como True Line of Sight y True Line of Fire tambi\u00e9n permiten a Bugs tender emboscadas en cada esquina, ya que son bien conocidos por su uso de ataques sorpresa y enga\u00f1os.<\/p>\n<h2 class=\"bb_tag\">Unidades y habilidades<\/h2>\n<p>Tienes a tu disposici\u00f3n una amplia gama de unidades \u00fanicas, cada una con sus propias fortalezas, debilidades y habilidades de \u00e9lite desbloqueables. Los escuadrones de fusileros, por ejemplo, forman el pilar de tus fuerzas y pueden utilizar \u201csupresi\u00f3n con escopeta\u201d o \u201cpaquetes de auge\u201d cuando alcanzan el nivel de experiencia de \u00e9lite. Los Rocket Troopers, por otro lado, son especialistas que lanzan varios tipos de artiller\u00eda mortal, que van desde ojivas perforantes y altamente explosivas hasta cargas \u00fatiles incendiarias y de botes.<br \/>\nA medida que avanza la campa\u00f1a, se pueden implementar nuevos edificios tecnol\u00f3gicos para desbloquear el verdadero potencial del arsenal de la Federaci\u00f3n con rifles E-Pulse, ataques a\u00e9reos TAC Fighter, veh\u00edculos b\u00edpedos Marauder fuertemente armados y muchos m\u00e1s desarrollos optimizados para rociar icor de Bug en el campo de batalla.<\/p>\n<h2 class=\"bb_tag\">Caracter\u00edsticas clave<\/h2>\n<ul class=\"bb_ul\">\n<li>Una campa\u00f1a argumental inmersiva que presenta misiones y personajes \u00fanicos y mucho sabor de Starship Troopers.<\/li>\n<li>Docenas de tipos de unidades \u00fanicos, cada uno con sus propias habilidades especiales.<\/li>\n<li>La elevaci\u00f3n del terreno, la verdadera l\u00ednea de visi\u00f3n y la verdadera l\u00ednea de fuego brindan un juego t\u00e1ctico profundo.<\/li>\n<li>Capture y mantenga estaciones de radio vitales, construya defensas de bases para repeler los ataques de los Ar\u00e1cnidos y despliegue edificios tecnol\u00f3gicos para desbloquear nuevas armas.<\/li>\n<li>Hero\u00edsmos, explosiones, sangre y bichos. Muchos errores.<\/li>\n<\/ul>\n<\/div>\n<\/div>\n<\/div>\n<div class=\"game_page_autocollapse_ctn\">\n<div class=\"game_page_autocollapse sys_req\">\n<h2><iframe title=\"reproductor de videos de youtube\" data-src=\"https:\/\/www.youtube.com\/embed\/sNCAZJw1AC0\" width=\"560\" height=\"315\" frameborder=\"0\" allowfullscreen=\"allowfullscreen\" src=\"data:image\/svg+xml;base64,PHN2ZyB3aWR0aD0iMSIgaGVpZ2h0PSIxIiB4bWxucz0iaHR0cDovL3d3dy53My5vcmcvMjAwMC9zdmciPjwvc3ZnPg==\" class=\"lazyload\" data-load-mode=\"1\"><\/iframe><\/h2>\n<h2>REQUISITOS DEL SISTEMA<\/h2>\n<div class=\"sysreq_contents\">\n<div class=\"game_area_sys_req sysreq_content active\" data-os=\"win\">\n<div class=\"game_area_sys_req_leftCol\"><strong>M\u00cdNIMO:<\/strong><\/p>\n<ul>\n<li style=\"list-style-type: none;\">\n<ul class=\"bb_ul\">\n<li><strong>sistema operativo:<\/strong>\u00a0Windows 8\/10 de 64 bits (el juego se ejecuta en Windows 7 pero no se proporcionar\u00e1 soporte)<\/li>\n<li><strong>Procesador:<\/strong>\u00a0Intel Core i5 o equivalente<\/li>\n<li><strong>Memoria:<\/strong>\u00a08GB RAM<\/li>\n<li><strong>Gr\u00e1ficos:<\/strong>\u00a0GeForce GTX 1050\/Radeon RX 560<\/li>\n<li><strong>DirectX:<\/strong>\u00a0Versi\u00f3n 9.0<\/li>\n<li><strong>Almacenamiento:<\/strong>\u00a010 GB de espacio disponible<\/li>\n<\/ul>\n<\/li>\n<\/ul>\n<\/div>\n<div class=\"game_area_sys_req_rightCol\"><strong>RECOMENDADO:<\/strong><\/p>\n<ul>\n<li style=\"list-style-type: none;\">\n<ul class=\"bb_ul\">\n<li><strong>sistema operativo:<\/strong>\u00a0ventanas 10, ventanas 11<\/li>\n<li><strong>Procesador:<\/strong>\u00a0Intel Core i7 o equivalente<\/li>\n<li><strong>Memoria:<\/strong>\u00a016 GB de RAM<\/li>\n<li><strong>Gr\u00e1ficos:<\/strong>\u00a0Geforce GTX 1070 o equivalente<\/li>\n<li><strong>DirectX:<\/strong>\u00a0Versi\u00f3n 9.0<\/li>\n<li><strong>Almacenamiento:<\/strong>\u00a010 GB de espacio disponible<\/li>\n<\/ul>\n<\/li>\n<\/ul>\n<\/div>\n<\/div>\n<\/div>\n<\/div>\n<\/div>","protected":false},"excerpt":{"rendered":"<p>Starship Troopers: Terran Command\u00a0is a thrilling real-time strategy game set in the Starship Troopers movies universe. Take command of the Mobile Infantry and do your part in the war against the Arachnid threat. Build, develop and control your armies to strike an effective balance between tactical superiority and strength in numbers. Ensure that human civilization, [&hellip;]<\/p>\n","protected":false},"featured_media":1343,"comment_status":"closed","ping_status":"closed","template":"","meta":{"_crdt_document":"","jetpack_post_was_ever_published":true,"jetpack_publicize_message":"","jetpack_publicize_feature_enabled":true,"jetpack_social_post_already_shared":false,"jetpack_social_options":{"image_generator_settings":{"template":"highway","default_image_id":0,"font":"","enabled":false},"version":2},"_wpas_customize_per_network":false},"product_brand":[],"product_cat":[1375],"product_tag":[],"class_list":{"0":"post-670","1":"product","2":"type-product","3":"status-publish","4":"has-post-thumbnail","6":"product_cat-pc","8":"first","9":"outofstock","10":"sale","11":"taxable","12":"shipping-taxable","13":"purchasable","14":"product-type-variable","15":"has-default-attributes"},"yoast_head":"<!-- This site is optimized with the Yoast SEO Premium plugin v27.3 (Yoast SEO v27.3) - https:\/\/yoast.com\/product\/yoast-seo-premium-wordpress\/ -->\n<title>Starship Troopers: Terran Command - EnderG<\/title>\n<meta name=\"robots\" content=\"index, follow, max-snippet:-1, max-image-preview:large, max-video-preview:-1\" \/>\n<link rel=\"canonical\" href=\"https:\/\/enderg.com\/es\/product\/starship-troopers-terran-command\/\" \/>\n<meta property=\"og:locale\" content=\"es_ES\" \/>\n<meta property=\"og:type\" content=\"article\" \/>\n<meta property=\"og:title\" content=\"Starship Troopers: Terran Command\" \/>\n<meta property=\"og:description\" content=\"Starship Troopers: Terran Command\u00a0is a thrilling real-time strategy game set in the Starship Troopers movies universe. Take command of the Mobile Infantry and do your part in the war against the Arachnid threat. Build, develop and control your armies to strike an effective balance between tactical superiority and strength in numbers. Ensure that human civilization, [&hellip;]\" \/>\n<meta property=\"og:url\" content=\"https:\/\/enderg.com\/es\/product\/starship-troopers-terran-command\/\" \/>\n<meta property=\"og:site_name\" content=\"EnderG\" \/>\n<meta property=\"article:publisher\" content=\"https:\/\/www.facebook.com\/Endergg1\/\" \/>\n<meta property=\"article:modified_time\" content=\"2024-06-25T22:32:38+00:00\" \/>\n<meta property=\"og:image\" content=\"https:\/\/enderg.com\/wp-content\/uploads\/2022\/08\/Starship-Troopers-Terran-Command.jpg\" \/>\n\t<meta property=\"og:image:width\" content=\"1000\" \/>\n\t<meta property=\"og:image:height\" content=\"1000\" \/>\n\t<meta property=\"og:image:type\" content=\"image\/jpeg\" \/>\n<meta name=\"twitter:card\" content=\"summary_large_image\" \/>\n<meta name=\"twitter:label1\" content=\"Tiempo de lectura\" \/>\n\t<meta name=\"twitter:data1\" content=\"2 minutos\" \/>\n<script type=\"application\/ld+json\" class=\"yoast-schema-graph\">{\"@context\":\"https:\\\/\\\/schema.org\",\"@graph\":[{\"@type\":\"WebPage\",\"@id\":\"https:\\\/\\\/enderg.com\\\/product\\\/starship-troopers-terran-command\\\/\",\"url\":\"https:\\\/\\\/enderg.com\\\/product\\\/starship-troopers-terran-command\\\/\",\"name\":\"Starship Troopers: Terran Command - EnderG\",\"isPartOf\":{\"@id\":\"https:\\\/\\\/enderg.com\\\/#website\"},\"primaryImageOfPage\":{\"@id\":\"https:\\\/\\\/enderg.com\\\/product\\\/starship-troopers-terran-command\\\/#primaryimage\"},\"image\":{\"@id\":\"https:\\\/\\\/enderg.com\\\/product\\\/starship-troopers-terran-command\\\/#primaryimage\"},\"thumbnailUrl\":\"https:\\\/\\\/i0.wp.com\\\/enderg.com\\\/wp-content\\\/uploads\\\/2022\\\/08\\\/Starship-Troopers-Terran-Command.jpg?fit=1000%2C1000&ssl=1\",\"datePublished\":\"2023-09-08T14:08:53+00:00\",\"dateModified\":\"2024-06-25T22:32:38+00:00\",\"breadcrumb\":{\"@id\":\"https:\\\/\\\/enderg.com\\\/product\\\/starship-troopers-terran-command\\\/#breadcrumb\"},\"inLanguage\":\"es\",\"potentialAction\":[{\"@type\":\"ReadAction\",\"target\":[\"https:\\\/\\\/enderg.com\\\/product\\\/starship-troopers-terran-command\\\/\"]}]},{\"@type\":\"ImageObject\",\"inLanguage\":\"es\",\"@id\":\"https:\\\/\\\/enderg.com\\\/product\\\/starship-troopers-terran-command\\\/#primaryimage\",\"url\":\"https:\\\/\\\/i0.wp.com\\\/enderg.com\\\/wp-content\\\/uploads\\\/2022\\\/08\\\/Starship-Troopers-Terran-Command.jpg?fit=1000%2C1000&ssl=1\",\"contentUrl\":\"https:\\\/\\\/i0.wp.com\\\/enderg.com\\\/wp-content\\\/uploads\\\/2022\\\/08\\\/Starship-Troopers-Terran-Command.jpg?fit=1000%2C1000&ssl=1\",\"width\":1000,\"height\":1000},{\"@type\":\"BreadcrumbList\",\"@id\":\"https:\\\/\\\/enderg.com\\\/product\\\/starship-troopers-terran-command\\\/#breadcrumb\",\"itemListElement\":[{\"@type\":\"ListItem\",\"position\":1,\"name\":\"Home\",\"item\":\"https:\\\/\\\/enderg.com\\\/\"},{\"@type\":\"ListItem\",\"position\":2,\"name\":\"Shop\",\"item\":\"https:\\\/\\\/enderg.com\\\/shop\\\/\"},{\"@type\":\"ListItem\",\"position\":3,\"name\":\"Starship Troopers: Terran Command\"}]},{\"@type\":\"WebSite\",\"@id\":\"https:\\\/\\\/enderg.com\\\/#website\",\"url\":\"https:\\\/\\\/enderg.com\\\/\",\"name\":\"EnderG\",\"description\":\"Cheaper Is What We Do!\",\"publisher\":{\"@id\":\"https:\\\/\\\/enderg.com\\\/#organization\"},\"potentialAction\":[{\"@type\":\"SearchAction\",\"target\":{\"@type\":\"EntryPoint\",\"urlTemplate\":\"https:\\\/\\\/enderg.com\\\/?s={search_term_string}\"},\"query-input\":{\"@type\":\"PropertyValueSpecification\",\"valueRequired\":true,\"valueName\":\"search_term_string\"}}],\"inLanguage\":\"es\"},{\"@type\":\"Organization\",\"@id\":\"https:\\\/\\\/enderg.com\\\/#organization\",\"name\":\"EnderG\",\"url\":\"https:\\\/\\\/enderg.com\\\/\",\"logo\":{\"@type\":\"ImageObject\",\"inLanguage\":\"es\",\"@id\":\"https:\\\/\\\/enderg.com\\\/#\\\/schema\\\/logo\\\/image\\\/\",\"url\":\"https:\\\/\\\/enderg.com\\\/wp-content\\\/uploads\\\/2023\\\/03\\\/222222222221.png\",\"contentUrl\":\"https:\\\/\\\/enderg.com\\\/wp-content\\\/uploads\\\/2023\\\/03\\\/222222222221.png\",\"width\":512,\"height\":512,\"caption\":\"EnderG\"},\"image\":{\"@id\":\"https:\\\/\\\/enderg.com\\\/#\\\/schema\\\/logo\\\/image\\\/\"},\"sameAs\":[\"https:\\\/\\\/www.facebook.com\\\/Endergg1\\\/\",\"https:\\\/\\\/www.instagram.com\\\/enderg01\",\"https:\\\/\\\/www.youtube.com\\\/@enderg-com\"],\"description\":\"Cheaper Gaming is what we do!\",\"legalName\":\"Vandar Limited\",\"foundingDate\":\"2022-06-21\"}]}<\/script>\n<!-- \/ Yoast SEO Premium plugin. -->","yoast_head_json":{"title":"Starship Troopers: Terran Command - EnderG","robots":{"index":"index","follow":"follow","max-snippet":"max-snippet:-1","max-image-preview":"max-image-preview:large","max-video-preview":"max-video-preview:-1"},"canonical":"https:\/\/enderg.com\/es\/product\/starship-troopers-terran-command\/","og_locale":"es_ES","og_type":"article","og_title":"Starship Troopers: Terran Command","og_description":"Starship Troopers: Terran Command\u00a0is a thrilling real-time strategy game set in the Starship Troopers movies universe. Take command of the Mobile Infantry and do your part in the war against the Arachnid threat. Build, develop and control your armies to strike an effective balance between tactical superiority and strength in numbers. Ensure that human civilization, [&hellip;]","og_url":"https:\/\/enderg.com\/es\/product\/starship-troopers-terran-command\/","og_site_name":"EnderG","article_publisher":"https:\/\/www.facebook.com\/Endergg1\/","article_modified_time":"2024-06-25T22:32:38+00:00","og_image":[{"width":1000,"height":1000,"url":"https:\/\/enderg.com\/wp-content\/uploads\/2022\/08\/Starship-Troopers-Terran-Command.jpg","type":"image\/jpeg"}],"twitter_card":"summary_large_image","twitter_misc":{"Tiempo de lectura":"2 minutos"},"schema":{"@context":"https:\/\/schema.org","@graph":[{"@type":"WebPage","@id":"https:\/\/enderg.com\/product\/starship-troopers-terran-command\/","url":"https:\/\/enderg.com\/product\/starship-troopers-terran-command\/","name":"Starship Troopers: Terran Command - EnderG","isPartOf":{"@id":"https:\/\/enderg.com\/#website"},"primaryImageOfPage":{"@id":"https:\/\/enderg.com\/product\/starship-troopers-terran-command\/#primaryimage"},"image":{"@id":"https:\/\/enderg.com\/product\/starship-troopers-terran-command\/#primaryimage"},"thumbnailUrl":"https:\/\/i0.wp.com\/enderg.com\/wp-content\/uploads\/2022\/08\/Starship-Troopers-Terran-Command.jpg?fit=1000%2C1000&ssl=1","datePublished":"2023-09-08T14:08:53+00:00","dateModified":"2024-06-25T22:32:38+00:00","breadcrumb":{"@id":"https:\/\/enderg.com\/product\/starship-troopers-terran-command\/#breadcrumb"},"inLanguage":"es","potentialAction":[{"@type":"ReadAction","target":["https:\/\/enderg.com\/product\/starship-troopers-terran-command\/"]}]},{"@type":"ImageObject","inLanguage":"es","@id":"https:\/\/enderg.com\/product\/starship-troopers-terran-command\/#primaryimage","url":"https:\/\/i0.wp.com\/enderg.com\/wp-content\/uploads\/2022\/08\/Starship-Troopers-Terran-Command.jpg?fit=1000%2C1000&ssl=1","contentUrl":"https:\/\/i0.wp.com\/enderg.com\/wp-content\/uploads\/2022\/08\/Starship-Troopers-Terran-Command.jpg?fit=1000%2C1000&ssl=1","width":1000,"height":1000},{"@type":"BreadcrumbList","@id":"https:\/\/enderg.com\/product\/starship-troopers-terran-command\/#breadcrumb","itemListElement":[{"@type":"ListItem","position":1,"name":"Home","item":"https:\/\/enderg.com\/"},{"@type":"ListItem","position":2,"name":"Shop","item":"https:\/\/enderg.com\/shop\/"},{"@type":"ListItem","position":3,"name":"Starship Troopers: Terran Command"}]},{"@type":"WebSite","@id":"https:\/\/enderg.com\/#website","url":"https:\/\/enderg.com\/","name":"EnderG","description":"\u00a1M\u00e1s barato es lo que hacemos!","publisher":{"@id":"https:\/\/enderg.com\/#organization"},"potentialAction":[{"@type":"SearchAction","target":{"@type":"EntryPoint","urlTemplate":"https:\/\/enderg.com\/?s={search_term_string}"},"query-input":{"@type":"PropertyValueSpecification","valueRequired":true,"valueName":"search_term_string"}}],"inLanguage":"es"},{"@type":"Organization","@id":"https:\/\/enderg.com\/#organization","name":"EnderG","url":"https:\/\/enderg.com\/","logo":{"@type":"ImageObject","inLanguage":"es","@id":"https:\/\/enderg.com\/#\/schema\/logo\/image\/","url":"https:\/\/enderg.com\/wp-content\/uploads\/2023\/03\/222222222221.png","contentUrl":"https:\/\/enderg.com\/wp-content\/uploads\/2023\/03\/222222222221.png","width":512,"height":512,"caption":"EnderG"},"image":{"@id":"https:\/\/enderg.com\/#\/schema\/logo\/image\/"},"sameAs":["https:\/\/www.facebook.com\/Endergg1\/","https:\/\/www.instagram.com\/enderg01","https:\/\/www.youtube.com\/@enderg-com"],"description":"\u00a1Juegos m\u00e1s baratos es lo que hacemos!","legalName":"Vandar Limited","foundingDate":"2022-06-21"}]}},"jetpack_publicize_connections":[],"jetpack_likes_enabled":true,"jetpack_sharing_enabled":true,"jetpack-related-posts":[{"id":2135,"url":"https:\/\/enderg.com\/es\/product\/hell-let-loose\/","url_meta":{"origin":670,"position":0},"title":"El infierno se suelta","author":"H722","date":"08\/08\/2022","format":false,"excerpt":"Fast Delivery Delivery can take 5 to 20 minutes, according to your place in our queueYour Order will be \u2018Auto Refunded\u2019 in case it does not get delivered after 12 hours! How To Activate 1- Open up a VPN and connect to the server specified in your email after placing\u2026","rel":"","context":"Entrada similar","block_context":{"text":"Entrada similar","link":""},"img":{"alt_text":"","src":"https:\/\/i0.wp.com\/enderg.com\/wp-content\/uploads\/2022\/08\/hell-let-loose-pc-game-steam-cover.jpg?fit=863%2C1200&ssl=1&resize=350%2C200","width":350,"height":200,"srcset":"https:\/\/i0.wp.com\/enderg.com\/wp-content\/uploads\/2022\/08\/hell-let-loose-pc-game-steam-cover.jpg?fit=863%2C1200&ssl=1&resize=350%2C200 1x, https:\/\/i0.wp.com\/enderg.com\/wp-content\/uploads\/2022\/08\/hell-let-loose-pc-game-steam-cover.jpg?fit=863%2C1200&ssl=1&resize=525%2C300 1.5x, https:\/\/i0.wp.com\/enderg.com\/wp-content\/uploads\/2022\/08\/hell-let-loose-pc-game-steam-cover.jpg?fit=863%2C1200&ssl=1&resize=700%2C400 2x"},"classes":[]},{"id":71458,"url":"https:\/\/enderg.com\/es\/product\/battlefield-6\/","url_meta":{"origin":670,"position":1},"title":"Battlefield 6","author":"nazhad722","date":"04\/11\/2025","format":false,"excerpt":"Get Battlefield 6 at the Best and Cheapest Price on the market right now. How To Activate Upon Delivery you will receive the \u2018Subscription\u2019 or \u2018Game\u2019 you ordered, but needs to be activated by adding an account to your console\/PC and then play from your personal account or any other\u2026","rel":"","context":"Entrada similar","block_context":{"text":"Entrada similar","link":""},"img":{"alt_text":"Battlefield 6","src":"https:\/\/i0.wp.com\/enderg.com\/wp-content\/uploads\/2025\/11\/Buy-Battlefield-6-Best-price.webp?fit=666%2C1000&ssl=1&resize=350%2C200","width":350,"height":200,"srcset":"https:\/\/i0.wp.com\/enderg.com\/wp-content\/uploads\/2025\/11\/Buy-Battlefield-6-Best-price.webp?fit=666%2C1000&ssl=1&resize=350%2C200 1x, https:\/\/i0.wp.com\/enderg.com\/wp-content\/uploads\/2025\/11\/Buy-Battlefield-6-Best-price.webp?fit=666%2C1000&ssl=1&resize=525%2C300 1.5x"},"classes":[]},{"id":561,"url":"https:\/\/enderg.com\/es\/product\/no-mans-sky\/","url_meta":{"origin":670,"position":2},"title":"El cielo de nadie","author":"H722","date":"07\/08\/2022","format":false,"excerpt":"Fast Delivery Delivery can take 5 to 20 minutes, according to your place in our queueYour Order will be \u2018Auto Refunded\u2019 in case it does not get delivered after 12 hours! How To Activate 1- Open up a VPN and connect to the server specified in your email after placing\u2026","rel":"","context":"Entrada similar","block_context":{"text":"Entrada similar","link":""},"img":{"alt_text":"","src":"https:\/\/i0.wp.com\/enderg.com\/wp-content\/uploads\/2022\/08\/eI2Tlow1kqE5KP5qBMdQprbb.jpg?fit=1024%2C1024&ssl=1&resize=350%2C200","width":350,"height":200,"srcset":"https:\/\/i0.wp.com\/enderg.com\/wp-content\/uploads\/2022\/08\/eI2Tlow1kqE5KP5qBMdQprbb.jpg?fit=1024%2C1024&ssl=1&resize=350%2C200 1x, https:\/\/i0.wp.com\/enderg.com\/wp-content\/uploads\/2022\/08\/eI2Tlow1kqE5KP5qBMdQprbb.jpg?fit=1024%2C1024&ssl=1&resize=525%2C300 1.5x, https:\/\/i0.wp.com\/enderg.com\/wp-content\/uploads\/2022\/08\/eI2Tlow1kqE5KP5qBMdQprbb.jpg?fit=1024%2C1024&ssl=1&resize=700%2C400 2x"},"classes":[]},{"id":660,"url":"https:\/\/enderg.com\/es\/product\/rust-console-edition-xbox\/","url_meta":{"origin":670,"position":3},"title":"Edici\u00f3n de consola Rust &#039;XBOX&#039;","author":"H722","date":"07\/08\/2022","format":false,"excerpt":"Fast Delivery Delivery can take 5 to 20 minutes, according to your place in our queueYour Order will be \u2018Auto Refunded\u2019 in case it does not get delivered after 12 hours! How To Activate 1- Open up a VPN and connect to the server specified in your email after placing\u2026","rel":"","context":"Entrada similar","block_context":{"text":"Entrada similar","link":""},"img":{"alt_text":"","src":"https:\/\/i0.wp.com\/enderg.com\/wp-content\/uploads\/2022\/08\/263490_IGDB-272x380_f54b4b4f-b81c-4d9d-8445-1582cdf6bd4f.jpg?fit=272%2C380&ssl=1&resize=350%2C200","width":350,"height":200},"classes":[]},{"id":566,"url":"https:\/\/enderg.com\/es\/product\/outriders-worldslayer\/","url_meta":{"origin":670,"position":4},"title":"OUTRIDERS ASESINO MUNDIAL","author":"H722","date":"07\/08\/2022","format":false,"excerpt":"Fast Delivery Delivery can take 5 to 20 minutes, according to your place in our queueYour Order will be \u2018Auto Refunded\u2019 in case it does not get delivered after 12 hours! How To Activate 1- Open up a VPN and connect to the server specified in your email after placing\u2026","rel":"","context":"Entrada similar","block_context":{"text":"Entrada similar","link":""},"img":{"alt_text":"","src":"https:\/\/i0.wp.com\/enderg.com\/wp-content\/uploads\/2022\/08\/outriders-worldslayer_xnqh.jpg?fit=1200%2C1200&ssl=1&resize=350%2C200","width":350,"height":200,"srcset":"https:\/\/i0.wp.com\/enderg.com\/wp-content\/uploads\/2022\/08\/outriders-worldslayer_xnqh.jpg?fit=1200%2C1200&ssl=1&resize=350%2C200 1x, https:\/\/i0.wp.com\/enderg.com\/wp-content\/uploads\/2022\/08\/outriders-worldslayer_xnqh.jpg?fit=1200%2C1200&ssl=1&resize=525%2C300 1.5x, https:\/\/i0.wp.com\/enderg.com\/wp-content\/uploads\/2022\/08\/outriders-worldslayer_xnqh.jpg?fit=1200%2C1200&ssl=1&resize=700%2C400 2x, https:\/\/i0.wp.com\/enderg.com\/wp-content\/uploads\/2022\/08\/outriders-worldslayer_xnqh.jpg?fit=1200%2C1200&ssl=1&resize=1050%2C600 3x"},"classes":[]},{"id":653,"url":"https:\/\/enderg.com\/es\/product\/risk-of-rain-2-xbox\/","url_meta":{"origin":670,"position":5},"title":"Riesgo de lluvia 2 &#039;XBOX&#039;","author":"H722","date":"07\/08\/2022","format":false,"excerpt":"Fast Delivery Delivery can take 5 to 20 minutes, according to your place in our queueYour Order will be \u2018Auto Refunded\u2019 in case it does not get delivered after 12 hours! How To Activate 1- Open up a VPN and connect to the server specified in your email after placing\u2026","rel":"","context":"Entrada similar","block_context":{"text":"Entrada similar","link":""},"img":{"alt_text":"","src":"https:\/\/i0.wp.com\/enderg.com\/wp-content\/uploads\/2022\/08\/new_project_11_57bca91d-32ad-4493-a790-18e374a43e20.jpg?fit=500%2C706&ssl=1&resize=350%2C200","width":350,"height":200},"classes":[]}],"_links":{"self":[{"href":"https:\/\/enderg.com\/es\/wp-json\/wp\/v2\/product\/670","targetHints":{"allow":["GET"]}}],"collection":[{"href":"https:\/\/enderg.com\/es\/wp-json\/wp\/v2\/product"}],"about":[{"href":"https:\/\/enderg.com\/es\/wp-json\/wp\/v2\/types\/product"}],"replies":[{"embeddable":true,"href":"https:\/\/enderg.com\/es\/wp-json\/wp\/v2\/comments?post=670"}],"version-history":[{"count":3,"href":"https:\/\/enderg.com\/es\/wp-json\/wp\/v2\/product\/670\/revisions"}],"predecessor-version":[{"id":1621,"href":"https:\/\/enderg.com\/es\/wp-json\/wp\/v2\/product\/670\/revisions\/1621"}],"wp:featuredmedia":[{"embeddable":true,"href":"https:\/\/enderg.com\/es\/wp-json\/wp\/v2\/media\/1343"}],"wp:attachment":[{"href":"https:\/\/enderg.com\/es\/wp-json\/wp\/v2\/media?parent=670"}],"wp:term":[{"taxonomy":"product_brand","embeddable":true,"href":"https:\/\/enderg.com\/es\/wp-json\/wp\/v2\/product_brand?post=670"},{"taxonomy":"product_cat","embeddable":true,"href":"https:\/\/enderg.com\/es\/wp-json\/wp\/v2\/product_cat?post=670"},{"taxonomy":"product_tag","embeddable":true,"href":"https:\/\/enderg.com\/es\/wp-json\/wp\/v2\/product_tag?post=670"}],"curies":[{"name":"wp","href":"https:\/\/api.w.org\/{rel}","templated":true}]}}