{"id":665,"date":"2022-08-07T01:01:45","date_gmt":"2022-08-06T22:01:45","guid":{"rendered":"https:\/\/enderg.com\/?post_type=product&#038;p=665"},"modified":"2024-06-26T01:45:59","modified_gmt":"2024-06-25T22:45:59","slug":"stardew-valley","status":"publish","type":"product","link":"https:\/\/enderg.com\/es\/product\/stardew-valley\/","title":{"rendered":"Valle stardew"},"content":{"rendered":"<div data-elementor-type=\"wp-post\" data-elementor-id=\"665\" class=\"elementor elementor-665\" data-elementor-post-type=\"product\">\n\t\t\t\t\t\t<section class=\"elementor-section elementor-top-section elementor-element elementor-element-51a736a7 elementor-section-boxed elementor-section-height-default elementor-section-height-default\" data-id=\"51a736a7\" data-element_type=\"section\" data-e-type=\"section\">\n\t\t\t\t\t\t<div class=\"elementor-container elementor-column-gap-default\">\n\t\t\t\t\t<div class=\"elementor-column elementor-col-100 elementor-top-column elementor-element elementor-element-417279ad\" data-id=\"417279ad\" data-element_type=\"column\" data-e-type=\"column\">\n\t\t\t<div class=\"elementor-widget-wrap elementor-element-populated\">\n\t\t\t\t\t\t<div class=\"elementor-element elementor-element-b17c529 elementor-widget elementor-widget-accordion\" data-id=\"b17c529\" data-element_type=\"widget\" data-e-type=\"widget\" data-widget_type=\"accordion.default\">\n\t\t\t\t<div class=\"elementor-widget-container\">\n\t\t\t\t\t\t\t<div class=\"elementor-accordion\">\n\t\t\t\t\t\t\t<div class=\"elementor-accordion-item\">\n\t\t\t\t\t<h4 id=\"elementor-tab-title-1861\" class=\"elementor-tab-title\" data-tab=\"1\" role=\"button\" aria-controls=\"elementor-tab-content-1861\" aria-expanded=\"false\">\n\t\t\t\t\t\t\t\t\t\t\t\t\t<span class=\"elementor-accordion-icon elementor-accordion-icon-left\" aria-hidden=\"true\">\n\t\t\t\t\t\t\t\t\t\t\t\t\t\t\t<span class=\"elementor-accordion-icon-closed\"><i class=\"fas fa-truck\"><\/i><\/span>\n\t\t\t\t\t\t\t\t<span class=\"elementor-accordion-icon-opened\"><i class=\"fas fa-truck\"><\/i><\/span>\n\t\t\t\t\t\t\t\t\t\t\t\t\t\t<\/span>\n\t\t\t\t\t\t\t\t\t\t\t\t<a class=\"elementor-accordion-title\" tabindex=\"0\">Entrega r\u00e1pida<\/a>\n\t\t\t\t\t<\/h4>\n\t\t\t\t\t<div id=\"elementor-tab-content-1861\" class=\"elementor-tab-content elementor-clearfix\" data-tab=\"1\" role=\"region\" aria-labelledby=\"elementor-tab-title-1861\"><p>La entrega puede demorar de 5 a 20 minutos, seg\u00fan su lugar en nuestra cola<\/p><p>Su pedido ser\u00e1 'reembolsado autom\u00e1ticamente' en caso de que no se entregue despu\u00e9s de 12 horas!<\/p><\/div>\n\t\t\t\t<\/div>\n\t\t\t\t\t\t\t\t<\/div>\n\t\t\t\t\t\t<\/div>\n\t\t\t\t<\/div>\n\t\t\t\t<div class=\"elementor-element elementor-element-b187327 elementor-widget elementor-widget-accordion\" data-id=\"b187327\" data-element_type=\"widget\" data-e-type=\"widget\" data-widget_type=\"accordion.default\">\n\t\t\t\t<div class=\"elementor-widget-container\">\n\t\t\t\t\t\t\t<div class=\"elementor-accordion\">\n\t\t\t\t\t\t\t<div class=\"elementor-accordion-item\">\n\t\t\t\t\t<h4 id=\"elementor-tab-title-1861\" class=\"elementor-tab-title\" data-tab=\"1\" role=\"button\" aria-controls=\"elementor-tab-content-1861\" aria-expanded=\"false\">\n\t\t\t\t\t\t\t\t\t\t\t\t\t<span class=\"elementor-accordion-icon elementor-accordion-icon-left\" aria-hidden=\"true\">\n\t\t\t\t\t\t\t\t\t\t\t\t\t\t\t<span class=\"elementor-accordion-icon-closed\"><i class=\"fab fa-xbox\"><\/i><\/span>\n\t\t\t\t\t\t\t\t<span class=\"elementor-accordion-icon-opened\"><i class=\"fab fa-xbox\"><\/i><\/span>\n\t\t\t\t\t\t\t\t\t\t\t\t\t\t<\/span>\n\t\t\t\t\t\t\t\t\t\t\t\t<a class=\"elementor-accordion-title\" tabindex=\"0\">C\u00f3mo activar<\/a>\n\t\t\t\t\t<\/h4>\n\t\t\t\t\t<div id=\"elementor-tab-content-1861\" class=\"elementor-tab-content elementor-clearfix\" data-tab=\"1\" role=\"region\" aria-labelledby=\"elementor-tab-title-1861\"><p>1- Abra una VPN y con\u00e9ctese al servidor especificado en su correo electr\u00f3nico despu\u00e9s de realizar su pedido.<\/p><p>2- Haga clic en este\u00a0<a title=\"https:\/\/account.microsoft.com\/billing\/redeem?refd=login.live.com\" href=\"https:\/\/account.microsoft.com\/billing\/redeem?refd=login.live.com\"><strong>Enlace<\/strong><\/a>\u00a0\u00a1Inicie sesi\u00f3n en su cuenta y luego canjee la clave que recibi\u00f3!<\/p><p>3- \u00a1Disfruta!<\/p><\/div>\n\t\t\t\t<\/div>\n\t\t\t\t\t\t\t\t<\/div>\n\t\t\t\t\t\t<\/div>\n\t\t\t\t<\/div>\n\t\t\t\t\t<\/div>\n\t\t<\/div>\n\t\t\t\t\t<\/div>\n\t\t<\/section>\n\t\t\t\t<section class=\"elementor-section elementor-top-section elementor-element elementor-element-18bedf9 elementor-section-boxed elementor-section-height-default elementor-section-height-default\" data-id=\"18bedf9\" data-element_type=\"section\" data-e-type=\"section\">\n\t\t\t\t\t\t<div class=\"elementor-container elementor-column-gap-default\">\n\t\t\t\t\t<div class=\"elementor-column elementor-col-100 elementor-top-column elementor-element elementor-element-1e2eb034\" data-id=\"1e2eb034\" data-element_type=\"column\" data-e-type=\"column\">\n\t\t\t<div class=\"elementor-widget-wrap elementor-element-populated\">\n\t\t\t\t\t\t<div class=\"elementor-element elementor-element-b033253 elementor-widget elementor-widget-text-editor\" data-id=\"b033253\" data-element_type=\"widget\" data-e-type=\"widget\" data-widget_type=\"text-editor.default\">\n\t\t\t\t<div class=\"elementor-widget-container\">\n\t\t\t\t\t\t\t\t\t<div class=\"game_page_autocollapse_ctn expanded\"><div id=\"aboutThisGame\" class=\"game_page_autocollapse\" data-panel=\"{&quot;type&quot;:&quot;PanelGroup&quot;}\"><div id=\"game_area_description\" class=\"game_area_description\"><h4 style=\"text-align: center;\"><strong style=\"font-size: 1.41575em;\">SOBRE ESTE JUEGO<\/strong><\/h4><p>\u00a1Stardew Valley es un juego de rol abierto sobre la vida rural!<\/p><p><img decoding=\"async\" data-recalc-dims=\"1\" data-src=\"https:\/\/i0.wp.com\/cdn.cloudflare.steamstatic.com\/steam\/apps\/413150\/extras\/animalStrip2.png?w=980&#038;ssl=1\" src=\"data:image\/svg+xml;base64,PHN2ZyB3aWR0aD0iMSIgaGVpZ2h0PSIxIiB4bWxucz0iaHR0cDovL3d3dy53My5vcmcvMjAwMC9zdmciPjwvc3ZnPg==\" class=\"lazyload\" \/><\/p><p>Has heredado la antigua granja de tu abuelo en Stardew Valley. Armado con herramientas usadas y algunas monedas, te dispones a comenzar tu nueva vida. \u00bfPodr\u00e1s aprender a vivir de la tierra y convertir estos campos cubiertos de maleza en un hogar pr\u00f3spero? No ser\u00e1 f\u00e1cil. Desde que Joja Corporation lleg\u00f3 a la ciudad, las antiguas formas de vida pr\u00e1cticamente han desaparecido. El centro comunitario, que alguna vez fue el centro de actividad m\u00e1s vibrante de la ciudad, ahora est\u00e1 en ruinas. Pero el valle parece estar lleno de oportunidades. \u00a1Con un poco de dedicaci\u00f3n, podr\u00edas ser t\u00fa quien devuelva la grandeza a Stardew Valley!<\/p><p><strong>Caracter\u00edsticas<\/strong><\/p><ul class=\"bb_ul\"><li><strong>\u00a1Convierte tu campo cubierto de maleza en una animada granja!\u00a0<\/strong>\u00a1Cr\u00eda animales, cultiva, cultiva un huerto, fabrica m\u00e1quinas \u00fatiles y m\u00e1s! Dispondr\u00e1s de mucho espacio para crear la granja de tus sue\u00f1os.<\/li><li><strong>\u00a1Cultivo para 4 jugadores!<\/strong>\u00a0\u00a1Invita de 1 a 3 jugadores a unirse a ti en el valle en l\u00ednea! Los jugadores pueden trabajar juntos para construir una granja pr\u00f3spera, compartir recursos y mejorar la comunidad local. Como m\u00e1s manos son mejores que una, los jugadores tienen la opci\u00f3n de aumentar el margen de beneficio de los productos vendidos para vivir una experiencia m\u00e1s desafiante.<\/li><li><strong>Mejora tus habilidades con el tiempo.\u00a0<\/strong>A medida que pasas de ser un novato en apuros a ser un maestro granjero, subir\u00e1s de nivel en 5 \u00e1reas diferentes: agricultura, miner\u00eda, combate, pesca y b\u00fasqueda de comida. A medida que avances, aprender\u00e1s nuevas recetas de cocina y elaboraci\u00f3n, desbloquear\u00e1s nuevas \u00e1reas para explorar y personalizar\u00e1s tus habilidades eligiendo entre una variedad de profesiones.<\/li><li><strong>Convi\u00e9rtete en parte de la comunidad local.\u00a0<\/strong>Con m\u00e1s de 30 personajes \u00fanicos que viven en Stardew Valley, \u00a1no tendr\u00e1s problemas para encontrar nuevos amigos! Cada persona tiene su propio horario diario, cumplea\u00f1os, miniescenas \u00fanicas y cosas nuevas que decir durante la semana y el a\u00f1o. A medida que te hagas amigo de ellos, se abrir\u00e1n contigo, te pedir\u00e1n ayuda con sus problemas personales o te contar\u00e1n sus secretos. Participe en festivales de temporada como el luau, el laberinto encantado y la fiesta de la estrella de invierno.<\/li><li><strong>Explora una cueva enorme y misteriosa.\u00a0<\/strong>A medida que viajes m\u00e1s profundamente bajo tierra, encontrar\u00e1s monstruos nuevos y peligrosos, armas poderosas, nuevos entornos, piedras preciosas valiosas, materias primas para fabricar y mejorar herramientas, y misterios por descubrir.<\/li><li><strong>Insufla nueva vida al valle.<\/strong>\u00a0Desde que abri\u00f3 JojaMart, la antigua forma de vida en Stardew Valley ha cambiado. Gran parte de la infraestructura de la ciudad est\u00e1 en mal estado. Ayuda a restaurar Stardew Valley a su antigua gloria reparando el antiguo centro comunitario, o toma la ruta alternativa y une fuerzas con Joja Corporation.<\/li><li><strong>Corteja y c\u00e1sate con una pareja con quien compartir tu vida en la granja.\u00a0<\/strong>Hay 12 solteros y solteras disponibles para cortejar, cada uno con escenas de progresi\u00f3n de personajes \u00fanicas. Una vez casado, su pareja vivir\u00e1 en la finca con usted. Qui\u00e9n sabe, tal vez tengas hijos y formes una familia.<\/li><li><strong>Pase una tarde relajante en uno de los lugares de pesca locales.\u00a0<\/strong>Las aguas est\u00e1n repletas de variedades estacionales de deliciosos pescados. \u00a1Crea cebos, flotadores y trampas para cangrejos para ayudarte en tu viaje hacia la captura de todos los peces y convertirte en una leyenda local!<\/li><li><strong>Done artefactos y minerales al museo local.<\/strong><\/li><li><strong>Cocina comidas deliciosas y elabora art\u00edculos \u00fatiles para ayudarte.\u00a0<\/strong>Con m\u00e1s de 100 recetas de cocina y elaboraci\u00f3n, tendr\u00e1s una amplia variedad de elementos para crear. Algunos platos que cocines incluso te dar\u00e1n mejoras temporales en tus habilidades, velocidad de carrera o destreza en combate. Crea objetos \u00fatiles como espantap\u00e1jaros, aceiteras, hornos o incluso el raro y costoso cristalario.<\/li><li><strong>Personaliza la apariencia de tu personaje y tu casa.\u00a0<\/strong>\u00a1Con cientos de elementos decorativos para elegir, no tendr\u00e1s problemas para crear la casa de tus sue\u00f1os!<\/li><li><strong>\u00a1Soporte del controlador Xbox (con estruendo)! (A\u00fan se requiere el teclado para ingresar texto)<\/strong><\/li><li><strong>M\u00e1s de dos horas de m\u00fasica original.<\/strong><\/li><\/ul><\/div><\/div><\/div><div class=\"game_page_autocollapse_ctn\"><div class=\"game_page_autocollapse sys_req\"><h2><iframe title=\"reproductor de videos de youtube\" data-src=\"https:\/\/www.youtube.com\/embed\/ot7uXNQskhs\" width=\"560\" height=\"315\" frameborder=\"0\" allowfullscreen=\"allowfullscreen\" src=\"data:image\/svg+xml;base64,PHN2ZyB3aWR0aD0iMSIgaGVpZ2h0PSIxIiB4bWxucz0iaHR0cDovL3d3dy53My5vcmcvMjAwMC9zdmciPjwvc3ZnPg==\" class=\"lazyload\" data-load-mode=\"1\"><\/iframe><\/h2><h2>REQUISITOS DEL SISTEMA<\/h2><div class=\"sysreq_contents\"><div class=\"game_area_sys_req sysreq_content active\" data-os=\"win\"><div class=\"game_area_sys_req_full\"><p><strong>M\u00cdNIMO:<\/strong><\/p><ul><li style=\"list-style-type: none;\"><ul class=\"bb_ul\"><li><strong>sistema operativo:<\/strong>\u00a0Windows Vista o superior<\/li><li><strong>Procesador:<\/strong>\u00a02GHz<\/li><li><strong>Memoria:<\/strong>\u00a02 GB de RAM<\/li><li><strong>Gr\u00e1ficos:<\/strong>\u00a0Memoria de v\u00eddeo de 256 MB, modelo de sombreado 3.0+<\/li><li><strong>DirectX:<\/strong>\u00a0Versi\u00f3n 10<\/li><li><strong>Almacenamiento:<\/strong>\u00a0500 MB de espacio disponible<\/li><\/ul><\/li><\/ul><\/div><\/div><\/div><\/div><\/div>\t\t\t\t\t\t\t\t<\/div>\n\t\t\t\t<\/div>\n\t\t\t\t\t<\/div>\n\t\t<\/div>\n\t\t\t\t\t<\/div>\n\t\t<\/section>\n\t\t\t\t<\/div>","protected":false},"excerpt":{"rendered":"<p>Fast Delivery Delivery can take 5 to 20 minutes, according to your place in our queue Your Order will be \u2018Auto Refunded\u2019 in case it does not get delivered after 12 hours! How To Activate 1- Open up a VPN and connect to the server specified in your email after placing your order. 2- Click [&hellip;]<\/p>\n","protected":false},"featured_media":1332,"comment_status":"closed","ping_status":"closed","template":"","meta":{"_crdt_document":"","jetpack_post_was_ever_published":false,"jetpack_publicize_message":"","jetpack_publicize_feature_enabled":true,"jetpack_social_post_already_shared":true,"jetpack_social_options":{"image_generator_settings":{"template":"highway","default_image_id":0,"font":"","enabled":false},"version":2},"_wpas_customize_per_network":false},"product_brand":[],"product_cat":[1375,1374],"product_tag":[],"class_list":{"0":"post-665","1":"product","2":"type-product","3":"status-publish","4":"has-post-thumbnail","6":"product_cat-pc","7":"product_cat-xbox","9":"first","10":"outofstock","11":"sale","12":"taxable","13":"shipping-taxable","14":"purchasable","15":"product-type-variable","16":"has-default-attributes"},"yoast_head":"<!-- This site is optimized with the Yoast SEO Premium plugin v27.3 (Yoast SEO v27.3) - https:\/\/yoast.com\/product\/yoast-seo-premium-wordpress\/ -->\n<title>Stardew Valley - EnderG<\/title>\n<meta name=\"robots\" content=\"index, follow, max-snippet:-1, max-image-preview:large, max-video-preview:-1\" \/>\n<link rel=\"canonical\" href=\"https:\/\/enderg.com\/es\/product\/stardew-valley\/\" \/>\n<meta property=\"og:locale\" content=\"es_ES\" \/>\n<meta property=\"og:type\" content=\"article\" \/>\n<meta property=\"og:title\" content=\"Stardew Valley\" \/>\n<meta property=\"og:description\" content=\"Fast Delivery Delivery can take 5 to 20 minutes, according to your place in our queue Your Order will be \u2018Auto Refunded\u2019 in case it does not get delivered after 12 hours! How To Activate 1- Open up a VPN and connect to the server specified in your email after placing your order. 2- Click [&hellip;]\" \/>\n<meta property=\"og:url\" content=\"https:\/\/enderg.com\/es\/product\/stardew-valley\/\" \/>\n<meta property=\"og:site_name\" content=\"EnderG\" \/>\n<meta property=\"article:publisher\" content=\"https:\/\/www.facebook.com\/Endergg1\/\" \/>\n<meta property=\"article:modified_time\" content=\"2024-06-25T22:45:59+00:00\" \/>\n<meta property=\"og:image\" content=\"https:\/\/enderg.com\/wp-content\/uploads\/2022\/08\/Stardew-Valley-promotional-image-Sourcewwwstardewvalleynet-Image-copyright-Eric-Barone_Q640.jpg\" \/>\n\t<meta property=\"og:image:width\" content=\"640\" \/>\n\t<meta property=\"og:image:height\" content=\"640\" \/>\n\t<meta property=\"og:image:type\" content=\"image\/jpeg\" \/>\n<meta name=\"twitter:card\" content=\"summary_large_image\" \/>\n<meta name=\"twitter:label1\" content=\"Tiempo de lectura\" \/>\n\t<meta name=\"twitter:data1\" content=\"4 minutos\" \/>\n<script type=\"application\/ld+json\" class=\"yoast-schema-graph\">{\"@context\":\"https:\\\/\\\/schema.org\",\"@graph\":[{\"@type\":\"WebPage\",\"@id\":\"https:\\\/\\\/enderg.com\\\/product\\\/stardew-valley\\\/\",\"url\":\"https:\\\/\\\/enderg.com\\\/product\\\/stardew-valley\\\/\",\"name\":\"Stardew Valley - EnderG\",\"isPartOf\":{\"@id\":\"https:\\\/\\\/enderg.com\\\/#website\"},\"primaryImageOfPage\":{\"@id\":\"https:\\\/\\\/enderg.com\\\/product\\\/stardew-valley\\\/#primaryimage\"},\"image\":{\"@id\":\"https:\\\/\\\/enderg.com\\\/product\\\/stardew-valley\\\/#primaryimage\"},\"thumbnailUrl\":\"https:\\\/\\\/i0.wp.com\\\/enderg.com\\\/wp-content\\\/uploads\\\/2022\\\/08\\\/Stardew-Valley-promotional-image-Sourcewwwstardewvalleynet-Image-copyright-Eric-Barone_Q640.jpg?fit=640%2C640&ssl=1\",\"datePublished\":\"2022-08-06T22:01:45+00:00\",\"dateModified\":\"2024-06-25T22:45:59+00:00\",\"breadcrumb\":{\"@id\":\"https:\\\/\\\/enderg.com\\\/product\\\/stardew-valley\\\/#breadcrumb\"},\"inLanguage\":\"es\",\"potentialAction\":[{\"@type\":\"ReadAction\",\"target\":[\"https:\\\/\\\/enderg.com\\\/product\\\/stardew-valley\\\/\"]}]},{\"@type\":\"ImageObject\",\"inLanguage\":\"es\",\"@id\":\"https:\\\/\\\/enderg.com\\\/product\\\/stardew-valley\\\/#primaryimage\",\"url\":\"https:\\\/\\\/i0.wp.com\\\/enderg.com\\\/wp-content\\\/uploads\\\/2022\\\/08\\\/Stardew-Valley-promotional-image-Sourcewwwstardewvalleynet-Image-copyright-Eric-Barone_Q640.jpg?fit=640%2C640&ssl=1\",\"contentUrl\":\"https:\\\/\\\/i0.wp.com\\\/enderg.com\\\/wp-content\\\/uploads\\\/2022\\\/08\\\/Stardew-Valley-promotional-image-Sourcewwwstardewvalleynet-Image-copyright-Eric-Barone_Q640.jpg?fit=640%2C640&ssl=1\",\"width\":640,\"height\":640},{\"@type\":\"BreadcrumbList\",\"@id\":\"https:\\\/\\\/enderg.com\\\/product\\\/stardew-valley\\\/#breadcrumb\",\"itemListElement\":[{\"@type\":\"ListItem\",\"position\":1,\"name\":\"Home\",\"item\":\"https:\\\/\\\/enderg.com\\\/\"},{\"@type\":\"ListItem\",\"position\":2,\"name\":\"Shop\",\"item\":\"https:\\\/\\\/enderg.com\\\/shop\\\/\"},{\"@type\":\"ListItem\",\"position\":3,\"name\":\"Stardew Valley\"}]},{\"@type\":\"WebSite\",\"@id\":\"https:\\\/\\\/enderg.com\\\/#website\",\"url\":\"https:\\\/\\\/enderg.com\\\/\",\"name\":\"EnderG\",\"description\":\"Cheaper Is What We Do!\",\"publisher\":{\"@id\":\"https:\\\/\\\/enderg.com\\\/#organization\"},\"potentialAction\":[{\"@type\":\"SearchAction\",\"target\":{\"@type\":\"EntryPoint\",\"urlTemplate\":\"https:\\\/\\\/enderg.com\\\/?s={search_term_string}\"},\"query-input\":{\"@type\":\"PropertyValueSpecification\",\"valueRequired\":true,\"valueName\":\"search_term_string\"}}],\"inLanguage\":\"es\"},{\"@type\":\"Organization\",\"@id\":\"https:\\\/\\\/enderg.com\\\/#organization\",\"name\":\"EnderG\",\"url\":\"https:\\\/\\\/enderg.com\\\/\",\"logo\":{\"@type\":\"ImageObject\",\"inLanguage\":\"es\",\"@id\":\"https:\\\/\\\/enderg.com\\\/#\\\/schema\\\/logo\\\/image\\\/\",\"url\":\"https:\\\/\\\/enderg.com\\\/wp-content\\\/uploads\\\/2023\\\/03\\\/222222222221.png\",\"contentUrl\":\"https:\\\/\\\/enderg.com\\\/wp-content\\\/uploads\\\/2023\\\/03\\\/222222222221.png\",\"width\":512,\"height\":512,\"caption\":\"EnderG\"},\"image\":{\"@id\":\"https:\\\/\\\/enderg.com\\\/#\\\/schema\\\/logo\\\/image\\\/\"},\"sameAs\":[\"https:\\\/\\\/www.facebook.com\\\/Endergg1\\\/\",\"https:\\\/\\\/www.instagram.com\\\/enderg01\",\"https:\\\/\\\/www.youtube.com\\\/@enderg-com\"],\"description\":\"Cheaper Gaming is what we do!\",\"legalName\":\"Vandar Limited\",\"foundingDate\":\"2022-06-21\"}]}<\/script>\n<!-- \/ Yoast SEO Premium plugin. -->","yoast_head_json":{"title":"Stardew Valley - EnderG","robots":{"index":"index","follow":"follow","max-snippet":"max-snippet:-1","max-image-preview":"max-image-preview:large","max-video-preview":"max-video-preview:-1"},"canonical":"https:\/\/enderg.com\/es\/product\/stardew-valley\/","og_locale":"es_ES","og_type":"article","og_title":"Stardew Valley","og_description":"Fast Delivery Delivery can take 5 to 20 minutes, according to your place in our queue Your Order will be \u2018Auto Refunded\u2019 in case it does not get delivered after 12 hours! How To Activate 1- Open up a VPN and connect to the server specified in your email after placing your order. 2- Click [&hellip;]","og_url":"https:\/\/enderg.com\/es\/product\/stardew-valley\/","og_site_name":"EnderG","article_publisher":"https:\/\/www.facebook.com\/Endergg1\/","article_modified_time":"2024-06-25T22:45:59+00:00","og_image":[{"width":640,"height":640,"url":"https:\/\/enderg.com\/wp-content\/uploads\/2022\/08\/Stardew-Valley-promotional-image-Sourcewwwstardewvalleynet-Image-copyright-Eric-Barone_Q640.jpg","type":"image\/jpeg"}],"twitter_card":"summary_large_image","twitter_misc":{"Tiempo de lectura":"4 minutos"},"schema":{"@context":"https:\/\/schema.org","@graph":[{"@type":"WebPage","@id":"https:\/\/enderg.com\/product\/stardew-valley\/","url":"https:\/\/enderg.com\/product\/stardew-valley\/","name":"Stardew Valley - EnderG","isPartOf":{"@id":"https:\/\/enderg.com\/#website"},"primaryImageOfPage":{"@id":"https:\/\/enderg.com\/product\/stardew-valley\/#primaryimage"},"image":{"@id":"https:\/\/enderg.com\/product\/stardew-valley\/#primaryimage"},"thumbnailUrl":"https:\/\/i0.wp.com\/enderg.com\/wp-content\/uploads\/2022\/08\/Stardew-Valley-promotional-image-Sourcewwwstardewvalleynet-Image-copyright-Eric-Barone_Q640.jpg?fit=640%2C640&ssl=1","datePublished":"2022-08-06T22:01:45+00:00","dateModified":"2024-06-25T22:45:59+00:00","breadcrumb":{"@id":"https:\/\/enderg.com\/product\/stardew-valley\/#breadcrumb"},"inLanguage":"es","potentialAction":[{"@type":"ReadAction","target":["https:\/\/enderg.com\/product\/stardew-valley\/"]}]},{"@type":"ImageObject","inLanguage":"es","@id":"https:\/\/enderg.com\/product\/stardew-valley\/#primaryimage","url":"https:\/\/i0.wp.com\/enderg.com\/wp-content\/uploads\/2022\/08\/Stardew-Valley-promotional-image-Sourcewwwstardewvalleynet-Image-copyright-Eric-Barone_Q640.jpg?fit=640%2C640&ssl=1","contentUrl":"https:\/\/i0.wp.com\/enderg.com\/wp-content\/uploads\/2022\/08\/Stardew-Valley-promotional-image-Sourcewwwstardewvalleynet-Image-copyright-Eric-Barone_Q640.jpg?fit=640%2C640&ssl=1","width":640,"height":640},{"@type":"BreadcrumbList","@id":"https:\/\/enderg.com\/product\/stardew-valley\/#breadcrumb","itemListElement":[{"@type":"ListItem","position":1,"name":"Home","item":"https:\/\/enderg.com\/"},{"@type":"ListItem","position":2,"name":"Shop","item":"https:\/\/enderg.com\/shop\/"},{"@type":"ListItem","position":3,"name":"Stardew Valley"}]},{"@type":"WebSite","@id":"https:\/\/enderg.com\/#website","url":"https:\/\/enderg.com\/","name":"EnderG","description":"\u00a1M\u00e1s barato es lo que hacemos!","publisher":{"@id":"https:\/\/enderg.com\/#organization"},"potentialAction":[{"@type":"SearchAction","target":{"@type":"EntryPoint","urlTemplate":"https:\/\/enderg.com\/?s={search_term_string}"},"query-input":{"@type":"PropertyValueSpecification","valueRequired":true,"valueName":"search_term_string"}}],"inLanguage":"es"},{"@type":"Organization","@id":"https:\/\/enderg.com\/#organization","name":"EnderG","url":"https:\/\/enderg.com\/","logo":{"@type":"ImageObject","inLanguage":"es","@id":"https:\/\/enderg.com\/#\/schema\/logo\/image\/","url":"https:\/\/enderg.com\/wp-content\/uploads\/2023\/03\/222222222221.png","contentUrl":"https:\/\/enderg.com\/wp-content\/uploads\/2023\/03\/222222222221.png","width":512,"height":512,"caption":"EnderG"},"image":{"@id":"https:\/\/enderg.com\/#\/schema\/logo\/image\/"},"sameAs":["https:\/\/www.facebook.com\/Endergg1\/","https:\/\/www.instagram.com\/enderg01","https:\/\/www.youtube.com\/@enderg-com"],"description":"\u00a1Juegos m\u00e1s baratos es lo que hacemos!","legalName":"Vandar Limited","foundingDate":"2022-06-21"}]}},"jetpack_publicize_connections":[],"jetpack_likes_enabled":true,"jetpack_sharing_enabled":true,"jetpack-related-posts":[],"_links":{"self":[{"href":"https:\/\/enderg.com\/es\/wp-json\/wp\/v2\/product\/665","targetHints":{"allow":["GET"]}}],"collection":[{"href":"https:\/\/enderg.com\/es\/wp-json\/wp\/v2\/product"}],"about":[{"href":"https:\/\/enderg.com\/es\/wp-json\/wp\/v2\/types\/product"}],"replies":[{"embeddable":true,"href":"https:\/\/enderg.com\/es\/wp-json\/wp\/v2\/comments?post=665"}],"version-history":[{"count":8,"href":"https:\/\/enderg.com\/es\/wp-json\/wp\/v2\/product\/665\/revisions"}],"predecessor-version":[{"id":8776,"href":"https:\/\/enderg.com\/es\/wp-json\/wp\/v2\/product\/665\/revisions\/8776"}],"wp:featuredmedia":[{"embeddable":true,"href":"https:\/\/enderg.com\/es\/wp-json\/wp\/v2\/media\/1332"}],"wp:attachment":[{"href":"https:\/\/enderg.com\/es\/wp-json\/wp\/v2\/media?parent=665"}],"wp:term":[{"taxonomy":"product_brand","embeddable":true,"href":"https:\/\/enderg.com\/es\/wp-json\/wp\/v2\/product_brand?post=665"},{"taxonomy":"product_cat","embeddable":true,"href":"https:\/\/enderg.com\/es\/wp-json\/wp\/v2\/product_cat?post=665"},{"taxonomy":"product_tag","embeddable":true,"href":"https:\/\/enderg.com\/es\/wp-json\/wp\/v2\/product_tag?post=665"}],"curies":[{"name":"wp","href":"https:\/\/api.w.org\/{rel}","templated":true}]}}