{"id":633,"date":"2022-08-07T21:50:10","date_gmt":"2022-08-07T18:50:10","guid":{"rendered":"https:\/\/enderg.com\/?post_type=product&#038;p=633"},"modified":"2024-06-26T01:43:37","modified_gmt":"2024-06-25T22:43:37","slug":"resident-evil-revelations","status":"publish","type":"product","link":"https:\/\/enderg.com\/es\/product\/resident-evil-revelations\/","title":{"rendered":"Revelaciones de la residencia del mal"},"content":{"rendered":"<div data-elementor-type=\"wp-post\" data-elementor-id=\"633\" class=\"elementor elementor-633\" data-elementor-post-type=\"product\">\n\t\t\t\t\t\t<section class=\"elementor-section elementor-top-section elementor-element elementor-element-3680e285 elementor-section-boxed elementor-section-height-default elementor-section-height-default\" data-id=\"3680e285\" data-element_type=\"section\" data-e-type=\"section\">\n\t\t\t\t\t\t<div class=\"elementor-container elementor-column-gap-default\">\n\t\t\t\t\t<div class=\"elementor-column elementor-col-100 elementor-top-column elementor-element elementor-element-2c5e7718\" data-id=\"2c5e7718\" data-element_type=\"column\" data-e-type=\"column\">\n\t\t\t<div class=\"elementor-widget-wrap elementor-element-populated\">\n\t\t\t\t\t\t<div class=\"elementor-element elementor-element-7b4243c6 elementor-widget elementor-widget-accordion\" data-id=\"7b4243c6\" data-element_type=\"widget\" data-e-type=\"widget\" data-widget_type=\"accordion.default\">\n\t\t\t\t<div class=\"elementor-widget-container\">\n\t\t\t\t\t\t\t<div class=\"elementor-accordion\">\n\t\t\t\t\t\t\t<div class=\"elementor-accordion-item\">\n\t\t\t\t\t<h4 id=\"elementor-tab-title-2061\" class=\"elementor-tab-title\" data-tab=\"1\" role=\"button\" aria-controls=\"elementor-tab-content-2061\" aria-expanded=\"false\">\n\t\t\t\t\t\t\t\t\t\t\t\t\t<span class=\"elementor-accordion-icon elementor-accordion-icon-left\" aria-hidden=\"true\">\n\t\t\t\t\t\t\t\t\t\t\t\t\t\t\t<span class=\"elementor-accordion-icon-closed\"><i class=\"fas fa-truck\"><\/i><\/span>\n\t\t\t\t\t\t\t\t<span class=\"elementor-accordion-icon-opened\"><i class=\"fas fa-truck\"><\/i><\/span>\n\t\t\t\t\t\t\t\t\t\t\t\t\t\t<\/span>\n\t\t\t\t\t\t\t\t\t\t\t\t<a class=\"elementor-accordion-title\" tabindex=\"0\">Entrega r\u00e1pida<\/a>\n\t\t\t\t\t<\/h4>\n\t\t\t\t\t<div id=\"elementor-tab-content-2061\" class=\"elementor-tab-content elementor-clearfix\" data-tab=\"1\" role=\"region\" aria-labelledby=\"elementor-tab-title-2061\"><p>La entrega puede demorar de 5 a 20 minutos, seg\u00fan su lugar en nuestra cola<\/p><p>Su pedido ser\u00e1 'reembolsado autom\u00e1ticamente' en caso de que no se entregue despu\u00e9s de 12 horas!<\/p><\/div>\n\t\t\t\t<\/div>\n\t\t\t\t\t\t\t\t<\/div>\n\t\t\t\t\t\t<\/div>\n\t\t\t\t<\/div>\n\t\t\t\t<div class=\"elementor-element elementor-element-4e9a935f elementor-widget elementor-widget-accordion\" data-id=\"4e9a935f\" data-element_type=\"widget\" data-e-type=\"widget\" data-widget_type=\"accordion.default\">\n\t\t\t\t<div class=\"elementor-widget-container\">\n\t\t\t\t\t\t\t<div class=\"elementor-accordion\">\n\t\t\t\t\t\t\t<div class=\"elementor-accordion-item\">\n\t\t\t\t\t<h4 id=\"elementor-tab-title-1311\" class=\"elementor-tab-title\" data-tab=\"1\" role=\"button\" aria-controls=\"elementor-tab-content-1311\" aria-expanded=\"false\">\n\t\t\t\t\t\t\t\t\t\t\t\t\t<span class=\"elementor-accordion-icon elementor-accordion-icon-left\" aria-hidden=\"true\">\n\t\t\t\t\t\t\t\t\t\t\t\t\t\t\t<span class=\"elementor-accordion-icon-closed\"><i class=\"fab fa-xbox\"><\/i><\/span>\n\t\t\t\t\t\t\t\t<span class=\"elementor-accordion-icon-opened\"><i class=\"fab fa-xbox\"><\/i><\/span>\n\t\t\t\t\t\t\t\t\t\t\t\t\t\t<\/span>\n\t\t\t\t\t\t\t\t\t\t\t\t<a class=\"elementor-accordion-title\" tabindex=\"0\">C\u00f3mo activar<\/a>\n\t\t\t\t\t<\/h4>\n\t\t\t\t\t<div id=\"elementor-tab-content-1311\" class=\"elementor-tab-content elementor-clearfix\" data-tab=\"1\" role=\"region\" aria-labelledby=\"elementor-tab-title-1311\"><p>1- Abra una VPN y con\u00e9ctese al servidor especificado en su correo electr\u00f3nico despu\u00e9s de realizar su pedido.\u00a0<\/p><p>2- Haga clic en este\u00a0<a title=\"https:\/\/account.microsoft.com\/billing\/redeem?refd=login.live.com\" href=\"https:\/\/account.microsoft.com\/billing\/redeem?refd=login.live.com\"><strong>Enlace<\/strong><\/a>\u00a0\u00a1Inicie sesi\u00f3n en su cuenta y luego canjee la clave que recibi\u00f3!<\/p><p>3- \u00a1Disfruta!<\/p><\/div>\n\t\t\t\t<\/div>\n\t\t\t\t\t\t\t\t<\/div>\n\t\t\t\t\t\t<\/div>\n\t\t\t\t<\/div>\n\t\t\t\t\t<\/div>\n\t\t<\/div>\n\t\t\t\t\t<\/div>\n\t\t<\/section>\n\t\t\t\t<section class=\"elementor-section elementor-top-section elementor-element elementor-element-35e9a59e elementor-section-boxed elementor-section-height-default elementor-section-height-default\" data-id=\"35e9a59e\" data-element_type=\"section\" data-e-type=\"section\">\n\t\t\t\t\t\t<div class=\"elementor-container elementor-column-gap-default\">\n\t\t\t\t\t<div class=\"elementor-column elementor-col-100 elementor-top-column elementor-element elementor-element-40aca485\" data-id=\"40aca485\" data-element_type=\"column\" data-e-type=\"column\">\n\t\t\t<div class=\"elementor-widget-wrap elementor-element-populated\">\n\t\t\t\t\t\t<div class=\"elementor-element elementor-element-5fa92f18 elementor-widget elementor-widget-text-editor\" data-id=\"5fa92f18\" data-element_type=\"widget\" data-e-type=\"widget\" data-widget_type=\"text-editor.default\">\n\t\t\t\t<div class=\"elementor-widget-container\">\n\t\t\t\t\t\t\t\t\t<div class=\"game_page_autocollapse_ctn expanded\"><div id=\"aboutThisGame\" class=\"game_page_autocollapse\" data-panel=\"{&quot;type&quot;:&quot;PanelGroup&quot;}\"><div id=\"game_area_description\" class=\"game_area_description\"><h4 style=\"text-align: center;\"><strong style=\"font-size: 1.41575em;\">SOBRE ESTE JUEGO<\/strong><\/h4><p>Resident Evil<sup>\u00ae<\/sup>\u00a0Revelations regresa redefinido para PC con gr\u00e1ficos HD de alta calidad, efectos de iluminaci\u00f3n mejorados y una experiencia de sonido inmersiva. Esta \u00faltima versi\u00f3n de Resident Evil Revelations tambi\u00e9n ofrecer\u00e1 contenido adicional, como un nuevo enemigo aterrador, un modo de dificultad extra e integraci\u00f3n con...\u00a0<a href=\"https:\/\/steamcommunity.com\/linkfilter\/?url=http:\/\/ResidentEvil.net\" target=\"_blank\" rel=\"noopener\">ResidentEvil.net<\/a>\u00a0y mejoras en el Modo Incursi\u00f3n. El Modo Incursi\u00f3n, introducido por primera vez en la serie en la versi\u00f3n original de Resident Evil Revelations, permite a los jugadores jugar online en modo cooperativo o en solitario en el modo individual, enfrent\u00e1ndose a hordas de enemigos en diversas misiones mientras suben de nivel a sus personajes y consiguen mejoras de armas. Nuevas armas, habilidades y personajes jugables, como Hunk, llevan la experiencia del Modo Incursi\u00f3n a nuevas cotas.<\/p><p>El t\u00edtulo de terror de supervivencia aclamado por la cr\u00edtica lleva a los jugadores de regreso a los eventos que tuvieron lugar entre Resident Evil<sup>\u00ae<\/sup>\u00a04 y Resident Evil<sup>\u00ae<\/sup>\u00a05, que revela la verdad sobre el virus T-Abyss. Resident Evil Revelations presenta a los favoritos de la serie, Jill Valentine y Chris Redfield, junto con sus respectivas compa\u00f1eras de la BSAA: Parker Luciani y Jessica Sherawat. La acci\u00f3n comienza a bordo de un crucero supuestamente abandonado, el &quot;Queen Zenobia&quot;, donde el horror acecha en cada esquina, antes de que los jugadores se dirijan a tierra firme y a la devastada ciudad de Terragrigia. Con munici\u00f3n y armas limitadas, comienza la carrera para sobrevivir al horror de Resident Evil Revelations.<\/p><h2 class=\"bb_tag\">Caracter\u00edsticas clave<\/h2><ul class=\"bb_ul\"><li><strong>Fidelidad visual y auditiva mejorada\u00a0<\/strong>\u2013 Resident Evil Revelations trae miedo escalofriante con visuales HD de alta calidad, efectos de iluminaci\u00f3n mejorados y una experiencia de sonido envolvente.<\/li><li><strong>Vuelve el cl\u00e1sico juego de terror y supervivencia\u00a0<\/strong>La experiencia individual del modo campa\u00f1a permite a los jugadores explorar diversos lugares, como los oscuros y confinados espacios de un crucero y las peligrosas monta\u00f1as nevadas. Con munici\u00f3n y armas limitadas, lucha contra los enemigos infectados que acechan en cada esquina.<\/li><li><strong>El infierno se ha vuelto m\u00e1s caliente\u00a0<\/strong>\u2013 El Modo Infernal, un nuevo modo de dificultad para la edici\u00f3n HD remasterizada, no solo es m\u00e1s desafiante que los modos F\u00e1cil y Normal, sino que tambi\u00e9n combina la colocaci\u00f3n de enemigos y objetos, por lo que incluso aquellos familiarizados con el juego descubrir\u00e1n nuevos terrores.<\/li><li><strong>Conoce a Wall Blister\u00a0<\/strong>\u2013 Un enemigo completamente nuevo, Wall Blister, es una criatura mutada surgida del virus T-Abyss que se propaga a trav\u00e9s del agua, sum\u00e1ndose a los horrores que acechan en cada esquina.<\/li><li><strong><a href=\"https:\/\/steamcommunity.com\/linkfilter\/?url=http:\/\/Residentevil.net\" target=\"_blank\" rel=\"noopener\">Residentevil.net<\/a>\u00a0apoyo\u00a0<\/strong>\u2013 Resident Evil Revelations aprovechar\u00e1 al m\u00e1ximo\u00a0<a href=\"https:\/\/steamcommunity.com\/linkfilter\/?url=http:\/\/Residentevil.net\" target=\"_blank\" rel=\"noopener\">Residentevil.net<\/a>\u00a0with content available to users once the game launches. Earn weapons and custom parts and use them in-game, collect figures that can be used in dioramas and check your stats through the online web service.<\/li><li><strong>Improved Raid Mode\u00a0<\/strong>\u2013 New weapons, skill sets, playable characters including Rachel and Hunk and enemies exclusive to this mode are added for the this latest version.<\/li><li><strong>Use your equipment\u00a0<\/strong>\u2013 Analyze enemies and investigate areas with the Genesis scanner to reveal hidden items.<\/li><\/ul><\/div><\/div><\/div><div class=\"game_page_autocollapse_ctn\"><div class=\"game_page_autocollapse sys_req\"><h2><iframe title=\"reproductor de videos de youtube\" data-src=\"https:\/\/www.youtube.com\/embed\/pgSF2aY9MtM\" width=\"560\" height=\"315\" frameborder=\"0\" allowfullscreen=\"allowfullscreen\" src=\"data:image\/svg+xml;base64,PHN2ZyB3aWR0aD0iMSIgaGVpZ2h0PSIxIiB4bWxucz0iaHR0cDovL3d3dy53My5vcmcvMjAwMC9zdmciPjwvc3ZnPg==\" class=\"lazyload\" data-load-mode=\"1\"><\/iframe><\/h2><h2>REQUISITOS DEL SISTEMA<\/h2><div class=\"sysreq_contents\"><div class=\"game_area_sys_req sysreq_content active\" data-os=\"win\"><div class=\"game_area_sys_req_leftCol\"><p><strong>M\u00cdNIMO:<\/strong><\/p><ul><li style=\"list-style-type: none;\"><ul class=\"bb_ul\"><li><strong>sistema operativo:<\/strong>Windows\u00ae 8.1\/Windows\u00ae10<\/li><li><strong>Procesador:<\/strong>Intel\u00ae Core\u2122 2 Duo 2.4Ghz or better, AMD Athlon\u2122 X2 2.8 Ghz or better<\/li><li><strong>Memoria:<\/strong>2 GB de RAM<\/li><li><strong>Gr\u00e1ficos:<\/strong>NVIDIA\u00ae GeForce\u00ae 8800GTS or better, ATI Radeon\u2122 HD3850 or better<\/li><li><strong>DirectX\u00ae:<\/strong>9.0c<\/li><li><strong>Disco duro:<\/strong>8 GB HD space<\/li><li><strong>Sonido:<\/strong>DirectSound supported with DirectX9.0c or better<\/li><li><strong>Otros requerimientos:<\/strong>Conexi\u00f3n de Internet de banda ancha<\/li><\/ul><\/li><\/ul><\/div><div class=\"game_area_sys_req_rightCol\"><p><strong>RECOMENDADO:<\/strong><\/p><ul><li style=\"list-style-type: none;\"><ul class=\"bb_ul\"><li><strong>sistema operativo:<\/strong>Windows\u00ae 8.1\/Windows\u00ae10<\/li><li><strong>Procesador:<\/strong>Intel\u00ae Core\u2122 2 Quad 2,7 Ghz o mejor, AMD Phenom\u2122 II X4 3 Ghz o mejor<\/li><li><strong>Memoria:<\/strong>4 GB de RAM<\/li><li><strong>Gr\u00e1ficos:<\/strong>NVIDIA\u00ae GeForce\u00ae GTX 560 or better, ATI Radeon\u2122 HD6950 or better<\/li><li><strong>DirectX\u00ae:<\/strong>9.0c<\/li><li><strong>Disco duro:<\/strong>8 GB HD space<\/li><li><strong>Sonido:<\/strong>DirectSound supported with DirectX9.0c or better<\/li><li><strong>Otros requerimientos:<\/strong>Conexi\u00f3n de Internet de banda ancha<\/li><\/ul><\/li><\/ul><\/div><div>\u00a0<\/div><\/div><\/div><\/div><\/div><div class=\"game_page_autocollapse_ctn\"><div class=\"game_page_autocollapse\"><div id=\"game_area_legal\">\u00a0<\/div><\/div><\/div>\t\t\t\t\t\t\t\t<\/div>\n\t\t\t\t<\/div>\n\t\t\t\t\t<\/div>\n\t\t<\/div>\n\t\t\t\t\t<\/div>\n\t\t<\/section>\n\t\t\t\t<\/div>","protected":false},"excerpt":{"rendered":"<p>Fast Delivery Delivery can take 5 to 20 minutes, according to your place in our queue Your Order will be \u2018Auto Refunded\u2019 in case it does not get delivered after 12 hours! How To Activate 1- Open up a VPN and connect to the server specified in your email after placing your order.\u00a0 2- Click [&hellip;]<\/p>\n","protected":false},"featured_media":1240,"comment_status":"open","ping_status":"closed","template":"","meta":{"_crdt_document":"","jetpack_publicize_message":"","jetpack_publicize_feature_enabled":true,"jetpack_social_post_already_shared":true,"jetpack_social_options":{"image_generator_settings":{"template":"highway","default_image_id":0,"font":"","enabled":false},"version":2},"_wpas_customize_per_network":false},"product_brand":[],"product_cat":[1375,1374],"product_tag":[],"class_list":{"0":"post-633","1":"product","2":"type-product","3":"status-publish","4":"has-post-thumbnail","6":"product_cat-pc","7":"product_cat-xbox","9":"first","10":"outofstock","11":"sale","12":"taxable","13":"shipping-taxable","14":"purchasable","15":"product-type-variable","16":"has-default-attributes"},"yoast_head":"<!-- This site is optimized with the Yoast SEO Premium plugin v27.3 (Yoast SEO v27.3) - https:\/\/yoast.com\/product\/yoast-seo-premium-wordpress\/ -->\n<title>Resident Evil Revelations - EnderG<\/title>\n<meta name=\"robots\" content=\"index, follow, max-snippet:-1, max-image-preview:large, max-video-preview:-1\" \/>\n<link rel=\"canonical\" href=\"https:\/\/enderg.com\/es\/product\/resident-evil-revelations\/\" \/>\n<meta property=\"og:locale\" content=\"es_ES\" \/>\n<meta property=\"og:type\" content=\"article\" \/>\n<meta property=\"og:title\" content=\"Resident Evil Revelations\" \/>\n<meta property=\"og:description\" content=\"Fast Delivery Delivery can take 5 to 20 minutes, according to your place in our queue Your Order will be \u2018Auto Refunded\u2019 in case it does not get delivered after 12 hours! How To Activate 1- Open up a VPN and connect to the server specified in your email after placing your order.\u00a0 2- Click [&hellip;]\" \/>\n<meta property=\"og:url\" content=\"https:\/\/enderg.com\/es\/product\/resident-evil-revelations\/\" \/>\n<meta property=\"og:site_name\" content=\"EnderG\" \/>\n<meta property=\"article:publisher\" content=\"https:\/\/www.facebook.com\/Endergg1\/\" \/>\n<meta property=\"article:modified_time\" content=\"2024-06-25T22:43:37+00:00\" \/>\n<meta property=\"og:image\" content=\"https:\/\/enderg.com\/wp-content\/uploads\/2022\/08\/LX4fV6Y1lFhvdEyf1V3npgFtlRx4NfSf.jpg\" \/>\n\t<meta property=\"og:image:width\" content=\"1024\" \/>\n\t<meta property=\"og:image:height\" content=\"1024\" \/>\n\t<meta property=\"og:image:type\" content=\"image\/jpeg\" \/>\n<meta name=\"twitter:card\" content=\"summary_large_image\" \/>\n<meta name=\"twitter:label1\" content=\"Tiempo de lectura\" \/>\n\t<meta name=\"twitter:data1\" content=\"4 minutos\" \/>\n<script type=\"application\/ld+json\" class=\"yoast-schema-graph\">{\"@context\":\"https:\\\/\\\/schema.org\",\"@graph\":[{\"@type\":\"WebPage\",\"@id\":\"https:\\\/\\\/enderg.com\\\/product\\\/resident-evil-revelations\\\/\",\"url\":\"https:\\\/\\\/enderg.com\\\/product\\\/resident-evil-revelations\\\/\",\"name\":\"Resident Evil Revelations - EnderG\",\"isPartOf\":{\"@id\":\"https:\\\/\\\/enderg.com\\\/#website\"},\"primaryImageOfPage\":{\"@id\":\"https:\\\/\\\/enderg.com\\\/product\\\/resident-evil-revelations\\\/#primaryimage\"},\"image\":{\"@id\":\"https:\\\/\\\/enderg.com\\\/product\\\/resident-evil-revelations\\\/#primaryimage\"},\"thumbnailUrl\":\"https:\\\/\\\/i0.wp.com\\\/enderg.com\\\/wp-content\\\/uploads\\\/2022\\\/08\\\/LX4fV6Y1lFhvdEyf1V3npgFtlRx4NfSf.jpg?fit=1024%2C1024&ssl=1\",\"datePublished\":\"2022-08-07T18:50:10+00:00\",\"dateModified\":\"2024-06-25T22:43:37+00:00\",\"breadcrumb\":{\"@id\":\"https:\\\/\\\/enderg.com\\\/product\\\/resident-evil-revelations\\\/#breadcrumb\"},\"inLanguage\":\"es\",\"potentialAction\":[{\"@type\":\"ReadAction\",\"target\":[\"https:\\\/\\\/enderg.com\\\/product\\\/resident-evil-revelations\\\/\"]}]},{\"@type\":\"ImageObject\",\"inLanguage\":\"es\",\"@id\":\"https:\\\/\\\/enderg.com\\\/product\\\/resident-evil-revelations\\\/#primaryimage\",\"url\":\"https:\\\/\\\/i0.wp.com\\\/enderg.com\\\/wp-content\\\/uploads\\\/2022\\\/08\\\/LX4fV6Y1lFhvdEyf1V3npgFtlRx4NfSf.jpg?fit=1024%2C1024&ssl=1\",\"contentUrl\":\"https:\\\/\\\/i0.wp.com\\\/enderg.com\\\/wp-content\\\/uploads\\\/2022\\\/08\\\/LX4fV6Y1lFhvdEyf1V3npgFtlRx4NfSf.jpg?fit=1024%2C1024&ssl=1\",\"width\":1024,\"height\":1024},{\"@type\":\"BreadcrumbList\",\"@id\":\"https:\\\/\\\/enderg.com\\\/product\\\/resident-evil-revelations\\\/#breadcrumb\",\"itemListElement\":[{\"@type\":\"ListItem\",\"position\":1,\"name\":\"Home\",\"item\":\"https:\\\/\\\/enderg.com\\\/\"},{\"@type\":\"ListItem\",\"position\":2,\"name\":\"Shop\",\"item\":\"https:\\\/\\\/enderg.com\\\/shop\\\/\"},{\"@type\":\"ListItem\",\"position\":3,\"name\":\"Resident Evil Revelations\"}]},{\"@type\":\"WebSite\",\"@id\":\"https:\\\/\\\/enderg.com\\\/#website\",\"url\":\"https:\\\/\\\/enderg.com\\\/\",\"name\":\"EnderG\",\"description\":\"Cheaper Is What We Do!\",\"publisher\":{\"@id\":\"https:\\\/\\\/enderg.com\\\/#organization\"},\"potentialAction\":[{\"@type\":\"SearchAction\",\"target\":{\"@type\":\"EntryPoint\",\"urlTemplate\":\"https:\\\/\\\/enderg.com\\\/?s={search_term_string}\"},\"query-input\":{\"@type\":\"PropertyValueSpecification\",\"valueRequired\":true,\"valueName\":\"search_term_string\"}}],\"inLanguage\":\"es\"},{\"@type\":\"Organization\",\"@id\":\"https:\\\/\\\/enderg.com\\\/#organization\",\"name\":\"EnderG\",\"url\":\"https:\\\/\\\/enderg.com\\\/\",\"logo\":{\"@type\":\"ImageObject\",\"inLanguage\":\"es\",\"@id\":\"https:\\\/\\\/enderg.com\\\/#\\\/schema\\\/logo\\\/image\\\/\",\"url\":\"https:\\\/\\\/enderg.com\\\/wp-content\\\/uploads\\\/2023\\\/03\\\/222222222221.png\",\"contentUrl\":\"https:\\\/\\\/enderg.com\\\/wp-content\\\/uploads\\\/2023\\\/03\\\/222222222221.png\",\"width\":512,\"height\":512,\"caption\":\"EnderG\"},\"image\":{\"@id\":\"https:\\\/\\\/enderg.com\\\/#\\\/schema\\\/logo\\\/image\\\/\"},\"sameAs\":[\"https:\\\/\\\/www.facebook.com\\\/Endergg1\\\/\",\"https:\\\/\\\/www.instagram.com\\\/enderg01\",\"https:\\\/\\\/www.youtube.com\\\/@enderg-com\"],\"description\":\"Cheaper Gaming is what we do!\",\"legalName\":\"Vandar Limited\",\"foundingDate\":\"2022-06-21\"}]}<\/script>\n<!-- \/ Yoast SEO Premium plugin. -->","yoast_head_json":{"title":"Resident Evil Revelations - EnderG","robots":{"index":"index","follow":"follow","max-snippet":"max-snippet:-1","max-image-preview":"max-image-preview:large","max-video-preview":"max-video-preview:-1"},"canonical":"https:\/\/enderg.com\/es\/product\/resident-evil-revelations\/","og_locale":"es_ES","og_type":"article","og_title":"Resident Evil Revelations","og_description":"Fast Delivery Delivery can take 5 to 20 minutes, according to your place in our queue Your Order will be \u2018Auto Refunded\u2019 in case it does not get delivered after 12 hours! How To Activate 1- Open up a VPN and connect to the server specified in your email after placing your order.\u00a0 2- Click [&hellip;]","og_url":"https:\/\/enderg.com\/es\/product\/resident-evil-revelations\/","og_site_name":"EnderG","article_publisher":"https:\/\/www.facebook.com\/Endergg1\/","article_modified_time":"2024-06-25T22:43:37+00:00","og_image":[{"width":1024,"height":1024,"url":"https:\/\/enderg.com\/wp-content\/uploads\/2022\/08\/LX4fV6Y1lFhvdEyf1V3npgFtlRx4NfSf.jpg","type":"image\/jpeg"}],"twitter_card":"summary_large_image","twitter_misc":{"Tiempo de lectura":"4 minutos"},"schema":{"@context":"https:\/\/schema.org","@graph":[{"@type":"WebPage","@id":"https:\/\/enderg.com\/product\/resident-evil-revelations\/","url":"https:\/\/enderg.com\/product\/resident-evil-revelations\/","name":"Resident Evil Revelations - EnderG","isPartOf":{"@id":"https:\/\/enderg.com\/#website"},"primaryImageOfPage":{"@id":"https:\/\/enderg.com\/product\/resident-evil-revelations\/#primaryimage"},"image":{"@id":"https:\/\/enderg.com\/product\/resident-evil-revelations\/#primaryimage"},"thumbnailUrl":"https:\/\/i0.wp.com\/enderg.com\/wp-content\/uploads\/2022\/08\/LX4fV6Y1lFhvdEyf1V3npgFtlRx4NfSf.jpg?fit=1024%2C1024&ssl=1","datePublished":"2022-08-07T18:50:10+00:00","dateModified":"2024-06-25T22:43:37+00:00","breadcrumb":{"@id":"https:\/\/enderg.com\/product\/resident-evil-revelations\/#breadcrumb"},"inLanguage":"es","potentialAction":[{"@type":"ReadAction","target":["https:\/\/enderg.com\/product\/resident-evil-revelations\/"]}]},{"@type":"ImageObject","inLanguage":"es","@id":"https:\/\/enderg.com\/product\/resident-evil-revelations\/#primaryimage","url":"https:\/\/i0.wp.com\/enderg.com\/wp-content\/uploads\/2022\/08\/LX4fV6Y1lFhvdEyf1V3npgFtlRx4NfSf.jpg?fit=1024%2C1024&ssl=1","contentUrl":"https:\/\/i0.wp.com\/enderg.com\/wp-content\/uploads\/2022\/08\/LX4fV6Y1lFhvdEyf1V3npgFtlRx4NfSf.jpg?fit=1024%2C1024&ssl=1","width":1024,"height":1024},{"@type":"BreadcrumbList","@id":"https:\/\/enderg.com\/product\/resident-evil-revelations\/#breadcrumb","itemListElement":[{"@type":"ListItem","position":1,"name":"Home","item":"https:\/\/enderg.com\/"},{"@type":"ListItem","position":2,"name":"Shop","item":"https:\/\/enderg.com\/shop\/"},{"@type":"ListItem","position":3,"name":"Resident Evil Revelations"}]},{"@type":"WebSite","@id":"https:\/\/enderg.com\/#website","url":"https:\/\/enderg.com\/","name":"EnderG","description":"\u00a1M\u00e1s barato es lo que hacemos!","publisher":{"@id":"https:\/\/enderg.com\/#organization"},"potentialAction":[{"@type":"SearchAction","target":{"@type":"EntryPoint","urlTemplate":"https:\/\/enderg.com\/?s={search_term_string}"},"query-input":{"@type":"PropertyValueSpecification","valueRequired":true,"valueName":"search_term_string"}}],"inLanguage":"es"},{"@type":"Organization","@id":"https:\/\/enderg.com\/#organization","name":"EnderG","url":"https:\/\/enderg.com\/","logo":{"@type":"ImageObject","inLanguage":"es","@id":"https:\/\/enderg.com\/#\/schema\/logo\/image\/","url":"https:\/\/enderg.com\/wp-content\/uploads\/2023\/03\/222222222221.png","contentUrl":"https:\/\/enderg.com\/wp-content\/uploads\/2023\/03\/222222222221.png","width":512,"height":512,"caption":"EnderG"},"image":{"@id":"https:\/\/enderg.com\/#\/schema\/logo\/image\/"},"sameAs":["https:\/\/www.facebook.com\/Endergg1\/","https:\/\/www.instagram.com\/enderg01","https:\/\/www.youtube.com\/@enderg-com"],"description":"\u00a1Juegos m\u00e1s baratos es lo que hacemos!","legalName":"Vandar Limited","foundingDate":"2022-06-21"}]}},"jetpack_publicize_connections":[],"jetpack_likes_enabled":true,"jetpack_sharing_enabled":true,"jetpack-related-posts":[],"_links":{"self":[{"href":"https:\/\/enderg.com\/es\/wp-json\/wp\/v2\/product\/633","targetHints":{"allow":["GET"]}}],"collection":[{"href":"https:\/\/enderg.com\/es\/wp-json\/wp\/v2\/product"}],"about":[{"href":"https:\/\/enderg.com\/es\/wp-json\/wp\/v2\/types\/product"}],"replies":[{"embeddable":true,"href":"https:\/\/enderg.com\/es\/wp-json\/wp\/v2\/comments?post=633"}],"version-history":[{"count":18,"href":"https:\/\/enderg.com\/es\/wp-json\/wp\/v2\/product\/633\/revisions"}],"predecessor-version":[{"id":8712,"href":"https:\/\/enderg.com\/es\/wp-json\/wp\/v2\/product\/633\/revisions\/8712"}],"wp:featuredmedia":[{"embeddable":true,"href":"https:\/\/enderg.com\/es\/wp-json\/wp\/v2\/media\/1240"}],"wp:attachment":[{"href":"https:\/\/enderg.com\/es\/wp-json\/wp\/v2\/media?parent=633"}],"wp:term":[{"taxonomy":"product_brand","embeddable":true,"href":"https:\/\/enderg.com\/es\/wp-json\/wp\/v2\/product_brand?post=633"},{"taxonomy":"product_cat","embeddable":true,"href":"https:\/\/enderg.com\/es\/wp-json\/wp\/v2\/product_cat?post=633"},{"taxonomy":"product_tag","embeddable":true,"href":"https:\/\/enderg.com\/es\/wp-json\/wp\/v2\/product_tag?post=633"}],"curies":[{"name":"wp","href":"https:\/\/api.w.org\/{rel}","templated":true}]}}