{"id":606,"date":"2022-08-07T21:45:18","date_gmt":"2022-08-07T18:45:18","guid":{"rendered":"https:\/\/enderg.com\/?post_type=product&#038;p=606"},"modified":"2024-06-26T01:45:02","modified_gmt":"2024-06-25T22:45:02","slug":"resident-evil-3","status":"publish","type":"product","link":"https:\/\/enderg.com\/es\/product\/resident-evil-3\/","title":{"rendered":"Residente malvado 3"},"content":{"rendered":"<div data-elementor-type=\"wp-post\" data-elementor-id=\"606\" class=\"elementor elementor-606\" data-elementor-post-type=\"product\">\n\t\t\t\t\t\t<section class=\"elementor-section elementor-top-section elementor-element elementor-element-5c8c1846 elementor-section-boxed elementor-section-height-default elementor-section-height-default\" data-id=\"5c8c1846\" data-element_type=\"section\" data-e-type=\"section\">\n\t\t\t\t\t\t<div class=\"elementor-container elementor-column-gap-default\">\n\t\t\t\t\t<div class=\"elementor-column elementor-col-100 elementor-top-column elementor-element elementor-element-30f28fec\" data-id=\"30f28fec\" data-element_type=\"column\" data-e-type=\"column\">\n\t\t\t<div class=\"elementor-widget-wrap elementor-element-populated\">\n\t\t\t\t\t\t<div class=\"elementor-element elementor-element-6d852c03 elementor-widget elementor-widget-accordion\" data-id=\"6d852c03\" data-element_type=\"widget\" data-e-type=\"widget\" data-widget_type=\"accordion.default\">\n\t\t\t\t<div class=\"elementor-widget-container\">\n\t\t\t\t\t\t\t<div class=\"elementor-accordion\">\n\t\t\t\t\t\t\t<div class=\"elementor-accordion-item\">\n\t\t\t\t\t<h4 id=\"elementor-tab-title-1831\" class=\"elementor-tab-title\" data-tab=\"1\" role=\"button\" aria-controls=\"elementor-tab-content-1831\" aria-expanded=\"false\">\n\t\t\t\t\t\t\t\t\t\t\t\t\t<span class=\"elementor-accordion-icon elementor-accordion-icon-left\" aria-hidden=\"true\">\n\t\t\t\t\t\t\t\t\t\t\t\t\t\t\t<span class=\"elementor-accordion-icon-closed\"><i class=\"fas fa-truck\"><\/i><\/span>\n\t\t\t\t\t\t\t\t<span class=\"elementor-accordion-icon-opened\"><i class=\"fas fa-truck\"><\/i><\/span>\n\t\t\t\t\t\t\t\t\t\t\t\t\t\t<\/span>\n\t\t\t\t\t\t\t\t\t\t\t\t<a class=\"elementor-accordion-title\" tabindex=\"0\">Entrega r\u00e1pida<\/a>\n\t\t\t\t\t<\/h4>\n\t\t\t\t\t<div id=\"elementor-tab-content-1831\" class=\"elementor-tab-content elementor-clearfix\" data-tab=\"1\" role=\"region\" aria-labelledby=\"elementor-tab-title-1831\"><p>La entrega puede demorar de 5 a 20 minutos, seg\u00fan su lugar en nuestra cola<\/p><p>Su pedido ser\u00e1 'reembolsado autom\u00e1ticamente' en caso de que no se entregue despu\u00e9s de 12 horas!<\/p><\/div>\n\t\t\t\t<\/div>\n\t\t\t\t\t\t\t\t<\/div>\n\t\t\t\t\t\t<\/div>\n\t\t\t\t<\/div>\n\t\t\t\t<div class=\"elementor-element elementor-element-40940954 elementor-widget elementor-widget-accordion\" data-id=\"40940954\" data-element_type=\"widget\" data-e-type=\"widget\" data-widget_type=\"accordion.default\">\n\t\t\t\t<div class=\"elementor-widget-container\">\n\t\t\t\t\t\t\t<div class=\"elementor-accordion\">\n\t\t\t\t\t\t\t<div class=\"elementor-accordion-item\">\n\t\t\t\t\t<h4 id=\"elementor-tab-title-1081\" class=\"elementor-tab-title\" data-tab=\"1\" role=\"button\" aria-controls=\"elementor-tab-content-1081\" aria-expanded=\"false\">\n\t\t\t\t\t\t\t\t\t\t\t\t\t<span class=\"elementor-accordion-icon elementor-accordion-icon-left\" aria-hidden=\"true\">\n\t\t\t\t\t\t\t\t\t\t\t\t\t\t\t<span class=\"elementor-accordion-icon-closed\"><i class=\"fab fa-xbox\"><\/i><\/span>\n\t\t\t\t\t\t\t\t<span class=\"elementor-accordion-icon-opened\"><i class=\"fab fa-xbox\"><\/i><\/span>\n\t\t\t\t\t\t\t\t\t\t\t\t\t\t<\/span>\n\t\t\t\t\t\t\t\t\t\t\t\t<a class=\"elementor-accordion-title\" tabindex=\"0\">C\u00f3mo activar<\/a>\n\t\t\t\t\t<\/h4>\n\t\t\t\t\t<div id=\"elementor-tab-content-1081\" class=\"elementor-tab-content elementor-clearfix\" data-tab=\"1\" role=\"region\" aria-labelledby=\"elementor-tab-title-1081\"><p>1- Abra una VPN y con\u00e9ctese al servidor especificado en su correo electr\u00f3nico despu\u00e9s de realizar su pedido.<\/p><p>2- Haga clic en este\u00a0<a title=\"https:\/\/account.microsoft.com\/billing\/redeem?refd=login.live.com\" href=\"https:\/\/account.microsoft.com\/billing\/redeem?refd=login.live.com\"><strong>Enlace<\/strong><\/a>\u00a0\u00a1Inicie sesi\u00f3n en su cuenta y luego canjee la clave que recibi\u00f3!<\/p><p>3- \u00a1Disfruta!<\/p><\/div>\n\t\t\t\t<\/div>\n\t\t\t\t\t\t\t\t<\/div>\n\t\t\t\t\t\t<\/div>\n\t\t\t\t<\/div>\n\t\t\t\t\t<\/div>\n\t\t<\/div>\n\t\t\t\t\t<\/div>\n\t\t<\/section>\n\t\t\t\t<section class=\"elementor-section elementor-top-section elementor-element elementor-element-3653e74c elementor-section-boxed elementor-section-height-default elementor-section-height-default\" data-id=\"3653e74c\" data-element_type=\"section\" data-e-type=\"section\">\n\t\t\t\t\t\t<div class=\"elementor-container elementor-column-gap-default\">\n\t\t\t\t\t<div class=\"elementor-column elementor-col-100 elementor-top-column elementor-element elementor-element-7a4eabe8\" data-id=\"7a4eabe8\" data-element_type=\"column\" data-e-type=\"column\">\n\t\t\t<div class=\"elementor-widget-wrap elementor-element-populated\">\n\t\t\t\t\t\t<div class=\"elementor-element elementor-element-383e02b7 elementor-widget elementor-widget-text-editor\" data-id=\"383e02b7\" data-element_type=\"widget\" data-e-type=\"widget\" data-widget_type=\"text-editor.default\">\n\t\t\t\t<div class=\"elementor-widget-container\">\n\t\t\t\t\t\t\t\t\t<div class=\"game_page_autocollapse_ctn\"><div id=\"aboutThisGame\" class=\"game_page_autocollapse\" data-panel=\"{&quot;type&quot;:&quot;PanelGroup&quot;}\"><div id=\"game_area_description\" class=\"game_area_description\"><h4 style=\"text-align: center;\"><strong style=\"font-size: 1.41575em;\">SOBRE ESTE JUEGO<\/strong><\/h4><p>Jill Valentine es una de las \u00faltimas personas que quedan en Raccoon City en presenciar las atrocidades que cometi\u00f3 Umbrella. Para detenerla, Umbrella desata su arma secreta definitiva; \u00a1Justicia!<\/p><p>Tambi\u00e9n incluye Resident Evil Resistance, un nuevo juego multijugador online 1 contra 4 ambientado en el universo Resident Evil donde cuatro supervivientes se enfrentan a un siniestro Mastermind.<\/p><\/div><\/div><\/div><div class=\"game_page_autocollapse_ctn\"><div class=\"game_page_autocollapse\"><div id=\"game_area_content_descriptors\" class=\"game_area_description\"><h2>DESCRIPCI\u00d3N DEL CONTENIDO MADURO<\/h2><p>Los desarrolladores describen el contenido as\u00ed:<\/p><p><i>ADVERTENCIA: Este juego contiene lenguaje fuerte y violencia extrema.<\/i><\/p><\/div><\/div><\/div><div class=\"game_page_autocollapse_ctn expanded\"><div class=\"game_page_autocollapse sys_req\"><h2><iframe title=\"reproductor de videos de youtube\" data-src=\"https:\/\/www.youtube.com\/embed\/9LrLM4Hvr9U\" width=\"560\" height=\"315\" frameborder=\"0\" allowfullscreen=\"allowfullscreen\" src=\"data:image\/svg+xml;base64,PHN2ZyB3aWR0aD0iMSIgaGVpZ2h0PSIxIiB4bWxucz0iaHR0cDovL3d3dy53My5vcmcvMjAwMC9zdmciPjwvc3ZnPg==\" class=\"lazyload\" data-load-mode=\"1\"><\/iframe><\/h2><h2>REQUISITOS DEL SISTEMA<\/h2><div class=\"sysreq_contents\"><div class=\"game_area_sys_req sysreq_content active\" data-os=\"win\"><div class=\"game_area_sys_req_leftCol\"><p><strong>M\u00cdNIMO:<\/strong><\/p><ul><li style=\"list-style-type: none;\"><ul class=\"bb_ul\"><li>Requiere un procesador y un sistema operativo de 64 bits.<\/li><li><strong>sistema operativo:<\/strong>\u00a0WINDOWS\u00ae 10 (se requiere 64 bits)<\/li><li><strong>Procesador:<\/strong>\u00a0Intel\u00ae Core\u2122 i5-4460 o AMD FX\u2122-6300 o superior<\/li><li><strong>Memoria:<\/strong>\u00a08GB RAM<\/li><li><strong>Gr\u00e1ficos:<\/strong>\u00a0NVIDIA\u00ae GeForce\u00ae GTX 960 o AMD Radeon\u2122 RX 460<\/li><li><strong>DirectX:<\/strong>\u00a0Versi\u00f3n 12<\/li><li><strong>La red:<\/strong>\u00a0Conexi\u00f3n de Internet de banda ancha<\/li><li><strong>Almacenamiento:<\/strong>\u00a045 GB de espacio disponible<\/li><li><strong>Notas adicionales:<\/strong>\u00a0El rendimiento previsto con estas especificaciones es 1080p\/30FPS para Resident Evil 3 y 720p\/30FPS para Resident Evil Resistance. Si no tienes suficiente memoria gr\u00e1fica para ejecutar el juego con la calidad de textura seleccionada, debes ir a Opciones &gt; Gr\u00e1ficos y reducir la calidad de la textura o la calidad de las sombras, o disminuir la resoluci\u00f3n. Se requiere una conexi\u00f3n a Internet para la activaci\u00f3n del producto. Adem\u00e1s, se requiere una conexi\u00f3n a Internet en todo momento para jugar a Resident Evil Resistance. (La conectividad de red utiliza Steam\u00ae desarrollado por Valve\u00ae Corporation).<\/li><\/ul><\/li><\/ul><\/div><div class=\"game_area_sys_req_rightCol\"><p><strong>RECOMENDADO:<\/strong><\/p><ul><li style=\"list-style-type: none;\"><ul class=\"bb_ul\"><li>Requiere un procesador y un sistema operativo de 64 bits.<\/li><li><strong>sistema operativo:<\/strong>\u00a0WINDOWS\u00ae 10 (se requiere 64 bits)<\/li><li><strong>Procesador:<\/strong>\u00a0Intel\u00ae Core\u2122 i7-3770 o AMD FX\u2122-9590 o superior<\/li><li><strong>Memoria:<\/strong>\u00a08GB RAM<\/li><li><strong>Gr\u00e1ficos:<\/strong>\u00a0NVIDIA\u00ae GeForce\u00ae GTX 1060 o AMD Radeon\u2122 RX 480 con 3 GB de VRAM<\/li><li><strong>DirectX:<\/strong>\u00a0Versi\u00f3n 12<\/li><li><strong>La red:<\/strong>\u00a0Conexi\u00f3n de Internet de banda ancha<\/li><li><strong>Almacenamiento:<\/strong>\u00a045 GB de espacio disponible<\/li><li><strong>Notas adicionales:<\/strong>\u00a0El rendimiento previsto con estas especificaciones es 1080p\/60 FPS. Se requiere una conexi\u00f3n a Internet para la activaci\u00f3n del producto. Adem\u00e1s, se requiere una conexi\u00f3n a Internet en todo momento para jugar a Resident Evil Resistance. (La conectividad de red utiliza Steam\u00ae desarrollado por Valve\u00ae Corporation).<\/li><\/ul><\/li><\/ul><\/div><\/div><\/div><\/div><\/div>\t\t\t\t\t\t\t\t<\/div>\n\t\t\t\t<\/div>\n\t\t\t\t\t<\/div>\n\t\t<\/div>\n\t\t\t\t\t<\/div>\n\t\t<\/section>\n\t\t\t\t<\/div>","protected":false},"excerpt":{"rendered":"<p>Fast Delivery Delivery can take 5 to 20 minutes, according to your place in our queue Your Order will be \u2018Auto Refunded\u2019 in case it does not get delivered after 12 hours! How To Activate 1- Open up a VPN and connect to the server specified in your email after placing your order. 2- Click [&hellip;]<\/p>\n","protected":false},"featured_media":1175,"comment_status":"closed","ping_status":"closed","template":"","meta":{"_crdt_document":"","jetpack_post_was_ever_published":false,"jetpack_publicize_message":"","jetpack_publicize_feature_enabled":true,"jetpack_social_post_already_shared":true,"jetpack_social_options":{"image_generator_settings":{"template":"highway","default_image_id":0,"font":"","enabled":false},"version":2},"_wpas_customize_per_network":false},"product_brand":[],"product_cat":[1375,1374],"product_tag":[],"class_list":{"0":"post-606","1":"product","2":"type-product","3":"status-publish","4":"has-post-thumbnail","6":"product_cat-pc","7":"product_cat-xbox","9":"first","10":"outofstock","11":"sale","12":"taxable","13":"shipping-taxable","14":"purchasable","15":"product-type-variable","16":"has-default-attributes"},"yoast_head":"<!-- This site is optimized with the Yoast SEO Premium plugin v27.3 (Yoast SEO v27.3) - https:\/\/yoast.com\/product\/yoast-seo-premium-wordpress\/ -->\n<title>Resident Evil 3 - EnderG<\/title>\n<meta name=\"robots\" content=\"index, follow, max-snippet:-1, max-image-preview:large, max-video-preview:-1\" \/>\n<link rel=\"canonical\" href=\"https:\/\/enderg.com\/es\/product\/resident-evil-3\/\" \/>\n<meta property=\"og:locale\" content=\"es_ES\" \/>\n<meta property=\"og:type\" content=\"article\" \/>\n<meta property=\"og:title\" content=\"Resident Evil 3\" \/>\n<meta property=\"og:description\" content=\"Fast Delivery Delivery can take 5 to 20 minutes, according to your place in our queue Your Order will be \u2018Auto Refunded\u2019 in case it does not get delivered after 12 hours! How To Activate 1- Open up a VPN and connect to the server specified in your email after placing your order. 2- Click [&hellip;]\" \/>\n<meta property=\"og:url\" content=\"https:\/\/enderg.com\/es\/product\/resident-evil-3\/\" \/>\n<meta property=\"og:site_name\" content=\"EnderG\" \/>\n<meta property=\"article:publisher\" content=\"https:\/\/www.facebook.com\/Endergg1\/\" \/>\n<meta property=\"article:modified_time\" content=\"2024-06-25T22:45:02+00:00\" \/>\n<meta property=\"og:image\" content=\"https:\/\/enderg.com\/wp-content\/uploads\/2022\/08\/11307iwKrqtqamaFE8-yjdTunitF9TRTlZOq8HBzvQ16PggwIw40VCS7C5PC3EKYnNi1vl2TwOmeuRCl1NI1CEQduuYXh0KU.jpg\" \/>\n\t<meta property=\"og:image:width\" content=\"2048\" \/>\n\t<meta property=\"og:image:height\" content=\"2048\" \/>\n\t<meta property=\"og:image:type\" content=\"image\/jpeg\" \/>\n<meta name=\"twitter:card\" content=\"summary_large_image\" \/>\n<meta name=\"twitter:label1\" content=\"Tiempo de lectura\" \/>\n\t<meta name=\"twitter:data1\" content=\"2 minutos\" \/>\n<script type=\"application\/ld+json\" class=\"yoast-schema-graph\">{\"@context\":\"https:\\\/\\\/schema.org\",\"@graph\":[{\"@type\":\"WebPage\",\"@id\":\"https:\\\/\\\/enderg.com\\\/product\\\/resident-evil-3\\\/\",\"url\":\"https:\\\/\\\/enderg.com\\\/product\\\/resident-evil-3\\\/\",\"name\":\"Resident Evil 3 - EnderG\",\"isPartOf\":{\"@id\":\"https:\\\/\\\/enderg.com\\\/#website\"},\"primaryImageOfPage\":{\"@id\":\"https:\\\/\\\/enderg.com\\\/product\\\/resident-evil-3\\\/#primaryimage\"},\"image\":{\"@id\":\"https:\\\/\\\/enderg.com\\\/product\\\/resident-evil-3\\\/#primaryimage\"},\"thumbnailUrl\":\"https:\\\/\\\/i0.wp.com\\\/enderg.com\\\/wp-content\\\/uploads\\\/2022\\\/08\\\/11307iwKrqtqamaFE8-yjdTunitF9TRTlZOq8HBzvQ16PggwIw40VCS7C5PC3EKYnNi1vl2TwOmeuRCl1NI1CEQduuYXh0KU.jpg?fit=2048%2C2048&ssl=1\",\"datePublished\":\"2022-08-07T18:45:18+00:00\",\"dateModified\":\"2024-06-25T22:45:02+00:00\",\"breadcrumb\":{\"@id\":\"https:\\\/\\\/enderg.com\\\/product\\\/resident-evil-3\\\/#breadcrumb\"},\"inLanguage\":\"es\",\"potentialAction\":[{\"@type\":\"ReadAction\",\"target\":[\"https:\\\/\\\/enderg.com\\\/product\\\/resident-evil-3\\\/\"]}]},{\"@type\":\"ImageObject\",\"inLanguage\":\"es\",\"@id\":\"https:\\\/\\\/enderg.com\\\/product\\\/resident-evil-3\\\/#primaryimage\",\"url\":\"https:\\\/\\\/i0.wp.com\\\/enderg.com\\\/wp-content\\\/uploads\\\/2022\\\/08\\\/11307iwKrqtqamaFE8-yjdTunitF9TRTlZOq8HBzvQ16PggwIw40VCS7C5PC3EKYnNi1vl2TwOmeuRCl1NI1CEQduuYXh0KU.jpg?fit=2048%2C2048&ssl=1\",\"contentUrl\":\"https:\\\/\\\/i0.wp.com\\\/enderg.com\\\/wp-content\\\/uploads\\\/2022\\\/08\\\/11307iwKrqtqamaFE8-yjdTunitF9TRTlZOq8HBzvQ16PggwIw40VCS7C5PC3EKYnNi1vl2TwOmeuRCl1NI1CEQduuYXh0KU.jpg?fit=2048%2C2048&ssl=1\",\"width\":2048,\"height\":2048},{\"@type\":\"BreadcrumbList\",\"@id\":\"https:\\\/\\\/enderg.com\\\/product\\\/resident-evil-3\\\/#breadcrumb\",\"itemListElement\":[{\"@type\":\"ListItem\",\"position\":1,\"name\":\"Home\",\"item\":\"https:\\\/\\\/enderg.com\\\/\"},{\"@type\":\"ListItem\",\"position\":2,\"name\":\"Shop\",\"item\":\"https:\\\/\\\/enderg.com\\\/shop\\\/\"},{\"@type\":\"ListItem\",\"position\":3,\"name\":\"Resident Evil 3\"}]},{\"@type\":\"WebSite\",\"@id\":\"https:\\\/\\\/enderg.com\\\/#website\",\"url\":\"https:\\\/\\\/enderg.com\\\/\",\"name\":\"EnderG\",\"description\":\"Cheaper Is What We Do!\",\"publisher\":{\"@id\":\"https:\\\/\\\/enderg.com\\\/#organization\"},\"potentialAction\":[{\"@type\":\"SearchAction\",\"target\":{\"@type\":\"EntryPoint\",\"urlTemplate\":\"https:\\\/\\\/enderg.com\\\/?s={search_term_string}\"},\"query-input\":{\"@type\":\"PropertyValueSpecification\",\"valueRequired\":true,\"valueName\":\"search_term_string\"}}],\"inLanguage\":\"es\"},{\"@type\":\"Organization\",\"@id\":\"https:\\\/\\\/enderg.com\\\/#organization\",\"name\":\"EnderG\",\"url\":\"https:\\\/\\\/enderg.com\\\/\",\"logo\":{\"@type\":\"ImageObject\",\"inLanguage\":\"es\",\"@id\":\"https:\\\/\\\/enderg.com\\\/#\\\/schema\\\/logo\\\/image\\\/\",\"url\":\"https:\\\/\\\/enderg.com\\\/wp-content\\\/uploads\\\/2023\\\/03\\\/222222222221.png\",\"contentUrl\":\"https:\\\/\\\/enderg.com\\\/wp-content\\\/uploads\\\/2023\\\/03\\\/222222222221.png\",\"width\":512,\"height\":512,\"caption\":\"EnderG\"},\"image\":{\"@id\":\"https:\\\/\\\/enderg.com\\\/#\\\/schema\\\/logo\\\/image\\\/\"},\"sameAs\":[\"https:\\\/\\\/www.facebook.com\\\/Endergg1\\\/\",\"https:\\\/\\\/www.instagram.com\\\/enderg01\",\"https:\\\/\\\/www.youtube.com\\\/@enderg-com\"],\"description\":\"Cheaper Gaming is what we do!\",\"legalName\":\"Vandar Limited\",\"foundingDate\":\"2022-06-21\"}]}<\/script>\n<!-- \/ Yoast SEO Premium plugin. -->","yoast_head_json":{"title":"Resident Evil 3 - EnderG","robots":{"index":"index","follow":"follow","max-snippet":"max-snippet:-1","max-image-preview":"max-image-preview:large","max-video-preview":"max-video-preview:-1"},"canonical":"https:\/\/enderg.com\/es\/product\/resident-evil-3\/","og_locale":"es_ES","og_type":"article","og_title":"Resident Evil 3","og_description":"Fast Delivery Delivery can take 5 to 20 minutes, according to your place in our queue Your Order will be \u2018Auto Refunded\u2019 in case it does not get delivered after 12 hours! How To Activate 1- Open up a VPN and connect to the server specified in your email after placing your order. 2- Click [&hellip;]","og_url":"https:\/\/enderg.com\/es\/product\/resident-evil-3\/","og_site_name":"EnderG","article_publisher":"https:\/\/www.facebook.com\/Endergg1\/","article_modified_time":"2024-06-25T22:45:02+00:00","og_image":[{"width":2048,"height":2048,"url":"https:\/\/enderg.com\/wp-content\/uploads\/2022\/08\/11307iwKrqtqamaFE8-yjdTunitF9TRTlZOq8HBzvQ16PggwIw40VCS7C5PC3EKYnNi1vl2TwOmeuRCl1NI1CEQduuYXh0KU.jpg","type":"image\/jpeg"}],"twitter_card":"summary_large_image","twitter_misc":{"Tiempo de lectura":"2 minutos"},"schema":{"@context":"https:\/\/schema.org","@graph":[{"@type":"WebPage","@id":"https:\/\/enderg.com\/product\/resident-evil-3\/","url":"https:\/\/enderg.com\/product\/resident-evil-3\/","name":"Resident Evil 3 - EnderG","isPartOf":{"@id":"https:\/\/enderg.com\/#website"},"primaryImageOfPage":{"@id":"https:\/\/enderg.com\/product\/resident-evil-3\/#primaryimage"},"image":{"@id":"https:\/\/enderg.com\/product\/resident-evil-3\/#primaryimage"},"thumbnailUrl":"https:\/\/i0.wp.com\/enderg.com\/wp-content\/uploads\/2022\/08\/11307iwKrqtqamaFE8-yjdTunitF9TRTlZOq8HBzvQ16PggwIw40VCS7C5PC3EKYnNi1vl2TwOmeuRCl1NI1CEQduuYXh0KU.jpg?fit=2048%2C2048&ssl=1","datePublished":"2022-08-07T18:45:18+00:00","dateModified":"2024-06-25T22:45:02+00:00","breadcrumb":{"@id":"https:\/\/enderg.com\/product\/resident-evil-3\/#breadcrumb"},"inLanguage":"es","potentialAction":[{"@type":"ReadAction","target":["https:\/\/enderg.com\/product\/resident-evil-3\/"]}]},{"@type":"ImageObject","inLanguage":"es","@id":"https:\/\/enderg.com\/product\/resident-evil-3\/#primaryimage","url":"https:\/\/i0.wp.com\/enderg.com\/wp-content\/uploads\/2022\/08\/11307iwKrqtqamaFE8-yjdTunitF9TRTlZOq8HBzvQ16PggwIw40VCS7C5PC3EKYnNi1vl2TwOmeuRCl1NI1CEQduuYXh0KU.jpg?fit=2048%2C2048&ssl=1","contentUrl":"https:\/\/i0.wp.com\/enderg.com\/wp-content\/uploads\/2022\/08\/11307iwKrqtqamaFE8-yjdTunitF9TRTlZOq8HBzvQ16PggwIw40VCS7C5PC3EKYnNi1vl2TwOmeuRCl1NI1CEQduuYXh0KU.jpg?fit=2048%2C2048&ssl=1","width":2048,"height":2048},{"@type":"BreadcrumbList","@id":"https:\/\/enderg.com\/product\/resident-evil-3\/#breadcrumb","itemListElement":[{"@type":"ListItem","position":1,"name":"Home","item":"https:\/\/enderg.com\/"},{"@type":"ListItem","position":2,"name":"Shop","item":"https:\/\/enderg.com\/shop\/"},{"@type":"ListItem","position":3,"name":"Resident Evil 3"}]},{"@type":"WebSite","@id":"https:\/\/enderg.com\/#website","url":"https:\/\/enderg.com\/","name":"EnderG","description":"\u00a1M\u00e1s barato es lo que hacemos!","publisher":{"@id":"https:\/\/enderg.com\/#organization"},"potentialAction":[{"@type":"SearchAction","target":{"@type":"EntryPoint","urlTemplate":"https:\/\/enderg.com\/?s={search_term_string}"},"query-input":{"@type":"PropertyValueSpecification","valueRequired":true,"valueName":"search_term_string"}}],"inLanguage":"es"},{"@type":"Organization","@id":"https:\/\/enderg.com\/#organization","name":"EnderG","url":"https:\/\/enderg.com\/","logo":{"@type":"ImageObject","inLanguage":"es","@id":"https:\/\/enderg.com\/#\/schema\/logo\/image\/","url":"https:\/\/enderg.com\/wp-content\/uploads\/2023\/03\/222222222221.png","contentUrl":"https:\/\/enderg.com\/wp-content\/uploads\/2023\/03\/222222222221.png","width":512,"height":512,"caption":"EnderG"},"image":{"@id":"https:\/\/enderg.com\/#\/schema\/logo\/image\/"},"sameAs":["https:\/\/www.facebook.com\/Endergg1\/","https:\/\/www.instagram.com\/enderg01","https:\/\/www.youtube.com\/@enderg-com"],"description":"\u00a1Juegos m\u00e1s baratos es lo que hacemos!","legalName":"Vandar Limited","foundingDate":"2022-06-21"}]}},"jetpack_publicize_connections":[],"jetpack_likes_enabled":true,"jetpack_sharing_enabled":true,"jetpack-related-posts":[],"_links":{"self":[{"href":"https:\/\/enderg.com\/es\/wp-json\/wp\/v2\/product\/606","targetHints":{"allow":["GET"]}}],"collection":[{"href":"https:\/\/enderg.com\/es\/wp-json\/wp\/v2\/product"}],"about":[{"href":"https:\/\/enderg.com\/es\/wp-json\/wp\/v2\/types\/product"}],"replies":[{"embeddable":true,"href":"https:\/\/enderg.com\/es\/wp-json\/wp\/v2\/comments?post=606"}],"version-history":[{"count":8,"href":"https:\/\/enderg.com\/es\/wp-json\/wp\/v2\/product\/606\/revisions"}],"predecessor-version":[{"id":8729,"href":"https:\/\/enderg.com\/es\/wp-json\/wp\/v2\/product\/606\/revisions\/8729"}],"wp:featuredmedia":[{"embeddable":true,"href":"https:\/\/enderg.com\/es\/wp-json\/wp\/v2\/media\/1175"}],"wp:attachment":[{"href":"https:\/\/enderg.com\/es\/wp-json\/wp\/v2\/media?parent=606"}],"wp:term":[{"taxonomy":"product_brand","embeddable":true,"href":"https:\/\/enderg.com\/es\/wp-json\/wp\/v2\/product_brand?post=606"},{"taxonomy":"product_cat","embeddable":true,"href":"https:\/\/enderg.com\/es\/wp-json\/wp\/v2\/product_cat?post=606"},{"taxonomy":"product_tag","embeddable":true,"href":"https:\/\/enderg.com\/es\/wp-json\/wp\/v2\/product_tag?post=606"}],"curies":[{"name":"wp","href":"https:\/\/api.w.org\/{rel}","templated":true}]}}