{"id":5423,"date":"2023-03-08T21:53:43","date_gmt":"2023-03-08T18:53:43","guid":{"rendered":"https:\/\/enderg.com\/?post_type=product&#038;p=5423"},"modified":"2024-06-26T01:35:09","modified_gmt":"2024-06-25T22:35:09","slug":"destiny-2-lightfall","status":"publish","type":"product","link":"https:\/\/enderg.com\/es\/product\/destiny-2-lightfall\/","title":{"rendered":"Destiny 2: Lightfall"},"content":{"rendered":"<div data-elementor-type=\"wp-post\" data-elementor-id=\"5423\" class=\"elementor elementor-5423\" data-elementor-post-type=\"product\">\n\t\t\t\t\t\t<section class=\"elementor-section elementor-top-section elementor-element elementor-element-3b805fdf elementor-section-boxed elementor-section-height-default elementor-section-height-default\" data-id=\"3b805fdf\" data-element_type=\"section\" data-e-type=\"section\">\n\t\t\t\t\t\t<div class=\"elementor-container elementor-column-gap-default\">\n\t\t\t\t\t<div class=\"elementor-column elementor-col-100 elementor-top-column elementor-element elementor-element-7ca677cd\" data-id=\"7ca677cd\" data-element_type=\"column\" data-e-type=\"column\">\n\t\t\t<div class=\"elementor-widget-wrap elementor-element-populated\">\n\t\t\t\t\t\t<div class=\"elementor-element elementor-element-7a3e9ef6 elementor-widget elementor-widget-accordion\" data-id=\"7a3e9ef6\" data-element_type=\"widget\" data-e-type=\"widget\" data-widget_type=\"accordion.default\">\n\t\t\t\t<div class=\"elementor-widget-container\">\n\t\t\t\t\t\t\t<div class=\"elementor-accordion\">\n\t\t\t\t\t\t\t<div class=\"elementor-accordion-item\">\n\t\t\t\t\t<h4 id=\"elementor-tab-title-2051\" class=\"elementor-tab-title\" data-tab=\"1\" role=\"button\" aria-controls=\"elementor-tab-content-2051\" aria-expanded=\"false\">\n\t\t\t\t\t\t\t\t\t\t\t\t\t<span class=\"elementor-accordion-icon elementor-accordion-icon-left\" aria-hidden=\"true\">\n\t\t\t\t\t\t\t\t\t\t\t\t\t\t\t<span class=\"elementor-accordion-icon-closed\"><i class=\"fas fa-truck\"><\/i><\/span>\n\t\t\t\t\t\t\t\t<span class=\"elementor-accordion-icon-opened\"><i class=\"fas fa-truck\"><\/i><\/span>\n\t\t\t\t\t\t\t\t\t\t\t\t\t\t<\/span>\n\t\t\t\t\t\t\t\t\t\t\t\t<a class=\"elementor-accordion-title\" tabindex=\"0\">Entrega r\u00e1pida<\/a>\n\t\t\t\t\t<\/h4>\n\t\t\t\t\t<div id=\"elementor-tab-content-2051\" class=\"elementor-tab-content elementor-clearfix\" data-tab=\"1\" role=\"region\" aria-labelledby=\"elementor-tab-title-2051\"><p>La entrega puede demorar de 5 a 20 minutos, seg\u00fan su lugar en nuestra cola<\/p><p>Su pedido ser\u00e1 'reembolsado autom\u00e1ticamente' en caso de que no se entregue despu\u00e9s de 12 horas!<\/p><\/div>\n\t\t\t\t<\/div>\n\t\t\t\t\t\t\t\t<\/div>\n\t\t\t\t\t\t<\/div>\n\t\t\t\t<\/div>\n\t\t\t\t<div class=\"elementor-element elementor-element-2053706f elementor-widget elementor-widget-accordion\" data-id=\"2053706f\" data-element_type=\"widget\" data-e-type=\"widget\" data-widget_type=\"accordion.default\">\n\t\t\t\t<div class=\"elementor-widget-container\">\n\t\t\t\t\t\t\t<div class=\"elementor-accordion\">\n\t\t\t\t\t\t\t<div class=\"elementor-accordion-item\">\n\t\t\t\t\t<h4 id=\"elementor-tab-title-5421\" class=\"elementor-tab-title\" data-tab=\"1\" role=\"button\" aria-controls=\"elementor-tab-content-5421\" aria-expanded=\"false\">\n\t\t\t\t\t\t\t\t\t\t\t\t\t<span class=\"elementor-accordion-icon elementor-accordion-icon-left\" aria-hidden=\"true\">\n\t\t\t\t\t\t\t\t\t\t\t\t\t\t\t<span class=\"elementor-accordion-icon-closed\"><i class=\"fab fa-xbox\"><\/i><\/span>\n\t\t\t\t\t\t\t\t<span class=\"elementor-accordion-icon-opened\"><i class=\"fab fa-xbox\"><\/i><\/span>\n\t\t\t\t\t\t\t\t\t\t\t\t\t\t<\/span>\n\t\t\t\t\t\t\t\t\t\t\t\t<a class=\"elementor-accordion-title\" tabindex=\"0\">C\u00f3mo activar<\/a>\n\t\t\t\t\t<\/h4>\n\t\t\t\t\t<div id=\"elementor-tab-content-5421\" class=\"elementor-tab-content elementor-clearfix\" data-tab=\"1\" role=\"region\" aria-labelledby=\"elementor-tab-title-5421\"><p>1- Abra una VPN y con\u00e9ctese al servidor especificado en su correo electr\u00f3nico despu\u00e9s de realizar su pedido.\u00a0<\/p><p>2- Haga clic en este\u00a0<a title=\"https:\/\/account.microsoft.com\/billing\/redeem?refd=login.live.com\" href=\"https:\/\/account.microsoft.com\/billing\/redeem?refd=login.live.com\"><strong>Enlace<\/strong><\/a>\u00a0\u00a1Inicie sesi\u00f3n en su cuenta y luego canjee la clave que recibi\u00f3!<\/p><p>3- \u00a1Disfruta!<\/p><\/div>\n\t\t\t\t<\/div>\n\t\t\t\t\t\t\t\t<\/div>\n\t\t\t\t\t\t<\/div>\n\t\t\t\t<\/div>\n\t\t\t\t<div class=\"elementor-element elementor-element-13e62f41 elementor-widget elementor-widget-accordion\" data-id=\"13e62f41\" data-element_type=\"widget\" data-e-type=\"widget\" data-widget_type=\"accordion.default\">\n\t\t\t\t<div class=\"elementor-widget-container\">\n\t\t\t\t\t\t\t<div class=\"elementor-accordion\">\n\t\t\t\t\t\t\t<div class=\"elementor-accordion-item\">\n\t\t\t\t\t<h4 id=\"elementor-tab-title-3331\" class=\"elementor-tab-title\" data-tab=\"1\" role=\"button\" aria-controls=\"elementor-tab-content-3331\" aria-expanded=\"false\">\n\t\t\t\t\t\t\t\t\t\t\t\t\t<span class=\"elementor-accordion-icon elementor-accordion-icon-left\" aria-hidden=\"true\">\n\t\t\t\t\t\t\t\t\t\t\t\t\t\t\t<span class=\"elementor-accordion-icon-closed\"><i class=\"fab fa-playstation\"><\/i><\/span>\n\t\t\t\t\t\t\t\t<span class=\"elementor-accordion-icon-opened\"><i class=\"fab fa-playstation\"><\/i><\/span>\n\t\t\t\t\t\t\t\t\t\t\t\t\t\t<\/span>\n\t\t\t\t\t\t\t\t\t\t\t\t<a class=\"elementor-accordion-title\" tabindex=\"0\">C\u00f3mo activar<\/a>\n\t\t\t\t\t<\/h4>\n\t\t\t\t\t<div id=\"elementor-tab-content-3331\" class=\"elementor-tab-content elementor-clearfix\" data-tab=\"1\" role=\"region\" aria-labelledby=\"elementor-tab-title-3331\"><div class=\"summary__title\"><p>En el momento de la entrega, recibir\u00e1 la &#039;Suscripci\u00f3n&#039; o el &#039;Juego&#039; que solicit\u00f3, pero debe activarse &#039;Agregando&#039; una &#039;Cuenta nueva&#039; a su consola.<\/p><p>Puede &#039;AGREGAR&#039; f\u00e1cilmente la &#039;Suscripci\u00f3n&#039; o el &#039;Juego&#039; de la cuenta a su propia &#039;Cuenta principal&#039; y al resto de cuentas en su consola.<\/p><\/div><p class=\"p1\"><span class=\"s1\">1- Simplemente agrega el nuevo perfil a tu consola como &#039;Nuevo Usuario&#039; y luego:<\/span><\/p><p class=\"p1\"><span style=\"font-weight: 600;\">C\u00f3mo habilitar el uso compartido de la consola PS5 y el juego sin conexi\u00f3n:\u00a0<\/span><\/p><p class=\"p1\"><span class=\"s2\">2- Vaya a Configuraci\u00f3n &gt; Usuarios y cuentas &gt; Otros &gt; Compartir consola y jugar sin conexi\u00f3n. Seleccione Habilitar.<\/span><\/p><p class=\"p1\"><span class=\"s2\"><span style=\"font-weight: 600;\">Para PS4:<\/span>\u00a0 Vaya a Configuraci\u00f3n &gt; Administraci\u00f3n de cuentas &gt; Activar como su PlayStation 4 principal &gt; Seleccione Activar.\u00a0\u00a0<\/span><\/p><p>3- Despu\u00e9s de la activaci\u00f3n de su &#039;Nueva cuenta&#039; que contiene su pedido, puede ignorar la nueva &#039;Cuenta&#039; y volver a jugar y progresar en su &#039;Cuenta principal&#039; sin ning\u00fan efecto en ninguno de sus trofeos o progreso. !<\/p><p class=\"p1\"><span class=\"s2\">V\u00eddeotutorial:\u00a0<\/span><span class=\"s3\"><a title=\"https:\/\/youtu.be\/UfBdDhAC50E\" href=\"https:\/\/youtu.be\/UfBdDhAC50E\">https:\/\/youtu.be\/UfBdDhAC50E<\/a><\/span><span class=\"s2\">\u00a0\u00a0<\/span><\/p><div class=\"summary__title\"><p>*Funciona para regiones de todo el mundo<\/p><p><a title=\"https:\/\/www.playstation.com\/en-gb\/support\/subscriptions\/share-playstation-plus\/\" href=\"https:\/\/www.playstation.com\/en-gb\/support\/subscriptions\/share-playstation-plus\/\" target=\"_blank\" rel=\"noopener\">Haz clic aqu\u00ed para saber c\u00f3mo compartir tu membres\u00eda de &#039;Playstation Plus&#039; en tu consola.<\/a><\/p><p>*Este producto no contiene C\u00f3digo<\/p><\/div><\/div>\n\t\t\t\t<\/div>\n\t\t\t\t\t\t\t\t<\/div>\n\t\t\t\t\t\t<\/div>\n\t\t\t\t<\/div>\n\t\t\t\t\t<\/div>\n\t\t<\/div>\n\t\t\t\t\t<\/div>\n\t\t<\/section>\n\t\t\t\t<section class=\"elementor-section elementor-top-section elementor-element elementor-element-1f56f5a elementor-section-boxed elementor-section-height-default elementor-section-height-default\" data-id=\"1f56f5a\" data-element_type=\"section\" data-e-type=\"section\">\n\t\t\t\t\t\t<div class=\"elementor-container elementor-column-gap-default\">\n\t\t\t\t\t<div class=\"elementor-column elementor-col-100 elementor-top-column elementor-element elementor-element-77e1a342\" data-id=\"77e1a342\" data-element_type=\"column\" data-e-type=\"column\">\n\t\t\t<div class=\"elementor-widget-wrap elementor-element-populated\">\n\t\t\t\t\t\t<div class=\"elementor-element elementor-element-6d0df07d elementor-widget elementor-widget-text-editor\" data-id=\"6d0df07d\" data-element_type=\"widget\" data-e-type=\"widget\" data-widget_type=\"text-editor.default\">\n\t\t\t\t<div class=\"elementor-widget-container\">\n\t\t\t\t\t\t\t\t\t<div class=\"game_page_autocollapse_ctn\"><div id=\"aboutThisGame\" class=\"game_page_autocollapse\" data-panel=\"{&quot;type&quot;:&quot;PanelGroup&quot;}\"><div id=\"game_area_description\" class=\"game_area_description\"><h3>ACERCA DE ESTE CONTENIDO<\/h3><div class=\"game_page_autocollapse_ctn\"><div id=\"aboutThisGame\" class=\"game_page_autocollapse\" data-panel=\"{&quot;type&quot;:&quot;PanelGroup&quot;}\"><div id=\"game_area_description\" class=\"game_area_description\">Incluye Lightfall, la nueva incursi\u00f3n y un pase de temporada para la temporada 20.<br \/><br \/><strong>Campa\u00f1a<\/strong><br \/>En una ciudad neptuniana bajo asedio, encuentra fuerza en tus compa\u00f1eros Guardianes a medida que se acerca el fin de todas las cosas: el Testigo est\u00e1 aqu\u00ed. \u00c1rmate con nuevas recompensas y desbloquea nuevos poderes oscuros para triunfar en el inolvidable modo Legendario de Lightfall.<br \/><br \/><strong>Hebra<\/strong><br \/>Aprovecha la oscuridad y tira de los hilos de la realidad con esta nueva subclase. Fluye por la ciudad a una nueva velocidad mientras luchas de edificio en edificio. Cada clase puede aprovechar este nuevo elemento, pero depende de ti crear la construcci\u00f3n perfecta.<br \/><br \/><strong>Nuevo destino<\/strong><br \/>Viaja a Neptuno y descubre una metr\u00f3polis de ne\u00f3n como ninguna que hayas explorado en Destiny 2. Conoce a los Cloud Striders, \u00fanete a la lucha contra la Legi\u00f3n de las Sombras y evita la devastaci\u00f3n en la ciudad secreta tecnol\u00f3gicamente avanzada de Neomuna.<\/div><\/div><\/div><div class=\"game_page_autocollapse_ctn\"><div class=\"game_page_autocollapse sys_req\"><h2>REQUISITOS DEL SISTEMA<\/h2><div class=\"sysreq_contents\"><div class=\"game_area_sys_req sysreq_content active\" data-os=\"win\"><div class=\"game_area_sys_req_leftCol\"><strong>M\u00cdNIMO:<\/strong><br \/><ul><li style=\"list-style-type: none;\"><ul class=\"bb_ul\"><li>Requiere un procesador y un sistema operativo de 64 bits.<\/li><li><strong>sistema operativo:<\/strong>\u00a0Windows\u00ae 7\/Windows\u00ae 8.1\/Windows\u00ae 10 de 64 bits (m\u00e1s reciente Service Pack)<\/li><li><strong>Procesador:<\/strong>\u00a0Intel\u00ae Core\u2122 i3 3250 3,5 GHz o Intel Pentium G4560 3,5 GHz \/ AMD FX-4350 4,2 GHz<\/li><li><strong>Memoria:<\/strong>\u00a06GB RAM<\/li><li><strong>Gr\u00e1ficos:<\/strong>\u00a0NVIDIA\u00ae GeForce\u00ae GTX 660 2GB o GTX 1050 2GB \/ AMD Radeon HD 7850 2GB<\/li><li><strong>La red:<\/strong>\u00a0Conexi\u00f3n de Internet de banda ancha<\/li><li><strong>Almacenamiento:<\/strong>\u00a0105 GB de espacio disponible<\/li><\/ul><\/li><\/ul><\/div><div class=\"game_area_sys_req_rightCol\"><strong>RECOMENDADO:<\/strong><br \/><ul><li style=\"list-style-type: none;\"><ul class=\"bb_ul\"><li>Requiere un procesador y un sistema operativo de 64 bits.<\/li><li><strong>sistema operativo:<\/strong>\u00a0Sistema Windows\u00ae 7 \/ Windows\u00ae 8.1 \/ Windows\u00ae 10 de 64 bits (m\u00e1s reciente Service Pack)<\/li><li><strong>Procesador:<\/strong>\u00a0Procesador Intel\u00ae Core\u2122 i5 2400 3,4 GHz o i5 7400 3,5 GHz \/ AMD Ryzen R5 1600X 3,6 GHz<\/li><li><strong>Memoria:<\/strong>\u00a08GB RAM<\/li><li><strong>Gr\u00e1ficos:<\/strong>\u00a0NVIDIA\u00ae GeForce\u00ae GTX 970 4GB o GTX 1060 6GB \/ AMD R9 390 8GB Memoria 8 GB RAM<\/li><li><strong>La red:<\/strong>\u00a0Conexi\u00f3n de Internet de banda ancha<\/li><li><strong>Almacenamiento:<\/strong>\u00a0105 MB de espacio disponible<\/li><\/ul><\/li><\/ul><\/div><\/div><\/div><\/div><\/div><\/div><\/div><\/div><div class=\"game_page_autocollapse_ctn\"><div class=\"game_page_autocollapse\"><div id=\"game_area_legal\">\u00a0<\/div><\/div><\/div>\t\t\t\t\t\t\t\t<\/div>\n\t\t\t\t<\/div>\n\t\t\t\t\t<\/div>\n\t\t<\/div>\n\t\t\t\t\t<\/div>\n\t\t<\/section>\n\t\t\t\t<section class=\"elementor-section elementor-top-section elementor-element elementor-element-c03804d elementor-section-boxed elementor-section-height-default elementor-section-height-default\" data-id=\"c03804d\" data-element_type=\"section\" data-e-type=\"section\">\n\t\t\t\t\t\t<div class=\"elementor-container elementor-column-gap-default\">\n\t\t\t\t\t<div class=\"elementor-column elementor-col-100 elementor-top-column elementor-element elementor-element-488e385\" data-id=\"488e385\" data-element_type=\"column\" data-e-type=\"column\">\n\t\t\t<div class=\"elementor-widget-wrap elementor-element-populated\">\n\t\t\t\t\t\t<div class=\"elementor-element elementor-element-74a8700 elementor-widget elementor-widget-video\" data-id=\"74a8700\" data-element_type=\"widget\" data-e-type=\"widget\" data-settings=\"{&quot;youtube_url&quot;:&quot;https:\\\/\\\/www.youtube.com\\\/watch?v=99jf-2uQ9rA&quot;,&quot;video_type&quot;:&quot;youtube&quot;,&quot;controls&quot;:&quot;yes&quot;}\" data-widget_type=\"video.default\">\n\t\t\t\t<div class=\"elementor-widget-container\">\n\t\t\t\t\t\t\t<div class=\"elementor-wrapper elementor-open-inline\">\n\t\t\t<div class=\"elementor-video\"><\/div>\t\t<\/div>\n\t\t\t\t\t\t<\/div>\n\t\t\t\t<\/div>\n\t\t\t\t\t<\/div>\n\t\t<\/div>\n\t\t\t\t\t<\/div>\n\t\t<\/section>\n\t\t\t\t<\/div>","protected":false},"excerpt":{"rendered":"<p>Fast Delivery Delivery can take 5 to 20 minutes, according to your place in our queue Your Order will be \u2018Auto Refunded\u2019 in case it does not get delivered after 12 hours! How To Activate 1- Open up a VPN and connect to the server specified in your email after placing your order.\u00a0 2- Click [&hellip;]<\/p>\n","protected":false},"featured_media":5426,"comment_status":"closed","ping_status":"closed","template":"","meta":{"_crdt_document":"","jetpack_post_was_ever_published":false,"jetpack_publicize_message":"","jetpack_publicize_feature_enabled":true,"jetpack_social_post_already_shared":true,"jetpack_social_options":{"image_generator_settings":{"template":"highway","default_image_id":0,"font":"","enabled":false},"version":2},"_wpas_customize_per_network":false},"product_brand":[],"product_cat":[1375,1374],"product_tag":[],"class_list":{"0":"post-5423","1":"product","2":"type-product","3":"status-publish","4":"has-post-thumbnail","6":"product_cat-pc","7":"product_cat-xbox","9":"first","10":"outofstock","11":"sale","12":"taxable","13":"shipping-taxable","14":"purchasable","15":"product-type-variable","16":"has-default-attributes"},"yoast_head":"<!-- This site is optimized with the Yoast SEO Premium plugin v27.3 (Yoast SEO v27.3) - https:\/\/yoast.com\/product\/yoast-seo-premium-wordpress\/ -->\n<title>Destiny 2: Lightfall - EnderG<\/title>\n<meta name=\"robots\" content=\"index, follow, max-snippet:-1, max-image-preview:large, max-video-preview:-1\" \/>\n<link rel=\"canonical\" href=\"https:\/\/enderg.com\/es\/product\/destiny-2-lightfall\/\" \/>\n<meta property=\"og:locale\" content=\"es_ES\" \/>\n<meta property=\"og:type\" content=\"article\" \/>\n<meta property=\"og:title\" content=\"Destiny 2: Lightfall\" \/>\n<meta property=\"og:description\" content=\"Fast Delivery Delivery can take 5 to 20 minutes, according to your place in our queue Your Order will be \u2018Auto Refunded\u2019 in case it does not get delivered after 12 hours! How To Activate 1- Open up a VPN and connect to the server specified in your email after placing your order.\u00a0 2- Click [&hellip;]\" \/>\n<meta property=\"og:url\" content=\"https:\/\/enderg.com\/es\/product\/destiny-2-lightfall\/\" \/>\n<meta property=\"og:site_name\" content=\"EnderG\" \/>\n<meta property=\"article:publisher\" content=\"https:\/\/www.facebook.com\/Endergg1\/\" \/>\n<meta property=\"article:modified_time\" content=\"2024-06-25T22:35:09+00:00\" \/>\n<meta property=\"og:image\" content=\"https:\/\/i0.wp.com\/enderg.com\/wp-content\/uploads\/2023\/03\/GqCFGP2OJ1klrKcc06VvmKXd.jpg?fit=1024%2C1024&ssl=1\" \/>\n\t<meta property=\"og:image:width\" content=\"1024\" \/>\n\t<meta property=\"og:image:height\" content=\"1024\" \/>\n\t<meta property=\"og:image:type\" content=\"image\/jpeg\" \/>\n<meta name=\"twitter:card\" content=\"summary_large_image\" \/>\n<meta name=\"twitter:label1\" content=\"Tiempo de lectura\" \/>\n\t<meta name=\"twitter:data1\" content=\"2 minutos\" \/>\n<script type=\"application\/ld+json\" class=\"yoast-schema-graph\">{\"@context\":\"https:\\\/\\\/schema.org\",\"@graph\":[{\"@type\":\"WebPage\",\"@id\":\"https:\\\/\\\/enderg.com\\\/product\\\/destiny-2-lightfall\\\/\",\"url\":\"https:\\\/\\\/enderg.com\\\/product\\\/destiny-2-lightfall\\\/\",\"name\":\"Destiny 2: Lightfall - EnderG\",\"isPartOf\":{\"@id\":\"https:\\\/\\\/enderg.com\\\/#website\"},\"primaryImageOfPage\":{\"@id\":\"https:\\\/\\\/enderg.com\\\/product\\\/destiny-2-lightfall\\\/#primaryimage\"},\"image\":{\"@id\":\"https:\\\/\\\/enderg.com\\\/product\\\/destiny-2-lightfall\\\/#primaryimage\"},\"thumbnailUrl\":\"https:\\\/\\\/i0.wp.com\\\/enderg.com\\\/wp-content\\\/uploads\\\/2023\\\/03\\\/GqCFGP2OJ1klrKcc06VvmKXd.jpg?fit=1024%2C1024&ssl=1\",\"datePublished\":\"2023-03-08T18:53:43+00:00\",\"dateModified\":\"2024-06-25T22:35:09+00:00\",\"breadcrumb\":{\"@id\":\"https:\\\/\\\/enderg.com\\\/product\\\/destiny-2-lightfall\\\/#breadcrumb\"},\"inLanguage\":\"es\",\"potentialAction\":[{\"@type\":\"ReadAction\",\"target\":[\"https:\\\/\\\/enderg.com\\\/product\\\/destiny-2-lightfall\\\/\"]}]},{\"@type\":\"ImageObject\",\"inLanguage\":\"es\",\"@id\":\"https:\\\/\\\/enderg.com\\\/product\\\/destiny-2-lightfall\\\/#primaryimage\",\"url\":\"https:\\\/\\\/i0.wp.com\\\/enderg.com\\\/wp-content\\\/uploads\\\/2023\\\/03\\\/GqCFGP2OJ1klrKcc06VvmKXd.jpg?fit=1024%2C1024&ssl=1\",\"contentUrl\":\"https:\\\/\\\/i0.wp.com\\\/enderg.com\\\/wp-content\\\/uploads\\\/2023\\\/03\\\/GqCFGP2OJ1klrKcc06VvmKXd.jpg?fit=1024%2C1024&ssl=1\",\"width\":1024,\"height\":1024},{\"@type\":\"BreadcrumbList\",\"@id\":\"https:\\\/\\\/enderg.com\\\/product\\\/destiny-2-lightfall\\\/#breadcrumb\",\"itemListElement\":[{\"@type\":\"ListItem\",\"position\":1,\"name\":\"Home\",\"item\":\"https:\\\/\\\/enderg.com\\\/\"},{\"@type\":\"ListItem\",\"position\":2,\"name\":\"Shop\",\"item\":\"https:\\\/\\\/enderg.com\\\/shop\\\/\"},{\"@type\":\"ListItem\",\"position\":3,\"name\":\"Destiny 2: Lightfall\"}]},{\"@type\":\"WebSite\",\"@id\":\"https:\\\/\\\/enderg.com\\\/#website\",\"url\":\"https:\\\/\\\/enderg.com\\\/\",\"name\":\"EnderG\",\"description\":\"Cheaper Is What We Do!\",\"publisher\":{\"@id\":\"https:\\\/\\\/enderg.com\\\/#organization\"},\"potentialAction\":[{\"@type\":\"SearchAction\",\"target\":{\"@type\":\"EntryPoint\",\"urlTemplate\":\"https:\\\/\\\/enderg.com\\\/?s={search_term_string}\"},\"query-input\":{\"@type\":\"PropertyValueSpecification\",\"valueRequired\":true,\"valueName\":\"search_term_string\"}}],\"inLanguage\":\"es\"},{\"@type\":\"Organization\",\"@id\":\"https:\\\/\\\/enderg.com\\\/#organization\",\"name\":\"EnderG\",\"url\":\"https:\\\/\\\/enderg.com\\\/\",\"logo\":{\"@type\":\"ImageObject\",\"inLanguage\":\"es\",\"@id\":\"https:\\\/\\\/enderg.com\\\/#\\\/schema\\\/logo\\\/image\\\/\",\"url\":\"https:\\\/\\\/enderg.com\\\/wp-content\\\/uploads\\\/2023\\\/03\\\/222222222221.png\",\"contentUrl\":\"https:\\\/\\\/enderg.com\\\/wp-content\\\/uploads\\\/2023\\\/03\\\/222222222221.png\",\"width\":512,\"height\":512,\"caption\":\"EnderG\"},\"image\":{\"@id\":\"https:\\\/\\\/enderg.com\\\/#\\\/schema\\\/logo\\\/image\\\/\"},\"sameAs\":[\"https:\\\/\\\/www.facebook.com\\\/Endergg1\\\/\",\"https:\\\/\\\/www.instagram.com\\\/enderg01\",\"https:\\\/\\\/www.youtube.com\\\/@enderg-com\"],\"description\":\"Cheaper Gaming is what we do!\",\"legalName\":\"Vandar Limited\",\"foundingDate\":\"2022-06-21\"}]}<\/script>\n<!-- \/ Yoast SEO Premium plugin. -->","yoast_head_json":{"title":"Destiny 2: Lightfall - EnderG","robots":{"index":"index","follow":"follow","max-snippet":"max-snippet:-1","max-image-preview":"max-image-preview:large","max-video-preview":"max-video-preview:-1"},"canonical":"https:\/\/enderg.com\/es\/product\/destiny-2-lightfall\/","og_locale":"es_ES","og_type":"article","og_title":"Destiny 2: Lightfall","og_description":"Fast Delivery Delivery can take 5 to 20 minutes, according to your place in our queue Your Order will be \u2018Auto Refunded\u2019 in case it does not get delivered after 12 hours! How To Activate 1- Open up a VPN and connect to the server specified in your email after placing your order.\u00a0 2- Click [&hellip;]","og_url":"https:\/\/enderg.com\/es\/product\/destiny-2-lightfall\/","og_site_name":"EnderG","article_publisher":"https:\/\/www.facebook.com\/Endergg1\/","article_modified_time":"2024-06-25T22:35:09+00:00","og_image":[{"width":1024,"height":1024,"url":"https:\/\/i0.wp.com\/enderg.com\/wp-content\/uploads\/2023\/03\/GqCFGP2OJ1klrKcc06VvmKXd.jpg?fit=1024%2C1024&ssl=1","type":"image\/jpeg"}],"twitter_card":"summary_large_image","twitter_misc":{"Tiempo de lectura":"2 minutos"},"schema":{"@context":"https:\/\/schema.org","@graph":[{"@type":"WebPage","@id":"https:\/\/enderg.com\/product\/destiny-2-lightfall\/","url":"https:\/\/enderg.com\/product\/destiny-2-lightfall\/","name":"Destiny 2: Lightfall - EnderG","isPartOf":{"@id":"https:\/\/enderg.com\/#website"},"primaryImageOfPage":{"@id":"https:\/\/enderg.com\/product\/destiny-2-lightfall\/#primaryimage"},"image":{"@id":"https:\/\/enderg.com\/product\/destiny-2-lightfall\/#primaryimage"},"thumbnailUrl":"https:\/\/i0.wp.com\/enderg.com\/wp-content\/uploads\/2023\/03\/GqCFGP2OJ1klrKcc06VvmKXd.jpg?fit=1024%2C1024&ssl=1","datePublished":"2023-03-08T18:53:43+00:00","dateModified":"2024-06-25T22:35:09+00:00","breadcrumb":{"@id":"https:\/\/enderg.com\/product\/destiny-2-lightfall\/#breadcrumb"},"inLanguage":"es","potentialAction":[{"@type":"ReadAction","target":["https:\/\/enderg.com\/product\/destiny-2-lightfall\/"]}]},{"@type":"ImageObject","inLanguage":"es","@id":"https:\/\/enderg.com\/product\/destiny-2-lightfall\/#primaryimage","url":"https:\/\/i0.wp.com\/enderg.com\/wp-content\/uploads\/2023\/03\/GqCFGP2OJ1klrKcc06VvmKXd.jpg?fit=1024%2C1024&ssl=1","contentUrl":"https:\/\/i0.wp.com\/enderg.com\/wp-content\/uploads\/2023\/03\/GqCFGP2OJ1klrKcc06VvmKXd.jpg?fit=1024%2C1024&ssl=1","width":1024,"height":1024},{"@type":"BreadcrumbList","@id":"https:\/\/enderg.com\/product\/destiny-2-lightfall\/#breadcrumb","itemListElement":[{"@type":"ListItem","position":1,"name":"Home","item":"https:\/\/enderg.com\/"},{"@type":"ListItem","position":2,"name":"Shop","item":"https:\/\/enderg.com\/shop\/"},{"@type":"ListItem","position":3,"name":"Destiny 2: Lightfall"}]},{"@type":"WebSite","@id":"https:\/\/enderg.com\/#website","url":"https:\/\/enderg.com\/","name":"EnderG","description":"\u00a1M\u00e1s barato es lo que hacemos!","publisher":{"@id":"https:\/\/enderg.com\/#organization"},"potentialAction":[{"@type":"SearchAction","target":{"@type":"EntryPoint","urlTemplate":"https:\/\/enderg.com\/?s={search_term_string}"},"query-input":{"@type":"PropertyValueSpecification","valueRequired":true,"valueName":"search_term_string"}}],"inLanguage":"es"},{"@type":"Organization","@id":"https:\/\/enderg.com\/#organization","name":"EnderG","url":"https:\/\/enderg.com\/","logo":{"@type":"ImageObject","inLanguage":"es","@id":"https:\/\/enderg.com\/#\/schema\/logo\/image\/","url":"https:\/\/enderg.com\/wp-content\/uploads\/2023\/03\/222222222221.png","contentUrl":"https:\/\/enderg.com\/wp-content\/uploads\/2023\/03\/222222222221.png","width":512,"height":512,"caption":"EnderG"},"image":{"@id":"https:\/\/enderg.com\/#\/schema\/logo\/image\/"},"sameAs":["https:\/\/www.facebook.com\/Endergg1\/","https:\/\/www.instagram.com\/enderg01","https:\/\/www.youtube.com\/@enderg-com"],"description":"\u00a1Juegos m\u00e1s baratos es lo que hacemos!","legalName":"Vandar Limited","foundingDate":"2022-06-21"}]}},"jetpack_publicize_connections":[],"jetpack_likes_enabled":true,"jetpack_sharing_enabled":true,"jetpack-related-posts":[],"_links":{"self":[{"href":"https:\/\/enderg.com\/es\/wp-json\/wp\/v2\/product\/5423","targetHints":{"allow":["GET"]}}],"collection":[{"href":"https:\/\/enderg.com\/es\/wp-json\/wp\/v2\/product"}],"about":[{"href":"https:\/\/enderg.com\/es\/wp-json\/wp\/v2\/types\/product"}],"replies":[{"embeddable":true,"href":"https:\/\/enderg.com\/es\/wp-json\/wp\/v2\/comments?post=5423"}],"version-history":[{"count":24,"href":"https:\/\/enderg.com\/es\/wp-json\/wp\/v2\/product\/5423\/revisions"}],"predecessor-version":[{"id":8649,"href":"https:\/\/enderg.com\/es\/wp-json\/wp\/v2\/product\/5423\/revisions\/8649"}],"wp:featuredmedia":[{"embeddable":true,"href":"https:\/\/enderg.com\/es\/wp-json\/wp\/v2\/media\/5426"}],"wp:attachment":[{"href":"https:\/\/enderg.com\/es\/wp-json\/wp\/v2\/media?parent=5423"}],"wp:term":[{"taxonomy":"product_brand","embeddable":true,"href":"https:\/\/enderg.com\/es\/wp-json\/wp\/v2\/product_brand?post=5423"},{"taxonomy":"product_cat","embeddable":true,"href":"https:\/\/enderg.com\/es\/wp-json\/wp\/v2\/product_cat?post=5423"},{"taxonomy":"product_tag","embeddable":true,"href":"https:\/\/enderg.com\/es\/wp-json\/wp\/v2\/product_tag?post=5423"}],"curies":[{"name":"wp","href":"https:\/\/api.w.org\/{rel}","templated":true}]}}