{"id":518,"date":"2022-08-07T21:29:12","date_gmt":"2022-08-07T18:29:12","guid":{"rendered":"https:\/\/enderg.com\/?post_type=product&#038;p=518"},"modified":"2024-06-26T01:45:01","modified_gmt":"2024-06-25T22:45:01","slug":"grand-theft-auto-v-premium-edition-xbox","status":"publish","type":"product","link":"https:\/\/enderg.com\/es\/product\/grand-theft-auto-v-premium-edition-xbox\/","title":{"rendered":"Grand Theft Auto V: Edici\u00f3n Premium &#039;XBOX&#039;"},"content":{"rendered":"<div data-elementor-type=\"wp-post\" data-elementor-id=\"518\" class=\"elementor elementor-518\" data-elementor-post-type=\"product\">\n\t\t\t\t\t\t<section class=\"elementor-section elementor-top-section elementor-element elementor-element-83eba7b elementor-section-boxed elementor-section-height-default elementor-section-height-default\" data-id=\"83eba7b\" data-element_type=\"section\" data-e-type=\"section\">\n\t\t\t\t\t\t<div class=\"elementor-container elementor-column-gap-default\">\n\t\t\t\t\t<div class=\"elementor-column elementor-col-100 elementor-top-column elementor-element elementor-element-7711a007\" data-id=\"7711a007\" data-element_type=\"column\" data-e-type=\"column\">\n\t\t\t<div class=\"elementor-widget-wrap elementor-element-populated\">\n\t\t\t\t\t\t<div class=\"elementor-element elementor-element-6205ca13 elementor-widget elementor-widget-accordion\" data-id=\"6205ca13\" data-element_type=\"widget\" data-e-type=\"widget\" data-widget_type=\"accordion.default\">\n\t\t\t\t<div class=\"elementor-widget-container\">\n\t\t\t\t\t\t\t<div class=\"elementor-accordion\">\n\t\t\t\t\t\t\t<div class=\"elementor-accordion-item\">\n\t\t\t\t\t<h4 id=\"elementor-tab-title-1641\" class=\"elementor-tab-title\" data-tab=\"1\" role=\"button\" aria-controls=\"elementor-tab-content-1641\" aria-expanded=\"false\">\n\t\t\t\t\t\t\t\t\t\t\t\t\t<span class=\"elementor-accordion-icon elementor-accordion-icon-left\" aria-hidden=\"true\">\n\t\t\t\t\t\t\t\t\t\t\t\t\t\t\t<span class=\"elementor-accordion-icon-closed\"><i class=\"fas fa-truck\"><\/i><\/span>\n\t\t\t\t\t\t\t\t<span class=\"elementor-accordion-icon-opened\"><i class=\"fas fa-truck\"><\/i><\/span>\n\t\t\t\t\t\t\t\t\t\t\t\t\t\t<\/span>\n\t\t\t\t\t\t\t\t\t\t\t\t<a class=\"elementor-accordion-title\" tabindex=\"0\">Entrega r\u00e1pida<\/a>\n\t\t\t\t\t<\/h4>\n\t\t\t\t\t<div id=\"elementor-tab-content-1641\" class=\"elementor-tab-content elementor-clearfix\" data-tab=\"1\" role=\"region\" aria-labelledby=\"elementor-tab-title-1641\"><p>La entrega puede demorar de 5 a 20 minutos, seg\u00fan su lugar en nuestra cola<\/p><p>Su pedido ser\u00e1 'reembolsado autom\u00e1ticamente' en caso de que no se entregue despu\u00e9s de 12 horas!<\/p><\/div>\n\t\t\t\t<\/div>\n\t\t\t\t\t\t\t\t<\/div>\n\t\t\t\t\t\t<\/div>\n\t\t\t\t<\/div>\n\t\t\t\t<div class=\"elementor-element elementor-element-4768016b elementor-widget elementor-widget-accordion\" data-id=\"4768016b\" data-element_type=\"widget\" data-e-type=\"widget\" data-widget_type=\"accordion.default\">\n\t\t\t\t<div class=\"elementor-widget-container\">\n\t\t\t\t\t\t\t<div class=\"elementor-accordion\">\n\t\t\t\t\t\t\t<div class=\"elementor-accordion-item\">\n\t\t\t\t\t<h4 id=\"elementor-tab-title-1191\" class=\"elementor-tab-title\" data-tab=\"1\" role=\"button\" aria-controls=\"elementor-tab-content-1191\" aria-expanded=\"false\">\n\t\t\t\t\t\t\t\t\t\t\t\t\t<span class=\"elementor-accordion-icon elementor-accordion-icon-left\" aria-hidden=\"true\">\n\t\t\t\t\t\t\t\t\t\t\t\t\t\t\t<span class=\"elementor-accordion-icon-closed\"><i class=\"fab fa-xbox\"><\/i><\/span>\n\t\t\t\t\t\t\t\t<span class=\"elementor-accordion-icon-opened\"><i class=\"fab fa-xbox\"><\/i><\/span>\n\t\t\t\t\t\t\t\t\t\t\t\t\t\t<\/span>\n\t\t\t\t\t\t\t\t\t\t\t\t<a class=\"elementor-accordion-title\" tabindex=\"0\">C\u00f3mo activar<\/a>\n\t\t\t\t\t<\/h4>\n\t\t\t\t\t<div id=\"elementor-tab-content-1191\" class=\"elementor-tab-content elementor-clearfix\" data-tab=\"1\" role=\"region\" aria-labelledby=\"elementor-tab-title-1191\"><p>1- Abra una VPN y con\u00e9ctese al servidor especificado en su correo electr\u00f3nico despu\u00e9s de realizar su pedido.<\/p><p>2- Haga clic en este\u00a0<a title=\"https:\/\/account.microsoft.com\/billing\/redeem?refd=login.live.com\" href=\"https:\/\/account.microsoft.com\/billing\/redeem?refd=login.live.com\"><strong>Enlace<\/strong><\/a>\u00a0\u00a1Inicie sesi\u00f3n en su cuenta y luego canjee la clave que recibi\u00f3!<\/p><p>3- \u00a1Disfruta!<\/p><\/div>\n\t\t\t\t<\/div>\n\t\t\t\t\t\t\t\t<\/div>\n\t\t\t\t\t\t<\/div>\n\t\t\t\t<\/div>\n\t\t\t\t\t<\/div>\n\t\t<\/div>\n\t\t\t\t\t<\/div>\n\t\t<\/section>\n\t\t\t\t<section class=\"elementor-section elementor-top-section elementor-element elementor-element-9f8849a elementor-section-boxed elementor-section-height-default elementor-section-height-default\" data-id=\"9f8849a\" data-element_type=\"section\" data-e-type=\"section\">\n\t\t\t\t\t\t<div class=\"elementor-container elementor-column-gap-default\">\n\t\t\t\t\t<div class=\"elementor-column elementor-col-100 elementor-top-column elementor-element elementor-element-5592adc0\" data-id=\"5592adc0\" data-element_type=\"column\" data-e-type=\"column\">\n\t\t\t<div class=\"elementor-widget-wrap elementor-element-populated\">\n\t\t\t\t\t\t<div class=\"elementor-element elementor-element-77994ba3 elementor-widget elementor-widget-text-editor\" data-id=\"77994ba3\" data-element_type=\"widget\" data-e-type=\"widget\" data-widget_type=\"text-editor.default\">\n\t\t\t\t<div class=\"elementor-widget-container\">\n\t\t\t\t\t\t\t\t\t<h4 style=\"text-align: center;\"><strong style=\"font-size: 1.41575em;\">SOBRE ESTE JUEGO<\/strong><\/h4><p>Grand Theft Auto V: Premium Edition incluye la experiencia completa de la historia de Grand Theft Auto V, acceso gratuito a Grand Theft Auto Online en constante evoluci\u00f3n y todas las actualizaciones y contenidos de juego existentes, incluidos The Cayo Perico Heist, The Diamond Casino &amp; Resort, The Diamond Casino. Atracos, tr\u00e1fico de armas y mucho m\u00e1s. Tambi\u00e9n obtendr\u00e1s el paquete de inicio Criminal Enterprise, la forma m\u00e1s r\u00e1pida de impulsar tu imperio criminal en Grand Theft Auto Online.<br \/><br \/><strong>GRAN ROBO DE AUTO V<\/strong><br \/>Cuando un joven estafador callejero, un ladr\u00f3n de bancos retirado y un psic\u00f3pata aterrador se meten en problemas, deben llevar a cabo una serie de atracos peligrosos para sobrevivir en una ciudad en la que no pueden confiar en nadie, y mucho menos en ellos mismos.<br \/><br \/><strong>GRAN ROBO DE AUTO EN L\u00cdNEA<\/strong><br \/>Descubre un mundo en constante evoluci\u00f3n de opciones y formas de jugar mientras asciendes en las filas criminales de Los Santos y el condado de Blaine en la mejor experiencia compartida en l\u00ednea.<br \/><br \/><strong>EL PAQUETE DE INICIO DE LA EMPRESA CRIMINAL<\/strong><br \/>El paquete de inicio de Criminal Enterprise es la forma m\u00e1s r\u00e1pida para que los nuevos jugadores de GTA Online impulsen sus imperios criminales con el contenido m\u00e1s interesante y popular, adem\u00e1s de $1,000,000 de bonificaci\u00f3n en efectivo para gastar en GTA Online; todo el contenido valorado en m\u00e1s de GTA$10,000,000 si se compra por separado.<br \/><br \/><strong>LANZA TU IMPERIO CRIMINAL<\/strong><br \/>Inicie proyectos comerciales desde su oficina ejecutiva de Maze Bank West, investigue potentes tecnolog\u00edas de armas desde su b\u00fanker subterr\u00e1neo de tr\u00e1fico de armas y utilice su f\u00e1brica de efectivo falsificado para iniciar una lucrativa operaci\u00f3n de falsificaci\u00f3n.<br \/><br \/><strong>UNA FLOTA DE VEH\u00cdCULOS POTENTES<\/strong><br \/>Recorre las calles con una gama de 10 veh\u00edculos de alto rendimiento que incluyen un superauto, motocicletas, el Dune FAV armado, un helic\u00f3ptero, un auto de rally y m\u00e1s. Tambi\u00e9n obtendr\u00e1 propiedades que incluyen un garaje para 10 autom\u00f3viles para almacenar su creciente flota.<br \/><br \/><strong>ARMAS, ROPA Y TATUAJES<\/strong><br \/>Tambi\u00e9n tendr\u00e1s acceso al lanzagranadas compacto, al rifle de tirador y al rifle compacto, adem\u00e1s de trajes de carreras acrob\u00e1ticas, tatuajes de moteros y m\u00e1s.<\/p>\t\t\t\t\t\t\t\t<\/div>\n\t\t\t\t<\/div>\n\t\t\t\t\t<\/div>\n\t\t<\/div>\n\t\t\t\t\t<\/div>\n\t\t<\/section>\n\t\t\t\t<\/div>","protected":false},"excerpt":{"rendered":"<p>Fast Delivery Delivery can take 5 to 20 minutes, according to your place in our queue Your Order will be \u2018Auto Refunded\u2019 in case it does not get delivered after 12 hours! How To Activate 1- Open up a VPN and connect to the server specified in your email after placing your order. 2- Click [&hellip;]<\/p>\n","protected":false},"featured_media":1026,"comment_status":"closed","ping_status":"closed","template":"","meta":{"_crdt_document":"","jetpack_publicize_message":"","jetpack_publicize_feature_enabled":true,"jetpack_social_post_already_shared":true,"jetpack_social_options":{"image_generator_settings":{"template":"highway","default_image_id":0,"font":"","enabled":false},"version":2},"_wpas_customize_per_network":false},"product_brand":[],"product_cat":[1374],"product_tag":[],"class_list":{"0":"post-518","1":"product","2":"type-product","3":"status-publish","4":"has-post-thumbnail","6":"product_cat-xbox","8":"first","9":"outofstock","10":"sale","11":"virtual","12":"taxable","13":"purchasable","14":"product-type-simple"},"yoast_head":"<!-- This site is optimized with the Yoast SEO Premium plugin v27.5 (Yoast SEO v27.5) - https:\/\/yoast.com\/product\/yoast-seo-premium-wordpress\/ -->\n<title>Grand Theft Auto V: Premium Edition &#039;XBOX&#039; - EnderG<\/title>\n<meta name=\"robots\" content=\"index, follow, max-snippet:-1, max-image-preview:large, max-video-preview:-1\" \/>\n<link rel=\"canonical\" href=\"https:\/\/enderg.com\/es\/product\/grand-theft-auto-v-premium-edition-xbox\/\" \/>\n<meta property=\"og:locale\" content=\"es_ES\" \/>\n<meta property=\"og:type\" content=\"article\" \/>\n<meta property=\"og:title\" content=\"Grand Theft Auto V: Premium Edition &#039;XBOX&#039;\" \/>\n<meta property=\"og:description\" content=\"Fast Delivery Delivery can take 5 to 20 minutes, according to your place in our queue Your Order will be \u2018Auto Refunded\u2019 in case it does not get delivered after 12 hours! How To Activate 1- Open up a VPN and connect to the server specified in your email after placing your order. 2- Click [&hellip;]\" \/>\n<meta property=\"og:url\" content=\"https:\/\/enderg.com\/es\/product\/grand-theft-auto-v-premium-edition-xbox\/\" \/>\n<meta property=\"og:site_name\" content=\"EnderG\" \/>\n<meta property=\"article:publisher\" content=\"https:\/\/www.facebook.com\/Endergg1\/\" \/>\n<meta property=\"article:modified_time\" content=\"2024-06-25T22:45:01+00:00\" \/>\n<meta property=\"og:image\" content=\"https:\/\/enderg.com\/wp-content\/uploads\/2022\/08\/GTAV_Gen9_CollectionsPageFOB_1212x1497_DELIV__1_42e2e7ab-ef2a-4c48-8364-36351105c4a9.jpg\" \/>\n\t<meta property=\"og:image:width\" content=\"1212\" \/>\n\t<meta property=\"og:image:height\" content=\"1497\" \/>\n\t<meta property=\"og:image:type\" content=\"image\/jpeg\" \/>\n<meta name=\"twitter:card\" content=\"summary_large_image\" \/>\n<meta name=\"twitter:label1\" content=\"Tiempo de lectura\" \/>\n\t<meta name=\"twitter:data1\" content=\"2 minutos\" \/>\n<script type=\"application\/ld+json\" class=\"yoast-schema-graph\">{\"@context\":\"https:\\\/\\\/schema.org\",\"@graph\":[{\"@type\":\"WebPage\",\"@id\":\"https:\\\/\\\/enderg.com\\\/product\\\/grand-theft-auto-v-premium-edition-xbox\\\/\",\"url\":\"https:\\\/\\\/enderg.com\\\/product\\\/grand-theft-auto-v-premium-edition-xbox\\\/\",\"name\":\"Grand Theft Auto V: Premium Edition 'XBOX' - EnderG\",\"isPartOf\":{\"@id\":\"https:\\\/\\\/enderg.com\\\/#website\"},\"primaryImageOfPage\":{\"@id\":\"https:\\\/\\\/enderg.com\\\/product\\\/grand-theft-auto-v-premium-edition-xbox\\\/#primaryimage\"},\"image\":{\"@id\":\"https:\\\/\\\/enderg.com\\\/product\\\/grand-theft-auto-v-premium-edition-xbox\\\/#primaryimage\"},\"thumbnailUrl\":\"https:\\\/\\\/i0.wp.com\\\/enderg.com\\\/wp-content\\\/uploads\\\/2022\\\/08\\\/GTAV_Gen9_CollectionsPageFOB_1212x1497_DELIV__1_42e2e7ab-ef2a-4c48-8364-36351105c4a9.jpg?fit=1212%2C1497&ssl=1\",\"datePublished\":\"2022-08-07T18:29:12+00:00\",\"dateModified\":\"2024-06-25T22:45:01+00:00\",\"breadcrumb\":{\"@id\":\"https:\\\/\\\/enderg.com\\\/product\\\/grand-theft-auto-v-premium-edition-xbox\\\/#breadcrumb\"},\"inLanguage\":\"es\",\"potentialAction\":[{\"@type\":\"ReadAction\",\"target\":[\"https:\\\/\\\/enderg.com\\\/product\\\/grand-theft-auto-v-premium-edition-xbox\\\/\"]}]},{\"@type\":\"ImageObject\",\"inLanguage\":\"es\",\"@id\":\"https:\\\/\\\/enderg.com\\\/product\\\/grand-theft-auto-v-premium-edition-xbox\\\/#primaryimage\",\"url\":\"https:\\\/\\\/i0.wp.com\\\/enderg.com\\\/wp-content\\\/uploads\\\/2022\\\/08\\\/GTAV_Gen9_CollectionsPageFOB_1212x1497_DELIV__1_42e2e7ab-ef2a-4c48-8364-36351105c4a9.jpg?fit=1212%2C1497&ssl=1\",\"contentUrl\":\"https:\\\/\\\/i0.wp.com\\\/enderg.com\\\/wp-content\\\/uploads\\\/2022\\\/08\\\/GTAV_Gen9_CollectionsPageFOB_1212x1497_DELIV__1_42e2e7ab-ef2a-4c48-8364-36351105c4a9.jpg?fit=1212%2C1497&ssl=1\",\"width\":1212,\"height\":1497,\"caption\":\"Buy cheap Grand theft auto v 5\"},{\"@type\":\"BreadcrumbList\",\"@id\":\"https:\\\/\\\/enderg.com\\\/product\\\/grand-theft-auto-v-premium-edition-xbox\\\/#breadcrumb\",\"itemListElement\":[{\"@type\":\"ListItem\",\"position\":1,\"name\":\"Home\",\"item\":\"https:\\\/\\\/enderg.com\\\/\"},{\"@type\":\"ListItem\",\"position\":2,\"name\":\"Shop\",\"item\":\"https:\\\/\\\/enderg.com\\\/shop\\\/\"},{\"@type\":\"ListItem\",\"position\":3,\"name\":\"Grand Theft Auto V: Premium Edition &#8216;XBOX&#8217;\"}]},{\"@type\":\"WebSite\",\"@id\":\"https:\\\/\\\/enderg.com\\\/#website\",\"url\":\"https:\\\/\\\/enderg.com\\\/\",\"name\":\"EnderG\",\"description\":\"Cheaper Is What We Do!\",\"publisher\":{\"@id\":\"https:\\\/\\\/enderg.com\\\/#organization\"},\"potentialAction\":[{\"@type\":\"SearchAction\",\"target\":{\"@type\":\"EntryPoint\",\"urlTemplate\":\"https:\\\/\\\/enderg.com\\\/?s={search_term_string}\"},\"query-input\":{\"@type\":\"PropertyValueSpecification\",\"valueRequired\":true,\"valueName\":\"search_term_string\"}}],\"inLanguage\":\"es\"},{\"@type\":\"Organization\",\"@id\":\"https:\\\/\\\/enderg.com\\\/#organization\",\"name\":\"EnderG\",\"url\":\"https:\\\/\\\/enderg.com\\\/\",\"logo\":{\"@type\":\"ImageObject\",\"inLanguage\":\"es\",\"@id\":\"https:\\\/\\\/enderg.com\\\/#\\\/schema\\\/logo\\\/image\\\/\",\"url\":\"https:\\\/\\\/enderg.com\\\/wp-content\\\/uploads\\\/2023\\\/03\\\/222222222221.png\",\"contentUrl\":\"https:\\\/\\\/enderg.com\\\/wp-content\\\/uploads\\\/2023\\\/03\\\/222222222221.png\",\"width\":512,\"height\":512,\"caption\":\"EnderG\"},\"image\":{\"@id\":\"https:\\\/\\\/enderg.com\\\/#\\\/schema\\\/logo\\\/image\\\/\"},\"sameAs\":[\"https:\\\/\\\/www.facebook.com\\\/Endergg1\\\/\",\"https:\\\/\\\/www.instagram.com\\\/enderg01\",\"https:\\\/\\\/www.youtube.com\\\/@enderg-com\"],\"description\":\"Cheaper Gaming is what we do!\",\"legalName\":\"Vandar Limited\",\"foundingDate\":\"2022-06-21\"}]}<\/script>\n<!-- \/ Yoast SEO Premium plugin. -->","yoast_head_json":{"title":"Grand Theft Auto V: Premium Edition 'XBOX' - EnderG","robots":{"index":"index","follow":"follow","max-snippet":"max-snippet:-1","max-image-preview":"max-image-preview:large","max-video-preview":"max-video-preview:-1"},"canonical":"https:\/\/enderg.com\/es\/product\/grand-theft-auto-v-premium-edition-xbox\/","og_locale":"es_ES","og_type":"article","og_title":"Grand Theft Auto V: Premium Edition 'XBOX'","og_description":"Fast Delivery Delivery can take 5 to 20 minutes, according to your place in our queue Your Order will be \u2018Auto Refunded\u2019 in case it does not get delivered after 12 hours! How To Activate 1- Open up a VPN and connect to the server specified in your email after placing your order. 2- Click [&hellip;]","og_url":"https:\/\/enderg.com\/es\/product\/grand-theft-auto-v-premium-edition-xbox\/","og_site_name":"EnderG","article_publisher":"https:\/\/www.facebook.com\/Endergg1\/","article_modified_time":"2024-06-25T22:45:01+00:00","og_image":[{"width":1212,"height":1497,"url":"https:\/\/enderg.com\/wp-content\/uploads\/2022\/08\/GTAV_Gen9_CollectionsPageFOB_1212x1497_DELIV__1_42e2e7ab-ef2a-4c48-8364-36351105c4a9.jpg","type":"image\/jpeg"}],"twitter_card":"summary_large_image","twitter_misc":{"Tiempo de lectura":"2 minutos"},"schema":{"@context":"https:\/\/schema.org","@graph":[{"@type":"WebPage","@id":"https:\/\/enderg.com\/product\/grand-theft-auto-v-premium-edition-xbox\/","url":"https:\/\/enderg.com\/product\/grand-theft-auto-v-premium-edition-xbox\/","name":"Grand Theft Auto V: Premium Edition 'XBOX' - EnderG","isPartOf":{"@id":"https:\/\/enderg.com\/#website"},"primaryImageOfPage":{"@id":"https:\/\/enderg.com\/product\/grand-theft-auto-v-premium-edition-xbox\/#primaryimage"},"image":{"@id":"https:\/\/enderg.com\/product\/grand-theft-auto-v-premium-edition-xbox\/#primaryimage"},"thumbnailUrl":"https:\/\/i0.wp.com\/enderg.com\/wp-content\/uploads\/2022\/08\/GTAV_Gen9_CollectionsPageFOB_1212x1497_DELIV__1_42e2e7ab-ef2a-4c48-8364-36351105c4a9.jpg?fit=1212%2C1497&ssl=1","datePublished":"2022-08-07T18:29:12+00:00","dateModified":"2024-06-25T22:45:01+00:00","breadcrumb":{"@id":"https:\/\/enderg.com\/product\/grand-theft-auto-v-premium-edition-xbox\/#breadcrumb"},"inLanguage":"es","potentialAction":[{"@type":"ReadAction","target":["https:\/\/enderg.com\/product\/grand-theft-auto-v-premium-edition-xbox\/"]}]},{"@type":"ImageObject","inLanguage":"es","@id":"https:\/\/enderg.com\/product\/grand-theft-auto-v-premium-edition-xbox\/#primaryimage","url":"https:\/\/i0.wp.com\/enderg.com\/wp-content\/uploads\/2022\/08\/GTAV_Gen9_CollectionsPageFOB_1212x1497_DELIV__1_42e2e7ab-ef2a-4c48-8364-36351105c4a9.jpg?fit=1212%2C1497&ssl=1","contentUrl":"https:\/\/i0.wp.com\/enderg.com\/wp-content\/uploads\/2022\/08\/GTAV_Gen9_CollectionsPageFOB_1212x1497_DELIV__1_42e2e7ab-ef2a-4c48-8364-36351105c4a9.jpg?fit=1212%2C1497&ssl=1","width":1212,"height":1497,"caption":"Buy cheap Grand theft auto v 5"},{"@type":"BreadcrumbList","@id":"https:\/\/enderg.com\/product\/grand-theft-auto-v-premium-edition-xbox\/#breadcrumb","itemListElement":[{"@type":"ListItem","position":1,"name":"Home","item":"https:\/\/enderg.com\/"},{"@type":"ListItem","position":2,"name":"Shop","item":"https:\/\/enderg.com\/shop\/"},{"@type":"ListItem","position":3,"name":"Grand Theft Auto V: Premium Edition &#8216;XBOX&#8217;"}]},{"@type":"WebSite","@id":"https:\/\/enderg.com\/#website","url":"https:\/\/enderg.com\/","name":"EnderG","description":"\u00a1M\u00e1s barato es lo que hacemos!","publisher":{"@id":"https:\/\/enderg.com\/#organization"},"potentialAction":[{"@type":"SearchAction","target":{"@type":"EntryPoint","urlTemplate":"https:\/\/enderg.com\/?s={search_term_string}"},"query-input":{"@type":"PropertyValueSpecification","valueRequired":true,"valueName":"search_term_string"}}],"inLanguage":"es"},{"@type":"Organization","@id":"https:\/\/enderg.com\/#organization","name":"EnderG","url":"https:\/\/enderg.com\/","logo":{"@type":"ImageObject","inLanguage":"es","@id":"https:\/\/enderg.com\/#\/schema\/logo\/image\/","url":"https:\/\/enderg.com\/wp-content\/uploads\/2023\/03\/222222222221.png","contentUrl":"https:\/\/enderg.com\/wp-content\/uploads\/2023\/03\/222222222221.png","width":512,"height":512,"caption":"EnderG"},"image":{"@id":"https:\/\/enderg.com\/#\/schema\/logo\/image\/"},"sameAs":["https:\/\/www.facebook.com\/Endergg1\/","https:\/\/www.instagram.com\/enderg01","https:\/\/www.youtube.com\/@enderg-com"],"description":"\u00a1Juegos m\u00e1s baratos es lo que hacemos!","legalName":"Vandar Limited","foundingDate":"2022-06-21"}]}},"jetpack_publicize_connections":[],"jetpack_likes_enabled":true,"jetpack_sharing_enabled":true,"jetpack-related-posts":[],"_links":{"self":[{"href":"https:\/\/enderg.com\/es\/wp-json\/wp\/v2\/product\/518","targetHints":{"allow":["GET"]}}],"collection":[{"href":"https:\/\/enderg.com\/es\/wp-json\/wp\/v2\/product"}],"about":[{"href":"https:\/\/enderg.com\/es\/wp-json\/wp\/v2\/types\/product"}],"replies":[{"embeddable":true,"href":"https:\/\/enderg.com\/es\/wp-json\/wp\/v2\/comments?post=518"}],"version-history":[{"count":7,"href":"https:\/\/enderg.com\/es\/wp-json\/wp\/v2\/product\/518\/revisions"}],"predecessor-version":[{"id":8864,"href":"https:\/\/enderg.com\/es\/wp-json\/wp\/v2\/product\/518\/revisions\/8864"}],"wp:featuredmedia":[{"embeddable":true,"href":"https:\/\/enderg.com\/es\/wp-json\/wp\/v2\/media\/1026"}],"wp:attachment":[{"href":"https:\/\/enderg.com\/es\/wp-json\/wp\/v2\/media?parent=518"}],"wp:term":[{"taxonomy":"product_brand","embeddable":true,"href":"https:\/\/enderg.com\/es\/wp-json\/wp\/v2\/product_brand?post=518"},{"taxonomy":"product_cat","embeddable":true,"href":"https:\/\/enderg.com\/es\/wp-json\/wp\/v2\/product_cat?post=518"},{"taxonomy":"product_tag","embeddable":true,"href":"https:\/\/enderg.com\/es\/wp-json\/wp\/v2\/product_tag?post=518"}],"curies":[{"name":"wp","href":"https:\/\/api.w.org\/{rel}","templated":true}]}}