{"id":492,"date":"2022-08-07T15:00:08","date_gmt":"2022-08-07T12:00:08","guid":{"rendered":"https:\/\/enderg.com\/?post_type=product&#038;p=492"},"modified":"2024-06-26T01:45:02","modified_gmt":"2024-06-25T22:45:02","slug":"football-manager-2022","status":"publish","type":"product","link":"https:\/\/enderg.com\/es\/product\/football-manager-2022\/","title":{"rendered":"M\u00e1nager de f\u00fatbol 2022"},"content":{"rendered":"<div data-elementor-type=\"wp-post\" data-elementor-id=\"492\" class=\"elementor elementor-492\" data-elementor-post-type=\"product\">\n\t\t\t\t\t\t<section class=\"elementor-section elementor-top-section elementor-element elementor-element-255217c0 elementor-section-boxed elementor-section-height-default elementor-section-height-default\" data-id=\"255217c0\" data-element_type=\"section\" data-e-type=\"section\">\n\t\t\t\t\t\t<div class=\"elementor-container elementor-column-gap-default\">\n\t\t\t\t\t<div class=\"elementor-column elementor-col-100 elementor-top-column elementor-element elementor-element-374b760c\" data-id=\"374b760c\" data-element_type=\"column\" data-e-type=\"column\">\n\t\t\t<div class=\"elementor-widget-wrap elementor-element-populated\">\n\t\t\t\t\t\t<div class=\"elementor-element elementor-element-148108bc elementor-widget elementor-widget-accordion\" data-id=\"148108bc\" data-element_type=\"widget\" data-e-type=\"widget\" data-widget_type=\"accordion.default\">\n\t\t\t\t<div class=\"elementor-widget-container\">\n\t\t\t\t\t\t\t<div class=\"elementor-accordion\">\n\t\t\t\t\t\t\t<div class=\"elementor-accordion-item\">\n\t\t\t\t\t<h4 id=\"elementor-tab-title-3441\" class=\"elementor-tab-title\" data-tab=\"1\" role=\"button\" aria-controls=\"elementor-tab-content-3441\" aria-expanded=\"false\">\n\t\t\t\t\t\t\t\t\t\t\t\t\t<span class=\"elementor-accordion-icon elementor-accordion-icon-left\" aria-hidden=\"true\">\n\t\t\t\t\t\t\t\t\t\t\t\t\t\t\t<span class=\"elementor-accordion-icon-closed\"><i class=\"fas fa-truck\"><\/i><\/span>\n\t\t\t\t\t\t\t\t<span class=\"elementor-accordion-icon-opened\"><i class=\"fas fa-truck\"><\/i><\/span>\n\t\t\t\t\t\t\t\t\t\t\t\t\t\t<\/span>\n\t\t\t\t\t\t\t\t\t\t\t\t<a class=\"elementor-accordion-title\" tabindex=\"0\">Entrega r\u00e1pida<\/a>\n\t\t\t\t\t<\/h4>\n\t\t\t\t\t<div id=\"elementor-tab-content-3441\" class=\"elementor-tab-content elementor-clearfix\" data-tab=\"1\" role=\"region\" aria-labelledby=\"elementor-tab-title-3441\"><p>La entrega puede demorar de 5 a 20 minutos, seg\u00fan su lugar en nuestra cola<\/p><p>Su pedido ser\u00e1 'reembolsado autom\u00e1ticamente' en caso de que no se entregue despu\u00e9s de 12 horas!<\/p><\/div>\n\t\t\t\t<\/div>\n\t\t\t\t\t\t\t\t<\/div>\n\t\t\t\t\t\t<\/div>\n\t\t\t\t<\/div>\n\t\t\t\t<div class=\"elementor-element elementor-element-240b67c1 elementor-widget elementor-widget-accordion\" data-id=\"240b67c1\" data-element_type=\"widget\" data-e-type=\"widget\" data-widget_type=\"accordion.default\">\n\t\t\t\t<div class=\"elementor-widget-container\">\n\t\t\t\t\t\t\t<div class=\"elementor-accordion\">\n\t\t\t\t\t\t\t<div class=\"elementor-accordion-item\">\n\t\t\t\t\t<h4 id=\"elementor-tab-title-6041\" class=\"elementor-tab-title\" data-tab=\"1\" role=\"button\" aria-controls=\"elementor-tab-content-6041\" aria-expanded=\"false\">\n\t\t\t\t\t\t\t\t\t\t\t\t\t<span class=\"elementor-accordion-icon elementor-accordion-icon-left\" aria-hidden=\"true\">\n\t\t\t\t\t\t\t\t\t\t\t\t\t\t\t<span class=\"elementor-accordion-icon-closed\"><i class=\"fab fa-xbox\"><\/i><\/span>\n\t\t\t\t\t\t\t\t<span class=\"elementor-accordion-icon-opened\"><i class=\"fab fa-xbox\"><\/i><\/span>\n\t\t\t\t\t\t\t\t\t\t\t\t\t\t<\/span>\n\t\t\t\t\t\t\t\t\t\t\t\t<a class=\"elementor-accordion-title\" tabindex=\"0\">C\u00f3mo activar<\/a>\n\t\t\t\t\t<\/h4>\n\t\t\t\t\t<div id=\"elementor-tab-content-6041\" class=\"elementor-tab-content elementor-clearfix\" data-tab=\"1\" role=\"region\" aria-labelledby=\"elementor-tab-title-6041\"><p>1- Abra una VPN y con\u00e9ctese al servidor especificado en su correo electr\u00f3nico despu\u00e9s de realizar su pedido.<\/p><p>2- Haga clic en este\u00a0<a title=\"https:\/\/account.microsoft.com\/billing\/redeem?refd=login.live.com\" href=\"https:\/\/account.microsoft.com\/billing\/redeem?refd=login.live.com\"><strong>Enlace<\/strong><\/a>\u00a0\u00a1Inicie sesi\u00f3n en su cuenta y luego canjee la clave que recibi\u00f3!<\/p><p>3- \u00a1Disfruta!<\/p><\/div>\n\t\t\t\t<\/div>\n\t\t\t\t\t\t\t\t<\/div>\n\t\t\t\t\t\t<\/div>\n\t\t\t\t<\/div>\n\t\t\t\t\t<\/div>\n\t\t<\/div>\n\t\t\t\t\t<\/div>\n\t\t<\/section>\n\t\t\t\t<section class=\"elementor-section elementor-top-section elementor-element elementor-element-fd170d elementor-section-boxed elementor-section-height-default elementor-section-height-default\" data-id=\"fd170d\" data-element_type=\"section\" data-e-type=\"section\">\n\t\t\t\t\t\t<div class=\"elementor-container elementor-column-gap-default\">\n\t\t\t\t\t<div class=\"elementor-column elementor-col-100 elementor-top-column elementor-element elementor-element-223cf96f\" data-id=\"223cf96f\" data-element_type=\"column\" data-e-type=\"column\">\n\t\t\t<div class=\"elementor-widget-wrap elementor-element-populated\">\n\t\t\t\t\t\t<div class=\"elementor-element elementor-element-127f9acd elementor-widget elementor-widget-text-editor\" data-id=\"127f9acd\" data-element_type=\"widget\" data-e-type=\"widget\" data-widget_type=\"text-editor.default\">\n\t\t\t\t<div class=\"elementor-widget-container\">\n\t\t\t\t\t\t\t\t\t<div class=\"game_page_autocollapse_ctn expanded\" data-mce-fragment=\"1\"><div id=\"aboutThisGame\" class=\"game_page_autocollapse\" data-panel=\"{&quot;type&quot;:&quot;PanelGroup&quot;}\" data-mce-fragment=\"1\"><div id=\"game_area_description\" class=\"game_area_description\" data-mce-fragment=\"1\"><h4 class=\"bb_tag\" style=\"text-align: center;\" data-mce-fragment=\"1\"><strong data-mce-fragment=\"1\">Descripci\u00f3n del juego<\/strong><\/h4><ul class=\"bb_ul\" data-mce-fragment=\"1\"><li data-mce-fragment=\"1\">Hay 123 ligas de f\u00fatbol l\u00edderes a tu disposici\u00f3n. \u00bfTienes lo necesario para gastar sabiamente presupuestos grandes (o peque\u00f1os) y guiar a tu club a la cima del juego?<\/li><li data-mce-fragment=\"1\">Cree un equipo interno de clase mundial que pueda ayudar con todo, desde el reclutamiento hasta el desarrollo de jugadores. Ap\u00f3yese en su experiencia mientras navega por los desaf\u00edos cotidianos que enfrenta la gesti\u00f3n del f\u00fatbol.<\/li><li data-mce-fragment=\"1\">Explore la base de datos l\u00edder mundial de Football Manager con m\u00e1s de 500.000 jugadores reales en busca de talentos no descubiertos o cree su equipo desde dentro, entrenando a sus prospectos para que alcancen su m\u00e1ximo potencial.<\/li><li data-mce-fragment=\"1\">Juega el hermoso juego a tu manera, creando una identidad futbol\u00edstica en el tablero t\u00e1ctico que tus jugadores puedan aceptar. Depende de usted producir un sistema que ofrezca \u00e9xito una y otra vez.<\/li><li data-mce-fragment=\"1\">Sum\u00e9rgete en nuestra experiencia Matchday m\u00e1s atractiva hasta el momento y observa c\u00f3mo tu visi\u00f3n futbol\u00edstica cobra vida en el campo. Toma todas las decisiones clave mientras llevas a tu equipo a la gloria.<\/li><\/ul><h2 class=\"bb_tag\" data-mce-fragment=\"1\"><strong data-mce-fragment=\"1\">Nuevo para esta temporada<\/strong><\/h2><h2 class=\"bb_tag\" data-mce-fragment=\"1\">ENCUENTRA TU BORDE GANADORA<\/h2><p>Cree su propio panel personalizado repleto de potentes estad\u00edsticas en el nuevo Data Hub. Utilice las mismas m\u00e9tricas y m\u00e9todos de generaci\u00f3n de informes que utilizan los clubes reales para ayudarle a tomar decisiones t\u00e1cticas y de desarrollo de jugadores m\u00e1s inteligentes para impulsar el \u00e9xito de su club.<br data-mce-fragment=\"1\" \/><br data-mce-fragment=\"1\" \/><img decoding=\"async\" data-recalc-dims=\"1\" data-src=\"https:\/\/i0.wp.com\/cdn.cloudflare.steamstatic.com\/steam\/apps\/1569040\/extras\/Data-Hub.gif?w=980&#038;ssl=1\" data-mce-fragment=\"1\" src=\"data:image\/svg+xml;base64,PHN2ZyB3aWR0aD0iMSIgaGVpZ2h0PSIxIiB4bWxucz0iaHR0cDovL3d3dy53My5vcmcvMjAwMC9zdmciPjwvc3ZnPg==\" class=\"lazyload\" \/><\/p><h2 class=\"bb_tag\" data-mce-fragment=\"1\">AUTENTICIDAD EN EL CAMPO<\/h2><p>Vea a sus estrellas mostrar sus habilidades con mayor detalle que nunca gracias a nuestro motor de animaci\u00f3n mejorado. Un sistema de presi\u00f3n renovado y cambios en la agudeza de los jugadores significan que puedes perseguir al rival desde el primer pitido y beneficiarte de un flujo m\u00e1s aut\u00e9ntico en los pasajes del juego.<\/p><h2 class=\"bb_tag\" data-mce-fragment=\"1\">CONVIERTE LA DEFENSA EN ATAQUE<\/h2><p>Implementa una de las principales tendencias t\u00e1cticas de la \u00faltima temporada con el nuevo rol de defensa central ancho. Ya sea que siempre hayas preferido los tres atr\u00e1s o que te consideres un innovador natural, ahora posees a\u00fan m\u00e1s herramientas para abrumar a tus oponentes mientras buscas esas victorias tan importantes.<br data-mce-fragment=\"1\" \/><br data-mce-fragment=\"1\" \/><img decoding=\"async\" data-recalc-dims=\"1\" data-src=\"https:\/\/i0.wp.com\/cdn.cloudflare.steamstatic.com\/steam\/apps\/1569040\/extras\/Wide-CB-Animated.gif?w=980&#038;ssl=1\" data-mce-fragment=\"1\" src=\"data:image\/svg+xml;base64,PHN2ZyB3aWR0aD0iMSIgaGVpZ2h0PSIxIiB4bWxucz0iaHR0cDovL3d3dy53My5vcmcvMjAwMC9zdmciPjwvc3ZnPg==\" class=\"lazyload\" \/><\/p><h2 class=\"bb_tag\" data-mce-fragment=\"1\">DRAMA DEL D\u00cdA L\u00cdMITE<\/h2><p>Siente los altibajos de uno de los partidos m\u00e1s dram\u00e1ticos del calendario futbol\u00edstico. Adel\u00e1ntate a tus rivales para asegurar acuerdos de \u00faltimo minuto y trabaja m\u00e1s estrechamente con los agentes en nuestra experiencia redise\u00f1ada que replica la imprevisibilidad del cl\u00edmax de la ventana de transferencia.<br data-mce-fragment=\"1\" \/><br data-mce-fragment=\"1\" \/><img decoding=\"async\" data-recalc-dims=\"1\" data-src=\"https:\/\/i0.wp.com\/cdn.cloudflare.steamstatic.com\/steam\/apps\/1569040\/extras\/Deadline-Day.gif?w=980&#038;ssl=1\" data-mce-fragment=\"1\" src=\"data:image\/svg+xml;base64,PHN2ZyB3aWR0aD0iMSIgaGVpZ2h0PSIxIiB4bWxucz0iaHR0cDovL3d3dy53My5vcmcvMjAwMC9zdmciPjwvc3ZnPg==\" class=\"lazyload\" \/><\/p><h2 class=\"bb_tag\" data-mce-fragment=\"1\">COLABORA COMO CAMPEONES<\/h2><p>Las nuevas reuniones de personal realistas le permiten a usted y a su equipo de trastienda formar una m\u00e1quina bien engrasada. La combinaci\u00f3n de informes semanales sobre entrenamiento, reclutamiento, desarrollo de jugadores y dotaci\u00f3n de personal ofrece un nivel de soporte mejorado que ayudar\u00e1 a impulsar a sus jugadores a nuevas alturas.<br data-mce-fragment=\"1\" \/><br data-mce-fragment=\"1\" \/><img decoding=\"async\" data-recalc-dims=\"1\" data-src=\"https:\/\/i0.wp.com\/cdn.cloudflare.steamstatic.com\/steam\/apps\/1569040\/extras\/Staff-Meeting.gif?w=980&#038;ssl=1\" data-mce-fragment=\"1\" src=\"data:image\/svg+xml;base64,PHN2ZyB3aWR0aD0iMSIgaGVpZ2h0PSIxIiB4bWxucz0iaHR0cDovL3d3dy53My5vcmcvMjAwMC9zdmciPjwvc3ZnPg==\" class=\"lazyload\" \/><\/p><h2 class=\"bb_tag\" data-mce-fragment=\"1\">ADICIONES ADICIONALES<\/h2><p>Crea tu apariencia gerencial ideal con un creador de gerentes redise\u00f1ado, mejora tu desempe\u00f1o en el mercado de transferencias con un conjunto de nuevas mejoras de exploraci\u00f3n y gana el derecho de presumir frente a tus compa\u00f1eros en el modo Fantasy Draft mejorado.<\/p><\/div><\/div><\/div><div class=\"game_page_autocollapse_ctn\" data-mce-fragment=\"1\"><div class=\"game_page_autocollapse sys_req\" data-mce-fragment=\"1\"><h2 data-mce-fragment=\"1\">\u00a0<\/h2><h2 data-mce-fragment=\"1\"><iframe title=\"reproductor de videos de youtube\" data-src=\"https:\/\/www.youtube.com\/embed\/_q9Js7h_I5w\" width=\"560\" height=\"315\" frameborder=\"0\" allowfullscreen=\"allowfullscreen\" data-mce-fragment=\"1\" data-mce-data-src=\"https:\/\/www.youtube.com\/embed\/_q9Js7h_I5w\" src=\"data:image\/svg+xml;base64,PHN2ZyB3aWR0aD0iMSIgaGVpZ2h0PSIxIiB4bWxucz0iaHR0cDovL3d3dy53My5vcmcvMjAwMC9zdmciPjwvc3ZnPg==\" class=\"lazyload\" data-load-mode=\"1\"><\/iframe><\/h2><h2 data-mce-fragment=\"1\">REQUISITOS DEL SISTEMA<\/h2><h2 data-mce-fragment=\"1\"><strong data-mce-fragment=\"1\">M\u00cdNIMO:<\/strong><\/h2><div class=\"sysreq_contents\" data-mce-fragment=\"1\"><div class=\"game_area_sys_req sysreq_content active\" data-os=\"win\" data-mce-fragment=\"1\"><div class=\"game_area_sys_req_leftCol\" data-mce-fragment=\"1\"><ul data-mce-fragment=\"1\"><li style=\"list-style-type: none;\"><ul class=\"bb_ul\" data-mce-fragment=\"1\"><li data-mce-fragment=\"1\">Requiere un procesador y un sistema operativo de 64 bits.<\/li><li data-mce-fragment=\"1\"><strong data-mce-fragment=\"1\">sistema operativo:<\/strong><span data-mce-fragment=\"1\">\u00a0<\/span>Windows 7 de 64 bits, 8\/8.1, 10<\/li><li data-mce-fragment=\"1\"><strong data-mce-fragment=\"1\">Procesador:<\/strong><span data-mce-fragment=\"1\">\u00a0<\/span>Intel Core 2 o AMD Athlon 64 1,8 GHz+<\/li><li data-mce-fragment=\"1\"><strong data-mce-fragment=\"1\">Memoria:<\/strong><span data-mce-fragment=\"1\">\u00a0<\/span>4 GB de RAM<\/li><li data-mce-fragment=\"1\"><strong data-mce-fragment=\"1\">Gr\u00e1ficos:<\/strong><span data-mce-fragment=\"1\">\u00a0<\/span>Intel GMA X4500, NVIDIA GeForece 9600M GT, AMD\/ATI Mobility Raedon HD 3650 \u2013 256 MB de VRAM<\/li><li data-mce-fragment=\"1\"><strong data-mce-fragment=\"1\">DirectX:<\/strong><span data-mce-fragment=\"1\">\u00a0<\/span>Versi\u00f3n 11<\/li><li data-mce-fragment=\"1\"><strong data-mce-fragment=\"1\">Almacenamiento:<\/strong><span data-mce-fragment=\"1\">\u00a0<\/span>7 GB de espacio disponible<\/li><\/ul><\/li><\/ul><\/div><div class=\"game_area_sys_req_rightCol\" data-mce-fragment=\"1\"><p><strong data-mce-fragment=\"1\">RECOMENDADO:<\/strong><\/p><ul data-mce-fragment=\"1\"><li style=\"list-style-type: none;\"><ul class=\"bb_ul\" data-mce-fragment=\"1\"><li data-mce-fragment=\"1\">Requiere un procesador y un sistema operativo de 64 bits.<\/li><\/ul><\/li><\/ul><\/div><div data-mce-fragment=\"1\">\u00a0<\/div><\/div><\/div><\/div><\/div><div class=\"game_page_autocollapse_ctn\" data-mce-fragment=\"1\"><div class=\"game_page_autocollapse\" data-mce-fragment=\"1\"><div id=\"game_area_legal\" data-mce-fragment=\"1\">\u00a0<\/div><\/div><\/div>\t\t\t\t\t\t\t\t<\/div>\n\t\t\t\t<\/div>\n\t\t\t\t\t<\/div>\n\t\t<\/div>\n\t\t\t\t\t<\/div>\n\t\t<\/section>\n\t\t\t\t<\/div>","protected":false},"excerpt":{"rendered":"<p>Fast Delivery Delivery can take 5 to 20 minutes, according to your place in our queue Your Order will be \u2018Auto Refunded\u2019 in case it does not get delivered after 12 hours! How To Activate 1- Open up a VPN and connect to the server specified in your email after placing your order. 2- Click [&hellip;]<\/p>\n","protected":false},"featured_media":972,"comment_status":"open","ping_status":"closed","template":"","meta":{"_crdt_document":"","jetpack_publicize_message":"","jetpack_publicize_feature_enabled":true,"jetpack_social_post_already_shared":true,"jetpack_social_options":{"image_generator_settings":{"template":"highway","default_image_id":0,"font":"","enabled":false},"version":2},"_wpas_customize_per_network":false},"product_brand":[],"product_cat":[1375,1374],"product_tag":[],"class_list":{"0":"post-492","1":"product","2":"type-product","3":"status-publish","4":"has-post-thumbnail","6":"product_cat-pc","7":"product_cat-xbox","9":"first","10":"outofstock","11":"sale","12":"taxable","13":"shipping-taxable","14":"purchasable","15":"product-type-variable","16":"has-default-attributes"},"yoast_head":"<!-- This site is optimized with the Yoast SEO Premium plugin v27.4 (Yoast SEO v27.4) - https:\/\/yoast.com\/product\/yoast-seo-premium-wordpress\/ -->\n<title>Football Manager 2022 - EnderG<\/title>\n<meta name=\"robots\" content=\"index, follow, max-snippet:-1, max-image-preview:large, max-video-preview:-1\" \/>\n<link rel=\"canonical\" href=\"https:\/\/enderg.com\/es\/product\/football-manager-2022\/\" \/>\n<meta property=\"og:locale\" content=\"es_ES\" \/>\n<meta property=\"og:type\" content=\"article\" \/>\n<meta property=\"og:title\" content=\"Football Manager 2022\" \/>\n<meta property=\"og:description\" content=\"Fast Delivery Delivery can take 5 to 20 minutes, according to your place in our queue Your Order will be \u2018Auto Refunded\u2019 in case it does not get delivered after 12 hours! How To Activate 1- Open up a VPN and connect to the server specified in your email after placing your order. 2- Click [&hellip;]\" \/>\n<meta property=\"og:url\" content=\"https:\/\/enderg.com\/es\/product\/football-manager-2022\/\" \/>\n<meta property=\"og:site_name\" content=\"EnderG\" \/>\n<meta property=\"article:publisher\" content=\"https:\/\/www.facebook.com\/Endergg1\/\" \/>\n<meta property=\"article:modified_time\" content=\"2024-06-25T22:45:02+00:00\" \/>\n<meta property=\"og:image\" content=\"https:\/\/enderg.com\/wp-content\/uploads\/2022\/08\/EGS_FootballManager2022_SportsInteractive_S2_1200x1600-5377adfa5fd611bd6726995ece5b04ef-e1659873597210.jpg\" \/>\n\t<meta property=\"og:image:width\" content=\"1200\" \/>\n\t<meta property=\"og:image:height\" content=\"1152\" \/>\n\t<meta property=\"og:image:type\" content=\"image\/jpeg\" \/>\n<meta name=\"twitter:card\" content=\"summary_large_image\" \/>\n<meta name=\"twitter:label1\" content=\"Tiempo de lectura\" \/>\n\t<meta name=\"twitter:data1\" content=\"4 minutos\" \/>\n<script type=\"application\/ld+json\" class=\"yoast-schema-graph\">{\"@context\":\"https:\\\/\\\/schema.org\",\"@graph\":[{\"@type\":\"WebPage\",\"@id\":\"https:\\\/\\\/enderg.com\\\/product\\\/football-manager-2022\\\/\",\"url\":\"https:\\\/\\\/enderg.com\\\/product\\\/football-manager-2022\\\/\",\"name\":\"Football Manager 2022 - EnderG\",\"isPartOf\":{\"@id\":\"https:\\\/\\\/enderg.com\\\/#website\"},\"primaryImageOfPage\":{\"@id\":\"https:\\\/\\\/enderg.com\\\/product\\\/football-manager-2022\\\/#primaryimage\"},\"image\":{\"@id\":\"https:\\\/\\\/enderg.com\\\/product\\\/football-manager-2022\\\/#primaryimage\"},\"thumbnailUrl\":\"https:\\\/\\\/i0.wp.com\\\/enderg.com\\\/wp-content\\\/uploads\\\/2022\\\/08\\\/EGS_FootballManager2022_SportsInteractive_S2_1200x1600-5377adfa5fd611bd6726995ece5b04ef-e1659873597210.jpg?fit=1200%2C1152&ssl=1\",\"datePublished\":\"2022-08-07T12:00:08+00:00\",\"dateModified\":\"2024-06-25T22:45:02+00:00\",\"breadcrumb\":{\"@id\":\"https:\\\/\\\/enderg.com\\\/product\\\/football-manager-2022\\\/#breadcrumb\"},\"inLanguage\":\"es\",\"potentialAction\":[{\"@type\":\"ReadAction\",\"target\":[\"https:\\\/\\\/enderg.com\\\/product\\\/football-manager-2022\\\/\"]}]},{\"@type\":\"ImageObject\",\"inLanguage\":\"es\",\"@id\":\"https:\\\/\\\/enderg.com\\\/product\\\/football-manager-2022\\\/#primaryimage\",\"url\":\"https:\\\/\\\/i0.wp.com\\\/enderg.com\\\/wp-content\\\/uploads\\\/2022\\\/08\\\/EGS_FootballManager2022_SportsInteractive_S2_1200x1600-5377adfa5fd611bd6726995ece5b04ef-e1659873597210.jpg?fit=1200%2C1152&ssl=1\",\"contentUrl\":\"https:\\\/\\\/i0.wp.com\\\/enderg.com\\\/wp-content\\\/uploads\\\/2022\\\/08\\\/EGS_FootballManager2022_SportsInteractive_S2_1200x1600-5377adfa5fd611bd6726995ece5b04ef-e1659873597210.jpg?fit=1200%2C1152&ssl=1\",\"width\":1200,\"height\":1152},{\"@type\":\"BreadcrumbList\",\"@id\":\"https:\\\/\\\/enderg.com\\\/product\\\/football-manager-2022\\\/#breadcrumb\",\"itemListElement\":[{\"@type\":\"ListItem\",\"position\":1,\"name\":\"Home\",\"item\":\"https:\\\/\\\/enderg.com\\\/\"},{\"@type\":\"ListItem\",\"position\":2,\"name\":\"Shop\",\"item\":\"https:\\\/\\\/enderg.com\\\/shop\\\/\"},{\"@type\":\"ListItem\",\"position\":3,\"name\":\"Football Manager 2022\"}]},{\"@type\":\"WebSite\",\"@id\":\"https:\\\/\\\/enderg.com\\\/#website\",\"url\":\"https:\\\/\\\/enderg.com\\\/\",\"name\":\"EnderG\",\"description\":\"Cheaper Is What We Do!\",\"publisher\":{\"@id\":\"https:\\\/\\\/enderg.com\\\/#organization\"},\"potentialAction\":[{\"@type\":\"SearchAction\",\"target\":{\"@type\":\"EntryPoint\",\"urlTemplate\":\"https:\\\/\\\/enderg.com\\\/?s={search_term_string}\"},\"query-input\":{\"@type\":\"PropertyValueSpecification\",\"valueRequired\":true,\"valueName\":\"search_term_string\"}}],\"inLanguage\":\"es\"},{\"@type\":\"Organization\",\"@id\":\"https:\\\/\\\/enderg.com\\\/#organization\",\"name\":\"EnderG\",\"url\":\"https:\\\/\\\/enderg.com\\\/\",\"logo\":{\"@type\":\"ImageObject\",\"inLanguage\":\"es\",\"@id\":\"https:\\\/\\\/enderg.com\\\/#\\\/schema\\\/logo\\\/image\\\/\",\"url\":\"https:\\\/\\\/enderg.com\\\/wp-content\\\/uploads\\\/2023\\\/03\\\/222222222221.png\",\"contentUrl\":\"https:\\\/\\\/enderg.com\\\/wp-content\\\/uploads\\\/2023\\\/03\\\/222222222221.png\",\"width\":512,\"height\":512,\"caption\":\"EnderG\"},\"image\":{\"@id\":\"https:\\\/\\\/enderg.com\\\/#\\\/schema\\\/logo\\\/image\\\/\"},\"sameAs\":[\"https:\\\/\\\/www.facebook.com\\\/Endergg1\\\/\",\"https:\\\/\\\/www.instagram.com\\\/enderg01\",\"https:\\\/\\\/www.youtube.com\\\/@enderg-com\"],\"description\":\"Cheaper Gaming is what we do!\",\"legalName\":\"Vandar Limited\",\"foundingDate\":\"2022-06-21\"}]}<\/script>\n<!-- \/ Yoast SEO Premium plugin. -->","yoast_head_json":{"title":"Football Manager 2022 - EnderG","robots":{"index":"index","follow":"follow","max-snippet":"max-snippet:-1","max-image-preview":"max-image-preview:large","max-video-preview":"max-video-preview:-1"},"canonical":"https:\/\/enderg.com\/es\/product\/football-manager-2022\/","og_locale":"es_ES","og_type":"article","og_title":"Football Manager 2022","og_description":"Fast Delivery Delivery can take 5 to 20 minutes, according to your place in our queue Your Order will be \u2018Auto Refunded\u2019 in case it does not get delivered after 12 hours! How To Activate 1- Open up a VPN and connect to the server specified in your email after placing your order. 2- Click [&hellip;]","og_url":"https:\/\/enderg.com\/es\/product\/football-manager-2022\/","og_site_name":"EnderG","article_publisher":"https:\/\/www.facebook.com\/Endergg1\/","article_modified_time":"2024-06-25T22:45:02+00:00","og_image":[{"width":1200,"height":1152,"url":"https:\/\/enderg.com\/wp-content\/uploads\/2022\/08\/EGS_FootballManager2022_SportsInteractive_S2_1200x1600-5377adfa5fd611bd6726995ece5b04ef-e1659873597210.jpg","type":"image\/jpeg"}],"twitter_card":"summary_large_image","twitter_misc":{"Tiempo de lectura":"4 minutos"},"schema":{"@context":"https:\/\/schema.org","@graph":[{"@type":"WebPage","@id":"https:\/\/enderg.com\/product\/football-manager-2022\/","url":"https:\/\/enderg.com\/product\/football-manager-2022\/","name":"Football Manager 2022 - EnderG","isPartOf":{"@id":"https:\/\/enderg.com\/#website"},"primaryImageOfPage":{"@id":"https:\/\/enderg.com\/product\/football-manager-2022\/#primaryimage"},"image":{"@id":"https:\/\/enderg.com\/product\/football-manager-2022\/#primaryimage"},"thumbnailUrl":"https:\/\/i0.wp.com\/enderg.com\/wp-content\/uploads\/2022\/08\/EGS_FootballManager2022_SportsInteractive_S2_1200x1600-5377adfa5fd611bd6726995ece5b04ef-e1659873597210.jpg?fit=1200%2C1152&ssl=1","datePublished":"2022-08-07T12:00:08+00:00","dateModified":"2024-06-25T22:45:02+00:00","breadcrumb":{"@id":"https:\/\/enderg.com\/product\/football-manager-2022\/#breadcrumb"},"inLanguage":"es","potentialAction":[{"@type":"ReadAction","target":["https:\/\/enderg.com\/product\/football-manager-2022\/"]}]},{"@type":"ImageObject","inLanguage":"es","@id":"https:\/\/enderg.com\/product\/football-manager-2022\/#primaryimage","url":"https:\/\/i0.wp.com\/enderg.com\/wp-content\/uploads\/2022\/08\/EGS_FootballManager2022_SportsInteractive_S2_1200x1600-5377adfa5fd611bd6726995ece5b04ef-e1659873597210.jpg?fit=1200%2C1152&ssl=1","contentUrl":"https:\/\/i0.wp.com\/enderg.com\/wp-content\/uploads\/2022\/08\/EGS_FootballManager2022_SportsInteractive_S2_1200x1600-5377adfa5fd611bd6726995ece5b04ef-e1659873597210.jpg?fit=1200%2C1152&ssl=1","width":1200,"height":1152},{"@type":"BreadcrumbList","@id":"https:\/\/enderg.com\/product\/football-manager-2022\/#breadcrumb","itemListElement":[{"@type":"ListItem","position":1,"name":"Home","item":"https:\/\/enderg.com\/"},{"@type":"ListItem","position":2,"name":"Shop","item":"https:\/\/enderg.com\/shop\/"},{"@type":"ListItem","position":3,"name":"Football Manager 2022"}]},{"@type":"WebSite","@id":"https:\/\/enderg.com\/#website","url":"https:\/\/enderg.com\/","name":"EnderG","description":"\u00a1M\u00e1s barato es lo que hacemos!","publisher":{"@id":"https:\/\/enderg.com\/#organization"},"potentialAction":[{"@type":"SearchAction","target":{"@type":"EntryPoint","urlTemplate":"https:\/\/enderg.com\/?s={search_term_string}"},"query-input":{"@type":"PropertyValueSpecification","valueRequired":true,"valueName":"search_term_string"}}],"inLanguage":"es"},{"@type":"Organization","@id":"https:\/\/enderg.com\/#organization","name":"EnderG","url":"https:\/\/enderg.com\/","logo":{"@type":"ImageObject","inLanguage":"es","@id":"https:\/\/enderg.com\/#\/schema\/logo\/image\/","url":"https:\/\/enderg.com\/wp-content\/uploads\/2023\/03\/222222222221.png","contentUrl":"https:\/\/enderg.com\/wp-content\/uploads\/2023\/03\/222222222221.png","width":512,"height":512,"caption":"EnderG"},"image":{"@id":"https:\/\/enderg.com\/#\/schema\/logo\/image\/"},"sameAs":["https:\/\/www.facebook.com\/Endergg1\/","https:\/\/www.instagram.com\/enderg01","https:\/\/www.youtube.com\/@enderg-com"],"description":"\u00a1Juegos m\u00e1s baratos es lo que hacemos!","legalName":"Vandar Limited","foundingDate":"2022-06-21"}]}},"jetpack_publicize_connections":[],"jetpack_likes_enabled":true,"jetpack_sharing_enabled":true,"jetpack-related-posts":[],"_links":{"self":[{"href":"https:\/\/enderg.com\/es\/wp-json\/wp\/v2\/product\/492","targetHints":{"allow":["GET"]}}],"collection":[{"href":"https:\/\/enderg.com\/es\/wp-json\/wp\/v2\/product"}],"about":[{"href":"https:\/\/enderg.com\/es\/wp-json\/wp\/v2\/types\/product"}],"replies":[{"embeddable":true,"href":"https:\/\/enderg.com\/es\/wp-json\/wp\/v2\/comments?post=492"}],"version-history":[{"count":9,"href":"https:\/\/enderg.com\/es\/wp-json\/wp\/v2\/product\/492\/revisions"}],"predecessor-version":[{"id":8764,"href":"https:\/\/enderg.com\/es\/wp-json\/wp\/v2\/product\/492\/revisions\/8764"}],"wp:featuredmedia":[{"embeddable":true,"href":"https:\/\/enderg.com\/es\/wp-json\/wp\/v2\/media\/972"}],"wp:attachment":[{"href":"https:\/\/enderg.com\/es\/wp-json\/wp\/v2\/media?parent=492"}],"wp:term":[{"taxonomy":"product_brand","embeddable":true,"href":"https:\/\/enderg.com\/es\/wp-json\/wp\/v2\/product_brand?post=492"},{"taxonomy":"product_cat","embeddable":true,"href":"https:\/\/enderg.com\/es\/wp-json\/wp\/v2\/product_cat?post=492"},{"taxonomy":"product_tag","embeddable":true,"href":"https:\/\/enderg.com\/es\/wp-json\/wp\/v2\/product_tag?post=492"}],"curies":[{"name":"wp","href":"https:\/\/api.w.org\/{rel}","templated":true}]}}