{"id":4319,"date":"2022-08-18T03:47:38","date_gmt":"2022-08-18T00:47:38","guid":{"rendered":"https:\/\/enderg.com\/?post_type=product&#038;p=4319"},"modified":"2024-12-24T22:48:39","modified_gmt":"2024-12-24T19:48:39","slug":"buy-cheap-playstation-gift-card-united-states-us","status":"publish","type":"product","link":"https:\/\/enderg.com\/es\/product\/buy-cheap-playstation-gift-card-united-states-us\/","title":{"rendered":"Tarjetas de regalo de Playstation Estados Unidos (EE. UU.)"},"content":{"rendered":"<div data-elementor-type=\"wp-post\" data-elementor-id=\"4319\" class=\"elementor elementor-4319\" data-elementor-post-type=\"product\">\n\t\t\t\t\t\t<section class=\"elementor-section elementor-top-section elementor-element elementor-element-70a2973e elementor-section-boxed elementor-section-height-default elementor-section-height-default\" data-id=\"70a2973e\" data-element_type=\"section\" data-e-type=\"section\">\n\t\t\t\t\t\t<div class=\"elementor-container elementor-column-gap-default\">\n\t\t\t\t\t<div class=\"elementor-column elementor-col-100 elementor-top-column elementor-element elementor-element-73e80a19\" data-id=\"73e80a19\" data-element_type=\"column\" data-e-type=\"column\">\n\t\t\t<div class=\"elementor-widget-wrap elementor-element-populated\">\n\t\t\t\t\t\t<div class=\"elementor-element elementor-element-66f7f076 elementor-widget elementor-widget-accordion\" data-id=\"66f7f076\" data-element_type=\"widget\" data-e-type=\"widget\" data-widget_type=\"accordion.default\">\n\t\t\t\t<div class=\"elementor-widget-container\">\n\t\t\t\t\t\t\t<div class=\"elementor-accordion\">\n\t\t\t\t\t\t\t<div class=\"elementor-accordion-item\">\n\t\t\t\t\t<h4 id=\"elementor-tab-title-1721\" class=\"elementor-tab-title\" data-tab=\"1\" role=\"button\" aria-controls=\"elementor-tab-content-1721\" aria-expanded=\"false\">\n\t\t\t\t\t\t\t\t\t\t\t\t\t<span class=\"elementor-accordion-icon elementor-accordion-icon-left\" aria-hidden=\"true\">\n\t\t\t\t\t\t\t\t\t\t\t\t\t\t\t<span class=\"elementor-accordion-icon-closed\"><i class=\"fas fa-truck\"><\/i><\/span>\n\t\t\t\t\t\t\t\t<span class=\"elementor-accordion-icon-opened\"><i class=\"fas fa-truck\"><\/i><\/span>\n\t\t\t\t\t\t\t\t\t\t\t\t\t\t<\/span>\n\t\t\t\t\t\t\t\t\t\t\t\t<a class=\"elementor-accordion-title\" tabindex=\"0\">Entrega r\u00e1pida<\/a>\n\t\t\t\t\t<\/h4>\n\t\t\t\t\t<div id=\"elementor-tab-content-1721\" class=\"elementor-tab-content elementor-clearfix\" data-tab=\"1\" role=\"region\" aria-labelledby=\"elementor-tab-title-1721\"><p>5-15 minutos despu\u00e9s de realizar su pedido, recibir\u00e1 el C\u00f3digo para su compra<\/p><\/div>\n\t\t\t\t<\/div>\n\t\t\t\t\t\t\t\t<\/div>\n\t\t\t\t\t\t<\/div>\n\t\t\t\t<\/div>\n\t\t\t\t<div class=\"elementor-element elementor-element-53544ee3 elementor-widget elementor-widget-accordion\" data-id=\"53544ee3\" data-element_type=\"widget\" data-e-type=\"widget\" data-widget_type=\"accordion.default\">\n\t\t\t\t<div class=\"elementor-widget-container\">\n\t\t\t\t\t\t\t<div class=\"elementor-accordion\">\n\t\t\t\t\t\t\t<div class=\"elementor-accordion-item\">\n\t\t\t\t\t<h4 id=\"elementor-tab-title-1391\" class=\"elementor-tab-title\" data-tab=\"1\" role=\"button\" aria-controls=\"elementor-tab-content-1391\" aria-expanded=\"false\">\n\t\t\t\t\t\t\t\t\t\t\t\t\t<span class=\"elementor-accordion-icon elementor-accordion-icon-left\" aria-hidden=\"true\">\n\t\t\t\t\t\t\t\t\t\t\t\t\t\t\t<span class=\"elementor-accordion-icon-closed\"><i class=\"fab fa-playstation\"><\/i><\/span>\n\t\t\t\t\t\t\t\t<span class=\"elementor-accordion-icon-opened\"><i class=\"fab fa-playstation\"><\/i><\/span>\n\t\t\t\t\t\t\t\t\t\t\t\t\t\t<\/span>\n\t\t\t\t\t\t\t\t\t\t\t\t<a class=\"elementor-accordion-title\" tabindex=\"0\">C\u00f3mo activar<\/a>\n\t\t\t\t\t<\/h4>\n\t\t\t\t\t<div id=\"elementor-tab-content-1391\" class=\"elementor-tab-content elementor-clearfix\" data-tab=\"1\" role=\"region\" aria-labelledby=\"elementor-tab-title-1391\"><p>Simplemente siga las instrucciones indicadas <a href=\"https:\/\/www.playstation.com\/en-us\/support\/store\/redeem-ps-store-voucher-code\/\">Aqu\u00ed.<\/a><\/p><p>\u00a1Aseg\u00farese de comprar la regi\u00f3n correcta para su c\u00f3digo! de lo contrario, el c\u00f3digo no se canjear\u00e1 en su cuenta.<\/p><\/div>\n\t\t\t\t<\/div>\n\t\t\t\t\t\t\t\t<\/div>\n\t\t\t\t\t\t<\/div>\n\t\t\t\t<\/div>\n\t\t\t\t<div class=\"elementor-element elementor-element-62b20a50 elementor-widget elementor-widget-text-editor\" data-id=\"62b20a50\" data-element_type=\"widget\" data-e-type=\"widget\" data-widget_type=\"text-editor.default\">\n\t\t\t\t<div class=\"elementor-widget-container\">\n\t\t\t\t\t\t\t\t\t<h3 style=\"text-align: center;\"><strong>Acerca de este juego<\/strong><\/h3>\t\t\t\t\t\t\t\t<\/div>\n\t\t\t\t<\/div>\n\t\t\t\t\t<\/div>\n\t\t<\/div>\n\t\t\t\t\t<\/div>\n\t\t<\/section>\n\t\t\t\t<\/div>","protected":false},"excerpt":{"rendered":"<p>Entrega r\u00e1pida: de 5 a 15 minutos despu\u00e9s de realizar tu pedido, recibir\u00e1s el c\u00f3digo para tu compra. C\u00f3mo activarlo: simplemente sigue las instrucciones que se indican aqu\u00ed. \u00a1Aseg\u00farate de comprar la regi\u00f3n correcta para tu c\u00f3digo! De lo contrario, el c\u00f3digo no se canjear\u00e1 en tu cuenta. Acerca de este juego.<\/p>","protected":false},"featured_media":4281,"comment_status":"open","ping_status":"closed","template":"","meta":{"_crdt_document":"","jetpack_publicize_message":"","jetpack_publicize_feature_enabled":true,"jetpack_social_post_already_shared":true,"jetpack_social_options":{"image_generator_settings":{"template":"highway","default_image_id":0,"font":"","enabled":false},"version":2},"_wpas_customize_per_network":false},"product_brand":[],"product_cat":[1377,1597,1428],"product_tag":[],"class_list":{"0":"post-4319","1":"product","2":"type-product","3":"status-publish","4":"has-post-thumbnail","6":"product_cat-playstation","7":"product_cat-ps-plus","8":"product_cat-subscriptions","10":"first","11":"instock","12":"taxable","13":"shipping-taxable","14":"purchasable","15":"product-type-variable","16":"has-default-attributes"},"yoast_head":"<!-- This site is optimized with the Yoast SEO Premium plugin v27.4 (Yoast SEO v27.4) - https:\/\/yoast.com\/product\/yoast-seo-premium-wordpress\/ -->\n<title>Playstation Gift Cards United States (US) - EnderG<\/title>\n<meta name=\"robots\" content=\"index, follow, max-snippet:-1, max-image-preview:large, max-video-preview:-1\" \/>\n<link rel=\"canonical\" href=\"https:\/\/enderg.com\/es\/product\/buy-cheap-playstation-gift-card-united-states-us\/\" \/>\n<meta property=\"og:locale\" content=\"es_ES\" \/>\n<meta property=\"og:type\" content=\"article\" \/>\n<meta property=\"og:title\" content=\"Playstation Gift Cards United States (US)\" \/>\n<meta property=\"og:description\" content=\"Fast Delivery 5-15 minutes after placing your order you will receive the Code for your purchase How To Activate Simply Follow the instructions indicated Here. Make sure You\u2019re Buying the correct region for your Code! otherwise the code will not be redeemed on your account! About This Game\" \/>\n<meta property=\"og:url\" content=\"https:\/\/enderg.com\/es\/product\/buy-cheap-playstation-gift-card-united-states-us\/\" \/>\n<meta property=\"og:site_name\" content=\"EnderG\" \/>\n<meta property=\"article:publisher\" content=\"https:\/\/www.facebook.com\/Endergg1\/\" \/>\n<meta property=\"article:modified_time\" content=\"2024-12-24T19:48:39+00:00\" \/>\n<meta property=\"og:image\" content=\"https:\/\/i0.wp.com\/enderg.com\/wp-content\/uploads\/2022\/08\/Screenshot-2022-08-18-031825-1.png?fit=319%2C427&ssl=1\" \/>\n\t<meta property=\"og:image:width\" content=\"319\" \/>\n\t<meta property=\"og:image:height\" content=\"427\" \/>\n\t<meta property=\"og:image:type\" content=\"image\/png\" \/>\n<meta name=\"twitter:card\" content=\"summary_large_image\" \/>\n<script type=\"application\/ld+json\" class=\"yoast-schema-graph\">{\"@context\":\"https:\\\/\\\/schema.org\",\"@graph\":[{\"@type\":\"WebPage\",\"@id\":\"https:\\\/\\\/enderg.com\\\/product\\\/buy-cheap-playstation-gift-card-united-states-us\\\/\",\"url\":\"https:\\\/\\\/enderg.com\\\/product\\\/buy-cheap-playstation-gift-card-united-states-us\\\/\",\"name\":\"Playstation Gift Cards United States (US) - EnderG\",\"isPartOf\":{\"@id\":\"https:\\\/\\\/enderg.com\\\/#website\"},\"primaryImageOfPage\":{\"@id\":\"https:\\\/\\\/enderg.com\\\/product\\\/buy-cheap-playstation-gift-card-united-states-us\\\/#primaryimage\"},\"image\":{\"@id\":\"https:\\\/\\\/enderg.com\\\/product\\\/buy-cheap-playstation-gift-card-united-states-us\\\/#primaryimage\"},\"thumbnailUrl\":\"https:\\\/\\\/i0.wp.com\\\/enderg.com\\\/wp-content\\\/uploads\\\/2022\\\/08\\\/Screenshot-2022-08-18-031825-1.png?fit=319%2C427&ssl=1\",\"datePublished\":\"2022-08-18T00:47:38+00:00\",\"dateModified\":\"2024-12-24T19:48:39+00:00\",\"breadcrumb\":{\"@id\":\"https:\\\/\\\/enderg.com\\\/product\\\/buy-cheap-playstation-gift-card-united-states-us\\\/#breadcrumb\"},\"inLanguage\":\"es\",\"potentialAction\":[{\"@type\":\"ReadAction\",\"target\":[\"https:\\\/\\\/enderg.com\\\/product\\\/buy-cheap-playstation-gift-card-united-states-us\\\/\"]}]},{\"@type\":\"ImageObject\",\"inLanguage\":\"es\",\"@id\":\"https:\\\/\\\/enderg.com\\\/product\\\/buy-cheap-playstation-gift-card-united-states-us\\\/#primaryimage\",\"url\":\"https:\\\/\\\/i0.wp.com\\\/enderg.com\\\/wp-content\\\/uploads\\\/2022\\\/08\\\/Screenshot-2022-08-18-031825-1.png?fit=319%2C427&ssl=1\",\"contentUrl\":\"https:\\\/\\\/i0.wp.com\\\/enderg.com\\\/wp-content\\\/uploads\\\/2022\\\/08\\\/Screenshot-2022-08-18-031825-1.png?fit=319%2C427&ssl=1\",\"width\":319,\"height\":427},{\"@type\":\"BreadcrumbList\",\"@id\":\"https:\\\/\\\/enderg.com\\\/product\\\/buy-cheap-playstation-gift-card-united-states-us\\\/#breadcrumb\",\"itemListElement\":[{\"@type\":\"ListItem\",\"position\":1,\"name\":\"Home\",\"item\":\"https:\\\/\\\/enderg.com\\\/\"},{\"@type\":\"ListItem\",\"position\":2,\"name\":\"Shop\",\"item\":\"https:\\\/\\\/enderg.com\\\/shop\\\/\"},{\"@type\":\"ListItem\",\"position\":3,\"name\":\"Playstation Gift Cards United States (US)\"}]},{\"@type\":\"WebSite\",\"@id\":\"https:\\\/\\\/enderg.com\\\/#website\",\"url\":\"https:\\\/\\\/enderg.com\\\/\",\"name\":\"EnderG\",\"description\":\"Cheaper Is What We Do!\",\"publisher\":{\"@id\":\"https:\\\/\\\/enderg.com\\\/#organization\"},\"potentialAction\":[{\"@type\":\"SearchAction\",\"target\":{\"@type\":\"EntryPoint\",\"urlTemplate\":\"https:\\\/\\\/enderg.com\\\/?s={search_term_string}\"},\"query-input\":{\"@type\":\"PropertyValueSpecification\",\"valueRequired\":true,\"valueName\":\"search_term_string\"}}],\"inLanguage\":\"es\"},{\"@type\":\"Organization\",\"@id\":\"https:\\\/\\\/enderg.com\\\/#organization\",\"name\":\"EnderG\",\"url\":\"https:\\\/\\\/enderg.com\\\/\",\"logo\":{\"@type\":\"ImageObject\",\"inLanguage\":\"es\",\"@id\":\"https:\\\/\\\/enderg.com\\\/#\\\/schema\\\/logo\\\/image\\\/\",\"url\":\"https:\\\/\\\/enderg.com\\\/wp-content\\\/uploads\\\/2023\\\/03\\\/222222222221.png\",\"contentUrl\":\"https:\\\/\\\/enderg.com\\\/wp-content\\\/uploads\\\/2023\\\/03\\\/222222222221.png\",\"width\":512,\"height\":512,\"caption\":\"EnderG\"},\"image\":{\"@id\":\"https:\\\/\\\/enderg.com\\\/#\\\/schema\\\/logo\\\/image\\\/\"},\"sameAs\":[\"https:\\\/\\\/www.facebook.com\\\/Endergg1\\\/\",\"https:\\\/\\\/www.instagram.com\\\/enderg01\",\"https:\\\/\\\/www.youtube.com\\\/@enderg-com\"],\"description\":\"Cheaper Gaming is what we do!\",\"legalName\":\"Vandar Limited\",\"foundingDate\":\"2022-06-21\"}]}<\/script>\n<!-- \/ Yoast SEO Premium plugin. -->","yoast_head_json":{"title":"Playstation Gift Cards United States (US) - EnderG","robots":{"index":"index","follow":"follow","max-snippet":"max-snippet:-1","max-image-preview":"max-image-preview:large","max-video-preview":"max-video-preview:-1"},"canonical":"https:\/\/enderg.com\/es\/product\/buy-cheap-playstation-gift-card-united-states-us\/","og_locale":"es_ES","og_type":"article","og_title":"Playstation Gift Cards United States (US)","og_description":"Fast Delivery 5-15 minutes after placing your order you will receive the Code for your purchase How To Activate Simply Follow the instructions indicated Here. Make sure You\u2019re Buying the correct region for your Code! otherwise the code will not be redeemed on your account! About This Game","og_url":"https:\/\/enderg.com\/es\/product\/buy-cheap-playstation-gift-card-united-states-us\/","og_site_name":"EnderG","article_publisher":"https:\/\/www.facebook.com\/Endergg1\/","article_modified_time":"2024-12-24T19:48:39+00:00","og_image":[{"width":319,"height":427,"url":"https:\/\/i0.wp.com\/enderg.com\/wp-content\/uploads\/2022\/08\/Screenshot-2022-08-18-031825-1.png?fit=319%2C427&ssl=1","type":"image\/png"}],"twitter_card":"summary_large_image","schema":{"@context":"https:\/\/schema.org","@graph":[{"@type":"WebPage","@id":"https:\/\/enderg.com\/product\/buy-cheap-playstation-gift-card-united-states-us\/","url":"https:\/\/enderg.com\/product\/buy-cheap-playstation-gift-card-united-states-us\/","name":"Playstation Gift Cards United States (US) - EnderG","isPartOf":{"@id":"https:\/\/enderg.com\/#website"},"primaryImageOfPage":{"@id":"https:\/\/enderg.com\/product\/buy-cheap-playstation-gift-card-united-states-us\/#primaryimage"},"image":{"@id":"https:\/\/enderg.com\/product\/buy-cheap-playstation-gift-card-united-states-us\/#primaryimage"},"thumbnailUrl":"https:\/\/i0.wp.com\/enderg.com\/wp-content\/uploads\/2022\/08\/Screenshot-2022-08-18-031825-1.png?fit=319%2C427&ssl=1","datePublished":"2022-08-18T00:47:38+00:00","dateModified":"2024-12-24T19:48:39+00:00","breadcrumb":{"@id":"https:\/\/enderg.com\/product\/buy-cheap-playstation-gift-card-united-states-us\/#breadcrumb"},"inLanguage":"es","potentialAction":[{"@type":"ReadAction","target":["https:\/\/enderg.com\/product\/buy-cheap-playstation-gift-card-united-states-us\/"]}]},{"@type":"ImageObject","inLanguage":"es","@id":"https:\/\/enderg.com\/product\/buy-cheap-playstation-gift-card-united-states-us\/#primaryimage","url":"https:\/\/i0.wp.com\/enderg.com\/wp-content\/uploads\/2022\/08\/Screenshot-2022-08-18-031825-1.png?fit=319%2C427&ssl=1","contentUrl":"https:\/\/i0.wp.com\/enderg.com\/wp-content\/uploads\/2022\/08\/Screenshot-2022-08-18-031825-1.png?fit=319%2C427&ssl=1","width":319,"height":427},{"@type":"BreadcrumbList","@id":"https:\/\/enderg.com\/product\/buy-cheap-playstation-gift-card-united-states-us\/#breadcrumb","itemListElement":[{"@type":"ListItem","position":1,"name":"Home","item":"https:\/\/enderg.com\/"},{"@type":"ListItem","position":2,"name":"Shop","item":"https:\/\/enderg.com\/shop\/"},{"@type":"ListItem","position":3,"name":"Playstation Gift Cards United States (US)"}]},{"@type":"WebSite","@id":"https:\/\/enderg.com\/#website","url":"https:\/\/enderg.com\/","name":"EnderG","description":"\u00a1M\u00e1s barato es lo que hacemos!","publisher":{"@id":"https:\/\/enderg.com\/#organization"},"potentialAction":[{"@type":"SearchAction","target":{"@type":"EntryPoint","urlTemplate":"https:\/\/enderg.com\/?s={search_term_string}"},"query-input":{"@type":"PropertyValueSpecification","valueRequired":true,"valueName":"search_term_string"}}],"inLanguage":"es"},{"@type":"Organization","@id":"https:\/\/enderg.com\/#organization","name":"EnderG","url":"https:\/\/enderg.com\/","logo":{"@type":"ImageObject","inLanguage":"es","@id":"https:\/\/enderg.com\/#\/schema\/logo\/image\/","url":"https:\/\/enderg.com\/wp-content\/uploads\/2023\/03\/222222222221.png","contentUrl":"https:\/\/enderg.com\/wp-content\/uploads\/2023\/03\/222222222221.png","width":512,"height":512,"caption":"EnderG"},"image":{"@id":"https:\/\/enderg.com\/#\/schema\/logo\/image\/"},"sameAs":["https:\/\/www.facebook.com\/Endergg1\/","https:\/\/www.instagram.com\/enderg01","https:\/\/www.youtube.com\/@enderg-com"],"description":"\u00a1Juegos m\u00e1s baratos es lo que hacemos!","legalName":"Vandar Limited","foundingDate":"2022-06-21"}]}},"jetpack_publicize_connections":[],"jetpack_likes_enabled":true,"jetpack_sharing_enabled":true,"jetpack-related-posts":[{"id":5954,"url":"https:\/\/enderg.com\/es\/product\/star-wars-jedi-survivor\/","url_meta":{"origin":4319,"position":0},"title":"STAR WARS Jedi: Superviviente\u2122","author":"nazhad722","date":"21\/03\/2023","format":false,"excerpt":"Entrega r\u00e1pidaLa entrega puede demorar entre 5 y 20 minutos, seg\u00fan su lugar en nuestra cola.\u00a1Su pedido ser\u00e1 &#039;reembolsado autom\u00e1ticamente&#039; en caso de que no se entregue despu\u00e9s de 12 horas!","rel":"","context":"Con 1 comentario","block_context":{"text":"Con 1 comentario","link":"https:\/\/enderg.com\/es\/product\/star-wars-jedi-survivor\/#comments"},"img":{"alt_text":"","src":"https:\/\/i0.wp.com\/enderg.com\/wp-content\/uploads\/2023\/03\/sw-jedi-survivor-key-art-1080x1080_c38222d5.jpeg?fit=1080%2C1080&ssl=1&resize=350%2C200","width":350,"height":200,"srcset":"https:\/\/i0.wp.com\/enderg.com\/wp-content\/uploads\/2023\/03\/sw-jedi-survivor-key-art-1080x1080_c38222d5.jpeg?fit=1080%2C1080&ssl=1&resize=350%2C200 1x, https:\/\/i0.wp.com\/enderg.com\/wp-content\/uploads\/2023\/03\/sw-jedi-survivor-key-art-1080x1080_c38222d5.jpeg?fit=1080%2C1080&ssl=1&resize=525%2C300 1.5x, https:\/\/i0.wp.com\/enderg.com\/wp-content\/uploads\/2023\/03\/sw-jedi-survivor-key-art-1080x1080_c38222d5.jpeg?fit=1080%2C1080&ssl=1&resize=700%2C400 2x, https:\/\/i0.wp.com\/enderg.com\/wp-content\/uploads\/2023\/03\/sw-jedi-survivor-key-art-1080x1080_c38222d5.jpeg?fit=1080%2C1080&ssl=1&resize=1050%2C600 3x"},"classes":[]},{"id":5990,"url":"https:\/\/enderg.com\/es\/product\/dead-island-2\/","url_meta":{"origin":4319,"position":1},"title":"isla muerta 2","author":"nazhad722","date":"21\/03\/2023","format":false,"excerpt":"Entrega r\u00e1pidaLa entrega puede demorar entre 5 y 20 minutos, seg\u00fan su lugar en nuestra cola.\u00a1Su pedido ser\u00e1 &#039;reembolsado autom\u00e1ticamente&#039; en caso de que no se entregue despu\u00e9s de 12 horas!","rel":"","context":"Con 1 comentario","block_context":{"text":"Con 1 comentario","link":"https:\/\/enderg.com\/es\/product\/dead-island-2\/#comments"},"img":{"alt_text":"","src":"https:\/\/i0.wp.com\/enderg.com\/wp-content\/uploads\/2023\/03\/SyX3pwXDmPfzSY6KsdCU6dfk.jpg?fit=800%2C1200&ssl=1&resize=350%2C200","width":350,"height":200,"srcset":"https:\/\/i0.wp.com\/enderg.com\/wp-content\/uploads\/2023\/03\/SyX3pwXDmPfzSY6KsdCU6dfk.jpg?fit=800%2C1200&ssl=1&resize=350%2C200 1x, https:\/\/i0.wp.com\/enderg.com\/wp-content\/uploads\/2023\/03\/SyX3pwXDmPfzSY6KsdCU6dfk.jpg?fit=800%2C1200&ssl=1&resize=525%2C300 1.5x, https:\/\/i0.wp.com\/enderg.com\/wp-content\/uploads\/2023\/03\/SyX3pwXDmPfzSY6KsdCU6dfk.jpg?fit=800%2C1200&ssl=1&resize=700%2C400 2x"},"classes":[]},{"id":6009,"url":"https:\/\/enderg.com\/es\/product\/diablo-4-iv\/","url_meta":{"origin":4319,"position":2},"title":"Diablo 4 IV","author":"nazhad722","date":"21\/03\/2023","format":false,"excerpt":"Entrega r\u00e1pidaLa entrega puede demorar entre 5 y 20 minutos, seg\u00fan su lugar en nuestra cola.\u00a1Su pedido ser\u00e1 &#039;reembolsado autom\u00e1ticamente&#039; en caso de que no se entregue despu\u00e9s de 12 horas!","rel":"","context":"Con 1 comentario","block_context":{"text":"Con 1 comentario","link":"https:\/\/enderg.com\/es\/product\/diablo-4-iv\/#comments"},"img":{"alt_text":"","src":"https:\/\/i0.wp.com\/enderg.com\/wp-content\/uploads\/2023\/03\/Diablo_IV_cover_art.png?fit=273%2C365&ssl=1&resize=350%2C200","width":350,"height":200},"classes":[]},{"id":6181,"url":"https:\/\/enderg.com\/es\/product\/the-last-of-us-part-i\/","url_meta":{"origin":4319,"position":3},"title":"El \u00faltimo de nosotros Parte I","author":"nazhad722","date":"24\/03\/2023","format":false,"excerpt":"Entrega r\u00e1pida La entrega puede tardar entre 5 y 20 minutos, seg\u00fan su lugar en nuestra cola. \u00a1Su pedido ser\u00e1 &#039;reembolsado autom\u00e1ticamente&#039; en caso de que no se entregue despu\u00e9s de 12 horas!","rel":"","context":"Con 1 comentario","block_context":{"text":"Con 1 comentario","link":"https:\/\/enderg.com\/es\/product\/the-last-of-us-part-i\/#comments"},"img":{"alt_text":"","src":"https:\/\/i0.wp.com\/enderg.com\/wp-content\/uploads\/2023\/03\/eEczyEMDd2BLa3dtkGJVE9Id.jpg?fit=1024%2C1024&ssl=1&resize=350%2C200","width":350,"height":200,"srcset":"https:\/\/i0.wp.com\/enderg.com\/wp-content\/uploads\/2023\/03\/eEczyEMDd2BLa3dtkGJVE9Id.jpg?fit=1024%2C1024&ssl=1&resize=350%2C200 1x, https:\/\/i0.wp.com\/enderg.com\/wp-content\/uploads\/2023\/03\/eEczyEMDd2BLa3dtkGJVE9Id.jpg?fit=1024%2C1024&ssl=1&resize=525%2C300 1.5x, https:\/\/i0.wp.com\/enderg.com\/wp-content\/uploads\/2023\/03\/eEczyEMDd2BLa3dtkGJVE9Id.jpg?fit=1024%2C1024&ssl=1&resize=700%2C400 2x"},"classes":[]},{"id":7427,"url":"https:\/\/enderg.com\/es\/product\/god-of-war-ragnarok\/","url_meta":{"origin":4319,"position":4},"title":"God of War Ragnar\u00f6k","author":"nazhad722","date":"09\/04\/2023","format":false,"excerpt":"Entrega r\u00e1pida La entrega puede tardar entre 5 y 20 minutos, seg\u00fan su lugar en nuestra cola. \u00a1Su pedido ser\u00e1 &#039;reembolsado autom\u00e1ticamente&#039; en caso de que no se entregue despu\u00e9s de 12 horas!","rel":"","context":"Con 1 comentario","block_context":{"text":"Con 1 comentario","link":"https:\/\/enderg.com\/es\/product\/god-of-war-ragnarok\/#comments"},"img":{"alt_text":"","src":"https:\/\/i0.wp.com\/enderg.com\/wp-content\/uploads\/2023\/04\/4xJ8XB3bi888QTLZYdl7Oi0s.jpg?fit=1024%2C1024&ssl=1&resize=350%2C200","width":350,"height":200,"srcset":"https:\/\/i0.wp.com\/enderg.com\/wp-content\/uploads\/2023\/04\/4xJ8XB3bi888QTLZYdl7Oi0s.jpg?fit=1024%2C1024&ssl=1&resize=350%2C200 1x, https:\/\/i0.wp.com\/enderg.com\/wp-content\/uploads\/2023\/04\/4xJ8XB3bi888QTLZYdl7Oi0s.jpg?fit=1024%2C1024&ssl=1&resize=525%2C300 1.5x, https:\/\/i0.wp.com\/enderg.com\/wp-content\/uploads\/2023\/04\/4xJ8XB3bi888QTLZYdl7Oi0s.jpg?fit=1024%2C1024&ssl=1&resize=700%2C400 2x"},"classes":[]},{"id":7772,"url":"https:\/\/enderg.com\/es\/product\/the-last-of-us-part-ii\/","url_meta":{"origin":4319,"position":5},"title":"The Last of Us Part II","author":"nazhad722","date":"14\/04\/2023","format":false,"excerpt":"Entrega r\u00e1pida La entrega puede tardar entre 5 y 20 minutos, seg\u00fan su lugar en nuestra cola. \u00a1Su pedido ser\u00e1 &#039;reembolsado autom\u00e1ticamente&#039; en caso de que no se entregue despu\u00e9s de 12 horas!","rel":"","context":"Entrada similar","block_context":{"text":"Entrada similar","link":""},"img":{"alt_text":"","src":"https:\/\/i0.wp.com\/enderg.com\/wp-content\/uploads\/2023\/04\/w48z6bzefZPrRcJHc7L8SO66.jpg?fit=1024%2C1024&ssl=1&resize=350%2C200","width":350,"height":200,"srcset":"https:\/\/i0.wp.com\/enderg.com\/wp-content\/uploads\/2023\/04\/w48z6bzefZPrRcJHc7L8SO66.jpg?fit=1024%2C1024&ssl=1&resize=350%2C200 1x, https:\/\/i0.wp.com\/enderg.com\/wp-content\/uploads\/2023\/04\/w48z6bzefZPrRcJHc7L8SO66.jpg?fit=1024%2C1024&ssl=1&resize=525%2C300 1.5x, https:\/\/i0.wp.com\/enderg.com\/wp-content\/uploads\/2023\/04\/w48z6bzefZPrRcJHc7L8SO66.jpg?fit=1024%2C1024&ssl=1&resize=700%2C400 2x"},"classes":[]}],"_links":{"self":[{"href":"https:\/\/enderg.com\/es\/wp-json\/wp\/v2\/product\/4319","targetHints":{"allow":["GET"]}}],"collection":[{"href":"https:\/\/enderg.com\/es\/wp-json\/wp\/v2\/product"}],"about":[{"href":"https:\/\/enderg.com\/es\/wp-json\/wp\/v2\/types\/product"}],"replies":[{"embeddable":true,"href":"https:\/\/enderg.com\/es\/wp-json\/wp\/v2\/comments?post=4319"}],"version-history":[{"count":24,"href":"https:\/\/enderg.com\/es\/wp-json\/wp\/v2\/product\/4319\/revisions"}],"predecessor-version":[{"id":41745,"href":"https:\/\/enderg.com\/es\/wp-json\/wp\/v2\/product\/4319\/revisions\/41745"}],"wp:featuredmedia":[{"embeddable":true,"href":"https:\/\/enderg.com\/es\/wp-json\/wp\/v2\/media\/4281"}],"wp:attachment":[{"href":"https:\/\/enderg.com\/es\/wp-json\/wp\/v2\/media?parent=4319"}],"wp:term":[{"taxonomy":"product_brand","embeddable":true,"href":"https:\/\/enderg.com\/es\/wp-json\/wp\/v2\/product_brand?post=4319"},{"taxonomy":"product_cat","embeddable":true,"href":"https:\/\/enderg.com\/es\/wp-json\/wp\/v2\/product_cat?post=4319"},{"taxonomy":"product_tag","embeddable":true,"href":"https:\/\/enderg.com\/es\/wp-json\/wp\/v2\/product_tag?post=4319"}],"curies":[{"name":"wp","href":"https:\/\/api.w.org\/{rel}","templated":true}]}}