{"id":364,"date":"2022-08-07T01:13:09","date_gmt":"2022-08-06T22:13:09","guid":{"rendered":"https:\/\/enderg.com\/?post_type=product&#038;p=364"},"modified":"2024-06-26T01:45:59","modified_gmt":"2024-06-25T22:45:59","slug":"call-of-duty-ghosts","status":"publish","type":"product","link":"https:\/\/enderg.com\/es\/product\/call-of-duty-ghosts\/","title":{"rendered":"Call of Duty\u00ae: Ghosts"},"content":{"rendered":"<div data-elementor-type=\"wp-post\" data-elementor-id=\"364\" class=\"elementor elementor-364\" data-elementor-post-type=\"product\">\n\t\t\t\t\t\t<section class=\"elementor-section elementor-top-section elementor-element elementor-element-40f1291f elementor-section-boxed elementor-section-height-default elementor-section-height-default\" data-id=\"40f1291f\" data-element_type=\"section\" data-e-type=\"section\">\n\t\t\t\t\t\t<div class=\"elementor-container elementor-column-gap-default\">\n\t\t\t\t\t<div class=\"elementor-column elementor-col-100 elementor-top-column elementor-element elementor-element-3c53c717\" data-id=\"3c53c717\" data-element_type=\"column\" data-e-type=\"column\">\n\t\t\t<div class=\"elementor-widget-wrap elementor-element-populated\">\n\t\t\t\t\t\t<div class=\"elementor-element elementor-element-77ccf18e elementor-widget elementor-widget-accordion\" data-id=\"77ccf18e\" data-element_type=\"widget\" data-e-type=\"widget\" data-widget_type=\"accordion.default\">\n\t\t\t\t<div class=\"elementor-widget-container\">\n\t\t\t\t\t\t\t<div class=\"elementor-accordion\">\n\t\t\t\t\t\t\t<div class=\"elementor-accordion-item\">\n\t\t\t\t\t<h4 id=\"elementor-tab-title-2001\" class=\"elementor-tab-title\" data-tab=\"1\" role=\"button\" aria-controls=\"elementor-tab-content-2001\" aria-expanded=\"false\">\n\t\t\t\t\t\t\t\t\t\t\t\t\t<span class=\"elementor-accordion-icon elementor-accordion-icon-left\" aria-hidden=\"true\">\n\t\t\t\t\t\t\t\t\t\t\t\t\t\t\t<span class=\"elementor-accordion-icon-closed\"><i class=\"fas fa-truck\"><\/i><\/span>\n\t\t\t\t\t\t\t\t<span class=\"elementor-accordion-icon-opened\"><i class=\"fas fa-truck\"><\/i><\/span>\n\t\t\t\t\t\t\t\t\t\t\t\t\t\t<\/span>\n\t\t\t\t\t\t\t\t\t\t\t\t<a class=\"elementor-accordion-title\" tabindex=\"0\">Entrega r\u00e1pida<\/a>\n\t\t\t\t\t<\/h4>\n\t\t\t\t\t<div id=\"elementor-tab-content-2001\" class=\"elementor-tab-content elementor-clearfix\" data-tab=\"1\" role=\"region\" aria-labelledby=\"elementor-tab-title-2001\"><p>La entrega puede demorar de 5 a 20 minutos, seg\u00fan su lugar en nuestra cola<\/p><p>Su pedido ser\u00e1 'reembolsado autom\u00e1ticamente' en caso de que no se entregue despu\u00e9s de 12 horas!<\/p><\/div>\n\t\t\t\t<\/div>\n\t\t\t\t\t\t\t\t<\/div>\n\t\t\t\t\t\t<\/div>\n\t\t\t\t<\/div>\n\t\t\t\t<div class=\"elementor-element elementor-element-4143ac40 elementor-widget elementor-widget-accordion\" data-id=\"4143ac40\" data-element_type=\"widget\" data-e-type=\"widget\" data-widget_type=\"accordion.default\">\n\t\t\t\t<div class=\"elementor-widget-container\">\n\t\t\t\t\t\t\t<div class=\"elementor-accordion\">\n\t\t\t\t\t\t\t<div class=\"elementor-accordion-item\">\n\t\t\t\t\t<h4 id=\"elementor-tab-title-1091\" class=\"elementor-tab-title\" data-tab=\"1\" role=\"button\" aria-controls=\"elementor-tab-content-1091\" aria-expanded=\"false\">\n\t\t\t\t\t\t\t\t\t\t\t\t\t<span class=\"elementor-accordion-icon elementor-accordion-icon-left\" aria-hidden=\"true\">\n\t\t\t\t\t\t\t\t\t\t\t\t\t\t\t<span class=\"elementor-accordion-icon-closed\"><i class=\"fab fa-xbox\"><\/i><\/span>\n\t\t\t\t\t\t\t\t<span class=\"elementor-accordion-icon-opened\"><i class=\"fab fa-xbox\"><\/i><\/span>\n\t\t\t\t\t\t\t\t\t\t\t\t\t\t<\/span>\n\t\t\t\t\t\t\t\t\t\t\t\t<a class=\"elementor-accordion-title\" tabindex=\"0\">C\u00f3mo activar<\/a>\n\t\t\t\t\t<\/h4>\n\t\t\t\t\t<div id=\"elementor-tab-content-1091\" class=\"elementor-tab-content elementor-clearfix\" data-tab=\"1\" role=\"region\" aria-labelledby=\"elementor-tab-title-1091\"><p>1- Abra una VPN y con\u00e9ctese al servidor especificado en su correo electr\u00f3nico despu\u00e9s de realizar su pedido.<\/p><p>2- Haga clic en este\u00a0<a title=\"https:\/\/account.microsoft.com\/billing\/redeem?refd=login.live.com\" href=\"https:\/\/account.microsoft.com\/billing\/redeem?refd=login.live.com\"><strong>Enlace<\/strong><\/a>\u00a0\u00a1Inicie sesi\u00f3n en su cuenta y luego canjee la clave que recibi\u00f3!<\/p><p>3- \u00a1Disfruta!<\/p><\/div>\n\t\t\t\t<\/div>\n\t\t\t\t\t\t\t\t<\/div>\n\t\t\t\t\t\t<\/div>\n\t\t\t\t<\/div>\n\t\t\t\t\t<\/div>\n\t\t<\/div>\n\t\t\t\t\t<\/div>\n\t\t<\/section>\n\t\t\t\t<section class=\"elementor-section elementor-top-section elementor-element elementor-element-23fc72c4 elementor-section-boxed elementor-section-height-default elementor-section-height-default\" data-id=\"23fc72c4\" data-element_type=\"section\" data-e-type=\"section\">\n\t\t\t\t\t\t<div class=\"elementor-container elementor-column-gap-default\">\n\t\t\t\t\t<div class=\"elementor-column elementor-col-100 elementor-top-column elementor-element elementor-element-4aeb0ae7\" data-id=\"4aeb0ae7\" data-element_type=\"column\" data-e-type=\"column\">\n\t\t\t<div class=\"elementor-widget-wrap elementor-element-populated\">\n\t\t\t\t\t\t<div class=\"elementor-element elementor-element-1881fdaa elementor-widget elementor-widget-text-editor\" data-id=\"1881fdaa\" data-element_type=\"widget\" data-e-type=\"widget\" data-widget_type=\"text-editor.default\">\n\t\t\t\t<div class=\"elementor-widget-container\">\n\t\t\t\t\t\t\t\t\t<div class=\"game_page_autocollapse_ctn expanded\">\r\n<div id=\"aboutThisGame\" class=\"game_page_autocollapse\" data-panel=\"{&quot;type&quot;:&quot;PanelGroup&quot;}\">\r\n<div id=\"game_area_description\" class=\"game_area_description\">\r\n\r\nOutnumbered and outgunned, but not outmatched.\r\n\r\nCall of Duty\u00ae: Ghosts is an extraordinary step forward for one of the largest entertainment franchises of all-time. This new chapter in the Call of Duty\u00ae franchise features a new dynamic where players are on the side of a crippled nation fighting not for freedom, or liberty, but simply to survive.\r\n\r\nFueling this all new Call of Duty experience, the franchise&#8217;s new next-gen engine delivers stunning levels of immersion and performance, all while maintaining the speed and fluidity of 60 frames-per-second across all platforms.\r\n\r\n<strong>Single Player Campaign<\/strong>\r\n<ul class=\"bb_ul\">\r\n \t<li>Ten years after a devastating mass event, America\u2019s borders and the balance of global power have changed forever. As what&#8217;s left of the nation&#8217;s Special Operations forces, a mysterious group known only as &#8220;Ghosts&#8221; leads the fight back against a newly emerged, technologically-superior global power.<\/li>\r\n \t<li>A New Call of Duty Universe: For the first time in franchise history, players will take on the underdog role with Call of Duty: Ghosts; outnumbered and outgunned, players must fight to reclaim a fallen nation in an intensely personal narrative. Gamers will get to know an entirely new cast of characters and visit locales in a changed world unlike anything seen in Call of Duty\u00ae before.<\/li>\r\n<\/ul>\r\n<strong>Multiplayer<\/strong>\r\n<ul class=\"bb_ul\">\r\n \t<li>In Call of Duty: Ghosts you don&#8217;t just create a class, you create a soldier, a first for the franchise. In the new Create-A-Soldier system, players can change the physical appearance of their soldier by choosing the head, body type, head-gear and equipment, and for the first time in a Call of Duty\u00ae game, the player can also choose their gender. With 20,000 possible combinations, this is the most flexible and comprehensive character customization in Call of Duty history.<\/li>\r\n \t<li>New dynamic maps are the evolution of multiplayer. They include interactive elements and player triggered events that make the environment evolve as each match goes on. The entire landscape can shift and force players to change tactics and strategies.<\/li>\r\n \t<li>Call of Duty: Ghosts introduces new tactical player movements. The new contextual lean system now allows players to lean around obstacles without adding button combinations or fully leaving cover. The new mantling system allows fluid movement over objects, while maintaining momentum. The knee slide allows for a natural transition from sprinting crouching to prone.<\/li>\r\n \t<li>Call of Duty: Ghosts delivers over 20 NEW Kill Streaks such as Juggernaut Maniac, the Helo Scout, the Vulture and the ODIN Strike. Players can even bring in guard dog Riley, from the single-player campaign, to protect and also to attack enemies. There are also over 30 NEW weapons, including an entirely new weapon class: Marksman Rifles.<\/li>\r\n<\/ul>\r\n<strong>Squads<\/strong>\r\n<ul class=\"bb_ul\">\r\n \t<li>Build your team and take up to 6 of them into battle in the all new Squads mode. This mode takes the best parts of the multiplayer experience and allows you to play either solo or cooperatively with the custom soldiers created and leveled up in multiplayer.<\/li>\r\n \t<li>The load-out choices you make for your Squad members will directly change the AI behavior of your squad-mates. Give your soldier a sniper rifle and he&#8217;ll behave like a sniper, and an SMG guy will be more run and gun.<\/li>\r\n<\/ul>\r\n<\/div>\r\n<\/div>\r\n<\/div>\r\n<div class=\"game_page_autocollapse_ctn\">\r\n<div class=\"game_page_autocollapse sys_req\">\r\n<h2><iframe title=\"Official Reveal Trailer | Call of Duty: Ghosts\" data-src=\"https:\/\/www.youtube.com\/embed\/Zxnx3W-HA18\" width=\"1280\" height=\"720\" frameborder=\"0\" allowfullscreen=\"allowfullscreen\" src=\"data:image\/svg+xml;base64,PHN2ZyB3aWR0aD0iMSIgaGVpZ2h0PSIxIiB4bWxucz0iaHR0cDovL3d3dy53My5vcmcvMjAwMC9zdmciPjwvc3ZnPg==\" class=\"lazyload\" data-load-mode=\"1\"><\/iframe><\/h2>\r\n<h2>REQUISITOS DEL SISTEMA<\/h2>\r\n<div class=\"sysreq_contents\">\r\n<div class=\"game_area_sys_req sysreq_content active\" data-os=\"win\">\r\n<div class=\"game_area_sys_req_leftCol\"><strong>MINIMUM<\/strong>\r\n<ul>\r\n \t<li style=\"list-style-type: none;\">\r\n<ul class=\"bb_ul\">\r\n \t<li><strong>OS<\/strong>: Windows 7 64-Bit \/ Windows 8 64-Bit\r\n<strong>CPU<\/strong>: Intel\u00ae Core\u2122 2 Duo E8200 2.66 GHZ \/ AMD Phenom\u2122 X3 8750 2.4 GHZ or better\r\n<strong>RAM<\/strong>: 6 GB RAM\r\n<strong>HDD<\/strong>\u00a0: 40 GB HD space\r\n<strong>Video<\/strong>: NVIDIA\u00ae GeForce\u2122 GTS 450 \/ ATI\u00ae Radeon\u2122 HD 5870 or better\r\n<strong>Sound<\/strong>: DirectX\u00ae compatible sound card\r\n<strong>DirectX\u00ae<\/strong>: DirectX\u00ae 11\r\n<strong>Internet<\/strong>: Broadband connection and service required for Multiplayer Connectivity. Internet connection required for activation.<\/li>\r\n<\/ul>\r\n<\/li>\r\n<\/ul>\r\n<\/div>\r\n<div class=\"game_area_sys_req_rightCol\"><strong>RECOMMENDED<\/strong>\r\n<ul>\r\n \t<li style=\"list-style-type: none;\">\r\n<ul class=\"bb_ul\">\r\n \t<li><strong>OS<\/strong>: Windows 7 64-Bit \/ Windows 8 64-Bit\r\n<strong>CPU<\/strong>: Intel\u00ae Core\u2122 i5 \u2013 680 @ 3.6GHz\r\n<strong>RAM<\/strong>: 8 GB RAM\r\n<strong>HDD<\/strong>\u00a0: 40 GB HD space\r\n<strong>Video<\/strong>: NVIDIA\u00ae GeForce\u2122 GTX 760 @ 4GB\r\n<strong>Sound<\/strong>: DirectX\u00ae compatible sound card\r\n<strong>DirectX\u00ae<\/strong>: DirectX\u00ae 11\r\n<strong>Internet<\/strong>: Broadband connection and service required for Multiplayer Connectivity. Internet connection required for activation.<\/li>\r\n<\/ul>\r\n<\/li>\r\n<\/ul>\r\n<\/div>\r\n<\/div>\r\n<\/div>\r\n<\/div>\r\n<\/div>\t\t\t\t\t\t\t\t<\/div>\n\t\t\t\t<\/div>\n\t\t\t\t\t<\/div>\n\t\t<\/div>\n\t\t\t\t\t<\/div>\n\t\t<\/section>\n\t\t\t\t<\/div>","protected":false},"excerpt":{"rendered":"<p>Fast Delivery Delivery can take 5 to 20 minutes, according to your place in our queue Your Order will be \u2018Auto Refunded\u2019 in case it does not get delivered after 12 hours! How To Activate 1- Open up a VPN and connect to the server specified in your email after placing your order. 2- Click [&hellip;]<\/p>\n","protected":false},"featured_media":692,"comment_status":"closed","ping_status":"closed","template":"","meta":{"_crdt_document":"","jetpack_post_was_ever_published":false,"jetpack_publicize_message":"","jetpack_publicize_feature_enabled":true,"jetpack_social_post_already_shared":true,"jetpack_social_options":{"image_generator_settings":{"template":"highway","default_image_id":0,"font":"","enabled":false},"version":2},"_wpas_customize_per_network":false},"product_brand":[],"product_cat":[1375,1374],"product_tag":[],"class_list":{"0":"post-364","1":"product","2":"type-product","3":"status-publish","4":"has-post-thumbnail","6":"product_cat-pc","7":"product_cat-xbox","9":"first","10":"outofstock","11":"sale","12":"taxable","13":"shipping-taxable","14":"purchasable","15":"product-type-variable","16":"has-default-attributes"},"yoast_head":"<!-- This site is optimized with the Yoast SEO Premium plugin v27.3 (Yoast SEO v27.3) - https:\/\/yoast.com\/product\/yoast-seo-premium-wordpress\/ -->\n<title>Call of Duty\u00ae: Ghosts - EnderG<\/title>\n<meta name=\"robots\" content=\"index, follow, max-snippet:-1, max-image-preview:large, max-video-preview:-1\" \/>\n<link rel=\"canonical\" href=\"https:\/\/enderg.com\/es\/product\/call-of-duty-ghosts\/\" \/>\n<meta property=\"og:locale\" content=\"es_ES\" \/>\n<meta property=\"og:type\" content=\"article\" \/>\n<meta property=\"og:title\" content=\"Call of Duty\u00ae: Ghosts\" \/>\n<meta property=\"og:description\" content=\"Fast Delivery Delivery can take 5 to 20 minutes, according to your place in our queue Your Order will be \u2018Auto Refunded\u2019 in case it does not get delivered after 12 hours! How To Activate 1- Open up a VPN and connect to the server specified in your email after placing your order. 2- Click [&hellip;]\" \/>\n<meta property=\"og:url\" content=\"https:\/\/enderg.com\/es\/product\/call-of-duty-ghosts\/\" \/>\n<meta property=\"og:site_name\" content=\"EnderG\" \/>\n<meta property=\"article:publisher\" content=\"https:\/\/www.facebook.com\/Endergg1\/\" \/>\n<meta property=\"article:modified_time\" content=\"2024-06-25T22:45:59+00:00\" \/>\n<meta property=\"og:image\" content=\"https:\/\/enderg.com\/wp-content\/uploads\/2022\/08\/Call_of_Duty_Ghosts_cover.jpg\" \/>\n\t<meta property=\"og:image:width\" content=\"767\" \/>\n\t<meta property=\"og:image:height\" content=\"1078\" \/>\n\t<meta property=\"og:image:type\" content=\"image\/jpeg\" \/>\n<meta name=\"twitter:card\" content=\"summary_large_image\" \/>\n<meta name=\"twitter:label1\" content=\"Tiempo de lectura\" \/>\n\t<meta name=\"twitter:data1\" content=\"4 minutos\" \/>\n<script type=\"application\/ld+json\" class=\"yoast-schema-graph\">{\"@context\":\"https:\\\/\\\/schema.org\",\"@graph\":[{\"@type\":\"WebPage\",\"@id\":\"https:\\\/\\\/enderg.com\\\/product\\\/call-of-duty-ghosts\\\/\",\"url\":\"https:\\\/\\\/enderg.com\\\/product\\\/call-of-duty-ghosts\\\/\",\"name\":\"Call of Duty\u00ae: Ghosts - EnderG\",\"isPartOf\":{\"@id\":\"https:\\\/\\\/enderg.com\\\/#website\"},\"primaryImageOfPage\":{\"@id\":\"https:\\\/\\\/enderg.com\\\/product\\\/call-of-duty-ghosts\\\/#primaryimage\"},\"image\":{\"@id\":\"https:\\\/\\\/enderg.com\\\/product\\\/call-of-duty-ghosts\\\/#primaryimage\"},\"thumbnailUrl\":\"https:\\\/\\\/i0.wp.com\\\/enderg.com\\\/wp-content\\\/uploads\\\/2022\\\/08\\\/Call_of_Duty_Ghosts_cover.jpg?fit=767%2C1078&ssl=1\",\"datePublished\":\"2022-08-06T22:13:09+00:00\",\"dateModified\":\"2024-06-25T22:45:59+00:00\",\"breadcrumb\":{\"@id\":\"https:\\\/\\\/enderg.com\\\/product\\\/call-of-duty-ghosts\\\/#breadcrumb\"},\"inLanguage\":\"es\",\"potentialAction\":[{\"@type\":\"ReadAction\",\"target\":[\"https:\\\/\\\/enderg.com\\\/product\\\/call-of-duty-ghosts\\\/\"]}]},{\"@type\":\"ImageObject\",\"inLanguage\":\"es\",\"@id\":\"https:\\\/\\\/enderg.com\\\/product\\\/call-of-duty-ghosts\\\/#primaryimage\",\"url\":\"https:\\\/\\\/i0.wp.com\\\/enderg.com\\\/wp-content\\\/uploads\\\/2022\\\/08\\\/Call_of_Duty_Ghosts_cover.jpg?fit=767%2C1078&ssl=1\",\"contentUrl\":\"https:\\\/\\\/i0.wp.com\\\/enderg.com\\\/wp-content\\\/uploads\\\/2022\\\/08\\\/Call_of_Duty_Ghosts_cover.jpg?fit=767%2C1078&ssl=1\",\"width\":767,\"height\":1078},{\"@type\":\"BreadcrumbList\",\"@id\":\"https:\\\/\\\/enderg.com\\\/product\\\/call-of-duty-ghosts\\\/#breadcrumb\",\"itemListElement\":[{\"@type\":\"ListItem\",\"position\":1,\"name\":\"Home\",\"item\":\"https:\\\/\\\/enderg.com\\\/\"},{\"@type\":\"ListItem\",\"position\":2,\"name\":\"Shop\",\"item\":\"https:\\\/\\\/enderg.com\\\/shop\\\/\"},{\"@type\":\"ListItem\",\"position\":3,\"name\":\"Call of Duty\u00ae: Ghosts\"}]},{\"@type\":\"WebSite\",\"@id\":\"https:\\\/\\\/enderg.com\\\/#website\",\"url\":\"https:\\\/\\\/enderg.com\\\/\",\"name\":\"EnderG\",\"description\":\"Cheaper Is What We Do!\",\"publisher\":{\"@id\":\"https:\\\/\\\/enderg.com\\\/#organization\"},\"potentialAction\":[{\"@type\":\"SearchAction\",\"target\":{\"@type\":\"EntryPoint\",\"urlTemplate\":\"https:\\\/\\\/enderg.com\\\/?s={search_term_string}\"},\"query-input\":{\"@type\":\"PropertyValueSpecification\",\"valueRequired\":true,\"valueName\":\"search_term_string\"}}],\"inLanguage\":\"es\"},{\"@type\":\"Organization\",\"@id\":\"https:\\\/\\\/enderg.com\\\/#organization\",\"name\":\"EnderG\",\"url\":\"https:\\\/\\\/enderg.com\\\/\",\"logo\":{\"@type\":\"ImageObject\",\"inLanguage\":\"es\",\"@id\":\"https:\\\/\\\/enderg.com\\\/#\\\/schema\\\/logo\\\/image\\\/\",\"url\":\"https:\\\/\\\/enderg.com\\\/wp-content\\\/uploads\\\/2023\\\/03\\\/222222222221.png\",\"contentUrl\":\"https:\\\/\\\/enderg.com\\\/wp-content\\\/uploads\\\/2023\\\/03\\\/222222222221.png\",\"width\":512,\"height\":512,\"caption\":\"EnderG\"},\"image\":{\"@id\":\"https:\\\/\\\/enderg.com\\\/#\\\/schema\\\/logo\\\/image\\\/\"},\"sameAs\":[\"https:\\\/\\\/www.facebook.com\\\/Endergg1\\\/\",\"https:\\\/\\\/www.instagram.com\\\/enderg01\",\"https:\\\/\\\/www.youtube.com\\\/@enderg-com\"],\"description\":\"Cheaper Gaming is what we do!\",\"legalName\":\"Vandar Limited\",\"foundingDate\":\"2022-06-21\"}]}<\/script>\n<!-- \/ Yoast SEO Premium plugin. -->","yoast_head_json":{"title":"Call of Duty\u00ae: Ghosts - EnderG","robots":{"index":"index","follow":"follow","max-snippet":"max-snippet:-1","max-image-preview":"max-image-preview:large","max-video-preview":"max-video-preview:-1"},"canonical":"https:\/\/enderg.com\/es\/product\/call-of-duty-ghosts\/","og_locale":"es_ES","og_type":"article","og_title":"Call of Duty\u00ae: Ghosts","og_description":"Fast Delivery Delivery can take 5 to 20 minutes, according to your place in our queue Your Order will be \u2018Auto Refunded\u2019 in case it does not get delivered after 12 hours! How To Activate 1- Open up a VPN and connect to the server specified in your email after placing your order. 2- Click [&hellip;]","og_url":"https:\/\/enderg.com\/es\/product\/call-of-duty-ghosts\/","og_site_name":"EnderG","article_publisher":"https:\/\/www.facebook.com\/Endergg1\/","article_modified_time":"2024-06-25T22:45:59+00:00","og_image":[{"width":767,"height":1078,"url":"https:\/\/enderg.com\/wp-content\/uploads\/2022\/08\/Call_of_Duty_Ghosts_cover.jpg","type":"image\/jpeg"}],"twitter_card":"summary_large_image","twitter_misc":{"Tiempo de lectura":"4 minutos"},"schema":{"@context":"https:\/\/schema.org","@graph":[{"@type":"WebPage","@id":"https:\/\/enderg.com\/product\/call-of-duty-ghosts\/","url":"https:\/\/enderg.com\/product\/call-of-duty-ghosts\/","name":"Call of Duty\u00ae: Ghosts - EnderG","isPartOf":{"@id":"https:\/\/enderg.com\/#website"},"primaryImageOfPage":{"@id":"https:\/\/enderg.com\/product\/call-of-duty-ghosts\/#primaryimage"},"image":{"@id":"https:\/\/enderg.com\/product\/call-of-duty-ghosts\/#primaryimage"},"thumbnailUrl":"https:\/\/i0.wp.com\/enderg.com\/wp-content\/uploads\/2022\/08\/Call_of_Duty_Ghosts_cover.jpg?fit=767%2C1078&ssl=1","datePublished":"2022-08-06T22:13:09+00:00","dateModified":"2024-06-25T22:45:59+00:00","breadcrumb":{"@id":"https:\/\/enderg.com\/product\/call-of-duty-ghosts\/#breadcrumb"},"inLanguage":"es","potentialAction":[{"@type":"ReadAction","target":["https:\/\/enderg.com\/product\/call-of-duty-ghosts\/"]}]},{"@type":"ImageObject","inLanguage":"es","@id":"https:\/\/enderg.com\/product\/call-of-duty-ghosts\/#primaryimage","url":"https:\/\/i0.wp.com\/enderg.com\/wp-content\/uploads\/2022\/08\/Call_of_Duty_Ghosts_cover.jpg?fit=767%2C1078&ssl=1","contentUrl":"https:\/\/i0.wp.com\/enderg.com\/wp-content\/uploads\/2022\/08\/Call_of_Duty_Ghosts_cover.jpg?fit=767%2C1078&ssl=1","width":767,"height":1078},{"@type":"BreadcrumbList","@id":"https:\/\/enderg.com\/product\/call-of-duty-ghosts\/#breadcrumb","itemListElement":[{"@type":"ListItem","position":1,"name":"Home","item":"https:\/\/enderg.com\/"},{"@type":"ListItem","position":2,"name":"Shop","item":"https:\/\/enderg.com\/shop\/"},{"@type":"ListItem","position":3,"name":"Call of Duty\u00ae: Ghosts"}]},{"@type":"WebSite","@id":"https:\/\/enderg.com\/#website","url":"https:\/\/enderg.com\/","name":"EnderG","description":"\u00a1M\u00e1s barato es lo que hacemos!","publisher":{"@id":"https:\/\/enderg.com\/#organization"},"potentialAction":[{"@type":"SearchAction","target":{"@type":"EntryPoint","urlTemplate":"https:\/\/enderg.com\/?s={search_term_string}"},"query-input":{"@type":"PropertyValueSpecification","valueRequired":true,"valueName":"search_term_string"}}],"inLanguage":"es"},{"@type":"Organization","@id":"https:\/\/enderg.com\/#organization","name":"EnderG","url":"https:\/\/enderg.com\/","logo":{"@type":"ImageObject","inLanguage":"es","@id":"https:\/\/enderg.com\/#\/schema\/logo\/image\/","url":"https:\/\/enderg.com\/wp-content\/uploads\/2023\/03\/222222222221.png","contentUrl":"https:\/\/enderg.com\/wp-content\/uploads\/2023\/03\/222222222221.png","width":512,"height":512,"caption":"EnderG"},"image":{"@id":"https:\/\/enderg.com\/#\/schema\/logo\/image\/"},"sameAs":["https:\/\/www.facebook.com\/Endergg1\/","https:\/\/www.instagram.com\/enderg01","https:\/\/www.youtube.com\/@enderg-com"],"description":"\u00a1Juegos m\u00e1s baratos es lo que hacemos!","legalName":"Vandar Limited","foundingDate":"2022-06-21"}]}},"jetpack_publicize_connections":[],"jetpack_likes_enabled":true,"jetpack_sharing_enabled":true,"jetpack-related-posts":[],"_links":{"self":[{"href":"https:\/\/enderg.com\/es\/wp-json\/wp\/v2\/product\/364","targetHints":{"allow":["GET"]}}],"collection":[{"href":"https:\/\/enderg.com\/es\/wp-json\/wp\/v2\/product"}],"about":[{"href":"https:\/\/enderg.com\/es\/wp-json\/wp\/v2\/types\/product"}],"replies":[{"embeddable":true,"href":"https:\/\/enderg.com\/es\/wp-json\/wp\/v2\/comments?post=364"}],"version-history":[{"count":9,"href":"https:\/\/enderg.com\/es\/wp-json\/wp\/v2\/product\/364\/revisions"}],"predecessor-version":[{"id":8786,"href":"https:\/\/enderg.com\/es\/wp-json\/wp\/v2\/product\/364\/revisions\/8786"}],"wp:featuredmedia":[{"embeddable":true,"href":"https:\/\/enderg.com\/es\/wp-json\/wp\/v2\/media\/692"}],"wp:attachment":[{"href":"https:\/\/enderg.com\/es\/wp-json\/wp\/v2\/media?parent=364"}],"wp:term":[{"taxonomy":"product_brand","embeddable":true,"href":"https:\/\/enderg.com\/es\/wp-json\/wp\/v2\/product_brand?post=364"},{"taxonomy":"product_cat","embeddable":true,"href":"https:\/\/enderg.com\/es\/wp-json\/wp\/v2\/product_cat?post=364"},{"taxonomy":"product_tag","embeddable":true,"href":"https:\/\/enderg.com\/es\/wp-json\/wp\/v2\/product_tag?post=364"}],"curies":[{"name":"wp","href":"https:\/\/api.w.org\/{rel}","templated":true}]}}