{"id":1909,"date":"2022-08-08T21:02:04","date_gmt":"2022-08-08T18:02:04","guid":{"rendered":"https:\/\/enderg.com\/product\/call-of-duty-modern-warfare-2-campaign-remastered\/"},"modified":"2024-06-26T01:43:37","modified_gmt":"2024-06-25T22:43:37","slug":"campana-remasterizada-de-call-of-duty-modern-warfare-2","status":"publish","type":"product","link":"https:\/\/enderg.com\/es\/product\/call-of-duty-modern-warfare-2-campaign-remastered\/","title":{"rendered":"Campa\u00f1a de Call of Duty\u00ae: Modern Warfare\u00ae 2 remasterizada"},"content":{"rendered":"<p><span data-mce-fragment=\"1\">INCLUYE el paquete Ghost cl\u00e1sico del equipo de demostraci\u00f3n submarina, disponible para usar en Call of Duty\u00ae: Modern Warfare\u00ae, incluido Warzone*.<\/span><\/p>\n<p>Equ\u00edpate con uno de los aspectos m\u00e1s ic\u00f3nicos de Ghost con este paquete de Operador Ghost. Lleva la intensa apariencia de UDT Ghost de la emocionante misi\u00f3n de campa\u00f1a de Call of Duty\u00ae: Modern Warfare\u00ae 2 &quot;El \u00fanico d\u00eda f\u00e1cil... fue ayer&quot; a Modern Warfare\u00ae, incluyendo la versi\u00f3n gratuita Call of Duty\u00ae: Warzone.<\/p>\n<p>El paquete incluye: \u2013 Dise\u00f1o cl\u00e1sico de fantasma \u2013 2 planos de armas \u2013 Amuleto de arma \u2013 Movimiento final \u2013 Gui\u00f3n de voz \u2013 Tarjeta de presentaci\u00f3n animada \u2013 Emblema \u2013 2 saltos de nivel del pase de batalla<\/p>\n<p>Revive la \u00e9pica campa\u00f1a para un jugador del \u00e9xito de taquilla de 2009, Call of Duty\u00ae: Modern Warfare\u00ae 2, remasterizada para una nueva generaci\u00f3n en aut\u00e9ntica alta definici\u00f3n. La campa\u00f1a comienza inmediatamente despu\u00e9s de los dram\u00e1ticos acontecimientos de Call of Duty\u00ae 4: Modern Warfare\u00ae, el revolucionario t\u00edtulo que cosech\u00f3 elogios de la cr\u00edtica mundial. Modern Warfare\u00ae 2 es la personificaci\u00f3n de la acci\u00f3n apasionante y trepidante, mientras los jugadores se enfrentan a una nueva amenaza empe\u00f1ada en llevar al mundo al borde del colapso.<\/p>\n<p>La campa\u00f1a de Call of Duty\u00ae: Modern Warfare\u00ae 2 ha sido completamente remasterizada con texturas, animaciones, renderizado basado en la f\u00edsica, iluminaci\u00f3n de alto rango din\u00e1mico (HDR) mejorados y mucho m\u00e1s. Vive misiones cl\u00e1sicas como Cliffhanger, The Gulag y Whiskey Hotel, uni\u00e9ndote a Soap, Price, &quot;Ghost&quot; y el resto de la Fuerza Operativa 141 en la lucha global para restaurar el orden mundial.<\/p>","protected":false},"excerpt":{"rendered":"<p>INCLUDES the Underwater Demo Team Classic Ghost Bundle, available for use in Call of Duty\u00ae: Modern Warfare\u00ae, including Warzone*. Gear up with one of the most iconic Ghost looks with this Ghost Operator bundle. Bring the intense look and feel of UDT Ghost from the heart-pounding Call of Duty\u00ae: Modern Warfare\u00ae 2 campaign mission &#8216;The [&hellip;]<\/p>\n","protected":false},"featured_media":2231,"comment_status":"closed","ping_status":"closed","template":"","meta":{"_crdt_document":"","jetpack_post_was_ever_published":false,"jetpack_publicize_message":"","jetpack_publicize_feature_enabled":true,"jetpack_social_post_already_shared":true,"jetpack_social_options":{"image_generator_settings":{"template":"highway","default_image_id":0,"font":"","enabled":false},"version":2},"_wpas_customize_per_network":false},"product_brand":[],"product_cat":[1374],"product_tag":[1399],"class_list":{"0":"post-1909","1":"product","2":"type-product","3":"status-publish","4":"has-post-thumbnail","6":"product_cat-xbox","7":"product_tag-xbox","9":"first","10":"outofstock","11":"sale","12":"taxable","13":"shipping-taxable","14":"purchasable","15":"product-type-variable","16":"has-default-attributes"},"yoast_head":"<!-- This site is optimized with the Yoast SEO Premium plugin v27.3 (Yoast SEO v27.3) - https:\/\/yoast.com\/product\/yoast-seo-premium-wordpress\/ -->\n<title>Call of Duty\u00ae: Modern Warfare\u00ae 2 Campaign Remastered - EnderG<\/title>\n<meta name=\"robots\" content=\"index, follow, max-snippet:-1, max-image-preview:large, max-video-preview:-1\" \/>\n<link rel=\"canonical\" href=\"https:\/\/enderg.com\/es\/product\/campana-remasterizada-de-call-of-duty-modern-warfare-2\/\" \/>\n<meta property=\"og:locale\" content=\"es_ES\" \/>\n<meta property=\"og:type\" content=\"article\" \/>\n<meta property=\"og:title\" content=\"Call of Duty\u00ae: Modern Warfare\u00ae 2 Campaign Remastered\" \/>\n<meta property=\"og:description\" content=\"INCLUDES the Underwater Demo Team Classic Ghost Bundle, available for use in Call of Duty\u00ae: Modern Warfare\u00ae, including Warzone*. Gear up with one of the most iconic Ghost looks with this Ghost Operator bundle. Bring the intense look and feel of UDT Ghost from the heart-pounding Call of Duty\u00ae: Modern Warfare\u00ae 2 campaign mission &#8216;The [&hellip;]\" \/>\n<meta property=\"og:url\" content=\"https:\/\/enderg.com\/es\/product\/campana-remasterizada-de-call-of-duty-modern-warfare-2\/\" \/>\n<meta property=\"og:site_name\" content=\"EnderG\" \/>\n<meta property=\"article:publisher\" content=\"https:\/\/www.facebook.com\/Endergg1\/\" \/>\n<meta property=\"article:modified_time\" content=\"2024-06-25T22:43:37+00:00\" \/>\n<meta property=\"og:image\" content=\"https:\/\/enderg.com\/wp-content\/uploads\/2022\/08\/raryqz0xAsk3HutslehRAW4A.jpg\" \/>\n\t<meta property=\"og:image:width\" content=\"1024\" \/>\n\t<meta property=\"og:image:height\" content=\"1024\" \/>\n\t<meta property=\"og:image:type\" content=\"image\/jpeg\" \/>\n<meta name=\"twitter:card\" content=\"summary_large_image\" \/>\n<meta name=\"twitter:label1\" content=\"Tiempo de lectura\" \/>\n\t<meta name=\"twitter:data1\" content=\"2 minutos\" \/>\n<script type=\"application\/ld+json\" class=\"yoast-schema-graph\">{\"@context\":\"https:\\\/\\\/schema.org\",\"@graph\":[{\"@type\":\"WebPage\",\"@id\":\"https:\\\/\\\/enderg.com\\\/product\\\/call-of-duty-modern-warfare-2-campaign-remastered\\\/\",\"url\":\"https:\\\/\\\/enderg.com\\\/product\\\/call-of-duty-modern-warfare-2-campaign-remastered\\\/\",\"name\":\"Call of Duty\u00ae: Modern Warfare\u00ae 2 Campaign Remastered - EnderG\",\"isPartOf\":{\"@id\":\"https:\\\/\\\/enderg.com\\\/#website\"},\"primaryImageOfPage\":{\"@id\":\"https:\\\/\\\/enderg.com\\\/product\\\/call-of-duty-modern-warfare-2-campaign-remastered\\\/#primaryimage\"},\"image\":{\"@id\":\"https:\\\/\\\/enderg.com\\\/product\\\/call-of-duty-modern-warfare-2-campaign-remastered\\\/#primaryimage\"},\"thumbnailUrl\":\"https:\\\/\\\/i0.wp.com\\\/enderg.com\\\/wp-content\\\/uploads\\\/2022\\\/08\\\/raryqz0xAsk3HutslehRAW4A.jpg?fit=1024%2C1024&ssl=1\",\"datePublished\":\"2022-08-08T18:02:04+00:00\",\"dateModified\":\"2024-06-25T22:43:37+00:00\",\"breadcrumb\":{\"@id\":\"https:\\\/\\\/enderg.com\\\/product\\\/call-of-duty-modern-warfare-2-campaign-remastered\\\/#breadcrumb\"},\"inLanguage\":\"es\",\"potentialAction\":[{\"@type\":\"ReadAction\",\"target\":[\"https:\\\/\\\/enderg.com\\\/product\\\/call-of-duty-modern-warfare-2-campaign-remastered\\\/\"]}]},{\"@type\":\"ImageObject\",\"inLanguage\":\"es\",\"@id\":\"https:\\\/\\\/enderg.com\\\/product\\\/call-of-duty-modern-warfare-2-campaign-remastered\\\/#primaryimage\",\"url\":\"https:\\\/\\\/i0.wp.com\\\/enderg.com\\\/wp-content\\\/uploads\\\/2022\\\/08\\\/raryqz0xAsk3HutslehRAW4A.jpg?fit=1024%2C1024&ssl=1\",\"contentUrl\":\"https:\\\/\\\/i0.wp.com\\\/enderg.com\\\/wp-content\\\/uploads\\\/2022\\\/08\\\/raryqz0xAsk3HutslehRAW4A.jpg?fit=1024%2C1024&ssl=1\",\"width\":1024,\"height\":1024},{\"@type\":\"BreadcrumbList\",\"@id\":\"https:\\\/\\\/enderg.com\\\/product\\\/call-of-duty-modern-warfare-2-campaign-remastered\\\/#breadcrumb\",\"itemListElement\":[{\"@type\":\"ListItem\",\"position\":1,\"name\":\"Home\",\"item\":\"https:\\\/\\\/enderg.com\\\/\"},{\"@type\":\"ListItem\",\"position\":2,\"name\":\"Shop\",\"item\":\"https:\\\/\\\/enderg.com\\\/shop\\\/\"},{\"@type\":\"ListItem\",\"position\":3,\"name\":\"Call of Duty\u00ae: Modern Warfare\u00ae 2 Campaign Remastered\"}]},{\"@type\":\"WebSite\",\"@id\":\"https:\\\/\\\/enderg.com\\\/#website\",\"url\":\"https:\\\/\\\/enderg.com\\\/\",\"name\":\"EnderG\",\"description\":\"Cheaper Is What We Do!\",\"publisher\":{\"@id\":\"https:\\\/\\\/enderg.com\\\/#organization\"},\"potentialAction\":[{\"@type\":\"SearchAction\",\"target\":{\"@type\":\"EntryPoint\",\"urlTemplate\":\"https:\\\/\\\/enderg.com\\\/?s={search_term_string}\"},\"query-input\":{\"@type\":\"PropertyValueSpecification\",\"valueRequired\":true,\"valueName\":\"search_term_string\"}}],\"inLanguage\":\"es\"},{\"@type\":\"Organization\",\"@id\":\"https:\\\/\\\/enderg.com\\\/#organization\",\"name\":\"EnderG\",\"url\":\"https:\\\/\\\/enderg.com\\\/\",\"logo\":{\"@type\":\"ImageObject\",\"inLanguage\":\"es\",\"@id\":\"https:\\\/\\\/enderg.com\\\/#\\\/schema\\\/logo\\\/image\\\/\",\"url\":\"https:\\\/\\\/enderg.com\\\/wp-content\\\/uploads\\\/2023\\\/03\\\/222222222221.png\",\"contentUrl\":\"https:\\\/\\\/enderg.com\\\/wp-content\\\/uploads\\\/2023\\\/03\\\/222222222221.png\",\"width\":512,\"height\":512,\"caption\":\"EnderG\"},\"image\":{\"@id\":\"https:\\\/\\\/enderg.com\\\/#\\\/schema\\\/logo\\\/image\\\/\"},\"sameAs\":[\"https:\\\/\\\/www.facebook.com\\\/Endergg1\\\/\",\"https:\\\/\\\/www.instagram.com\\\/enderg01\",\"https:\\\/\\\/www.youtube.com\\\/@enderg-com\"],\"description\":\"Cheaper Gaming is what we do!\",\"legalName\":\"Vandar Limited\",\"foundingDate\":\"2022-06-21\"}]}<\/script>\n<!-- \/ Yoast SEO Premium plugin. -->","yoast_head_json":{"title":"Campa\u00f1a remasterizada de Call of Duty\u00ae: Modern Warfare\u00ae 2 - EnderG","robots":{"index":"index","follow":"follow","max-snippet":"max-snippet:-1","max-image-preview":"max-image-preview:large","max-video-preview":"max-video-preview:-1"},"canonical":"https:\/\/enderg.com\/es\/product\/campana-remasterizada-de-call-of-duty-modern-warfare-2\/","og_locale":"es_ES","og_type":"article","og_title":"Call of Duty\u00ae: Modern Warfare\u00ae 2 Campaign Remastered","og_description":"INCLUDES the Underwater Demo Team Classic Ghost Bundle, available for use in Call of Duty\u00ae: Modern Warfare\u00ae, including Warzone*. Gear up with one of the most iconic Ghost looks with this Ghost Operator bundle. Bring the intense look and feel of UDT Ghost from the heart-pounding Call of Duty\u00ae: Modern Warfare\u00ae 2 campaign mission &#8216;The [&hellip;]","og_url":"https:\/\/enderg.com\/es\/product\/campana-remasterizada-de-call-of-duty-modern-warfare-2\/","og_site_name":"EnderG","article_publisher":"https:\/\/www.facebook.com\/Endergg1\/","article_modified_time":"2024-06-25T22:43:37+00:00","og_image":[{"width":1024,"height":1024,"url":"https:\/\/enderg.com\/wp-content\/uploads\/2022\/08\/raryqz0xAsk3HutslehRAW4A.jpg","type":"image\/jpeg"}],"twitter_card":"summary_large_image","twitter_misc":{"Tiempo de lectura":"2 minutos"},"schema":{"@context":"https:\/\/schema.org","@graph":[{"@type":"WebPage","@id":"https:\/\/enderg.com\/product\/call-of-duty-modern-warfare-2-campaign-remastered\/","url":"https:\/\/enderg.com\/product\/call-of-duty-modern-warfare-2-campaign-remastered\/","name":"Campa\u00f1a remasterizada de Call of Duty\u00ae: Modern Warfare\u00ae 2 - EnderG","isPartOf":{"@id":"https:\/\/enderg.com\/#website"},"primaryImageOfPage":{"@id":"https:\/\/enderg.com\/product\/call-of-duty-modern-warfare-2-campaign-remastered\/#primaryimage"},"image":{"@id":"https:\/\/enderg.com\/product\/call-of-duty-modern-warfare-2-campaign-remastered\/#primaryimage"},"thumbnailUrl":"https:\/\/i0.wp.com\/enderg.com\/wp-content\/uploads\/2022\/08\/raryqz0xAsk3HutslehRAW4A.jpg?fit=1024%2C1024&ssl=1","datePublished":"2022-08-08T18:02:04+00:00","dateModified":"2024-06-25T22:43:37+00:00","breadcrumb":{"@id":"https:\/\/enderg.com\/product\/call-of-duty-modern-warfare-2-campaign-remastered\/#breadcrumb"},"inLanguage":"es","potentialAction":[{"@type":"ReadAction","target":["https:\/\/enderg.com\/product\/call-of-duty-modern-warfare-2-campaign-remastered\/"]}]},{"@type":"ImageObject","inLanguage":"es","@id":"https:\/\/enderg.com\/product\/call-of-duty-modern-warfare-2-campaign-remastered\/#primaryimage","url":"https:\/\/i0.wp.com\/enderg.com\/wp-content\/uploads\/2022\/08\/raryqz0xAsk3HutslehRAW4A.jpg?fit=1024%2C1024&ssl=1","contentUrl":"https:\/\/i0.wp.com\/enderg.com\/wp-content\/uploads\/2022\/08\/raryqz0xAsk3HutslehRAW4A.jpg?fit=1024%2C1024&ssl=1","width":1024,"height":1024},{"@type":"BreadcrumbList","@id":"https:\/\/enderg.com\/product\/call-of-duty-modern-warfare-2-campaign-remastered\/#breadcrumb","itemListElement":[{"@type":"ListItem","position":1,"name":"Home","item":"https:\/\/enderg.com\/"},{"@type":"ListItem","position":2,"name":"Shop","item":"https:\/\/enderg.com\/shop\/"},{"@type":"ListItem","position":3,"name":"Call of Duty\u00ae: Modern Warfare\u00ae 2 Campaign Remastered"}]},{"@type":"WebSite","@id":"https:\/\/enderg.com\/#website","url":"https:\/\/enderg.com\/","name":"EnderG","description":"\u00a1M\u00e1s barato es lo que hacemos!","publisher":{"@id":"https:\/\/enderg.com\/#organization"},"potentialAction":[{"@type":"SearchAction","target":{"@type":"EntryPoint","urlTemplate":"https:\/\/enderg.com\/?s={search_term_string}"},"query-input":{"@type":"PropertyValueSpecification","valueRequired":true,"valueName":"search_term_string"}}],"inLanguage":"es"},{"@type":"Organization","@id":"https:\/\/enderg.com\/#organization","name":"EnderG","url":"https:\/\/enderg.com\/","logo":{"@type":"ImageObject","inLanguage":"es","@id":"https:\/\/enderg.com\/#\/schema\/logo\/image\/","url":"https:\/\/enderg.com\/wp-content\/uploads\/2023\/03\/222222222221.png","contentUrl":"https:\/\/enderg.com\/wp-content\/uploads\/2023\/03\/222222222221.png","width":512,"height":512,"caption":"EnderG"},"image":{"@id":"https:\/\/enderg.com\/#\/schema\/logo\/image\/"},"sameAs":["https:\/\/www.facebook.com\/Endergg1\/","https:\/\/www.instagram.com\/enderg01","https:\/\/www.youtube.com\/@enderg-com"],"description":"\u00a1Juegos m\u00e1s baratos es lo que hacemos!","legalName":"Vandar Limited","foundingDate":"2022-06-21"}]}},"jetpack_publicize_connections":[],"jetpack_likes_enabled":true,"jetpack_sharing_enabled":true,"jetpack-related-posts":[],"_links":{"self":[{"href":"https:\/\/enderg.com\/es\/wp-json\/wp\/v2\/product\/1909","targetHints":{"allow":["GET"]}}],"collection":[{"href":"https:\/\/enderg.com\/es\/wp-json\/wp\/v2\/product"}],"about":[{"href":"https:\/\/enderg.com\/es\/wp-json\/wp\/v2\/types\/product"}],"replies":[{"embeddable":true,"href":"https:\/\/enderg.com\/es\/wp-json\/wp\/v2\/comments?post=1909"}],"version-history":[{"count":1,"href":"https:\/\/enderg.com\/es\/wp-json\/wp\/v2\/product\/1909\/revisions"}],"predecessor-version":[{"id":3188,"href":"https:\/\/enderg.com\/es\/wp-json\/wp\/v2\/product\/1909\/revisions\/3188"}],"wp:featuredmedia":[{"embeddable":true,"href":"https:\/\/enderg.com\/es\/wp-json\/wp\/v2\/media\/2231"}],"wp:attachment":[{"href":"https:\/\/enderg.com\/es\/wp-json\/wp\/v2\/media?parent=1909"}],"wp:term":[{"taxonomy":"product_brand","embeddable":true,"href":"https:\/\/enderg.com\/es\/wp-json\/wp\/v2\/product_brand?post=1909"},{"taxonomy":"product_cat","embeddable":true,"href":"https:\/\/enderg.com\/es\/wp-json\/wp\/v2\/product_cat?post=1909"},{"taxonomy":"product_tag","embeddable":true,"href":"https:\/\/enderg.com\/es\/wp-json\/wp\/v2\/product_tag?post=1909"}],"curies":[{"name":"wp","href":"https:\/\/api.w.org\/{rel}","templated":true}]}}